{"id":13861,"date":"2022-09-27T21:23:16","date_gmt":"2022-09-27T21:23:16","guid":{"rendered":"https:\/\/boutique-one-piece.com\/uncategorized\/figurine-one-piece-roronoa-zoro-wano-kuni\/"},"modified":"2024-09-16T13:25:21","modified_gmt":"2024-09-16T13:25:21","slug":"jednoczesciowa-figurka-roronoa-zoro-wano-kuni","status":"publish","type":"product","link":"https:\/\/boutique-one-piece.com\/pl\/smakolyki-z-one-piece\/roronoa-zoro-jednoczesciowe-gadzety\/jednoczesciowa-figurka-roronoa-zoro-wano-kuni\/","title":{"rendered":"Jednocz\u0119\u015bciowa figurka Roronoa Zoro Wano Kuni"},"content":{"rendered":"<h2>M\u0142ody piracie, nadszed\u0142 czas, aby\u015b zdoby\u0142 figurk\u0119 One Piece Roronoa Zoro Wano Kuni.<\/h2>\n<p>Na przypomnienie, <strong>Kraina Wa<\/strong> (Wano Kuni), dawniej znana r\u00f3wnie\u017c jako \u00abKraina Z\u0142ota\u00bb, to kraj zamieszkany g\u0142\u00f3wnie przez samuraj\u00f3w i ninja, niezwi\u0105zany z Rz\u0105dem \u015awiatowym. Kraj ten jest niezwykle bogaty w zasoby, niegdy\u015b nazywany <strong>Z\u0142oty Kraj<\/strong>, By\u0142 stale po\u017c\u0105dany przez osoby z zewn\u0105trz, takie jak piraci i obce pa\u0144stwa.<\/p>\n<p>Co si\u0119 tyczy <strong>Roronoa Zoro<\/strong>, To mistrz szermierki, kt\u00f3ry pos\u0142uguje si\u0119 kilkoma stylami walki, a najbardziej charakterystycznym z nich jest liczba mieczy, kt\u00f3rymi w\u0142ada. Jego umiej\u0119tno\u015bci bojowe s\u0105 tak imponuj\u0105ce, \u017ce czasami sprawia wra\u017cenie, \u017ce osoby spoza za\u0142ogi S\u0142omkowego Kapelusza s\u0105 prawdziwymi Kapitanami. A tak przy okazji, je\u015bli chcesz poszerzy\u0107 swoj\u0105 kolekcj\u0119 figurek, <a title=\"ONE PIECE LUFFY SAMURAI Sword WALKA FIGURA WANO KUNI\" href=\"https:\/\/boutique-one-piece.com\/pl\/jednoczesciowa-figurka-luffy-samurai-fight-al-pee-wano-kuni\/\" target=\"_blank\" rel=\"noopener\">Figurka Luffy&#039;ego jako samuraja Wano Kuni<\/a> jest w Twoim zasi\u0119gu.<\/p>\n<h3>Czy figurka Roronoa Zoro Wano Kuni Ci\u0119 urzek\u0142a? Je\u015bli tak, do\u0142\u0105cz do niego w Krainie Wano \u2013 czeka na Ciebie mn\u00f3stwo przyg\u00f3d.<\/h3>\n<p>Niezale\u017cnie od tego, czy jeste\u015b fanem od zawsze, czy te\u017c oddanym kolekcjonerem, b\u0105d\u017a dumny, \u017ce jeste\u015b cz\u0119\u015bci\u0105 <strong>przygoda One Piece<\/strong>. Nie czekaj d\u0142u\u017cej i zdob\u0105d\u017a te legendarne przedmioty, kt\u00f3re przenios\u0105 Ci\u0119 z powrotem do \u015bwiata mangi sh\u014dnen. We\u017a sw\u00f3j los we w\u0142asne r\u0119ce!,<strong> m\u0142ody pirat<\/strong> i prze\u017cy\u0142 wiele przyg\u00f3d na pok\u0142adzie Thousand Sunny.<\/p>\n<h2>Informacje na temat figurki Roronoa Zoro Wano Kuni\u00a0<\/h2>\n<ul data-mce-fragment=\"1\">\n<li data-mce-fragment=\"1\"><span data-mce-fragment=\"1\"><b data-mce-fragment=\"1\"><u data-mce-fragment=\"1\">Figurka One Piece<\/u><\/b>\u00a0Figurka Premium One Piece dla prawdziwych pirat\u00f3w<\/span><\/li>\n<\/ul>\n<ul data-mce-fragment=\"1\">\n<li data-mce-fragment=\"1\">\n<b data-mce-fragment=\"1\">Materia\u0142<\/b><span data-mce-fragment=\"1\">\u00a0<\/span>PCV<\/li>\n<\/ul>\n<ul data-mce-fragment=\"1\">\n<li data-mce-fragment=\"1\"><span data-mce-fragment=\"1\"><strong data-mce-fragment=\"1\">Wymiar<\/strong>\u00a0: 36 cm<\/span><\/li>\n<\/ul>\n<ul data-mce-fragment=\"1\">\n<li data-mce-fragment=\"1\"><span data-mce-fragment=\"1\"><strong data-mce-fragment=\"1\">DARMOWA DOSTAWA<\/strong><\/span><\/li>\n<\/ul>","protected":false},"excerpt":{"rendered":"<p>M\u0142ody piracie, nadszed\u0142 czas, aby\u015b zdoby\u0142 figurk\u0119 One Piece Roronoa Zoro Wano Country. Przypominamy, \u017ce Kraina Wano (Wano Country), dawniej znana jako \u00abKraina Z\u0142ota\u00bb, to kraj zamieszkany g\u0142\u00f3wnie przez samuraj\u00f3w i ninja, niezwi\u0105zany z Rz\u0105dem \u015awiatowym. Kraj ten jest niezwykle bogaty w zasoby, [\u2026]<\/p>","protected":false},"featured_media":13863,"comment_status":"open","ping_status":"open","template":"","meta":[],"product_brand":[],"product_cat":[76,215,162,151],"product_tag":[217,113],"class_list":{"0":"post-13861","1":"product","2":"type-product","3":"status-publish","4":"has-post-thumbnail","6":"product_cat-figurines-one-piece","7":"product_cat-figurines-one-piece-wano-kuni","8":"product_cat-figurines-roronoa-zoro","9":"product_cat-goodies-roronoa-zoro-one-piece","10":"product_tag-wano-kuni","11":"product_tag-zoro","13":"first","14":"instock","15":"purchasable","16":"product-type-simple"},"yoast_head":"<!-- This site is optimized with the Yoast SEO plugin v27.5 - https:\/\/yoast.com\/product\/yoast-seo-wordpress\/ -->\n<title>Figurine One Piece Roronoa Zoro Wano Kuni | Figurine One Piece \u2013 Boutique One Piece<\/title>\n<meta name=\"description\" content=\"Jeune pirate, le moment est venu pour toi de te procurer cette Figurine One Piece Roronoa Zoro Wano Kuni. Pour rappel, Le Pays des Wa (Wano Kuni) aussi appel\u00e9 anciennement &quot;Pays de l&#039;Or&quot; est un pays peupl\u00e9 essentiellement de samoura\u00efs et de ninjas, non affili\u00e9 au Gouvernement Mondial. Ce pays est extr\u00eamement riche en r\" \/>\n<meta name=\"robots\" content=\"index, follow, max-snippet:-1, max-image-preview:large, max-video-preview:-1\" \/>\n<link rel=\"canonical\" href=\"https:\/\/boutique-one-piece.com\/pl\/figurki-one-piece\/figurki-one-piece-wano-kuni\/jednoczesciowa-figurka-roronoa-zoro-wano-kuni\/\" \/>\n<meta property=\"og:locale\" content=\"pl_PL\" \/>\n<meta property=\"og:type\" content=\"article\" \/>\n<meta property=\"og:title\" content=\"Figurine One Piece Roronoa Zoro Wano Kuni | Figurine One Piece \u2013 Boutique One Piece\" \/>\n<meta property=\"og:description\" content=\"Jeune pirate, le moment est venu pour toi de te procurer cette Figurine One Piece Roronoa Zoro Wano Kuni. Pour rappel, Le Pays des Wa (Wano Kuni) aussi appel\u00e9 anciennement &quot;Pays de l&#039;Or&quot; est un pays peupl\u00e9 essentiellement de samoura\u00efs et de ninjas, non affili\u00e9 au Gouvernement Mondial. Ce pays est extr\u00eamement riche en r\" \/>\n<meta property=\"og:url\" content=\"https:\/\/boutique-one-piece.com\/pl\/figurki-one-piece\/figurki-one-piece-wano-kuni\/jednoczesciowa-figurka-roronoa-zoro-wano-kuni\/\" \/>\n<meta property=\"og:site_name\" content=\"Boutique One Piece\" \/>\n<meta property=\"article:modified_time\" content=\"2024-09-16T13:25:21+00:00\" \/>\n<meta property=\"og:image\" content=\"https:\/\/boutique-one-piece.com\/wp-content\/uploads\/2022\/09\/Figurine-One-Piece-Roronoa-Zoro-Wano-Kuni-1.jpg\" \/>\n\t<meta property=\"og:image:width\" content=\"800\" \/>\n\t<meta property=\"og:image:height\" content=\"800\" \/>\n\t<meta property=\"og:image:type\" content=\"image\/jpeg\" \/>\n<meta name=\"twitter:card\" content=\"summary_large_image\" \/>\n<meta name=\"twitter:label1\" content=\"Szacowany czas czytania\" \/>\n\t<meta name=\"twitter:data1\" content=\"1 minuta\" \/>\n<script type=\"application\/ld+json\" class=\"yoast-schema-graph\">{\"@context\":\"https:\\\/\\\/schema.org\",\"@graph\":[{\"@type\":\"WebPage\",\"@id\":\"https:\\\/\\\/boutique-one-piece.com\\\/figurines-one-piece\\\/figurines-one-piece-wano-kuni\\\/figurine-one-piece-roronoa-zoro-wano-kuni\\\/\",\"url\":\"https:\\\/\\\/boutique-one-piece.com\\\/figurines-one-piece\\\/figurines-one-piece-wano-kuni\\\/figurine-one-piece-roronoa-zoro-wano-kuni\\\/\",\"name\":\"Figurine One Piece Roronoa Zoro Wano Kuni | Figurine One Piece \u2013 Boutique One Piece\",\"isPartOf\":{\"@id\":\"https:\\\/\\\/boutique-one-piece.com\\\/#website\"},\"primaryImageOfPage\":{\"@id\":\"https:\\\/\\\/boutique-one-piece.com\\\/figurines-one-piece\\\/figurines-one-piece-wano-kuni\\\/figurine-one-piece-roronoa-zoro-wano-kuni\\\/#primaryimage\"},\"image\":{\"@id\":\"https:\\\/\\\/boutique-one-piece.com\\\/figurines-one-piece\\\/figurines-one-piece-wano-kuni\\\/figurine-one-piece-roronoa-zoro-wano-kuni\\\/#primaryimage\"},\"thumbnailUrl\":\"https:\\\/\\\/boutique-one-piece.com\\\/wp-content\\\/uploads\\\/2022\\\/09\\\/Figurine-One-Piece-Roronoa-Zoro-Wano-Kuni-1.jpg\",\"datePublished\":\"2022-09-27T21:23:16+00:00\",\"dateModified\":\"2024-09-16T13:25:21+00:00\",\"description\":\"Jeune pirate, le moment est venu pour toi de te procurer cette Figurine One Piece Roronoa Zoro Wano Kuni. Pour rappel, Le Pays des Wa (Wano Kuni) aussi appel\u00e9 anciennement \\\"Pays de l'Or\\\" est un pays peupl\u00e9 essentiellement de samoura\u00efs et de ninjas, non affili\u00e9 au Gouvernement Mondial. Ce pays est extr\u00eamement riche en r\",\"breadcrumb\":{\"@id\":\"https:\\\/\\\/boutique-one-piece.com\\\/figurines-one-piece\\\/figurines-one-piece-wano-kuni\\\/figurine-one-piece-roronoa-zoro-wano-kuni\\\/#breadcrumb\"},\"inLanguage\":\"pl-PL\",\"potentialAction\":[{\"@type\":\"ReadAction\",\"target\":[\"https:\\\/\\\/boutique-one-piece.com\\\/figurines-one-piece\\\/figurines-one-piece-wano-kuni\\\/figurine-one-piece-roronoa-zoro-wano-kuni\\\/\"]}]},{\"@type\":\"ImageObject\",\"inLanguage\":\"pl-PL\",\"@id\":\"https:\\\/\\\/boutique-one-piece.com\\\/figurines-one-piece\\\/figurines-one-piece-wano-kuni\\\/figurine-one-piece-roronoa-zoro-wano-kuni\\\/#primaryimage\",\"url\":\"https:\\\/\\\/boutique-one-piece.com\\\/wp-content\\\/uploads\\\/2022\\\/09\\\/Figurine-One-Piece-Roronoa-Zoro-Wano-Kuni-1.jpg\",\"contentUrl\":\"https:\\\/\\\/boutique-one-piece.com\\\/wp-content\\\/uploads\\\/2022\\\/09\\\/Figurine-One-Piece-Roronoa-Zoro-Wano-Kuni-1.jpg\",\"width\":800,\"height\":800},{\"@type\":\"BreadcrumbList\",\"@id\":\"https:\\\/\\\/boutique-one-piece.com\\\/figurines-one-piece\\\/figurines-one-piece-wano-kuni\\\/figurine-one-piece-roronoa-zoro-wano-kuni\\\/#breadcrumb\",\"itemListElement\":[{\"@type\":\"ListItem\",\"position\":1,\"name\":\"Home\",\"item\":\"https:\\\/\\\/boutique-one-piece.com\\\/\"},{\"@type\":\"ListItem\",\"position\":2,\"name\":\"Shop\",\"item\":\"https:\\\/\\\/boutique-one-piece.com\\\/shop\\\/\"},{\"@type\":\"ListItem\",\"position\":3,\"name\":\"Figurine One Piece Roronoa Zoro Wano Kuni\"}]},{\"@type\":\"WebSite\",\"@id\":\"https:\\\/\\\/boutique-one-piece.com\\\/#website\",\"url\":\"https:\\\/\\\/boutique-one-piece.com\\\/\",\"name\":\"Boutique One Piece\",\"description\":\"Magasin Sp\u00e9cialis\u00e9 du Manga et l&#039;Anime One Piece\",\"publisher\":{\"@id\":\"https:\\\/\\\/boutique-one-piece.com\\\/#organization\"},\"potentialAction\":[{\"@type\":\"SearchAction\",\"target\":{\"@type\":\"EntryPoint\",\"urlTemplate\":\"https:\\\/\\\/boutique-one-piece.com\\\/?s={search_term_string}\"},\"query-input\":{\"@type\":\"PropertyValueSpecification\",\"valueRequired\":true,\"valueName\":\"search_term_string\"}}],\"inLanguage\":\"pl-PL\"},{\"@type\":\"Organization\",\"@id\":\"https:\\\/\\\/boutique-one-piece.com\\\/#organization\",\"name\":\"Boutique One Piece\",\"url\":\"https:\\\/\\\/boutique-one-piece.com\\\/\",\"logo\":{\"@type\":\"ImageObject\",\"inLanguage\":\"pl-PL\",\"@id\":\"https:\\\/\\\/boutique-one-piece.com\\\/#\\\/schema\\\/logo\\\/image\\\/\",\"url\":\"https:\\\/\\\/boutique-one-piece.com\\\/wp-content\\\/uploads\\\/2022\\\/09\\\/Logo-01.png\",\"contentUrl\":\"https:\\\/\\\/boutique-one-piece.com\\\/wp-content\\\/uploads\\\/2022\\\/09\\\/Logo-01.png\",\"width\":2318,\"height\":957,\"caption\":\"Boutique One Piece\"},\"image\":{\"@id\":\"https:\\\/\\\/boutique-one-piece.com\\\/#\\\/schema\\\/logo\\\/image\\\/\"}}]}<\/script>\n<!-- \/ Yoast SEO plugin. -->","yoast_head_json":{"title":"Figurka Roronoa Zoro Wano Kuni z One Piece | Figurka One Piece \u2013 Sklep One Piece","description":"M\u0142ody piracie, nadszed\u0142 czas, aby\u015b zdoby\u0142 figurk\u0119 One Piece Roronoa Zoro Wano Country. Przypominamy, \u017ce Kraina Wano (Wano Country), dawniej znana jako \"Kraina Z\u0142ota\", to kraj zamieszkany g\u0142\u00f3wnie przez samuraj\u00f3w i ninja, niezwi\u0105zany z Rz\u0105dem \u015awiatowym. Kraj ten jest niezwykle bogaty w zasoby.","robots":{"index":"index","follow":"follow","max-snippet":"max-snippet:-1","max-image-preview":"max-image-preview:large","max-video-preview":"max-video-preview:-1"},"canonical":"https:\/\/boutique-one-piece.com\/pl\/figurki-one-piece\/figurki-one-piece-wano-kuni\/jednoczesciowa-figurka-roronoa-zoro-wano-kuni\/","og_locale":"pl_PL","og_type":"article","og_title":"Figurine One Piece Roronoa Zoro Wano Kuni | Figurine One Piece \u2013 Boutique One Piece","og_description":"Jeune pirate, le moment est venu pour toi de te procurer cette Figurine One Piece Roronoa Zoro Wano Kuni. Pour rappel, Le Pays des Wa (Wano Kuni) aussi appel\u00e9 anciennement \"Pays de l'Or\" est un pays peupl\u00e9 essentiellement de samoura\u00efs et de ninjas, non affili\u00e9 au Gouvernement Mondial. Ce pays est extr\u00eamement riche en r","og_url":"https:\/\/boutique-one-piece.com\/pl\/figurki-one-piece\/figurki-one-piece-wano-kuni\/jednoczesciowa-figurka-roronoa-zoro-wano-kuni\/","og_site_name":"Boutique One Piece","article_modified_time":"2024-09-16T13:25:21+00:00","og_image":[{"width":800,"height":800,"url":"https:\/\/boutique-one-piece.com\/wp-content\/uploads\/2022\/09\/Figurine-One-Piece-Roronoa-Zoro-Wano-Kuni-1.jpg","type":"image\/jpeg"}],"twitter_card":"summary_large_image","twitter_misc":{"Szacowany czas czytania":"1 minuta"},"schema":{"@context":"https:\/\/schema.org","@graph":[{"@type":"WebPage","@id":"https:\/\/boutique-one-piece.com\/figurines-one-piece\/figurines-one-piece-wano-kuni\/figurine-one-piece-roronoa-zoro-wano-kuni\/","url":"https:\/\/boutique-one-piece.com\/figurines-one-piece\/figurines-one-piece-wano-kuni\/figurine-one-piece-roronoa-zoro-wano-kuni\/","name":"Figurka Roronoa Zoro Wano Kuni z One Piece | Figurka One Piece \u2013 Sklep One Piece","isPartOf":{"@id":"https:\/\/boutique-one-piece.com\/#website"},"primaryImageOfPage":{"@id":"https:\/\/boutique-one-piece.com\/figurines-one-piece\/figurines-one-piece-wano-kuni\/figurine-one-piece-roronoa-zoro-wano-kuni\/#primaryimage"},"image":{"@id":"https:\/\/boutique-one-piece.com\/figurines-one-piece\/figurines-one-piece-wano-kuni\/figurine-one-piece-roronoa-zoro-wano-kuni\/#primaryimage"},"thumbnailUrl":"https:\/\/boutique-one-piece.com\/wp-content\/uploads\/2022\/09\/Figurine-One-Piece-Roronoa-Zoro-Wano-Kuni-1.jpg","datePublished":"2022-09-27T21:23:16+00:00","dateModified":"2024-09-16T13:25:21+00:00","description":"M\u0142ody piracie, nadszed\u0142 czas, aby\u015b zdoby\u0142 figurk\u0119 One Piece Roronoa Zoro Wano Country. Przypominamy, \u017ce Kraina Wano (Wano Country), dawniej znana jako \"Kraina Z\u0142ota\", to kraj zamieszkany g\u0142\u00f3wnie przez samuraj\u00f3w i ninja, niezwi\u0105zany z Rz\u0105dem \u015awiatowym. Kraj ten jest niezwykle bogaty w zasoby.","breadcrumb":{"@id":"https:\/\/boutique-one-piece.com\/figurines-one-piece\/figurines-one-piece-wano-kuni\/figurine-one-piece-roronoa-zoro-wano-kuni\/#breadcrumb"},"inLanguage":"pl-PL","potentialAction":[{"@type":"ReadAction","target":["https:\/\/boutique-one-piece.com\/figurines-one-piece\/figurines-one-piece-wano-kuni\/figurine-one-piece-roronoa-zoro-wano-kuni\/"]}]},{"@type":"ImageObject","inLanguage":"pl-PL","@id":"https:\/\/boutique-one-piece.com\/figurines-one-piece\/figurines-one-piece-wano-kuni\/figurine-one-piece-roronoa-zoro-wano-kuni\/#primaryimage","url":"https:\/\/boutique-one-piece.com\/wp-content\/uploads\/2022\/09\/Figurine-One-Piece-Roronoa-Zoro-Wano-Kuni-1.jpg","contentUrl":"https:\/\/boutique-one-piece.com\/wp-content\/uploads\/2022\/09\/Figurine-One-Piece-Roronoa-Zoro-Wano-Kuni-1.jpg","width":800,"height":800},{"@type":"BreadcrumbList","@id":"https:\/\/boutique-one-piece.com\/figurines-one-piece\/figurines-one-piece-wano-kuni\/figurine-one-piece-roronoa-zoro-wano-kuni\/#breadcrumb","itemListElement":[{"@type":"ListItem","position":1,"name":"Home","item":"https:\/\/boutique-one-piece.com\/"},{"@type":"ListItem","position":2,"name":"Shop","item":"https:\/\/boutique-one-piece.com\/shop\/"},{"@type":"ListItem","position":3,"name":"Figurine One Piece Roronoa Zoro Wano Kuni"}]},{"@type":"WebSite","@id":"https:\/\/boutique-one-piece.com\/#website","url":"https:\/\/boutique-one-piece.com\/","name":"One Piece Shop","description":"Sklep specjalistyczny z mang\u0105 i anime One Piece","publisher":{"@id":"https:\/\/boutique-one-piece.com\/#organization"},"potentialAction":[{"@type":"SearchAction","target":{"@type":"EntryPoint","urlTemplate":"https:\/\/boutique-one-piece.com\/?s={search_term_string}"},"query-input":{"@type":"PropertyValueSpecification","valueRequired":true,"valueName":"search_term_string"}}],"inLanguage":"pl-PL"},{"@type":"Organization","@id":"https:\/\/boutique-one-piece.com\/#organization","name":"One Piece Shop","url":"https:\/\/boutique-one-piece.com\/","logo":{"@type":"ImageObject","inLanguage":"pl-PL","@id":"https:\/\/boutique-one-piece.com\/#\/schema\/logo\/image\/","url":"https:\/\/boutique-one-piece.com\/wp-content\/uploads\/2022\/09\/Logo-01.png","contentUrl":"https:\/\/boutique-one-piece.com\/wp-content\/uploads\/2022\/09\/Logo-01.png","width":2318,"height":957,"caption":"Boutique One Piece"},"image":{"@id":"https:\/\/boutique-one-piece.com\/#\/schema\/logo\/image\/"}}]}},"_links":{"self":[{"href":"https:\/\/boutique-one-piece.com\/pl\/wp-json\/wp\/v2\/product\/13861","targetHints":{"allow":["GET"]}}],"collection":[{"href":"https:\/\/boutique-one-piece.com\/pl\/wp-json\/wp\/v2\/product"}],"about":[{"href":"https:\/\/boutique-one-piece.com\/pl\/wp-json\/wp\/v2\/types\/product"}],"replies":[{"embeddable":true,"href":"https:\/\/boutique-one-piece.com\/pl\/wp-json\/wp\/v2\/comments?post=13861"}],"wp:featuredmedia":[{"embeddable":true,"href":"https:\/\/boutique-one-piece.com\/pl\/wp-json\/wp\/v2\/media\/13863"}],"wp:attachment":[{"href":"https:\/\/boutique-one-piece.com\/pl\/wp-json\/wp\/v2\/media?parent=13861"}],"wp:term":[{"taxonomy":"product_brand","embeddable":true,"href":"https:\/\/boutique-one-piece.com\/pl\/wp-json\/wp\/v2\/product_brand?post=13861"},{"taxonomy":"product_cat","embeddable":true,"href":"https:\/\/boutique-one-piece.com\/pl\/wp-json\/wp\/v2\/product_cat?post=13861"},{"taxonomy":"product_tag","embeddable":true,"href":"https:\/\/boutique-one-piece.com\/pl\/wp-json\/wp\/v2\/product_tag?post=13861"}],"curies":[{"name":"wp","href":"https:\/\/api.w.org\/{rel}","templated":true}]}}