{"id":13978,"date":"2022-09-27T21:24:01","date_gmt":"2022-09-27T21:24:01","guid":{"rendered":"https:\/\/boutique-one-piece.com\/uncategorized\/figurine-one-piece-frere-de-sanji\/"},"modified":"2024-09-16T13:27:56","modified_gmt":"2024-09-16T13:27:56","slug":"jednoczesciowa-figurka-brata-sanji","status":"publish","type":"product","link":"https:\/\/boutique-one-piece.com\/pl\/figurki-one-piece\/jednoczesciowa-figurka-brata-sanji\/","title":{"rendered":"Jednocz\u0119\u015bciowa figurka Ichiji"},"content":{"rendered":"<h2>M\u0142ody piracie, nadszed\u0142 czas, aby\u015b zdoby\u0142 figurk\u0119 One Piece Ichiji.<\/h2>\n<p><strong>Vinsmoke Ichiji<\/strong> Znany r\u00f3wnie\u017c jako Sparking Red, co oznacza \u00abIskrz\u0105cy Czerwony\u00bb, jest dow\u00f3dc\u0105 Germy 66 i najstarszym synem rodziny Vinsmoke, co czyni go ksi\u0119ciem. Jest cz\u0142owiekiem zmodyfikowanym genetycznie przez ojca.<\/p>\n<p>Kr\u00f3tkie dygresje na temat <strong>Niemcy 66<\/strong>, Germa 66, wymawiane jako Germa Podw\u00f3jna Sz\u00f3stka, to organizacja paramilitarna znana r\u00f3wnie\u017c jako Bellicists. Dowodzi ni\u0105 Vinsmoke Judge. Ze wzgl\u0119du na swoje dzia\u0142ania, Germa 66 jest drugorz\u0119dn\u0105 grup\u0105 antagonist\u00f3w w w\u0105tku Whole Cake Island. Organizacja ta w przesz\u0142o\u015bci podbi\u0142a North Blue. Na koniec warto wspomnie\u0107, \u017ce pomimo okrucie\u0144stwa i apatii, Ichiji potrafi okazywa\u0107 wdzi\u0119czno\u015b\u0107.<\/p>\n<p>Kiedy Oven pr\u00f3bowa\u0142 zabi\u0107 Sanjiego i Luffy&#039;ego, Ichiji uratowa\u0142 ich, atakuj\u0105c Ovena, w ramach odwdzi\u0119czenia si\u0119 za uratowanie go na Herbacie Big Mom. Co wi\u0119cej, <a title=\"FIGURKA WIELKIEJ MAMY NA TRONIE Z ONE PIECE\" href=\"https:\/\/boutique-one-piece.com\/pl\/figurki-one-piece\/produkty\/jednoczesciowa-figurka-duzej-mamy-na-tronie-26-cm\/\" target=\"_blank\" rel=\"noopener\">Figurka Big Mom na tronie<\/a> jest w Twoim zasi\u0119gu.<\/p>\n<h3>Czy jeste\u015b zafascynowany postaci\u0105 Vinsmoke Ichijiego? Je\u015bli tak, do\u0142\u0105cz do jego organizacji paramilitarnej.<\/h3>\n<p>One Piece to <strong>najlepiej sprzedaj\u0105ca si\u0119 manga<\/strong> do \u015bwiata. B\u0105d\u017a dumny, \u017ce jeste\u015b cz\u0119\u015bci\u0105 tej bazy fan\u00f3w i nadal okazuj swoj\u0105 pasj\u0119 do tego wszech\u015bwiata. Te legendarne przedmioty przenios\u0105 Ci\u0119 z powrotem do <strong>Wszech\u015bwiat Luffy&#039;ego<\/strong> i jego poszukiwania One Piece. Teraz tw\u00f3j los jest w twoich r\u0119kach. Nie czekaj wi\u0119c d\u0142u\u017cej i skorzystaj z okazji, by prze\u017cy\u0107 wiele przyg\u00f3d w tym wszech\u015bwiecie, gdzie piractwo nigdy si\u0119 nie ko\u0144czy.<\/p>\n<h2>Informacje o figurkach Ichili\u00a0<\/h2>\n<ul>\n<li><span><b><u>Figurka One Piece<\/u><\/b>\u00a0Figurka Premium One Piece dla prawdziwych pirat\u00f3w<\/span><\/li>\n<\/ul>\n<ul>\n<li>\n<b>Materia\u0142<\/b><span>\u00a0<\/span>PCV<\/li>\n<\/ul>\n<ul>\n<li><span><strong>Wymiar<\/strong>\u00a0: 11 cm<\/span><\/li>\n<\/ul>\n<ul>\n<li><span><strong>DARMOWA DOSTAWA<\/strong><\/span><\/li>\n<\/ul>","protected":false},"excerpt":{"rendered":"<p>Jeune pirate, le moment est venu pour toi de te procurer cette Figurine One Piece Ichiji. Vinsmoke Ichiji alias Sparking Red, signifiant le \u00ab\u00a0Rouge \u00c9tincelant\u00a0\u00bb, est un Commandant du Germa 66 et le fils a\u00een\u00e9 de la Famille Vinsmoke, faisant de lui un prince. C&rsquo;est un humain g\u00e9n\u00e9tiquement modifi\u00e9 par son p\u00e8re. Petite parenth\u00e8se concernant [&hellip;]<\/p>","protected":false},"featured_media":13980,"comment_status":"open","ping_status":"open","template":"","meta":[],"product_brand":[],"product_cat":[76],"product_tag":[406],"class_list":{"0":"post-13978","1":"product","2":"type-product","3":"status-publish","4":"has-post-thumbnail","6":"product_cat-figurines-one-piece","7":"product_tag-ichiji","9":"first","10":"instock","11":"purchasable","12":"product-type-simple"},"yoast_head":"<!-- This site is optimized with the Yoast SEO plugin v27.5 - https:\/\/yoast.com\/product\/yoast-seo-wordpress\/ -->\n<title>Figurine One Piece Ichiji Vinsmoke | Boutique One Piece<\/title>\n<meta name=\"description\" content=\"Jeune pirate, le moment est venu pour toi de te procurer cette Figurine One Piece Ichiji. Vinsmoke Ichiji alias Sparking Red, signifiant le &quot;Rouge \u00c9tincelant&quot;, est un Commandant du Germa 66 et le fils a\u00een\u00e9 de la Famille Vinsmoke, faisant de lui un prince. C&#039;est un humain g\u00e9n\u00e9tiquement modifi\u00e9 par son p\u00e8re. Petite paren\" \/>\n<meta name=\"robots\" content=\"index, follow, max-snippet:-1, max-image-preview:large, max-video-preview:-1\" \/>\n<link rel=\"canonical\" href=\"https:\/\/boutique-one-piece.com\/pl\/figurki-one-piece\/jednoczesciowa-figurka-brata-sanji\/\" \/>\n<meta property=\"og:locale\" content=\"pl_PL\" \/>\n<meta property=\"og:type\" content=\"article\" \/>\n<meta property=\"og:title\" content=\"Figurine One Piece Ichiji Vinsmoke | Boutique One Piece\" \/>\n<meta property=\"og:description\" content=\"Jeune pirate, le moment est venu pour toi de te procurer cette Figurine One Piece Ichiji. Vinsmoke Ichiji alias Sparking Red, signifiant le &quot;Rouge \u00c9tincelant&quot;, est un Commandant du Germa 66 et le fils a\u00een\u00e9 de la Famille Vinsmoke, faisant de lui un prince. C&#039;est un humain g\u00e9n\u00e9tiquement modifi\u00e9 par son p\u00e8re. Petite paren\" \/>\n<meta property=\"og:url\" content=\"https:\/\/boutique-one-piece.com\/pl\/figurki-one-piece\/jednoczesciowa-figurka-brata-sanji\/\" \/>\n<meta property=\"og:site_name\" content=\"Boutique One Piece\" \/>\n<meta property=\"article:modified_time\" content=\"2024-09-16T13:27:56+00:00\" \/>\n<meta property=\"og:image\" content=\"https:\/\/boutique-one-piece.com\/wp-content\/uploads\/2022\/09\/Figurine-One-Piece-Ichiji.jpg\" \/>\n\t<meta property=\"og:image:width\" content=\"565\" \/>\n\t<meta property=\"og:image:height\" content=\"552\" \/>\n\t<meta property=\"og:image:type\" content=\"image\/jpeg\" \/>\n<meta name=\"twitter:card\" content=\"summary_large_image\" \/>\n<meta name=\"twitter:label1\" content=\"Szacowany czas czytania\" \/>\n\t<meta name=\"twitter:data1\" content=\"1 minuta\" \/>\n<script type=\"application\/ld+json\" class=\"yoast-schema-graph\">{\"@context\":\"https:\\\/\\\/schema.org\",\"@graph\":[{\"@type\":\"WebPage\",\"@id\":\"https:\\\/\\\/boutique-one-piece.com\\\/figurines-one-piece\\\/figurine-one-piece-frere-de-sanji\\\/\",\"url\":\"https:\\\/\\\/boutique-one-piece.com\\\/figurines-one-piece\\\/figurine-one-piece-frere-de-sanji\\\/\",\"name\":\"Figurine One Piece Ichiji Vinsmoke | Boutique One Piece\",\"isPartOf\":{\"@id\":\"https:\\\/\\\/boutique-one-piece.com\\\/#website\"},\"primaryImageOfPage\":{\"@id\":\"https:\\\/\\\/boutique-one-piece.com\\\/figurines-one-piece\\\/figurine-one-piece-frere-de-sanji\\\/#primaryimage\"},\"image\":{\"@id\":\"https:\\\/\\\/boutique-one-piece.com\\\/figurines-one-piece\\\/figurine-one-piece-frere-de-sanji\\\/#primaryimage\"},\"thumbnailUrl\":\"https:\\\/\\\/boutique-one-piece.com\\\/wp-content\\\/uploads\\\/2022\\\/09\\\/Figurine-One-Piece-Ichiji.jpg\",\"datePublished\":\"2022-09-27T21:24:01+00:00\",\"dateModified\":\"2024-09-16T13:27:56+00:00\",\"description\":\"Jeune pirate, le moment est venu pour toi de te procurer cette Figurine One Piece Ichiji. Vinsmoke Ichiji alias Sparking Red, signifiant le \\\"Rouge \u00c9tincelant\\\", est un Commandant du Germa 66 et le fils a\u00een\u00e9 de la Famille Vinsmoke, faisant de lui un prince. C'est un humain g\u00e9n\u00e9tiquement modifi\u00e9 par son p\u00e8re. Petite paren\",\"breadcrumb\":{\"@id\":\"https:\\\/\\\/boutique-one-piece.com\\\/figurines-one-piece\\\/figurine-one-piece-frere-de-sanji\\\/#breadcrumb\"},\"inLanguage\":\"pl-PL\",\"potentialAction\":[{\"@type\":\"ReadAction\",\"target\":[\"https:\\\/\\\/boutique-one-piece.com\\\/figurines-one-piece\\\/figurine-one-piece-frere-de-sanji\\\/\"]}]},{\"@type\":\"ImageObject\",\"inLanguage\":\"pl-PL\",\"@id\":\"https:\\\/\\\/boutique-one-piece.com\\\/figurines-one-piece\\\/figurine-one-piece-frere-de-sanji\\\/#primaryimage\",\"url\":\"https:\\\/\\\/boutique-one-piece.com\\\/wp-content\\\/uploads\\\/2022\\\/09\\\/Figurine-One-Piece-Ichiji.jpg\",\"contentUrl\":\"https:\\\/\\\/boutique-one-piece.com\\\/wp-content\\\/uploads\\\/2022\\\/09\\\/Figurine-One-Piece-Ichiji.jpg\",\"width\":565,\"height\":552,\"caption\":\"Figurine One Piece Ichiji Default Title\"},{\"@type\":\"BreadcrumbList\",\"@id\":\"https:\\\/\\\/boutique-one-piece.com\\\/figurines-one-piece\\\/figurine-one-piece-frere-de-sanji\\\/#breadcrumb\",\"itemListElement\":[{\"@type\":\"ListItem\",\"position\":1,\"name\":\"Home\",\"item\":\"https:\\\/\\\/boutique-one-piece.com\\\/\"},{\"@type\":\"ListItem\",\"position\":2,\"name\":\"Shop\",\"item\":\"https:\\\/\\\/boutique-one-piece.com\\\/shop\\\/\"},{\"@type\":\"ListItem\",\"position\":3,\"name\":\"Figurine One Piece Ichiji\"}]},{\"@type\":\"WebSite\",\"@id\":\"https:\\\/\\\/boutique-one-piece.com\\\/#website\",\"url\":\"https:\\\/\\\/boutique-one-piece.com\\\/\",\"name\":\"Boutique One Piece\",\"description\":\"Magasin Sp\u00e9cialis\u00e9 du Manga et l&#039;Anime One Piece\",\"publisher\":{\"@id\":\"https:\\\/\\\/boutique-one-piece.com\\\/#organization\"},\"potentialAction\":[{\"@type\":\"SearchAction\",\"target\":{\"@type\":\"EntryPoint\",\"urlTemplate\":\"https:\\\/\\\/boutique-one-piece.com\\\/?s={search_term_string}\"},\"query-input\":{\"@type\":\"PropertyValueSpecification\",\"valueRequired\":true,\"valueName\":\"search_term_string\"}}],\"inLanguage\":\"pl-PL\"},{\"@type\":\"Organization\",\"@id\":\"https:\\\/\\\/boutique-one-piece.com\\\/#organization\",\"name\":\"Boutique One Piece\",\"url\":\"https:\\\/\\\/boutique-one-piece.com\\\/\",\"logo\":{\"@type\":\"ImageObject\",\"inLanguage\":\"pl-PL\",\"@id\":\"https:\\\/\\\/boutique-one-piece.com\\\/#\\\/schema\\\/logo\\\/image\\\/\",\"url\":\"https:\\\/\\\/boutique-one-piece.com\\\/wp-content\\\/uploads\\\/2022\\\/09\\\/Logo-01.png\",\"contentUrl\":\"https:\\\/\\\/boutique-one-piece.com\\\/wp-content\\\/uploads\\\/2022\\\/09\\\/Logo-01.png\",\"width\":2318,\"height\":957,\"caption\":\"Boutique One Piece\"},\"image\":{\"@id\":\"https:\\\/\\\/boutique-one-piece.com\\\/#\\\/schema\\\/logo\\\/image\\\/\"}}]}<\/script>\n<!-- \/ Yoast SEO plugin. -->","yoast_head_json":{"title":"Figurka One Piece Ichiji Vinsmoke | Sklep One Piece","description":"M\u0142ody piracie, nadszed\u0142 czas, aby\u015b zdoby\u0142 figurk\u0119 One Piece Ichiji. Vinsmoke Ichiji, znany r\u00f3wnie\u017c jako Sparking Red, jest dow\u00f3dc\u0105 Germy 66 i najstarszym synem rodziny Vinsmoke, co czyni go ksi\u0119ciem. Jest genetycznie zmodyfikowanym cz\u0142owiekiem, stworzonym przez swojego ojca. (Ma\u0142a rodzina)","robots":{"index":"index","follow":"follow","max-snippet":"max-snippet:-1","max-image-preview":"max-image-preview:large","max-video-preview":"max-video-preview:-1"},"canonical":"https:\/\/boutique-one-piece.com\/pl\/figurki-one-piece\/jednoczesciowa-figurka-brata-sanji\/","og_locale":"pl_PL","og_type":"article","og_title":"Figurine One Piece Ichiji Vinsmoke | Boutique One Piece","og_description":"Jeune pirate, le moment est venu pour toi de te procurer cette Figurine One Piece Ichiji. Vinsmoke Ichiji alias Sparking Red, signifiant le \"Rouge \u00c9tincelant\", est un Commandant du Germa 66 et le fils a\u00een\u00e9 de la Famille Vinsmoke, faisant de lui un prince. C'est un humain g\u00e9n\u00e9tiquement modifi\u00e9 par son p\u00e8re. Petite paren","og_url":"https:\/\/boutique-one-piece.com\/pl\/figurki-one-piece\/jednoczesciowa-figurka-brata-sanji\/","og_site_name":"Boutique One Piece","article_modified_time":"2024-09-16T13:27:56+00:00","og_image":[{"width":565,"height":552,"url":"https:\/\/boutique-one-piece.com\/wp-content\/uploads\/2022\/09\/Figurine-One-Piece-Ichiji.jpg","type":"image\/jpeg"}],"twitter_card":"summary_large_image","twitter_misc":{"Szacowany czas czytania":"1 minuta"},"schema":{"@context":"https:\/\/schema.org","@graph":[{"@type":"WebPage","@id":"https:\/\/boutique-one-piece.com\/figurines-one-piece\/figurine-one-piece-frere-de-sanji\/","url":"https:\/\/boutique-one-piece.com\/figurines-one-piece\/figurine-one-piece-frere-de-sanji\/","name":"Figurka One Piece Ichiji Vinsmoke | Sklep One Piece","isPartOf":{"@id":"https:\/\/boutique-one-piece.com\/#website"},"primaryImageOfPage":{"@id":"https:\/\/boutique-one-piece.com\/figurines-one-piece\/figurine-one-piece-frere-de-sanji\/#primaryimage"},"image":{"@id":"https:\/\/boutique-one-piece.com\/figurines-one-piece\/figurine-one-piece-frere-de-sanji\/#primaryimage"},"thumbnailUrl":"https:\/\/boutique-one-piece.com\/wp-content\/uploads\/2022\/09\/Figurine-One-Piece-Ichiji.jpg","datePublished":"2022-09-27T21:24:01+00:00","dateModified":"2024-09-16T13:27:56+00:00","description":"M\u0142ody piracie, nadszed\u0142 czas, aby\u015b zdoby\u0142 figurk\u0119 One Piece Ichiji. Vinsmoke Ichiji, znany r\u00f3wnie\u017c jako Sparking Red, jest dow\u00f3dc\u0105 Germy 66 i najstarszym synem rodziny Vinsmoke, co czyni go ksi\u0119ciem. Jest genetycznie zmodyfikowanym cz\u0142owiekiem, stworzonym przez swojego ojca. (Ma\u0142a rodzina)","breadcrumb":{"@id":"https:\/\/boutique-one-piece.com\/figurines-one-piece\/figurine-one-piece-frere-de-sanji\/#breadcrumb"},"inLanguage":"pl-PL","potentialAction":[{"@type":"ReadAction","target":["https:\/\/boutique-one-piece.com\/figurines-one-piece\/figurine-one-piece-frere-de-sanji\/"]}]},{"@type":"ImageObject","inLanguage":"pl-PL","@id":"https:\/\/boutique-one-piece.com\/figurines-one-piece\/figurine-one-piece-frere-de-sanji\/#primaryimage","url":"https:\/\/boutique-one-piece.com\/wp-content\/uploads\/2022\/09\/Figurine-One-Piece-Ichiji.jpg","contentUrl":"https:\/\/boutique-one-piece.com\/wp-content\/uploads\/2022\/09\/Figurine-One-Piece-Ichiji.jpg","width":565,"height":552,"caption":"Figurine One Piece Ichiji Default Title"},{"@type":"BreadcrumbList","@id":"https:\/\/boutique-one-piece.com\/figurines-one-piece\/figurine-one-piece-frere-de-sanji\/#breadcrumb","itemListElement":[{"@type":"ListItem","position":1,"name":"Home","item":"https:\/\/boutique-one-piece.com\/"},{"@type":"ListItem","position":2,"name":"Shop","item":"https:\/\/boutique-one-piece.com\/shop\/"},{"@type":"ListItem","position":3,"name":"Figurine One Piece Ichiji"}]},{"@type":"WebSite","@id":"https:\/\/boutique-one-piece.com\/#website","url":"https:\/\/boutique-one-piece.com\/","name":"One Piece Shop","description":"Sklep specjalistyczny z mang\u0105 i anime One Piece","publisher":{"@id":"https:\/\/boutique-one-piece.com\/#organization"},"potentialAction":[{"@type":"SearchAction","target":{"@type":"EntryPoint","urlTemplate":"https:\/\/boutique-one-piece.com\/?s={search_term_string}"},"query-input":{"@type":"PropertyValueSpecification","valueRequired":true,"valueName":"search_term_string"}}],"inLanguage":"pl-PL"},{"@type":"Organization","@id":"https:\/\/boutique-one-piece.com\/#organization","name":"One Piece Shop","url":"https:\/\/boutique-one-piece.com\/","logo":{"@type":"ImageObject","inLanguage":"pl-PL","@id":"https:\/\/boutique-one-piece.com\/#\/schema\/logo\/image\/","url":"https:\/\/boutique-one-piece.com\/wp-content\/uploads\/2022\/09\/Logo-01.png","contentUrl":"https:\/\/boutique-one-piece.com\/wp-content\/uploads\/2022\/09\/Logo-01.png","width":2318,"height":957,"caption":"Boutique One Piece"},"image":{"@id":"https:\/\/boutique-one-piece.com\/#\/schema\/logo\/image\/"}}]}},"_links":{"self":[{"href":"https:\/\/boutique-one-piece.com\/pl\/wp-json\/wp\/v2\/product\/13978","targetHints":{"allow":["GET"]}}],"collection":[{"href":"https:\/\/boutique-one-piece.com\/pl\/wp-json\/wp\/v2\/product"}],"about":[{"href":"https:\/\/boutique-one-piece.com\/pl\/wp-json\/wp\/v2\/types\/product"}],"replies":[{"embeddable":true,"href":"https:\/\/boutique-one-piece.com\/pl\/wp-json\/wp\/v2\/comments?post=13978"}],"wp:featuredmedia":[{"embeddable":true,"href":"https:\/\/boutique-one-piece.com\/pl\/wp-json\/wp\/v2\/media\/13980"}],"wp:attachment":[{"href":"https:\/\/boutique-one-piece.com\/pl\/wp-json\/wp\/v2\/media?parent=13978"}],"wp:term":[{"taxonomy":"product_brand","embeddable":true,"href":"https:\/\/boutique-one-piece.com\/pl\/wp-json\/wp\/v2\/product_brand?post=13978"},{"taxonomy":"product_cat","embeddable":true,"href":"https:\/\/boutique-one-piece.com\/pl\/wp-json\/wp\/v2\/product_cat?post=13978"},{"taxonomy":"product_tag","embeddable":true,"href":"https:\/\/boutique-one-piece.com\/pl\/wp-json\/wp\/v2\/product_tag?post=13978"}],"curies":[{"name":"wp","href":"https:\/\/api.w.org\/{rel}","templated":true}]}}