{"id":14516,"date":"2022-09-27T21:27:26","date_gmt":"2022-09-27T21:27:26","guid":{"rendered":"https:\/\/boutique-one-piece.com\/uncategorized\/coque-one-piece-roronoa-zoro-wano-kuni\/"},"modified":"2024-09-16T13:43:19","modified_gmt":"2024-09-16T13:43:19","slug":"jednoczesciowe-etui-roronoa-zoro-wano-kuni","status":"publish","type":"product","link":"https:\/\/boutique-one-piece.com\/pl\/akcesoria-one-piece\/obudowa-one-piece\/jednoczesciowe-etui-roronoa-zoro-wano-kuni\/","title":{"rendered":"Jednocz\u0119\u015bciowe etui Roronoa Zoro Wano Kuni"},"content":{"rendered":"<p><span><strong>Uprzejmy:<\/strong> Dopasowana obudowa<\/span><br \/><span><strong>Cechy<\/strong> Mi\u0119kki czarny silikon TPU<\/span><br \/><span><strong>Kompatybilna marka:<\/strong> SAMSUNG<\/span><br \/><span><strong>Kompatybilny model Samsunga:<\/strong> Galaxy S7<\/span><br \/><span><strong>Kompatybilny model Samsunga:<\/strong> Galaxy S7 Edge<\/span><br \/><span><strong>Kompatybilny model Samsunga:<\/strong> Galaxy S8<\/span><br \/><span><strong>Kompatybilny model Samsunga:<\/strong> Galaxy S8 Plus<\/span><br \/><span><strong>Kompatybilny model Samsunga:<\/strong> Galaxy Note 8<\/span><br \/><span><strong>Kompatybilny model Samsunga:<\/strong> GALAXY S8 AKTYWNY<\/span><br \/><span><strong>Kompatybilny model Samsunga:<\/strong> Galaxy S9 Plus<\/span><br \/><span><strong>Kompatybilny model Samsunga:<\/strong> Galaxy S9<\/span><br \/><span><strong>Kompatybilny model Samsunga:<\/strong> Galaxy Note 9<\/span><br \/><span><strong>Kompatybilny model Samsunga:<\/strong> GALAXY S10 LITE<\/span><br \/><span><strong>Kompatybilny model Samsunga:<\/strong> GALAXY S10 PLUS<\/span><br \/><span><strong>Kompatybilny model Samsunga:<\/strong> GALAXY S10<\/span><br \/><span><strong>Kompatybilny model Samsunga:<\/strong> GALAXY S10E<\/span><br \/><span><strong>Kompatybilny model Samsunga:<\/strong> Galaxy Note10<\/span><br \/><span><strong>Kompatybilny model Samsunga:<\/strong> Galaxy Note10+<\/span><br \/><span><strong>Rozmiar:<\/strong> 6.1<\/span><br \/><span><strong>Projekt:<\/strong> Geometryczny<\/span><br \/><span><strong>Projekt:<\/strong> Zwierz\u0119<\/span><br \/><span><strong>Projekt:<\/strong> jednoro\u017cec<\/span><br \/><span><strong>Projekt:<\/strong> Kwiatowy<\/span><br \/><span><strong>Projekt:<\/strong> Rysunek<\/span><br \/><span><strong>Funkcjonowa\u0107:<\/strong> Odporny na zabrudzenia<\/span><br \/><span><strong>Funkcjonowa\u0107:<\/strong> Przeciwstukowy<\/span><br \/><span><strong>Czarny mi\u0119kki pokrowiec:<\/strong> Dla Samsunga S20 5G<\/span><br \/><span><strong>Etui silikonowe:<\/strong> Do Samsunga S20\/ S20 Plus<\/span><br \/><span><strong>Silikonowa tylna ok\u0142adka:<\/strong> Do Samsunga S20 Ultra<\/span><br \/><span><strong>Silikonowa obudowa telefonu:<\/strong> Do Samsunga S10 5G<\/span><br \/><span><strong>Fundas Capa Case Coque:<\/strong> Do Samsunga S10 Lite<\/span><br \/><span><strong>Pokrywa silikonowa Couqe:<\/strong> Do Samsunga Note 10 Lite<\/span><br \/><span><strong>Tworzywo:<\/strong> Wysokiej jako\u015bci mi\u0119kki czarny silikon TPU<\/span><br \/><span><strong>Wsparcie:<\/strong> Dropshipping \/ Mieszane kolory \/ Hurt<\/span><\/p>","protected":false},"excerpt":{"rendered":"<p>Type: Fitted CaseFeatures: Soft Black TPU SiliconeCompatible Brand: SamsungCompatible Samsung Model: Galaxy S7Compatible Samsung Model: Galaxy S7 EdgeCompatible Samsung Model: Galaxy S8Compatible Samsung Model: Galaxy S8 PlusCompatible Samsung Model: Galaxy Note 8Compatible Samsung Model: GALAXY S8 ACTIVECompatible Samsung Model: Galaxy S9 PlusCompatible Samsung Model: Galaxy S9Compatible Samsung Model: Galaxy Note 9Compatible Samsung Model: GALAXY S10 [&hellip;]<\/p>","protected":false},"featured_media":14518,"comment_status":"open","ping_status":"open","template":"","meta":[],"product_brand":[],"product_cat":[700,15],"product_tag":[],"class_list":{"0":"post-14516","1":"product","2":"type-product","3":"status-publish","4":"has-post-thumbnail","6":"product_cat-coque-one-piece","7":"product_cat-manga-one-piece","9":"first","10":"instock","11":"purchasable","12":"product-type-variable","13":"has-default-attributes"},"yoast_head":"<!-- This site is optimized with the Yoast SEO plugin v27.5 - https:\/\/yoast.com\/product\/yoast-seo-wordpress\/ -->\n<title>Coque One Piece Roronoa Zoro Wano Kuni<\/title>\n<meta name=\"description\" content=\"Type: Fitted CaseFeatures: Soft Black TPU SiliconeCompatible Brand: SamsungCompatible Samsung Model: Galaxy S7Compatible Samsung Model: Galaxy S7 EdgeCompatible Samsung Model: Galaxy S8Compatible Samsung Model: Galaxy S8 PlusCompatible Samsung Model: Galaxy Note 8Compatible Samsung Model: GALAXY S8 ACTIVECompatible Sam\" \/>\n<meta name=\"robots\" content=\"index, follow, max-snippet:-1, max-image-preview:large, max-video-preview:-1\" \/>\n<link rel=\"canonical\" href=\"https:\/\/boutique-one-piece.com\/pl\/akcesoria-one-piece\/obudowa-one-piece\/jednoczesciowe-etui-roronoa-zoro-wano-kuni\/\" \/>\n<meta property=\"og:locale\" content=\"pl_PL\" \/>\n<meta property=\"og:type\" content=\"article\" \/>\n<meta property=\"og:title\" content=\"Coque One Piece Roronoa Zoro Wano Kuni\" \/>\n<meta property=\"og:description\" content=\"Type: Fitted CaseFeatures: Soft Black TPU SiliconeCompatible Brand: SamsungCompatible Samsung Model: Galaxy S7Compatible Samsung Model: Galaxy S7 EdgeCompatible Samsung Model: Galaxy S8Compatible Samsung Model: Galaxy S8 PlusCompatible Samsung Model: Galaxy Note 8Compatible Samsung Model: GALAXY S8 ACTIVECompatible Sam\" \/>\n<meta property=\"og:url\" content=\"https:\/\/boutique-one-piece.com\/pl\/akcesoria-one-piece\/obudowa-one-piece\/jednoczesciowe-etui-roronoa-zoro-wano-kuni\/\" \/>\n<meta property=\"og:site_name\" content=\"Boutique One Piece\" \/>\n<meta property=\"article:modified_time\" content=\"2024-09-16T13:43:19+00:00\" \/>\n<meta property=\"og:image\" content=\"https:\/\/boutique-one-piece.com\/wp-content\/uploads\/2022\/09\/Coque-One-Piece-Roronoa-Zoro-Wano-Kuni.jpg\" \/>\n\t<meta property=\"og:image:width\" content=\"640\" \/>\n\t<meta property=\"og:image:height\" content=\"640\" \/>\n\t<meta property=\"og:image:type\" content=\"image\/jpeg\" \/>\n<meta name=\"twitter:card\" content=\"summary_large_image\" \/>\n<meta name=\"twitter:label1\" content=\"Szacowany czas czytania\" \/>\n\t<meta name=\"twitter:data1\" content=\"1 minuta\" \/>\n<script type=\"application\/ld+json\" class=\"yoast-schema-graph\">{\"@context\":\"https:\\\/\\\/schema.org\",\"@graph\":[{\"@type\":\"WebPage\",\"@id\":\"https:\\\/\\\/boutique-one-piece.com\\\/accessoires-one-piece\\\/coque-one-piece\\\/coque-one-piece-roronoa-zoro-wano-kuni\\\/\",\"url\":\"https:\\\/\\\/boutique-one-piece.com\\\/accessoires-one-piece\\\/coque-one-piece\\\/coque-one-piece-roronoa-zoro-wano-kuni\\\/\",\"name\":\"Coque One Piece Roronoa Zoro Wano Kuni\",\"isPartOf\":{\"@id\":\"https:\\\/\\\/boutique-one-piece.com\\\/#website\"},\"primaryImageOfPage\":{\"@id\":\"https:\\\/\\\/boutique-one-piece.com\\\/accessoires-one-piece\\\/coque-one-piece\\\/coque-one-piece-roronoa-zoro-wano-kuni\\\/#primaryimage\"},\"image\":{\"@id\":\"https:\\\/\\\/boutique-one-piece.com\\\/accessoires-one-piece\\\/coque-one-piece\\\/coque-one-piece-roronoa-zoro-wano-kuni\\\/#primaryimage\"},\"thumbnailUrl\":\"https:\\\/\\\/boutique-one-piece.com\\\/wp-content\\\/uploads\\\/2022\\\/09\\\/Coque-One-Piece-Roronoa-Zoro-Wano-Kuni.jpg\",\"datePublished\":\"2022-09-27T21:27:26+00:00\",\"dateModified\":\"2024-09-16T13:43:19+00:00\",\"description\":\"Type: Fitted CaseFeatures: Soft Black TPU SiliconeCompatible Brand: SamsungCompatible Samsung Model: Galaxy S7Compatible Samsung Model: Galaxy S7 EdgeCompatible Samsung Model: Galaxy S8Compatible Samsung Model: Galaxy S8 PlusCompatible Samsung Model: Galaxy Note 8Compatible Samsung Model: GALAXY S8 ACTIVECompatible Sam\",\"breadcrumb\":{\"@id\":\"https:\\\/\\\/boutique-one-piece.com\\\/accessoires-one-piece\\\/coque-one-piece\\\/coque-one-piece-roronoa-zoro-wano-kuni\\\/#breadcrumb\"},\"inLanguage\":\"pl-PL\",\"potentialAction\":[{\"@type\":\"ReadAction\",\"target\":[\"https:\\\/\\\/boutique-one-piece.com\\\/accessoires-one-piece\\\/coque-one-piece\\\/coque-one-piece-roronoa-zoro-wano-kuni\\\/\"]}]},{\"@type\":\"ImageObject\",\"inLanguage\":\"pl-PL\",\"@id\":\"https:\\\/\\\/boutique-one-piece.com\\\/accessoires-one-piece\\\/coque-one-piece\\\/coque-one-piece-roronoa-zoro-wano-kuni\\\/#primaryimage\",\"url\":\"https:\\\/\\\/boutique-one-piece.com\\\/wp-content\\\/uploads\\\/2022\\\/09\\\/Coque-One-Piece-Roronoa-Zoro-Wano-Kuni.jpg\",\"contentUrl\":\"https:\\\/\\\/boutique-one-piece.com\\\/wp-content\\\/uploads\\\/2022\\\/09\\\/Coque-One-Piece-Roronoa-Zoro-Wano-Kuni.jpg\",\"width\":640,\"height\":640,\"caption\":\"Coque One Piece Roronoa Zoro Wano Kuni for Samsung S20 Plus B07\"},{\"@type\":\"BreadcrumbList\",\"@id\":\"https:\\\/\\\/boutique-one-piece.com\\\/accessoires-one-piece\\\/coque-one-piece\\\/coque-one-piece-roronoa-zoro-wano-kuni\\\/#breadcrumb\",\"itemListElement\":[{\"@type\":\"ListItem\",\"position\":1,\"name\":\"Home\",\"item\":\"https:\\\/\\\/boutique-one-piece.com\\\/\"},{\"@type\":\"ListItem\",\"position\":2,\"name\":\"Shop\",\"item\":\"https:\\\/\\\/boutique-one-piece.com\\\/shop\\\/\"},{\"@type\":\"ListItem\",\"position\":3,\"name\":\"Coque One Piece Roronoa Zoro Wano Kuni\"}]},{\"@type\":\"WebSite\",\"@id\":\"https:\\\/\\\/boutique-one-piece.com\\\/#website\",\"url\":\"https:\\\/\\\/boutique-one-piece.com\\\/\",\"name\":\"Boutique One Piece\",\"description\":\"Magasin Sp\u00e9cialis\u00e9 du Manga et l&#039;Anime One Piece\",\"publisher\":{\"@id\":\"https:\\\/\\\/boutique-one-piece.com\\\/#organization\"},\"potentialAction\":[{\"@type\":\"SearchAction\",\"target\":{\"@type\":\"EntryPoint\",\"urlTemplate\":\"https:\\\/\\\/boutique-one-piece.com\\\/?s={search_term_string}\"},\"query-input\":{\"@type\":\"PropertyValueSpecification\",\"valueRequired\":true,\"valueName\":\"search_term_string\"}}],\"inLanguage\":\"pl-PL\"},{\"@type\":\"Organization\",\"@id\":\"https:\\\/\\\/boutique-one-piece.com\\\/#organization\",\"name\":\"Boutique One Piece\",\"url\":\"https:\\\/\\\/boutique-one-piece.com\\\/\",\"logo\":{\"@type\":\"ImageObject\",\"inLanguage\":\"pl-PL\",\"@id\":\"https:\\\/\\\/boutique-one-piece.com\\\/#\\\/schema\\\/logo\\\/image\\\/\",\"url\":\"https:\\\/\\\/boutique-one-piece.com\\\/wp-content\\\/uploads\\\/2022\\\/09\\\/Logo-01.png\",\"contentUrl\":\"https:\\\/\\\/boutique-one-piece.com\\\/wp-content\\\/uploads\\\/2022\\\/09\\\/Logo-01.png\",\"width\":2318,\"height\":957,\"caption\":\"Boutique One Piece\"},\"image\":{\"@id\":\"https:\\\/\\\/boutique-one-piece.com\\\/#\\\/schema\\\/logo\\\/image\\\/\"}}]}<\/script>\n<!-- \/ Yoast SEO plugin. -->","yoast_head_json":{"title":"Jednocz\u0119\u015bciowe etui Roronoa Zoro Wano Kuni","description":"Typ: Dopasowane etuiCechy: Mi\u0119kki czarny silikon TPUZgodna marka: SamsungZgodny model Samsunga: Galaxy S7Zgodny model Samsunga: Galaxy S7 EdgeZgodny model Samsunga: Galaxy S8Zgodny model Samsunga: Galaxy S8 PlusZgodny model Samsunga: Galaxy Note 8Zgodny model Samsunga: GALAXY S8 ACTIVEZgodny Sam","robots":{"index":"index","follow":"follow","max-snippet":"max-snippet:-1","max-image-preview":"max-image-preview:large","max-video-preview":"max-video-preview:-1"},"canonical":"https:\/\/boutique-one-piece.com\/pl\/akcesoria-one-piece\/obudowa-one-piece\/jednoczesciowe-etui-roronoa-zoro-wano-kuni\/","og_locale":"pl_PL","og_type":"article","og_title":"Coque One Piece Roronoa Zoro Wano Kuni","og_description":"Type: Fitted CaseFeatures: Soft Black TPU SiliconeCompatible Brand: SamsungCompatible Samsung Model: Galaxy S7Compatible Samsung Model: Galaxy S7 EdgeCompatible Samsung Model: Galaxy S8Compatible Samsung Model: Galaxy S8 PlusCompatible Samsung Model: Galaxy Note 8Compatible Samsung Model: GALAXY S8 ACTIVECompatible Sam","og_url":"https:\/\/boutique-one-piece.com\/pl\/akcesoria-one-piece\/obudowa-one-piece\/jednoczesciowe-etui-roronoa-zoro-wano-kuni\/","og_site_name":"Boutique One Piece","article_modified_time":"2024-09-16T13:43:19+00:00","og_image":[{"width":640,"height":640,"url":"https:\/\/boutique-one-piece.com\/wp-content\/uploads\/2022\/09\/Coque-One-Piece-Roronoa-Zoro-Wano-Kuni.jpg","type":"image\/jpeg"}],"twitter_card":"summary_large_image","twitter_misc":{"Szacowany czas czytania":"1 minuta"},"schema":{"@context":"https:\/\/schema.org","@graph":[{"@type":"WebPage","@id":"https:\/\/boutique-one-piece.com\/accessoires-one-piece\/coque-one-piece\/coque-one-piece-roronoa-zoro-wano-kuni\/","url":"https:\/\/boutique-one-piece.com\/accessoires-one-piece\/coque-one-piece\/coque-one-piece-roronoa-zoro-wano-kuni\/","name":"Jednocz\u0119\u015bciowe etui Roronoa Zoro Wano Kuni","isPartOf":{"@id":"https:\/\/boutique-one-piece.com\/#website"},"primaryImageOfPage":{"@id":"https:\/\/boutique-one-piece.com\/accessoires-one-piece\/coque-one-piece\/coque-one-piece-roronoa-zoro-wano-kuni\/#primaryimage"},"image":{"@id":"https:\/\/boutique-one-piece.com\/accessoires-one-piece\/coque-one-piece\/coque-one-piece-roronoa-zoro-wano-kuni\/#primaryimage"},"thumbnailUrl":"https:\/\/boutique-one-piece.com\/wp-content\/uploads\/2022\/09\/Coque-One-Piece-Roronoa-Zoro-Wano-Kuni.jpg","datePublished":"2022-09-27T21:27:26+00:00","dateModified":"2024-09-16T13:43:19+00:00","description":"Typ: Dopasowane etuiCechy: Mi\u0119kki czarny silikon TPUZgodna marka: SamsungZgodny model Samsunga: Galaxy S7Zgodny model Samsunga: Galaxy S7 EdgeZgodny model Samsunga: Galaxy S8Zgodny model Samsunga: Galaxy S8 PlusZgodny model Samsunga: Galaxy Note 8Zgodny model Samsunga: GALAXY S8 ACTIVEZgodny Sam","breadcrumb":{"@id":"https:\/\/boutique-one-piece.com\/accessoires-one-piece\/coque-one-piece\/coque-one-piece-roronoa-zoro-wano-kuni\/#breadcrumb"},"inLanguage":"pl-PL","potentialAction":[{"@type":"ReadAction","target":["https:\/\/boutique-one-piece.com\/accessoires-one-piece\/coque-one-piece\/coque-one-piece-roronoa-zoro-wano-kuni\/"]}]},{"@type":"ImageObject","inLanguage":"pl-PL","@id":"https:\/\/boutique-one-piece.com\/accessoires-one-piece\/coque-one-piece\/coque-one-piece-roronoa-zoro-wano-kuni\/#primaryimage","url":"https:\/\/boutique-one-piece.com\/wp-content\/uploads\/2022\/09\/Coque-One-Piece-Roronoa-Zoro-Wano-Kuni.jpg","contentUrl":"https:\/\/boutique-one-piece.com\/wp-content\/uploads\/2022\/09\/Coque-One-Piece-Roronoa-Zoro-Wano-Kuni.jpg","width":640,"height":640,"caption":"Coque One Piece Roronoa Zoro Wano Kuni for Samsung S20 Plus B07"},{"@type":"BreadcrumbList","@id":"https:\/\/boutique-one-piece.com\/accessoires-one-piece\/coque-one-piece\/coque-one-piece-roronoa-zoro-wano-kuni\/#breadcrumb","itemListElement":[{"@type":"ListItem","position":1,"name":"Home","item":"https:\/\/boutique-one-piece.com\/"},{"@type":"ListItem","position":2,"name":"Shop","item":"https:\/\/boutique-one-piece.com\/shop\/"},{"@type":"ListItem","position":3,"name":"Coque One Piece Roronoa Zoro Wano Kuni"}]},{"@type":"WebSite","@id":"https:\/\/boutique-one-piece.com\/#website","url":"https:\/\/boutique-one-piece.com\/","name":"One Piece Shop","description":"Sklep specjalistyczny z mang\u0105 i anime One Piece","publisher":{"@id":"https:\/\/boutique-one-piece.com\/#organization"},"potentialAction":[{"@type":"SearchAction","target":{"@type":"EntryPoint","urlTemplate":"https:\/\/boutique-one-piece.com\/?s={search_term_string}"},"query-input":{"@type":"PropertyValueSpecification","valueRequired":true,"valueName":"search_term_string"}}],"inLanguage":"pl-PL"},{"@type":"Organization","@id":"https:\/\/boutique-one-piece.com\/#organization","name":"One Piece Shop","url":"https:\/\/boutique-one-piece.com\/","logo":{"@type":"ImageObject","inLanguage":"pl-PL","@id":"https:\/\/boutique-one-piece.com\/#\/schema\/logo\/image\/","url":"https:\/\/boutique-one-piece.com\/wp-content\/uploads\/2022\/09\/Logo-01.png","contentUrl":"https:\/\/boutique-one-piece.com\/wp-content\/uploads\/2022\/09\/Logo-01.png","width":2318,"height":957,"caption":"Boutique One Piece"},"image":{"@id":"https:\/\/boutique-one-piece.com\/#\/schema\/logo\/image\/"}}]}},"_links":{"self":[{"href":"https:\/\/boutique-one-piece.com\/pl\/wp-json\/wp\/v2\/product\/14516","targetHints":{"allow":["GET"]}}],"collection":[{"href":"https:\/\/boutique-one-piece.com\/pl\/wp-json\/wp\/v2\/product"}],"about":[{"href":"https:\/\/boutique-one-piece.com\/pl\/wp-json\/wp\/v2\/types\/product"}],"replies":[{"embeddable":true,"href":"https:\/\/boutique-one-piece.com\/pl\/wp-json\/wp\/v2\/comments?post=14516"}],"wp:featuredmedia":[{"embeddable":true,"href":"https:\/\/boutique-one-piece.com\/pl\/wp-json\/wp\/v2\/media\/14518"}],"wp:attachment":[{"href":"https:\/\/boutique-one-piece.com\/pl\/wp-json\/wp\/v2\/media?parent=14516"}],"wp:term":[{"taxonomy":"product_brand","embeddable":true,"href":"https:\/\/boutique-one-piece.com\/pl\/wp-json\/wp\/v2\/product_brand?post=14516"},{"taxonomy":"product_cat","embeddable":true,"href":"https:\/\/boutique-one-piece.com\/pl\/wp-json\/wp\/v2\/product_cat?post=14516"},{"taxonomy":"product_tag","embeddable":true,"href":"https:\/\/boutique-one-piece.com\/pl\/wp-json\/wp\/v2\/product_tag?post=14516"}],"curies":[{"name":"wp","href":"https:\/\/api.w.org\/{rel}","templated":true}]}}