{"id":14600,"date":"2022-09-27T21:33:15","date_gmt":"2022-09-27T21:33:15","guid":{"rendered":"https:\/\/boutique-one-piece.com\/uncategorized\/avis-de-recherche-alvida-wanted\/"},"modified":"2024-09-16T13:45:06","modified_gmt":"2024-09-16T13:45:06","slug":"plakat-gonczy-alvidy","status":"publish","type":"product","link":"https:\/\/boutique-one-piece.com\/pl\/plakat-poszukiwany-one-piece\/plakat-gonczy-alvidy\/","title":{"rendered":"Og\u0142oszenie o poszukiwaniu Alvidy"},"content":{"rendered":"<h2>Spraw sobie plakat, kt\u00f3ry \u0142\u0105czy pi\u0119kn\u0105 kobiet\u0119 z piractwem. Ten plakat \u201eAlvida Wanted\u201d b\u0119dzie wspania\u0142\u0105 ozdob\u0105 Twoich \u015bcian.<\/h2>\n<p>Alvida jest <strong>pierwszy kapitan<\/strong> Piratk\u0119, kt\u00f3r\u0105 Luffy spotyka na pocz\u0105tku swojej przygody, jest oty\u0142\u0105 kobiet\u0105 walcz\u0105c\u0105 z du\u017cym<strong> klub<\/strong>, Alvida to r\u00f3wnie\u017c kobieta o wybrednych pogl\u0105dach, kt\u00f3ra nie znosi kurzu ani niczego, co ma co\u015b wsp\u00f3lnego z brudem. To w\u0142a\u015bnie na jej statku wyl\u0105dowa\u0142 Coby, kt\u00f3ry pracowa\u0142 jako pokoj\u00f3wka i w zasadzie niewolnik Alvidy. Ona i wi\u0119kszo\u015b\u0107 jej za\u0142ogi zostan\u0105 pokonani przez Luffy&#039;ego, kt\u00f3ry ucieknie ze swojego statku z Cobym.<\/p>\n<h3>Czy jeste\u015b gotowy rozpocz\u0105\u0107 kolekcj\u0119 plakat\u00f3w od plakatu \u201eAlvida Wanted\u201d?<\/h3>\n<p>P\u00f3\u017aniej w przygodzie Alvida zjada diabelski owoc <strong>Sube Sube no mi<\/strong>, Co zmieni jej wygl\u0105d. Stanie si\u0119 znacznie szczuplejsza, a jej za\u0142oga ulegnie jej urokowi. Pozwala jej sprawi\u0107, \u017ce wszystko zsunie si\u0119 z jej sk\u00f3ry, w tym ataki fizyczne. U\u017cywa go r\u00f3wnie\u017c do poruszania si\u0119 poprzez szybowanie, zyskuj\u0105c w ten spos\u00f3b pr\u0119dko\u015b\u0107. Sprzymierza si\u0119 z <strong>Baggy Klaun<\/strong> i przejmie dow\u00f3dztwo nad jego za\u0142og\u0105, gdy ta zostanie uwi\u0119ziona w Impel Down. Jego g\u0142owa jest warta 5 milion\u00f3w jag\u00f3d.<\/p>\n<p>R\u00f3wnie\u017c poddaje si\u0119 temu <a href=\"https:\/\/boutique-one-piece.com\/pl\/plakat-poszukiwany-za-one-piece-nico-robin-poszukiwany\/\" target=\"_blank\" title=\"Plakat z wizerunkiem Nico Robina\" rel=\"noopener noreferrer\">list go\u0144czy za Nico Robin<\/a>.<\/p>\n<p>\u00a0<\/p>\n<h2>Informacje o plakacie One Piece Wanted Alvida<\/h2>\n<ul>\n<li><span><b><u>Plakat poszukiwany One Piece<\/u><\/b>\u00a0Prawdziwy plakat poszukiwany za bycie prawdziwym piratem One Piece<\/span><\/li>\n<\/ul>\n<ul>\n<li>\n<b><u>Bonus Alvidy<\/u><\/b>\u00a05 000 000 jag\u00f3d<\/li>\n<\/ul>\n<ul>\n<li><span><strong>Wysoka jako\u015b\u0107 druku<\/strong>\u00a0dok\u0142adne kolory<\/span><\/li>\n<\/ul>\n<ul>\n<li>\n<strong>Wymiar<\/strong>\u00a0: 51 cm x 36 cm<\/li>\n<\/ul>\n<ul>\n<li><span><strong>DARMOWA DOSTAWA<\/strong><\/span><\/li>\n<\/ul>","protected":false},"excerpt":{"rendered":"<p>Laisse-toi tenter par une affiche qui allie jolie femme et piraterie. Cet avis de Recherche Alvida Wanted fera office de d\u00e9cor sur tes murs. Alvida est la premi\u00e8re capitaine pirate que rencontre Luffy lorsqu&rsquo;il d\u00e9bute son aventure. C&rsquo;est une femme ob\u00e8se qui se bat avec une grosse massue, et qui force son \u00e9quipage \u00e0 dire [&hellip;]<\/p>","protected":false},"featured_media":14602,"comment_status":"open","ping_status":"open","template":"","meta":[],"product_brand":[],"product_cat":[171],"product_tag":[],"class_list":{"0":"post-14600","1":"product","2":"type-product","3":"status-publish","4":"has-post-thumbnail","6":"product_cat-avis-de-recherche-one-piece","8":"first","9":"instock","10":"purchasable","11":"product-type-simple"},"yoast_head":"<!-- This site is optimized with the Yoast SEO plugin v27.5 - https:\/\/yoast.com\/product\/yoast-seo-wordpress\/ -->\n<title>Avis De Recherche Alvida Wanted | D\u00e9coration One Piece \u2013 Boutique One Piece<\/title>\n<meta name=\"description\" content=\"Laisse-toi tenter par une affiche qui allie jolie femme et piraterie. Cet avis de Recherche Alvida Wanted fera office de d\u00e9cor sur tes murs. Alvida est la premi\u00e8re capitaine pirate que rencontre Luffy lorsqu&#039;il d\u00e9bute son aventure. C&#039;est une femme ob\u00e8se qui se bat avec une grosse massue, et qui force son \u00e9quipage \u00e0 dir\" \/>\n<meta name=\"robots\" content=\"index, follow, max-snippet:-1, max-image-preview:large, max-video-preview:-1\" \/>\n<link rel=\"canonical\" href=\"https:\/\/boutique-one-piece.com\/pl\/plakat-poszukiwany-one-piece\/plakat-gonczy-alvidy\/\" \/>\n<meta property=\"og:locale\" content=\"pl_PL\" \/>\n<meta property=\"og:type\" content=\"article\" \/>\n<meta property=\"og:title\" content=\"Avis De Recherche Alvida Wanted | D\u00e9coration One Piece \u2013 Boutique One Piece\" \/>\n<meta property=\"og:description\" content=\"Laisse-toi tenter par une affiche qui allie jolie femme et piraterie. Cet avis de Recherche Alvida Wanted fera office de d\u00e9cor sur tes murs. Alvida est la premi\u00e8re capitaine pirate que rencontre Luffy lorsqu&#039;il d\u00e9bute son aventure. C&#039;est une femme ob\u00e8se qui se bat avec une grosse massue, et qui force son \u00e9quipage \u00e0 dir\" \/>\n<meta property=\"og:url\" content=\"https:\/\/boutique-one-piece.com\/pl\/plakat-poszukiwany-one-piece\/plakat-gonczy-alvidy\/\" \/>\n<meta property=\"og:site_name\" content=\"Boutique One Piece\" \/>\n<meta property=\"article:modified_time\" content=\"2024-09-16T13:45:06+00:00\" \/>\n<meta property=\"og:image\" content=\"https:\/\/boutique-one-piece.com\/wp-content\/uploads\/2022\/09\/Avis-De-Recherche-Alvida-Wanted-1.jpg\" \/>\n\t<meta property=\"og:image:width\" content=\"797\" \/>\n\t<meta property=\"og:image:height\" content=\"798\" \/>\n\t<meta property=\"og:image:type\" content=\"image\/jpeg\" \/>\n<meta name=\"twitter:card\" content=\"summary_large_image\" \/>\n<meta name=\"twitter:label1\" content=\"Szacowany czas czytania\" \/>\n\t<meta name=\"twitter:data1\" content=\"1 minuta\" \/>\n<script type=\"application\/ld+json\" class=\"yoast-schema-graph\">{\"@context\":\"https:\\\/\\\/schema.org\",\"@graph\":[{\"@type\":\"WebPage\",\"@id\":\"https:\\\/\\\/boutique-one-piece.com\\\/avis-de-recherche-one-piece\\\/avis-de-recherche-alvida-wanted\\\/\",\"url\":\"https:\\\/\\\/boutique-one-piece.com\\\/avis-de-recherche-one-piece\\\/avis-de-recherche-alvida-wanted\\\/\",\"name\":\"Avis De Recherche Alvida Wanted | D\u00e9coration One Piece \u2013 Boutique One Piece\",\"isPartOf\":{\"@id\":\"https:\\\/\\\/boutique-one-piece.com\\\/#website\"},\"primaryImageOfPage\":{\"@id\":\"https:\\\/\\\/boutique-one-piece.com\\\/avis-de-recherche-one-piece\\\/avis-de-recherche-alvida-wanted\\\/#primaryimage\"},\"image\":{\"@id\":\"https:\\\/\\\/boutique-one-piece.com\\\/avis-de-recherche-one-piece\\\/avis-de-recherche-alvida-wanted\\\/#primaryimage\"},\"thumbnailUrl\":\"https:\\\/\\\/boutique-one-piece.com\\\/wp-content\\\/uploads\\\/2022\\\/09\\\/Avis-De-Recherche-Alvida-Wanted-1.jpg\",\"datePublished\":\"2022-09-27T21:33:15+00:00\",\"dateModified\":\"2024-09-16T13:45:06+00:00\",\"description\":\"Laisse-toi tenter par une affiche qui allie jolie femme et piraterie. Cet avis de Recherche Alvida Wanted fera office de d\u00e9cor sur tes murs. Alvida est la premi\u00e8re capitaine pirate que rencontre Luffy lorsqu'il d\u00e9bute son aventure. C'est une femme ob\u00e8se qui se bat avec une grosse massue, et qui force son \u00e9quipage \u00e0 dir\",\"breadcrumb\":{\"@id\":\"https:\\\/\\\/boutique-one-piece.com\\\/avis-de-recherche-one-piece\\\/avis-de-recherche-alvida-wanted\\\/#breadcrumb\"},\"inLanguage\":\"pl-PL\",\"potentialAction\":[{\"@type\":\"ReadAction\",\"target\":[\"https:\\\/\\\/boutique-one-piece.com\\\/avis-de-recherche-one-piece\\\/avis-de-recherche-alvida-wanted\\\/\"]}]},{\"@type\":\"ImageObject\",\"inLanguage\":\"pl-PL\",\"@id\":\"https:\\\/\\\/boutique-one-piece.com\\\/avis-de-recherche-one-piece\\\/avis-de-recherche-alvida-wanted\\\/#primaryimage\",\"url\":\"https:\\\/\\\/boutique-one-piece.com\\\/wp-content\\\/uploads\\\/2022\\\/09\\\/Avis-De-Recherche-Alvida-Wanted-1.jpg\",\"contentUrl\":\"https:\\\/\\\/boutique-one-piece.com\\\/wp-content\\\/uploads\\\/2022\\\/09\\\/Avis-De-Recherche-Alvida-Wanted-1.jpg\",\"width\":797,\"height\":798},{\"@type\":\"BreadcrumbList\",\"@id\":\"https:\\\/\\\/boutique-one-piece.com\\\/avis-de-recherche-one-piece\\\/avis-de-recherche-alvida-wanted\\\/#breadcrumb\",\"itemListElement\":[{\"@type\":\"ListItem\",\"position\":1,\"name\":\"Home\",\"item\":\"https:\\\/\\\/boutique-one-piece.com\\\/\"},{\"@type\":\"ListItem\",\"position\":2,\"name\":\"Shop\",\"item\":\"https:\\\/\\\/boutique-one-piece.com\\\/shop\\\/\"},{\"@type\":\"ListItem\",\"position\":3,\"name\":\"Avis De Recherche Alvida Wanted\"}]},{\"@type\":\"WebSite\",\"@id\":\"https:\\\/\\\/boutique-one-piece.com\\\/#website\",\"url\":\"https:\\\/\\\/boutique-one-piece.com\\\/\",\"name\":\"Boutique One Piece\",\"description\":\"Magasin Sp\u00e9cialis\u00e9 du Manga et l&#039;Anime One Piece\",\"publisher\":{\"@id\":\"https:\\\/\\\/boutique-one-piece.com\\\/#organization\"},\"potentialAction\":[{\"@type\":\"SearchAction\",\"target\":{\"@type\":\"EntryPoint\",\"urlTemplate\":\"https:\\\/\\\/boutique-one-piece.com\\\/?s={search_term_string}\"},\"query-input\":{\"@type\":\"PropertyValueSpecification\",\"valueRequired\":true,\"valueName\":\"search_term_string\"}}],\"inLanguage\":\"pl-PL\"},{\"@type\":\"Organization\",\"@id\":\"https:\\\/\\\/boutique-one-piece.com\\\/#organization\",\"name\":\"Boutique One Piece\",\"url\":\"https:\\\/\\\/boutique-one-piece.com\\\/\",\"logo\":{\"@type\":\"ImageObject\",\"inLanguage\":\"pl-PL\",\"@id\":\"https:\\\/\\\/boutique-one-piece.com\\\/#\\\/schema\\\/logo\\\/image\\\/\",\"url\":\"https:\\\/\\\/boutique-one-piece.com\\\/wp-content\\\/uploads\\\/2022\\\/09\\\/Logo-01.png\",\"contentUrl\":\"https:\\\/\\\/boutique-one-piece.com\\\/wp-content\\\/uploads\\\/2022\\\/09\\\/Logo-01.png\",\"width\":2318,\"height\":957,\"caption\":\"Boutique One Piece\"},\"image\":{\"@id\":\"https:\\\/\\\/boutique-one-piece.com\\\/#\\\/schema\\\/logo\\\/image\\\/\"}}]}<\/script>\n<!-- \/ Yoast SEO plugin. -->","yoast_head_json":{"title":"Og\u0142oszenie o poszukiwaniu Alvidy | Dekoracje One Piece \u2013 Sklep One Piece","description":"Spraw sobie plakat, kt\u00f3ry \u0142\u0105czy w sobie pi\u0119kn\u0105 kobiet\u0119 i piractwo. Ten plakat \u201eAlvida Wanted\u201d b\u0119dzie wspania\u0142\u0105 ozdob\u0105 Twoich \u015bcian. Alvida to pierwszy kapitan pirat\u00f3w, kt\u00f3rego Luffy spotyka na pocz\u0105tku swojej przygody. To oty\u0142a kobieta, kt\u00f3ra walczy du\u017c\u0105 maczug\u0105 i zmusza swoj\u0105 za\u0142og\u0119 do...","robots":{"index":"index","follow":"follow","max-snippet":"max-snippet:-1","max-image-preview":"max-image-preview:large","max-video-preview":"max-video-preview:-1"},"canonical":"https:\/\/boutique-one-piece.com\/pl\/plakat-poszukiwany-one-piece\/plakat-gonczy-alvidy\/","og_locale":"pl_PL","og_type":"article","og_title":"Avis De Recherche Alvida Wanted | D\u00e9coration One Piece \u2013 Boutique One Piece","og_description":"Laisse-toi tenter par une affiche qui allie jolie femme et piraterie. Cet avis de Recherche Alvida Wanted fera office de d\u00e9cor sur tes murs. Alvida est la premi\u00e8re capitaine pirate que rencontre Luffy lorsqu'il d\u00e9bute son aventure. C'est une femme ob\u00e8se qui se bat avec une grosse massue, et qui force son \u00e9quipage \u00e0 dir","og_url":"https:\/\/boutique-one-piece.com\/pl\/plakat-poszukiwany-one-piece\/plakat-gonczy-alvidy\/","og_site_name":"Boutique One Piece","article_modified_time":"2024-09-16T13:45:06+00:00","og_image":[{"width":797,"height":798,"url":"https:\/\/boutique-one-piece.com\/wp-content\/uploads\/2022\/09\/Avis-De-Recherche-Alvida-Wanted-1.jpg","type":"image\/jpeg"}],"twitter_card":"summary_large_image","twitter_misc":{"Szacowany czas czytania":"1 minuta"},"schema":{"@context":"https:\/\/schema.org","@graph":[{"@type":"WebPage","@id":"https:\/\/boutique-one-piece.com\/avis-de-recherche-one-piece\/avis-de-recherche-alvida-wanted\/","url":"https:\/\/boutique-one-piece.com\/avis-de-recherche-one-piece\/avis-de-recherche-alvida-wanted\/","name":"Og\u0142oszenie o poszukiwaniu Alvidy | Dekoracje One Piece \u2013 Sklep One Piece","isPartOf":{"@id":"https:\/\/boutique-one-piece.com\/#website"},"primaryImageOfPage":{"@id":"https:\/\/boutique-one-piece.com\/avis-de-recherche-one-piece\/avis-de-recherche-alvida-wanted\/#primaryimage"},"image":{"@id":"https:\/\/boutique-one-piece.com\/avis-de-recherche-one-piece\/avis-de-recherche-alvida-wanted\/#primaryimage"},"thumbnailUrl":"https:\/\/boutique-one-piece.com\/wp-content\/uploads\/2022\/09\/Avis-De-Recherche-Alvida-Wanted-1.jpg","datePublished":"2022-09-27T21:33:15+00:00","dateModified":"2024-09-16T13:45:06+00:00","description":"Spraw sobie plakat, kt\u00f3ry \u0142\u0105czy w sobie pi\u0119kn\u0105 kobiet\u0119 i piractwo. Ten plakat \u201eAlvida Wanted\u201d b\u0119dzie wspania\u0142\u0105 ozdob\u0105 Twoich \u015bcian. Alvida to pierwszy kapitan pirat\u00f3w, kt\u00f3rego Luffy spotyka na pocz\u0105tku swojej przygody. To oty\u0142a kobieta, kt\u00f3ra walczy du\u017c\u0105 maczug\u0105 i zmusza swoj\u0105 za\u0142og\u0119 do...","breadcrumb":{"@id":"https:\/\/boutique-one-piece.com\/avis-de-recherche-one-piece\/avis-de-recherche-alvida-wanted\/#breadcrumb"},"inLanguage":"pl-PL","potentialAction":[{"@type":"ReadAction","target":["https:\/\/boutique-one-piece.com\/avis-de-recherche-one-piece\/avis-de-recherche-alvida-wanted\/"]}]},{"@type":"ImageObject","inLanguage":"pl-PL","@id":"https:\/\/boutique-one-piece.com\/avis-de-recherche-one-piece\/avis-de-recherche-alvida-wanted\/#primaryimage","url":"https:\/\/boutique-one-piece.com\/wp-content\/uploads\/2022\/09\/Avis-De-Recherche-Alvida-Wanted-1.jpg","contentUrl":"https:\/\/boutique-one-piece.com\/wp-content\/uploads\/2022\/09\/Avis-De-Recherche-Alvida-Wanted-1.jpg","width":797,"height":798},{"@type":"BreadcrumbList","@id":"https:\/\/boutique-one-piece.com\/avis-de-recherche-one-piece\/avis-de-recherche-alvida-wanted\/#breadcrumb","itemListElement":[{"@type":"ListItem","position":1,"name":"Home","item":"https:\/\/boutique-one-piece.com\/"},{"@type":"ListItem","position":2,"name":"Shop","item":"https:\/\/boutique-one-piece.com\/shop\/"},{"@type":"ListItem","position":3,"name":"Avis De Recherche Alvida Wanted"}]},{"@type":"WebSite","@id":"https:\/\/boutique-one-piece.com\/#website","url":"https:\/\/boutique-one-piece.com\/","name":"One Piece Shop","description":"Sklep specjalistyczny z mang\u0105 i anime One Piece","publisher":{"@id":"https:\/\/boutique-one-piece.com\/#organization"},"potentialAction":[{"@type":"SearchAction","target":{"@type":"EntryPoint","urlTemplate":"https:\/\/boutique-one-piece.com\/?s={search_term_string}"},"query-input":{"@type":"PropertyValueSpecification","valueRequired":true,"valueName":"search_term_string"}}],"inLanguage":"pl-PL"},{"@type":"Organization","@id":"https:\/\/boutique-one-piece.com\/#organization","name":"One Piece Shop","url":"https:\/\/boutique-one-piece.com\/","logo":{"@type":"ImageObject","inLanguage":"pl-PL","@id":"https:\/\/boutique-one-piece.com\/#\/schema\/logo\/image\/","url":"https:\/\/boutique-one-piece.com\/wp-content\/uploads\/2022\/09\/Logo-01.png","contentUrl":"https:\/\/boutique-one-piece.com\/wp-content\/uploads\/2022\/09\/Logo-01.png","width":2318,"height":957,"caption":"Boutique One Piece"},"image":{"@id":"https:\/\/boutique-one-piece.com\/#\/schema\/logo\/image\/"}}]}},"_links":{"self":[{"href":"https:\/\/boutique-one-piece.com\/pl\/wp-json\/wp\/v2\/product\/14600","targetHints":{"allow":["GET"]}}],"collection":[{"href":"https:\/\/boutique-one-piece.com\/pl\/wp-json\/wp\/v2\/product"}],"about":[{"href":"https:\/\/boutique-one-piece.com\/pl\/wp-json\/wp\/v2\/types\/product"}],"replies":[{"embeddable":true,"href":"https:\/\/boutique-one-piece.com\/pl\/wp-json\/wp\/v2\/comments?post=14600"}],"wp:featuredmedia":[{"embeddable":true,"href":"https:\/\/boutique-one-piece.com\/pl\/wp-json\/wp\/v2\/media\/14602"}],"wp:attachment":[{"href":"https:\/\/boutique-one-piece.com\/pl\/wp-json\/wp\/v2\/media?parent=14600"}],"wp:term":[{"taxonomy":"product_brand","embeddable":true,"href":"https:\/\/boutique-one-piece.com\/pl\/wp-json\/wp\/v2\/product_brand?post=14600"},{"taxonomy":"product_cat","embeddable":true,"href":"https:\/\/boutique-one-piece.com\/pl\/wp-json\/wp\/v2\/product_cat?post=14600"},{"taxonomy":"product_tag","embeddable":true,"href":"https:\/\/boutique-one-piece.com\/pl\/wp-json\/wp\/v2\/product_tag?post=14600"}],"curies":[{"name":"wp","href":"https:\/\/api.w.org\/{rel}","templated":true}]}}