{"id":14637,"date":"2022-09-27T21:33:27","date_gmt":"2022-09-27T21:33:27","guid":{"rendered":"https:\/\/boutique-one-piece.com\/uncategorized\/tableau-one-piece-corazon-le-frere-de-doflammingo\/"},"modified":"2024-09-16T13:46:29","modified_gmt":"2024-09-16T13:46:29","slug":"jednoczesciowy-obraz-corazona-brata-doflamingo","status":"publish","type":"product","link":"https:\/\/boutique-one-piece.com\/pl\/dekoracje-one-piece\/jednoczesciowy-obraz-corazona-brata-doflamingo\/","title":{"rendered":"Jednocz\u0119\u015bciowy obraz Corazon: Brat Doflamminga"},"content":{"rendered":"<p><span><strong>Uprzejmy:<\/strong> Druki na p\u0142\u00f3tnie<\/span><br \/><span><strong>Tematy:<\/strong> O\u017cywienie<\/span><br \/><span><strong>Tryb ramki:<\/strong> Lustra w ramach<\/span><br \/><span><strong>Tworzywo:<\/strong> P\u0142\u00f3tno<\/span><br \/><span><strong>Styl:<\/strong> Klasyczny<\/span><br \/><span><strong>Rama:<\/strong> Tak<\/span><br \/><span><strong>\u015aredni:<\/strong> Olej<\/span><br \/><span><strong>Wsparcie podstawowe:<\/strong> P\u0142\u00f3tno<\/span><br \/><span><strong>Formularz:<\/strong> \u0141\u0105czny<\/span><br \/><span><strong>Technika:<\/strong> Malowanie natryskowe<\/span><br \/><span><strong>Numer modelu:<\/strong> Malarstwo<\/span><br \/><span><strong>Kszta\u0142t:<\/strong> Nieregularny<\/span><br \/><span><strong>Oryginalny:<\/strong> Tak<\/span><br \/><span><strong>Rodzaj kaligrafii i malarstwa:<\/strong> Malowanie na p\u0142\u00f3tnie<\/span><br \/><span><strong>Malarstwo nowoczesne:<\/strong> Drukowany obraz olejny<\/span><br \/><span><strong>Styl i technika malowania:<\/strong> Nowoczesne dekoracyjne wydruki na p\u0142\u00f3tnie<\/span><br \/><span><strong>Styl malarstwa olejnego:<\/strong> Nowoczesne wydruki giclee na \u015bcian\u0119<\/span><br \/><span><strong>Nowoczesne wydruki giclee na \u015bcian\u0119:<\/strong> Zielony nadruk na p\u0142\u00f3tnie<\/span><br \/><span><strong>Pow\u0142oka:<\/strong> UV, wodoodporny, odporny na wilgo\u0107<\/span><br \/><span><strong>Rama:<\/strong> Z ram\u0105<\/span><br \/><span><strong>Tworzywo:<\/strong> P\u0142\u00f3tno<\/span><br \/><span><strong>Zdj\u0119cie:<\/strong> Sztuka \u015bcienna<\/span><br \/><span><strong>Dzie\u0142o sztuki:<\/strong> Wydruki na p\u0142\u00f3tnie<\/span><\/p>","protected":false},"excerpt":{"rendered":"<p>Type: Canvas PrintingsSubjects: AnimationFrame mode: Framed MirrorsMaterial: CanvasStyle: ClassicalFrame: YesMedium: OilSupport Base: CanvasForm: CombinedTechnics: Spray PaintingModel Number: PaintingShape: IrregularOriginal: YesCalligraphy and painting type: Canvas PaintingModern Painting : Printed Oil PaintingPainting Style And Technic: Modern Decorative Canvas Art PrintsOil Painting Style : Modern Wall Art Giclee PrintsModern Wall Art Giclee Prints: Green Ink Print on CanvasCoating: [&hellip;]<\/p>","protected":false},"featured_media":14639,"comment_status":"open","ping_status":"open","template":"","meta":[],"product_brand":[],"product_cat":[150],"product_tag":[],"class_list":{"0":"post-14637","1":"product","2":"type-product","3":"status-publish","4":"has-post-thumbnail","6":"product_cat-decorations-one-piece","8":"first","9":"instock","10":"purchasable","11":"product-type-variable","12":"has-default-attributes"},"yoast_head":"<!-- This site is optimized with the Yoast SEO plugin v27.5 - https:\/\/yoast.com\/product\/yoast-seo-wordpress\/ -->\n<title>Tableau One Piece Corazon Le Fr\u00e8re de Doflammingo \u2013 Boutique One Piece<\/title>\n<meta name=\"description\" content=\"Type: Canvas PrintingsSubjects: AnimationFrame mode: Framed MirrorsMaterial: CanvasStyle: ClassicalFrame: YesMedium: OilSupport Base: CanvasForm: CombinedTechnics: Spray PaintingModel Number: PaintingShape: IrregularOriginal: YesCalligraphy and painting type: Canvas PaintingModern Painting : Printed Oil PaintingPaintin\" \/>\n<meta name=\"robots\" content=\"index, follow, max-snippet:-1, max-image-preview:large, max-video-preview:-1\" \/>\n<link rel=\"canonical\" href=\"https:\/\/boutique-one-piece.com\/pl\/dekoracje-one-piece\/jednoczesciowy-obraz-corazona-brata-doflamingo\/\" \/>\n<meta property=\"og:locale\" content=\"pl_PL\" \/>\n<meta property=\"og:type\" content=\"article\" \/>\n<meta property=\"og:title\" content=\"Tableau One Piece Corazon Le Fr\u00e8re de Doflammingo \u2013 Boutique One Piece\" \/>\n<meta property=\"og:description\" content=\"Type: Canvas PrintingsSubjects: AnimationFrame mode: Framed MirrorsMaterial: CanvasStyle: ClassicalFrame: YesMedium: OilSupport Base: CanvasForm: CombinedTechnics: Spray PaintingModel Number: PaintingShape: IrregularOriginal: YesCalligraphy and painting type: Canvas PaintingModern Painting : Printed Oil PaintingPaintin\" \/>\n<meta property=\"og:url\" content=\"https:\/\/boutique-one-piece.com\/pl\/dekoracje-one-piece\/jednoczesciowy-obraz-corazona-brata-doflamingo\/\" \/>\n<meta property=\"og:site_name\" content=\"Boutique One Piece\" \/>\n<meta property=\"article:modified_time\" content=\"2024-09-16T13:46:29+00:00\" \/>\n<meta property=\"og:image\" content=\"https:\/\/boutique-one-piece.com\/wp-content\/uploads\/2022\/09\/Tableau-One-Piece-Corazon-Le-Frere-de-Doflammingo-1.jpg\" \/>\n\t<meta property=\"og:image:width\" content=\"800\" \/>\n\t<meta property=\"og:image:height\" content=\"800\" \/>\n\t<meta property=\"og:image:type\" content=\"image\/jpeg\" \/>\n<meta name=\"twitter:card\" content=\"summary_large_image\" \/>\n<script type=\"application\/ld+json\" class=\"yoast-schema-graph\">{\"@context\":\"https:\\\/\\\/schema.org\",\"@graph\":[{\"@type\":\"WebPage\",\"@id\":\"https:\\\/\\\/boutique-one-piece.com\\\/decorations-one-piece\\\/tableau-one-piece-corazon-le-frere-de-doflammingo\\\/\",\"url\":\"https:\\\/\\\/boutique-one-piece.com\\\/decorations-one-piece\\\/tableau-one-piece-corazon-le-frere-de-doflammingo\\\/\",\"name\":\"Tableau One Piece Corazon Le Fr\u00e8re de Doflammingo \u2013 Boutique One Piece\",\"isPartOf\":{\"@id\":\"https:\\\/\\\/boutique-one-piece.com\\\/#website\"},\"primaryImageOfPage\":{\"@id\":\"https:\\\/\\\/boutique-one-piece.com\\\/decorations-one-piece\\\/tableau-one-piece-corazon-le-frere-de-doflammingo\\\/#primaryimage\"},\"image\":{\"@id\":\"https:\\\/\\\/boutique-one-piece.com\\\/decorations-one-piece\\\/tableau-one-piece-corazon-le-frere-de-doflammingo\\\/#primaryimage\"},\"thumbnailUrl\":\"https:\\\/\\\/boutique-one-piece.com\\\/wp-content\\\/uploads\\\/2022\\\/09\\\/Tableau-One-Piece-Corazon-Le-Frere-de-Doflammingo-1.jpg\",\"datePublished\":\"2022-09-27T21:33:27+00:00\",\"dateModified\":\"2024-09-16T13:46:29+00:00\",\"description\":\"Type: Canvas PrintingsSubjects: AnimationFrame mode: Framed MirrorsMaterial: CanvasStyle: ClassicalFrame: YesMedium: OilSupport Base: CanvasForm: CombinedTechnics: Spray PaintingModel Number: PaintingShape: IrregularOriginal: YesCalligraphy and painting type: Canvas PaintingModern Painting : Printed Oil PaintingPaintin\",\"breadcrumb\":{\"@id\":\"https:\\\/\\\/boutique-one-piece.com\\\/decorations-one-piece\\\/tableau-one-piece-corazon-le-frere-de-doflammingo\\\/#breadcrumb\"},\"inLanguage\":\"pl-PL\",\"potentialAction\":[{\"@type\":\"ReadAction\",\"target\":[\"https:\\\/\\\/boutique-one-piece.com\\\/decorations-one-piece\\\/tableau-one-piece-corazon-le-frere-de-doflammingo\\\/\"]}]},{\"@type\":\"ImageObject\",\"inLanguage\":\"pl-PL\",\"@id\":\"https:\\\/\\\/boutique-one-piece.com\\\/decorations-one-piece\\\/tableau-one-piece-corazon-le-frere-de-doflammingo\\\/#primaryimage\",\"url\":\"https:\\\/\\\/boutique-one-piece.com\\\/wp-content\\\/uploads\\\/2022\\\/09\\\/Tableau-One-Piece-Corazon-Le-Frere-de-Doflammingo-1.jpg\",\"contentUrl\":\"https:\\\/\\\/boutique-one-piece.com\\\/wp-content\\\/uploads\\\/2022\\\/09\\\/Tableau-One-Piece-Corazon-Le-Frere-de-Doflammingo-1.jpg\",\"width\":800,\"height\":800},{\"@type\":\"BreadcrumbList\",\"@id\":\"https:\\\/\\\/boutique-one-piece.com\\\/decorations-one-piece\\\/tableau-one-piece-corazon-le-frere-de-doflammingo\\\/#breadcrumb\",\"itemListElement\":[{\"@type\":\"ListItem\",\"position\":1,\"name\":\"Home\",\"item\":\"https:\\\/\\\/boutique-one-piece.com\\\/\"},{\"@type\":\"ListItem\",\"position\":2,\"name\":\"Shop\",\"item\":\"https:\\\/\\\/boutique-one-piece.com\\\/shop\\\/\"},{\"@type\":\"ListItem\",\"position\":3,\"name\":\"Tableau One Piece Corazon Le Fr\u00e8re de Doflammingo\"}]},{\"@type\":\"WebSite\",\"@id\":\"https:\\\/\\\/boutique-one-piece.com\\\/#website\",\"url\":\"https:\\\/\\\/boutique-one-piece.com\\\/\",\"name\":\"Boutique One Piece\",\"description\":\"Magasin Sp\u00e9cialis\u00e9 du Manga et l&#039;Anime One Piece\",\"publisher\":{\"@id\":\"https:\\\/\\\/boutique-one-piece.com\\\/#organization\"},\"potentialAction\":[{\"@type\":\"SearchAction\",\"target\":{\"@type\":\"EntryPoint\",\"urlTemplate\":\"https:\\\/\\\/boutique-one-piece.com\\\/?s={search_term_string}\"},\"query-input\":{\"@type\":\"PropertyValueSpecification\",\"valueRequired\":true,\"valueName\":\"search_term_string\"}}],\"inLanguage\":\"pl-PL\"},{\"@type\":\"Organization\",\"@id\":\"https:\\\/\\\/boutique-one-piece.com\\\/#organization\",\"name\":\"Boutique One Piece\",\"url\":\"https:\\\/\\\/boutique-one-piece.com\\\/\",\"logo\":{\"@type\":\"ImageObject\",\"inLanguage\":\"pl-PL\",\"@id\":\"https:\\\/\\\/boutique-one-piece.com\\\/#\\\/schema\\\/logo\\\/image\\\/\",\"url\":\"https:\\\/\\\/boutique-one-piece.com\\\/wp-content\\\/uploads\\\/2022\\\/09\\\/Logo-01.png\",\"contentUrl\":\"https:\\\/\\\/boutique-one-piece.com\\\/wp-content\\\/uploads\\\/2022\\\/09\\\/Logo-01.png\",\"width\":2318,\"height\":957,\"caption\":\"Boutique One Piece\"},\"image\":{\"@id\":\"https:\\\/\\\/boutique-one-piece.com\\\/#\\\/schema\\\/logo\\\/image\\\/\"}}]}<\/script>\n<!-- \/ Yoast SEO plugin. -->","yoast_head_json":{"title":"Obraz One Piece Corazon (Brata Doflammingo) \u2013 Sklep One Piece","description":"Typ: Wydruki na p\u0142\u00f3tnieTematy: AnimacjaTryb kadrowania: Lustra w ramkachMateria\u0142: P\u0142\u00f3tnoStyl: KlasycznyRama: TakMedium: OlejPodstawa: P\u0142\u00f3tnoForma: Po\u0142\u0105czonaTechniki: Malowanie natryskoweNumer modelu: MalowanieKszta\u0142t: NieregularnyOrygina\u0142: TakTyp kaligrafii i malarstwa: Malarstwo na p\u0142\u00f3tnieMalarstwo nowoczesne: Malarstwo olejne drukowaneMalowanie","robots":{"index":"index","follow":"follow","max-snippet":"max-snippet:-1","max-image-preview":"max-image-preview:large","max-video-preview":"max-video-preview:-1"},"canonical":"https:\/\/boutique-one-piece.com\/pl\/dekoracje-one-piece\/jednoczesciowy-obraz-corazona-brata-doflamingo\/","og_locale":"pl_PL","og_type":"article","og_title":"Tableau One Piece Corazon Le Fr\u00e8re de Doflammingo \u2013 Boutique One Piece","og_description":"Type: Canvas PrintingsSubjects: AnimationFrame mode: Framed MirrorsMaterial: CanvasStyle: ClassicalFrame: YesMedium: OilSupport Base: CanvasForm: CombinedTechnics: Spray PaintingModel Number: PaintingShape: IrregularOriginal: YesCalligraphy and painting type: Canvas PaintingModern Painting : Printed Oil PaintingPaintin","og_url":"https:\/\/boutique-one-piece.com\/pl\/dekoracje-one-piece\/jednoczesciowy-obraz-corazona-brata-doflamingo\/","og_site_name":"Boutique One Piece","article_modified_time":"2024-09-16T13:46:29+00:00","og_image":[{"width":800,"height":800,"url":"https:\/\/boutique-one-piece.com\/wp-content\/uploads\/2022\/09\/Tableau-One-Piece-Corazon-Le-Frere-de-Doflammingo-1.jpg","type":"image\/jpeg"}],"twitter_card":"summary_large_image","schema":{"@context":"https:\/\/schema.org","@graph":[{"@type":"WebPage","@id":"https:\/\/boutique-one-piece.com\/decorations-one-piece\/tableau-one-piece-corazon-le-frere-de-doflammingo\/","url":"https:\/\/boutique-one-piece.com\/decorations-one-piece\/tableau-one-piece-corazon-le-frere-de-doflammingo\/","name":"Obraz One Piece Corazon (Brata Doflammingo) \u2013 Sklep One Piece","isPartOf":{"@id":"https:\/\/boutique-one-piece.com\/#website"},"primaryImageOfPage":{"@id":"https:\/\/boutique-one-piece.com\/decorations-one-piece\/tableau-one-piece-corazon-le-frere-de-doflammingo\/#primaryimage"},"image":{"@id":"https:\/\/boutique-one-piece.com\/decorations-one-piece\/tableau-one-piece-corazon-le-frere-de-doflammingo\/#primaryimage"},"thumbnailUrl":"https:\/\/boutique-one-piece.com\/wp-content\/uploads\/2022\/09\/Tableau-One-Piece-Corazon-Le-Frere-de-Doflammingo-1.jpg","datePublished":"2022-09-27T21:33:27+00:00","dateModified":"2024-09-16T13:46:29+00:00","description":"Typ: Wydruki na p\u0142\u00f3tnieTematy: AnimacjaTryb kadrowania: Lustra w ramkachMateria\u0142: P\u0142\u00f3tnoStyl: KlasycznyRama: TakMedium: OlejPodstawa: P\u0142\u00f3tnoForma: Po\u0142\u0105czonaTechniki: Malowanie natryskoweNumer modelu: MalowanieKszta\u0142t: NieregularnyOrygina\u0142: TakTyp kaligrafii i malarstwa: Malarstwo na p\u0142\u00f3tnieMalarstwo nowoczesne: Malarstwo olejne drukowaneMalowanie","breadcrumb":{"@id":"https:\/\/boutique-one-piece.com\/decorations-one-piece\/tableau-one-piece-corazon-le-frere-de-doflammingo\/#breadcrumb"},"inLanguage":"pl-PL","potentialAction":[{"@type":"ReadAction","target":["https:\/\/boutique-one-piece.com\/decorations-one-piece\/tableau-one-piece-corazon-le-frere-de-doflammingo\/"]}]},{"@type":"ImageObject","inLanguage":"pl-PL","@id":"https:\/\/boutique-one-piece.com\/decorations-one-piece\/tableau-one-piece-corazon-le-frere-de-doflammingo\/#primaryimage","url":"https:\/\/boutique-one-piece.com\/wp-content\/uploads\/2022\/09\/Tableau-One-Piece-Corazon-Le-Frere-de-Doflammingo-1.jpg","contentUrl":"https:\/\/boutique-one-piece.com\/wp-content\/uploads\/2022\/09\/Tableau-One-Piece-Corazon-Le-Frere-de-Doflammingo-1.jpg","width":800,"height":800},{"@type":"BreadcrumbList","@id":"https:\/\/boutique-one-piece.com\/decorations-one-piece\/tableau-one-piece-corazon-le-frere-de-doflammingo\/#breadcrumb","itemListElement":[{"@type":"ListItem","position":1,"name":"Home","item":"https:\/\/boutique-one-piece.com\/"},{"@type":"ListItem","position":2,"name":"Shop","item":"https:\/\/boutique-one-piece.com\/shop\/"},{"@type":"ListItem","position":3,"name":"Tableau One Piece Corazon Le Fr\u00e8re de Doflammingo"}]},{"@type":"WebSite","@id":"https:\/\/boutique-one-piece.com\/#website","url":"https:\/\/boutique-one-piece.com\/","name":"One Piece Shop","description":"Sklep specjalistyczny z mang\u0105 i anime One Piece","publisher":{"@id":"https:\/\/boutique-one-piece.com\/#organization"},"potentialAction":[{"@type":"SearchAction","target":{"@type":"EntryPoint","urlTemplate":"https:\/\/boutique-one-piece.com\/?s={search_term_string}"},"query-input":{"@type":"PropertyValueSpecification","valueRequired":true,"valueName":"search_term_string"}}],"inLanguage":"pl-PL"},{"@type":"Organization","@id":"https:\/\/boutique-one-piece.com\/#organization","name":"One Piece Shop","url":"https:\/\/boutique-one-piece.com\/","logo":{"@type":"ImageObject","inLanguage":"pl-PL","@id":"https:\/\/boutique-one-piece.com\/#\/schema\/logo\/image\/","url":"https:\/\/boutique-one-piece.com\/wp-content\/uploads\/2022\/09\/Logo-01.png","contentUrl":"https:\/\/boutique-one-piece.com\/wp-content\/uploads\/2022\/09\/Logo-01.png","width":2318,"height":957,"caption":"Boutique One Piece"},"image":{"@id":"https:\/\/boutique-one-piece.com\/#\/schema\/logo\/image\/"}}]}},"_links":{"self":[{"href":"https:\/\/boutique-one-piece.com\/pl\/wp-json\/wp\/v2\/product\/14637","targetHints":{"allow":["GET"]}}],"collection":[{"href":"https:\/\/boutique-one-piece.com\/pl\/wp-json\/wp\/v2\/product"}],"about":[{"href":"https:\/\/boutique-one-piece.com\/pl\/wp-json\/wp\/v2\/types\/product"}],"replies":[{"embeddable":true,"href":"https:\/\/boutique-one-piece.com\/pl\/wp-json\/wp\/v2\/comments?post=14637"}],"wp:featuredmedia":[{"embeddable":true,"href":"https:\/\/boutique-one-piece.com\/pl\/wp-json\/wp\/v2\/media\/14639"}],"wp:attachment":[{"href":"https:\/\/boutique-one-piece.com\/pl\/wp-json\/wp\/v2\/media?parent=14637"}],"wp:term":[{"taxonomy":"product_brand","embeddable":true,"href":"https:\/\/boutique-one-piece.com\/pl\/wp-json\/wp\/v2\/product_brand?post=14637"},{"taxonomy":"product_cat","embeddable":true,"href":"https:\/\/boutique-one-piece.com\/pl\/wp-json\/wp\/v2\/product_cat?post=14637"},{"taxonomy":"product_tag","embeddable":true,"href":"https:\/\/boutique-one-piece.com\/pl\/wp-json\/wp\/v2\/product_tag?post=14637"}],"curies":[{"name":"wp","href":"https:\/\/api.w.org\/{rel}","templated":true}]}}