{"id":14727,"date":"2022-09-27T21:33:56","date_gmt":"2022-09-27T21:33:56","guid":{"rendered":"https:\/\/boutique-one-piece.com\/uncategorized\/t-shirt-one-piece-trafalgar-d-water-law-2\/"},"modified":"2024-09-16T13:48:44","modified_gmt":"2024-09-16T13:48:44","slug":"koszulka-jednoczesciowa-trafalgar-d-water-law-2","status":"publish","type":"product","link":"https:\/\/boutique-one-piece.com\/pl\/ubrania-jednoczesciowe\/koszulki-one-piece\/koszulka-jednoczesciowa-trafalgar-d-water-law-2\/","title":{"rendered":"Jednocz\u0119\u015bciowa koszulka Trafalgar Law"},"content":{"rendered":"<h2>\n<b>Jednocz\u0119\u015bciowa koszulka Trafalgara D. Water Law z jego Jolly Rogerem<\/b><b>Do\u0142\u0105cz do za\u0142ogi&nbsp;<\/b><b>Prawo Trafalgarskie<\/b><b>&nbsp;No\u015b te kolory! Z dum\u0105 poka\u017c swoj\u0105 przynale\u017cno\u015b\u0107 do \u00abTeam Law\u00bb<\/b><\/h2>\n<p>Je\u015bli jeste\u015b&nbsp;<strong>prawdziwy pirat<\/strong>, Docenisz&nbsp;<strong>jako\u015b\u0107<\/strong>&nbsp;tkanina i&nbsp;<strong>Drukowanie na p\u0142\u00f3tnie 3D<\/strong>&nbsp;tego&nbsp;<strong>Koszulka One Piece<\/strong>&nbsp;Ale co najwa\u017cniejsze, dzi\u0119ki temu&nbsp;<strong>drukowany d\u017cersej<\/strong>&nbsp;dlatego, \u017ce b\u0119dziesz cz\u0119\u015bci\u0105&nbsp;<strong>ekipa fan\u00f3w<\/strong>&nbsp;z&nbsp;<strong>manga piracka<\/strong>&nbsp;i otrzymasz:<\/p>\n<ul>\n<li>&nbsp;<strong>Podziw<\/strong>&nbsp;wszystkich fan\u00f3w&nbsp;<strong>mugiwara<\/strong>&nbsp;\u017ce spotkasz<\/li>\n<\/ul>\n<ul>\n<li>Prawdziwy&nbsp;<strong>koszulka z nadrukiem<\/strong>&nbsp;z kt\u00f3rym mo\u017cesz&nbsp;<strong>udzia\u0142<\/strong><span>&nbsp;<\/span>tw\u00f3j<span>&nbsp;<\/span><strong>pasja<\/strong><span>&nbsp;<\/span>Dla<span>&nbsp;<\/span><strong>wszech\u015bwiat<\/strong><span>&nbsp;<\/span>z<span>&nbsp;<\/span><strong>Licencja One Piece<\/strong><\/li>\n<\/ul>\n<p>Wi\u0119c jeste\u015b gotowy do noszenia&nbsp;<strong>zabarwienie&nbsp;<\/strong>z<b>&nbsp;<\/b>tw\u00f3j<b><span>&nbsp;<\/span>ulubiona manga<\/b>&nbsp;?<\/p>\n<h2>Jeste\u015b fanem mangi lub anime One Piece? Poka\u017c to w tej koszulce z nadrukiem One Piece!<\/h2>\n<p>Je\u015bli ty&nbsp;<strong>Czyta\u0107<\/strong>&nbsp;lub gdziekolwiek spojrzysz&nbsp;<span>&nbsp;<\/span><strong>Japo\u0144skie anime<\/strong>, Jest du\u017ca szansa, \u017ce si\u0119 sta\u0142e\u015b&nbsp;<strong>szalony na punkcie One Piece<\/strong>&nbsp;Dzi\u0119ki temu!<span>&nbsp;<\/span><strong>Koszulka jednocz\u0119\u015bciowa<span>&nbsp;Prawo Trafalgarskie<\/span><\/strong>, do\u0142\u0105cz do\u2019<strong>ekipa fan\u00f3w serii<\/strong><\/p>\n<p>Ten&nbsp;<strong>bia\u0142a koszulka<\/strong>&nbsp;jest dost\u0119pny w rozmiarach&nbsp;<strong>XS<\/strong>,<strong>&nbsp;S<\/strong>,<strong>&nbsp;M<\/strong>,<strong>&nbsp;L<\/strong>,&nbsp;<strong>XL<\/strong>,&nbsp;<strong>XXL<\/strong>, B\u0119dzie pasowa\u0107 ka\u017cdej kategorii pirat\u00f3w.,<span>&nbsp;<\/span><strong>Cz\u0142owiek<\/strong>&nbsp;Lub<span>&nbsp;<\/span><strong>kobiety<\/strong>, nawet je\u015bli nie masz&nbsp;<strong>miecz<\/strong>&nbsp;Lub&nbsp;<strong>diabelski owoc<\/strong>&nbsp;Nadal mo\u017cesz nosi\u0107 je z dum\u0105.<\/p>\n<h2>Informacje o koszulce:&nbsp;<\/h2>\n<ul>\n<li>&nbsp;<strong>Koszulka najwy\u017cszej jako\u015bci&nbsp;<\/strong>:ma&nbsp;<strong>wysoka gramatura<\/strong>, z wysokiej jako\u015bci materia\u0142\u00f3w<\/li>\n<\/ul>\n<ul>\n<li>\n<strong>Lu\u017any kr\u00f3j<\/strong>&nbsp;:&nbsp;&nbsp;<strong>koszulka<\/strong>&nbsp;z&nbsp;<strong>szerokie ci\u0119cie<\/strong>, dla dodatkowego komfortu<\/li>\n<\/ul>\n<ul>\n<li>\n<strong>Bardzo wygodne&nbsp;<\/strong>z tymi&nbsp;<strong>w\u0142\u00f3kna<\/strong>&nbsp;z&nbsp;<strong>bawe\u0142na<\/strong>&nbsp;\u015awietnie&nbsp;<strong>mi\u0119kki<\/strong>, nie ma&nbsp;<strong>tarcie<\/strong><\/li>\n<\/ul>\n<ul>\n<li>\n<strong>Druk cyfrowy 3D<\/strong>&nbsp;:&nbsp;<strong>koszulka z nadrukiem<\/strong>&nbsp;z oryginalnym designem,&nbsp;<strong>Wydruk na p\u0142\u00f3tnie<\/strong><\/li>\n<\/ul>\n<ul>\n<li>\n<strong>Bawe\u0142na organiczna&nbsp;<\/strong>: wysokiej jako\u015bci bawe\u0142na z&nbsp;<strong>bardzo d\u0142ugie w\u0142\u00f3kna<\/strong><\/li>\n<\/ul>\n<ul>\n<li>\n<strong>Darmowa dostawa&nbsp;<\/strong>za ka\u017cdy zakup<\/li>\n<\/ul>\n<h2><strong>Nie zapomnij zapozna\u0107 si\u0119 z poni\u017csz\u0105 tabel\u0105 rozmiar\u00f3w.<\/strong><\/h2>\n<p><span>&nbsp;<img decoding=\"async\" src=\"https:\/\/cdn.shopify.com\/s\/files\/1\/0087\/7556\/5348\/files\/boutque__one__piece__tableau__taille__t-shirt_large.jpg?v=1559655065\" alt=\"Przewodnik po rozmiarach koszulek One Piece Luffy Future King of the Pirates\"><\/span><\/p>\n<h3>Instrukcja prania:<\/h3>\n<ul>\n<li>Pra\u0107 w pralce w temperaturze 30\u00b0C, cykl delikatny<\/li>\n<\/ul>\n<ul>\n<li>Wr\u00f3\u0107 do<span>&nbsp;<\/span>odwrotna strona<\/li>\n<\/ul>\n<p>Dla<span>&nbsp;<\/span><strong>zachowa\u0107 jako\u015b\u0107<\/strong><span>&nbsp;<\/span>tego<span>&nbsp;<\/span><strong>Koszulka One Piece<\/strong>, zalecamy, aby\u015b<span>&nbsp;<\/span><strong>szacunek<\/strong><span>&nbsp;<\/span>THE<span>&nbsp;<\/span><strong>instrukcje prania<\/strong>.<\/p>","protected":false},"excerpt":{"rendered":"<p>T-Shirt One Piece Trafalgar D. Water Law avec&nbsp;son Jolly RogerRejoins l&rsquo;\u00c9quipage de&nbsp;Trafalgar Law&nbsp;en Portant ces Couleurs ! Porte Fi\u00e8rement ton appartenance \u00e0 la \u00ab\u00a0Team Law\u00a0\u00bb Si tu es un&nbsp;v\u00e9ritable pirate, tu sauras appr\u00e9cier la&nbsp;qualit\u00e9&nbsp;du tissu et de&nbsp;l&rsquo;impression 3D Canvas&nbsp;de ce&nbsp;t-shirt&nbsp;One Piece&nbsp;!&nbsp;Mais le plus important, avec ce&nbsp;maillot&nbsp;imprim\u00e9&nbsp;c\u2019est que tu&nbsp;feras partie de&nbsp;l&rsquo;\u00e9quipage&nbsp;des fans&nbsp;du&nbsp;manga de pirates&nbsp;et tu obtiendras&nbsp;: [&hellip;]<\/p>","protected":false},"featured_media":18189,"comment_status":"open","ping_status":"open","template":"","meta":[],"product_brand":[],"product_cat":[53],"product_tag":[202],"class_list":{"0":"post-14727","1":"product","2":"type-product","3":"status-publish","4":"has-post-thumbnail","6":"product_cat-t-shirts-one-piece","7":"product_tag-law","9":"first","10":"instock","11":"purchasable","12":"product-type-variable"},"yoast_head":"<!-- This site is optimized with the Yoast SEO plugin v27.5 - https:\/\/yoast.com\/product\/yoast-seo-wordpress\/ -->\n<title>T-Shirt One Piece Trafalgar D. Water Law et son Jolly Roger<\/title>\n<meta name=\"description\" content=\"T-Shirt One Piece Trafalgar D. Water Law avec son Jolly Roger en Rouge de Tr\u00e8s Haute Qualit\u00e9 : Rejoins l&#039;\u00c9quipage de Trafalgar Law en Portant ces Couleurs !\" \/>\n<meta name=\"robots\" content=\"index, follow, max-snippet:-1, max-image-preview:large, max-video-preview:-1\" \/>\n<link rel=\"canonical\" href=\"https:\/\/boutique-one-piece.com\/pl\/ubrania-jednoczesciowe\/koszulki-one-piece\/koszulka-jednoczesciowa-trafalgar-d-water-law-2\/\" \/>\n<meta property=\"og:locale\" content=\"pl_PL\" \/>\n<meta property=\"og:type\" content=\"article\" \/>\n<meta property=\"og:title\" content=\"T-Shirt One Piece Trafalgar D. Water Law et son Jolly Roger\" \/>\n<meta property=\"og:description\" content=\"T-Shirt One Piece Trafalgar D. Water Law avec son Jolly Roger en Rouge de Tr\u00e8s Haute Qualit\u00e9 : Rejoins l&#039;\u00c9quipage de Trafalgar Law en Portant ces Couleurs !\" \/>\n<meta property=\"og:url\" content=\"https:\/\/boutique-one-piece.com\/pl\/ubrania-jednoczesciowe\/koszulki-one-piece\/koszulka-jednoczesciowa-trafalgar-d-water-law-2\/\" \/>\n<meta property=\"og:site_name\" content=\"Boutique One Piece\" \/>\n<meta property=\"article:modified_time\" content=\"2024-09-16T13:48:44+00:00\" \/>\n<meta property=\"og:image\" content=\"https:\/\/boutique-one-piece.com\/wp-content\/uploads\/2022\/09\/t-shirt-one-piece-trafalgar-law-4973894434852.jpg\" \/>\n\t<meta property=\"og:image:width\" content=\"600\" \/>\n\t<meta property=\"og:image:height\" content=\"600\" \/>\n\t<meta property=\"og:image:type\" content=\"image\/jpeg\" \/>\n<meta name=\"twitter:card\" content=\"summary_large_image\" \/>\n<meta name=\"twitter:label1\" content=\"Szacowany czas czytania\" \/>\n\t<meta name=\"twitter:data1\" content=\"3 minuty\" \/>\n<script type=\"application\/ld+json\" class=\"yoast-schema-graph\">{\"@context\":\"https:\\\/\\\/schema.org\",\"@graph\":[{\"@type\":\"WebPage\",\"@id\":\"https:\\\/\\\/boutique-one-piece.com\\\/vetements-one-piece\\\/t-shirts-one-piece\\\/t-shirt-one-piece-trafalgar-d-water-law-2\\\/\",\"url\":\"https:\\\/\\\/boutique-one-piece.com\\\/vetements-one-piece\\\/t-shirts-one-piece\\\/t-shirt-one-piece-trafalgar-d-water-law-2\\\/\",\"name\":\"T-Shirt One Piece Trafalgar D. Water Law et son Jolly Roger\",\"isPartOf\":{\"@id\":\"https:\\\/\\\/boutique-one-piece.com\\\/#website\"},\"primaryImageOfPage\":{\"@id\":\"https:\\\/\\\/boutique-one-piece.com\\\/vetements-one-piece\\\/t-shirts-one-piece\\\/t-shirt-one-piece-trafalgar-d-water-law-2\\\/#primaryimage\"},\"image\":{\"@id\":\"https:\\\/\\\/boutique-one-piece.com\\\/vetements-one-piece\\\/t-shirts-one-piece\\\/t-shirt-one-piece-trafalgar-d-water-law-2\\\/#primaryimage\"},\"thumbnailUrl\":\"https:\\\/\\\/boutique-one-piece.com\\\/wp-content\\\/uploads\\\/2022\\\/09\\\/t-shirt-one-piece-trafalgar-law-4973894434852.jpg\",\"datePublished\":\"2022-09-27T21:33:56+00:00\",\"dateModified\":\"2024-09-16T13:48:44+00:00\",\"description\":\"T-Shirt One Piece Trafalgar D. Water Law avec son Jolly Roger en Rouge de Tr\u00e8s Haute Qualit\u00e9 : Rejoins l'\u00c9quipage de Trafalgar Law en Portant ces Couleurs !\",\"breadcrumb\":{\"@id\":\"https:\\\/\\\/boutique-one-piece.com\\\/vetements-one-piece\\\/t-shirts-one-piece\\\/t-shirt-one-piece-trafalgar-d-water-law-2\\\/#breadcrumb\"},\"inLanguage\":\"pl-PL\",\"potentialAction\":[{\"@type\":\"ReadAction\",\"target\":[\"https:\\\/\\\/boutique-one-piece.com\\\/vetements-one-piece\\\/t-shirts-one-piece\\\/t-shirt-one-piece-trafalgar-d-water-law-2\\\/\"]}]},{\"@type\":\"ImageObject\",\"inLanguage\":\"pl-PL\",\"@id\":\"https:\\\/\\\/boutique-one-piece.com\\\/vetements-one-piece\\\/t-shirts-one-piece\\\/t-shirt-one-piece-trafalgar-d-water-law-2\\\/#primaryimage\",\"url\":\"https:\\\/\\\/boutique-one-piece.com\\\/wp-content\\\/uploads\\\/2022\\\/09\\\/t-shirt-one-piece-trafalgar-law-4973894434852.jpg\",\"contentUrl\":\"https:\\\/\\\/boutique-one-piece.com\\\/wp-content\\\/uploads\\\/2022\\\/09\\\/t-shirt-one-piece-trafalgar-law-4973894434852.jpg\",\"width\":600,\"height\":600},{\"@type\":\"BreadcrumbList\",\"@id\":\"https:\\\/\\\/boutique-one-piece.com\\\/vetements-one-piece\\\/t-shirts-one-piece\\\/t-shirt-one-piece-trafalgar-d-water-law-2\\\/#breadcrumb\",\"itemListElement\":[{\"@type\":\"ListItem\",\"position\":1,\"name\":\"Home\",\"item\":\"https:\\\/\\\/boutique-one-piece.com\\\/\"},{\"@type\":\"ListItem\",\"position\":2,\"name\":\"Shop\",\"item\":\"https:\\\/\\\/boutique-one-piece.com\\\/shop\\\/\"},{\"@type\":\"ListItem\",\"position\":3,\"name\":\"T-Shirt One Piece Trafalgar Law\"}]},{\"@type\":\"WebSite\",\"@id\":\"https:\\\/\\\/boutique-one-piece.com\\\/#website\",\"url\":\"https:\\\/\\\/boutique-one-piece.com\\\/\",\"name\":\"Boutique One Piece\",\"description\":\"Magasin Sp\u00e9cialis\u00e9 du Manga et l&#039;Anime One Piece\",\"publisher\":{\"@id\":\"https:\\\/\\\/boutique-one-piece.com\\\/#organization\"},\"potentialAction\":[{\"@type\":\"SearchAction\",\"target\":{\"@type\":\"EntryPoint\",\"urlTemplate\":\"https:\\\/\\\/boutique-one-piece.com\\\/?s={search_term_string}\"},\"query-input\":{\"@type\":\"PropertyValueSpecification\",\"valueRequired\":true,\"valueName\":\"search_term_string\"}}],\"inLanguage\":\"pl-PL\"},{\"@type\":\"Organization\",\"@id\":\"https:\\\/\\\/boutique-one-piece.com\\\/#organization\",\"name\":\"Boutique One Piece\",\"url\":\"https:\\\/\\\/boutique-one-piece.com\\\/\",\"logo\":{\"@type\":\"ImageObject\",\"inLanguage\":\"pl-PL\",\"@id\":\"https:\\\/\\\/boutique-one-piece.com\\\/#\\\/schema\\\/logo\\\/image\\\/\",\"url\":\"https:\\\/\\\/boutique-one-piece.com\\\/wp-content\\\/uploads\\\/2022\\\/09\\\/Logo-01.png\",\"contentUrl\":\"https:\\\/\\\/boutique-one-piece.com\\\/wp-content\\\/uploads\\\/2022\\\/09\\\/Logo-01.png\",\"width\":2318,\"height\":957,\"caption\":\"Boutique One Piece\"},\"image\":{\"@id\":\"https:\\\/\\\/boutique-one-piece.com\\\/#\\\/schema\\\/logo\\\/image\\\/\"}}]}<\/script>\n<!-- \/ Yoast SEO plugin. -->","yoast_head_json":{"title":"Koszulka jednocz\u0119\u015bciowa Trafalgar D. Prawo wodne i jego Jolly Roger","description":"Jednocz\u0119\u015bciowa koszulka z nadrukiem Trafalgar D. Water Law z jego Jolly Rogerem w kolorze czerwonym - bardzo wysoka jako\u015b\u0107: Do\u0142\u0105cz do za\u0142ogi Trafalgar Law, nosz\u0105c te kolory!","robots":{"index":"index","follow":"follow","max-snippet":"max-snippet:-1","max-image-preview":"max-image-preview:large","max-video-preview":"max-video-preview:-1"},"canonical":"https:\/\/boutique-one-piece.com\/pl\/ubrania-jednoczesciowe\/koszulki-one-piece\/koszulka-jednoczesciowa-trafalgar-d-water-law-2\/","og_locale":"pl_PL","og_type":"article","og_title":"T-Shirt One Piece Trafalgar D. Water Law et son Jolly Roger","og_description":"T-Shirt One Piece Trafalgar D. Water Law avec son Jolly Roger en Rouge de Tr\u00e8s Haute Qualit\u00e9 : Rejoins l'\u00c9quipage de Trafalgar Law en Portant ces Couleurs !","og_url":"https:\/\/boutique-one-piece.com\/pl\/ubrania-jednoczesciowe\/koszulki-one-piece\/koszulka-jednoczesciowa-trafalgar-d-water-law-2\/","og_site_name":"Boutique One Piece","article_modified_time":"2024-09-16T13:48:44+00:00","og_image":[{"width":600,"height":600,"url":"https:\/\/boutique-one-piece.com\/wp-content\/uploads\/2022\/09\/t-shirt-one-piece-trafalgar-law-4973894434852.jpg","type":"image\/jpeg"}],"twitter_card":"summary_large_image","twitter_misc":{"Szacowany czas czytania":"3 minuty"},"schema":{"@context":"https:\/\/schema.org","@graph":[{"@type":"WebPage","@id":"https:\/\/boutique-one-piece.com\/vetements-one-piece\/t-shirts-one-piece\/t-shirt-one-piece-trafalgar-d-water-law-2\/","url":"https:\/\/boutique-one-piece.com\/vetements-one-piece\/t-shirts-one-piece\/t-shirt-one-piece-trafalgar-d-water-law-2\/","name":"Koszulka jednocz\u0119\u015bciowa Trafalgar D. Prawo wodne i jego Jolly Roger","isPartOf":{"@id":"https:\/\/boutique-one-piece.com\/#website"},"primaryImageOfPage":{"@id":"https:\/\/boutique-one-piece.com\/vetements-one-piece\/t-shirts-one-piece\/t-shirt-one-piece-trafalgar-d-water-law-2\/#primaryimage"},"image":{"@id":"https:\/\/boutique-one-piece.com\/vetements-one-piece\/t-shirts-one-piece\/t-shirt-one-piece-trafalgar-d-water-law-2\/#primaryimage"},"thumbnailUrl":"https:\/\/boutique-one-piece.com\/wp-content\/uploads\/2022\/09\/t-shirt-one-piece-trafalgar-law-4973894434852.jpg","datePublished":"2022-09-27T21:33:56+00:00","dateModified":"2024-09-16T13:48:44+00:00","description":"Jednocz\u0119\u015bciowa koszulka z nadrukiem Trafalgar D. Water Law z jego Jolly Rogerem w kolorze czerwonym - bardzo wysoka jako\u015b\u0107: Do\u0142\u0105cz do za\u0142ogi Trafalgar Law, nosz\u0105c te kolory!","breadcrumb":{"@id":"https:\/\/boutique-one-piece.com\/vetements-one-piece\/t-shirts-one-piece\/t-shirt-one-piece-trafalgar-d-water-law-2\/#breadcrumb"},"inLanguage":"pl-PL","potentialAction":[{"@type":"ReadAction","target":["https:\/\/boutique-one-piece.com\/vetements-one-piece\/t-shirts-one-piece\/t-shirt-one-piece-trafalgar-d-water-law-2\/"]}]},{"@type":"ImageObject","inLanguage":"pl-PL","@id":"https:\/\/boutique-one-piece.com\/vetements-one-piece\/t-shirts-one-piece\/t-shirt-one-piece-trafalgar-d-water-law-2\/#primaryimage","url":"https:\/\/boutique-one-piece.com\/wp-content\/uploads\/2022\/09\/t-shirt-one-piece-trafalgar-law-4973894434852.jpg","contentUrl":"https:\/\/boutique-one-piece.com\/wp-content\/uploads\/2022\/09\/t-shirt-one-piece-trafalgar-law-4973894434852.jpg","width":600,"height":600},{"@type":"BreadcrumbList","@id":"https:\/\/boutique-one-piece.com\/vetements-one-piece\/t-shirts-one-piece\/t-shirt-one-piece-trafalgar-d-water-law-2\/#breadcrumb","itemListElement":[{"@type":"ListItem","position":1,"name":"Home","item":"https:\/\/boutique-one-piece.com\/"},{"@type":"ListItem","position":2,"name":"Shop","item":"https:\/\/boutique-one-piece.com\/shop\/"},{"@type":"ListItem","position":3,"name":"T-Shirt One Piece Trafalgar Law"}]},{"@type":"WebSite","@id":"https:\/\/boutique-one-piece.com\/#website","url":"https:\/\/boutique-one-piece.com\/","name":"One Piece Shop","description":"Sklep specjalistyczny z mang\u0105 i anime One Piece","publisher":{"@id":"https:\/\/boutique-one-piece.com\/#organization"},"potentialAction":[{"@type":"SearchAction","target":{"@type":"EntryPoint","urlTemplate":"https:\/\/boutique-one-piece.com\/?s={search_term_string}"},"query-input":{"@type":"PropertyValueSpecification","valueRequired":true,"valueName":"search_term_string"}}],"inLanguage":"pl-PL"},{"@type":"Organization","@id":"https:\/\/boutique-one-piece.com\/#organization","name":"One Piece Shop","url":"https:\/\/boutique-one-piece.com\/","logo":{"@type":"ImageObject","inLanguage":"pl-PL","@id":"https:\/\/boutique-one-piece.com\/#\/schema\/logo\/image\/","url":"https:\/\/boutique-one-piece.com\/wp-content\/uploads\/2022\/09\/Logo-01.png","contentUrl":"https:\/\/boutique-one-piece.com\/wp-content\/uploads\/2022\/09\/Logo-01.png","width":2318,"height":957,"caption":"Boutique One Piece"},"image":{"@id":"https:\/\/boutique-one-piece.com\/#\/schema\/logo\/image\/"}}]}},"_links":{"self":[{"href":"https:\/\/boutique-one-piece.com\/pl\/wp-json\/wp\/v2\/product\/14727","targetHints":{"allow":["GET"]}}],"collection":[{"href":"https:\/\/boutique-one-piece.com\/pl\/wp-json\/wp\/v2\/product"}],"about":[{"href":"https:\/\/boutique-one-piece.com\/pl\/wp-json\/wp\/v2\/types\/product"}],"replies":[{"embeddable":true,"href":"https:\/\/boutique-one-piece.com\/pl\/wp-json\/wp\/v2\/comments?post=14727"}],"wp:featuredmedia":[{"embeddable":true,"href":"https:\/\/boutique-one-piece.com\/pl\/wp-json\/wp\/v2\/media\/18189"}],"wp:attachment":[{"href":"https:\/\/boutique-one-piece.com\/pl\/wp-json\/wp\/v2\/media?parent=14727"}],"wp:term":[{"taxonomy":"product_brand","embeddable":true,"href":"https:\/\/boutique-one-piece.com\/pl\/wp-json\/wp\/v2\/product_brand?post=14727"},{"taxonomy":"product_cat","embeddable":true,"href":"https:\/\/boutique-one-piece.com\/pl\/wp-json\/wp\/v2\/product_cat?post=14727"},{"taxonomy":"product_tag","embeddable":true,"href":"https:\/\/boutique-one-piece.com\/pl\/wp-json\/wp\/v2\/product_tag?post=14727"}],"curies":[{"name":"wp","href":"https:\/\/api.w.org\/{rel}","templated":true}]}}