{"id":14866,"date":"2022-09-27T21:34:51","date_gmt":"2022-09-27T21:34:51","guid":{"rendered":"https:\/\/boutique-one-piece.com\/uncategorized\/poster-one-piece-ace-et-son-poing-en-flamme-2\/"},"modified":"2025-12-31T12:27:45","modified_gmt":"2025-12-31T12:27:45","slug":"plakat-one-piece-ace-i-jego-plonaca-piesc-2","status":"publish","type":"product","link":"https:\/\/boutique-one-piece.com\/pl\/dekoracje-one-piece\/plakaty-one-piece\/plakat-one-piece-ace-i-jego-plonaca-piesc-2\/","title":{"rendered":"Plakat One Piece przedstawiaj\u0105cy Ace&#039;a i jego p\u0142on\u0105c\u0105 pi\u0119\u015b\u0107"},"content":{"rendered":"<ul>\n<li><span><b><u>Plakat One Piece<\/u><\/b>\u00a0Oryginalny plakat z uniwersum One Piece dla prawdziwych pirat\u00f3w<\/span><\/li>\n<\/ul>\n<ul>\n<li><span><strong>Wysoka jako\u015b\u0107 druku<\/strong>\u00a0dok\u0142adne kolory<\/span><\/li>\n<\/ul>\n<ul>\n<li><span><strong>Wymiar<\/strong>\u00a0: 20x30cm 30x40cm 40x50cm 45x60cm 50x70cm 60x80cm<\/span><\/li>\n<li>\n<strong>DARMOWA DOSTAWA<\/strong>\n<\/li>\n<\/ul>","protected":false},"excerpt":{"rendered":"<p>Poster One Piece\u00a0: v\u00e9ritable poster de l&rsquo;univers One Piece pour les vrais pirates Impression de Haute Qualit\u00e9\u00a0: couleurs fid\u00e8les Dimension\u00a0:\u00a020x30cm\u00a030x40cm\u00a040x50cm\u00a045x60cm 50x70cm\u00a060x80cm LIVRAISON OFFERTE<\/p>","protected":false},"featured_media":10821,"comment_status":"open","ping_status":"open","template":"","meta":[],"product_brand":[],"product_cat":[219],"product_tag":[],"class_list":{"0":"post-14866","1":"product","2":"type-product","3":"status-publish","4":"has-post-thumbnail","6":"product_cat-posters-one-piece","8":"first","9":"outofstock","10":"purchasable","11":"product-type-variable"},"yoast_head":"<!-- This site is optimized with the Yoast SEO plugin v27.5 - https:\/\/yoast.com\/product\/yoast-seo-wordpress\/ -->\n<title>Poster One Piece Ace Et Son Poing En Flamme | D\u00e9coration One Piece<\/title>\n<meta name=\"description\" content=\"Poster One Piece\u00a0: v\u00e9ritable poster de l&#039;univers One Piece pour les vrais pirates Impression de Haute Qualit\u00e9\u00a0: couleurs fid\u00e8les Dimension\u00a0:\u00a020x30cm\u00a030x40cm\u00a040x50cm\u00a045x60cm 50x70cm\u00a060x80cm LIVRAISON OFFERTE\" \/>\n<meta name=\"robots\" content=\"index, follow, max-snippet:-1, max-image-preview:large, max-video-preview:-1\" \/>\n<link rel=\"canonical\" href=\"https:\/\/boutique-one-piece.com\/pl\/dekoracje-one-piece\/plakaty-one-piece\/plakat-one-piece-ace-i-jego-plonaca-piesc-2\/\" \/>\n<meta property=\"og:locale\" content=\"pl_PL\" \/>\n<meta property=\"og:type\" content=\"article\" \/>\n<meta property=\"og:title\" content=\"Poster One Piece Ace Et Son Poing En Flamme | D\u00e9coration One Piece\" \/>\n<meta property=\"og:description\" content=\"Poster One Piece\u00a0: v\u00e9ritable poster de l&#039;univers One Piece pour les vrais pirates Impression de Haute Qualit\u00e9\u00a0: couleurs fid\u00e8les Dimension\u00a0:\u00a020x30cm\u00a030x40cm\u00a040x50cm\u00a045x60cm 50x70cm\u00a060x80cm LIVRAISON OFFERTE\" \/>\n<meta property=\"og:url\" content=\"https:\/\/boutique-one-piece.com\/pl\/dekoracje-one-piece\/plakaty-one-piece\/plakat-one-piece-ace-i-jego-plonaca-piesc-2\/\" \/>\n<meta property=\"og:site_name\" content=\"Boutique One Piece\" \/>\n<meta property=\"article:modified_time\" content=\"2025-12-31T12:27:45+00:00\" \/>\n<meta property=\"og:image\" content=\"https:\/\/boutique-one-piece.com\/wp-content\/uploads\/2022\/09\/Poster-One-Piece-Ace-Et-Son-Poing-En-Flamme.jpg\" \/>\n\t<meta property=\"og:image:width\" content=\"640\" \/>\n\t<meta property=\"og:image:height\" content=\"640\" \/>\n\t<meta property=\"og:image:type\" content=\"image\/jpeg\" \/>\n<meta name=\"twitter:card\" content=\"summary_large_image\" \/>\n<meta name=\"twitter:label1\" content=\"Szacowany czas czytania\" \/>\n\t<meta name=\"twitter:data1\" content=\"1 minuta\" \/>\n<script type=\"application\/ld+json\" class=\"yoast-schema-graph\">{\"@context\":\"https:\\\/\\\/schema.org\",\"@graph\":[{\"@type\":\"WebPage\",\"@id\":\"https:\\\/\\\/boutique-one-piece.com\\\/decorations-one-piece\\\/posters-one-piece\\\/poster-one-piece-ace-et-son-poing-en-flamme-2\\\/\",\"url\":\"https:\\\/\\\/boutique-one-piece.com\\\/decorations-one-piece\\\/posters-one-piece\\\/poster-one-piece-ace-et-son-poing-en-flamme-2\\\/\",\"name\":\"Poster One Piece Ace Et Son Poing En Flamme | D\u00e9coration One Piece\",\"isPartOf\":{\"@id\":\"https:\\\/\\\/boutique-one-piece.com\\\/#website\"},\"primaryImageOfPage\":{\"@id\":\"https:\\\/\\\/boutique-one-piece.com\\\/decorations-one-piece\\\/posters-one-piece\\\/poster-one-piece-ace-et-son-poing-en-flamme-2\\\/#primaryimage\"},\"image\":{\"@id\":\"https:\\\/\\\/boutique-one-piece.com\\\/decorations-one-piece\\\/posters-one-piece\\\/poster-one-piece-ace-et-son-poing-en-flamme-2\\\/#primaryimage\"},\"thumbnailUrl\":\"https:\\\/\\\/boutique-one-piece.com\\\/wp-content\\\/uploads\\\/2022\\\/09\\\/Poster-One-Piece-Ace-Et-Son-Poing-En-Flamme.jpg\",\"datePublished\":\"2022-09-27T21:34:51+00:00\",\"dateModified\":\"2025-12-31T12:27:45+00:00\",\"description\":\"Poster One Piece\u00a0: v\u00e9ritable poster de l'univers One Piece pour les vrais pirates Impression de Haute Qualit\u00e9\u00a0: couleurs fid\u00e8les Dimension\u00a0:\u00a020x30cm\u00a030x40cm\u00a040x50cm\u00a045x60cm 50x70cm\u00a060x80cm LIVRAISON OFFERTE\",\"breadcrumb\":{\"@id\":\"https:\\\/\\\/boutique-one-piece.com\\\/decorations-one-piece\\\/posters-one-piece\\\/poster-one-piece-ace-et-son-poing-en-flamme-2\\\/#breadcrumb\"},\"inLanguage\":\"pl-PL\",\"potentialAction\":[{\"@type\":\"ReadAction\",\"target\":[\"https:\\\/\\\/boutique-one-piece.com\\\/decorations-one-piece\\\/posters-one-piece\\\/poster-one-piece-ace-et-son-poing-en-flamme-2\\\/\"]}]},{\"@type\":\"ImageObject\",\"inLanguage\":\"pl-PL\",\"@id\":\"https:\\\/\\\/boutique-one-piece.com\\\/decorations-one-piece\\\/posters-one-piece\\\/poster-one-piece-ace-et-son-poing-en-flamme-2\\\/#primaryimage\",\"url\":\"https:\\\/\\\/boutique-one-piece.com\\\/wp-content\\\/uploads\\\/2022\\\/09\\\/Poster-One-Piece-Ace-Et-Son-Poing-En-Flamme.jpg\",\"contentUrl\":\"https:\\\/\\\/boutique-one-piece.com\\\/wp-content\\\/uploads\\\/2022\\\/09\\\/Poster-One-Piece-Ace-Et-Son-Poing-En-Flamme.jpg\",\"width\":640,\"height\":640,\"caption\":\"Poster One Piece Ace Et Son Poing En Flamme 60x80cm\"},{\"@type\":\"BreadcrumbList\",\"@id\":\"https:\\\/\\\/boutique-one-piece.com\\\/decorations-one-piece\\\/posters-one-piece\\\/poster-one-piece-ace-et-son-poing-en-flamme-2\\\/#breadcrumb\",\"itemListElement\":[{\"@type\":\"ListItem\",\"position\":1,\"name\":\"Home\",\"item\":\"https:\\\/\\\/boutique-one-piece.com\\\/\"},{\"@type\":\"ListItem\",\"position\":2,\"name\":\"Shop\",\"item\":\"https:\\\/\\\/boutique-one-piece.com\\\/shop\\\/\"},{\"@type\":\"ListItem\",\"position\":3,\"name\":\"Poster One Piece Ace Et Son Poing En Flamme\"}]},{\"@type\":\"WebSite\",\"@id\":\"https:\\\/\\\/boutique-one-piece.com\\\/#website\",\"url\":\"https:\\\/\\\/boutique-one-piece.com\\\/\",\"name\":\"Boutique One Piece\",\"description\":\"Magasin Sp\u00e9cialis\u00e9 du Manga et l&#039;Anime One Piece\",\"publisher\":{\"@id\":\"https:\\\/\\\/boutique-one-piece.com\\\/#organization\"},\"potentialAction\":[{\"@type\":\"SearchAction\",\"target\":{\"@type\":\"EntryPoint\",\"urlTemplate\":\"https:\\\/\\\/boutique-one-piece.com\\\/?s={search_term_string}\"},\"query-input\":{\"@type\":\"PropertyValueSpecification\",\"valueRequired\":true,\"valueName\":\"search_term_string\"}}],\"inLanguage\":\"pl-PL\"},{\"@type\":\"Organization\",\"@id\":\"https:\\\/\\\/boutique-one-piece.com\\\/#organization\",\"name\":\"Boutique One Piece\",\"url\":\"https:\\\/\\\/boutique-one-piece.com\\\/\",\"logo\":{\"@type\":\"ImageObject\",\"inLanguage\":\"pl-PL\",\"@id\":\"https:\\\/\\\/boutique-one-piece.com\\\/#\\\/schema\\\/logo\\\/image\\\/\",\"url\":\"https:\\\/\\\/boutique-one-piece.com\\\/wp-content\\\/uploads\\\/2022\\\/09\\\/Logo-01.png\",\"contentUrl\":\"https:\\\/\\\/boutique-one-piece.com\\\/wp-content\\\/uploads\\\/2022\\\/09\\\/Logo-01.png\",\"width\":2318,\"height\":957,\"caption\":\"Boutique One Piece\"},\"image\":{\"@id\":\"https:\\\/\\\/boutique-one-piece.com\\\/#\\\/schema\\\/logo\\\/image\\\/\"}}]}<\/script>\n<!-- \/ Yoast SEO plugin. -->","yoast_head_json":{"title":"Plakat One Piece: As i jego p\u0142on\u0105ca pi\u0119\u015b\u0107 | Dekoracja One Piece","description":"Plakat One Piece: Autentyczny plakat One Piece dla prawdziwych pirat\u00f3w. Wysoka jako\u015b\u0107 wydruku: wierne kolory. Rozmiary: 20 x 30 cm, 30 x 40 cm, 40 x 50 cm, 45 x 60 cm, 50 x 70 cm, 60 x 80 cm. Darmowa wysy\u0142ka.","robots":{"index":"index","follow":"follow","max-snippet":"max-snippet:-1","max-image-preview":"max-image-preview:large","max-video-preview":"max-video-preview:-1"},"canonical":"https:\/\/boutique-one-piece.com\/pl\/dekoracje-one-piece\/plakaty-one-piece\/plakat-one-piece-ace-i-jego-plonaca-piesc-2\/","og_locale":"pl_PL","og_type":"article","og_title":"Poster One Piece Ace Et Son Poing En Flamme | D\u00e9coration One Piece","og_description":"Poster One Piece\u00a0: v\u00e9ritable poster de l'univers One Piece pour les vrais pirates Impression de Haute Qualit\u00e9\u00a0: couleurs fid\u00e8les Dimension\u00a0:\u00a020x30cm\u00a030x40cm\u00a040x50cm\u00a045x60cm 50x70cm\u00a060x80cm LIVRAISON OFFERTE","og_url":"https:\/\/boutique-one-piece.com\/pl\/dekoracje-one-piece\/plakaty-one-piece\/plakat-one-piece-ace-i-jego-plonaca-piesc-2\/","og_site_name":"Boutique One Piece","article_modified_time":"2025-12-31T12:27:45+00:00","og_image":[{"width":640,"height":640,"url":"https:\/\/boutique-one-piece.com\/wp-content\/uploads\/2022\/09\/Poster-One-Piece-Ace-Et-Son-Poing-En-Flamme.jpg","type":"image\/jpeg"}],"twitter_card":"summary_large_image","twitter_misc":{"Szacowany czas czytania":"1 minuta"},"schema":{"@context":"https:\/\/schema.org","@graph":[{"@type":"WebPage","@id":"https:\/\/boutique-one-piece.com\/decorations-one-piece\/posters-one-piece\/poster-one-piece-ace-et-son-poing-en-flamme-2\/","url":"https:\/\/boutique-one-piece.com\/decorations-one-piece\/posters-one-piece\/poster-one-piece-ace-et-son-poing-en-flamme-2\/","name":"Plakat One Piece: As i jego p\u0142on\u0105ca pi\u0119\u015b\u0107 | Dekoracja One Piece","isPartOf":{"@id":"https:\/\/boutique-one-piece.com\/#website"},"primaryImageOfPage":{"@id":"https:\/\/boutique-one-piece.com\/decorations-one-piece\/posters-one-piece\/poster-one-piece-ace-et-son-poing-en-flamme-2\/#primaryimage"},"image":{"@id":"https:\/\/boutique-one-piece.com\/decorations-one-piece\/posters-one-piece\/poster-one-piece-ace-et-son-poing-en-flamme-2\/#primaryimage"},"thumbnailUrl":"https:\/\/boutique-one-piece.com\/wp-content\/uploads\/2022\/09\/Poster-One-Piece-Ace-Et-Son-Poing-En-Flamme.jpg","datePublished":"2022-09-27T21:34:51+00:00","dateModified":"2025-12-31T12:27:45+00:00","description":"Plakat One Piece: Autentyczny plakat One Piece dla prawdziwych pirat\u00f3w. Wysoka jako\u015b\u0107 wydruku: wierne kolory. Rozmiary: 20 x 30 cm, 30 x 40 cm, 40 x 50 cm, 45 x 60 cm, 50 x 70 cm, 60 x 80 cm. Darmowa wysy\u0142ka.","breadcrumb":{"@id":"https:\/\/boutique-one-piece.com\/decorations-one-piece\/posters-one-piece\/poster-one-piece-ace-et-son-poing-en-flamme-2\/#breadcrumb"},"inLanguage":"pl-PL","potentialAction":[{"@type":"ReadAction","target":["https:\/\/boutique-one-piece.com\/decorations-one-piece\/posters-one-piece\/poster-one-piece-ace-et-son-poing-en-flamme-2\/"]}]},{"@type":"ImageObject","inLanguage":"pl-PL","@id":"https:\/\/boutique-one-piece.com\/decorations-one-piece\/posters-one-piece\/poster-one-piece-ace-et-son-poing-en-flamme-2\/#primaryimage","url":"https:\/\/boutique-one-piece.com\/wp-content\/uploads\/2022\/09\/Poster-One-Piece-Ace-Et-Son-Poing-En-Flamme.jpg","contentUrl":"https:\/\/boutique-one-piece.com\/wp-content\/uploads\/2022\/09\/Poster-One-Piece-Ace-Et-Son-Poing-En-Flamme.jpg","width":640,"height":640,"caption":"Poster One Piece Ace Et Son Poing En Flamme 60x80cm"},{"@type":"BreadcrumbList","@id":"https:\/\/boutique-one-piece.com\/decorations-one-piece\/posters-one-piece\/poster-one-piece-ace-et-son-poing-en-flamme-2\/#breadcrumb","itemListElement":[{"@type":"ListItem","position":1,"name":"Home","item":"https:\/\/boutique-one-piece.com\/"},{"@type":"ListItem","position":2,"name":"Shop","item":"https:\/\/boutique-one-piece.com\/shop\/"},{"@type":"ListItem","position":3,"name":"Poster One Piece Ace Et Son Poing En Flamme"}]},{"@type":"WebSite","@id":"https:\/\/boutique-one-piece.com\/#website","url":"https:\/\/boutique-one-piece.com\/","name":"One Piece Shop","description":"Sklep specjalistyczny z mang\u0105 i anime One Piece","publisher":{"@id":"https:\/\/boutique-one-piece.com\/#organization"},"potentialAction":[{"@type":"SearchAction","target":{"@type":"EntryPoint","urlTemplate":"https:\/\/boutique-one-piece.com\/?s={search_term_string}"},"query-input":{"@type":"PropertyValueSpecification","valueRequired":true,"valueName":"search_term_string"}}],"inLanguage":"pl-PL"},{"@type":"Organization","@id":"https:\/\/boutique-one-piece.com\/#organization","name":"One Piece Shop","url":"https:\/\/boutique-one-piece.com\/","logo":{"@type":"ImageObject","inLanguage":"pl-PL","@id":"https:\/\/boutique-one-piece.com\/#\/schema\/logo\/image\/","url":"https:\/\/boutique-one-piece.com\/wp-content\/uploads\/2022\/09\/Logo-01.png","contentUrl":"https:\/\/boutique-one-piece.com\/wp-content\/uploads\/2022\/09\/Logo-01.png","width":2318,"height":957,"caption":"Boutique One Piece"},"image":{"@id":"https:\/\/boutique-one-piece.com\/#\/schema\/logo\/image\/"}}]}},"_links":{"self":[{"href":"https:\/\/boutique-one-piece.com\/pl\/wp-json\/wp\/v2\/product\/14866","targetHints":{"allow":["GET"]}}],"collection":[{"href":"https:\/\/boutique-one-piece.com\/pl\/wp-json\/wp\/v2\/product"}],"about":[{"href":"https:\/\/boutique-one-piece.com\/pl\/wp-json\/wp\/v2\/types\/product"}],"replies":[{"embeddable":true,"href":"https:\/\/boutique-one-piece.com\/pl\/wp-json\/wp\/v2\/comments?post=14866"}],"wp:featuredmedia":[{"embeddable":true,"href":"https:\/\/boutique-one-piece.com\/pl\/wp-json\/wp\/v2\/media\/10821"}],"wp:attachment":[{"href":"https:\/\/boutique-one-piece.com\/pl\/wp-json\/wp\/v2\/media?parent=14866"}],"wp:term":[{"taxonomy":"product_brand","embeddable":true,"href":"https:\/\/boutique-one-piece.com\/pl\/wp-json\/wp\/v2\/product_brand?post=14866"},{"taxonomy":"product_cat","embeddable":true,"href":"https:\/\/boutique-one-piece.com\/pl\/wp-json\/wp\/v2\/product_cat?post=14866"},{"taxonomy":"product_tag","embeddable":true,"href":"https:\/\/boutique-one-piece.com\/pl\/wp-json\/wp\/v2\/product_tag?post=14866"}],"curies":[{"name":"wp","href":"https:\/\/api.w.org\/{rel}","templated":true}]}}