{"id":14984,"date":"2022-09-27T21:35:34","date_gmt":"2022-09-27T21:35:34","guid":{"rendered":"https:\/\/boutique-one-piece.com\/uncategorized\/poster-one-piece-un-des-4-empereurs-shanks-et-la-lune-de-sang-2\/"},"modified":"2024-09-16T13:56:26","modified_gmt":"2024-09-16T13:56:26","slug":"plakat-one-piece-przedstawiajacy-shanksa-i-krwawy-ksiezyc-2-jednego-z-czterech-imperatorow","status":"publish","type":"product","link":"https:\/\/boutique-one-piece.com\/pl\/dekoracje-one-piece\/plakat-one-piece-przedstawiajacy-shanksa-i-krwawy-ksiezyc-2-jednego-z-czterech-imperatorow\/","title":{"rendered":"Plakat One Piece: Jeden z Czterech Imperator\u00f3w, Shanks i Krwawy Ksi\u0119\u017cyc"},"content":{"rendered":"<ul>\n<li><span><b><u>Plakat One Piece<\/u><\/b>\u00a0Oryginalny plakat z uniwersum One Piece dla prawdziwych pirat\u00f3w<\/span><\/li>\n<\/ul>\n<ul>\n<li><span><strong>Wysoka jako\u015b\u0107 druku<\/strong>\u00a0dok\u0142adne kolory<\/span><\/li>\n<\/ul>\n<ul>\n<li><span><strong>Wymiar<\/strong>\u00a0: 10\u00d715 13\u00d718 20\u00d725 21\u00d730 30\u00d742 38\u00d750 45\u00d760 60\u00d780<\/span><\/li>\n<\/ul>\n<ul>\n<li><span><strong>DARMOWA DOSTAWA<\/strong><\/span><\/li>\n<\/ul>","protected":false},"excerpt":{"rendered":"<p>Poster One Piece\u00a0: v\u00e9ritable poster de l&rsquo;univers One Piece pour les vrais pirates Impression de Haute Qualit\u00e9\u00a0: couleurs fid\u00e8les Dimension\u00a0:\u00a010&#215;15 13&#215;18 20&#215;25 21&#215;30 30&#215;42 38&#215;50 45&#215;60 60&#215;80 LIVRAISON OFFERTE<\/p>","protected":false},"featured_media":9274,"comment_status":"open","ping_status":"open","template":"","meta":[],"product_brand":[],"product_cat":[150],"product_tag":[],"class_list":{"0":"post-14984","1":"product","2":"type-product","3":"status-publish","4":"has-post-thumbnail","6":"product_cat-decorations-one-piece","8":"first","9":"instock","10":"purchasable","11":"product-type-variable","12":"has-default-attributes"},"yoast_head":"<!-- This site is optimized with the Yoast SEO plugin v27.5 - https:\/\/yoast.com\/product\/yoast-seo-wordpress\/ -->\n<title>Poster One Piece Un Des 4 Empereurs Shanks Et La Lune De Sang | D\u00e9coration One Piece \u2013 Boutique One Piece<\/title>\n<meta name=\"description\" content=\"Poster One Piece\u00a0: v\u00e9ritable poster de l&#039;univers One Piece pour les vrais pirates Impression de Haute Qualit\u00e9\u00a0: couleurs fid\u00e8les Dimension\u00a0:\u00a010x15 13x18 20x25 21x30 30x42 38x50 45x60 60x80 LIVRAISON OFFERTE\" \/>\n<meta name=\"robots\" content=\"index, follow, max-snippet:-1, max-image-preview:large, max-video-preview:-1\" \/>\n<link rel=\"canonical\" href=\"https:\/\/boutique-one-piece.com\/pl\/dekoracje-one-piece\/plakat-one-piece-przedstawiajacy-shanksa-i-krwawy-ksiezyc-2-jednego-z-czterech-imperatorow\/\" \/>\n<meta property=\"og:locale\" content=\"pl_PL\" \/>\n<meta property=\"og:type\" content=\"article\" \/>\n<meta property=\"og:title\" content=\"Poster One Piece Un Des 4 Empereurs Shanks Et La Lune De Sang | D\u00e9coration One Piece \u2013 Boutique One Piece\" \/>\n<meta property=\"og:description\" content=\"Poster One Piece\u00a0: v\u00e9ritable poster de l&#039;univers One Piece pour les vrais pirates Impression de Haute Qualit\u00e9\u00a0: couleurs fid\u00e8les Dimension\u00a0:\u00a010x15 13x18 20x25 21x30 30x42 38x50 45x60 60x80 LIVRAISON OFFERTE\" \/>\n<meta property=\"og:url\" content=\"https:\/\/boutique-one-piece.com\/pl\/dekoracje-one-piece\/plakat-one-piece-przedstawiajacy-shanksa-i-krwawy-ksiezyc-2-jednego-z-czterech-imperatorow\/\" \/>\n<meta property=\"og:site_name\" content=\"Boutique One Piece\" \/>\n<meta property=\"article:modified_time\" content=\"2024-09-16T13:56:26+00:00\" \/>\n<meta property=\"og:image\" content=\"https:\/\/boutique-one-piece.com\/wp-content\/uploads\/2022\/09\/Poster-One-Piece-Un-Des-4-Empereurs-Shanks-Et-La-Lune-De-Sang.jpg\" \/>\n\t<meta property=\"og:image:width\" content=\"640\" \/>\n\t<meta property=\"og:image:height\" content=\"640\" \/>\n\t<meta property=\"og:image:type\" content=\"image\/jpeg\" \/>\n<meta name=\"twitter:card\" content=\"summary_large_image\" \/>\n<script type=\"application\/ld+json\" class=\"yoast-schema-graph\">{\"@context\":\"https:\\\/\\\/schema.org\",\"@graph\":[{\"@type\":\"WebPage\",\"@id\":\"https:\\\/\\\/boutique-one-piece.com\\\/decorations-one-piece\\\/poster-one-piece-un-des-4-empereurs-shanks-et-la-lune-de-sang-2\\\/\",\"url\":\"https:\\\/\\\/boutique-one-piece.com\\\/decorations-one-piece\\\/poster-one-piece-un-des-4-empereurs-shanks-et-la-lune-de-sang-2\\\/\",\"name\":\"Poster One Piece Un Des 4 Empereurs Shanks Et La Lune De Sang | D\u00e9coration One Piece \u2013 Boutique One Piece\",\"isPartOf\":{\"@id\":\"https:\\\/\\\/boutique-one-piece.com\\\/#website\"},\"primaryImageOfPage\":{\"@id\":\"https:\\\/\\\/boutique-one-piece.com\\\/decorations-one-piece\\\/poster-one-piece-un-des-4-empereurs-shanks-et-la-lune-de-sang-2\\\/#primaryimage\"},\"image\":{\"@id\":\"https:\\\/\\\/boutique-one-piece.com\\\/decorations-one-piece\\\/poster-one-piece-un-des-4-empereurs-shanks-et-la-lune-de-sang-2\\\/#primaryimage\"},\"thumbnailUrl\":\"https:\\\/\\\/boutique-one-piece.com\\\/wp-content\\\/uploads\\\/2022\\\/09\\\/Poster-One-Piece-Un-Des-4-Empereurs-Shanks-Et-La-Lune-De-Sang.jpg\",\"datePublished\":\"2022-09-27T21:35:34+00:00\",\"dateModified\":\"2024-09-16T13:56:26+00:00\",\"description\":\"Poster One Piece\u00a0: v\u00e9ritable poster de l'univers One Piece pour les vrais pirates Impression de Haute Qualit\u00e9\u00a0: couleurs fid\u00e8les Dimension\u00a0:\u00a010x15 13x18 20x25 21x30 30x42 38x50 45x60 60x80 LIVRAISON OFFERTE\",\"breadcrumb\":{\"@id\":\"https:\\\/\\\/boutique-one-piece.com\\\/decorations-one-piece\\\/poster-one-piece-un-des-4-empereurs-shanks-et-la-lune-de-sang-2\\\/#breadcrumb\"},\"inLanguage\":\"pl-PL\",\"potentialAction\":[{\"@type\":\"ReadAction\",\"target\":[\"https:\\\/\\\/boutique-one-piece.com\\\/decorations-one-piece\\\/poster-one-piece-un-des-4-empereurs-shanks-et-la-lune-de-sang-2\\\/\"]}]},{\"@type\":\"ImageObject\",\"inLanguage\":\"pl-PL\",\"@id\":\"https:\\\/\\\/boutique-one-piece.com\\\/decorations-one-piece\\\/poster-one-piece-un-des-4-empereurs-shanks-et-la-lune-de-sang-2\\\/#primaryimage\",\"url\":\"https:\\\/\\\/boutique-one-piece.com\\\/wp-content\\\/uploads\\\/2022\\\/09\\\/Poster-One-Piece-Un-Des-4-Empereurs-Shanks-Et-La-Lune-De-Sang.jpg\",\"contentUrl\":\"https:\\\/\\\/boutique-one-piece.com\\\/wp-content\\\/uploads\\\/2022\\\/09\\\/Poster-One-Piece-Un-Des-4-Empereurs-Shanks-Et-La-Lune-De-Sang.jpg\",\"width\":640,\"height\":640,\"caption\":\"Poster One Piece Un Des 4 Empereurs Shanks Et La Lune De Sang 60x80cm\"},{\"@type\":\"BreadcrumbList\",\"@id\":\"https:\\\/\\\/boutique-one-piece.com\\\/decorations-one-piece\\\/poster-one-piece-un-des-4-empereurs-shanks-et-la-lune-de-sang-2\\\/#breadcrumb\",\"itemListElement\":[{\"@type\":\"ListItem\",\"position\":1,\"name\":\"Home\",\"item\":\"https:\\\/\\\/boutique-one-piece.com\\\/\"},{\"@type\":\"ListItem\",\"position\":2,\"name\":\"Shop\",\"item\":\"https:\\\/\\\/boutique-one-piece.com\\\/shop\\\/\"},{\"@type\":\"ListItem\",\"position\":3,\"name\":\"Poster One Piece Un Des 4 Empereurs Shanks Et La Lune De Sang\"}]},{\"@type\":\"WebSite\",\"@id\":\"https:\\\/\\\/boutique-one-piece.com\\\/#website\",\"url\":\"https:\\\/\\\/boutique-one-piece.com\\\/\",\"name\":\"Boutique One Piece\",\"description\":\"Magasin Sp\u00e9cialis\u00e9 du Manga et l&#039;Anime One Piece\",\"publisher\":{\"@id\":\"https:\\\/\\\/boutique-one-piece.com\\\/#organization\"},\"potentialAction\":[{\"@type\":\"SearchAction\",\"target\":{\"@type\":\"EntryPoint\",\"urlTemplate\":\"https:\\\/\\\/boutique-one-piece.com\\\/?s={search_term_string}\"},\"query-input\":{\"@type\":\"PropertyValueSpecification\",\"valueRequired\":true,\"valueName\":\"search_term_string\"}}],\"inLanguage\":\"pl-PL\"},{\"@type\":\"Organization\",\"@id\":\"https:\\\/\\\/boutique-one-piece.com\\\/#organization\",\"name\":\"Boutique One Piece\",\"url\":\"https:\\\/\\\/boutique-one-piece.com\\\/\",\"logo\":{\"@type\":\"ImageObject\",\"inLanguage\":\"pl-PL\",\"@id\":\"https:\\\/\\\/boutique-one-piece.com\\\/#\\\/schema\\\/logo\\\/image\\\/\",\"url\":\"https:\\\/\\\/boutique-one-piece.com\\\/wp-content\\\/uploads\\\/2022\\\/09\\\/Logo-01.png\",\"contentUrl\":\"https:\\\/\\\/boutique-one-piece.com\\\/wp-content\\\/uploads\\\/2022\\\/09\\\/Logo-01.png\",\"width\":2318,\"height\":957,\"caption\":\"Boutique One Piece\"},\"image\":{\"@id\":\"https:\\\/\\\/boutique-one-piece.com\\\/#\\\/schema\\\/logo\\\/image\\\/\"}}]}<\/script>\n<!-- \/ Yoast SEO plugin. -->","yoast_head_json":{"title":"Plakat One Piece: Shanks i Krwawy Ksi\u0119\u017cyc | Dekoracja One Piece \u2013 Sklep One Piece","description":"Plakat One Piece: Autentyczny plakat One Piece dla prawdziwych pirat\u00f3w. Wysoka jako\u015b\u0107 druku: wierne kolory. Rozmiary: 10x15, 13x18, 20x25, 21x30, 30x42, 38x50, 45x60, 60x80 cm. Darmowa wysy\u0142ka.","robots":{"index":"index","follow":"follow","max-snippet":"max-snippet:-1","max-image-preview":"max-image-preview:large","max-video-preview":"max-video-preview:-1"},"canonical":"https:\/\/boutique-one-piece.com\/pl\/dekoracje-one-piece\/plakat-one-piece-przedstawiajacy-shanksa-i-krwawy-ksiezyc-2-jednego-z-czterech-imperatorow\/","og_locale":"pl_PL","og_type":"article","og_title":"Poster One Piece Un Des 4 Empereurs Shanks Et La Lune De Sang | D\u00e9coration One Piece \u2013 Boutique One Piece","og_description":"Poster One Piece\u00a0: v\u00e9ritable poster de l'univers One Piece pour les vrais pirates Impression de Haute Qualit\u00e9\u00a0: couleurs fid\u00e8les Dimension\u00a0:\u00a010x15 13x18 20x25 21x30 30x42 38x50 45x60 60x80 LIVRAISON OFFERTE","og_url":"https:\/\/boutique-one-piece.com\/pl\/dekoracje-one-piece\/plakat-one-piece-przedstawiajacy-shanksa-i-krwawy-ksiezyc-2-jednego-z-czterech-imperatorow\/","og_site_name":"Boutique One Piece","article_modified_time":"2024-09-16T13:56:26+00:00","og_image":[{"width":640,"height":640,"url":"https:\/\/boutique-one-piece.com\/wp-content\/uploads\/2022\/09\/Poster-One-Piece-Un-Des-4-Empereurs-Shanks-Et-La-Lune-De-Sang.jpg","type":"image\/jpeg"}],"twitter_card":"summary_large_image","schema":{"@context":"https:\/\/schema.org","@graph":[{"@type":"WebPage","@id":"https:\/\/boutique-one-piece.com\/decorations-one-piece\/poster-one-piece-un-des-4-empereurs-shanks-et-la-lune-de-sang-2\/","url":"https:\/\/boutique-one-piece.com\/decorations-one-piece\/poster-one-piece-un-des-4-empereurs-shanks-et-la-lune-de-sang-2\/","name":"Plakat One Piece: Shanks i Krwawy Ksi\u0119\u017cyc | Dekoracja One Piece \u2013 Sklep One Piece","isPartOf":{"@id":"https:\/\/boutique-one-piece.com\/#website"},"primaryImageOfPage":{"@id":"https:\/\/boutique-one-piece.com\/decorations-one-piece\/poster-one-piece-un-des-4-empereurs-shanks-et-la-lune-de-sang-2\/#primaryimage"},"image":{"@id":"https:\/\/boutique-one-piece.com\/decorations-one-piece\/poster-one-piece-un-des-4-empereurs-shanks-et-la-lune-de-sang-2\/#primaryimage"},"thumbnailUrl":"https:\/\/boutique-one-piece.com\/wp-content\/uploads\/2022\/09\/Poster-One-Piece-Un-Des-4-Empereurs-Shanks-Et-La-Lune-De-Sang.jpg","datePublished":"2022-09-27T21:35:34+00:00","dateModified":"2024-09-16T13:56:26+00:00","description":"Plakat One Piece: Autentyczny plakat One Piece dla prawdziwych pirat\u00f3w. Wysoka jako\u015b\u0107 druku: wierne kolory. Rozmiary: 10x15, 13x18, 20x25, 21x30, 30x42, 38x50, 45x60, 60x80 cm. Darmowa wysy\u0142ka.","breadcrumb":{"@id":"https:\/\/boutique-one-piece.com\/decorations-one-piece\/poster-one-piece-un-des-4-empereurs-shanks-et-la-lune-de-sang-2\/#breadcrumb"},"inLanguage":"pl-PL","potentialAction":[{"@type":"ReadAction","target":["https:\/\/boutique-one-piece.com\/decorations-one-piece\/poster-one-piece-un-des-4-empereurs-shanks-et-la-lune-de-sang-2\/"]}]},{"@type":"ImageObject","inLanguage":"pl-PL","@id":"https:\/\/boutique-one-piece.com\/decorations-one-piece\/poster-one-piece-un-des-4-empereurs-shanks-et-la-lune-de-sang-2\/#primaryimage","url":"https:\/\/boutique-one-piece.com\/wp-content\/uploads\/2022\/09\/Poster-One-Piece-Un-Des-4-Empereurs-Shanks-Et-La-Lune-De-Sang.jpg","contentUrl":"https:\/\/boutique-one-piece.com\/wp-content\/uploads\/2022\/09\/Poster-One-Piece-Un-Des-4-Empereurs-Shanks-Et-La-Lune-De-Sang.jpg","width":640,"height":640,"caption":"Poster One Piece Un Des 4 Empereurs Shanks Et La Lune De Sang 60x80cm"},{"@type":"BreadcrumbList","@id":"https:\/\/boutique-one-piece.com\/decorations-one-piece\/poster-one-piece-un-des-4-empereurs-shanks-et-la-lune-de-sang-2\/#breadcrumb","itemListElement":[{"@type":"ListItem","position":1,"name":"Home","item":"https:\/\/boutique-one-piece.com\/"},{"@type":"ListItem","position":2,"name":"Shop","item":"https:\/\/boutique-one-piece.com\/shop\/"},{"@type":"ListItem","position":3,"name":"Poster One Piece Un Des 4 Empereurs Shanks Et La Lune De Sang"}]},{"@type":"WebSite","@id":"https:\/\/boutique-one-piece.com\/#website","url":"https:\/\/boutique-one-piece.com\/","name":"One Piece Shop","description":"Sklep specjalistyczny z mang\u0105 i anime One Piece","publisher":{"@id":"https:\/\/boutique-one-piece.com\/#organization"},"potentialAction":[{"@type":"SearchAction","target":{"@type":"EntryPoint","urlTemplate":"https:\/\/boutique-one-piece.com\/?s={search_term_string}"},"query-input":{"@type":"PropertyValueSpecification","valueRequired":true,"valueName":"search_term_string"}}],"inLanguage":"pl-PL"},{"@type":"Organization","@id":"https:\/\/boutique-one-piece.com\/#organization","name":"One Piece Shop","url":"https:\/\/boutique-one-piece.com\/","logo":{"@type":"ImageObject","inLanguage":"pl-PL","@id":"https:\/\/boutique-one-piece.com\/#\/schema\/logo\/image\/","url":"https:\/\/boutique-one-piece.com\/wp-content\/uploads\/2022\/09\/Logo-01.png","contentUrl":"https:\/\/boutique-one-piece.com\/wp-content\/uploads\/2022\/09\/Logo-01.png","width":2318,"height":957,"caption":"Boutique One Piece"},"image":{"@id":"https:\/\/boutique-one-piece.com\/#\/schema\/logo\/image\/"}}]}},"_links":{"self":[{"href":"https:\/\/boutique-one-piece.com\/pl\/wp-json\/wp\/v2\/product\/14984","targetHints":{"allow":["GET"]}}],"collection":[{"href":"https:\/\/boutique-one-piece.com\/pl\/wp-json\/wp\/v2\/product"}],"about":[{"href":"https:\/\/boutique-one-piece.com\/pl\/wp-json\/wp\/v2\/types\/product"}],"replies":[{"embeddable":true,"href":"https:\/\/boutique-one-piece.com\/pl\/wp-json\/wp\/v2\/comments?post=14984"}],"wp:featuredmedia":[{"embeddable":true,"href":"https:\/\/boutique-one-piece.com\/pl\/wp-json\/wp\/v2\/media\/9274"}],"wp:attachment":[{"href":"https:\/\/boutique-one-piece.com\/pl\/wp-json\/wp\/v2\/media?parent=14984"}],"wp:term":[{"taxonomy":"product_brand","embeddable":true,"href":"https:\/\/boutique-one-piece.com\/pl\/wp-json\/wp\/v2\/product_brand?post=14984"},{"taxonomy":"product_cat","embeddable":true,"href":"https:\/\/boutique-one-piece.com\/pl\/wp-json\/wp\/v2\/product_cat?post=14984"},{"taxonomy":"product_tag","embeddable":true,"href":"https:\/\/boutique-one-piece.com\/pl\/wp-json\/wp\/v2\/product_tag?post=14984"}],"curies":[{"name":"wp","href":"https:\/\/api.w.org\/{rel}","templated":true}]}}