{"id":15433,"date":"2022-09-27T21:38:37","date_gmt":"2022-09-27T21:38:37","guid":{"rendered":"https:\/\/boutique-one-piece.com\/uncategorized\/coque-one-piece-monkey-d-luffy-gear-fourth\/"},"modified":"2024-09-16T14:10:24","modified_gmt":"2024-09-16T14:10:24","slug":"etui-one-piece-monkey-d-luffy-gear-czwarty","status":"publish","type":"product","link":"https:\/\/boutique-one-piece.com\/pl\/akcesoria-one-piece\/etui-one-piece-monkey-d-luffy-gear-czwarty\/","title":{"rendered":"One Piece Monkey D Luffy Gear Czwarta obudowa"},"content":{"rendered":"<p><span><strong>Nazwa marki<\/strong> IMIDO<\/span><br \/><span><strong>Uprzejmy:<\/strong> P\u00f3\u0142zapakowane etui<\/span><br \/><span><strong>Cechy<\/strong> One Piece Monkey D. Luffy<\/span><br \/><span><strong>Kompatybilna marka:<\/strong> Huawei<\/span><br \/><span><strong>Kompatybilny model Huawei:<\/strong> P30 Lite<\/span><br \/><span><strong>Projekt:<\/strong> Geometryczny<\/span><br \/><span><strong>Projekt:<\/strong> Cytaty i wiadomo\u015bci<\/span><br \/><span><strong>Projekt:<\/strong> Zwyk\u0142y<\/span><br \/><span><strong>Projekt:<\/strong> Zwierz\u0119<\/span><br \/><span><strong>Projekt:<\/strong> Przezroczysty<\/span><br \/><span><strong>Projekt:<\/strong> jednoro\u017cec<\/span><br \/><span><strong>Projekt:<\/strong> Kwiatowy<\/span><br \/><span><strong>Projekt:<\/strong> Marmur<\/span><br \/><span><strong>Projekt:<\/strong> Flaming<\/span><br \/><span><strong>Projekt:<\/strong> Rysunek<\/span><br \/><span><strong>Funkcjonowa\u0107:<\/strong> Odporny na zabrudzenia<\/span><br \/><span><strong>Funkcjonowa\u0107:<\/strong> Przeciwstukowy<\/span><br \/><span><strong>Projekt:<\/strong> Oryginalny obraz HD (wysoka rozdzielczo\u015b\u0107)<\/span><br \/><span><strong>Tworzywo:<\/strong> Wysokiej jako\u015bci silikonowy mi\u0119kki TPU 100% Nowy<\/span><br \/><span><strong>Cechy 1:<\/strong> Unikalna, konfigurowalna, mi\u0119kka gumowa obudowa mobilna<\/span><br \/><span><strong>Cechy 2:<\/strong> Modne etui z nadrukiem wzorzystym<\/span><br \/><span><strong>Modne etui do Huawei P40PRO:<\/strong> Popularne etui na telefon Huawei P30PRO P30LITE P20PRO P20LITE P10LITE<\/span><br \/><span><strong>Etui prezentowe na MATE20LITE:<\/strong> Etui Bumper Phone Cover do Huawei MATE10LITE MATE10PRO MATE20PRO<\/span><br \/><span><strong>Obudowy Fundas dla MATE30LITE:<\/strong> Etui na telefon Hull Shell do HUAWEI MATE30PRO PSMARTZ PSMART2019 2018+<\/span><br \/><span><strong>Wi\u0119cej modeli telefon\u00f3w:<\/strong> Prosimy o kontakt<\/span><br \/><span><strong>W magazynie<\/strong> Tak<\/span><br \/><span><strong>Tryb sprzeda\u017cy:<\/strong> Sprzeda\u017c detaliczna lub hurtowa<\/span><\/p>","protected":false},"excerpt":{"rendered":"<p>Brand Name: IMIDOType: Half-wrapped CaseFeatures: One Piece Monkey D LuffyCompatible Brand: HuaweiCompatible Huawei Model: P30 LiteDesign: GeometricDesign: Quotes &amp; MessagesDesign: PlainDesign: AnimalDesign: TransparentDesign: unicornDesign: FloralDesign: MarbleDesign: FlamingoDesign: CartoonFunction: Dirt-resistantFunction: Anti-knockDesign: Original Painting HD (high definition)Material: High Quality Silicome Soft TPU 100% NewFeatures1: Unique Customizable Soft Rubber Mobile ShellFeatures2: Fashion Patterned Printing CaseTrend Case Cover for [&hellip;]<\/p>","protected":false},"featured_media":15435,"comment_status":"open","ping_status":"open","template":"","meta":[],"product_brand":[],"product_cat":[409],"product_tag":[],"class_list":{"0":"post-15433","1":"product","2":"type-product","3":"status-publish","4":"has-post-thumbnail","6":"product_cat-accessoires-one-piece","8":"first","9":"instock","10":"purchasable","11":"product-type-variable","12":"has-default-attributes"},"yoast_head":"<!-- This site is optimized with the Yoast SEO plugin v27.5 - https:\/\/yoast.com\/product\/yoast-seo-wordpress\/ -->\n<title>Coque One Piece Monkey D Luffy Gear Fourth \u2013 Boutique One Piece<\/title>\n<meta name=\"description\" content=\"Brand Name: IMIDOType: Half-wrapped CaseFeatures: One Piece Monkey D LuffyCompatible Brand: HuaweiCompatible Huawei Model: P30 LiteDesign: GeometricDesign: Quotes &amp; MessagesDesign: PlainDesign: AnimalDesign: TransparentDesign: unicornDesign: FloralDesign: MarbleDesign: FlamingoDesign: CartoonFunction: Dirt-resistan\" \/>\n<meta name=\"robots\" content=\"index, follow, max-snippet:-1, max-image-preview:large, max-video-preview:-1\" \/>\n<link rel=\"canonical\" href=\"https:\/\/boutique-one-piece.com\/pl\/akcesoria-one-piece\/etui-one-piece-monkey-d-luffy-gear-czwarty\/\" \/>\n<meta property=\"og:locale\" content=\"pl_PL\" \/>\n<meta property=\"og:type\" content=\"article\" \/>\n<meta property=\"og:title\" content=\"Coque One Piece Monkey D Luffy Gear Fourth \u2013 Boutique One Piece\" \/>\n<meta property=\"og:description\" content=\"Brand Name: IMIDOType: Half-wrapped CaseFeatures: One Piece Monkey D LuffyCompatible Brand: HuaweiCompatible Huawei Model: P30 LiteDesign: GeometricDesign: Quotes &amp; MessagesDesign: PlainDesign: AnimalDesign: TransparentDesign: unicornDesign: FloralDesign: MarbleDesign: FlamingoDesign: CartoonFunction: Dirt-resistan\" \/>\n<meta property=\"og:url\" content=\"https:\/\/boutique-one-piece.com\/pl\/akcesoria-one-piece\/etui-one-piece-monkey-d-luffy-gear-czwarty\/\" \/>\n<meta property=\"og:site_name\" content=\"Boutique One Piece\" \/>\n<meta property=\"article:modified_time\" content=\"2024-09-16T14:10:24+00:00\" \/>\n<meta property=\"og:image\" content=\"https:\/\/boutique-one-piece.com\/wp-content\/uploads\/2022\/09\/Coque-One-Piece-Monkey-D-Luffy-Gear-Fourth.jpg\" \/>\n\t<meta property=\"og:image:width\" content=\"640\" \/>\n\t<meta property=\"og:image:height\" content=\"640\" \/>\n\t<meta property=\"og:image:type\" content=\"image\/jpeg\" \/>\n<meta name=\"twitter:card\" content=\"summary_large_image\" \/>\n<meta name=\"twitter:label1\" content=\"Szacowany czas czytania\" \/>\n\t<meta name=\"twitter:data1\" content=\"1 minuta\" \/>\n<script type=\"application\/ld+json\" class=\"yoast-schema-graph\">{\"@context\":\"https:\\\/\\\/schema.org\",\"@graph\":[{\"@type\":\"WebPage\",\"@id\":\"https:\\\/\\\/boutique-one-piece.com\\\/accessoires-one-piece\\\/coque-one-piece-monkey-d-luffy-gear-fourth\\\/\",\"url\":\"https:\\\/\\\/boutique-one-piece.com\\\/accessoires-one-piece\\\/coque-one-piece-monkey-d-luffy-gear-fourth\\\/\",\"name\":\"Coque One Piece Monkey D Luffy Gear Fourth \u2013 Boutique One Piece\",\"isPartOf\":{\"@id\":\"https:\\\/\\\/boutique-one-piece.com\\\/#website\"},\"primaryImageOfPage\":{\"@id\":\"https:\\\/\\\/boutique-one-piece.com\\\/accessoires-one-piece\\\/coque-one-piece-monkey-d-luffy-gear-fourth\\\/#primaryimage\"},\"image\":{\"@id\":\"https:\\\/\\\/boutique-one-piece.com\\\/accessoires-one-piece\\\/coque-one-piece-monkey-d-luffy-gear-fourth\\\/#primaryimage\"},\"thumbnailUrl\":\"https:\\\/\\\/boutique-one-piece.com\\\/wp-content\\\/uploads\\\/2022\\\/09\\\/Coque-One-Piece-Monkey-D-Luffy-Gear-Fourth.jpg\",\"datePublished\":\"2022-09-27T21:38:37+00:00\",\"dateModified\":\"2024-09-16T14:10:24+00:00\",\"description\":\"Brand Name: IMIDOType: Half-wrapped CaseFeatures: One Piece Monkey D LuffyCompatible Brand: HuaweiCompatible Huawei Model: P30 LiteDesign: GeometricDesign: Quotes & MessagesDesign: PlainDesign: AnimalDesign: TransparentDesign: unicornDesign: FloralDesign: MarbleDesign: FlamingoDesign: CartoonFunction: Dirt-resistan\",\"breadcrumb\":{\"@id\":\"https:\\\/\\\/boutique-one-piece.com\\\/accessoires-one-piece\\\/coque-one-piece-monkey-d-luffy-gear-fourth\\\/#breadcrumb\"},\"inLanguage\":\"pl-PL\",\"potentialAction\":[{\"@type\":\"ReadAction\",\"target\":[\"https:\\\/\\\/boutique-one-piece.com\\\/accessoires-one-piece\\\/coque-one-piece-monkey-d-luffy-gear-fourth\\\/\"]}]},{\"@type\":\"ImageObject\",\"inLanguage\":\"pl-PL\",\"@id\":\"https:\\\/\\\/boutique-one-piece.com\\\/accessoires-one-piece\\\/coque-one-piece-monkey-d-luffy-gear-fourth\\\/#primaryimage\",\"url\":\"https:\\\/\\\/boutique-one-piece.com\\\/wp-content\\\/uploads\\\/2022\\\/09\\\/Coque-One-Piece-Monkey-D-Luffy-Gear-Fourth.jpg\",\"contentUrl\":\"https:\\\/\\\/boutique-one-piece.com\\\/wp-content\\\/uploads\\\/2022\\\/09\\\/Coque-One-Piece-Monkey-D-Luffy-Gear-Fourth.jpg\",\"width\":640,\"height\":640,\"caption\":\"Coque One Piece Monkey D Luffy Gear Fourth Huawei Mate 10 Pro TZ096-6\"},{\"@type\":\"BreadcrumbList\",\"@id\":\"https:\\\/\\\/boutique-one-piece.com\\\/accessoires-one-piece\\\/coque-one-piece-monkey-d-luffy-gear-fourth\\\/#breadcrumb\",\"itemListElement\":[{\"@type\":\"ListItem\",\"position\":1,\"name\":\"Home\",\"item\":\"https:\\\/\\\/boutique-one-piece.com\\\/\"},{\"@type\":\"ListItem\",\"position\":2,\"name\":\"Shop\",\"item\":\"https:\\\/\\\/boutique-one-piece.com\\\/shop\\\/\"},{\"@type\":\"ListItem\",\"position\":3,\"name\":\"Coque One Piece Monkey D Luffy Gear Fourth\"}]},{\"@type\":\"WebSite\",\"@id\":\"https:\\\/\\\/boutique-one-piece.com\\\/#website\",\"url\":\"https:\\\/\\\/boutique-one-piece.com\\\/\",\"name\":\"Boutique One Piece\",\"description\":\"Magasin Sp\u00e9cialis\u00e9 du Manga et l&#039;Anime One Piece\",\"publisher\":{\"@id\":\"https:\\\/\\\/boutique-one-piece.com\\\/#organization\"},\"potentialAction\":[{\"@type\":\"SearchAction\",\"target\":{\"@type\":\"EntryPoint\",\"urlTemplate\":\"https:\\\/\\\/boutique-one-piece.com\\\/?s={search_term_string}\"},\"query-input\":{\"@type\":\"PropertyValueSpecification\",\"valueRequired\":true,\"valueName\":\"search_term_string\"}}],\"inLanguage\":\"pl-PL\"},{\"@type\":\"Organization\",\"@id\":\"https:\\\/\\\/boutique-one-piece.com\\\/#organization\",\"name\":\"Boutique One Piece\",\"url\":\"https:\\\/\\\/boutique-one-piece.com\\\/\",\"logo\":{\"@type\":\"ImageObject\",\"inLanguage\":\"pl-PL\",\"@id\":\"https:\\\/\\\/boutique-one-piece.com\\\/#\\\/schema\\\/logo\\\/image\\\/\",\"url\":\"https:\\\/\\\/boutique-one-piece.com\\\/wp-content\\\/uploads\\\/2022\\\/09\\\/Logo-01.png\",\"contentUrl\":\"https:\\\/\\\/boutique-one-piece.com\\\/wp-content\\\/uploads\\\/2022\\\/09\\\/Logo-01.png\",\"width\":2318,\"height\":957,\"caption\":\"Boutique One Piece\"},\"image\":{\"@id\":\"https:\\\/\\\/boutique-one-piece.com\\\/#\\\/schema\\\/logo\\\/image\\\/\"}}]}<\/script>\n<!-- \/ Yoast SEO plugin. -->","yoast_head_json":{"title":"One Piece Monkey D Luffy Gear Czwarta obudowa \u2013 Sklep One Piece","description":"Nazwa marki: IMIDOTyp: Etui p\u00f3\u0142owini\u0119teCechy: One Piece Monkey D LuffyKompatybilna marka: HuaweiKompatybilny model Huawei: P30 LiteWz\u00f3r: GeometrycznyWz\u00f3r: Cytaty i wiadomo\u015bciWz\u00f3r: G\u0142adkiWz\u00f3r: Zwierz\u0119Wz\u00f3r: PrzezroczystyWz\u00f3r: Jednoro\u017cecWz\u00f3r: KwiatowyWz\u00f3r: MarmurowyWz\u00f3r: FlamingWz\u00f3r: Kresk\u00f3wkowyFunkcja: Odporny na zabrudzenia","robots":{"index":"index","follow":"follow","max-snippet":"max-snippet:-1","max-image-preview":"max-image-preview:large","max-video-preview":"max-video-preview:-1"},"canonical":"https:\/\/boutique-one-piece.com\/pl\/akcesoria-one-piece\/etui-one-piece-monkey-d-luffy-gear-czwarty\/","og_locale":"pl_PL","og_type":"article","og_title":"Coque One Piece Monkey D Luffy Gear Fourth \u2013 Boutique One Piece","og_description":"Brand Name: IMIDOType: Half-wrapped CaseFeatures: One Piece Monkey D LuffyCompatible Brand: HuaweiCompatible Huawei Model: P30 LiteDesign: GeometricDesign: Quotes & MessagesDesign: PlainDesign: AnimalDesign: TransparentDesign: unicornDesign: FloralDesign: MarbleDesign: FlamingoDesign: CartoonFunction: Dirt-resistan","og_url":"https:\/\/boutique-one-piece.com\/pl\/akcesoria-one-piece\/etui-one-piece-monkey-d-luffy-gear-czwarty\/","og_site_name":"Boutique One Piece","article_modified_time":"2024-09-16T14:10:24+00:00","og_image":[{"width":640,"height":640,"url":"https:\/\/boutique-one-piece.com\/wp-content\/uploads\/2022\/09\/Coque-One-Piece-Monkey-D-Luffy-Gear-Fourth.jpg","type":"image\/jpeg"}],"twitter_card":"summary_large_image","twitter_misc":{"Szacowany czas czytania":"1 minuta"},"schema":{"@context":"https:\/\/schema.org","@graph":[{"@type":"WebPage","@id":"https:\/\/boutique-one-piece.com\/accessoires-one-piece\/coque-one-piece-monkey-d-luffy-gear-fourth\/","url":"https:\/\/boutique-one-piece.com\/accessoires-one-piece\/coque-one-piece-monkey-d-luffy-gear-fourth\/","name":"One Piece Monkey D Luffy Gear Czwarta obudowa \u2013 Sklep One Piece","isPartOf":{"@id":"https:\/\/boutique-one-piece.com\/#website"},"primaryImageOfPage":{"@id":"https:\/\/boutique-one-piece.com\/accessoires-one-piece\/coque-one-piece-monkey-d-luffy-gear-fourth\/#primaryimage"},"image":{"@id":"https:\/\/boutique-one-piece.com\/accessoires-one-piece\/coque-one-piece-monkey-d-luffy-gear-fourth\/#primaryimage"},"thumbnailUrl":"https:\/\/boutique-one-piece.com\/wp-content\/uploads\/2022\/09\/Coque-One-Piece-Monkey-D-Luffy-Gear-Fourth.jpg","datePublished":"2022-09-27T21:38:37+00:00","dateModified":"2024-09-16T14:10:24+00:00","description":"Nazwa marki: IMIDOTyp: Etui p\u00f3\u0142owini\u0119teCechy: One Piece Monkey D LuffyKompatybilna marka: HuaweiKompatybilny model Huawei: P30 LiteWz\u00f3r: GeometrycznyWz\u00f3r: Cytaty i wiadomo\u015bciWz\u00f3r: G\u0142adkiWz\u00f3r: Zwierz\u0119Wz\u00f3r: PrzezroczystyWz\u00f3r: Jednoro\u017cecWz\u00f3r: KwiatowyWz\u00f3r: MarmurowyWz\u00f3r: FlamingWz\u00f3r: Kresk\u00f3wkowyFunkcja: Odporny na zabrudzenia","breadcrumb":{"@id":"https:\/\/boutique-one-piece.com\/accessoires-one-piece\/coque-one-piece-monkey-d-luffy-gear-fourth\/#breadcrumb"},"inLanguage":"pl-PL","potentialAction":[{"@type":"ReadAction","target":["https:\/\/boutique-one-piece.com\/accessoires-one-piece\/coque-one-piece-monkey-d-luffy-gear-fourth\/"]}]},{"@type":"ImageObject","inLanguage":"pl-PL","@id":"https:\/\/boutique-one-piece.com\/accessoires-one-piece\/coque-one-piece-monkey-d-luffy-gear-fourth\/#primaryimage","url":"https:\/\/boutique-one-piece.com\/wp-content\/uploads\/2022\/09\/Coque-One-Piece-Monkey-D-Luffy-Gear-Fourth.jpg","contentUrl":"https:\/\/boutique-one-piece.com\/wp-content\/uploads\/2022\/09\/Coque-One-Piece-Monkey-D-Luffy-Gear-Fourth.jpg","width":640,"height":640,"caption":"Coque One Piece Monkey D Luffy Gear Fourth Huawei Mate 10 Pro TZ096-6"},{"@type":"BreadcrumbList","@id":"https:\/\/boutique-one-piece.com\/accessoires-one-piece\/coque-one-piece-monkey-d-luffy-gear-fourth\/#breadcrumb","itemListElement":[{"@type":"ListItem","position":1,"name":"Home","item":"https:\/\/boutique-one-piece.com\/"},{"@type":"ListItem","position":2,"name":"Shop","item":"https:\/\/boutique-one-piece.com\/shop\/"},{"@type":"ListItem","position":3,"name":"Coque One Piece Monkey D Luffy Gear Fourth"}]},{"@type":"WebSite","@id":"https:\/\/boutique-one-piece.com\/#website","url":"https:\/\/boutique-one-piece.com\/","name":"One Piece Shop","description":"Sklep specjalistyczny z mang\u0105 i anime One Piece","publisher":{"@id":"https:\/\/boutique-one-piece.com\/#organization"},"potentialAction":[{"@type":"SearchAction","target":{"@type":"EntryPoint","urlTemplate":"https:\/\/boutique-one-piece.com\/?s={search_term_string}"},"query-input":{"@type":"PropertyValueSpecification","valueRequired":true,"valueName":"search_term_string"}}],"inLanguage":"pl-PL"},{"@type":"Organization","@id":"https:\/\/boutique-one-piece.com\/#organization","name":"One Piece Shop","url":"https:\/\/boutique-one-piece.com\/","logo":{"@type":"ImageObject","inLanguage":"pl-PL","@id":"https:\/\/boutique-one-piece.com\/#\/schema\/logo\/image\/","url":"https:\/\/boutique-one-piece.com\/wp-content\/uploads\/2022\/09\/Logo-01.png","contentUrl":"https:\/\/boutique-one-piece.com\/wp-content\/uploads\/2022\/09\/Logo-01.png","width":2318,"height":957,"caption":"Boutique One Piece"},"image":{"@id":"https:\/\/boutique-one-piece.com\/#\/schema\/logo\/image\/"}}]}},"_links":{"self":[{"href":"https:\/\/boutique-one-piece.com\/pl\/wp-json\/wp\/v2\/product\/15433","targetHints":{"allow":["GET"]}}],"collection":[{"href":"https:\/\/boutique-one-piece.com\/pl\/wp-json\/wp\/v2\/product"}],"about":[{"href":"https:\/\/boutique-one-piece.com\/pl\/wp-json\/wp\/v2\/types\/product"}],"replies":[{"embeddable":true,"href":"https:\/\/boutique-one-piece.com\/pl\/wp-json\/wp\/v2\/comments?post=15433"}],"wp:featuredmedia":[{"embeddable":true,"href":"https:\/\/boutique-one-piece.com\/pl\/wp-json\/wp\/v2\/media\/15435"}],"wp:attachment":[{"href":"https:\/\/boutique-one-piece.com\/pl\/wp-json\/wp\/v2\/media?parent=15433"}],"wp:term":[{"taxonomy":"product_brand","embeddable":true,"href":"https:\/\/boutique-one-piece.com\/pl\/wp-json\/wp\/v2\/product_brand?post=15433"},{"taxonomy":"product_cat","embeddable":true,"href":"https:\/\/boutique-one-piece.com\/pl\/wp-json\/wp\/v2\/product_cat?post=15433"},{"taxonomy":"product_tag","embeddable":true,"href":"https:\/\/boutique-one-piece.com\/pl\/wp-json\/wp\/v2\/product_tag?post=15433"}],"curies":[{"name":"wp","href":"https:\/\/api.w.org\/{rel}","templated":true}]}}