{"id":15874,"date":"2022-09-27T21:41:20","date_gmt":"2022-09-27T21:41:20","guid":{"rendered":"https:\/\/boutique-one-piece.com\/uncategorized\/t-shirt-one-piece-les-mugiwara-a-la-conquete-du-monde\/"},"modified":"2024-09-16T14:23:25","modified_gmt":"2024-09-16T14:23:25","slug":"koszulka-one-piece-slomkowi-podbijaja-swiat","status":"publish","type":"product","link":"https:\/\/boutique-one-piece.com\/pl\/ubrania-jednoczesciowe\/koszulki-one-piece\/koszulka-one-piece-slomkowi-podbijaja-swiat\/","title":{"rendered":"Koszulka One Piece: S\u0142omkowi Kapelusze podbijaj\u0105 \u015bwiat"},"content":{"rendered":"<p><meta charset=\"utf-8\"><\/p>\n<h2>Informacje o koszulce:\u00a0<\/h2>\n<ul>\n<li>\u00a0<strong>Koszulka najwy\u017cszej jako\u015bci\u00a0<\/strong>Posiada du\u017c\u0105 gramatur\u0119 papieru i jest wykonany z materia\u0142\u00f3w wysokiej jako\u015bci.<\/li>\n<\/ul>\n<ul>\n<li>\n<strong>Bardzo wygodne\u00a0<\/strong>Dzi\u0119ki tym supermi\u0119kkim w\u0142\u00f3knom poliestrowym nie wyst\u0119puj\u0105 \u017cadne otarcia.<\/li>\n<\/ul>\n<ul>\n<li>\n<strong>Druk cyfrowy 3D<\/strong>\u00a0Koszulka z nadrukiem i oryginalnym wzorem, wydruk na p\u0142\u00f3tnie<\/li>\n<\/ul>\n<ul>\n<li>\n<strong>Darmowa dostawa\u00a0<\/strong>za ka\u017cdy zakup<\/li>\n<\/ul>\n<h2><strong>Nie zapomnij zapozna\u0107 si\u0119 z poni\u017csz\u0105 tabel\u0105 rozmiar\u00f3w.<\/strong><\/h2>\n<style><!--\n.content-table {\n  border-collapse: collapse;\n  margin: 25px 0;\n  font-size: 0.9em;\n  min-width: 400px;\n  border-radius: 5px 5px 0 0;\n  overflow: hidden;\n  box-shadow: 0 0 20px rgba(0, 0, 0, 0.15);\n  text-align: center;\n}\n.content-table thead tr {\n  background-color: #E6B96E;\n  color: #ffffff;\n  text-align: left;\n  font-weight: bold;\n}\n.content-table th,\n.content-table td {\n  padding: 12px 15px;\n}\n.content-table tbody tr {\n  border-bottom: 1px solid #dddddd;\n}\n.content-table tbody tr:nth-of-type(even) {\n  background-color: #f3f3f3;\n}\n.content-table tbody tr:last-of-type {\n  border-bottom: 2px solid #E6B96E;\n}\n--><\/style>\n<table class=\"content-table\">\n<thead>\n<tr>\n<th colspan=\"4\" style=\"text-align: center;\">PRZEWODNIK PO ROZMIARACH \u2013 WYBIERZ SW\u00d3J ROZMIAR<\/th>\n<\/tr>\n<tr>\n<th style=\"text-align: center;\">Rozmiar<\/th>\n<th style=\"text-align: center;\">Biust<\/th>\n<th style=\"text-align: center;\">D\u0142ugo\u015b\u0107<\/th>\n<th style=\"text-align: center;\">R\u0119kawy<\/th>\n<\/tr>\n<\/thead>\n<tbody>\n<tr class=\"active-row\">\n<td style=\"text-align: center;\"><strong>S<\/strong><\/td>\n<td style=\"text-align: center;\">88\n<\/td>\n<td style=\"text-align: center;\">62<\/td>\n<td style=\"text-align: center;\">16<\/td>\n<\/tr>\n<tr>\n<td style=\"text-align: center;\"><strong>M<\/strong><\/td>\n<td style=\"text-align: center;\">92<\/td>\n<td style=\"text-align: center;\">64\n<\/td>\n<td style=\"text-align: center;\">16<\/td>\n<\/tr>\n<tr class=\"active-row\">\n<td style=\"text-align: center;\"><strong>L<\/strong><\/td>\n<td style=\"text-align: center;\">96\n<\/td>\n<td style=\"text-align: center;\">66<\/td>\n<td style=\"text-align: center;\">17<\/td>\n<\/tr>\n<tr>\n<td style=\"text-align: center;\"><strong>XL<\/strong><\/td>\n<td style=\"text-align: center;\">100\n<\/td>\n<td style=\"text-align: center;\">68\n<\/td>\n<td style=\"text-align: center;\">17<\/td>\n<\/tr>\n<tr class=\"active-row\">\n<td style=\"text-align: center;\"><strong>XXL<\/strong><\/td>\n<td style=\"text-align: center;\">106<\/td>\n<td style=\"text-align: center;\">70\n<\/td>\n<td style=\"text-align: center;\">18\n<\/td>\n<\/tr>\n<tr>\n<td style=\"text-align: center;\"><strong>3XL<\/strong><\/td>\n<td style=\"text-align: center;\">112<\/td>\n<td style=\"text-align: center;\">72\n<\/td>\n<td style=\"text-align: center;\">19\n<\/td>\n<\/tr>\n<tr class=\"active-row\">\n<td style=\"text-align: center;\"><strong>4XL<\/strong><\/td>\n<td style=\"text-align: center;\">118<\/td>\n<td style=\"text-align: center;\">74\n<\/td>\n<td style=\"text-align: center;\">20\n<\/td>\n<\/tr>\n<tr>\n<td style=\"text-align: center;\"><strong>5XL<\/strong><\/td>\n<td style=\"text-align: center;\">124<\/td>\n<td style=\"text-align: center;\">76\n<\/td>\n<td style=\"text-align: center;\">21\n<\/td>\n<\/tr>\n<tr class=\"active-row\">\n<td style=\"text-align: center;\"><strong>6XL<\/strong><\/td>\n<td style=\"text-align: center;\">130<\/td>\n<td style=\"text-align: center;\">78\n<\/td>\n<td style=\"text-align: center;\">22\n<\/td>\n<\/tr>\n<\/tbody>\n<\/table>\n<h3>Instrukcja prania:<\/h3>\n<ul>\n<li>Pra\u0107 w pralce w temperaturze 30\u00b0C, cykl delikatny<\/li>\n<\/ul>\n<ul>\n<li>Prasowa\u0107 na odwrotnej stronie<\/li>\n<\/ul>\n<p>Aby zachowa\u0107 jako\u015b\u0107 tego <strong>Koszulka One Piece<\/strong>, Zalecamy przestrzeganie instrukcji prania.<\/p>","protected":false},"excerpt":{"rendered":"<p>Informations sur le\u00a0T-Shirt\u00a0:\u00a0 \u00a0Maillot de qualit\u00e9 sup\u00e9rieure\u00a0:\u00a0poss\u00e8de un\u00a0grammage \u00e9lev\u00e9, avec des mat\u00e9riaux de qualit\u00e9s Tr\u00e8s confortable\u00a0: avec ces\u00a0fibres\u00a0de\u00a0polyester super\u00a0doux, il n&rsquo;y a pas\u00a0de\u00a0frottements Impression digitale 3D\u00a0:\u00a0t-shirt imprim\u00e9\u00a0avec un design original,\u00a0Impression Canvas Livraison\u00a0Offerte\u00a0pour tout achat N&rsquo;oubliez pas de jeter\u00a0un oeil au guide des tailles ci-dessous. GUIDE DES TAILLES &#8211; CHOISISSEZ VOTRE TAILLE Taille Buste Longueur Manches [&hellip;]<\/p>","protected":false},"featured_media":15876,"comment_status":"open","ping_status":"open","template":"","meta":[],"product_brand":[],"product_cat":[53],"product_tag":[],"class_list":{"0":"post-15874","1":"product","2":"type-product","3":"status-publish","4":"has-post-thumbnail","6":"product_cat-t-shirts-one-piece","8":"first","9":"outofstock","10":"purchasable","11":"product-type-variable","12":"has-default-attributes"},"yoast_head":"<!-- This site is optimized with the Yoast SEO plugin v27.5 - https:\/\/yoast.com\/product\/yoast-seo-wordpress\/ -->\n<title>T Shirt One Piece Les Mugiwara A La Conqu\u00eate Du Monde | V\u00eatement One Piece \u2013 Boutique One Piece<\/title>\n<meta name=\"description\" content=\"Informations sur le\u00a0T-Shirt\u00a0:\u00a0 \u00a0Maillot de qualit\u00e9 sup\u00e9rieure\u00a0:\u00a0poss\u00e8de un\u00a0grammage \u00e9lev\u00e9, avec des mat\u00e9riaux de qualit\u00e9s Tr\u00e8s confortable\u00a0: avec ces\u00a0fibres\u00a0de\u00a0polyester super\u00a0doux, il n&#039;y a pas\u00a0de\u00a0frottements Impression digitale 3D\u00a0:\u00a0t-shirt imprim\u00e9\u00a0avec un design original,\u00a0Impression Canvas Livraison\u00a0Offerte\u00a0pour tou\" \/>\n<meta name=\"robots\" content=\"index, follow, max-snippet:-1, max-image-preview:large, max-video-preview:-1\" \/>\n<link rel=\"canonical\" href=\"https:\/\/boutique-one-piece.com\/pl\/ubrania-jednoczesciowe\/koszulki-one-piece\/koszulka-one-piece-slomkowi-podbijaja-swiat\/\" \/>\n<meta property=\"og:locale\" content=\"pl_PL\" \/>\n<meta property=\"og:type\" content=\"article\" \/>\n<meta property=\"og:title\" content=\"T Shirt One Piece Les Mugiwara A La Conqu\u00eate Du Monde | V\u00eatement One Piece \u2013 Boutique One Piece\" \/>\n<meta property=\"og:description\" content=\"Informations sur le\u00a0T-Shirt\u00a0:\u00a0 \u00a0Maillot de qualit\u00e9 sup\u00e9rieure\u00a0:\u00a0poss\u00e8de un\u00a0grammage \u00e9lev\u00e9, avec des mat\u00e9riaux de qualit\u00e9s Tr\u00e8s confortable\u00a0: avec ces\u00a0fibres\u00a0de\u00a0polyester super\u00a0doux, il n&#039;y a pas\u00a0de\u00a0frottements Impression digitale 3D\u00a0:\u00a0t-shirt imprim\u00e9\u00a0avec un design original,\u00a0Impression Canvas Livraison\u00a0Offerte\u00a0pour tou\" \/>\n<meta property=\"og:url\" content=\"https:\/\/boutique-one-piece.com\/pl\/ubrania-jednoczesciowe\/koszulki-one-piece\/koszulka-one-piece-slomkowi-podbijaja-swiat\/\" \/>\n<meta property=\"og:site_name\" content=\"Boutique One Piece\" \/>\n<meta property=\"article:modified_time\" content=\"2024-09-16T14:23:25+00:00\" \/>\n<meta property=\"og:image\" content=\"https:\/\/boutique-one-piece.com\/wp-content\/uploads\/2022\/09\/T-Shirt-One-Piece-Les-Mugiwara-A-La-Conquete-Du-Monde.jpg\" \/>\n\t<meta property=\"og:image:width\" content=\"640\" \/>\n\t<meta property=\"og:image:height\" content=\"640\" \/>\n\t<meta property=\"og:image:type\" content=\"image\/jpeg\" \/>\n<meta name=\"twitter:card\" content=\"summary_large_image\" \/>\n<meta name=\"twitter:label1\" content=\"Szacowany czas czytania\" \/>\n\t<meta name=\"twitter:data1\" content=\"1 minuta\" \/>\n<script type=\"application\/ld+json\" class=\"yoast-schema-graph\">{\"@context\":\"https:\\\/\\\/schema.org\",\"@graph\":[{\"@type\":\"WebPage\",\"@id\":\"https:\\\/\\\/boutique-one-piece.com\\\/vetements-one-piece\\\/t-shirts-one-piece\\\/t-shirt-one-piece-les-mugiwara-a-la-conquete-du-monde\\\/\",\"url\":\"https:\\\/\\\/boutique-one-piece.com\\\/vetements-one-piece\\\/t-shirts-one-piece\\\/t-shirt-one-piece-les-mugiwara-a-la-conquete-du-monde\\\/\",\"name\":\"T Shirt One Piece Les Mugiwara A La Conqu\u00eate Du Monde | V\u00eatement One Piece \u2013 Boutique One Piece\",\"isPartOf\":{\"@id\":\"https:\\\/\\\/boutique-one-piece.com\\\/#website\"},\"primaryImageOfPage\":{\"@id\":\"https:\\\/\\\/boutique-one-piece.com\\\/vetements-one-piece\\\/t-shirts-one-piece\\\/t-shirt-one-piece-les-mugiwara-a-la-conquete-du-monde\\\/#primaryimage\"},\"image\":{\"@id\":\"https:\\\/\\\/boutique-one-piece.com\\\/vetements-one-piece\\\/t-shirts-one-piece\\\/t-shirt-one-piece-les-mugiwara-a-la-conquete-du-monde\\\/#primaryimage\"},\"thumbnailUrl\":\"https:\\\/\\\/boutique-one-piece.com\\\/wp-content\\\/uploads\\\/2022\\\/09\\\/T-Shirt-One-Piece-Les-Mugiwara-A-La-Conquete-Du-Monde.jpg\",\"datePublished\":\"2022-09-27T21:41:20+00:00\",\"dateModified\":\"2024-09-16T14:23:25+00:00\",\"description\":\"Informations sur le\u00a0T-Shirt\u00a0:\u00a0 \u00a0Maillot de qualit\u00e9 sup\u00e9rieure\u00a0:\u00a0poss\u00e8de un\u00a0grammage \u00e9lev\u00e9, avec des mat\u00e9riaux de qualit\u00e9s Tr\u00e8s confortable\u00a0: avec ces\u00a0fibres\u00a0de\u00a0polyester super\u00a0doux, il n'y a pas\u00a0de\u00a0frottements Impression digitale 3D\u00a0:\u00a0t-shirt imprim\u00e9\u00a0avec un design original,\u00a0Impression Canvas Livraison\u00a0Offerte\u00a0pour tou\",\"breadcrumb\":{\"@id\":\"https:\\\/\\\/boutique-one-piece.com\\\/vetements-one-piece\\\/t-shirts-one-piece\\\/t-shirt-one-piece-les-mugiwara-a-la-conquete-du-monde\\\/#breadcrumb\"},\"inLanguage\":\"pl-PL\",\"potentialAction\":[{\"@type\":\"ReadAction\",\"target\":[\"https:\\\/\\\/boutique-one-piece.com\\\/vetements-one-piece\\\/t-shirts-one-piece\\\/t-shirt-one-piece-les-mugiwara-a-la-conquete-du-monde\\\/\"]}]},{\"@type\":\"ImageObject\",\"inLanguage\":\"pl-PL\",\"@id\":\"https:\\\/\\\/boutique-one-piece.com\\\/vetements-one-piece\\\/t-shirts-one-piece\\\/t-shirt-one-piece-les-mugiwara-a-la-conquete-du-monde\\\/#primaryimage\",\"url\":\"https:\\\/\\\/boutique-one-piece.com\\\/wp-content\\\/uploads\\\/2022\\\/09\\\/T-Shirt-One-Piece-Les-Mugiwara-A-La-Conquete-Du-Monde.jpg\",\"contentUrl\":\"https:\\\/\\\/boutique-one-piece.com\\\/wp-content\\\/uploads\\\/2022\\\/09\\\/T-Shirt-One-Piece-Les-Mugiwara-A-La-Conquete-Du-Monde.jpg\",\"width\":640,\"height\":640,\"caption\":\"T Shirt One Piece Les Mugiwara A La Conqu\u00eate Du Monde 6XL\"},{\"@type\":\"BreadcrumbList\",\"@id\":\"https:\\\/\\\/boutique-one-piece.com\\\/vetements-one-piece\\\/t-shirts-one-piece\\\/t-shirt-one-piece-les-mugiwara-a-la-conquete-du-monde\\\/#breadcrumb\",\"itemListElement\":[{\"@type\":\"ListItem\",\"position\":1,\"name\":\"Home\",\"item\":\"https:\\\/\\\/boutique-one-piece.com\\\/\"},{\"@type\":\"ListItem\",\"position\":2,\"name\":\"Shop\",\"item\":\"https:\\\/\\\/boutique-one-piece.com\\\/shop\\\/\"},{\"@type\":\"ListItem\",\"position\":3,\"name\":\"T Shirt One Piece Les Mugiwara A La Conqu\u00eate Du Monde\"}]},{\"@type\":\"WebSite\",\"@id\":\"https:\\\/\\\/boutique-one-piece.com\\\/#website\",\"url\":\"https:\\\/\\\/boutique-one-piece.com\\\/\",\"name\":\"Boutique One Piece\",\"description\":\"Magasin Sp\u00e9cialis\u00e9 du Manga et l&#039;Anime One Piece\",\"publisher\":{\"@id\":\"https:\\\/\\\/boutique-one-piece.com\\\/#organization\"},\"potentialAction\":[{\"@type\":\"SearchAction\",\"target\":{\"@type\":\"EntryPoint\",\"urlTemplate\":\"https:\\\/\\\/boutique-one-piece.com\\\/?s={search_term_string}\"},\"query-input\":{\"@type\":\"PropertyValueSpecification\",\"valueRequired\":true,\"valueName\":\"search_term_string\"}}],\"inLanguage\":\"pl-PL\"},{\"@type\":\"Organization\",\"@id\":\"https:\\\/\\\/boutique-one-piece.com\\\/#organization\",\"name\":\"Boutique One Piece\",\"url\":\"https:\\\/\\\/boutique-one-piece.com\\\/\",\"logo\":{\"@type\":\"ImageObject\",\"inLanguage\":\"pl-PL\",\"@id\":\"https:\\\/\\\/boutique-one-piece.com\\\/#\\\/schema\\\/logo\\\/image\\\/\",\"url\":\"https:\\\/\\\/boutique-one-piece.com\\\/wp-content\\\/uploads\\\/2022\\\/09\\\/Logo-01.png\",\"contentUrl\":\"https:\\\/\\\/boutique-one-piece.com\\\/wp-content\\\/uploads\\\/2022\\\/09\\\/Logo-01.png\",\"width\":2318,\"height\":957,\"caption\":\"Boutique One Piece\"},\"image\":{\"@id\":\"https:\\\/\\\/boutique-one-piece.com\\\/#\\\/schema\\\/logo\\\/image\\\/\"}}]}<\/script>\n<!-- \/ Yoast SEO plugin. -->","yoast_head_json":{"title":"Koszulka One Piece S\u0142omkowy Kapelusz Pirat\u00f3w: Podb\u00f3j \u015bwiata | Odzie\u017c One Piece \u2013 Sklep One Piece","description":"Informacje o koszulce: Koszulka najwy\u017cszej jako\u015bci: Wysokiej jako\u015bci tkanina o wysokiej gramaturze. Bardzo wygodna: Supermi\u0119kkie w\u0142\u00f3kna poliestrowe zapobiegaj\u0105 otarciom. Nadruk cyfrowy 3D: Oryginalny nadruk na p\u0142\u00f3tnie. Darmowa wysy\u0142ka dla wszystkich zam\u00f3wie\u0144.","robots":{"index":"index","follow":"follow","max-snippet":"max-snippet:-1","max-image-preview":"max-image-preview:large","max-video-preview":"max-video-preview:-1"},"canonical":"https:\/\/boutique-one-piece.com\/pl\/ubrania-jednoczesciowe\/koszulki-one-piece\/koszulka-one-piece-slomkowi-podbijaja-swiat\/","og_locale":"pl_PL","og_type":"article","og_title":"T Shirt One Piece Les Mugiwara A La Conqu\u00eate Du Monde | V\u00eatement One Piece \u2013 Boutique One Piece","og_description":"Informations sur le\u00a0T-Shirt\u00a0:\u00a0 \u00a0Maillot de qualit\u00e9 sup\u00e9rieure\u00a0:\u00a0poss\u00e8de un\u00a0grammage \u00e9lev\u00e9, avec des mat\u00e9riaux de qualit\u00e9s Tr\u00e8s confortable\u00a0: avec ces\u00a0fibres\u00a0de\u00a0polyester super\u00a0doux, il n'y a pas\u00a0de\u00a0frottements Impression digitale 3D\u00a0:\u00a0t-shirt imprim\u00e9\u00a0avec un design original,\u00a0Impression Canvas Livraison\u00a0Offerte\u00a0pour tou","og_url":"https:\/\/boutique-one-piece.com\/pl\/ubrania-jednoczesciowe\/koszulki-one-piece\/koszulka-one-piece-slomkowi-podbijaja-swiat\/","og_site_name":"Boutique One Piece","article_modified_time":"2024-09-16T14:23:25+00:00","og_image":[{"width":640,"height":640,"url":"https:\/\/boutique-one-piece.com\/wp-content\/uploads\/2022\/09\/T-Shirt-One-Piece-Les-Mugiwara-A-La-Conquete-Du-Monde.jpg","type":"image\/jpeg"}],"twitter_card":"summary_large_image","twitter_misc":{"Szacowany czas czytania":"1 minuta"},"schema":{"@context":"https:\/\/schema.org","@graph":[{"@type":"WebPage","@id":"https:\/\/boutique-one-piece.com\/vetements-one-piece\/t-shirts-one-piece\/t-shirt-one-piece-les-mugiwara-a-la-conquete-du-monde\/","url":"https:\/\/boutique-one-piece.com\/vetements-one-piece\/t-shirts-one-piece\/t-shirt-one-piece-les-mugiwara-a-la-conquete-du-monde\/","name":"Koszulka One Piece S\u0142omkowy Kapelusz Pirat\u00f3w: Podb\u00f3j \u015bwiata | Odzie\u017c One Piece \u2013 Sklep One Piece","isPartOf":{"@id":"https:\/\/boutique-one-piece.com\/#website"},"primaryImageOfPage":{"@id":"https:\/\/boutique-one-piece.com\/vetements-one-piece\/t-shirts-one-piece\/t-shirt-one-piece-les-mugiwara-a-la-conquete-du-monde\/#primaryimage"},"image":{"@id":"https:\/\/boutique-one-piece.com\/vetements-one-piece\/t-shirts-one-piece\/t-shirt-one-piece-les-mugiwara-a-la-conquete-du-monde\/#primaryimage"},"thumbnailUrl":"https:\/\/boutique-one-piece.com\/wp-content\/uploads\/2022\/09\/T-Shirt-One-Piece-Les-Mugiwara-A-La-Conquete-Du-Monde.jpg","datePublished":"2022-09-27T21:41:20+00:00","dateModified":"2024-09-16T14:23:25+00:00","description":"Informacje o koszulce: Koszulka najwy\u017cszej jako\u015bci: Wysokiej jako\u015bci tkanina o wysokiej gramaturze. Bardzo wygodna: Supermi\u0119kkie w\u0142\u00f3kna poliestrowe zapobiegaj\u0105 otarciom. Nadruk cyfrowy 3D: Oryginalny nadruk na p\u0142\u00f3tnie. Darmowa wysy\u0142ka dla wszystkich zam\u00f3wie\u0144.","breadcrumb":{"@id":"https:\/\/boutique-one-piece.com\/vetements-one-piece\/t-shirts-one-piece\/t-shirt-one-piece-les-mugiwara-a-la-conquete-du-monde\/#breadcrumb"},"inLanguage":"pl-PL","potentialAction":[{"@type":"ReadAction","target":["https:\/\/boutique-one-piece.com\/vetements-one-piece\/t-shirts-one-piece\/t-shirt-one-piece-les-mugiwara-a-la-conquete-du-monde\/"]}]},{"@type":"ImageObject","inLanguage":"pl-PL","@id":"https:\/\/boutique-one-piece.com\/vetements-one-piece\/t-shirts-one-piece\/t-shirt-one-piece-les-mugiwara-a-la-conquete-du-monde\/#primaryimage","url":"https:\/\/boutique-one-piece.com\/wp-content\/uploads\/2022\/09\/T-Shirt-One-Piece-Les-Mugiwara-A-La-Conquete-Du-Monde.jpg","contentUrl":"https:\/\/boutique-one-piece.com\/wp-content\/uploads\/2022\/09\/T-Shirt-One-Piece-Les-Mugiwara-A-La-Conquete-Du-Monde.jpg","width":640,"height":640,"caption":"T Shirt One Piece Les Mugiwara A La Conqu\u00eate Du Monde 6XL"},{"@type":"BreadcrumbList","@id":"https:\/\/boutique-one-piece.com\/vetements-one-piece\/t-shirts-one-piece\/t-shirt-one-piece-les-mugiwara-a-la-conquete-du-monde\/#breadcrumb","itemListElement":[{"@type":"ListItem","position":1,"name":"Home","item":"https:\/\/boutique-one-piece.com\/"},{"@type":"ListItem","position":2,"name":"Shop","item":"https:\/\/boutique-one-piece.com\/shop\/"},{"@type":"ListItem","position":3,"name":"T Shirt One Piece Les Mugiwara A La Conqu\u00eate Du Monde"}]},{"@type":"WebSite","@id":"https:\/\/boutique-one-piece.com\/#website","url":"https:\/\/boutique-one-piece.com\/","name":"One Piece Shop","description":"Sklep specjalistyczny z mang\u0105 i anime One Piece","publisher":{"@id":"https:\/\/boutique-one-piece.com\/#organization"},"potentialAction":[{"@type":"SearchAction","target":{"@type":"EntryPoint","urlTemplate":"https:\/\/boutique-one-piece.com\/?s={search_term_string}"},"query-input":{"@type":"PropertyValueSpecification","valueRequired":true,"valueName":"search_term_string"}}],"inLanguage":"pl-PL"},{"@type":"Organization","@id":"https:\/\/boutique-one-piece.com\/#organization","name":"One Piece Shop","url":"https:\/\/boutique-one-piece.com\/","logo":{"@type":"ImageObject","inLanguage":"pl-PL","@id":"https:\/\/boutique-one-piece.com\/#\/schema\/logo\/image\/","url":"https:\/\/boutique-one-piece.com\/wp-content\/uploads\/2022\/09\/Logo-01.png","contentUrl":"https:\/\/boutique-one-piece.com\/wp-content\/uploads\/2022\/09\/Logo-01.png","width":2318,"height":957,"caption":"Boutique One Piece"},"image":{"@id":"https:\/\/boutique-one-piece.com\/#\/schema\/logo\/image\/"}}]}},"_links":{"self":[{"href":"https:\/\/boutique-one-piece.com\/pl\/wp-json\/wp\/v2\/product\/15874","targetHints":{"allow":["GET"]}}],"collection":[{"href":"https:\/\/boutique-one-piece.com\/pl\/wp-json\/wp\/v2\/product"}],"about":[{"href":"https:\/\/boutique-one-piece.com\/pl\/wp-json\/wp\/v2\/types\/product"}],"replies":[{"embeddable":true,"href":"https:\/\/boutique-one-piece.com\/pl\/wp-json\/wp\/v2\/comments?post=15874"}],"wp:featuredmedia":[{"embeddable":true,"href":"https:\/\/boutique-one-piece.com\/pl\/wp-json\/wp\/v2\/media\/15876"}],"wp:attachment":[{"href":"https:\/\/boutique-one-piece.com\/pl\/wp-json\/wp\/v2\/media?parent=15874"}],"wp:term":[{"taxonomy":"product_brand","embeddable":true,"href":"https:\/\/boutique-one-piece.com\/pl\/wp-json\/wp\/v2\/product_brand?post=15874"},{"taxonomy":"product_cat","embeddable":true,"href":"https:\/\/boutique-one-piece.com\/pl\/wp-json\/wp\/v2\/product_cat?post=15874"},{"taxonomy":"product_tag","embeddable":true,"href":"https:\/\/boutique-one-piece.com\/pl\/wp-json\/wp\/v2\/product_tag?post=15874"}],"curies":[{"name":"wp","href":"https:\/\/api.w.org\/{rel}","templated":true}]}}