{"id":15908,"date":"2022-09-27T21:41:35","date_gmt":"2022-09-27T21:41:35","guid":{"rendered":"https:\/\/boutique-one-piece.com\/uncategorized\/coque-one-piece-avis-de-recherche-nico-robin\/"},"modified":"2024-09-16T14:24:33","modified_gmt":"2024-09-16T14:24:33","slug":"etui-na-telefon-one-piece-z-plakatem-poszukiwanym-nico-robin","status":"publish","type":"product","link":"https:\/\/boutique-one-piece.com\/pl\/akcesoria-one-piece\/etui-na-telefon-one-piece-z-plakatem-poszukiwanym-nico-robin\/","title":{"rendered":"Plakat poszukiwany One Piece \u2013 Nico Robin"},"content":{"rendered":"<p><span><strong>Nazwa marki<\/strong> RETFGTU<\/span><br \/><span><strong>Uprzejmy:<\/strong> P\u00f3\u0142zapakowane etui<\/span><br \/><span><strong>Cechy<\/strong> Silikonowe etui na telefon Fashion Suave Coque<\/span><br \/><span><strong>Kompatybilna marka:<\/strong> iPhone&#039;y Apple<\/span><br \/><span><strong>Kompatybilny model iPhone&#039;a:<\/strong> iPhone 5<\/span><br \/><span><strong>Kompatybilny model iPhone&#039;a:<\/strong> iPhone 6<\/span><br \/><span><strong>Kompatybilny model iPhone&#039;a:<\/strong> iPhone 6 Plus<\/span><br \/><span><strong>Kompatybilny model iPhone&#039;a:<\/strong> iPhone 6S<\/span><br \/><span><strong>Kompatybilny model iPhone&#039;a:<\/strong> iPhone 6s Plus<\/span><br \/><span><strong>Kompatybilny model iPhone&#039;a:<\/strong> iPhone 5s<\/span><br \/><span><strong>Kompatybilny model iPhone&#039;a:<\/strong> iPhone SE<\/span><br \/><span><strong>Kompatybilny model iPhone&#039;a:<\/strong> iPhone 7<\/span><br \/><span><strong>Kompatybilny model iPhone&#039;a:<\/strong> iPhone 7 Plus<\/span><br \/><span><strong>Kompatybilny model iPhone&#039;a:<\/strong> iPhone 8 Plus<\/span><br \/><span><strong>Kompatybilny model iPhone&#039;a:<\/strong> iPhone 8<\/span><br \/><span><strong>Kompatybilny model iPhone&#039;a:<\/strong> iPhone X<\/span><br \/><span><strong>Kompatybilny model iPhone&#039;a:<\/strong> iPhone XS Max<\/span><br \/><span><strong>Kompatybilny model iPhone&#039;a:<\/strong> iPhone XR<\/span><br \/><span><strong>Kompatybilny model iPhone&#039;a:<\/strong> iPhone&#039;a XS<\/span><br \/><span><strong>Kompatybilny model iPhone&#039;a:<\/strong> iPhone 11<\/span><br \/><span><strong>Kompatybilny model iPhone&#039;a:<\/strong> iPhone 11 Pro Max<\/span><br \/><span><strong>Kompatybilny model iPhone&#039;a:<\/strong> iPhone 11 Pro<\/span><br \/><span><strong>Rozmiar:<\/strong> 5.8<\/span><br \/><span><strong>Rozmiar:<\/strong> 4.8<\/span><br \/><span><strong>Rozmiar:<\/strong> 6.5<\/span><br \/><span><strong>Rozmiar:<\/strong> 5.5<\/span><br \/><span><strong>Rozmiar:<\/strong> 6.1<\/span><br \/><span><strong>Rozmiar:<\/strong> 5<\/span><br \/><span><strong>Projekt:<\/strong> Geometryczny<\/span><br \/><span><strong>Projekt:<\/strong> Cytaty i wiadomo\u015bci<\/span><br \/><span><strong>Projekt:<\/strong> Matowy<\/span><br \/><span><strong>Projekt:<\/strong> Zwyk\u0142y<\/span><br \/><span><strong>Projekt:<\/strong> Zwierz\u0119<\/span><br \/><span><strong>Projekt:<\/strong> Przezroczysty<\/span><br \/><span><strong>Projekt:<\/strong> Kwiatowy<\/span><br \/><span><strong>Funkcjonowa\u0107:<\/strong> Wodoodporny<\/span><br \/><span><strong>Funkcjonowa\u0107:<\/strong> Odporny na zabrudzenia<\/span><br \/><span><strong>Funkcjonowa\u0107:<\/strong> Przeciwstukowy<\/span><br \/><span><strong>Tworzywo:<\/strong> Mi\u0119kki silikon TPU<\/span><br \/><span><strong>Dropshipping:<\/strong> Wsparcie<\/span><br \/><span><strong>Uprzejmy:<\/strong> Etui Coque Back Cover akcesoria do iPhone&#039;a<\/span><br \/><span><strong>Cechy<\/strong> luksusowa marka nowa na rynku gor\u0105ca sprzeda\u017c<\/span><br \/><span><strong>U\u017cyj t\u0142umu:<\/strong> Etui na iPhone&#039;a dla dziewczynek i ch\u0142opc\u00f3w<\/span><br \/><span><strong>Spos\u00f3b sprzeda\u017cy:<\/strong> Hurt i detal<\/span><br \/><span><strong>Kolor:<\/strong> Jako logo na zdj\u0119ciu pokazowym<\/span><br \/><span><strong>zrobi\u0107 miejsce:<\/strong> Inteligentny druk<\/span><\/p>","protected":false},"excerpt":{"rendered":"<p>Nazwa marki: RETFGTUTyp: Etui p\u00f3\u0142owini\u0119teCechy: Modne, eleganckie silikonowe etui na telefonKompatybilna marka: Apple iPhonesKompatybilny model iPhone&#039;a: iPhone 5Kompatybilny model iPhone&#039;a: iPhone 6Kompatybilny model iPhone&#039;a: iPhone 6 PlusKompatybilny model iPhone&#039;a: IPHONE 6SKompatybilny model iPhone&#039;a: iPhone 6s plusKompatybilny model iPhone&#039;a: iPhone 5sKompatybilny model iPhone&#039;a: Iphone SEKompatybilny model iPhone&#039;a: iPhone 7Kompatybilny model iPhone&#039;a: iPhone 7 PlusKompatybilny model iPhone&#039;a [\u2026]<\/p>","protected":false},"featured_media":15910,"comment_status":"open","ping_status":"open","template":"","meta":[],"product_brand":[],"product_cat":[409],"product_tag":[],"class_list":{"0":"post-15908","1":"product","2":"type-product","3":"status-publish","4":"has-post-thumbnail","6":"product_cat-accessoires-one-piece","8":"first","9":"instock","10":"purchasable","11":"product-type-variable","12":"has-default-attributes"},"yoast_head":"<!-- This site is optimized with the Yoast SEO plugin v27.5 - https:\/\/yoast.com\/product\/yoast-seo-wordpress\/ -->\n<title>Coque One Piece Avis De Recherche Nico Robin \u2013 Boutique One Piece<\/title>\n<meta name=\"description\" content=\"Brand Name: RETFGTUType: Half-wrapped CaseFeatures: Fashion Suave silicone phone Case Cover CoqueCompatible Brand: Apple iPhonesCompatible iPhone Model: iPhone 5Compatible iPhone Model: iPhone 6Compatible iPhone Model: iPhone 6 PlusCompatible iPhone Model: IPHONE 6SCompatible iPhone Model: iPhone 6s plusCompatible iPho\" \/>\n<meta name=\"robots\" content=\"index, follow, max-snippet:-1, max-image-preview:large, max-video-preview:-1\" \/>\n<link rel=\"canonical\" href=\"https:\/\/boutique-one-piece.com\/pl\/akcesoria-one-piece\/etui-na-telefon-one-piece-z-plakatem-poszukiwanym-nico-robin\/\" \/>\n<meta property=\"og:locale\" content=\"pl_PL\" \/>\n<meta property=\"og:type\" content=\"article\" \/>\n<meta property=\"og:title\" content=\"Coque One Piece Avis De Recherche Nico Robin \u2013 Boutique One Piece\" \/>\n<meta property=\"og:description\" content=\"Brand Name: RETFGTUType: Half-wrapped CaseFeatures: Fashion Suave silicone phone Case Cover CoqueCompatible Brand: Apple iPhonesCompatible iPhone Model: iPhone 5Compatible iPhone Model: iPhone 6Compatible iPhone Model: iPhone 6 PlusCompatible iPhone Model: IPHONE 6SCompatible iPhone Model: iPhone 6s plusCompatible iPho\" \/>\n<meta property=\"og:url\" content=\"https:\/\/boutique-one-piece.com\/pl\/akcesoria-one-piece\/etui-na-telefon-one-piece-z-plakatem-poszukiwanym-nico-robin\/\" \/>\n<meta property=\"og:site_name\" content=\"Boutique One Piece\" \/>\n<meta property=\"article:modified_time\" content=\"2024-09-16T14:24:33+00:00\" \/>\n<meta property=\"og:image\" content=\"https:\/\/boutique-one-piece.com\/wp-content\/uploads\/2022\/09\/Coque-One-Piece-Avis-De-Recherche-Nico-Robin.jpg\" \/>\n\t<meta property=\"og:image:width\" content=\"640\" \/>\n\t<meta property=\"og:image:height\" content=\"640\" \/>\n\t<meta property=\"og:image:type\" content=\"image\/jpeg\" \/>\n<meta name=\"twitter:card\" content=\"summary_large_image\" \/>\n<meta name=\"twitter:label1\" content=\"Szacowany czas czytania\" \/>\n\t<meta name=\"twitter:data1\" content=\"1 minuta\" \/>\n<script type=\"application\/ld+json\" class=\"yoast-schema-graph\">{\"@context\":\"https:\\\/\\\/schema.org\",\"@graph\":[{\"@type\":\"WebPage\",\"@id\":\"https:\\\/\\\/boutique-one-piece.com\\\/accessoires-one-piece\\\/coque-one-piece-avis-de-recherche-nico-robin\\\/\",\"url\":\"https:\\\/\\\/boutique-one-piece.com\\\/accessoires-one-piece\\\/coque-one-piece-avis-de-recherche-nico-robin\\\/\",\"name\":\"Coque One Piece Avis De Recherche Nico Robin \u2013 Boutique One Piece\",\"isPartOf\":{\"@id\":\"https:\\\/\\\/boutique-one-piece.com\\\/#website\"},\"primaryImageOfPage\":{\"@id\":\"https:\\\/\\\/boutique-one-piece.com\\\/accessoires-one-piece\\\/coque-one-piece-avis-de-recherche-nico-robin\\\/#primaryimage\"},\"image\":{\"@id\":\"https:\\\/\\\/boutique-one-piece.com\\\/accessoires-one-piece\\\/coque-one-piece-avis-de-recherche-nico-robin\\\/#primaryimage\"},\"thumbnailUrl\":\"https:\\\/\\\/boutique-one-piece.com\\\/wp-content\\\/uploads\\\/2022\\\/09\\\/Coque-One-Piece-Avis-De-Recherche-Nico-Robin.jpg\",\"datePublished\":\"2022-09-27T21:41:35+00:00\",\"dateModified\":\"2024-09-16T14:24:33+00:00\",\"description\":\"Brand Name: RETFGTUType: Half-wrapped CaseFeatures: Fashion Suave silicone phone Case Cover CoqueCompatible Brand: Apple iPhonesCompatible iPhone Model: iPhone 5Compatible iPhone Model: iPhone 6Compatible iPhone Model: iPhone 6 PlusCompatible iPhone Model: IPHONE 6SCompatible iPhone Model: iPhone 6s plusCompatible iPho\",\"breadcrumb\":{\"@id\":\"https:\\\/\\\/boutique-one-piece.com\\\/accessoires-one-piece\\\/coque-one-piece-avis-de-recherche-nico-robin\\\/#breadcrumb\"},\"inLanguage\":\"pl-PL\",\"potentialAction\":[{\"@type\":\"ReadAction\",\"target\":[\"https:\\\/\\\/boutique-one-piece.com\\\/accessoires-one-piece\\\/coque-one-piece-avis-de-recherche-nico-robin\\\/\"]}]},{\"@type\":\"ImageObject\",\"inLanguage\":\"pl-PL\",\"@id\":\"https:\\\/\\\/boutique-one-piece.com\\\/accessoires-one-piece\\\/coque-one-piece-avis-de-recherche-nico-robin\\\/#primaryimage\",\"url\":\"https:\\\/\\\/boutique-one-piece.com\\\/wp-content\\\/uploads\\\/2022\\\/09\\\/Coque-One-Piece-Avis-De-Recherche-Nico-Robin.jpg\",\"contentUrl\":\"https:\\\/\\\/boutique-one-piece.com\\\/wp-content\\\/uploads\\\/2022\\\/09\\\/Coque-One-Piece-Avis-De-Recherche-Nico-Robin.jpg\",\"width\":640,\"height\":640,\"caption\":\"Coque One Piece Avis De Recherche Nico Robin For iphone 5 5S 12 TPU\"},{\"@type\":\"BreadcrumbList\",\"@id\":\"https:\\\/\\\/boutique-one-piece.com\\\/accessoires-one-piece\\\/coque-one-piece-avis-de-recherche-nico-robin\\\/#breadcrumb\",\"itemListElement\":[{\"@type\":\"ListItem\",\"position\":1,\"name\":\"Home\",\"item\":\"https:\\\/\\\/boutique-one-piece.com\\\/\"},{\"@type\":\"ListItem\",\"position\":2,\"name\":\"Shop\",\"item\":\"https:\\\/\\\/boutique-one-piece.com\\\/shop\\\/\"},{\"@type\":\"ListItem\",\"position\":3,\"name\":\"Coque One Piece Avis De Recherche Nico Robin\"}]},{\"@type\":\"WebSite\",\"@id\":\"https:\\\/\\\/boutique-one-piece.com\\\/#website\",\"url\":\"https:\\\/\\\/boutique-one-piece.com\\\/\",\"name\":\"Boutique One Piece\",\"description\":\"Magasin Sp\u00e9cialis\u00e9 du Manga et l&#039;Anime One Piece\",\"publisher\":{\"@id\":\"https:\\\/\\\/boutique-one-piece.com\\\/#organization\"},\"potentialAction\":[{\"@type\":\"SearchAction\",\"target\":{\"@type\":\"EntryPoint\",\"urlTemplate\":\"https:\\\/\\\/boutique-one-piece.com\\\/?s={search_term_string}\"},\"query-input\":{\"@type\":\"PropertyValueSpecification\",\"valueRequired\":true,\"valueName\":\"search_term_string\"}}],\"inLanguage\":\"pl-PL\"},{\"@type\":\"Organization\",\"@id\":\"https:\\\/\\\/boutique-one-piece.com\\\/#organization\",\"name\":\"Boutique One Piece\",\"url\":\"https:\\\/\\\/boutique-one-piece.com\\\/\",\"logo\":{\"@type\":\"ImageObject\",\"inLanguage\":\"pl-PL\",\"@id\":\"https:\\\/\\\/boutique-one-piece.com\\\/#\\\/schema\\\/logo\\\/image\\\/\",\"url\":\"https:\\\/\\\/boutique-one-piece.com\\\/wp-content\\\/uploads\\\/2022\\\/09\\\/Logo-01.png\",\"contentUrl\":\"https:\\\/\\\/boutique-one-piece.com\\\/wp-content\\\/uploads\\\/2022\\\/09\\\/Logo-01.png\",\"width\":2318,\"height\":957,\"caption\":\"Boutique One Piece\"},\"image\":{\"@id\":\"https:\\\/\\\/boutique-one-piece.com\\\/#\\\/schema\\\/logo\\\/image\\\/\"}}]}<\/script>\n<!-- \/ Yoast SEO plugin. -->","yoast_head_json":{"title":"Plakat poszukiwany One Piece: sprawa Nico Robina \u2013 sklep One Piece","description":"Nazwa marki: RETFGTUTyp: Etui p\u00f3\u0142owini\u0119teCechy: Modne, eleganckie silikonowe etui na telefonZgodna marka: Apple iPhonesZgodny model iPhone&#039;a: iPhone 5Zgodny model iPhone&#039;a: iPhone 6Zgodny model iPhone&#039;a: iPhone 6 PlusZgodny model iPhone&#039;a: IPHONE 6SZgodny model iPhone&#039;a: iPhone 6s plusZgodny iPhone","robots":{"index":"index","follow":"follow","max-snippet":"max-snippet:-1","max-image-preview":"max-image-preview:large","max-video-preview":"max-video-preview:-1"},"canonical":"https:\/\/boutique-one-piece.com\/pl\/akcesoria-one-piece\/etui-na-telefon-one-piece-z-plakatem-poszukiwanym-nico-robin\/","og_locale":"pl_PL","og_type":"article","og_title":"Coque One Piece Avis De Recherche Nico Robin \u2013 Boutique One Piece","og_description":"Brand Name: RETFGTUType: Half-wrapped CaseFeatures: Fashion Suave silicone phone Case Cover CoqueCompatible Brand: Apple iPhonesCompatible iPhone Model: iPhone 5Compatible iPhone Model: iPhone 6Compatible iPhone Model: iPhone 6 PlusCompatible iPhone Model: IPHONE 6SCompatible iPhone Model: iPhone 6s plusCompatible iPho","og_url":"https:\/\/boutique-one-piece.com\/pl\/akcesoria-one-piece\/etui-na-telefon-one-piece-z-plakatem-poszukiwanym-nico-robin\/","og_site_name":"Boutique One Piece","article_modified_time":"2024-09-16T14:24:33+00:00","og_image":[{"width":640,"height":640,"url":"https:\/\/boutique-one-piece.com\/wp-content\/uploads\/2022\/09\/Coque-One-Piece-Avis-De-Recherche-Nico-Robin.jpg","type":"image\/jpeg"}],"twitter_card":"summary_large_image","twitter_misc":{"Szacowany czas czytania":"1 minuta"},"schema":{"@context":"https:\/\/schema.org","@graph":[{"@type":"WebPage","@id":"https:\/\/boutique-one-piece.com\/accessoires-one-piece\/coque-one-piece-avis-de-recherche-nico-robin\/","url":"https:\/\/boutique-one-piece.com\/accessoires-one-piece\/coque-one-piece-avis-de-recherche-nico-robin\/","name":"Plakat poszukiwany One Piece: sprawa Nico Robina \u2013 sklep One Piece","isPartOf":{"@id":"https:\/\/boutique-one-piece.com\/#website"},"primaryImageOfPage":{"@id":"https:\/\/boutique-one-piece.com\/accessoires-one-piece\/coque-one-piece-avis-de-recherche-nico-robin\/#primaryimage"},"image":{"@id":"https:\/\/boutique-one-piece.com\/accessoires-one-piece\/coque-one-piece-avis-de-recherche-nico-robin\/#primaryimage"},"thumbnailUrl":"https:\/\/boutique-one-piece.com\/wp-content\/uploads\/2022\/09\/Coque-One-Piece-Avis-De-Recherche-Nico-Robin.jpg","datePublished":"2022-09-27T21:41:35+00:00","dateModified":"2024-09-16T14:24:33+00:00","description":"Nazwa marki: RETFGTUTyp: Etui p\u00f3\u0142owini\u0119teCechy: Modne, eleganckie silikonowe etui na telefonZgodna marka: Apple iPhonesZgodny model iPhone&#039;a: iPhone 5Zgodny model iPhone&#039;a: iPhone 6Zgodny model iPhone&#039;a: iPhone 6 PlusZgodny model iPhone&#039;a: IPHONE 6SZgodny model iPhone&#039;a: iPhone 6s plusZgodny iPhone","breadcrumb":{"@id":"https:\/\/boutique-one-piece.com\/accessoires-one-piece\/coque-one-piece-avis-de-recherche-nico-robin\/#breadcrumb"},"inLanguage":"pl-PL","potentialAction":[{"@type":"ReadAction","target":["https:\/\/boutique-one-piece.com\/accessoires-one-piece\/coque-one-piece-avis-de-recherche-nico-robin\/"]}]},{"@type":"ImageObject","inLanguage":"pl-PL","@id":"https:\/\/boutique-one-piece.com\/accessoires-one-piece\/coque-one-piece-avis-de-recherche-nico-robin\/#primaryimage","url":"https:\/\/boutique-one-piece.com\/wp-content\/uploads\/2022\/09\/Coque-One-Piece-Avis-De-Recherche-Nico-Robin.jpg","contentUrl":"https:\/\/boutique-one-piece.com\/wp-content\/uploads\/2022\/09\/Coque-One-Piece-Avis-De-Recherche-Nico-Robin.jpg","width":640,"height":640,"caption":"Coque One Piece Avis De Recherche Nico Robin For iphone 5 5S 12 TPU"},{"@type":"BreadcrumbList","@id":"https:\/\/boutique-one-piece.com\/accessoires-one-piece\/coque-one-piece-avis-de-recherche-nico-robin\/#breadcrumb","itemListElement":[{"@type":"ListItem","position":1,"name":"Home","item":"https:\/\/boutique-one-piece.com\/"},{"@type":"ListItem","position":2,"name":"Shop","item":"https:\/\/boutique-one-piece.com\/shop\/"},{"@type":"ListItem","position":3,"name":"Coque One Piece Avis De Recherche Nico Robin"}]},{"@type":"WebSite","@id":"https:\/\/boutique-one-piece.com\/#website","url":"https:\/\/boutique-one-piece.com\/","name":"One Piece Shop","description":"Sklep specjalistyczny z mang\u0105 i anime One Piece","publisher":{"@id":"https:\/\/boutique-one-piece.com\/#organization"},"potentialAction":[{"@type":"SearchAction","target":{"@type":"EntryPoint","urlTemplate":"https:\/\/boutique-one-piece.com\/?s={search_term_string}"},"query-input":{"@type":"PropertyValueSpecification","valueRequired":true,"valueName":"search_term_string"}}],"inLanguage":"pl-PL"},{"@type":"Organization","@id":"https:\/\/boutique-one-piece.com\/#organization","name":"One Piece Shop","url":"https:\/\/boutique-one-piece.com\/","logo":{"@type":"ImageObject","inLanguage":"pl-PL","@id":"https:\/\/boutique-one-piece.com\/#\/schema\/logo\/image\/","url":"https:\/\/boutique-one-piece.com\/wp-content\/uploads\/2022\/09\/Logo-01.png","contentUrl":"https:\/\/boutique-one-piece.com\/wp-content\/uploads\/2022\/09\/Logo-01.png","width":2318,"height":957,"caption":"Boutique One Piece"},"image":{"@id":"https:\/\/boutique-one-piece.com\/#\/schema\/logo\/image\/"}}]}},"_links":{"self":[{"href":"https:\/\/boutique-one-piece.com\/pl\/wp-json\/wp\/v2\/product\/15908","targetHints":{"allow":["GET"]}}],"collection":[{"href":"https:\/\/boutique-one-piece.com\/pl\/wp-json\/wp\/v2\/product"}],"about":[{"href":"https:\/\/boutique-one-piece.com\/pl\/wp-json\/wp\/v2\/types\/product"}],"replies":[{"embeddable":true,"href":"https:\/\/boutique-one-piece.com\/pl\/wp-json\/wp\/v2\/comments?post=15908"}],"wp:featuredmedia":[{"embeddable":true,"href":"https:\/\/boutique-one-piece.com\/pl\/wp-json\/wp\/v2\/media\/15910"}],"wp:attachment":[{"href":"https:\/\/boutique-one-piece.com\/pl\/wp-json\/wp\/v2\/media?parent=15908"}],"wp:term":[{"taxonomy":"product_brand","embeddable":true,"href":"https:\/\/boutique-one-piece.com\/pl\/wp-json\/wp\/v2\/product_brand?post=15908"},{"taxonomy":"product_cat","embeddable":true,"href":"https:\/\/boutique-one-piece.com\/pl\/wp-json\/wp\/v2\/product_cat?post=15908"},{"taxonomy":"product_tag","embeddable":true,"href":"https:\/\/boutique-one-piece.com\/pl\/wp-json\/wp\/v2\/product_tag?post=15908"}],"curies":[{"name":"wp","href":"https:\/\/api.w.org\/{rel}","templated":true}]}}