{"id":16105,"date":"2022-09-27T21:42:40","date_gmt":"2022-09-27T21:42:40","guid":{"rendered":"https:\/\/boutique-one-piece.com\/uncategorized\/puzzle-1000-pieeces-one-piece-affiche-mugiwara-2\/"},"modified":"2024-09-16T14:30:00","modified_gmt":"2024-09-16T14:30:00","slug":"puzzle-1000-elementow-plakat-one-piece-mugiwara-2","status":"publish","type":"product","link":"https:\/\/boutique-one-piece.com\/pl\/akcesoria-one-piece\/puzzle-1000-elementow-plakat-one-piece-mugiwara-2\/","title":{"rendered":"Puzzle 1000 element\u00f3w, plakat One Piece Mugiwara"},"content":{"rendered":"<p><meta charset=\"utf-8\"><\/p>\n<h2>\n<b>Puzzle One Piece sk\u0142adaj\u0105ce si\u0119 z 1000 element\u00f3w, przedstawiaj\u0105ce Monkey D. Luffy&#039;ego i jego za\u0142og\u0119 w stylu plakatu,\u00a0<\/b>Supergra dla pirat\u00f3w takich jak Ty!<\/h2>\n<p>Je\u015bli jeste\u015b\u00a0<strong>prawdziwy pirat<\/strong>,\u00a0<strong>ma\u0142y<\/strong>\u00a0Lub\u00a0<strong>du\u017cy<\/strong>,Docenisz to<span>\u00a0<\/span>Tam\u00a0<strong>jako\u015b\u0107<\/strong>\u00a0z\u00a0<strong>drewniane kawa\u0142ki<\/strong>, z\u00a0<strong>farba<\/strong>\u00a0I\u00a0<strong>Drukowanie 3D<\/strong>\u00a0tego\u00a0<strong>Puzzle One Piece z 1000 element\u00f3w<\/strong>\u00a0Ale co najwa\u017cniejsze, dzi\u0119ki tej grze logicznej staniesz si\u0119 cz\u0119\u015bci\u0105\u00a0<strong>ekipa fan\u00f3w<\/strong>\u00a0z\u00a0<strong>manga piracka<\/strong>\u00a0i otrzymasz:<\/p>\n<ul>\n<li>\u00a0<strong>Podziw<\/strong>\u00a0wszystkich fan\u00f3w\u00a0<strong>mugiwara<\/strong>\u00a0\u017ce zaprosisz do zabawy u siebie w domu<\/li>\n<\/ul>\n<ul>\n<li>Prawdziwy\u00a0<strong>wydrukowana uk\u0142adanka<\/strong>\u00a0z kt\u00f3rym mo\u017cesz<strong>\u00a0baw si\u0119 dobrze<\/strong><span>\u00a0<\/span>zebra\u0107 wszystkie elementy<strong>\u00a0ujawni\u0107<\/strong>\u00a0<strong>za\u0142oga <\/strong>z<strong> S\u0142omkowy kapelusz<\/strong>\n<\/li>\n<\/ul>\n<p>\u00a0Wi\u0119c gotowy na<span>\u00a0<\/span><strong>gra\u0107<\/strong><span>\u00a0<\/span>z gr\u0105<span>\u00a0<\/span><strong>Jeden kawa\u0142ek<\/strong>\u00a0?<\/p>\n<h2>Jeste\u015b fanem mangi lub anime One Piece? Poka\u017c to!<span>\u00a0<\/span>Puzzle One Piece sk\u0142adaj\u0105ce si\u0119 z 1000 element\u00f3w!<\/h2>\n<p>Je\u015bli ty\u00a0<strong>Czyta\u0107<\/strong>\u00a0lub gdziekolwiek spojrzysz\u00a0<strong>anime\u00a0<\/strong><strong>japo\u0144ski<\/strong>, Jest du\u017ca szansa, \u017ce si\u0119 sta\u0142e\u015b\u00a0<strong>szalony na punkcie One Piece<\/strong>\u00a0Dzi\u0119ki temu!\u00a0<strong>Plakat Mugiwara z 1000 element\u00f3w<\/strong>, do\u0142\u0105cz do\u2019<strong>ekipa fan\u00f3w serii<\/strong><\/p>\n<p><strong>As z ognist\u0105 pi\u0119\u015bci\u0105<\/strong>\u00a0drugi dow\u00f3dca floty\u00a0<strong>Edward Newgate<\/strong>, THE\u00a0<strong>wyci\u0105gni\u0119te ramiona<\/strong>\u00a0z\u00a0<strong>p\u0142omienie<\/strong>\u00a0wok\u00f3\u0142 niego. Ace zjad\u0142\u00a0<strong>Pyro-Fruit<\/strong>\u00a0Lub\u00a0<strong>Mera Mera No Mi<\/strong>, on ma<span>\u00a0<\/span>zosta\u0142 zabity<span>\u00a0<\/span>przez\u00a0<strong>Sakazuki Akainu<\/strong>\u00a0NA\u00a0<strong>Mary Geoise<\/strong>\u00a0podczas\u00a0<strong>Wielka Wojna<\/strong><\/p>\n<h2><strong>Informacje o \u0142amig\u0142\u00f3wce:<\/strong><\/h2>\n<ul>\n<li>\n<strong>Wysokiej jako\u015bci drukowana uk\u0142adanka\u00a0<\/strong>Elementy wykonane s\u0105 z drewna.<\/li>\n<\/ul>\n<ul>\n<li>\n<strong>Ultra Design Puzzle<\/strong>\u00a0Te 1000-elementowe puzzle po u\u0142o\u017ceniu prezentuj\u0105 si\u0119 po prostu przepi\u0119knie.\u00a0<strong>gotowy<\/strong>\u00a0mo\u017cesz go u\u017cy\u0107 jako\u00a0<strong>malowanie<\/strong>, Fani nie mog\u0105 si\u0119 powstrzyma\u0107 od pokochania tego<\/li>\n<\/ul>\n<ul>\n<li>\n<strong>Kolor i drukowanie\u00a0<\/strong>Puzzle jednocz\u0119\u015bciowe z nadrukiem\u00a0<strong>P\u0142\u00f3tno<\/strong>\u00a0punkt odniesienia w druku<\/li>\n<\/ul>\n<ul>\n<li>\n<strong>\u015aredni poziom trudno\u015bci<\/strong>\u00a0:idealnie nadaje si\u0119 dla dzieci od\u00a0<strong>6 lat<\/strong>. Przed osi\u0105gni\u0119ciem tego wieku,\u00a0<strong>monitorowanie<\/strong>\u00a0z\u00a0<strong>doros\u0142y<\/strong>\u00a0Wsch\u00f3d\u00a0<strong>zalecony<\/strong>\n<\/li>\n<\/ul>\n<ul>\n<li>\n<strong>Dla dzieci i doros\u0142ych<\/strong>\u00a0To dobra okazja, \u017ceby zrobi\u0107\u00a0<strong>fajna aktywno\u015b\u0107<\/strong>\u00a0I\u00a0<strong>ekscytuj\u0105cy<\/strong>\u00a0z twoim\u00a0<strong>dziecko<\/strong>\u00a0lub z twoim\u00a0<strong>rodzice<\/strong>\n<\/li>\n<\/ul>\n<ul>\n<li>\n<strong>Wymiar\u00a0<\/strong>: wysoko\u015b\u0107\u00a0<strong>50 cm<\/strong>, szeroko\u015b\u0107\u00a0<strong>75 cm<\/strong>, grubo\u015b\u0107\u00a0<strong>2 mm<\/strong>\n<\/li>\n<\/ul>\n<ul>\n<li>\n<strong>Darmowa dostawa\u00a0<\/strong>za ka\u017cdy zakup<\/li>\n<\/ul>\n<h2><b><img fetchpriority=\"high\" decoding=\"async\" src=\"https:\/\/cdn.shopify.com\/s\/files\/1\/0087\/7556\/5348\/files\/puzzle_one_piece_1000_pieces_en_bois_large.jpg?v=1561382263\" alt=\"Drewniana gra One Piece\" width=\"287\" height=\"283\"><\/b><\/h2>\n<ul><\/ul>","protected":false},"excerpt":{"rendered":"<p>Puzzle Imprim\u00e9 1000 Pi\u00e8ces\u00a0One Piece\u00a0avec de Monkey D. Luffy et son \u00c9quipage\u00a0Style Affiche,\u00a0Un Super Jeu pour un Pirate Comme Toi\u00a0! Si tu es un\u00a0v\u00e9ritable pirate,\u00a0petit\u00a0ou\u00a0grand,\u00a0tu sauras appr\u00e9cier\u00a0la\u00a0qualit\u00e9\u00a0des\u00a0pi\u00e8ces en bois,\u00a0de la\u00a0peinture\u00a0et\u00a0l&rsquo;impression 3D\u00a0de ce\u00a0Puzzle 1000 pi\u00e8ces\u00a0One Piece\u00a0!\u00a0Mais le plus important, avec ce jeu de r\u00e9flexion ou casse t\u00eate,\u00a0tu\u00a0feras partie de\u00a0l&rsquo;\u00e9quipage\u00a0des fans\u00a0du\u00a0manga de pirates\u00a0et tu obtiendras\u00a0: \u00a0L&rsquo;admiration\u00a0de tous [&hellip;]<\/p>","protected":false},"featured_media":10612,"comment_status":"open","ping_status":"open","template":"","meta":[],"product_brand":[],"product_cat":[409],"product_tag":[158,165,129,92,154,203,205,112,144,113],"class_list":{"0":"post-16105","1":"product","2":"type-product","3":"status-publish","4":"has-post-thumbnail","6":"product_cat-accessoires-one-piece","7":"product_tag-brook","8":"product_tag-chopper","9":"product_tag-franky","10":"product_tag-luffy","11":"product_tag-nami","12":"product_tag-puzzle-1000-pieces","13":"product_tag-robin","14":"product_tag-sanji","15":"product_tag-usopp","16":"product_tag-zoro","18":"first","19":"instock","20":"purchasable","21":"product-type-simple"},"yoast_head":"<!-- This site is optimized with the Yoast SEO plugin v27.5 - https:\/\/yoast.com\/product\/yoast-seo-wordpress\/ -->\n<title>Puzzle 1000 Pi\u00e8eces Affiche Mugiwara \u2013 Boutique One Piece<\/title>\n<meta name=\"description\" content=\"Puzzle Imprim\u00e9 1000 Pi\u00e8ces One Piece avec de Monkey D. Luffy et son \u00c9quipage Style Affiche Jeux Puzzle Imrpim\u00e9 Sur Bois Tr\u00e8s Haute Qualit\u00e9 pour Petits et Grands\" \/>\n<meta name=\"robots\" content=\"index, follow, max-snippet:-1, max-image-preview:large, max-video-preview:-1\" \/>\n<link rel=\"canonical\" href=\"https:\/\/boutique-one-piece.com\/pl\/akcesoria-one-piece\/puzzle-1000-elementow-plakat-one-piece-mugiwara-2\/\" \/>\n<meta property=\"og:locale\" content=\"pl_PL\" \/>\n<meta property=\"og:type\" content=\"article\" \/>\n<meta property=\"og:title\" content=\"Puzzle 1000 Pi\u00e8eces Affiche Mugiwara \u2013 Boutique One Piece\" \/>\n<meta property=\"og:description\" content=\"Puzzle Imprim\u00e9 1000 Pi\u00e8ces One Piece avec de Monkey D. Luffy et son \u00c9quipage Style Affiche Jeux Puzzle Imrpim\u00e9 Sur Bois Tr\u00e8s Haute Qualit\u00e9 pour Petits et Grands\" \/>\n<meta property=\"og:url\" content=\"https:\/\/boutique-one-piece.com\/pl\/akcesoria-one-piece\/puzzle-1000-elementow-plakat-one-piece-mugiwara-2\/\" \/>\n<meta property=\"og:site_name\" content=\"Boutique One Piece\" \/>\n<meta property=\"article:modified_time\" content=\"2024-09-16T14:30:00+00:00\" \/>\n<meta property=\"og:image\" content=\"https:\/\/boutique-one-piece.com\/wp-content\/uploads\/2022\/09\/Puzzle-1000-Pieeces-One-Piece-Affiche-Mugiwara-1.jpg\" \/>\n\t<meta property=\"og:image:width\" content=\"600\" \/>\n\t<meta property=\"og:image:height\" content=\"406\" \/>\n\t<meta property=\"og:image:type\" content=\"image\/jpeg\" \/>\n<meta name=\"twitter:card\" content=\"summary_large_image\" \/>\n<meta name=\"twitter:label1\" content=\"Szacowany czas czytania\" \/>\n\t<meta name=\"twitter:data1\" content=\"2 minuty\" \/>\n<script type=\"application\/ld+json\" class=\"yoast-schema-graph\">{\"@context\":\"https:\\\/\\\/schema.org\",\"@graph\":[{\"@type\":\"WebPage\",\"@id\":\"https:\\\/\\\/boutique-one-piece.com\\\/accessoires-one-piece\\\/puzzle-1000-pieeces-one-piece-affiche-mugiwara-2\\\/\",\"url\":\"https:\\\/\\\/boutique-one-piece.com\\\/accessoires-one-piece\\\/puzzle-1000-pieeces-one-piece-affiche-mugiwara-2\\\/\",\"name\":\"Puzzle 1000 Pi\u00e8eces Affiche Mugiwara \u2013 Boutique One Piece\",\"isPartOf\":{\"@id\":\"https:\\\/\\\/boutique-one-piece.com\\\/#website\"},\"primaryImageOfPage\":{\"@id\":\"https:\\\/\\\/boutique-one-piece.com\\\/accessoires-one-piece\\\/puzzle-1000-pieeces-one-piece-affiche-mugiwara-2\\\/#primaryimage\"},\"image\":{\"@id\":\"https:\\\/\\\/boutique-one-piece.com\\\/accessoires-one-piece\\\/puzzle-1000-pieeces-one-piece-affiche-mugiwara-2\\\/#primaryimage\"},\"thumbnailUrl\":\"https:\\\/\\\/boutique-one-piece.com\\\/wp-content\\\/uploads\\\/2022\\\/09\\\/Puzzle-1000-Pieeces-One-Piece-Affiche-Mugiwara-1.jpg\",\"datePublished\":\"2022-09-27T21:42:40+00:00\",\"dateModified\":\"2024-09-16T14:30:00+00:00\",\"description\":\"Puzzle Imprim\u00e9 1000 Pi\u00e8ces One Piece avec de Monkey D. Luffy et son \u00c9quipage Style Affiche Jeux Puzzle Imrpim\u00e9 Sur Bois Tr\u00e8s Haute Qualit\u00e9 pour Petits et Grands\",\"breadcrumb\":{\"@id\":\"https:\\\/\\\/boutique-one-piece.com\\\/accessoires-one-piece\\\/puzzle-1000-pieeces-one-piece-affiche-mugiwara-2\\\/#breadcrumb\"},\"inLanguage\":\"pl-PL\",\"potentialAction\":[{\"@type\":\"ReadAction\",\"target\":[\"https:\\\/\\\/boutique-one-piece.com\\\/accessoires-one-piece\\\/puzzle-1000-pieeces-one-piece-affiche-mugiwara-2\\\/\"]}]},{\"@type\":\"ImageObject\",\"inLanguage\":\"pl-PL\",\"@id\":\"https:\\\/\\\/boutique-one-piece.com\\\/accessoires-one-piece\\\/puzzle-1000-pieeces-one-piece-affiche-mugiwara-2\\\/#primaryimage\",\"url\":\"https:\\\/\\\/boutique-one-piece.com\\\/wp-content\\\/uploads\\\/2022\\\/09\\\/Puzzle-1000-Pieeces-One-Piece-Affiche-Mugiwara-1.jpg\",\"contentUrl\":\"https:\\\/\\\/boutique-one-piece.com\\\/wp-content\\\/uploads\\\/2022\\\/09\\\/Puzzle-1000-Pieeces-One-Piece-Affiche-Mugiwara-1.jpg\",\"width\":600,\"height\":406},{\"@type\":\"BreadcrumbList\",\"@id\":\"https:\\\/\\\/boutique-one-piece.com\\\/accessoires-one-piece\\\/puzzle-1000-pieeces-one-piece-affiche-mugiwara-2\\\/#breadcrumb\",\"itemListElement\":[{\"@type\":\"ListItem\",\"position\":1,\"name\":\"Home\",\"item\":\"https:\\\/\\\/boutique-one-piece.com\\\/\"},{\"@type\":\"ListItem\",\"position\":2,\"name\":\"Shop\",\"item\":\"https:\\\/\\\/boutique-one-piece.com\\\/shop\\\/\"},{\"@type\":\"ListItem\",\"position\":3,\"name\":\"Puzzle 1000 Pi\u00e8eces One Piece Affiche Mugiwara\"}]},{\"@type\":\"WebSite\",\"@id\":\"https:\\\/\\\/boutique-one-piece.com\\\/#website\",\"url\":\"https:\\\/\\\/boutique-one-piece.com\\\/\",\"name\":\"Boutique One Piece\",\"description\":\"Magasin Sp\u00e9cialis\u00e9 du Manga et l&#039;Anime One Piece\",\"publisher\":{\"@id\":\"https:\\\/\\\/boutique-one-piece.com\\\/#organization\"},\"potentialAction\":[{\"@type\":\"SearchAction\",\"target\":{\"@type\":\"EntryPoint\",\"urlTemplate\":\"https:\\\/\\\/boutique-one-piece.com\\\/?s={search_term_string}\"},\"query-input\":{\"@type\":\"PropertyValueSpecification\",\"valueRequired\":true,\"valueName\":\"search_term_string\"}}],\"inLanguage\":\"pl-PL\"},{\"@type\":\"Organization\",\"@id\":\"https:\\\/\\\/boutique-one-piece.com\\\/#organization\",\"name\":\"Boutique One Piece\",\"url\":\"https:\\\/\\\/boutique-one-piece.com\\\/\",\"logo\":{\"@type\":\"ImageObject\",\"inLanguage\":\"pl-PL\",\"@id\":\"https:\\\/\\\/boutique-one-piece.com\\\/#\\\/schema\\\/logo\\\/image\\\/\",\"url\":\"https:\\\/\\\/boutique-one-piece.com\\\/wp-content\\\/uploads\\\/2022\\\/09\\\/Logo-01.png\",\"contentUrl\":\"https:\\\/\\\/boutique-one-piece.com\\\/wp-content\\\/uploads\\\/2022\\\/09\\\/Logo-01.png\",\"width\":2318,\"height\":957,\"caption\":\"Boutique One Piece\"},\"image\":{\"@id\":\"https:\\\/\\\/boutique-one-piece.com\\\/#\\\/schema\\\/logo\\\/image\\\/\"}}]}<\/script>\n<!-- \/ Yoast SEO plugin. -->","yoast_head_json":{"title":"Plakat Mugiwara z 1000 element\u00f3w \u2013 One Piece Shop","description":"Puzzle One Piece 1000 element\u00f3w z Monkey D. Luffy i jego za\u0142og\u0105 \u2013 styl plakatu \u2013 wysokiej jako\u015bci drukowane drewniane puzzle dla dzieci i doros\u0142ych","robots":{"index":"index","follow":"follow","max-snippet":"max-snippet:-1","max-image-preview":"max-image-preview:large","max-video-preview":"max-video-preview:-1"},"canonical":"https:\/\/boutique-one-piece.com\/pl\/akcesoria-one-piece\/puzzle-1000-elementow-plakat-one-piece-mugiwara-2\/","og_locale":"pl_PL","og_type":"article","og_title":"Puzzle 1000 Pi\u00e8eces Affiche Mugiwara \u2013 Boutique One Piece","og_description":"Puzzle Imprim\u00e9 1000 Pi\u00e8ces One Piece avec de Monkey D. Luffy et son \u00c9quipage Style Affiche Jeux Puzzle Imrpim\u00e9 Sur Bois Tr\u00e8s Haute Qualit\u00e9 pour Petits et Grands","og_url":"https:\/\/boutique-one-piece.com\/pl\/akcesoria-one-piece\/puzzle-1000-elementow-plakat-one-piece-mugiwara-2\/","og_site_name":"Boutique One Piece","article_modified_time":"2024-09-16T14:30:00+00:00","og_image":[{"width":600,"height":406,"url":"https:\/\/boutique-one-piece.com\/wp-content\/uploads\/2022\/09\/Puzzle-1000-Pieeces-One-Piece-Affiche-Mugiwara-1.jpg","type":"image\/jpeg"}],"twitter_card":"summary_large_image","twitter_misc":{"Szacowany czas czytania":"2 minuty"},"schema":{"@context":"https:\/\/schema.org","@graph":[{"@type":"WebPage","@id":"https:\/\/boutique-one-piece.com\/accessoires-one-piece\/puzzle-1000-pieeces-one-piece-affiche-mugiwara-2\/","url":"https:\/\/boutique-one-piece.com\/accessoires-one-piece\/puzzle-1000-pieeces-one-piece-affiche-mugiwara-2\/","name":"Plakat Mugiwara z 1000 element\u00f3w \u2013 One Piece Shop","isPartOf":{"@id":"https:\/\/boutique-one-piece.com\/#website"},"primaryImageOfPage":{"@id":"https:\/\/boutique-one-piece.com\/accessoires-one-piece\/puzzle-1000-pieeces-one-piece-affiche-mugiwara-2\/#primaryimage"},"image":{"@id":"https:\/\/boutique-one-piece.com\/accessoires-one-piece\/puzzle-1000-pieeces-one-piece-affiche-mugiwara-2\/#primaryimage"},"thumbnailUrl":"https:\/\/boutique-one-piece.com\/wp-content\/uploads\/2022\/09\/Puzzle-1000-Pieeces-One-Piece-Affiche-Mugiwara-1.jpg","datePublished":"2022-09-27T21:42:40+00:00","dateModified":"2024-09-16T14:30:00+00:00","description":"Puzzle One Piece 1000 element\u00f3w z Monkey D. Luffy i jego za\u0142og\u0105 \u2013 styl plakatu \u2013 wysokiej jako\u015bci drukowane drewniane puzzle dla dzieci i doros\u0142ych","breadcrumb":{"@id":"https:\/\/boutique-one-piece.com\/accessoires-one-piece\/puzzle-1000-pieeces-one-piece-affiche-mugiwara-2\/#breadcrumb"},"inLanguage":"pl-PL","potentialAction":[{"@type":"ReadAction","target":["https:\/\/boutique-one-piece.com\/accessoires-one-piece\/puzzle-1000-pieeces-one-piece-affiche-mugiwara-2\/"]}]},{"@type":"ImageObject","inLanguage":"pl-PL","@id":"https:\/\/boutique-one-piece.com\/accessoires-one-piece\/puzzle-1000-pieeces-one-piece-affiche-mugiwara-2\/#primaryimage","url":"https:\/\/boutique-one-piece.com\/wp-content\/uploads\/2022\/09\/Puzzle-1000-Pieeces-One-Piece-Affiche-Mugiwara-1.jpg","contentUrl":"https:\/\/boutique-one-piece.com\/wp-content\/uploads\/2022\/09\/Puzzle-1000-Pieeces-One-Piece-Affiche-Mugiwara-1.jpg","width":600,"height":406},{"@type":"BreadcrumbList","@id":"https:\/\/boutique-one-piece.com\/accessoires-one-piece\/puzzle-1000-pieeces-one-piece-affiche-mugiwara-2\/#breadcrumb","itemListElement":[{"@type":"ListItem","position":1,"name":"Home","item":"https:\/\/boutique-one-piece.com\/"},{"@type":"ListItem","position":2,"name":"Shop","item":"https:\/\/boutique-one-piece.com\/shop\/"},{"@type":"ListItem","position":3,"name":"Puzzle 1000 Pi\u00e8eces One Piece Affiche Mugiwara"}]},{"@type":"WebSite","@id":"https:\/\/boutique-one-piece.com\/#website","url":"https:\/\/boutique-one-piece.com\/","name":"One Piece Shop","description":"Sklep specjalistyczny z mang\u0105 i anime One Piece","publisher":{"@id":"https:\/\/boutique-one-piece.com\/#organization"},"potentialAction":[{"@type":"SearchAction","target":{"@type":"EntryPoint","urlTemplate":"https:\/\/boutique-one-piece.com\/?s={search_term_string}"},"query-input":{"@type":"PropertyValueSpecification","valueRequired":true,"valueName":"search_term_string"}}],"inLanguage":"pl-PL"},{"@type":"Organization","@id":"https:\/\/boutique-one-piece.com\/#organization","name":"One Piece Shop","url":"https:\/\/boutique-one-piece.com\/","logo":{"@type":"ImageObject","inLanguage":"pl-PL","@id":"https:\/\/boutique-one-piece.com\/#\/schema\/logo\/image\/","url":"https:\/\/boutique-one-piece.com\/wp-content\/uploads\/2022\/09\/Logo-01.png","contentUrl":"https:\/\/boutique-one-piece.com\/wp-content\/uploads\/2022\/09\/Logo-01.png","width":2318,"height":957,"caption":"Boutique One Piece"},"image":{"@id":"https:\/\/boutique-one-piece.com\/#\/schema\/logo\/image\/"}}]}},"_links":{"self":[{"href":"https:\/\/boutique-one-piece.com\/pl\/wp-json\/wp\/v2\/product\/16105","targetHints":{"allow":["GET"]}}],"collection":[{"href":"https:\/\/boutique-one-piece.com\/pl\/wp-json\/wp\/v2\/product"}],"about":[{"href":"https:\/\/boutique-one-piece.com\/pl\/wp-json\/wp\/v2\/types\/product"}],"replies":[{"embeddable":true,"href":"https:\/\/boutique-one-piece.com\/pl\/wp-json\/wp\/v2\/comments?post=16105"}],"wp:featuredmedia":[{"embeddable":true,"href":"https:\/\/boutique-one-piece.com\/pl\/wp-json\/wp\/v2\/media\/10612"}],"wp:attachment":[{"href":"https:\/\/boutique-one-piece.com\/pl\/wp-json\/wp\/v2\/media?parent=16105"}],"wp:term":[{"taxonomy":"product_brand","embeddable":true,"href":"https:\/\/boutique-one-piece.com\/pl\/wp-json\/wp\/v2\/product_brand?post=16105"},{"taxonomy":"product_cat","embeddable":true,"href":"https:\/\/boutique-one-piece.com\/pl\/wp-json\/wp\/v2\/product_cat?post=16105"},{"taxonomy":"product_tag","embeddable":true,"href":"https:\/\/boutique-one-piece.com\/pl\/wp-json\/wp\/v2\/product_tag?post=16105"}],"curies":[{"name":"wp","href":"https:\/\/api.w.org\/{rel}","templated":true}]}}