{"id":16551,"date":"2022-09-27T21:54:12","date_gmt":"2022-09-27T21:54:12","guid":{"rendered":"https:\/\/boutique-one-piece.com\/uncategorized\/porte-feuille-one-piece-drapeau-des-mugiwara\/"},"modified":"2024-09-16T14:42:16","modified_gmt":"2024-09-16T14:42:16","slug":"portfel-one-piece-z-flaga-slomkowego-kapelusza","status":"publish","type":"product","link":"https:\/\/boutique-one-piece.com\/pl\/akcesoria-one-piece\/portfel-one-piece-z-flaga-slomkowego-kapelusza\/","title":{"rendered":"Jednocz\u0119\u015bciowy portfel z flag\u0105 s\u0142omkowego kapelusza"},"content":{"rendered":"<p><span><strong>Typ przedmiotu:<\/strong> Portfel<\/span><br \/><span><strong>Numer modelu:<\/strong> 01 SAO Harry Potter Death Note Pokemon Totoro Atak Tytan\u00f3w<\/span><br \/><span><strong>Wysoko\u015b\u0107 przedmiotu:<\/strong> 12 cm<\/span><br \/><span><strong>Sk\u0142ad materia\u0142u:<\/strong> Sk\u00f3ra<\/span><br \/><span><strong>Materia\u0142 podszewki:<\/strong> Nylon<\/span><br \/><span><strong>G\u0142\u00f3wny materia\u0142:<\/strong> Sk\u00f3ra dwoinowa<\/span><br \/><span><strong>Portfele:<\/strong> Portfele standardowe<\/span><br \/><span><strong>P\u0142e\u0107:<\/strong> Dla obu p\u0142ci<\/span><br \/><span><strong>Wn\u0119trze:<\/strong> Kiesze\u0144 na monety, przegr\u00f3dka wewn\u0119trzna, uchwyt na zdj\u0119cie, przegr\u00f3dka na banknoty, uchwyt na karty<\/span><br \/><span><strong>D\u0142ugo\u015b\u0107 elementu:<\/strong> 10 cm<\/span><br \/><span><strong>Nazwa marki<\/strong> XAXBXC<\/span><br \/><span><strong>Waga przedmiotu:<\/strong> 150g<\/span><br \/><span><strong>Rodzaj zamkni\u0119cia<\/strong> Bez zamka<\/span><br \/><span><strong>Styl:<\/strong> Moda<\/span><br \/><span><strong>D\u0142ugo\u015b\u0107 portfela:<\/strong> Szorty<\/span><br \/><span><strong>Typ wzoru<\/strong> Rysunek<\/span><br \/><span><strong>Dekoracja:<\/strong> List<\/span><br \/><span><strong>Szeroko\u015b\u0107 przedmiotu:<\/strong> 2<\/span><\/p>","protected":false},"excerpt":{"rendered":"<p>Typ artyku\u0142u: PortfelNumer modelu: 01 SAO Harry Potter Death Note Pokemon Totoro Attack on TitanWysoko\u015b\u0107 przedmiotu: 12 cmSk\u0142ad materia\u0142u: Sk\u00f3raMateria\u0142 podszewki: NylonG\u0142\u00f3wny materia\u0142: Sk\u00f3ra dwoinowaPortfele: Standardowe portfeleP\u0142e\u0107: UnisexWn\u0119trze: Kiesze\u0144 na monety, Przegr\u00f3dka wewn\u0119trzna, Uchwyt na zdj\u0119cie, Przegr\u00f3dka na notatki, Uchwyt na kartyD\u0142ugo\u015b\u0107 przedmiotu: 10 cmNazwa marki: XAXBXCWaga przedmiotu: 150 gRodzaj zamkni\u0119cia: Bez zamkaStyl: ModnyD\u0142ugo\u015b\u0107 portfela: Kr\u00f3tkiTyp wzoru: Kresk\u00f3wkaDekoracja: ListSzeroko\u015b\u0107 przedmiotu: 2<\/p>","protected":false},"featured_media":16553,"comment_status":"open","ping_status":"closed","template":"","meta":[],"product_brand":[],"product_cat":[409],"product_tag":[],"class_list":{"0":"post-16551","1":"product","2":"type-product","3":"status-publish","4":"has-post-thumbnail","6":"product_cat-accessoires-one-piece","8":"first","9":"instock","10":"purchasable","11":"product-type-simple"},"yoast_head":"<!-- This site is optimized with the Yoast SEO plugin v27.5 - https:\/\/yoast.com\/product\/yoast-seo-wordpress\/ -->\n<title>Porte Feuille One Piece Drapeau Des Mugiwara<\/title>\n<meta name=\"description\" content=\"Item Type: WalletModel Number: 01 SAO Harry Potter Death Note Pokemon Totoro Attack on TitanItem Height: 12cmMaterial Composition: LeatherLining Material: NylonMain Material: Split LeatherWallets: Standard WalletsGender: UnisexInterior: Coin Pocket,Interior Compartment,Photo Holder,Note Compartment,Card HolderItem Leng\" \/>\n<meta name=\"robots\" content=\"index, follow, max-snippet:-1, max-image-preview:large, max-video-preview:-1\" \/>\n<link rel=\"canonical\" href=\"https:\/\/boutique-one-piece.com\/pl\/akcesoria-one-piece\/portfel-one-piece-z-flaga-slomkowego-kapelusza\/\" \/>\n<meta property=\"og:locale\" content=\"pl_PL\" \/>\n<meta property=\"og:type\" content=\"article\" \/>\n<meta property=\"og:title\" content=\"Porte Feuille One Piece Drapeau Des Mugiwara\" \/>\n<meta property=\"og:description\" content=\"Item Type: WalletModel Number: 01 SAO Harry Potter Death Note Pokemon Totoro Attack on TitanItem Height: 12cmMaterial Composition: LeatherLining Material: NylonMain Material: Split LeatherWallets: Standard WalletsGender: UnisexInterior: Coin Pocket,Interior Compartment,Photo Holder,Note Compartment,Card HolderItem Leng\" \/>\n<meta property=\"og:url\" content=\"https:\/\/boutique-one-piece.com\/pl\/akcesoria-one-piece\/portfel-one-piece-z-flaga-slomkowego-kapelusza\/\" \/>\n<meta property=\"og:site_name\" content=\"Boutique One Piece\" \/>\n<meta property=\"article:modified_time\" content=\"2024-09-16T14:42:16+00:00\" \/>\n<meta property=\"og:image\" content=\"https:\/\/boutique-one-piece.com\/wp-content\/uploads\/2022\/09\/Porte-Feuille-One-Piece-Drapeau-Des-Mugiwara-1.jpg\" \/>\n\t<meta property=\"og:image:width\" content=\"780\" \/>\n\t<meta property=\"og:image:height\" content=\"780\" \/>\n\t<meta property=\"og:image:type\" content=\"image\/jpeg\" \/>\n<meta name=\"twitter:card\" content=\"summary_large_image\" \/>\n<meta name=\"twitter:label1\" content=\"Szacowany czas czytania\" \/>\n\t<meta name=\"twitter:data1\" content=\"1 minuta\" \/>\n<script type=\"application\/ld+json\" class=\"yoast-schema-graph\">{\"@context\":\"https:\\\/\\\/schema.org\",\"@graph\":[{\"@type\":\"WebPage\",\"@id\":\"https:\\\/\\\/boutique-one-piece.com\\\/accessoires-one-piece\\\/porte-feuille-one-piece-drapeau-des-mugiwara\\\/\",\"url\":\"https:\\\/\\\/boutique-one-piece.com\\\/accessoires-one-piece\\\/porte-feuille-one-piece-drapeau-des-mugiwara\\\/\",\"name\":\"Porte Feuille One Piece Drapeau Des Mugiwara\",\"isPartOf\":{\"@id\":\"https:\\\/\\\/boutique-one-piece.com\\\/#website\"},\"primaryImageOfPage\":{\"@id\":\"https:\\\/\\\/boutique-one-piece.com\\\/accessoires-one-piece\\\/porte-feuille-one-piece-drapeau-des-mugiwara\\\/#primaryimage\"},\"image\":{\"@id\":\"https:\\\/\\\/boutique-one-piece.com\\\/accessoires-one-piece\\\/porte-feuille-one-piece-drapeau-des-mugiwara\\\/#primaryimage\"},\"thumbnailUrl\":\"https:\\\/\\\/boutique-one-piece.com\\\/wp-content\\\/uploads\\\/2022\\\/09\\\/Porte-Feuille-One-Piece-Drapeau-Des-Mugiwara-1.jpg\",\"datePublished\":\"2022-09-27T21:54:12+00:00\",\"dateModified\":\"2024-09-16T14:42:16+00:00\",\"description\":\"Item Type: WalletModel Number: 01 SAO Harry Potter Death Note Pokemon Totoro Attack on TitanItem Height: 12cmMaterial Composition: LeatherLining Material: NylonMain Material: Split LeatherWallets: Standard WalletsGender: UnisexInterior: Coin Pocket,Interior Compartment,Photo Holder,Note Compartment,Card HolderItem Leng\",\"breadcrumb\":{\"@id\":\"https:\\\/\\\/boutique-one-piece.com\\\/accessoires-one-piece\\\/porte-feuille-one-piece-drapeau-des-mugiwara\\\/#breadcrumb\"},\"inLanguage\":\"pl-PL\",\"potentialAction\":[{\"@type\":\"ReadAction\",\"target\":[\"https:\\\/\\\/boutique-one-piece.com\\\/accessoires-one-piece\\\/porte-feuille-one-piece-drapeau-des-mugiwara\\\/\"]}]},{\"@type\":\"ImageObject\",\"inLanguage\":\"pl-PL\",\"@id\":\"https:\\\/\\\/boutique-one-piece.com\\\/accessoires-one-piece\\\/porte-feuille-one-piece-drapeau-des-mugiwara\\\/#primaryimage\",\"url\":\"https:\\\/\\\/boutique-one-piece.com\\\/wp-content\\\/uploads\\\/2022\\\/09\\\/Porte-Feuille-One-Piece-Drapeau-Des-Mugiwara-1.jpg\",\"contentUrl\":\"https:\\\/\\\/boutique-one-piece.com\\\/wp-content\\\/uploads\\\/2022\\\/09\\\/Porte-Feuille-One-Piece-Drapeau-Des-Mugiwara-1.jpg\",\"width\":780,\"height\":780},{\"@type\":\"BreadcrumbList\",\"@id\":\"https:\\\/\\\/boutique-one-piece.com\\\/accessoires-one-piece\\\/porte-feuille-one-piece-drapeau-des-mugiwara\\\/#breadcrumb\",\"itemListElement\":[{\"@type\":\"ListItem\",\"position\":1,\"name\":\"Home\",\"item\":\"https:\\\/\\\/boutique-one-piece.com\\\/\"},{\"@type\":\"ListItem\",\"position\":2,\"name\":\"Shop\",\"item\":\"https:\\\/\\\/boutique-one-piece.com\\\/shop\\\/\"},{\"@type\":\"ListItem\",\"position\":3,\"name\":\"Porte Feuille One Piece Drapeau Des Mugiwara\"}]},{\"@type\":\"WebSite\",\"@id\":\"https:\\\/\\\/boutique-one-piece.com\\\/#website\",\"url\":\"https:\\\/\\\/boutique-one-piece.com\\\/\",\"name\":\"Boutique One Piece\",\"description\":\"Magasin Sp\u00e9cialis\u00e9 du Manga et l&#039;Anime One Piece\",\"publisher\":{\"@id\":\"https:\\\/\\\/boutique-one-piece.com\\\/#organization\"},\"potentialAction\":[{\"@type\":\"SearchAction\",\"target\":{\"@type\":\"EntryPoint\",\"urlTemplate\":\"https:\\\/\\\/boutique-one-piece.com\\\/?s={search_term_string}\"},\"query-input\":{\"@type\":\"PropertyValueSpecification\",\"valueRequired\":true,\"valueName\":\"search_term_string\"}}],\"inLanguage\":\"pl-PL\"},{\"@type\":\"Organization\",\"@id\":\"https:\\\/\\\/boutique-one-piece.com\\\/#organization\",\"name\":\"Boutique One Piece\",\"url\":\"https:\\\/\\\/boutique-one-piece.com\\\/\",\"logo\":{\"@type\":\"ImageObject\",\"inLanguage\":\"pl-PL\",\"@id\":\"https:\\\/\\\/boutique-one-piece.com\\\/#\\\/schema\\\/logo\\\/image\\\/\",\"url\":\"https:\\\/\\\/boutique-one-piece.com\\\/wp-content\\\/uploads\\\/2022\\\/09\\\/Logo-01.png\",\"contentUrl\":\"https:\\\/\\\/boutique-one-piece.com\\\/wp-content\\\/uploads\\\/2022\\\/09\\\/Logo-01.png\",\"width\":2318,\"height\":957,\"caption\":\"Boutique One Piece\"},\"image\":{\"@id\":\"https:\\\/\\\/boutique-one-piece.com\\\/#\\\/schema\\\/logo\\\/image\\\/\"}}]}<\/script>\n<!-- \/ Yoast SEO plugin. -->","yoast_head_json":{"title":"Jednocz\u0119\u015bciowy portfel z flag\u0105 s\u0142omkowego kapelusza","description":"Typ artyku\u0142u: PortfelNumer modelu: 01 SAO Harry Potter Death Note Pokemon Totoro Attack on TitanWysoko\u015b\u0107 przedmiotu: 12 cmSk\u0142ad materia\u0142u: Sk\u00f3raMateria\u0142 podszewki: NylonG\u0142\u00f3wny materia\u0142: Sk\u00f3ra dwoinowaPortfele: Standardowe portfeleP\u0142e\u0107: UnisexWn\u0119trze: Kiesze\u0144 na monety, Przegr\u00f3dka wewn\u0119trzna, Uchwyt na zdj\u0119cie, Przegr\u00f3dka na notatki, Uchwyt na kartyD\u0142ugo\u015b\u0107 przedmiotu","robots":{"index":"index","follow":"follow","max-snippet":"max-snippet:-1","max-image-preview":"max-image-preview:large","max-video-preview":"max-video-preview:-1"},"canonical":"https:\/\/boutique-one-piece.com\/pl\/akcesoria-one-piece\/portfel-one-piece-z-flaga-slomkowego-kapelusza\/","og_locale":"pl_PL","og_type":"article","og_title":"Porte Feuille One Piece Drapeau Des Mugiwara","og_description":"Item Type: WalletModel Number: 01 SAO Harry Potter Death Note Pokemon Totoro Attack on TitanItem Height: 12cmMaterial Composition: LeatherLining Material: NylonMain Material: Split LeatherWallets: Standard WalletsGender: UnisexInterior: Coin Pocket,Interior Compartment,Photo Holder,Note Compartment,Card HolderItem Leng","og_url":"https:\/\/boutique-one-piece.com\/pl\/akcesoria-one-piece\/portfel-one-piece-z-flaga-slomkowego-kapelusza\/","og_site_name":"Boutique One Piece","article_modified_time":"2024-09-16T14:42:16+00:00","og_image":[{"width":780,"height":780,"url":"https:\/\/boutique-one-piece.com\/wp-content\/uploads\/2022\/09\/Porte-Feuille-One-Piece-Drapeau-Des-Mugiwara-1.jpg","type":"image\/jpeg"}],"twitter_card":"summary_large_image","twitter_misc":{"Szacowany czas czytania":"1 minuta"},"schema":{"@context":"https:\/\/schema.org","@graph":[{"@type":"WebPage","@id":"https:\/\/boutique-one-piece.com\/accessoires-one-piece\/porte-feuille-one-piece-drapeau-des-mugiwara\/","url":"https:\/\/boutique-one-piece.com\/accessoires-one-piece\/porte-feuille-one-piece-drapeau-des-mugiwara\/","name":"Jednocz\u0119\u015bciowy portfel z flag\u0105 s\u0142omkowego kapelusza","isPartOf":{"@id":"https:\/\/boutique-one-piece.com\/#website"},"primaryImageOfPage":{"@id":"https:\/\/boutique-one-piece.com\/accessoires-one-piece\/porte-feuille-one-piece-drapeau-des-mugiwara\/#primaryimage"},"image":{"@id":"https:\/\/boutique-one-piece.com\/accessoires-one-piece\/porte-feuille-one-piece-drapeau-des-mugiwara\/#primaryimage"},"thumbnailUrl":"https:\/\/boutique-one-piece.com\/wp-content\/uploads\/2022\/09\/Porte-Feuille-One-Piece-Drapeau-Des-Mugiwara-1.jpg","datePublished":"2022-09-27T21:54:12+00:00","dateModified":"2024-09-16T14:42:16+00:00","description":"Typ artyku\u0142u: PortfelNumer modelu: 01 SAO Harry Potter Death Note Pokemon Totoro Attack on TitanWysoko\u015b\u0107 przedmiotu: 12 cmSk\u0142ad materia\u0142u: Sk\u00f3raMateria\u0142 podszewki: NylonG\u0142\u00f3wny materia\u0142: Sk\u00f3ra dwoinowaPortfele: Standardowe portfeleP\u0142e\u0107: UnisexWn\u0119trze: Kiesze\u0144 na monety, Przegr\u00f3dka wewn\u0119trzna, Uchwyt na zdj\u0119cie, Przegr\u00f3dka na notatki, Uchwyt na kartyD\u0142ugo\u015b\u0107 przedmiotu","breadcrumb":{"@id":"https:\/\/boutique-one-piece.com\/accessoires-one-piece\/porte-feuille-one-piece-drapeau-des-mugiwara\/#breadcrumb"},"inLanguage":"pl-PL","potentialAction":[{"@type":"ReadAction","target":["https:\/\/boutique-one-piece.com\/accessoires-one-piece\/porte-feuille-one-piece-drapeau-des-mugiwara\/"]}]},{"@type":"ImageObject","inLanguage":"pl-PL","@id":"https:\/\/boutique-one-piece.com\/accessoires-one-piece\/porte-feuille-one-piece-drapeau-des-mugiwara\/#primaryimage","url":"https:\/\/boutique-one-piece.com\/wp-content\/uploads\/2022\/09\/Porte-Feuille-One-Piece-Drapeau-Des-Mugiwara-1.jpg","contentUrl":"https:\/\/boutique-one-piece.com\/wp-content\/uploads\/2022\/09\/Porte-Feuille-One-Piece-Drapeau-Des-Mugiwara-1.jpg","width":780,"height":780},{"@type":"BreadcrumbList","@id":"https:\/\/boutique-one-piece.com\/accessoires-one-piece\/porte-feuille-one-piece-drapeau-des-mugiwara\/#breadcrumb","itemListElement":[{"@type":"ListItem","position":1,"name":"Home","item":"https:\/\/boutique-one-piece.com\/"},{"@type":"ListItem","position":2,"name":"Shop","item":"https:\/\/boutique-one-piece.com\/shop\/"},{"@type":"ListItem","position":3,"name":"Porte Feuille One Piece Drapeau Des Mugiwara"}]},{"@type":"WebSite","@id":"https:\/\/boutique-one-piece.com\/#website","url":"https:\/\/boutique-one-piece.com\/","name":"One Piece Shop","description":"Sklep specjalistyczny z mang\u0105 i anime One Piece","publisher":{"@id":"https:\/\/boutique-one-piece.com\/#organization"},"potentialAction":[{"@type":"SearchAction","target":{"@type":"EntryPoint","urlTemplate":"https:\/\/boutique-one-piece.com\/?s={search_term_string}"},"query-input":{"@type":"PropertyValueSpecification","valueRequired":true,"valueName":"search_term_string"}}],"inLanguage":"pl-PL"},{"@type":"Organization","@id":"https:\/\/boutique-one-piece.com\/#organization","name":"One Piece Shop","url":"https:\/\/boutique-one-piece.com\/","logo":{"@type":"ImageObject","inLanguage":"pl-PL","@id":"https:\/\/boutique-one-piece.com\/#\/schema\/logo\/image\/","url":"https:\/\/boutique-one-piece.com\/wp-content\/uploads\/2022\/09\/Logo-01.png","contentUrl":"https:\/\/boutique-one-piece.com\/wp-content\/uploads\/2022\/09\/Logo-01.png","width":2318,"height":957,"caption":"Boutique One Piece"},"image":{"@id":"https:\/\/boutique-one-piece.com\/#\/schema\/logo\/image\/"}}]}},"_links":{"self":[{"href":"https:\/\/boutique-one-piece.com\/pl\/wp-json\/wp\/v2\/product\/16551","targetHints":{"allow":["GET"]}}],"collection":[{"href":"https:\/\/boutique-one-piece.com\/pl\/wp-json\/wp\/v2\/product"}],"about":[{"href":"https:\/\/boutique-one-piece.com\/pl\/wp-json\/wp\/v2\/types\/product"}],"replies":[{"embeddable":true,"href":"https:\/\/boutique-one-piece.com\/pl\/wp-json\/wp\/v2\/comments?post=16551"}],"wp:featuredmedia":[{"embeddable":true,"href":"https:\/\/boutique-one-piece.com\/pl\/wp-json\/wp\/v2\/media\/16553"}],"wp:attachment":[{"href":"https:\/\/boutique-one-piece.com\/pl\/wp-json\/wp\/v2\/media?parent=16551"}],"wp:term":[{"taxonomy":"product_brand","embeddable":true,"href":"https:\/\/boutique-one-piece.com\/pl\/wp-json\/wp\/v2\/product_brand?post=16551"},{"taxonomy":"product_cat","embeddable":true,"href":"https:\/\/boutique-one-piece.com\/pl\/wp-json\/wp\/v2\/product_cat?post=16551"},{"taxonomy":"product_tag","embeddable":true,"href":"https:\/\/boutique-one-piece.com\/pl\/wp-json\/wp\/v2\/product_tag?post=16551"}],"curies":[{"name":"wp","href":"https:\/\/api.w.org\/{rel}","templated":true}]}}