{"id":16933,"date":"2022-09-27T21:56:37","date_gmt":"2022-09-27T21:56:37","guid":{"rendered":"https:\/\/boutique-one-piece.com\/uncategorized\/mitaine-one-piece-petit-luffy\/"},"modified":"2024-09-16T14:53:32","modified_gmt":"2024-09-16T14:53:32","slug":"rekawiczki-one-piece-maly-luffy","status":"publish","type":"product","link":"https:\/\/boutique-one-piece.com\/pl\/akcesoria-one-piece\/rekawiczki-one-piece-maly-luffy\/","title":{"rendered":"One Piece Mitten Little Luffy"},"content":{"rendered":"<p><span><strong>Zastosowanie specjalne:<\/strong> Kostiumy<\/span><br \/><span><strong>Typ przedmiotu:<\/strong> R\u0119kawiczki i mitenki<\/span><br \/><span><strong>Nazwa wydzia\u0142u<\/strong> Doros\u0142y<\/span><br \/><span><strong>P\u0142e\u0107:<\/strong> Dla obu p\u0142ci<\/span><br \/><span><strong>Pismo:<\/strong> Luffy<\/span><\/p>","protected":false},"excerpt":{"rendered":"<p>Special Use: CostumesItem Type: Gloves &amp; MittensDepartment Name: AdultGender: UnisexCharacters: Luffy<\/p>","protected":false},"featured_media":16935,"comment_status":"open","ping_status":"open","template":"","meta":[],"product_brand":[],"product_cat":[409],"product_tag":[],"class_list":{"0":"post-16933","1":"product","2":"type-product","3":"status-publish","4":"has-post-thumbnail","6":"product_cat-accessoires-one-piece","8":"first","9":"instock","10":"purchasable","11":"product-type-simple"},"yoast_head":"<!-- This site is optimized with the Yoast SEO plugin v27.5 - https:\/\/yoast.com\/product\/yoast-seo-wordpress\/ -->\n<title>Mitaine One Piece Petit Luffy \u2013 Boutique One Piece<\/title>\n<meta name=\"description\" content=\"Special Use: CostumesItem Type: Gloves &amp; MittensDepartment Name: AdultGender: UnisexCharacters: Luffy\" \/>\n<meta name=\"robots\" content=\"index, follow, max-snippet:-1, max-image-preview:large, max-video-preview:-1\" \/>\n<link rel=\"canonical\" href=\"https:\/\/boutique-one-piece.com\/pl\/akcesoria-one-piece\/rekawiczki-one-piece-maly-luffy\/\" \/>\n<meta property=\"og:locale\" content=\"pl_PL\" \/>\n<meta property=\"og:type\" content=\"article\" \/>\n<meta property=\"og:title\" content=\"Mitaine One Piece Petit Luffy \u2013 Boutique One Piece\" \/>\n<meta property=\"og:description\" content=\"Special Use: CostumesItem Type: Gloves &amp; MittensDepartment Name: AdultGender: UnisexCharacters: Luffy\" \/>\n<meta property=\"og:url\" content=\"https:\/\/boutique-one-piece.com\/pl\/akcesoria-one-piece\/rekawiczki-one-piece-maly-luffy\/\" \/>\n<meta property=\"og:site_name\" content=\"Boutique One Piece\" \/>\n<meta property=\"article:modified_time\" content=\"2024-09-16T14:53:32+00:00\" \/>\n<meta property=\"og:image\" content=\"https:\/\/boutique-one-piece.com\/wp-content\/uploads\/2022\/09\/Mitaine-One-Piece-Petit-Luffy.jpg\" \/>\n\t<meta property=\"og:image:width\" content=\"400\" \/>\n\t<meta property=\"og:image:height\" content=\"400\" \/>\n\t<meta property=\"og:image:type\" content=\"image\/jpeg\" \/>\n<meta name=\"twitter:card\" content=\"summary_large_image\" \/>\n<script type=\"application\/ld+json\" class=\"yoast-schema-graph\">{\"@context\":\"https:\\\/\\\/schema.org\",\"@graph\":[{\"@type\":\"WebPage\",\"@id\":\"https:\\\/\\\/boutique-one-piece.com\\\/accessoires-one-piece\\\/mitaine-one-piece-petit-luffy\\\/\",\"url\":\"https:\\\/\\\/boutique-one-piece.com\\\/accessoires-one-piece\\\/mitaine-one-piece-petit-luffy\\\/\",\"name\":\"Mitaine One Piece Petit Luffy \u2013 Boutique One Piece\",\"isPartOf\":{\"@id\":\"https:\\\/\\\/boutique-one-piece.com\\\/#website\"},\"primaryImageOfPage\":{\"@id\":\"https:\\\/\\\/boutique-one-piece.com\\\/accessoires-one-piece\\\/mitaine-one-piece-petit-luffy\\\/#primaryimage\"},\"image\":{\"@id\":\"https:\\\/\\\/boutique-one-piece.com\\\/accessoires-one-piece\\\/mitaine-one-piece-petit-luffy\\\/#primaryimage\"},\"thumbnailUrl\":\"https:\\\/\\\/boutique-one-piece.com\\\/wp-content\\\/uploads\\\/2022\\\/09\\\/Mitaine-One-Piece-Petit-Luffy.jpg\",\"datePublished\":\"2022-09-27T21:56:37+00:00\",\"dateModified\":\"2024-09-16T14:53:32+00:00\",\"description\":\"Special Use: CostumesItem Type: Gloves & MittensDepartment Name: AdultGender: UnisexCharacters: Luffy\",\"breadcrumb\":{\"@id\":\"https:\\\/\\\/boutique-one-piece.com\\\/accessoires-one-piece\\\/mitaine-one-piece-petit-luffy\\\/#breadcrumb\"},\"inLanguage\":\"pl-PL\",\"potentialAction\":[{\"@type\":\"ReadAction\",\"target\":[\"https:\\\/\\\/boutique-one-piece.com\\\/accessoires-one-piece\\\/mitaine-one-piece-petit-luffy\\\/\"]}]},{\"@type\":\"ImageObject\",\"inLanguage\":\"pl-PL\",\"@id\":\"https:\\\/\\\/boutique-one-piece.com\\\/accessoires-one-piece\\\/mitaine-one-piece-petit-luffy\\\/#primaryimage\",\"url\":\"https:\\\/\\\/boutique-one-piece.com\\\/wp-content\\\/uploads\\\/2022\\\/09\\\/Mitaine-One-Piece-Petit-Luffy.jpg\",\"contentUrl\":\"https:\\\/\\\/boutique-one-piece.com\\\/wp-content\\\/uploads\\\/2022\\\/09\\\/Mitaine-One-Piece-Petit-Luffy.jpg\",\"width\":400,\"height\":400,\"caption\":\"Mitaine One Piece Petit Luffy Default Title\"},{\"@type\":\"BreadcrumbList\",\"@id\":\"https:\\\/\\\/boutique-one-piece.com\\\/accessoires-one-piece\\\/mitaine-one-piece-petit-luffy\\\/#breadcrumb\",\"itemListElement\":[{\"@type\":\"ListItem\",\"position\":1,\"name\":\"Home\",\"item\":\"https:\\\/\\\/boutique-one-piece.com\\\/\"},{\"@type\":\"ListItem\",\"position\":2,\"name\":\"Shop\",\"item\":\"https:\\\/\\\/boutique-one-piece.com\\\/shop\\\/\"},{\"@type\":\"ListItem\",\"position\":3,\"name\":\"Mitaine One Piece Petit Luffy\"}]},{\"@type\":\"WebSite\",\"@id\":\"https:\\\/\\\/boutique-one-piece.com\\\/#website\",\"url\":\"https:\\\/\\\/boutique-one-piece.com\\\/\",\"name\":\"Boutique One Piece\",\"description\":\"Magasin Sp\u00e9cialis\u00e9 du Manga et l&#039;Anime One Piece\",\"publisher\":{\"@id\":\"https:\\\/\\\/boutique-one-piece.com\\\/#organization\"},\"potentialAction\":[{\"@type\":\"SearchAction\",\"target\":{\"@type\":\"EntryPoint\",\"urlTemplate\":\"https:\\\/\\\/boutique-one-piece.com\\\/?s={search_term_string}\"},\"query-input\":{\"@type\":\"PropertyValueSpecification\",\"valueRequired\":true,\"valueName\":\"search_term_string\"}}],\"inLanguage\":\"pl-PL\"},{\"@type\":\"Organization\",\"@id\":\"https:\\\/\\\/boutique-one-piece.com\\\/#organization\",\"name\":\"Boutique One Piece\",\"url\":\"https:\\\/\\\/boutique-one-piece.com\\\/\",\"logo\":{\"@type\":\"ImageObject\",\"inLanguage\":\"pl-PL\",\"@id\":\"https:\\\/\\\/boutique-one-piece.com\\\/#\\\/schema\\\/logo\\\/image\\\/\",\"url\":\"https:\\\/\\\/boutique-one-piece.com\\\/wp-content\\\/uploads\\\/2022\\\/09\\\/Logo-01.png\",\"contentUrl\":\"https:\\\/\\\/boutique-one-piece.com\\\/wp-content\\\/uploads\\\/2022\\\/09\\\/Logo-01.png\",\"width\":2318,\"height\":957,\"caption\":\"Boutique One Piece\"},\"image\":{\"@id\":\"https:\\\/\\\/boutique-one-piece.com\\\/#\\\/schema\\\/logo\\\/image\\\/\"}}]}<\/script>\n<!-- \/ Yoast SEO plugin. -->","yoast_head_json":{"title":"R\u0119kawiczki One Piece Little Luffy \u2013 Sklep One Piece","description":"Zastosowanie specjalne: KostiumyTyp przedmiotu: R\u0119kawiczki i mitenkiNazwa dzia\u0142u: Doro\u015bliP\u0142e\u0107: UnisexPostacie: Luffy","robots":{"index":"index","follow":"follow","max-snippet":"max-snippet:-1","max-image-preview":"max-image-preview:large","max-video-preview":"max-video-preview:-1"},"canonical":"https:\/\/boutique-one-piece.com\/pl\/akcesoria-one-piece\/rekawiczki-one-piece-maly-luffy\/","og_locale":"pl_PL","og_type":"article","og_title":"Mitaine One Piece Petit Luffy \u2013 Boutique One Piece","og_description":"Special Use: CostumesItem Type: Gloves & MittensDepartment Name: AdultGender: UnisexCharacters: Luffy","og_url":"https:\/\/boutique-one-piece.com\/pl\/akcesoria-one-piece\/rekawiczki-one-piece-maly-luffy\/","og_site_name":"Boutique One Piece","article_modified_time":"2024-09-16T14:53:32+00:00","og_image":[{"width":400,"height":400,"url":"https:\/\/boutique-one-piece.com\/wp-content\/uploads\/2022\/09\/Mitaine-One-Piece-Petit-Luffy.jpg","type":"image\/jpeg"}],"twitter_card":"summary_large_image","schema":{"@context":"https:\/\/schema.org","@graph":[{"@type":"WebPage","@id":"https:\/\/boutique-one-piece.com\/accessoires-one-piece\/mitaine-one-piece-petit-luffy\/","url":"https:\/\/boutique-one-piece.com\/accessoires-one-piece\/mitaine-one-piece-petit-luffy\/","name":"R\u0119kawiczki One Piece Little Luffy \u2013 Sklep One Piece","isPartOf":{"@id":"https:\/\/boutique-one-piece.com\/#website"},"primaryImageOfPage":{"@id":"https:\/\/boutique-one-piece.com\/accessoires-one-piece\/mitaine-one-piece-petit-luffy\/#primaryimage"},"image":{"@id":"https:\/\/boutique-one-piece.com\/accessoires-one-piece\/mitaine-one-piece-petit-luffy\/#primaryimage"},"thumbnailUrl":"https:\/\/boutique-one-piece.com\/wp-content\/uploads\/2022\/09\/Mitaine-One-Piece-Petit-Luffy.jpg","datePublished":"2022-09-27T21:56:37+00:00","dateModified":"2024-09-16T14:53:32+00:00","description":"Zastosowanie specjalne: KostiumyTyp przedmiotu: R\u0119kawiczki i mitenkiNazwa dzia\u0142u: Doro\u015bliP\u0142e\u0107: UnisexPostacie: Luffy","breadcrumb":{"@id":"https:\/\/boutique-one-piece.com\/accessoires-one-piece\/mitaine-one-piece-petit-luffy\/#breadcrumb"},"inLanguage":"pl-PL","potentialAction":[{"@type":"ReadAction","target":["https:\/\/boutique-one-piece.com\/accessoires-one-piece\/mitaine-one-piece-petit-luffy\/"]}]},{"@type":"ImageObject","inLanguage":"pl-PL","@id":"https:\/\/boutique-one-piece.com\/accessoires-one-piece\/mitaine-one-piece-petit-luffy\/#primaryimage","url":"https:\/\/boutique-one-piece.com\/wp-content\/uploads\/2022\/09\/Mitaine-One-Piece-Petit-Luffy.jpg","contentUrl":"https:\/\/boutique-one-piece.com\/wp-content\/uploads\/2022\/09\/Mitaine-One-Piece-Petit-Luffy.jpg","width":400,"height":400,"caption":"Mitaine One Piece Petit Luffy Default Title"},{"@type":"BreadcrumbList","@id":"https:\/\/boutique-one-piece.com\/accessoires-one-piece\/mitaine-one-piece-petit-luffy\/#breadcrumb","itemListElement":[{"@type":"ListItem","position":1,"name":"Home","item":"https:\/\/boutique-one-piece.com\/"},{"@type":"ListItem","position":2,"name":"Shop","item":"https:\/\/boutique-one-piece.com\/shop\/"},{"@type":"ListItem","position":3,"name":"Mitaine One Piece Petit Luffy"}]},{"@type":"WebSite","@id":"https:\/\/boutique-one-piece.com\/#website","url":"https:\/\/boutique-one-piece.com\/","name":"One Piece Shop","description":"Sklep specjalistyczny z mang\u0105 i anime One Piece","publisher":{"@id":"https:\/\/boutique-one-piece.com\/#organization"},"potentialAction":[{"@type":"SearchAction","target":{"@type":"EntryPoint","urlTemplate":"https:\/\/boutique-one-piece.com\/?s={search_term_string}"},"query-input":{"@type":"PropertyValueSpecification","valueRequired":true,"valueName":"search_term_string"}}],"inLanguage":"pl-PL"},{"@type":"Organization","@id":"https:\/\/boutique-one-piece.com\/#organization","name":"One Piece Shop","url":"https:\/\/boutique-one-piece.com\/","logo":{"@type":"ImageObject","inLanguage":"pl-PL","@id":"https:\/\/boutique-one-piece.com\/#\/schema\/logo\/image\/","url":"https:\/\/boutique-one-piece.com\/wp-content\/uploads\/2022\/09\/Logo-01.png","contentUrl":"https:\/\/boutique-one-piece.com\/wp-content\/uploads\/2022\/09\/Logo-01.png","width":2318,"height":957,"caption":"Boutique One Piece"},"image":{"@id":"https:\/\/boutique-one-piece.com\/#\/schema\/logo\/image\/"}}]}},"_links":{"self":[{"href":"https:\/\/boutique-one-piece.com\/pl\/wp-json\/wp\/v2\/product\/16933","targetHints":{"allow":["GET"]}}],"collection":[{"href":"https:\/\/boutique-one-piece.com\/pl\/wp-json\/wp\/v2\/product"}],"about":[{"href":"https:\/\/boutique-one-piece.com\/pl\/wp-json\/wp\/v2\/types\/product"}],"replies":[{"embeddable":true,"href":"https:\/\/boutique-one-piece.com\/pl\/wp-json\/wp\/v2\/comments?post=16933"}],"wp:featuredmedia":[{"embeddable":true,"href":"https:\/\/boutique-one-piece.com\/pl\/wp-json\/wp\/v2\/media\/16935"}],"wp:attachment":[{"href":"https:\/\/boutique-one-piece.com\/pl\/wp-json\/wp\/v2\/media?parent=16933"}],"wp:term":[{"taxonomy":"product_brand","embeddable":true,"href":"https:\/\/boutique-one-piece.com\/pl\/wp-json\/wp\/v2\/product_brand?post=16933"},{"taxonomy":"product_cat","embeddable":true,"href":"https:\/\/boutique-one-piece.com\/pl\/wp-json\/wp\/v2\/product_cat?post=16933"},{"taxonomy":"product_tag","embeddable":true,"href":"https:\/\/boutique-one-piece.com\/pl\/wp-json\/wp\/v2\/product_tag?post=16933"}],"curies":[{"name":"wp","href":"https:\/\/api.w.org\/{rel}","templated":true}]}}