{"id":8245,"date":"2022-09-27T18:53:47","date_gmt":"2022-09-27T18:53:47","guid":{"rendered":"https:\/\/boutique-one-piece.com\/uncategorized\/replique-one-piece-thousand-sunny\/"},"modified":"2024-09-16T11:14:25","modified_gmt":"2024-09-16T11:14:25","slug":"replika-one-piece-tysiac-sloneczny","status":"publish","type":"product","link":"https:\/\/boutique-one-piece.com\/pl\/figurki-one-piece\/replika-one-piece-tysiac-sloneczny\/","title":{"rendered":"Tysi\u0105c S\u0142onecznych \u0141odzi"},"content":{"rendered":"<h2>M\u0142ody piracie, do\u0142\u0105cz do przygody One Piece. Aby to zrobi\u0107, zdob\u0105d\u017a t\u0119 figurk\u0119 Sunny One Piece ju\u017c teraz.<\/h2>\n<p>Z pewno\u015bci\u0105 wiesz, \u017ce <strong>Tysi\u0105c S\u0142oneczny<\/strong>, kt\u00f3rego projektant Franky, nazywany czule Sunny, jest drugim i obecnym statkiem <strong>Za\u0142oga S\u0142omkowego Kapelusza<\/strong>. Zast\u0119puje <strong>Vogue Merry<\/strong> poniewa\u017c ten ostatni by\u0142 w zbyt z\u0142ym stanie, aby mogli kontynuowa\u0107 swoj\u0105 przygod\u0119.<\/p>\n<p>To solidny statek, dwa razy wi\u0119kszy od Going Merry. Zawiera r\u00f3\u017cne dodatki, o kt\u00f3re za\u0142oga prosi\u0142a przed przybyciem do Water 7. Water 7 to miasto znane z szkutnik\u00f3w o wyj\u0105tkowych umiej\u0119tno\u015bciach w budowie wszelkiego rodzaju jednostek. Na koniec, jako prawdziwy fan serii, nie przegap tego! <a title=\"Zabawka One Piece Going Merry Boat\" href=\"https:\/\/boutique-one-piece.com\/pl\/figurki-one-piece\/produkty\/replika-one-piece-vogue-merry\/\" target=\"_blank\" rel=\"noopener\">replika Going Merry<\/a>.<\/p>\n<h3>Czy jeste\u015b zachwycony replik\u0105 Thousand Sunny? Je\u015bli tak, nie wahaj si\u0119 d\u0142u\u017cej i wejd\u017a na pok\u0142ad statku wraz z ca\u0142\u0105 za\u0142og\u0105.<\/h3>\n<p>M\u0142ody Pirat wyruszy\u0142 na podb\u00f3j<strong> Skarb One Piece<\/strong>. Za\u0142oga S\u0142omianego Kapelusza czeka na Ciebie. Zdob\u0105d\u017a te przedmioty z tej epickiej sagi ju\u017c teraz. Idealne na prezent, dekoracj\u0119 lub do kolekcjonowania, te przedmioty rozszerz\u0105 Tw\u00f3j wszech\u015bwiat One Piece. Zosta\u0144 pe\u0142noprawnym cz\u0142onkiem za\u0142ogi!, <strong>m\u0142ody pirat<\/strong>. Przygoda dopiero si\u0119 zaczyna!<\/p>\n<h2>Informacje o figurce Thousand Sunny\u00a0<\/h2>\n<ul>\n<li><span><b><u>Figurka One Piece<\/u><\/b>\u00a0Figurka Premium One Piece dla prawdziwych pirat\u00f3w<\/span><\/li>\n<\/ul>\n<ul>\n<li>\n<b>Materia\u0142<\/b><span>\u00a0<\/span>PCV<\/li>\n<\/ul>\n<ul>\n<li><span><strong>Wymiar<\/strong>\u00a0: 28 cm<\/span><\/li>\n<\/ul>\n<ul>\n<li><span><strong>DARMOWA DOSTAWA<\/strong><\/span><\/li>\n<\/ul>","protected":false},"excerpt":{"rendered":"<p>M\u0142ody piracie, do\u0142\u0105cz do przygody One Piece! Aby to zrobi\u0107, zdob\u0105d\u017a figurk\u0119 Sunny One Piece ju\u017c teraz. Prawdopodobnie wiesz, \u017ce Thousand Sunny, pieszczotliwie nazywany Sunny przez projektanta Franky&#039;ego, to drugi i aktualny statek za\u0142ogi S\u0142omkowego Kapelusza. Zast\u0105pi\u0142 Going Merry, kt\u00f3ry by\u0142 w zbyt z\u0142ym stanie [\u2026]<\/p>","protected":false},"featured_media":8247,"comment_status":"open","ping_status":"open","template":"","meta":[],"product_brand":[],"product_cat":[76],"product_tag":[138,139],"class_list":{"0":"post-8245","1":"product","2":"type-product","3":"status-publish","4":"has-post-thumbnail","6":"product_cat-figurines-one-piece","7":"product_tag-bateau","8":"product_tag-sunny","10":"first","11":"instock","12":"purchasable","13":"product-type-simple"},"yoast_head":"<!-- This site is optimized with the Yoast SEO plugin v27.5 - https:\/\/yoast.com\/product\/yoast-seo-wordpress\/ -->\n<title>Figurine Thousand Sunny One Piece | Boutique One Piece<\/title>\n<meta name=\"description\" content=\"Jeune pirate, rejoins l&#039;aventure One Piece. Pour ce faire procure-toi d\u00e8s maintenant cette\u00a0Figurine\u00a0Sunny One Piece. Tu n&#039;es pas sans savoir que le Thousand Sunny, que Franky, son concepteur, surnomme tendrement Sunny, est le second et actuel navire de L&#039;\u00c9quipage du Chapeau de Paille. Il succ\u00e8de au Vogue Merry car ce d\" \/>\n<meta name=\"robots\" content=\"index, follow, max-snippet:-1, max-image-preview:large, max-video-preview:-1\" \/>\n<link rel=\"canonical\" href=\"https:\/\/boutique-one-piece.com\/pl\/figurki-one-piece\/replika-one-piece-tysiac-sloneczny\/\" \/>\n<meta property=\"og:locale\" content=\"pl_PL\" \/>\n<meta property=\"og:type\" content=\"article\" \/>\n<meta property=\"og:title\" content=\"Figurine Thousand Sunny One Piece | Boutique One Piece\" \/>\n<meta property=\"og:description\" content=\"Jeune pirate, rejoins l&#039;aventure One Piece. Pour ce faire procure-toi d\u00e8s maintenant cette\u00a0Figurine\u00a0Sunny One Piece. Tu n&#039;es pas sans savoir que le Thousand Sunny, que Franky, son concepteur, surnomme tendrement Sunny, est le second et actuel navire de L&#039;\u00c9quipage du Chapeau de Paille. Il succ\u00e8de au Vogue Merry car ce d\" \/>\n<meta property=\"og:url\" content=\"https:\/\/boutique-one-piece.com\/pl\/figurki-one-piece\/replika-one-piece-tysiac-sloneczny\/\" \/>\n<meta property=\"og:site_name\" content=\"Boutique One Piece\" \/>\n<meta property=\"article:modified_time\" content=\"2024-09-16T11:14:25+00:00\" \/>\n<meta property=\"og:image\" content=\"https:\/\/boutique-one-piece.com\/wp-content\/uploads\/2022\/09\/Bateau-Thousand-Sunny.jpg\" \/>\n\t<meta property=\"og:image:width\" content=\"638\" \/>\n\t<meta property=\"og:image:height\" content=\"640\" \/>\n\t<meta property=\"og:image:type\" content=\"image\/jpeg\" \/>\n<meta name=\"twitter:card\" content=\"summary_large_image\" \/>\n<meta name=\"twitter:label1\" content=\"Szacowany czas czytania\" \/>\n\t<meta name=\"twitter:data1\" content=\"2 minuty\" \/>\n<script type=\"application\/ld+json\" class=\"yoast-schema-graph\">{\"@context\":\"https:\\\/\\\/schema.org\",\"@graph\":[{\"@type\":\"WebPage\",\"@id\":\"https:\\\/\\\/boutique-one-piece.com\\\/figurines-one-piece\\\/replique-one-piece-thousand-sunny\\\/\",\"url\":\"https:\\\/\\\/boutique-one-piece.com\\\/figurines-one-piece\\\/replique-one-piece-thousand-sunny\\\/\",\"name\":\"Figurine Thousand Sunny One Piece | Boutique One Piece\",\"isPartOf\":{\"@id\":\"https:\\\/\\\/boutique-one-piece.com\\\/#website\"},\"primaryImageOfPage\":{\"@id\":\"https:\\\/\\\/boutique-one-piece.com\\\/figurines-one-piece\\\/replique-one-piece-thousand-sunny\\\/#primaryimage\"},\"image\":{\"@id\":\"https:\\\/\\\/boutique-one-piece.com\\\/figurines-one-piece\\\/replique-one-piece-thousand-sunny\\\/#primaryimage\"},\"thumbnailUrl\":\"https:\\\/\\\/boutique-one-piece.com\\\/wp-content\\\/uploads\\\/2022\\\/09\\\/Bateau-Thousand-Sunny.jpg\",\"datePublished\":\"2022-09-27T18:53:47+00:00\",\"dateModified\":\"2024-09-16T11:14:25+00:00\",\"description\":\"Jeune pirate, rejoins l'aventure One Piece. Pour ce faire procure-toi d\u00e8s maintenant cette\u00a0Figurine\u00a0Sunny One Piece. Tu n'es pas sans savoir que le Thousand Sunny, que Franky, son concepteur, surnomme tendrement Sunny, est le second et actuel navire de L'\u00c9quipage du Chapeau de Paille. Il succ\u00e8de au Vogue Merry car ce d\",\"breadcrumb\":{\"@id\":\"https:\\\/\\\/boutique-one-piece.com\\\/figurines-one-piece\\\/replique-one-piece-thousand-sunny\\\/#breadcrumb\"},\"inLanguage\":\"pl-PL\",\"potentialAction\":[{\"@type\":\"ReadAction\",\"target\":[\"https:\\\/\\\/boutique-one-piece.com\\\/figurines-one-piece\\\/replique-one-piece-thousand-sunny\\\/\"]}]},{\"@type\":\"ImageObject\",\"inLanguage\":\"pl-PL\",\"@id\":\"https:\\\/\\\/boutique-one-piece.com\\\/figurines-one-piece\\\/replique-one-piece-thousand-sunny\\\/#primaryimage\",\"url\":\"https:\\\/\\\/boutique-one-piece.com\\\/wp-content\\\/uploads\\\/2022\\\/09\\\/Bateau-Thousand-Sunny.jpg\",\"contentUrl\":\"https:\\\/\\\/boutique-one-piece.com\\\/wp-content\\\/uploads\\\/2022\\\/09\\\/Bateau-Thousand-Sunny.jpg\",\"width\":638,\"height\":640,\"caption\":\"Bateau Thousand SunnyDefault Title\"},{\"@type\":\"BreadcrumbList\",\"@id\":\"https:\\\/\\\/boutique-one-piece.com\\\/figurines-one-piece\\\/replique-one-piece-thousand-sunny\\\/#breadcrumb\",\"itemListElement\":[{\"@type\":\"ListItem\",\"position\":1,\"name\":\"Home\",\"item\":\"https:\\\/\\\/boutique-one-piece.com\\\/\"},{\"@type\":\"ListItem\",\"position\":2,\"name\":\"Shop\",\"item\":\"https:\\\/\\\/boutique-one-piece.com\\\/shop\\\/\"},{\"@type\":\"ListItem\",\"position\":3,\"name\":\"Bateau Thousand Sunny\"}]},{\"@type\":\"WebSite\",\"@id\":\"https:\\\/\\\/boutique-one-piece.com\\\/#website\",\"url\":\"https:\\\/\\\/boutique-one-piece.com\\\/\",\"name\":\"Boutique One Piece\",\"description\":\"Magasin Sp\u00e9cialis\u00e9 du Manga et l&#039;Anime One Piece\",\"publisher\":{\"@id\":\"https:\\\/\\\/boutique-one-piece.com\\\/#organization\"},\"potentialAction\":[{\"@type\":\"SearchAction\",\"target\":{\"@type\":\"EntryPoint\",\"urlTemplate\":\"https:\\\/\\\/boutique-one-piece.com\\\/?s={search_term_string}\"},\"query-input\":{\"@type\":\"PropertyValueSpecification\",\"valueRequired\":true,\"valueName\":\"search_term_string\"}}],\"inLanguage\":\"pl-PL\"},{\"@type\":\"Organization\",\"@id\":\"https:\\\/\\\/boutique-one-piece.com\\\/#organization\",\"name\":\"Boutique One Piece\",\"url\":\"https:\\\/\\\/boutique-one-piece.com\\\/\",\"logo\":{\"@type\":\"ImageObject\",\"inLanguage\":\"pl-PL\",\"@id\":\"https:\\\/\\\/boutique-one-piece.com\\\/#\\\/schema\\\/logo\\\/image\\\/\",\"url\":\"https:\\\/\\\/boutique-one-piece.com\\\/wp-content\\\/uploads\\\/2022\\\/09\\\/Logo-01.png\",\"contentUrl\":\"https:\\\/\\\/boutique-one-piece.com\\\/wp-content\\\/uploads\\\/2022\\\/09\\\/Logo-01.png\",\"width\":2318,\"height\":957,\"caption\":\"Boutique One Piece\"},\"image\":{\"@id\":\"https:\\\/\\\/boutique-one-piece.com\\\/#\\\/schema\\\/logo\\\/image\\\/\"}}]}<\/script>\n<!-- \/ Yoast SEO plugin. -->","yoast_head_json":{"title":"Figurka Thousand Sunny One Piece | Sklep One Piece","description":"M\u0142ody piracie, do\u0142\u0105cz do przygody One Piece! Aby to zrobi\u0107, zdob\u0105d\u017a figurk\u0119 Sunny One Piece ju\u017c teraz. Prawdopodobnie wiesz, \u017ce Thousand Sunny, pieszczotliwie nazywany Sunny przez projektanta Franky&#039;ego, to drugi i aktualny statek za\u0142ogi S\u0142omkowego Kapelusza. Zast\u0105pi\u0142 Going Merry, poniewa\u017c...","robots":{"index":"index","follow":"follow","max-snippet":"max-snippet:-1","max-image-preview":"max-image-preview:large","max-video-preview":"max-video-preview:-1"},"canonical":"https:\/\/boutique-one-piece.com\/pl\/figurki-one-piece\/replika-one-piece-tysiac-sloneczny\/","og_locale":"pl_PL","og_type":"article","og_title":"Figurine Thousand Sunny One Piece | Boutique One Piece","og_description":"Jeune pirate, rejoins l'aventure One Piece. Pour ce faire procure-toi d\u00e8s maintenant cette\u00a0Figurine\u00a0Sunny One Piece. Tu n'es pas sans savoir que le Thousand Sunny, que Franky, son concepteur, surnomme tendrement Sunny, est le second et actuel navire de L'\u00c9quipage du Chapeau de Paille. Il succ\u00e8de au Vogue Merry car ce d","og_url":"https:\/\/boutique-one-piece.com\/pl\/figurki-one-piece\/replika-one-piece-tysiac-sloneczny\/","og_site_name":"Boutique One Piece","article_modified_time":"2024-09-16T11:14:25+00:00","og_image":[{"width":638,"height":640,"url":"https:\/\/boutique-one-piece.com\/wp-content\/uploads\/2022\/09\/Bateau-Thousand-Sunny.jpg","type":"image\/jpeg"}],"twitter_card":"summary_large_image","twitter_misc":{"Szacowany czas czytania":"2 minuty"},"schema":{"@context":"https:\/\/schema.org","@graph":[{"@type":"WebPage","@id":"https:\/\/boutique-one-piece.com\/figurines-one-piece\/replique-one-piece-thousand-sunny\/","url":"https:\/\/boutique-one-piece.com\/figurines-one-piece\/replique-one-piece-thousand-sunny\/","name":"Figurka Thousand Sunny One Piece | Sklep One Piece","isPartOf":{"@id":"https:\/\/boutique-one-piece.com\/#website"},"primaryImageOfPage":{"@id":"https:\/\/boutique-one-piece.com\/figurines-one-piece\/replique-one-piece-thousand-sunny\/#primaryimage"},"image":{"@id":"https:\/\/boutique-one-piece.com\/figurines-one-piece\/replique-one-piece-thousand-sunny\/#primaryimage"},"thumbnailUrl":"https:\/\/boutique-one-piece.com\/wp-content\/uploads\/2022\/09\/Bateau-Thousand-Sunny.jpg","datePublished":"2022-09-27T18:53:47+00:00","dateModified":"2024-09-16T11:14:25+00:00","description":"M\u0142ody piracie, do\u0142\u0105cz do przygody One Piece! Aby to zrobi\u0107, zdob\u0105d\u017a figurk\u0119 Sunny One Piece ju\u017c teraz. Prawdopodobnie wiesz, \u017ce Thousand Sunny, pieszczotliwie nazywany Sunny przez projektanta Franky&#039;ego, to drugi i aktualny statek za\u0142ogi S\u0142omkowego Kapelusza. Zast\u0105pi\u0142 Going Merry, poniewa\u017c...","breadcrumb":{"@id":"https:\/\/boutique-one-piece.com\/figurines-one-piece\/replique-one-piece-thousand-sunny\/#breadcrumb"},"inLanguage":"pl-PL","potentialAction":[{"@type":"ReadAction","target":["https:\/\/boutique-one-piece.com\/figurines-one-piece\/replique-one-piece-thousand-sunny\/"]}]},{"@type":"ImageObject","inLanguage":"pl-PL","@id":"https:\/\/boutique-one-piece.com\/figurines-one-piece\/replique-one-piece-thousand-sunny\/#primaryimage","url":"https:\/\/boutique-one-piece.com\/wp-content\/uploads\/2022\/09\/Bateau-Thousand-Sunny.jpg","contentUrl":"https:\/\/boutique-one-piece.com\/wp-content\/uploads\/2022\/09\/Bateau-Thousand-Sunny.jpg","width":638,"height":640,"caption":"Bateau Thousand SunnyDefault Title"},{"@type":"BreadcrumbList","@id":"https:\/\/boutique-one-piece.com\/figurines-one-piece\/replique-one-piece-thousand-sunny\/#breadcrumb","itemListElement":[{"@type":"ListItem","position":1,"name":"Home","item":"https:\/\/boutique-one-piece.com\/"},{"@type":"ListItem","position":2,"name":"Shop","item":"https:\/\/boutique-one-piece.com\/shop\/"},{"@type":"ListItem","position":3,"name":"Bateau Thousand Sunny"}]},{"@type":"WebSite","@id":"https:\/\/boutique-one-piece.com\/#website","url":"https:\/\/boutique-one-piece.com\/","name":"One Piece Shop","description":"Sklep specjalistyczny z mang\u0105 i anime One Piece","publisher":{"@id":"https:\/\/boutique-one-piece.com\/#organization"},"potentialAction":[{"@type":"SearchAction","target":{"@type":"EntryPoint","urlTemplate":"https:\/\/boutique-one-piece.com\/?s={search_term_string}"},"query-input":{"@type":"PropertyValueSpecification","valueRequired":true,"valueName":"search_term_string"}}],"inLanguage":"pl-PL"},{"@type":"Organization","@id":"https:\/\/boutique-one-piece.com\/#organization","name":"One Piece Shop","url":"https:\/\/boutique-one-piece.com\/","logo":{"@type":"ImageObject","inLanguage":"pl-PL","@id":"https:\/\/boutique-one-piece.com\/#\/schema\/logo\/image\/","url":"https:\/\/boutique-one-piece.com\/wp-content\/uploads\/2022\/09\/Logo-01.png","contentUrl":"https:\/\/boutique-one-piece.com\/wp-content\/uploads\/2022\/09\/Logo-01.png","width":2318,"height":957,"caption":"Boutique One Piece"},"image":{"@id":"https:\/\/boutique-one-piece.com\/#\/schema\/logo\/image\/"}}]}},"_links":{"self":[{"href":"https:\/\/boutique-one-piece.com\/pl\/wp-json\/wp\/v2\/product\/8245","targetHints":{"allow":["GET"]}}],"collection":[{"href":"https:\/\/boutique-one-piece.com\/pl\/wp-json\/wp\/v2\/product"}],"about":[{"href":"https:\/\/boutique-one-piece.com\/pl\/wp-json\/wp\/v2\/types\/product"}],"replies":[{"embeddable":true,"href":"https:\/\/boutique-one-piece.com\/pl\/wp-json\/wp\/v2\/comments?post=8245"}],"wp:featuredmedia":[{"embeddable":true,"href":"https:\/\/boutique-one-piece.com\/pl\/wp-json\/wp\/v2\/media\/8247"}],"wp:attachment":[{"href":"https:\/\/boutique-one-piece.com\/pl\/wp-json\/wp\/v2\/media?parent=8245"}],"wp:term":[{"taxonomy":"product_brand","embeddable":true,"href":"https:\/\/boutique-one-piece.com\/pl\/wp-json\/wp\/v2\/product_brand?post=8245"},{"taxonomy":"product_cat","embeddable":true,"href":"https:\/\/boutique-one-piece.com\/pl\/wp-json\/wp\/v2\/product_cat?post=8245"},{"taxonomy":"product_tag","embeddable":true,"href":"https:\/\/boutique-one-piece.com\/pl\/wp-json\/wp\/v2\/product_tag?post=8245"}],"curies":[{"name":"wp","href":"https:\/\/api.w.org\/{rel}","templated":true}]}}