{"id":8312,"date":"2022-09-27T18:54:00","date_gmt":"2022-09-27T18:54:00","guid":{"rendered":"https:\/\/boutique-one-piece.com\/uncategorized\/figurine-one-piece-dead-or-alive-brook-et-sa-guitare\/"},"modified":"2026-04-21T08:22:29","modified_gmt":"2026-04-21T08:22:29","slug":"jednoczesciowa-figurka-brooka-i-jego-gitary-z-filmu-martwy-lub-zywy","status":"publish","type":"product","link":"https:\/\/boutique-one-piece.com\/pl\/smakolyki-z-one-piece\/smakolyki-brook-one-piece\/jednoczesciowa-figurka-brooka-i-jego-gitary-z-filmu-martwy-lub-zywy\/","title":{"rendered":"One Piece Dead or Alive Brook i jego figurka gitary"},"content":{"rendered":"<h2>M\u0142ody piracie, nadesz\u0142a pora, aby\u015b zdoby\u0142 figurk\u0119 Brooka i jego gitary z filmu One Piece Dead or Alive.<\/h2>\n<p>Z pewno\u015bci\u0105 wiesz, \u017ce Brook, nazywany <strong>Brook the Humming<\/strong> Jest muzykiem i drugim szermierzem (po Zoro) w Za\u0142odze S\u0142omkowego Kapelusza. Jest \u017cywym szkieletem, kt\u00f3rego spotkali na pok\u0142adzie statku widmo po znalezieniu tajemniczej beczki dryfuj\u0105cej po oceanie.<\/p>\n<p>Jest r\u00f3wnie\u017c u\u017cytkownikiem Diabelskiego Owocu i ma moce <strong>Owoce zmartwychwstania<\/strong>. To nieumar\u0142a istota przywr\u00f3cona do \u017cycia w stanie pseudo-nie\u015bmiertelno\u015bci dzi\u0119ki mocy tego owocu, cho\u0107 owoc ten nie jest przyczyn\u0105 jej obecnego wygl\u0105du.<\/p>\n<p>Jest dziewi\u0105tym cz\u0142onkiem za\u0142ogi S\u0142omkowego Kapelusza i \u00f3smym, kt\u00f3ry do\u0142\u0105czy\u0142 do za\u0142ogi Luffy&#039;ego. Brook to muzyk, kt\u00f3rego Luffy poszukiwa\u0142 od pocz\u0105tku swoich przyg\u00f3d. Jego obecnym celem jest\u2026 <strong>83 000 000 jag\u00f3d<\/strong>. Opr\u00f3cz, <a title=\"ONE PIECE DEAD OR ALIVE ZORO NEW WORLD FIGURKA\" href=\"https:\/\/boutique-one-piece.com\/pl\/figurka-zoro-new-world-z-filmu-one-piece-dead-or-alive\/\" target=\"_blank\" rel=\"noopener\">Figurka Zoro \u00ab\u017bywy lub martwy\u00bb<\/a> jest w Twoim zasi\u0119gu.<\/p>\n<h3>Czy figurka Brook the Humming Ci\u0119 urzek\u0142a? Je\u015bli tak, nie czekaj d\u0142u\u017cej i do\u0142\u0105cz do niego na pok\u0142adzie Thousand Sunny \u2013 czeka Ci\u0119 wiele przyg\u00f3d.<\/h3>\n<p><strong>M\u0142ody pirat<\/strong>, Nie szukaj dalej najcenniejszego skarbu po One Piece; jest w\u0142a\u015bnie tutaj. Odkryj te mityczne przedmioty, kt\u00f3re przenios\u0105 Ci\u0119 z powrotem do \u015bwiata Twojego ulubionego serialu anime. Te przedmioty idealnie nadaj\u0105 si\u0119 na prezent, dekoracj\u0119 lub do kolekcjonowania. Nie wahaj si\u0119 wi\u0119c i prze\u017cyj wiele przyg\u00f3d razem z... <strong>Luffy<\/strong> i jego za\u0142oga.<\/p>\n<h2>Informacje o figurce Dead or Alive Brook i jej gitarze&nbsp;<\/h2>\n<ul>\n<li><span><b><u>Figurka One Piece<\/u><\/b>&nbsp;Figurka Premium One Piece dla prawdziwych pirat\u00f3w<\/span><\/li>\n<\/ul>\n<ul>\n<li>\n<b>Materia\u0142<\/b><span>&nbsp;<\/span>PCV<\/li>\n<\/ul>\n<ul>\n<li><span><strong>Wymiar<\/strong>&nbsp;: 13 cm<\/span><\/li>\n<\/ul>\n<ul>\n<li><span><strong>DARMOWA DOSTAWA<\/strong><\/span><\/li>\n<\/ul>","protected":false},"excerpt":{"rendered":"<p>Jeune pirate, le moment est venu pour toi de te procurer cette Figurine One Piece Dead or Alive Brook Et Sa Guitare. Tu n&rsquo;es pas sans savoir que Brook, surnomm\u00e9 Brook le fredonneur est le musicien ainsi que le second \u00e9p\u00e9iste (apr\u00e8s Zoro) de L&rsquo;\u00c9quipage du Chapeau de Paille. C&rsquo;est un squelette vivant qu&rsquo;ils ont [&hellip;]<\/p>","protected":false},"featured_media":18453,"comment_status":"open","ping_status":"open","template":"","meta":[],"product_brand":[],"product_cat":[156,76,157],"product_tag":[158],"class_list":{"0":"post-8312","1":"product","2":"type-product","3":"status-publish","4":"has-post-thumbnail","6":"product_cat-figurines-brook","7":"product_cat-figurines-one-piece","8":"product_cat-goodies-brook-one-piece","9":"product_tag-brook","11":"first","12":"outofstock","13":"purchasable","14":"product-type-simple"},"yoast_head":"<!-- This site is optimized with the Yoast SEO plugin v27.5 - https:\/\/yoast.com\/product\/yoast-seo-wordpress\/ -->\n<title>Figurine One Piece Dead or Alive Brook Et Sa Guitare | Figurine One Piece \u2013 Boutique One Piece<\/title>\n<meta name=\"description\" content=\"Jeune pirate, le moment est venu pour toi de te procurer cette Figurine One Piece Dead or Alive Brook Et Sa Guitare. Tu n&#039;es pas sans savoir que Brook, surnomm\u00e9 Brook le fredonneur est le musicien ainsi que le second \u00e9p\u00e9iste (apr\u00e8s Zoro) de L&#039;\u00c9quipage du Chapeau de Paille. C&#039;est un squelette vivant qu&#039;ils ont rencontr\u00e9\" \/>\n<meta name=\"robots\" content=\"index, follow, max-snippet:-1, max-image-preview:large, max-video-preview:-1\" \/>\n<link rel=\"canonical\" href=\"https:\/\/boutique-one-piece.com\/pl\/smakolyki-z-one-piece\/smakolyki-brook-one-piece\/jednoczesciowa-figurka-brooka-i-jego-gitary-z-filmu-martwy-lub-zywy\/\" \/>\n<meta property=\"og:locale\" content=\"pl_PL\" \/>\n<meta property=\"og:type\" content=\"article\" \/>\n<meta property=\"og:title\" content=\"Figurine One Piece Dead or Alive Brook Et Sa Guitare | Figurine One Piece \u2013 Boutique One Piece\" \/>\n<meta property=\"og:description\" content=\"Jeune pirate, le moment est venu pour toi de te procurer cette Figurine One Piece Dead or Alive Brook Et Sa Guitare. Tu n&#039;es pas sans savoir que Brook, surnomm\u00e9 Brook le fredonneur est le musicien ainsi que le second \u00e9p\u00e9iste (apr\u00e8s Zoro) de L&#039;\u00c9quipage du Chapeau de Paille. C&#039;est un squelette vivant qu&#039;ils ont rencontr\u00e9\" \/>\n<meta property=\"og:url\" content=\"https:\/\/boutique-one-piece.com\/pl\/smakolyki-z-one-piece\/smakolyki-brook-one-piece\/jednoczesciowa-figurka-brooka-i-jego-gitary-z-filmu-martwy-lub-zywy\/\" \/>\n<meta property=\"og:site_name\" content=\"Boutique One Piece\" \/>\n<meta property=\"article:modified_time\" content=\"2026-04-21T08:22:29+00:00\" \/>\n<meta property=\"og:image\" content=\"https:\/\/boutique-one-piece.com\/wp-content\/uploads\/2022\/09\/figurine-one-piece-dead-or-alive-brook-et-sa-guitare-15022031175716_20aa4772-bed8-4ec1-82cc-7f0e80e6e0c6.jpg\" \/>\n\t<meta property=\"og:image:width\" content=\"640\" \/>\n\t<meta property=\"og:image:height\" content=\"640\" \/>\n\t<meta property=\"og:image:type\" content=\"image\/jpeg\" \/>\n<meta name=\"twitter:card\" content=\"summary_large_image\" \/>\n<meta name=\"twitter:label1\" content=\"Szacowany czas czytania\" \/>\n\t<meta name=\"twitter:data1\" content=\"2 minuty\" \/>\n<script type=\"application\/ld+json\" class=\"yoast-schema-graph\">{\"@context\":\"https:\\\/\\\/schema.org\",\"@graph\":[{\"@type\":\"WebPage\",\"@id\":\"https:\\\/\\\/boutique-one-piece.com\\\/goodies-one-piece\\\/goodies-brook-one-piece\\\/figurine-one-piece-dead-or-alive-brook-et-sa-guitare\\\/\",\"url\":\"https:\\\/\\\/boutique-one-piece.com\\\/goodies-one-piece\\\/goodies-brook-one-piece\\\/figurine-one-piece-dead-or-alive-brook-et-sa-guitare\\\/\",\"name\":\"Figurine One Piece Dead or Alive Brook Et Sa Guitare | Figurine One Piece \u2013 Boutique One Piece\",\"isPartOf\":{\"@id\":\"https:\\\/\\\/boutique-one-piece.com\\\/#website\"},\"primaryImageOfPage\":{\"@id\":\"https:\\\/\\\/boutique-one-piece.com\\\/goodies-one-piece\\\/goodies-brook-one-piece\\\/figurine-one-piece-dead-or-alive-brook-et-sa-guitare\\\/#primaryimage\"},\"image\":{\"@id\":\"https:\\\/\\\/boutique-one-piece.com\\\/goodies-one-piece\\\/goodies-brook-one-piece\\\/figurine-one-piece-dead-or-alive-brook-et-sa-guitare\\\/#primaryimage\"},\"thumbnailUrl\":\"https:\\\/\\\/boutique-one-piece.com\\\/wp-content\\\/uploads\\\/2022\\\/09\\\/figurine-one-piece-dead-or-alive-brook-et-sa-guitare-15022031175716_20aa4772-bed8-4ec1-82cc-7f0e80e6e0c6.jpg\",\"datePublished\":\"2022-09-27T18:54:00+00:00\",\"dateModified\":\"2026-04-21T08:22:29+00:00\",\"description\":\"Jeune pirate, le moment est venu pour toi de te procurer cette Figurine One Piece Dead or Alive Brook Et Sa Guitare. Tu n'es pas sans savoir que Brook, surnomm\u00e9 Brook le fredonneur est le musicien ainsi que le second \u00e9p\u00e9iste (apr\u00e8s Zoro) de L'\u00c9quipage du Chapeau de Paille. C'est un squelette vivant qu'ils ont rencontr\u00e9\",\"breadcrumb\":{\"@id\":\"https:\\\/\\\/boutique-one-piece.com\\\/goodies-one-piece\\\/goodies-brook-one-piece\\\/figurine-one-piece-dead-or-alive-brook-et-sa-guitare\\\/#breadcrumb\"},\"inLanguage\":\"pl-PL\",\"potentialAction\":[{\"@type\":\"ReadAction\",\"target\":[\"https:\\\/\\\/boutique-one-piece.com\\\/goodies-one-piece\\\/goodies-brook-one-piece\\\/figurine-one-piece-dead-or-alive-brook-et-sa-guitare\\\/\"]}]},{\"@type\":\"ImageObject\",\"inLanguage\":\"pl-PL\",\"@id\":\"https:\\\/\\\/boutique-one-piece.com\\\/goodies-one-piece\\\/goodies-brook-one-piece\\\/figurine-one-piece-dead-or-alive-brook-et-sa-guitare\\\/#primaryimage\",\"url\":\"https:\\\/\\\/boutique-one-piece.com\\\/wp-content\\\/uploads\\\/2022\\\/09\\\/figurine-one-piece-dead-or-alive-brook-et-sa-guitare-15022031175716_20aa4772-bed8-4ec1-82cc-7f0e80e6e0c6.jpg\",\"contentUrl\":\"https:\\\/\\\/boutique-one-piece.com\\\/wp-content\\\/uploads\\\/2022\\\/09\\\/figurine-one-piece-dead-or-alive-brook-et-sa-guitare-15022031175716_20aa4772-bed8-4ec1-82cc-7f0e80e6e0c6.jpg\",\"width\":640,\"height\":640},{\"@type\":\"BreadcrumbList\",\"@id\":\"https:\\\/\\\/boutique-one-piece.com\\\/goodies-one-piece\\\/goodies-brook-one-piece\\\/figurine-one-piece-dead-or-alive-brook-et-sa-guitare\\\/#breadcrumb\",\"itemListElement\":[{\"@type\":\"ListItem\",\"position\":1,\"name\":\"Home\",\"item\":\"https:\\\/\\\/boutique-one-piece.com\\\/\"},{\"@type\":\"ListItem\",\"position\":2,\"name\":\"Shop\",\"item\":\"https:\\\/\\\/boutique-one-piece.com\\\/shop\\\/\"},{\"@type\":\"ListItem\",\"position\":3,\"name\":\"Figurine One Piece Dead or Alive Brook Et Sa Guitare\"}]},{\"@type\":\"WebSite\",\"@id\":\"https:\\\/\\\/boutique-one-piece.com\\\/#website\",\"url\":\"https:\\\/\\\/boutique-one-piece.com\\\/\",\"name\":\"Boutique One Piece\",\"description\":\"Magasin Sp\u00e9cialis\u00e9 du Manga et l&#039;Anime One Piece\",\"publisher\":{\"@id\":\"https:\\\/\\\/boutique-one-piece.com\\\/#organization\"},\"potentialAction\":[{\"@type\":\"SearchAction\",\"target\":{\"@type\":\"EntryPoint\",\"urlTemplate\":\"https:\\\/\\\/boutique-one-piece.com\\\/?s={search_term_string}\"},\"query-input\":{\"@type\":\"PropertyValueSpecification\",\"valueRequired\":true,\"valueName\":\"search_term_string\"}}],\"inLanguage\":\"pl-PL\"},{\"@type\":\"Organization\",\"@id\":\"https:\\\/\\\/boutique-one-piece.com\\\/#organization\",\"name\":\"Boutique One Piece\",\"url\":\"https:\\\/\\\/boutique-one-piece.com\\\/\",\"logo\":{\"@type\":\"ImageObject\",\"inLanguage\":\"pl-PL\",\"@id\":\"https:\\\/\\\/boutique-one-piece.com\\\/#\\\/schema\\\/logo\\\/image\\\/\",\"url\":\"https:\\\/\\\/boutique-one-piece.com\\\/wp-content\\\/uploads\\\/2022\\\/09\\\/Logo-01.png\",\"contentUrl\":\"https:\\\/\\\/boutique-one-piece.com\\\/wp-content\\\/uploads\\\/2022\\\/09\\\/Logo-01.png\",\"width\":2318,\"height\":957,\"caption\":\"Boutique One Piece\"},\"image\":{\"@id\":\"https:\\\/\\\/boutique-one-piece.com\\\/#\\\/schema\\\/logo\\\/image\\\/\"}}]}<\/script>\n<!-- \/ Yoast SEO plugin. -->","yoast_head_json":{"title":"One Piece: Martwy lub Alive Brook i jego gitara | Figurka One Piece \u2013 Sklep One Piece","description":"M\u0142ody piracie, nadszed\u0142 czas, aby\u015b zdoby\u0142 figurk\u0119 Brooka i jego gitary z filmu One Piece Dead or Alive. Na pewno wiesz, \u017ce Brook, zwany Humming Brook, jest muzykiem i drugim szermierzem (po Zoro) w za\u0142odze S\u0142omkowego Kapelusza. To \u017cywy szkielet, kt\u00f3rego napotkali.","robots":{"index":"index","follow":"follow","max-snippet":"max-snippet:-1","max-image-preview":"max-image-preview:large","max-video-preview":"max-video-preview:-1"},"canonical":"https:\/\/boutique-one-piece.com\/pl\/smakolyki-z-one-piece\/smakolyki-brook-one-piece\/jednoczesciowa-figurka-brooka-i-jego-gitary-z-filmu-martwy-lub-zywy\/","og_locale":"pl_PL","og_type":"article","og_title":"Figurine One Piece Dead or Alive Brook Et Sa Guitare | Figurine One Piece \u2013 Boutique One Piece","og_description":"Jeune pirate, le moment est venu pour toi de te procurer cette Figurine One Piece Dead or Alive Brook Et Sa Guitare. Tu n'es pas sans savoir que Brook, surnomm\u00e9 Brook le fredonneur est le musicien ainsi que le second \u00e9p\u00e9iste (apr\u00e8s Zoro) de L'\u00c9quipage du Chapeau de Paille. C'est un squelette vivant qu'ils ont rencontr\u00e9","og_url":"https:\/\/boutique-one-piece.com\/pl\/smakolyki-z-one-piece\/smakolyki-brook-one-piece\/jednoczesciowa-figurka-brooka-i-jego-gitary-z-filmu-martwy-lub-zywy\/","og_site_name":"Boutique One Piece","article_modified_time":"2026-04-21T08:22:29+00:00","og_image":[{"width":640,"height":640,"url":"https:\/\/boutique-one-piece.com\/wp-content\/uploads\/2022\/09\/figurine-one-piece-dead-or-alive-brook-et-sa-guitare-15022031175716_20aa4772-bed8-4ec1-82cc-7f0e80e6e0c6.jpg","type":"image\/jpeg"}],"twitter_card":"summary_large_image","twitter_misc":{"Szacowany czas czytania":"2 minuty"},"schema":{"@context":"https:\/\/schema.org","@graph":[{"@type":"WebPage","@id":"https:\/\/boutique-one-piece.com\/goodies-one-piece\/goodies-brook-one-piece\/figurine-one-piece-dead-or-alive-brook-et-sa-guitare\/","url":"https:\/\/boutique-one-piece.com\/goodies-one-piece\/goodies-brook-one-piece\/figurine-one-piece-dead-or-alive-brook-et-sa-guitare\/","name":"One Piece: Martwy lub Alive Brook i jego gitara | Figurka One Piece \u2013 Sklep One Piece","isPartOf":{"@id":"https:\/\/boutique-one-piece.com\/#website"},"primaryImageOfPage":{"@id":"https:\/\/boutique-one-piece.com\/goodies-one-piece\/goodies-brook-one-piece\/figurine-one-piece-dead-or-alive-brook-et-sa-guitare\/#primaryimage"},"image":{"@id":"https:\/\/boutique-one-piece.com\/goodies-one-piece\/goodies-brook-one-piece\/figurine-one-piece-dead-or-alive-brook-et-sa-guitare\/#primaryimage"},"thumbnailUrl":"https:\/\/boutique-one-piece.com\/wp-content\/uploads\/2022\/09\/figurine-one-piece-dead-or-alive-brook-et-sa-guitare-15022031175716_20aa4772-bed8-4ec1-82cc-7f0e80e6e0c6.jpg","datePublished":"2022-09-27T18:54:00+00:00","dateModified":"2026-04-21T08:22:29+00:00","description":"M\u0142ody piracie, nadszed\u0142 czas, aby\u015b zdoby\u0142 figurk\u0119 Brooka i jego gitary z filmu One Piece Dead or Alive. Na pewno wiesz, \u017ce Brook, zwany Humming Brook, jest muzykiem i drugim szermierzem (po Zoro) w za\u0142odze S\u0142omkowego Kapelusza. To \u017cywy szkielet, kt\u00f3rego napotkali.","breadcrumb":{"@id":"https:\/\/boutique-one-piece.com\/goodies-one-piece\/goodies-brook-one-piece\/figurine-one-piece-dead-or-alive-brook-et-sa-guitare\/#breadcrumb"},"inLanguage":"pl-PL","potentialAction":[{"@type":"ReadAction","target":["https:\/\/boutique-one-piece.com\/goodies-one-piece\/goodies-brook-one-piece\/figurine-one-piece-dead-or-alive-brook-et-sa-guitare\/"]}]},{"@type":"ImageObject","inLanguage":"pl-PL","@id":"https:\/\/boutique-one-piece.com\/goodies-one-piece\/goodies-brook-one-piece\/figurine-one-piece-dead-or-alive-brook-et-sa-guitare\/#primaryimage","url":"https:\/\/boutique-one-piece.com\/wp-content\/uploads\/2022\/09\/figurine-one-piece-dead-or-alive-brook-et-sa-guitare-15022031175716_20aa4772-bed8-4ec1-82cc-7f0e80e6e0c6.jpg","contentUrl":"https:\/\/boutique-one-piece.com\/wp-content\/uploads\/2022\/09\/figurine-one-piece-dead-or-alive-brook-et-sa-guitare-15022031175716_20aa4772-bed8-4ec1-82cc-7f0e80e6e0c6.jpg","width":640,"height":640},{"@type":"BreadcrumbList","@id":"https:\/\/boutique-one-piece.com\/goodies-one-piece\/goodies-brook-one-piece\/figurine-one-piece-dead-or-alive-brook-et-sa-guitare\/#breadcrumb","itemListElement":[{"@type":"ListItem","position":1,"name":"Home","item":"https:\/\/boutique-one-piece.com\/"},{"@type":"ListItem","position":2,"name":"Shop","item":"https:\/\/boutique-one-piece.com\/shop\/"},{"@type":"ListItem","position":3,"name":"Figurine One Piece Dead or Alive Brook Et Sa Guitare"}]},{"@type":"WebSite","@id":"https:\/\/boutique-one-piece.com\/#website","url":"https:\/\/boutique-one-piece.com\/","name":"One Piece Shop","description":"Sklep specjalistyczny z mang\u0105 i anime One Piece","publisher":{"@id":"https:\/\/boutique-one-piece.com\/#organization"},"potentialAction":[{"@type":"SearchAction","target":{"@type":"EntryPoint","urlTemplate":"https:\/\/boutique-one-piece.com\/?s={search_term_string}"},"query-input":{"@type":"PropertyValueSpecification","valueRequired":true,"valueName":"search_term_string"}}],"inLanguage":"pl-PL"},{"@type":"Organization","@id":"https:\/\/boutique-one-piece.com\/#organization","name":"One Piece Shop","url":"https:\/\/boutique-one-piece.com\/","logo":{"@type":"ImageObject","inLanguage":"pl-PL","@id":"https:\/\/boutique-one-piece.com\/#\/schema\/logo\/image\/","url":"https:\/\/boutique-one-piece.com\/wp-content\/uploads\/2022\/09\/Logo-01.png","contentUrl":"https:\/\/boutique-one-piece.com\/wp-content\/uploads\/2022\/09\/Logo-01.png","width":2318,"height":957,"caption":"Boutique One Piece"},"image":{"@id":"https:\/\/boutique-one-piece.com\/#\/schema\/logo\/image\/"}}]}},"_links":{"self":[{"href":"https:\/\/boutique-one-piece.com\/pl\/wp-json\/wp\/v2\/product\/8312","targetHints":{"allow":["GET"]}}],"collection":[{"href":"https:\/\/boutique-one-piece.com\/pl\/wp-json\/wp\/v2\/product"}],"about":[{"href":"https:\/\/boutique-one-piece.com\/pl\/wp-json\/wp\/v2\/types\/product"}],"replies":[{"embeddable":true,"href":"https:\/\/boutique-one-piece.com\/pl\/wp-json\/wp\/v2\/comments?post=8312"}],"wp:featuredmedia":[{"embeddable":true,"href":"https:\/\/boutique-one-piece.com\/pl\/wp-json\/wp\/v2\/media\/18453"}],"wp:attachment":[{"href":"https:\/\/boutique-one-piece.com\/pl\/wp-json\/wp\/v2\/media?parent=8312"}],"wp:term":[{"taxonomy":"product_brand","embeddable":true,"href":"https:\/\/boutique-one-piece.com\/pl\/wp-json\/wp\/v2\/product_brand?post=8312"},{"taxonomy":"product_cat","embeddable":true,"href":"https:\/\/boutique-one-piece.com\/pl\/wp-json\/wp\/v2\/product_cat?post=8312"},{"taxonomy":"product_tag","embeddable":true,"href":"https:\/\/boutique-one-piece.com\/pl\/wp-json\/wp\/v2\/product_tag?post=8312"}],"curies":[{"name":"wp","href":"https:\/\/api.w.org\/{rel}","templated":true}]}}