{"id":8318,"date":"2022-09-27T18:54:00","date_gmt":"2022-09-27T18:54:00","guid":{"rendered":"https:\/\/boutique-one-piece.com\/uncategorized\/figurine-one-piece-zoro-roronoa-technique-a-3-sabres\/"},"modified":"2024-09-16T11:16:13","modified_gmt":"2024-09-16T11:16:13","slug":"jednoczesciowa-figurka-zoro-roronoa-technika-z-3-szablami","status":"publish","type":"product","link":"https:\/\/boutique-one-piece.com\/pl\/smakolyki-z-one-piece\/roronoa-zoro-jednoczesciowe-gadzety\/jednoczesciowa-figurka-zoro-roronoa-technika-z-3-szablami\/","title":{"rendered":"One Piece Zoro Roronoa Figurka w stylu trzech mieczy"},"content":{"rendered":"<h2>M\u0142ody piracie, nadszed\u0142 czas, aby\u015b zdoby\u0142 figurk\u0119 One Piece Zoro Roronoa z 3-Sword Technique.<\/h2>\n<p>Oto, co musisz o nim wiedzie\u0107: ; <strong>Roronoa Zoro<\/strong> By\u0142 pierwszym cz\u0142onkiem za\u0142ogi S\u0142omkowego Kapelusza. Jest r\u00f3wnie\u017c jej pierwszym i g\u0142\u00f3wnym szermierzem. Jego ambicj\u0105 jest zosta\u0107 <strong>najlepszy szermierz<\/strong> \u015bwiatu i wykaza\u0142 si\u0119 \u017celazn\u0105 wol\u0105, aby to osi\u0105gn\u0105\u0107.<\/p>\n<p>To mistrz szermierki, kt\u00f3ry pos\u0142uguje si\u0119 kilkoma stylami walki, z kt\u00f3rych najbardziej charakterystycznym jest liczba mieczy, kt\u00f3rymi w\u0142ada. Jego umiej\u0119tno\u015bci bojowe s\u0105 tak du\u017ce, \u017ce czasami sprawia wra\u017cenie, \u017ce osoby spoza za\u0142ogi s\u0105 prawdziwymi kapitanami. W\u0142a\u015bciwie, je\u015bli szczeg\u00f3lnie lubisz t\u0119 posta\u0107, <a title=\"JEDNCZ\u0118\u015aCIOWA FIGURKA UZBROJONA ZORO HAKI\" href=\"https:\/\/boutique-one-piece.com\/pl\/one-piece-%20zoro-haki-de-larmement\/\" target=\"_blank\" rel=\"noopener\">Figurka Zoro Haki z uzbrojeniem<\/a> jest w Twoim zasi\u0119gu.<\/p>\n<h3>Czy urzek\u0142a Ci\u0119 ta figurka s\u0142ynnego szermierza? Je\u015bli tak, nie wahaj si\u0119 d\u0142u\u017cej i walcz u jego boku. Czeka Ci\u0119 wiele przyg\u00f3d.<\/h3>\n<p><strong>Jeden kawa\u0142ek<\/strong> to najlepiej sprzedaj\u0105ca si\u0119 manga na \u015bwiecie. B\u0105d\u017a dumny, \u017ce jeste\u015b cz\u0119\u015bci\u0105 tej przygody i nadal wyra\u017caj swoj\u0105 pasj\u0119 do tego uniwersum. Te przedmioty idealnie nadaj\u0105 si\u0119 na prezent, do kolekcjonowania lub jako dekoracja. Nie czekaj d\u0142u\u017cej!<strong> m\u0142ody pirat<\/strong>, We\u017a sw\u00f3j los we w\u0142asne r\u0119ce i wejd\u017a na pok\u0142ad Thousand Sunny.<\/p>\n<h2>Informacje o figurce Zoro Roronoa w stylu trzech mieczy\u00a0<\/h2>\n<ul>\n<li><span><b><u>Figurka One Piece<\/u><\/b>\u00a0Figurka Premium One Piece dla prawdziwych pirat\u00f3w<\/span><\/li>\n<\/ul>\n<ul>\n<li>\n<b>Materia\u0142<\/b><span>\u00a0<\/span>PCV<\/li>\n<\/ul>\n<ul>\n<li><span><strong>Wymiar<\/strong>\u00a0: 20 cm<\/span><\/li>\n<\/ul>\n<ul>\n<li><span><strong>DARMOWA DOSTAWA<\/strong><\/span><\/li>\n<\/ul>","protected":false},"excerpt":{"rendered":"<p>Jeune pirate, le moment est venu pour toi d&rsquo;acqu\u00e9rir cette Figurine One Piece Zoro Roronoa Technique \u00e0 3 Sabres. Voici ce que tu dois savoir \u00e0 son sujet ; Roronoa Zoro fut le premier membre \u00e0 rejoindre l&rsquo;\u00c9quipage du Chapeau de Paille. Il en est d&rsquo;ailleurs le premier et principal \u00e9p\u00e9iste. Son ambition est de [&hellip;]<\/p>","protected":false},"featured_media":8320,"comment_status":"open","ping_status":"open","template":"","meta":[],"product_brand":[],"product_cat":[76,162,151],"product_tag":[113],"class_list":{"0":"post-8318","1":"product","2":"type-product","3":"status-publish","4":"has-post-thumbnail","6":"product_cat-figurines-one-piece","7":"product_cat-figurines-roronoa-zoro","8":"product_cat-goodies-roronoa-zoro-one-piece","9":"product_tag-zoro","11":"first","12":"instock","13":"purchasable","14":"product-type-simple"},"yoast_head":"<!-- This site is optimized with the Yoast SEO plugin v27.5 - https:\/\/yoast.com\/product\/yoast-seo-wordpress\/ -->\n<title>Figurine One Piece Zoro Roronoa Technique \u00e0 3 Sabres | Figurine One Piece \u2013 Boutique One Piece<\/title>\n<meta name=\"description\" content=\"Jeune pirate, le moment est venu pour toi d&#039;acqu\u00e9rir cette Figurine One Piece Zoro Roronoa Technique \u00e0 3 Sabres. Voici ce que tu dois savoir \u00e0 son sujet ; Roronoa Zoro fut le premier membre \u00e0 rejoindre l&#039;\u00c9quipage du Chapeau de Paille. Il en est d&#039;ailleurs le premier et principal \u00e9p\u00e9iste. Son ambition est de devenir le\" \/>\n<meta name=\"robots\" content=\"index, follow, max-snippet:-1, max-image-preview:large, max-video-preview:-1\" \/>\n<link rel=\"canonical\" href=\"https:\/\/boutique-one-piece.com\/pl\/figurki-one-piece\/figurki-roronoa-zoro\/jednoczesciowa-figurka-zoro-roronoa-technika-z-3-szablami\/\" \/>\n<meta property=\"og:locale\" content=\"pl_PL\" \/>\n<meta property=\"og:type\" content=\"article\" \/>\n<meta property=\"og:title\" content=\"Figurine One Piece Zoro Roronoa Technique \u00e0 3 Sabres | Figurine One Piece \u2013 Boutique One Piece\" \/>\n<meta property=\"og:description\" content=\"Jeune pirate, le moment est venu pour toi d&#039;acqu\u00e9rir cette Figurine One Piece Zoro Roronoa Technique \u00e0 3 Sabres. Voici ce que tu dois savoir \u00e0 son sujet ; Roronoa Zoro fut le premier membre \u00e0 rejoindre l&#039;\u00c9quipage du Chapeau de Paille. Il en est d&#039;ailleurs le premier et principal \u00e9p\u00e9iste. Son ambition est de devenir le\" \/>\n<meta property=\"og:url\" content=\"https:\/\/boutique-one-piece.com\/pl\/figurki-one-piece\/figurki-roronoa-zoro\/jednoczesciowa-figurka-zoro-roronoa-technika-z-3-szablami\/\" \/>\n<meta property=\"og:site_name\" content=\"Boutique One Piece\" \/>\n<meta property=\"article:modified_time\" content=\"2024-09-16T11:16:13+00:00\" \/>\n<meta property=\"og:image\" content=\"https:\/\/boutique-one-piece.com\/wp-content\/uploads\/2022\/09\/Figurine-One-Piece-Zoro-Roronoa-Technique-a-3-Sabres-1.jpg\" \/>\n\t<meta property=\"og:image:width\" content=\"960\" \/>\n\t<meta property=\"og:image:height\" content=\"960\" \/>\n\t<meta property=\"og:image:type\" content=\"image\/jpeg\" \/>\n<meta name=\"twitter:card\" content=\"summary_large_image\" \/>\n<meta name=\"twitter:label1\" content=\"Szacowany czas czytania\" \/>\n\t<meta name=\"twitter:data1\" content=\"1 minuta\" \/>\n<script type=\"application\/ld+json\" class=\"yoast-schema-graph\">{\"@context\":\"https:\\\/\\\/schema.org\",\"@graph\":[{\"@type\":\"WebPage\",\"@id\":\"https:\\\/\\\/boutique-one-piece.com\\\/figurines-one-piece\\\/figurines-roronoa-zoro\\\/figurine-one-piece-zoro-roronoa-technique-a-3-sabres\\\/\",\"url\":\"https:\\\/\\\/boutique-one-piece.com\\\/figurines-one-piece\\\/figurines-roronoa-zoro\\\/figurine-one-piece-zoro-roronoa-technique-a-3-sabres\\\/\",\"name\":\"Figurine One Piece Zoro Roronoa Technique \u00e0 3 Sabres | Figurine One Piece \u2013 Boutique One Piece\",\"isPartOf\":{\"@id\":\"https:\\\/\\\/boutique-one-piece.com\\\/#website\"},\"primaryImageOfPage\":{\"@id\":\"https:\\\/\\\/boutique-one-piece.com\\\/figurines-one-piece\\\/figurines-roronoa-zoro\\\/figurine-one-piece-zoro-roronoa-technique-a-3-sabres\\\/#primaryimage\"},\"image\":{\"@id\":\"https:\\\/\\\/boutique-one-piece.com\\\/figurines-one-piece\\\/figurines-roronoa-zoro\\\/figurine-one-piece-zoro-roronoa-technique-a-3-sabres\\\/#primaryimage\"},\"thumbnailUrl\":\"https:\\\/\\\/boutique-one-piece.com\\\/wp-content\\\/uploads\\\/2022\\\/09\\\/Figurine-One-Piece-Zoro-Roronoa-Technique-a-3-Sabres-1.jpg\",\"datePublished\":\"2022-09-27T18:54:00+00:00\",\"dateModified\":\"2024-09-16T11:16:13+00:00\",\"description\":\"Jeune pirate, le moment est venu pour toi d'acqu\u00e9rir cette Figurine One Piece Zoro Roronoa Technique \u00e0 3 Sabres. Voici ce que tu dois savoir \u00e0 son sujet ; Roronoa Zoro fut le premier membre \u00e0 rejoindre l'\u00c9quipage du Chapeau de Paille. Il en est d'ailleurs le premier et principal \u00e9p\u00e9iste. Son ambition est de devenir le\",\"breadcrumb\":{\"@id\":\"https:\\\/\\\/boutique-one-piece.com\\\/figurines-one-piece\\\/figurines-roronoa-zoro\\\/figurine-one-piece-zoro-roronoa-technique-a-3-sabres\\\/#breadcrumb\"},\"inLanguage\":\"pl-PL\",\"potentialAction\":[{\"@type\":\"ReadAction\",\"target\":[\"https:\\\/\\\/boutique-one-piece.com\\\/figurines-one-piece\\\/figurines-roronoa-zoro\\\/figurine-one-piece-zoro-roronoa-technique-a-3-sabres\\\/\"]}]},{\"@type\":\"ImageObject\",\"inLanguage\":\"pl-PL\",\"@id\":\"https:\\\/\\\/boutique-one-piece.com\\\/figurines-one-piece\\\/figurines-roronoa-zoro\\\/figurine-one-piece-zoro-roronoa-technique-a-3-sabres\\\/#primaryimage\",\"url\":\"https:\\\/\\\/boutique-one-piece.com\\\/wp-content\\\/uploads\\\/2022\\\/09\\\/Figurine-One-Piece-Zoro-Roronoa-Technique-a-3-Sabres-1.jpg\",\"contentUrl\":\"https:\\\/\\\/boutique-one-piece.com\\\/wp-content\\\/uploads\\\/2022\\\/09\\\/Figurine-One-Piece-Zoro-Roronoa-Technique-a-3-Sabres-1.jpg\",\"width\":960,\"height\":960},{\"@type\":\"BreadcrumbList\",\"@id\":\"https:\\\/\\\/boutique-one-piece.com\\\/figurines-one-piece\\\/figurines-roronoa-zoro\\\/figurine-one-piece-zoro-roronoa-technique-a-3-sabres\\\/#breadcrumb\",\"itemListElement\":[{\"@type\":\"ListItem\",\"position\":1,\"name\":\"Home\",\"item\":\"https:\\\/\\\/boutique-one-piece.com\\\/\"},{\"@type\":\"ListItem\",\"position\":2,\"name\":\"Shop\",\"item\":\"https:\\\/\\\/boutique-one-piece.com\\\/shop\\\/\"},{\"@type\":\"ListItem\",\"position\":3,\"name\":\"Figurine One Piece Zoro Roronoa Technique \u00e0 3 Sabres\"}]},{\"@type\":\"WebSite\",\"@id\":\"https:\\\/\\\/boutique-one-piece.com\\\/#website\",\"url\":\"https:\\\/\\\/boutique-one-piece.com\\\/\",\"name\":\"Boutique One Piece\",\"description\":\"Magasin Sp\u00e9cialis\u00e9 du Manga et l&#039;Anime One Piece\",\"publisher\":{\"@id\":\"https:\\\/\\\/boutique-one-piece.com\\\/#organization\"},\"potentialAction\":[{\"@type\":\"SearchAction\",\"target\":{\"@type\":\"EntryPoint\",\"urlTemplate\":\"https:\\\/\\\/boutique-one-piece.com\\\/?s={search_term_string}\"},\"query-input\":{\"@type\":\"PropertyValueSpecification\",\"valueRequired\":true,\"valueName\":\"search_term_string\"}}],\"inLanguage\":\"pl-PL\"},{\"@type\":\"Organization\",\"@id\":\"https:\\\/\\\/boutique-one-piece.com\\\/#organization\",\"name\":\"Boutique One Piece\",\"url\":\"https:\\\/\\\/boutique-one-piece.com\\\/\",\"logo\":{\"@type\":\"ImageObject\",\"inLanguage\":\"pl-PL\",\"@id\":\"https:\\\/\\\/boutique-one-piece.com\\\/#\\\/schema\\\/logo\\\/image\\\/\",\"url\":\"https:\\\/\\\/boutique-one-piece.com\\\/wp-content\\\/uploads\\\/2022\\\/09\\\/Logo-01.png\",\"contentUrl\":\"https:\\\/\\\/boutique-one-piece.com\\\/wp-content\\\/uploads\\\/2022\\\/09\\\/Logo-01.png\",\"width\":2318,\"height\":957,\"caption\":\"Boutique One Piece\"},\"image\":{\"@id\":\"https:\\\/\\\/boutique-one-piece.com\\\/#\\\/schema\\\/logo\\\/image\\\/\"}}]}<\/script>\n<!-- \/ Yoast SEO plugin. -->","yoast_head_json":{"title":"Figurka Zoro Roronoa z 3 mieczami z One Piece | Figurka One Piece \u2013 Sklep One Piece","description":"M\u0142ody piracie, nadszed\u0142 czas, aby\u015b zdoby\u0142 figurk\u0119 Zoro Roronoa z trzema mieczami One Piece. Oto, co musisz o nim wiedzie\u0107: Roronoa Zoro by\u0142 pierwszym cz\u0142onkiem za\u0142ogi S\u0142omkowego Kapelusza. Jest r\u00f3wnie\u017c jej pierwszym i g\u0142\u00f3wnym szermierzem. Jego ambicj\u0105 jest zosta\u0107\u2026","robots":{"index":"index","follow":"follow","max-snippet":"max-snippet:-1","max-image-preview":"max-image-preview:large","max-video-preview":"max-video-preview:-1"},"canonical":"https:\/\/boutique-one-piece.com\/pl\/figurki-one-piece\/figurki-roronoa-zoro\/jednoczesciowa-figurka-zoro-roronoa-technika-z-3-szablami\/","og_locale":"pl_PL","og_type":"article","og_title":"Figurine One Piece Zoro Roronoa Technique \u00e0 3 Sabres | Figurine One Piece \u2013 Boutique One Piece","og_description":"Jeune pirate, le moment est venu pour toi d'acqu\u00e9rir cette Figurine One Piece Zoro Roronoa Technique \u00e0 3 Sabres. Voici ce que tu dois savoir \u00e0 son sujet ; Roronoa Zoro fut le premier membre \u00e0 rejoindre l'\u00c9quipage du Chapeau de Paille. Il en est d'ailleurs le premier et principal \u00e9p\u00e9iste. Son ambition est de devenir le","og_url":"https:\/\/boutique-one-piece.com\/pl\/figurki-one-piece\/figurki-roronoa-zoro\/jednoczesciowa-figurka-zoro-roronoa-technika-z-3-szablami\/","og_site_name":"Boutique One Piece","article_modified_time":"2024-09-16T11:16:13+00:00","og_image":[{"width":960,"height":960,"url":"https:\/\/boutique-one-piece.com\/wp-content\/uploads\/2022\/09\/Figurine-One-Piece-Zoro-Roronoa-Technique-a-3-Sabres-1.jpg","type":"image\/jpeg"}],"twitter_card":"summary_large_image","twitter_misc":{"Szacowany czas czytania":"1 minuta"},"schema":{"@context":"https:\/\/schema.org","@graph":[{"@type":"WebPage","@id":"https:\/\/boutique-one-piece.com\/figurines-one-piece\/figurines-roronoa-zoro\/figurine-one-piece-zoro-roronoa-technique-a-3-sabres\/","url":"https:\/\/boutique-one-piece.com\/figurines-one-piece\/figurines-roronoa-zoro\/figurine-one-piece-zoro-roronoa-technique-a-3-sabres\/","name":"Figurka Zoro Roronoa z 3 mieczami z One Piece | Figurka One Piece \u2013 Sklep One Piece","isPartOf":{"@id":"https:\/\/boutique-one-piece.com\/#website"},"primaryImageOfPage":{"@id":"https:\/\/boutique-one-piece.com\/figurines-one-piece\/figurines-roronoa-zoro\/figurine-one-piece-zoro-roronoa-technique-a-3-sabres\/#primaryimage"},"image":{"@id":"https:\/\/boutique-one-piece.com\/figurines-one-piece\/figurines-roronoa-zoro\/figurine-one-piece-zoro-roronoa-technique-a-3-sabres\/#primaryimage"},"thumbnailUrl":"https:\/\/boutique-one-piece.com\/wp-content\/uploads\/2022\/09\/Figurine-One-Piece-Zoro-Roronoa-Technique-a-3-Sabres-1.jpg","datePublished":"2022-09-27T18:54:00+00:00","dateModified":"2024-09-16T11:16:13+00:00","description":"M\u0142ody piracie, nadszed\u0142 czas, aby\u015b zdoby\u0142 figurk\u0119 Zoro Roronoa z trzema mieczami One Piece. Oto, co musisz o nim wiedzie\u0107: Roronoa Zoro by\u0142 pierwszym cz\u0142onkiem za\u0142ogi S\u0142omkowego Kapelusza. Jest r\u00f3wnie\u017c jej pierwszym i g\u0142\u00f3wnym szermierzem. Jego ambicj\u0105 jest zosta\u0107\u2026","breadcrumb":{"@id":"https:\/\/boutique-one-piece.com\/figurines-one-piece\/figurines-roronoa-zoro\/figurine-one-piece-zoro-roronoa-technique-a-3-sabres\/#breadcrumb"},"inLanguage":"pl-PL","potentialAction":[{"@type":"ReadAction","target":["https:\/\/boutique-one-piece.com\/figurines-one-piece\/figurines-roronoa-zoro\/figurine-one-piece-zoro-roronoa-technique-a-3-sabres\/"]}]},{"@type":"ImageObject","inLanguage":"pl-PL","@id":"https:\/\/boutique-one-piece.com\/figurines-one-piece\/figurines-roronoa-zoro\/figurine-one-piece-zoro-roronoa-technique-a-3-sabres\/#primaryimage","url":"https:\/\/boutique-one-piece.com\/wp-content\/uploads\/2022\/09\/Figurine-One-Piece-Zoro-Roronoa-Technique-a-3-Sabres-1.jpg","contentUrl":"https:\/\/boutique-one-piece.com\/wp-content\/uploads\/2022\/09\/Figurine-One-Piece-Zoro-Roronoa-Technique-a-3-Sabres-1.jpg","width":960,"height":960},{"@type":"BreadcrumbList","@id":"https:\/\/boutique-one-piece.com\/figurines-one-piece\/figurines-roronoa-zoro\/figurine-one-piece-zoro-roronoa-technique-a-3-sabres\/#breadcrumb","itemListElement":[{"@type":"ListItem","position":1,"name":"Home","item":"https:\/\/boutique-one-piece.com\/"},{"@type":"ListItem","position":2,"name":"Shop","item":"https:\/\/boutique-one-piece.com\/shop\/"},{"@type":"ListItem","position":3,"name":"Figurine One Piece Zoro Roronoa Technique \u00e0 3 Sabres"}]},{"@type":"WebSite","@id":"https:\/\/boutique-one-piece.com\/#website","url":"https:\/\/boutique-one-piece.com\/","name":"One Piece Shop","description":"Sklep specjalistyczny z mang\u0105 i anime One Piece","publisher":{"@id":"https:\/\/boutique-one-piece.com\/#organization"},"potentialAction":[{"@type":"SearchAction","target":{"@type":"EntryPoint","urlTemplate":"https:\/\/boutique-one-piece.com\/?s={search_term_string}"},"query-input":{"@type":"PropertyValueSpecification","valueRequired":true,"valueName":"search_term_string"}}],"inLanguage":"pl-PL"},{"@type":"Organization","@id":"https:\/\/boutique-one-piece.com\/#organization","name":"One Piece Shop","url":"https:\/\/boutique-one-piece.com\/","logo":{"@type":"ImageObject","inLanguage":"pl-PL","@id":"https:\/\/boutique-one-piece.com\/#\/schema\/logo\/image\/","url":"https:\/\/boutique-one-piece.com\/wp-content\/uploads\/2022\/09\/Logo-01.png","contentUrl":"https:\/\/boutique-one-piece.com\/wp-content\/uploads\/2022\/09\/Logo-01.png","width":2318,"height":957,"caption":"Boutique One Piece"},"image":{"@id":"https:\/\/boutique-one-piece.com\/#\/schema\/logo\/image\/"}}]}},"_links":{"self":[{"href":"https:\/\/boutique-one-piece.com\/pl\/wp-json\/wp\/v2\/product\/8318","targetHints":{"allow":["GET"]}}],"collection":[{"href":"https:\/\/boutique-one-piece.com\/pl\/wp-json\/wp\/v2\/product"}],"about":[{"href":"https:\/\/boutique-one-piece.com\/pl\/wp-json\/wp\/v2\/types\/product"}],"replies":[{"embeddable":true,"href":"https:\/\/boutique-one-piece.com\/pl\/wp-json\/wp\/v2\/comments?post=8318"}],"wp:featuredmedia":[{"embeddable":true,"href":"https:\/\/boutique-one-piece.com\/pl\/wp-json\/wp\/v2\/media\/8320"}],"wp:attachment":[{"href":"https:\/\/boutique-one-piece.com\/pl\/wp-json\/wp\/v2\/media?parent=8318"}],"wp:term":[{"taxonomy":"product_brand","embeddable":true,"href":"https:\/\/boutique-one-piece.com\/pl\/wp-json\/wp\/v2\/product_brand?post=8318"},{"taxonomy":"product_cat","embeddable":true,"href":"https:\/\/boutique-one-piece.com\/pl\/wp-json\/wp\/v2\/product_cat?post=8318"},{"taxonomy":"product_tag","embeddable":true,"href":"https:\/\/boutique-one-piece.com\/pl\/wp-json\/wp\/v2\/product_tag?post=8318"}],"curies":[{"name":"wp","href":"https:\/\/api.w.org\/{rel}","templated":true}]}}