{"id":8586,"date":"2022-09-27T20:13:41","date_gmt":"2022-09-27T20:13:41","guid":{"rendered":"https:\/\/boutique-one-piece.com\/uncategorized\/chaussette-one-piece-roronoa-zoro\/"},"modified":"2024-09-16T11:21:58","modified_gmt":"2024-09-16T11:21:58","slug":"jednoczesciowe-skarpetki-roronoa-zoro","status":"publish","type":"product","link":"https:\/\/boutique-one-piece.com\/pl\/buty-jednoczesciowe\/skarpetki-jednoczesciowe\/jednoczesciowe-skarpetki-roronoa-zoro\/","title":{"rendered":"Jednocz\u0119\u015bciowe skarpetki Roronoa Zoro"},"content":{"rendered":"<ul>\n<li><span><b><u>Jednocz\u0119\u015bciowa skarpetka<\/u><\/b>&nbsp;Skarpetki z uniwersum One Piece dla prawdziwych pirat\u00f3w<\/span><\/li>\n<\/ul>\n<ul>\n<li>\n<b>Rozmiar<\/b>&nbsp;: 35-42<\/li>\n<\/ul>\n<ul>\n<li><span><strong>DARMOWA DOSTAWA<\/strong><\/span><\/li>\n<\/ul>","protected":false},"excerpt":{"rendered":"<p>Chaussette One Piece&nbsp;: chaussette de l&rsquo;univers One Piece pour les vrais pirates Taille&nbsp;: 35-42 LIVRAISON OFFERTE<\/p>","protected":false},"featured_media":8588,"comment_status":"open","ping_status":"open","template":"","meta":[],"product_brand":[],"product_cat":[64,54],"product_tag":[],"class_list":{"0":"post-8586","1":"product","2":"type-product","3":"status-publish","4":"has-post-thumbnail","6":"product_cat-chaussettes-one-piece","7":"product_cat-vetements-one-piece","9":"first","10":"instock","11":"purchasable","12":"product-type-simple"},"yoast_head":"<!-- This site is optimized with the Yoast SEO plugin v27.5 - https:\/\/yoast.com\/product\/yoast-seo-wordpress\/ -->\n<title>Chaussette One Piece Roronoa Zoro | Chaussette One Piece \u2013 Boutique One Piece<\/title>\n<meta name=\"description\" content=\"Chaussette One Piece\u00a0: chaussette de l&#039;univers One Piece pour les vrais pirates Taille\u00a0: 35-42 LIVRAISON OFFERTE\" \/>\n<meta name=\"robots\" content=\"index, follow, max-snippet:-1, max-image-preview:large, max-video-preview:-1\" \/>\n<link rel=\"canonical\" href=\"https:\/\/boutique-one-piece.com\/pl\/buty-jednoczesciowe\/skarpetki-jednoczesciowe\/jednoczesciowe-skarpetki-roronoa-zoro\/\" \/>\n<meta property=\"og:locale\" content=\"pl_PL\" \/>\n<meta property=\"og:type\" content=\"article\" \/>\n<meta property=\"og:title\" content=\"Chaussette One Piece Roronoa Zoro | Chaussette One Piece \u2013 Boutique One Piece\" \/>\n<meta property=\"og:description\" content=\"Chaussette One Piece\u00a0: chaussette de l&#039;univers One Piece pour les vrais pirates Taille\u00a0: 35-42 LIVRAISON OFFERTE\" \/>\n<meta property=\"og:url\" content=\"https:\/\/boutique-one-piece.com\/pl\/buty-jednoczesciowe\/skarpetki-jednoczesciowe\/jednoczesciowe-skarpetki-roronoa-zoro\/\" \/>\n<meta property=\"og:site_name\" content=\"Boutique One Piece\" \/>\n<meta property=\"article:modified_time\" content=\"2024-09-16T11:21:58+00:00\" \/>\n<meta property=\"og:image\" content=\"https:\/\/boutique-one-piece.com\/wp-content\/uploads\/2022\/09\/Chaussette-One-Piece-Roronoa-Zoro.jpg\" \/>\n\t<meta property=\"og:image:width\" content=\"640\" \/>\n\t<meta property=\"og:image:height\" content=\"640\" \/>\n\t<meta property=\"og:image:type\" content=\"image\/jpeg\" \/>\n<meta name=\"twitter:card\" content=\"summary_large_image\" \/>\n<meta name=\"twitter:label1\" content=\"Szacowany czas czytania\" \/>\n\t<meta name=\"twitter:data1\" content=\"1 minuta\" \/>\n<script type=\"application\/ld+json\" class=\"yoast-schema-graph\">{\"@context\":\"https:\\\/\\\/schema.org\",\"@graph\":[{\"@type\":\"WebPage\",\"@id\":\"https:\\\/\\\/boutique-one-piece.com\\\/chaussures-one-piece\\\/chaussettes-one-piece\\\/chaussette-one-piece-roronoa-zoro\\\/\",\"url\":\"https:\\\/\\\/boutique-one-piece.com\\\/chaussures-one-piece\\\/chaussettes-one-piece\\\/chaussette-one-piece-roronoa-zoro\\\/\",\"name\":\"Chaussette One Piece Roronoa Zoro | Chaussette One Piece \u2013 Boutique One Piece\",\"isPartOf\":{\"@id\":\"https:\\\/\\\/boutique-one-piece.com\\\/#website\"},\"primaryImageOfPage\":{\"@id\":\"https:\\\/\\\/boutique-one-piece.com\\\/chaussures-one-piece\\\/chaussettes-one-piece\\\/chaussette-one-piece-roronoa-zoro\\\/#primaryimage\"},\"image\":{\"@id\":\"https:\\\/\\\/boutique-one-piece.com\\\/chaussures-one-piece\\\/chaussettes-one-piece\\\/chaussette-one-piece-roronoa-zoro\\\/#primaryimage\"},\"thumbnailUrl\":\"https:\\\/\\\/boutique-one-piece.com\\\/wp-content\\\/uploads\\\/2022\\\/09\\\/Chaussette-One-Piece-Roronoa-Zoro.jpg\",\"datePublished\":\"2022-09-27T20:13:41+00:00\",\"dateModified\":\"2024-09-16T11:21:58+00:00\",\"description\":\"Chaussette One Piece\u00a0: chaussette de l'univers One Piece pour les vrais pirates Taille\u00a0: 35-42 LIVRAISON OFFERTE\",\"breadcrumb\":{\"@id\":\"https:\\\/\\\/boutique-one-piece.com\\\/chaussures-one-piece\\\/chaussettes-one-piece\\\/chaussette-one-piece-roronoa-zoro\\\/#breadcrumb\"},\"inLanguage\":\"pl-PL\",\"potentialAction\":[{\"@type\":\"ReadAction\",\"target\":[\"https:\\\/\\\/boutique-one-piece.com\\\/chaussures-one-piece\\\/chaussettes-one-piece\\\/chaussette-one-piece-roronoa-zoro\\\/\"]}]},{\"@type\":\"ImageObject\",\"inLanguage\":\"pl-PL\",\"@id\":\"https:\\\/\\\/boutique-one-piece.com\\\/chaussures-one-piece\\\/chaussettes-one-piece\\\/chaussette-one-piece-roronoa-zoro\\\/#primaryimage\",\"url\":\"https:\\\/\\\/boutique-one-piece.com\\\/wp-content\\\/uploads\\\/2022\\\/09\\\/Chaussette-One-Piece-Roronoa-Zoro.jpg\",\"contentUrl\":\"https:\\\/\\\/boutique-one-piece.com\\\/wp-content\\\/uploads\\\/2022\\\/09\\\/Chaussette-One-Piece-Roronoa-Zoro.jpg\",\"width\":640,\"height\":640,\"caption\":\"Chaussette One Piece Roronoa Zoro Default Title\"},{\"@type\":\"BreadcrumbList\",\"@id\":\"https:\\\/\\\/boutique-one-piece.com\\\/chaussures-one-piece\\\/chaussettes-one-piece\\\/chaussette-one-piece-roronoa-zoro\\\/#breadcrumb\",\"itemListElement\":[{\"@type\":\"ListItem\",\"position\":1,\"name\":\"Home\",\"item\":\"https:\\\/\\\/boutique-one-piece.com\\\/\"},{\"@type\":\"ListItem\",\"position\":2,\"name\":\"Shop\",\"item\":\"https:\\\/\\\/boutique-one-piece.com\\\/shop\\\/\"},{\"@type\":\"ListItem\",\"position\":3,\"name\":\"Chaussette One Piece Roronoa Zoro\"}]},{\"@type\":\"WebSite\",\"@id\":\"https:\\\/\\\/boutique-one-piece.com\\\/#website\",\"url\":\"https:\\\/\\\/boutique-one-piece.com\\\/\",\"name\":\"Boutique One Piece\",\"description\":\"Magasin Sp\u00e9cialis\u00e9 du Manga et l&#039;Anime One Piece\",\"publisher\":{\"@id\":\"https:\\\/\\\/boutique-one-piece.com\\\/#organization\"},\"potentialAction\":[{\"@type\":\"SearchAction\",\"target\":{\"@type\":\"EntryPoint\",\"urlTemplate\":\"https:\\\/\\\/boutique-one-piece.com\\\/?s={search_term_string}\"},\"query-input\":{\"@type\":\"PropertyValueSpecification\",\"valueRequired\":true,\"valueName\":\"search_term_string\"}}],\"inLanguage\":\"pl-PL\"},{\"@type\":\"Organization\",\"@id\":\"https:\\\/\\\/boutique-one-piece.com\\\/#organization\",\"name\":\"Boutique One Piece\",\"url\":\"https:\\\/\\\/boutique-one-piece.com\\\/\",\"logo\":{\"@type\":\"ImageObject\",\"inLanguage\":\"pl-PL\",\"@id\":\"https:\\\/\\\/boutique-one-piece.com\\\/#\\\/schema\\\/logo\\\/image\\\/\",\"url\":\"https:\\\/\\\/boutique-one-piece.com\\\/wp-content\\\/uploads\\\/2022\\\/09\\\/Logo-01.png\",\"contentUrl\":\"https:\\\/\\\/boutique-one-piece.com\\\/wp-content\\\/uploads\\\/2022\\\/09\\\/Logo-01.png\",\"width\":2318,\"height\":957,\"caption\":\"Boutique One Piece\"},\"image\":{\"@id\":\"https:\\\/\\\/boutique-one-piece.com\\\/#\\\/schema\\\/logo\\\/image\\\/\"}}]}<\/script>\n<!-- \/ Yoast SEO plugin. -->","yoast_head_json":{"title":"Jednocz\u0119\u015bciowe skarpetki Roronoa Zoro | Jednocz\u0119\u015bciowe skarpetki \u2013 Sklep One Piece","description":"Skarpetki One Piece: Skarpetki ze \u015bwiata One Piece dla prawdziwych pirat\u00f3w. Rozmiary: 35-42. Darmowa wysy\u0142ka.","robots":{"index":"index","follow":"follow","max-snippet":"max-snippet:-1","max-image-preview":"max-image-preview:large","max-video-preview":"max-video-preview:-1"},"canonical":"https:\/\/boutique-one-piece.com\/pl\/buty-jednoczesciowe\/skarpetki-jednoczesciowe\/jednoczesciowe-skarpetki-roronoa-zoro\/","og_locale":"pl_PL","og_type":"article","og_title":"Chaussette One Piece Roronoa Zoro | Chaussette One Piece \u2013 Boutique One Piece","og_description":"Chaussette One Piece\u00a0: chaussette de l'univers One Piece pour les vrais pirates Taille\u00a0: 35-42 LIVRAISON OFFERTE","og_url":"https:\/\/boutique-one-piece.com\/pl\/buty-jednoczesciowe\/skarpetki-jednoczesciowe\/jednoczesciowe-skarpetki-roronoa-zoro\/","og_site_name":"Boutique One Piece","article_modified_time":"2024-09-16T11:21:58+00:00","og_image":[{"width":640,"height":640,"url":"https:\/\/boutique-one-piece.com\/wp-content\/uploads\/2022\/09\/Chaussette-One-Piece-Roronoa-Zoro.jpg","type":"image\/jpeg"}],"twitter_card":"summary_large_image","twitter_misc":{"Szacowany czas czytania":"1 minuta"},"schema":{"@context":"https:\/\/schema.org","@graph":[{"@type":"WebPage","@id":"https:\/\/boutique-one-piece.com\/chaussures-one-piece\/chaussettes-one-piece\/chaussette-one-piece-roronoa-zoro\/","url":"https:\/\/boutique-one-piece.com\/chaussures-one-piece\/chaussettes-one-piece\/chaussette-one-piece-roronoa-zoro\/","name":"Jednocz\u0119\u015bciowe skarpetki Roronoa Zoro | Jednocz\u0119\u015bciowe skarpetki \u2013 Sklep One Piece","isPartOf":{"@id":"https:\/\/boutique-one-piece.com\/#website"},"primaryImageOfPage":{"@id":"https:\/\/boutique-one-piece.com\/chaussures-one-piece\/chaussettes-one-piece\/chaussette-one-piece-roronoa-zoro\/#primaryimage"},"image":{"@id":"https:\/\/boutique-one-piece.com\/chaussures-one-piece\/chaussettes-one-piece\/chaussette-one-piece-roronoa-zoro\/#primaryimage"},"thumbnailUrl":"https:\/\/boutique-one-piece.com\/wp-content\/uploads\/2022\/09\/Chaussette-One-Piece-Roronoa-Zoro.jpg","datePublished":"2022-09-27T20:13:41+00:00","dateModified":"2024-09-16T11:21:58+00:00","description":"Skarpetki One Piece: Skarpetki ze \u015bwiata One Piece dla prawdziwych pirat\u00f3w. Rozmiary: 35-42. Darmowa wysy\u0142ka.","breadcrumb":{"@id":"https:\/\/boutique-one-piece.com\/chaussures-one-piece\/chaussettes-one-piece\/chaussette-one-piece-roronoa-zoro\/#breadcrumb"},"inLanguage":"pl-PL","potentialAction":[{"@type":"ReadAction","target":["https:\/\/boutique-one-piece.com\/chaussures-one-piece\/chaussettes-one-piece\/chaussette-one-piece-roronoa-zoro\/"]}]},{"@type":"ImageObject","inLanguage":"pl-PL","@id":"https:\/\/boutique-one-piece.com\/chaussures-one-piece\/chaussettes-one-piece\/chaussette-one-piece-roronoa-zoro\/#primaryimage","url":"https:\/\/boutique-one-piece.com\/wp-content\/uploads\/2022\/09\/Chaussette-One-Piece-Roronoa-Zoro.jpg","contentUrl":"https:\/\/boutique-one-piece.com\/wp-content\/uploads\/2022\/09\/Chaussette-One-Piece-Roronoa-Zoro.jpg","width":640,"height":640,"caption":"Chaussette One Piece Roronoa Zoro Default Title"},{"@type":"BreadcrumbList","@id":"https:\/\/boutique-one-piece.com\/chaussures-one-piece\/chaussettes-one-piece\/chaussette-one-piece-roronoa-zoro\/#breadcrumb","itemListElement":[{"@type":"ListItem","position":1,"name":"Home","item":"https:\/\/boutique-one-piece.com\/"},{"@type":"ListItem","position":2,"name":"Shop","item":"https:\/\/boutique-one-piece.com\/shop\/"},{"@type":"ListItem","position":3,"name":"Chaussette One Piece Roronoa Zoro"}]},{"@type":"WebSite","@id":"https:\/\/boutique-one-piece.com\/#website","url":"https:\/\/boutique-one-piece.com\/","name":"One Piece Shop","description":"Sklep specjalistyczny z mang\u0105 i anime One Piece","publisher":{"@id":"https:\/\/boutique-one-piece.com\/#organization"},"potentialAction":[{"@type":"SearchAction","target":{"@type":"EntryPoint","urlTemplate":"https:\/\/boutique-one-piece.com\/?s={search_term_string}"},"query-input":{"@type":"PropertyValueSpecification","valueRequired":true,"valueName":"search_term_string"}}],"inLanguage":"pl-PL"},{"@type":"Organization","@id":"https:\/\/boutique-one-piece.com\/#organization","name":"One Piece Shop","url":"https:\/\/boutique-one-piece.com\/","logo":{"@type":"ImageObject","inLanguage":"pl-PL","@id":"https:\/\/boutique-one-piece.com\/#\/schema\/logo\/image\/","url":"https:\/\/boutique-one-piece.com\/wp-content\/uploads\/2022\/09\/Logo-01.png","contentUrl":"https:\/\/boutique-one-piece.com\/wp-content\/uploads\/2022\/09\/Logo-01.png","width":2318,"height":957,"caption":"Boutique One Piece"},"image":{"@id":"https:\/\/boutique-one-piece.com\/#\/schema\/logo\/image\/"}}]}},"_links":{"self":[{"href":"https:\/\/boutique-one-piece.com\/pl\/wp-json\/wp\/v2\/product\/8586","targetHints":{"allow":["GET"]}}],"collection":[{"href":"https:\/\/boutique-one-piece.com\/pl\/wp-json\/wp\/v2\/product"}],"about":[{"href":"https:\/\/boutique-one-piece.com\/pl\/wp-json\/wp\/v2\/types\/product"}],"replies":[{"embeddable":true,"href":"https:\/\/boutique-one-piece.com\/pl\/wp-json\/wp\/v2\/comments?post=8586"}],"wp:featuredmedia":[{"embeddable":true,"href":"https:\/\/boutique-one-piece.com\/pl\/wp-json\/wp\/v2\/media\/8588"}],"wp:attachment":[{"href":"https:\/\/boutique-one-piece.com\/pl\/wp-json\/wp\/v2\/media?parent=8586"}],"wp:term":[{"taxonomy":"product_brand","embeddable":true,"href":"https:\/\/boutique-one-piece.com\/pl\/wp-json\/wp\/v2\/product_brand?post=8586"},{"taxonomy":"product_cat","embeddable":true,"href":"https:\/\/boutique-one-piece.com\/pl\/wp-json\/wp\/v2\/product_cat?post=8586"},{"taxonomy":"product_tag","embeddable":true,"href":"https:\/\/boutique-one-piece.com\/pl\/wp-json\/wp\/v2\/product_tag?post=8586"}],"curies":[{"name":"wp","href":"https:\/\/api.w.org\/{rel}","templated":true}]}}