{"id":8590,"date":"2022-09-27T20:13:41","date_gmt":"2022-09-27T20:13:41","guid":{"rendered":"https:\/\/boutique-one-piece.com\/uncategorized\/avis-de-recherche-one-piece-portgas-d-ace-wanted\/"},"modified":"2024-10-12T18:24:17","modified_gmt":"2024-10-12T18:24:17","slug":"one-piece-poszukiwany-plakat-portgas-d-ace","status":"publish","type":"product","link":"https:\/\/boutique-one-piece.com\/pl\/dekoracje-one-piece\/one-piece-poszukiwany-plakat-portgas-d-ace\/","title":{"rendered":"Portgas D. Ace poszukiwany"},"content":{"rendered":"<h2>M\u0142ody Nakama, nadszed\u0142 czas, aby\u015b zapozna\u0142 si\u0119 z og\u0142oszeniem o poszukiwaniu Portgasa D. Ace&#039;a.<\/h2>\n<p>Przypomnijmy, \u017ce Portgas D. Ace, znany jako<strong>\u201eAs z ognistymi pi\u0119\u015bciami\u201d<\/strong>\u00a0Jest duchowym bratem Monkey D. Luffy&#039;ego i Sabo. Jest jedynym synem zmar\u0142ego kr\u00f3la pirat\u00f3w Gol D. Rogera i jego \u017cony Portgas D. Rouge. Ponadto,\u2019<a title=\"POSZUKIWANY: GOLD ROGER\" href=\"https:\/\/boutique-one-piece.com\/pl\/dekoracja-one-piece\/produkty\/plakat-poszukiwany-za-zlota-statuetke-rogera-z-one-piece\/\" target=\"_blank\" rel=\"noopener\">Z\u0142oty Roger \u2013 poszukiwany plakat<\/a> jest w zasi\u0119gu r\u0119ki. Wracaj\u0105c do Ace&#039;a, powiniene\u015b wiedzie\u0107, \u017ce utrzymywa\u0142 on dobre stosunki z za\u0142og\u0105 swojego brata po tym, jak uratowa\u0142 ich przed schwytaniem przez Smokera w Alaba\u015bcie.<\/p>\n<p>W anime towarzyszy\u0142 im przez pustyni\u0119 do oazy, gdzie mia\u0142 nadziej\u0119 znale\u017a\u0107 Czarnobrodego. Za\u0142oga Luffy&#039;ego r\u00f3wnie\u017c zosta\u0142a dotkni\u0119ta<strong> wiadomo\u015b\u0107 o jego \u015bmierci<\/strong>. Jak wida\u0107, nagroda za jego zdobycie wynios\u0142a 550 000 000 Jag\u00f3d.<\/p>\n<h3>Czy zaintrygowa\u0142 Ci\u0119 list go\u0144czy Portgasa D. Ace&#039;a? Je\u015bli tak, to wiesz, co robi\u0107. We\u017a ten plakat i powie\u015b go na \u015bcianie; oddasz mu nale\u017cny ho\u0142d.<\/h3>\n<p><strong>Jeden kawa\u0142ek<\/strong> Akcja mangi rozgrywa si\u0119 w fikcyjnym \u015bwiecie zdominowanym przez oceany, gdzie piraci t\u0119skni\u0105 za er\u0105 wolno\u015bci i przyg\u00f3d, znan\u0105 jako \u00abZ\u0142oty Wiek Piractwa\u00bb. Je\u015bli Ty r\u00f3wnie\u017c kochasz ten \u015bwiat, zdob\u0105d\u017a te legendarne przedmioty ju\u017c teraz. Idealne na prezent, ozdob\u0119 lub do kolekcjonowania, te przedmioty wzbogac\u0105 Twoj\u0105 kolekcj\u0119.<strong> Tw\u00f3j wszech\u015bwiat One Piece<\/strong>.<\/p>\n<h2>Informacje o plakacie poszukiwanym One Piece: Ace of the Fiery Fists<\/h2>\n<ul>\n<li><b><u>Plakat poszukiwany One Piece<\/u><\/b>\u00a0Prawdziwy plakat poszukiwany za bycie prawdziwym piratem One Piece<\/li>\n<\/ul>\n<ul>\n<li><b><u>Portgas D. Ace&#039;s Bounty<\/u><\/b>\u00a0550 000 000 jag\u00f3d<\/li>\n<\/ul>\n<ul>\n<li><strong>Wysoka jako\u015b\u0107 druku<\/strong>\u00a0dok\u0142adne kolory<\/li>\n<\/ul>\n<ul>\n<li><strong>Wymiar<\/strong> : 52 cm x 36 cm<\/li>\n<\/ul>\n<ul>\n<li><strong>DARMOWA DOSTAWA<\/strong><\/li>\n<\/ul>\n<div id=\"gtx-trans\" style=\"position: absolute;left: 715px;top: 49px\">\n<div class=\"gtx-trans-icon\"><\/div>\n<\/div>","protected":false},"excerpt":{"rendered":"<p>Jeune Nakama, le moment est venu pour toi de te procurer cet Avis de Recherche Portgas D. Ace Wanted. Pour rappel, Portgas D. Ace, connu sous le nom d\u0092Ace aux Poings Ardents\u00a0est le fr\u00e8re spirituel de Monkey D. Luffy et de Sabo. Il est le seul fils du d\u00e9funt Roi des Pirates Gol D. Roger [&hellip;]<\/p>","protected":false},"featured_media":19964,"comment_status":"open","ping_status":"open","template":"","meta":[],"product_brand":[],"product_cat":[171,150],"product_tag":[],"class_list":{"0":"post-8590","1":"product","2":"type-product","3":"status-publish","4":"has-post-thumbnail","6":"product_cat-avis-de-recherche-one-piece","7":"product_cat-decorations-one-piece","9":"first","10":"instock","11":"purchasable","12":"product-type-simple"},"yoast_head":"<!-- This site is optimized with the Yoast SEO plugin v27.5 - https:\/\/yoast.com\/product\/yoast-seo-wordpress\/ -->\n<title>Avis de Recherche One Piece Portgas D. Ace Wanted | D\u00e9coration One Piece \u2013 Boutique One Piece<\/title>\n<meta name=\"description\" content=\"Jeune Nakama, le moment est venu pour toi de te procurer cet Avis de Recherche Portgas D. Ace Wanted. Pour rappel, Portgas D. Ace, connu sous le nom d\u2019Ace aux Poings Ardents\u00a0est le fr\u00e8re spirituel de Monkey D. Luffy et de Sabo. Il est le seul fils du d\u00e9funt Roi des Pirates Gol D. Roger et de son \u00e9pouse Portgas D. Rouge\" \/>\n<meta name=\"robots\" content=\"index, follow, max-snippet:-1, max-image-preview:large, max-video-preview:-1\" \/>\n<link rel=\"canonical\" href=\"https:\/\/boutique-one-piece.com\/pl\/plakat-poszukiwany-one-piece\/one-piece-poszukiwany-plakat-portgas-d-ace\/\" \/>\n<meta property=\"og:locale\" content=\"pl_PL\" \/>\n<meta property=\"og:type\" content=\"article\" \/>\n<meta property=\"og:title\" content=\"Avis de Recherche One Piece Portgas D. Ace Wanted | D\u00e9coration One Piece \u2013 Boutique One Piece\" \/>\n<meta property=\"og:description\" content=\"Jeune Nakama, le moment est venu pour toi de te procurer cet Avis de Recherche Portgas D. Ace Wanted. Pour rappel, Portgas D. Ace, connu sous le nom d\u2019Ace aux Poings Ardents\u00a0est le fr\u00e8re spirituel de Monkey D. Luffy et de Sabo. Il est le seul fils du d\u00e9funt Roi des Pirates Gol D. Roger et de son \u00e9pouse Portgas D. Rouge\" \/>\n<meta property=\"og:url\" content=\"https:\/\/boutique-one-piece.com\/pl\/plakat-poszukiwany-one-piece\/one-piece-poszukiwany-plakat-portgas-d-ace\/\" \/>\n<meta property=\"og:site_name\" content=\"Boutique One Piece\" \/>\n<meta property=\"article:modified_time\" content=\"2024-10-12T18:24:17+00:00\" \/>\n<meta property=\"og:image\" content=\"https:\/\/boutique-one-piece.com\/wp-content\/uploads\/2022\/09\/S688b1fc4fbae4f928a007dafefa00167r.jpg_640x640.webp\" \/>\n\t<meta property=\"og:image:width\" content=\"640\" \/>\n\t<meta property=\"og:image:height\" content=\"640\" \/>\n\t<meta property=\"og:image:type\" content=\"image\/webp\" \/>\n<meta name=\"twitter:card\" content=\"summary_large_image\" \/>\n<meta name=\"twitter:label1\" content=\"Szacowany czas czytania\" \/>\n\t<meta name=\"twitter:data1\" content=\"2 minuty\" \/>\n<script type=\"application\/ld+json\" class=\"yoast-schema-graph\">{\"@context\":\"https:\\\/\\\/schema.org\",\"@graph\":[{\"@type\":\"WebPage\",\"@id\":\"https:\\\/\\\/boutique-one-piece.com\\\/avis-de-recherche-one-piece\\\/avis-de-recherche-one-piece-portgas-d-ace-wanted\\\/\",\"url\":\"https:\\\/\\\/boutique-one-piece.com\\\/avis-de-recherche-one-piece\\\/avis-de-recherche-one-piece-portgas-d-ace-wanted\\\/\",\"name\":\"Avis de Recherche One Piece Portgas D. Ace Wanted | D\u00e9coration One Piece \u2013 Boutique One Piece\",\"isPartOf\":{\"@id\":\"https:\\\/\\\/boutique-one-piece.com\\\/#website\"},\"primaryImageOfPage\":{\"@id\":\"https:\\\/\\\/boutique-one-piece.com\\\/avis-de-recherche-one-piece\\\/avis-de-recherche-one-piece-portgas-d-ace-wanted\\\/#primaryimage\"},\"image\":{\"@id\":\"https:\\\/\\\/boutique-one-piece.com\\\/avis-de-recherche-one-piece\\\/avis-de-recherche-one-piece-portgas-d-ace-wanted\\\/#primaryimage\"},\"thumbnailUrl\":\"https:\\\/\\\/boutique-one-piece.com\\\/wp-content\\\/uploads\\\/2022\\\/09\\\/S688b1fc4fbae4f928a007dafefa00167r.jpg_640x640.webp\",\"datePublished\":\"2022-09-27T20:13:41+00:00\",\"dateModified\":\"2024-10-12T18:24:17+00:00\",\"description\":\"Jeune Nakama, le moment est venu pour toi de te procurer cet Avis de Recherche Portgas D. Ace Wanted. Pour rappel, Portgas D. Ace, connu sous le nom d\u2019Ace aux Poings Ardents\u00a0est le fr\u00e8re spirituel de Monkey D. Luffy et de Sabo. Il est le seul fils du d\u00e9funt Roi des Pirates Gol D. Roger et de son \u00e9pouse Portgas D. Rouge\",\"breadcrumb\":{\"@id\":\"https:\\\/\\\/boutique-one-piece.com\\\/avis-de-recherche-one-piece\\\/avis-de-recherche-one-piece-portgas-d-ace-wanted\\\/#breadcrumb\"},\"inLanguage\":\"pl-PL\",\"potentialAction\":[{\"@type\":\"ReadAction\",\"target\":[\"https:\\\/\\\/boutique-one-piece.com\\\/avis-de-recherche-one-piece\\\/avis-de-recherche-one-piece-portgas-d-ace-wanted\\\/\"]}]},{\"@type\":\"ImageObject\",\"inLanguage\":\"pl-PL\",\"@id\":\"https:\\\/\\\/boutique-one-piece.com\\\/avis-de-recherche-one-piece\\\/avis-de-recherche-one-piece-portgas-d-ace-wanted\\\/#primaryimage\",\"url\":\"https:\\\/\\\/boutique-one-piece.com\\\/wp-content\\\/uploads\\\/2022\\\/09\\\/S688b1fc4fbae4f928a007dafefa00167r.jpg_640x640.webp\",\"contentUrl\":\"https:\\\/\\\/boutique-one-piece.com\\\/wp-content\\\/uploads\\\/2022\\\/09\\\/S688b1fc4fbae4f928a007dafefa00167r.jpg_640x640.webp\",\"width\":640,\"height\":640},{\"@type\":\"BreadcrumbList\",\"@id\":\"https:\\\/\\\/boutique-one-piece.com\\\/avis-de-recherche-one-piece\\\/avis-de-recherche-one-piece-portgas-d-ace-wanted\\\/#breadcrumb\",\"itemListElement\":[{\"@type\":\"ListItem\",\"position\":1,\"name\":\"Home\",\"item\":\"https:\\\/\\\/boutique-one-piece.com\\\/\"},{\"@type\":\"ListItem\",\"position\":2,\"name\":\"Shop\",\"item\":\"https:\\\/\\\/boutique-one-piece.com\\\/shop\\\/\"},{\"@type\":\"ListItem\",\"position\":3,\"name\":\"Avis de Recherche Portgas D. Ace Wanted\"}]},{\"@type\":\"WebSite\",\"@id\":\"https:\\\/\\\/boutique-one-piece.com\\\/#website\",\"url\":\"https:\\\/\\\/boutique-one-piece.com\\\/\",\"name\":\"Boutique One Piece\",\"description\":\"Magasin Sp\u00e9cialis\u00e9 du Manga et l&#039;Anime One Piece\",\"publisher\":{\"@id\":\"https:\\\/\\\/boutique-one-piece.com\\\/#organization\"},\"potentialAction\":[{\"@type\":\"SearchAction\",\"target\":{\"@type\":\"EntryPoint\",\"urlTemplate\":\"https:\\\/\\\/boutique-one-piece.com\\\/?s={search_term_string}\"},\"query-input\":{\"@type\":\"PropertyValueSpecification\",\"valueRequired\":true,\"valueName\":\"search_term_string\"}}],\"inLanguage\":\"pl-PL\"},{\"@type\":\"Organization\",\"@id\":\"https:\\\/\\\/boutique-one-piece.com\\\/#organization\",\"name\":\"Boutique One Piece\",\"url\":\"https:\\\/\\\/boutique-one-piece.com\\\/\",\"logo\":{\"@type\":\"ImageObject\",\"inLanguage\":\"pl-PL\",\"@id\":\"https:\\\/\\\/boutique-one-piece.com\\\/#\\\/schema\\\/logo\\\/image\\\/\",\"url\":\"https:\\\/\\\/boutique-one-piece.com\\\/wp-content\\\/uploads\\\/2022\\\/09\\\/Logo-01.png\",\"contentUrl\":\"https:\\\/\\\/boutique-one-piece.com\\\/wp-content\\\/uploads\\\/2022\\\/09\\\/Logo-01.png\",\"width\":2318,\"height\":957,\"caption\":\"Boutique One Piece\"},\"image\":{\"@id\":\"https:\\\/\\\/boutique-one-piece.com\\\/#\\\/schema\\\/logo\\\/image\\\/\"}}]}<\/script>\n<!-- \/ Yoast SEO plugin. -->","yoast_head_json":{"title":"Plakat poszukiwany One Piece: Portgas D. Ace | Dekoracje One Piece \u2013 Sklep One Piece","description":"M\u0142ody Nakama, nadszed\u0142 czas, aby\u015b zdoby\u0142 ten list go\u0144czy za Portgasem D. Ace&#039;em. Przypominamy, \u017ce Portgas D. Ace, znany jako Ace Ognistej Pi\u0119\u015bci, jest zaprzysi\u0119\u017conym bratem Monkey D. Luffy&#039;ego i Sabo. Jest jedynym synem zmar\u0142ego Kr\u00f3la Pirat\u00f3w Gol D. Rogera i jego \u017cony Portgas D. Rouge.","robots":{"index":"index","follow":"follow","max-snippet":"max-snippet:-1","max-image-preview":"max-image-preview:large","max-video-preview":"max-video-preview:-1"},"canonical":"https:\/\/boutique-one-piece.com\/pl\/plakat-poszukiwany-one-piece\/one-piece-poszukiwany-plakat-portgas-d-ace\/","og_locale":"pl_PL","og_type":"article","og_title":"Avis de Recherche One Piece Portgas D. Ace Wanted | D\u00e9coration One Piece \u2013 Boutique One Piece","og_description":"Jeune Nakama, le moment est venu pour toi de te procurer cet Avis de Recherche Portgas D. Ace Wanted. Pour rappel, Portgas D. Ace, connu sous le nom d\u2019Ace aux Poings Ardents\u00a0est le fr\u00e8re spirituel de Monkey D. Luffy et de Sabo. Il est le seul fils du d\u00e9funt Roi des Pirates Gol D. Roger et de son \u00e9pouse Portgas D. Rouge","og_url":"https:\/\/boutique-one-piece.com\/pl\/plakat-poszukiwany-one-piece\/one-piece-poszukiwany-plakat-portgas-d-ace\/","og_site_name":"Boutique One Piece","article_modified_time":"2024-10-12T18:24:17+00:00","og_image":[{"width":640,"height":640,"url":"https:\/\/boutique-one-piece.com\/wp-content\/uploads\/2022\/09\/S688b1fc4fbae4f928a007dafefa00167r.jpg_640x640.webp","type":"image\/webp"}],"twitter_card":"summary_large_image","twitter_misc":{"Szacowany czas czytania":"2 minuty"},"schema":{"@context":"https:\/\/schema.org","@graph":[{"@type":"WebPage","@id":"https:\/\/boutique-one-piece.com\/avis-de-recherche-one-piece\/avis-de-recherche-one-piece-portgas-d-ace-wanted\/","url":"https:\/\/boutique-one-piece.com\/avis-de-recherche-one-piece\/avis-de-recherche-one-piece-portgas-d-ace-wanted\/","name":"Plakat poszukiwany One Piece: Portgas D. Ace | Dekoracje One Piece \u2013 Sklep One Piece","isPartOf":{"@id":"https:\/\/boutique-one-piece.com\/#website"},"primaryImageOfPage":{"@id":"https:\/\/boutique-one-piece.com\/avis-de-recherche-one-piece\/avis-de-recherche-one-piece-portgas-d-ace-wanted\/#primaryimage"},"image":{"@id":"https:\/\/boutique-one-piece.com\/avis-de-recherche-one-piece\/avis-de-recherche-one-piece-portgas-d-ace-wanted\/#primaryimage"},"thumbnailUrl":"https:\/\/boutique-one-piece.com\/wp-content\/uploads\/2022\/09\/S688b1fc4fbae4f928a007dafefa00167r.jpg_640x640.webp","datePublished":"2022-09-27T20:13:41+00:00","dateModified":"2024-10-12T18:24:17+00:00","description":"M\u0142ody Nakama, nadszed\u0142 czas, aby\u015b zdoby\u0142 ten list go\u0144czy za Portgasem D. Ace&#039;em. Przypominamy, \u017ce Portgas D. Ace, znany jako Ace Ognistej Pi\u0119\u015bci, jest zaprzysi\u0119\u017conym bratem Monkey D. Luffy&#039;ego i Sabo. Jest jedynym synem zmar\u0142ego Kr\u00f3la Pirat\u00f3w Gol D. Rogera i jego \u017cony Portgas D. Rouge.","breadcrumb":{"@id":"https:\/\/boutique-one-piece.com\/avis-de-recherche-one-piece\/avis-de-recherche-one-piece-portgas-d-ace-wanted\/#breadcrumb"},"inLanguage":"pl-PL","potentialAction":[{"@type":"ReadAction","target":["https:\/\/boutique-one-piece.com\/avis-de-recherche-one-piece\/avis-de-recherche-one-piece-portgas-d-ace-wanted\/"]}]},{"@type":"ImageObject","inLanguage":"pl-PL","@id":"https:\/\/boutique-one-piece.com\/avis-de-recherche-one-piece\/avis-de-recherche-one-piece-portgas-d-ace-wanted\/#primaryimage","url":"https:\/\/boutique-one-piece.com\/wp-content\/uploads\/2022\/09\/S688b1fc4fbae4f928a007dafefa00167r.jpg_640x640.webp","contentUrl":"https:\/\/boutique-one-piece.com\/wp-content\/uploads\/2022\/09\/S688b1fc4fbae4f928a007dafefa00167r.jpg_640x640.webp","width":640,"height":640},{"@type":"BreadcrumbList","@id":"https:\/\/boutique-one-piece.com\/avis-de-recherche-one-piece\/avis-de-recherche-one-piece-portgas-d-ace-wanted\/#breadcrumb","itemListElement":[{"@type":"ListItem","position":1,"name":"Home","item":"https:\/\/boutique-one-piece.com\/"},{"@type":"ListItem","position":2,"name":"Shop","item":"https:\/\/boutique-one-piece.com\/shop\/"},{"@type":"ListItem","position":3,"name":"Avis de Recherche Portgas D. Ace Wanted"}]},{"@type":"WebSite","@id":"https:\/\/boutique-one-piece.com\/#website","url":"https:\/\/boutique-one-piece.com\/","name":"One Piece Shop","description":"Sklep specjalistyczny z mang\u0105 i anime One Piece","publisher":{"@id":"https:\/\/boutique-one-piece.com\/#organization"},"potentialAction":[{"@type":"SearchAction","target":{"@type":"EntryPoint","urlTemplate":"https:\/\/boutique-one-piece.com\/?s={search_term_string}"},"query-input":{"@type":"PropertyValueSpecification","valueRequired":true,"valueName":"search_term_string"}}],"inLanguage":"pl-PL"},{"@type":"Organization","@id":"https:\/\/boutique-one-piece.com\/#organization","name":"One Piece Shop","url":"https:\/\/boutique-one-piece.com\/","logo":{"@type":"ImageObject","inLanguage":"pl-PL","@id":"https:\/\/boutique-one-piece.com\/#\/schema\/logo\/image\/","url":"https:\/\/boutique-one-piece.com\/wp-content\/uploads\/2022\/09\/Logo-01.png","contentUrl":"https:\/\/boutique-one-piece.com\/wp-content\/uploads\/2022\/09\/Logo-01.png","width":2318,"height":957,"caption":"Boutique One Piece"},"image":{"@id":"https:\/\/boutique-one-piece.com\/#\/schema\/logo\/image\/"}}]}},"_links":{"self":[{"href":"https:\/\/boutique-one-piece.com\/pl\/wp-json\/wp\/v2\/product\/8590","targetHints":{"allow":["GET"]}}],"collection":[{"href":"https:\/\/boutique-one-piece.com\/pl\/wp-json\/wp\/v2\/product"}],"about":[{"href":"https:\/\/boutique-one-piece.com\/pl\/wp-json\/wp\/v2\/types\/product"}],"replies":[{"embeddable":true,"href":"https:\/\/boutique-one-piece.com\/pl\/wp-json\/wp\/v2\/comments?post=8590"}],"wp:featuredmedia":[{"embeddable":true,"href":"https:\/\/boutique-one-piece.com\/pl\/wp-json\/wp\/v2\/media\/19964"}],"wp:attachment":[{"href":"https:\/\/boutique-one-piece.com\/pl\/wp-json\/wp\/v2\/media?parent=8590"}],"wp:term":[{"taxonomy":"product_brand","embeddable":true,"href":"https:\/\/boutique-one-piece.com\/pl\/wp-json\/wp\/v2\/product_brand?post=8590"},{"taxonomy":"product_cat","embeddable":true,"href":"https:\/\/boutique-one-piece.com\/pl\/wp-json\/wp\/v2\/product_cat?post=8590"},{"taxonomy":"product_tag","embeddable":true,"href":"https:\/\/boutique-one-piece.com\/pl\/wp-json\/wp\/v2\/product_tag?post=8590"}],"curies":[{"name":"wp","href":"https:\/\/api.w.org\/{rel}","templated":true}]}}