{"id":8638,"date":"2022-09-27T20:14:12","date_gmt":"2022-09-27T20:14:12","guid":{"rendered":"https:\/\/boutique-one-piece.com\/uncategorized\/peluche-chopper-kawai\/"},"modified":"2026-03-26T21:31:45","modified_gmt":"2026-03-26T21:31:45","slug":"pluszowy-chopper-kawaii","status":"publish","type":"product","link":"https:\/\/boutique-one-piece.com\/pl\/smakolyki-z-one-piece\/tony-goodies-tony-chopper-one-piece\/pluszowy-chopper-kawaii\/","title":{"rendered":"Pluszowy Chopper Kawaii"},"content":{"rendered":"<h2>M\u0142ody piracie, pozw\u00f3l si\u0119 oczarowa\u0107 tej pluszowej zabawce Kawaii Chopper.<\/h2>\n<p>Na przypomnienie, <strong>Chopper<\/strong> jest lekarzem za\u0142ogi S\u0142omkowego Kapelusza. A tak przy okazji, mo\u017cesz znale\u017a\u0107 <a href=\"https:\/\/boutique-one-piece.com\/pl\/chopper-pluszowy-cosplay-luffy\/\" title=\"Chopper Luffy Cosplay Pluszowy\" target=\"_blank\" rel=\"noopener\">Chopper pluszowy cosplay Luffy<\/a>. To powiedziawszy, jego marzeniem jest spe\u0142nienie marzenia jego zmar\u0142ego mentora. W istocie, wiara\u2019<strong>Hiluluk<\/strong>, Twierdzi, \u017ce nie ma nieuleczalnych chor\u00f3b i \u017ce mo\u017cna zosta\u0107 lekarzem potrafi\u0105cym wyleczy\u0107 ka\u017cd\u0105 chorob\u0119.<\/p>\n<p>W tym celu jego dzieci\u0119ca natura znika, gdy tylko potrzebne s\u0105 jego umiej\u0119tno\u015bci; jest ca\u0142kowicie nieustraszony w dzia\u0142aniach maj\u0105cych na celu dobro swoich pacjent\u00f3w. Wreszcie, jest sz\u00f3stym cz\u0142onkiem za\u0142ogi, ale pi\u0105tym, kt\u00f3ry do\u0142\u0105czy\u0142 do szereg\u00f3w.<\/p>\n<h3>Czy pluszowy Chopper w wersji Kawaii Ci\u0119 urzek\u0142? Jak mo\u017cna si\u0119 nie uzale\u017cni\u0107? Pozostaje Ci tylko adoptowa\u0107 sympatycznego Tony&#039;ego Tony&#039;ego Choppera.<\/h3>\n<p><strong>Jeden kawa\u0142ek<\/strong> to najlepiej sprzedaj\u0105ca si\u0119 manga na \u015bwiecie. To od Ciebie zale\u017cy, czy do\u0142\u0105czysz do fantastycznego uniwersum Luffy&#039;ego. Te legendarne przedmioty pozwol\u0105 Ci zanurzy\u0107 si\u0119 w Twoim ulubionym \u015bwiecie, lub przenie\u015b\u0107 si\u0119 tam na nowo. Idealne na prezent, do kolekcjonowania lub po prostu do zabawy \u2013 te przedmioty s\u0105 zdecydowanie dla Ciebie. Skorzystaj wi\u0119c z okazji i wyrusz w t\u0119 przygod\u0119! <strong>Tysi\u0105c S\u0142oneczny<\/strong>, Za\u0142oga S\u0142omianego Kapelusza czeka tam na Ciebie.<\/p>\n<h2>Informacje o pluszowej zabawce One Piece Chopper:<\/h2>\n<ul>\n<li>\u00a0<b>Typ produktu<\/b><span>\u00a0<\/span>Pluszowa zabawka manga One Piece<\/li>\n<\/ul>\n<ul>\n<li>\n<b>Wykorzystanie Peluce<\/b>\u00a0Zabawki, dekoracje, przedmioty kolekcjonerskie, prezenty<\/li>\n<\/ul>\n<ul>\n<li>\n<b>Nazwa postaci<\/b>\u00a0Tony Chopper<\/li>\n<\/ul>\n<ul>\n<li>\n<b>Rozmiar pluszowej zabawki<\/b>\u00a0:25 lub 30 centymetr\u00f3w<\/li>\n<\/ul>\n<ul>\n<li>\n<b>Materia\u0142<\/b>\u00a0: Bawe\u0142na<\/li>\n<\/ul>\n<ul>\n<li>\n<b>Zalecany wiek<\/b>\u00a0:ponad 3 lata<\/li>\n<\/ul>\n<ul>\n<li>\n<b>Darmowa dostawa<\/b> za ka\u017cdy zakup<\/li>\n<\/ul>","protected":false},"excerpt":{"rendered":"<p>M\u0142ody piracie, daj si\u0119 oczarowa\u0107 tej pluszowej figurce Kawaii Chopper. Przypominamy, \u017ce Chopper jest lekarzem za\u0142ogi S\u0142omkowego Kapelusza. Znajdziesz tu r\u00f3wnie\u017c pluszow\u0105 maskotk\u0119 Choppera Luffy&#039;ego. Jego marzeniem jest spe\u0142nienie marzenia zmar\u0142ego mentora. Hiluluk wierzy, \u017ce choroba nie istnieje [\u2026]<\/p>","protected":false},"featured_media":8640,"comment_status":"open","ping_status":"open","template":"","meta":[],"product_brand":[],"product_cat":[163,177],"product_tag":[165],"class_list":{"0":"post-8638","1":"product","2":"type-product","3":"status-publish","4":"has-post-thumbnail","6":"product_cat-goodies-tony-tony-chopper-one-piece","7":"product_cat-peluches-one-piece","8":"product_tag-chopper","10":"first","11":"outofstock","12":"purchasable","13":"product-type-simple"},"yoast_head":"<!-- This site is optimized with the Yoast SEO plugin v27.5 - https:\/\/yoast.com\/product\/yoast-seo-wordpress\/ -->\n<title>Peluche Chopper Kawai | Boutique One Piece<\/title>\n<meta name=\"description\" content=\"D\u00e9couvrez la peluche One Piece Tony Chopper Kawai, elle est aussi douce que mignonne ! Commencez votre aventure de pirate \u00e0 la recherche du One Piece dans l&#039;\u00e9quipage du Chapeau de Paille\" \/>\n<meta name=\"robots\" content=\"index, follow, max-snippet:-1, max-image-preview:large, max-video-preview:-1\" \/>\n<link rel=\"canonical\" href=\"https:\/\/boutique-one-piece.com\/pl\/smakolyki-z-one-piece\/tony-goodies-tony-chopper-one-piece\/pluszowy-chopper-kawaii\/\" \/>\n<meta property=\"og:locale\" content=\"pl_PL\" \/>\n<meta property=\"og:type\" content=\"article\" \/>\n<meta property=\"og:title\" content=\"Peluche Chopper Kawai | Boutique One Piece\" \/>\n<meta property=\"og:description\" content=\"D\u00e9couvrez la peluche One Piece Tony Chopper Kawai, elle est aussi douce que mignonne ! Commencez votre aventure de pirate \u00e0 la recherche du One Piece dans l&#039;\u00e9quipage du Chapeau de Paille\" \/>\n<meta property=\"og:url\" content=\"https:\/\/boutique-one-piece.com\/pl\/smakolyki-z-one-piece\/tony-goodies-tony-chopper-one-piece\/pluszowy-chopper-kawaii\/\" \/>\n<meta property=\"og:site_name\" content=\"Boutique One Piece\" \/>\n<meta property=\"article:modified_time\" content=\"2026-03-26T21:31:45+00:00\" \/>\n<meta property=\"og:image\" content=\"https:\/\/boutique-one-piece.com\/wp-content\/uploads\/2022\/09\/Peluche-Chopper-Kawai-1.png\" \/>\n\t<meta property=\"og:image:width\" content=\"500\" \/>\n\t<meta property=\"og:image:height\" content=\"500\" \/>\n\t<meta property=\"og:image:type\" content=\"image\/png\" \/>\n<meta name=\"twitter:card\" content=\"summary_large_image\" \/>\n<meta name=\"twitter:label1\" content=\"Szacowany czas czytania\" \/>\n\t<meta name=\"twitter:data1\" content=\"2 minuty\" \/>\n<script type=\"application\/ld+json\" class=\"yoast-schema-graph\">{\"@context\":\"https:\\\/\\\/schema.org\",\"@graph\":[{\"@type\":\"WebPage\",\"@id\":\"https:\\\/\\\/boutique-one-piece.com\\\/goodies-one-piece\\\/goodies-tony-tony-chopper-one-piece\\\/peluche-chopper-kawai\\\/\",\"url\":\"https:\\\/\\\/boutique-one-piece.com\\\/goodies-one-piece\\\/goodies-tony-tony-chopper-one-piece\\\/peluche-chopper-kawai\\\/\",\"name\":\"Peluche Chopper Kawai | Boutique One Piece\",\"isPartOf\":{\"@id\":\"https:\\\/\\\/boutique-one-piece.com\\\/#website\"},\"primaryImageOfPage\":{\"@id\":\"https:\\\/\\\/boutique-one-piece.com\\\/goodies-one-piece\\\/goodies-tony-tony-chopper-one-piece\\\/peluche-chopper-kawai\\\/#primaryimage\"},\"image\":{\"@id\":\"https:\\\/\\\/boutique-one-piece.com\\\/goodies-one-piece\\\/goodies-tony-tony-chopper-one-piece\\\/peluche-chopper-kawai\\\/#primaryimage\"},\"thumbnailUrl\":\"https:\\\/\\\/boutique-one-piece.com\\\/wp-content\\\/uploads\\\/2022\\\/09\\\/Peluche-Chopper-Kawai-1.png\",\"datePublished\":\"2022-09-27T20:14:12+00:00\",\"dateModified\":\"2026-03-26T21:31:45+00:00\",\"description\":\"D\u00e9couvrez la peluche One Piece Tony Chopper Kawai, elle est aussi douce que mignonne ! Commencez votre aventure de pirate \u00e0 la recherche du One Piece dans l'\u00e9quipage du Chapeau de Paille\",\"breadcrumb\":{\"@id\":\"https:\\\/\\\/boutique-one-piece.com\\\/goodies-one-piece\\\/goodies-tony-tony-chopper-one-piece\\\/peluche-chopper-kawai\\\/#breadcrumb\"},\"inLanguage\":\"pl-PL\",\"potentialAction\":[{\"@type\":\"ReadAction\",\"target\":[\"https:\\\/\\\/boutique-one-piece.com\\\/goodies-one-piece\\\/goodies-tony-tony-chopper-one-piece\\\/peluche-chopper-kawai\\\/\"]}]},{\"@type\":\"ImageObject\",\"inLanguage\":\"pl-PL\",\"@id\":\"https:\\\/\\\/boutique-one-piece.com\\\/goodies-one-piece\\\/goodies-tony-tony-chopper-one-piece\\\/peluche-chopper-kawai\\\/#primaryimage\",\"url\":\"https:\\\/\\\/boutique-one-piece.com\\\/wp-content\\\/uploads\\\/2022\\\/09\\\/Peluche-Chopper-Kawai-1.png\",\"contentUrl\":\"https:\\\/\\\/boutique-one-piece.com\\\/wp-content\\\/uploads\\\/2022\\\/09\\\/Peluche-Chopper-Kawai-1.png\",\"width\":500,\"height\":500},{\"@type\":\"BreadcrumbList\",\"@id\":\"https:\\\/\\\/boutique-one-piece.com\\\/goodies-one-piece\\\/goodies-tony-tony-chopper-one-piece\\\/peluche-chopper-kawai\\\/#breadcrumb\",\"itemListElement\":[{\"@type\":\"ListItem\",\"position\":1,\"name\":\"Home\",\"item\":\"https:\\\/\\\/boutique-one-piece.com\\\/\"},{\"@type\":\"ListItem\",\"position\":2,\"name\":\"Shop\",\"item\":\"https:\\\/\\\/boutique-one-piece.com\\\/shop\\\/\"},{\"@type\":\"ListItem\",\"position\":3,\"name\":\"Peluche Chopper Kawai\"}]},{\"@type\":\"WebSite\",\"@id\":\"https:\\\/\\\/boutique-one-piece.com\\\/#website\",\"url\":\"https:\\\/\\\/boutique-one-piece.com\\\/\",\"name\":\"Boutique One Piece\",\"description\":\"Magasin Sp\u00e9cialis\u00e9 du Manga et l&#039;Anime One Piece\",\"publisher\":{\"@id\":\"https:\\\/\\\/boutique-one-piece.com\\\/#organization\"},\"potentialAction\":[{\"@type\":\"SearchAction\",\"target\":{\"@type\":\"EntryPoint\",\"urlTemplate\":\"https:\\\/\\\/boutique-one-piece.com\\\/?s={search_term_string}\"},\"query-input\":{\"@type\":\"PropertyValueSpecification\",\"valueRequired\":true,\"valueName\":\"search_term_string\"}}],\"inLanguage\":\"pl-PL\"},{\"@type\":\"Organization\",\"@id\":\"https:\\\/\\\/boutique-one-piece.com\\\/#organization\",\"name\":\"Boutique One Piece\",\"url\":\"https:\\\/\\\/boutique-one-piece.com\\\/\",\"logo\":{\"@type\":\"ImageObject\",\"inLanguage\":\"pl-PL\",\"@id\":\"https:\\\/\\\/boutique-one-piece.com\\\/#\\\/schema\\\/logo\\\/image\\\/\",\"url\":\"https:\\\/\\\/boutique-one-piece.com\\\/wp-content\\\/uploads\\\/2022\\\/09\\\/Logo-01.png\",\"contentUrl\":\"https:\\\/\\\/boutique-one-piece.com\\\/wp-content\\\/uploads\\\/2022\\\/09\\\/Logo-01.png\",\"width\":2318,\"height\":957,\"caption\":\"Boutique One Piece\"},\"image\":{\"@id\":\"https:\\\/\\\/boutique-one-piece.com\\\/#\\\/schema\\\/logo\\\/image\\\/\"}}]}<\/script>\n<!-- \/ Yoast SEO plugin. -->","yoast_head_json":{"title":"Pluszowy Chopper Kawai | Sklep One Piece","description":"Odkryj pluszowego Tony&#039;ego Choppera z One Piece Kawaii \u2013 jest tak mi\u0119kki, jak uroczy! Rozpocznij swoj\u0105 pirack\u0105 przygod\u0119 w poszukiwaniu One Piece z za\u0142og\u0105 S\u0142omkowego Kapelusza.","robots":{"index":"index","follow":"follow","max-snippet":"max-snippet:-1","max-image-preview":"max-image-preview:large","max-video-preview":"max-video-preview:-1"},"canonical":"https:\/\/boutique-one-piece.com\/pl\/smakolyki-z-one-piece\/tony-goodies-tony-chopper-one-piece\/pluszowy-chopper-kawaii\/","og_locale":"pl_PL","og_type":"article","og_title":"Peluche Chopper Kawai | Boutique One Piece","og_description":"D\u00e9couvrez la peluche One Piece Tony Chopper Kawai, elle est aussi douce que mignonne ! Commencez votre aventure de pirate \u00e0 la recherche du One Piece dans l'\u00e9quipage du Chapeau de Paille","og_url":"https:\/\/boutique-one-piece.com\/pl\/smakolyki-z-one-piece\/tony-goodies-tony-chopper-one-piece\/pluszowy-chopper-kawaii\/","og_site_name":"Boutique One Piece","article_modified_time":"2026-03-26T21:31:45+00:00","og_image":[{"width":500,"height":500,"url":"https:\/\/boutique-one-piece.com\/wp-content\/uploads\/2022\/09\/Peluche-Chopper-Kawai-1.png","type":"image\/png"}],"twitter_card":"summary_large_image","twitter_misc":{"Szacowany czas czytania":"2 minuty"},"schema":{"@context":"https:\/\/schema.org","@graph":[{"@type":"WebPage","@id":"https:\/\/boutique-one-piece.com\/goodies-one-piece\/goodies-tony-tony-chopper-one-piece\/peluche-chopper-kawai\/","url":"https:\/\/boutique-one-piece.com\/goodies-one-piece\/goodies-tony-tony-chopper-one-piece\/peluche-chopper-kawai\/","name":"Pluszowy Chopper Kawai | Sklep One Piece","isPartOf":{"@id":"https:\/\/boutique-one-piece.com\/#website"},"primaryImageOfPage":{"@id":"https:\/\/boutique-one-piece.com\/goodies-one-piece\/goodies-tony-tony-chopper-one-piece\/peluche-chopper-kawai\/#primaryimage"},"image":{"@id":"https:\/\/boutique-one-piece.com\/goodies-one-piece\/goodies-tony-tony-chopper-one-piece\/peluche-chopper-kawai\/#primaryimage"},"thumbnailUrl":"https:\/\/boutique-one-piece.com\/wp-content\/uploads\/2022\/09\/Peluche-Chopper-Kawai-1.png","datePublished":"2022-09-27T20:14:12+00:00","dateModified":"2026-03-26T21:31:45+00:00","description":"Odkryj pluszowego Tony&#039;ego Choppera z One Piece Kawaii \u2013 jest tak mi\u0119kki, jak uroczy! Rozpocznij swoj\u0105 pirack\u0105 przygod\u0119 w poszukiwaniu One Piece z za\u0142og\u0105 S\u0142omkowego Kapelusza.","breadcrumb":{"@id":"https:\/\/boutique-one-piece.com\/goodies-one-piece\/goodies-tony-tony-chopper-one-piece\/peluche-chopper-kawai\/#breadcrumb"},"inLanguage":"pl-PL","potentialAction":[{"@type":"ReadAction","target":["https:\/\/boutique-one-piece.com\/goodies-one-piece\/goodies-tony-tony-chopper-one-piece\/peluche-chopper-kawai\/"]}]},{"@type":"ImageObject","inLanguage":"pl-PL","@id":"https:\/\/boutique-one-piece.com\/goodies-one-piece\/goodies-tony-tony-chopper-one-piece\/peluche-chopper-kawai\/#primaryimage","url":"https:\/\/boutique-one-piece.com\/wp-content\/uploads\/2022\/09\/Peluche-Chopper-Kawai-1.png","contentUrl":"https:\/\/boutique-one-piece.com\/wp-content\/uploads\/2022\/09\/Peluche-Chopper-Kawai-1.png","width":500,"height":500},{"@type":"BreadcrumbList","@id":"https:\/\/boutique-one-piece.com\/goodies-one-piece\/goodies-tony-tony-chopper-one-piece\/peluche-chopper-kawai\/#breadcrumb","itemListElement":[{"@type":"ListItem","position":1,"name":"Home","item":"https:\/\/boutique-one-piece.com\/"},{"@type":"ListItem","position":2,"name":"Shop","item":"https:\/\/boutique-one-piece.com\/shop\/"},{"@type":"ListItem","position":3,"name":"Peluche Chopper Kawai"}]},{"@type":"WebSite","@id":"https:\/\/boutique-one-piece.com\/#website","url":"https:\/\/boutique-one-piece.com\/","name":"One Piece Shop","description":"Sklep specjalistyczny z mang\u0105 i anime One Piece","publisher":{"@id":"https:\/\/boutique-one-piece.com\/#organization"},"potentialAction":[{"@type":"SearchAction","target":{"@type":"EntryPoint","urlTemplate":"https:\/\/boutique-one-piece.com\/?s={search_term_string}"},"query-input":{"@type":"PropertyValueSpecification","valueRequired":true,"valueName":"search_term_string"}}],"inLanguage":"pl-PL"},{"@type":"Organization","@id":"https:\/\/boutique-one-piece.com\/#organization","name":"One Piece Shop","url":"https:\/\/boutique-one-piece.com\/","logo":{"@type":"ImageObject","inLanguage":"pl-PL","@id":"https:\/\/boutique-one-piece.com\/#\/schema\/logo\/image\/","url":"https:\/\/boutique-one-piece.com\/wp-content\/uploads\/2022\/09\/Logo-01.png","contentUrl":"https:\/\/boutique-one-piece.com\/wp-content\/uploads\/2022\/09\/Logo-01.png","width":2318,"height":957,"caption":"Boutique One Piece"},"image":{"@id":"https:\/\/boutique-one-piece.com\/#\/schema\/logo\/image\/"}}]}},"_links":{"self":[{"href":"https:\/\/boutique-one-piece.com\/pl\/wp-json\/wp\/v2\/product\/8638","targetHints":{"allow":["GET"]}}],"collection":[{"href":"https:\/\/boutique-one-piece.com\/pl\/wp-json\/wp\/v2\/product"}],"about":[{"href":"https:\/\/boutique-one-piece.com\/pl\/wp-json\/wp\/v2\/types\/product"}],"replies":[{"embeddable":true,"href":"https:\/\/boutique-one-piece.com\/pl\/wp-json\/wp\/v2\/comments?post=8638"}],"wp:featuredmedia":[{"embeddable":true,"href":"https:\/\/boutique-one-piece.com\/pl\/wp-json\/wp\/v2\/media\/8640"}],"wp:attachment":[{"href":"https:\/\/boutique-one-piece.com\/pl\/wp-json\/wp\/v2\/media?parent=8638"}],"wp:term":[{"taxonomy":"product_brand","embeddable":true,"href":"https:\/\/boutique-one-piece.com\/pl\/wp-json\/wp\/v2\/product_brand?post=8638"},{"taxonomy":"product_cat","embeddable":true,"href":"https:\/\/boutique-one-piece.com\/pl\/wp-json\/wp\/v2\/product_cat?post=8638"},{"taxonomy":"product_tag","embeddable":true,"href":"https:\/\/boutique-one-piece.com\/pl\/wp-json\/wp\/v2\/product_tag?post=8638"}],"curies":[{"name":"wp","href":"https:\/\/api.w.org\/{rel}","templated":true}]}}