{"id":8676,"date":"2022-09-27T20:14:22","date_gmt":"2022-09-27T20:14:22","guid":{"rendered":"https:\/\/boutique-one-piece.com\/uncategorized\/tasse-magique-one-piece-luffy-luffy-gear-second-luffy-gear-fourth\/"},"modified":"2024-10-30T23:27:09","modified_gmt":"2024-10-30T23:27:09","slug":"magiczny-kubek-jeden-kawalek-luffy-luffy-gear-drugi-luffy-gear-czwarty","status":"publish","type":"product","link":"https:\/\/boutique-one-piece.com\/pl\/akcesoria-one-piece\/kubki-i-filizanki-one-piece\/magiczny-kubek-jeden-kawalek-luffy-luffy-gear-drugi-luffy-gear-czwarty\/","title":{"rendered":"Magiczny kubek One Piece Luffy, drugi sprz\u0119t Luffy&#039;ego, czwarty sprz\u0119t Luffy&#039;ego"},"content":{"rendered":"<ul>\n<li><span><b><u>Kubek One Piece<\/u><\/b>\u00a0Magiczny kubek ze \u015bwiata One Piece dla prawdziwych pirat\u00f3w<\/span><\/li>\n<\/ul>\n<ul>\n<li>\n<b>Materia\u0142<\/b><span>\u00a0<\/span>Ceramika<\/li>\n<\/ul>\n<ul>\n<li><span><strong>DARMOWA DOSTAWA<\/strong><\/span><\/li>\n<\/ul>","protected":false},"excerpt":{"rendered":"<p>Mug\u00a0One Piece\u00a0:\u00a0Mug magique de l&rsquo;univers One Piece pour les vrais pirates Mati\u00e8re\u00a0:\u00a0C\u00e9ramique LIVRAISON OFFERTE<\/p>","protected":false},"featured_media":8678,"comment_status":"open","ping_status":"open","template":"","meta":[],"product_brand":[],"product_cat":[78],"product_tag":[],"class_list":{"0":"post-8676","1":"product","2":"type-product","3":"status-publish","4":"has-post-thumbnail","6":"product_cat-mugs-et-tasses-one-piece","8":"first","9":"instock","10":"purchasable","11":"product-type-simple"},"yoast_head":"<!-- This site is optimized with the Yoast SEO plugin v27.5 - https:\/\/yoast.com\/product\/yoast-seo-wordpress\/ -->\n<title>Tasse Magique One Piece Luffy, LUffy Gear Second, Luffy Gear Fourth | Mug One Piece<\/title>\n<meta name=\"description\" content=\"Mug\u00a0One Piece\u00a0:\u00a0Mug magique de l&#039;univers One Piece pour les vrais pirates Mati\u00e8re\u00a0:\u00a0C\u00e9ramique LIVRAISON OFFERTE\" \/>\n<meta name=\"robots\" content=\"index, follow, max-snippet:-1, max-image-preview:large, max-video-preview:-1\" \/>\n<link rel=\"canonical\" href=\"https:\/\/boutique-one-piece.com\/pl\/akcesoria-one-piece\/kubki-i-filizanki-one-piece\/magiczny-kubek-jeden-kawalek-luffy-luffy-gear-drugi-luffy-gear-czwarty\/\" \/>\n<meta property=\"og:locale\" content=\"pl_PL\" \/>\n<meta property=\"og:type\" content=\"article\" \/>\n<meta property=\"og:title\" content=\"Tasse Magique One Piece Luffy, LUffy Gear Second, Luffy Gear Fourth | Mug One Piece\" \/>\n<meta property=\"og:description\" content=\"Mug\u00a0One Piece\u00a0:\u00a0Mug magique de l&#039;univers One Piece pour les vrais pirates Mati\u00e8re\u00a0:\u00a0C\u00e9ramique LIVRAISON OFFERTE\" \/>\n<meta property=\"og:url\" content=\"https:\/\/boutique-one-piece.com\/pl\/akcesoria-one-piece\/kubki-i-filizanki-one-piece\/magiczny-kubek-jeden-kawalek-luffy-luffy-gear-drugi-luffy-gear-czwarty\/\" \/>\n<meta property=\"og:site_name\" content=\"Boutique One Piece\" \/>\n<meta property=\"article:modified_time\" content=\"2024-10-30T23:27:09+00:00\" \/>\n<meta property=\"og:image\" content=\"https:\/\/boutique-one-piece.com\/wp-content\/uploads\/2022\/09\/Tasse-Magique-One-Piece-Luffy-LUffy-Gear-Second-Luffy-Gear-Fourth.jpg\" \/>\n\t<meta property=\"og:image:width\" content=\"640\" \/>\n\t<meta property=\"og:image:height\" content=\"640\" \/>\n\t<meta property=\"og:image:type\" content=\"image\/jpeg\" \/>\n<meta name=\"twitter:card\" content=\"summary_large_image\" \/>\n<script type=\"application\/ld+json\" class=\"yoast-schema-graph\">{\"@context\":\"https:\\\/\\\/schema.org\",\"@graph\":[{\"@type\":\"WebPage\",\"@id\":\"https:\\\/\\\/boutique-one-piece.com\\\/accessoires-one-piece\\\/mugs-et-tasses-one-piece\\\/tasse-magique-one-piece-luffy-luffy-gear-second-luffy-gear-fourth\\\/\",\"url\":\"https:\\\/\\\/boutique-one-piece.com\\\/accessoires-one-piece\\\/mugs-et-tasses-one-piece\\\/tasse-magique-one-piece-luffy-luffy-gear-second-luffy-gear-fourth\\\/\",\"name\":\"Tasse Magique One Piece Luffy, LUffy Gear Second, Luffy Gear Fourth | Mug One Piece\",\"isPartOf\":{\"@id\":\"https:\\\/\\\/boutique-one-piece.com\\\/#website\"},\"primaryImageOfPage\":{\"@id\":\"https:\\\/\\\/boutique-one-piece.com\\\/accessoires-one-piece\\\/mugs-et-tasses-one-piece\\\/tasse-magique-one-piece-luffy-luffy-gear-second-luffy-gear-fourth\\\/#primaryimage\"},\"image\":{\"@id\":\"https:\\\/\\\/boutique-one-piece.com\\\/accessoires-one-piece\\\/mugs-et-tasses-one-piece\\\/tasse-magique-one-piece-luffy-luffy-gear-second-luffy-gear-fourth\\\/#primaryimage\"},\"thumbnailUrl\":\"https:\\\/\\\/boutique-one-piece.com\\\/wp-content\\\/uploads\\\/2022\\\/09\\\/Tasse-Magique-One-Piece-Luffy-LUffy-Gear-Second-Luffy-Gear-Fourth.jpg\",\"datePublished\":\"2022-09-27T20:14:22+00:00\",\"dateModified\":\"2024-10-30T23:27:09+00:00\",\"description\":\"Mug\u00a0One Piece\u00a0:\u00a0Mug magique de l'univers One Piece pour les vrais pirates Mati\u00e8re\u00a0:\u00a0C\u00e9ramique LIVRAISON OFFERTE\",\"breadcrumb\":{\"@id\":\"https:\\\/\\\/boutique-one-piece.com\\\/accessoires-one-piece\\\/mugs-et-tasses-one-piece\\\/tasse-magique-one-piece-luffy-luffy-gear-second-luffy-gear-fourth\\\/#breadcrumb\"},\"inLanguage\":\"pl-PL\",\"potentialAction\":[{\"@type\":\"ReadAction\",\"target\":[\"https:\\\/\\\/boutique-one-piece.com\\\/accessoires-one-piece\\\/mugs-et-tasses-one-piece\\\/tasse-magique-one-piece-luffy-luffy-gear-second-luffy-gear-fourth\\\/\"]}]},{\"@type\":\"ImageObject\",\"inLanguage\":\"pl-PL\",\"@id\":\"https:\\\/\\\/boutique-one-piece.com\\\/accessoires-one-piece\\\/mugs-et-tasses-one-piece\\\/tasse-magique-one-piece-luffy-luffy-gear-second-luffy-gear-fourth\\\/#primaryimage\",\"url\":\"https:\\\/\\\/boutique-one-piece.com\\\/wp-content\\\/uploads\\\/2022\\\/09\\\/Tasse-Magique-One-Piece-Luffy-LUffy-Gear-Second-Luffy-Gear-Fourth.jpg\",\"contentUrl\":\"https:\\\/\\\/boutique-one-piece.com\\\/wp-content\\\/uploads\\\/2022\\\/09\\\/Tasse-Magique-One-Piece-Luffy-LUffy-Gear-Second-Luffy-Gear-Fourth.jpg\",\"width\":640,\"height\":640,\"caption\":\"Luffy Gear Fourth Default Title\"},{\"@type\":\"BreadcrumbList\",\"@id\":\"https:\\\/\\\/boutique-one-piece.com\\\/accessoires-one-piece\\\/mugs-et-tasses-one-piece\\\/tasse-magique-one-piece-luffy-luffy-gear-second-luffy-gear-fourth\\\/#breadcrumb\",\"itemListElement\":[{\"@type\":\"ListItem\",\"position\":1,\"name\":\"Home\",\"item\":\"https:\\\/\\\/boutique-one-piece.com\\\/\"},{\"@type\":\"ListItem\",\"position\":2,\"name\":\"Shop\",\"item\":\"https:\\\/\\\/boutique-one-piece.com\\\/shop\\\/\"},{\"@type\":\"ListItem\",\"position\":3,\"name\":\"Tasse Magique One Piece Luffy, LUffy Gear Second, Luffy Gear Fourth\"}]},{\"@type\":\"WebSite\",\"@id\":\"https:\\\/\\\/boutique-one-piece.com\\\/#website\",\"url\":\"https:\\\/\\\/boutique-one-piece.com\\\/\",\"name\":\"Boutique One Piece\",\"description\":\"Magasin Sp\u00e9cialis\u00e9 du Manga et l&#039;Anime One Piece\",\"publisher\":{\"@id\":\"https:\\\/\\\/boutique-one-piece.com\\\/#organization\"},\"potentialAction\":[{\"@type\":\"SearchAction\",\"target\":{\"@type\":\"EntryPoint\",\"urlTemplate\":\"https:\\\/\\\/boutique-one-piece.com\\\/?s={search_term_string}\"},\"query-input\":{\"@type\":\"PropertyValueSpecification\",\"valueRequired\":true,\"valueName\":\"search_term_string\"}}],\"inLanguage\":\"pl-PL\"},{\"@type\":\"Organization\",\"@id\":\"https:\\\/\\\/boutique-one-piece.com\\\/#organization\",\"name\":\"Boutique One Piece\",\"url\":\"https:\\\/\\\/boutique-one-piece.com\\\/\",\"logo\":{\"@type\":\"ImageObject\",\"inLanguage\":\"pl-PL\",\"@id\":\"https:\\\/\\\/boutique-one-piece.com\\\/#\\\/schema\\\/logo\\\/image\\\/\",\"url\":\"https:\\\/\\\/boutique-one-piece.com\\\/wp-content\\\/uploads\\\/2022\\\/09\\\/Logo-01.png\",\"contentUrl\":\"https:\\\/\\\/boutique-one-piece.com\\\/wp-content\\\/uploads\\\/2022\\\/09\\\/Logo-01.png\",\"width\":2318,\"height\":957,\"caption\":\"Boutique One Piece\"},\"image\":{\"@id\":\"https:\\\/\\\/boutique-one-piece.com\\\/#\\\/schema\\\/logo\\\/image\\\/\"}}]}<\/script>\n<!-- \/ Yoast SEO plugin. -->","yoast_head_json":{"title":"Kubek magiczny One Piece Luffy, drugi Luffy Gear, czwarty Luffy Gear | Kubek One Piece","description":"Kubek One Piece: Magiczny kubek ze \u015bwiata One Piece dla prawdziwych pirat\u00f3w. Materia\u0142: ceramika. DARMOWA WYSY\u0141KA","robots":{"index":"index","follow":"follow","max-snippet":"max-snippet:-1","max-image-preview":"max-image-preview:large","max-video-preview":"max-video-preview:-1"},"canonical":"https:\/\/boutique-one-piece.com\/pl\/akcesoria-one-piece\/kubki-i-filizanki-one-piece\/magiczny-kubek-jeden-kawalek-luffy-luffy-gear-drugi-luffy-gear-czwarty\/","og_locale":"pl_PL","og_type":"article","og_title":"Tasse Magique One Piece Luffy, LUffy Gear Second, Luffy Gear Fourth | Mug One Piece","og_description":"Mug\u00a0One Piece\u00a0:\u00a0Mug magique de l'univers One Piece pour les vrais pirates Mati\u00e8re\u00a0:\u00a0C\u00e9ramique LIVRAISON OFFERTE","og_url":"https:\/\/boutique-one-piece.com\/pl\/akcesoria-one-piece\/kubki-i-filizanki-one-piece\/magiczny-kubek-jeden-kawalek-luffy-luffy-gear-drugi-luffy-gear-czwarty\/","og_site_name":"Boutique One Piece","article_modified_time":"2024-10-30T23:27:09+00:00","og_image":[{"width":640,"height":640,"url":"https:\/\/boutique-one-piece.com\/wp-content\/uploads\/2022\/09\/Tasse-Magique-One-Piece-Luffy-LUffy-Gear-Second-Luffy-Gear-Fourth.jpg","type":"image\/jpeg"}],"twitter_card":"summary_large_image","schema":{"@context":"https:\/\/schema.org","@graph":[{"@type":"WebPage","@id":"https:\/\/boutique-one-piece.com\/accessoires-one-piece\/mugs-et-tasses-one-piece\/tasse-magique-one-piece-luffy-luffy-gear-second-luffy-gear-fourth\/","url":"https:\/\/boutique-one-piece.com\/accessoires-one-piece\/mugs-et-tasses-one-piece\/tasse-magique-one-piece-luffy-luffy-gear-second-luffy-gear-fourth\/","name":"Kubek magiczny One Piece Luffy, drugi Luffy Gear, czwarty Luffy Gear | Kubek One Piece","isPartOf":{"@id":"https:\/\/boutique-one-piece.com\/#website"},"primaryImageOfPage":{"@id":"https:\/\/boutique-one-piece.com\/accessoires-one-piece\/mugs-et-tasses-one-piece\/tasse-magique-one-piece-luffy-luffy-gear-second-luffy-gear-fourth\/#primaryimage"},"image":{"@id":"https:\/\/boutique-one-piece.com\/accessoires-one-piece\/mugs-et-tasses-one-piece\/tasse-magique-one-piece-luffy-luffy-gear-second-luffy-gear-fourth\/#primaryimage"},"thumbnailUrl":"https:\/\/boutique-one-piece.com\/wp-content\/uploads\/2022\/09\/Tasse-Magique-One-Piece-Luffy-LUffy-Gear-Second-Luffy-Gear-Fourth.jpg","datePublished":"2022-09-27T20:14:22+00:00","dateModified":"2024-10-30T23:27:09+00:00","description":"Kubek One Piece: Magiczny kubek ze \u015bwiata One Piece dla prawdziwych pirat\u00f3w. Materia\u0142: ceramika. DARMOWA WYSY\u0141KA","breadcrumb":{"@id":"https:\/\/boutique-one-piece.com\/accessoires-one-piece\/mugs-et-tasses-one-piece\/tasse-magique-one-piece-luffy-luffy-gear-second-luffy-gear-fourth\/#breadcrumb"},"inLanguage":"pl-PL","potentialAction":[{"@type":"ReadAction","target":["https:\/\/boutique-one-piece.com\/accessoires-one-piece\/mugs-et-tasses-one-piece\/tasse-magique-one-piece-luffy-luffy-gear-second-luffy-gear-fourth\/"]}]},{"@type":"ImageObject","inLanguage":"pl-PL","@id":"https:\/\/boutique-one-piece.com\/accessoires-one-piece\/mugs-et-tasses-one-piece\/tasse-magique-one-piece-luffy-luffy-gear-second-luffy-gear-fourth\/#primaryimage","url":"https:\/\/boutique-one-piece.com\/wp-content\/uploads\/2022\/09\/Tasse-Magique-One-Piece-Luffy-LUffy-Gear-Second-Luffy-Gear-Fourth.jpg","contentUrl":"https:\/\/boutique-one-piece.com\/wp-content\/uploads\/2022\/09\/Tasse-Magique-One-Piece-Luffy-LUffy-Gear-Second-Luffy-Gear-Fourth.jpg","width":640,"height":640,"caption":"Luffy Gear Fourth Default Title"},{"@type":"BreadcrumbList","@id":"https:\/\/boutique-one-piece.com\/accessoires-one-piece\/mugs-et-tasses-one-piece\/tasse-magique-one-piece-luffy-luffy-gear-second-luffy-gear-fourth\/#breadcrumb","itemListElement":[{"@type":"ListItem","position":1,"name":"Home","item":"https:\/\/boutique-one-piece.com\/"},{"@type":"ListItem","position":2,"name":"Shop","item":"https:\/\/boutique-one-piece.com\/shop\/"},{"@type":"ListItem","position":3,"name":"Tasse Magique One Piece Luffy, LUffy Gear Second, Luffy Gear Fourth"}]},{"@type":"WebSite","@id":"https:\/\/boutique-one-piece.com\/#website","url":"https:\/\/boutique-one-piece.com\/","name":"One Piece Shop","description":"Sklep specjalistyczny z mang\u0105 i anime One Piece","publisher":{"@id":"https:\/\/boutique-one-piece.com\/#organization"},"potentialAction":[{"@type":"SearchAction","target":{"@type":"EntryPoint","urlTemplate":"https:\/\/boutique-one-piece.com\/?s={search_term_string}"},"query-input":{"@type":"PropertyValueSpecification","valueRequired":true,"valueName":"search_term_string"}}],"inLanguage":"pl-PL"},{"@type":"Organization","@id":"https:\/\/boutique-one-piece.com\/#organization","name":"One Piece Shop","url":"https:\/\/boutique-one-piece.com\/","logo":{"@type":"ImageObject","inLanguage":"pl-PL","@id":"https:\/\/boutique-one-piece.com\/#\/schema\/logo\/image\/","url":"https:\/\/boutique-one-piece.com\/wp-content\/uploads\/2022\/09\/Logo-01.png","contentUrl":"https:\/\/boutique-one-piece.com\/wp-content\/uploads\/2022\/09\/Logo-01.png","width":2318,"height":957,"caption":"Boutique One Piece"},"image":{"@id":"https:\/\/boutique-one-piece.com\/#\/schema\/logo\/image\/"}}]}},"_links":{"self":[{"href":"https:\/\/boutique-one-piece.com\/pl\/wp-json\/wp\/v2\/product\/8676","targetHints":{"allow":["GET"]}}],"collection":[{"href":"https:\/\/boutique-one-piece.com\/pl\/wp-json\/wp\/v2\/product"}],"about":[{"href":"https:\/\/boutique-one-piece.com\/pl\/wp-json\/wp\/v2\/types\/product"}],"replies":[{"embeddable":true,"href":"https:\/\/boutique-one-piece.com\/pl\/wp-json\/wp\/v2\/comments?post=8676"}],"wp:featuredmedia":[{"embeddable":true,"href":"https:\/\/boutique-one-piece.com\/pl\/wp-json\/wp\/v2\/media\/8678"}],"wp:attachment":[{"href":"https:\/\/boutique-one-piece.com\/pl\/wp-json\/wp\/v2\/media?parent=8676"}],"wp:term":[{"taxonomy":"product_brand","embeddable":true,"href":"https:\/\/boutique-one-piece.com\/pl\/wp-json\/wp\/v2\/product_brand?post=8676"},{"taxonomy":"product_cat","embeddable":true,"href":"https:\/\/boutique-one-piece.com\/pl\/wp-json\/wp\/v2\/product_cat?post=8676"},{"taxonomy":"product_tag","embeddable":true,"href":"https:\/\/boutique-one-piece.com\/pl\/wp-json\/wp\/v2\/product_tag?post=8676"}],"curies":[{"name":"wp","href":"https:\/\/api.w.org\/{rel}","templated":true}]}}