{"id":8794,"date":"2022-09-27T20:15:13","date_gmt":"2022-09-27T20:15:13","guid":{"rendered":"https:\/\/boutique-one-piece.com\/uncategorized\/figurine-one-piece-law-position-interchangeable\/"},"modified":"2024-09-16T11:27:27","modified_gmt":"2024-09-16T11:27:27","slug":"jednoczesciowa-figurka-prawnicza-z-mozliwoscia-zmiany-pozycji","status":"publish","type":"product","link":"https:\/\/boutique-one-piece.com\/pl\/figurki-one-piece\/figurki-trafalgar-law\/jednoczesciowa-figurka-prawnicza-z-mozliwoscia-zmiany-pozycji\/","title":{"rendered":"One Piece Law Position Wymienna figurka"},"content":{"rendered":"<h2>M\u0142ody piracie, nadszed\u0142 czas, aby\u015b zdoby\u0142 t\u0119 wymienn\u0105 figurk\u0119 One Piece Law Position.<\/h2>\n<p>Z pewno\u015bci\u0105 jeste\u015b tego \u015bwiadomy <strong>Prawo Trafalgarskie<\/strong>, kt\u00f3rego prawdziwe nazwisko brzmi Trafalgar D. Water Law, jest kapitanem i doktorem<strong> Za\u0142oga Serca<\/strong> ; Piracka za\u0142oga z\u0142o\u017cona g\u0142\u00f3wnie z lekarzy. Troch\u0119 wi\u0119cej informacji o jego za\u0142odze: Piraci Serca to s\u0142ynna grupa znanych pirat\u00f3w, odkryta na archipelagu Sabaody w czasach, gdy... <strong>Za\u0142oga S\u0142omkowego Kapelusza<\/strong> po prostu przeje\u017cd\u017ca\u0142em.<\/p>\n<p>Ich potencja\u0142 zosta\u0142 dodatkowo zademonstrowany wraz z premier\u0105 P\u0142ynu Silversa Rayleigha, kt\u00f3remu niemal wszyscy cz\u0142onkowie za\u0142ogi byli w stanie si\u0119 oprze\u0107. Je\u015bli chcesz rozszerzy\u0107 swoj\u0105 kolekcj\u0119 figurek, <a title=\"FIGURA POK\u00c9MON KAPITAN S\u0141OMKOWY KAPELUSZ LUFFY\" href=\"https:\/\/boutique-one-piece.com\/pl\/figurka-pokemon-przedstawiajaca-kapitana-luffyego-w-kapeluszu-slomkowym\/\" target=\"_blank\" rel=\"noopener\">Figurka Kapitana w S\u0142omkowym Kapeluszu<\/a> (Luffy) jest w twoim zasi\u0119gu.<\/p>\n<h3>Zafascynowany kapitanem Trafalgarem Lawem? Je\u015bli tak, nie wahaj si\u0119 d\u0142u\u017cej i do\u0142\u0105cz do jego za\u0142ogi; w za\u0142odze Heart czeka Ci\u0119 wiele przyg\u00f3d.<\/h3>\n<p><strong>Jeden kawa\u0142ek<\/strong> to najlepiej sprzedaj\u0105ca si\u0119 manga na \u015bwiecie. B\u0105d\u017a dumny, \u017ce jeste\u015b cz\u0119\u015bci\u0105 tej przygody! Zanurz si\u0119 w tym uniwersum lub odkryj je na nowo dzi\u0119ki tym <strong>mityczne przedmioty<\/strong>. Te przedmioty idealnie nadaj\u0105 si\u0119 na prezent, dekoracj\u0119 lub do kolekcjonowania. Nie czekaj d\u0142u\u017cej i skorzystaj z okazji, aby poszerzy\u0107 swoj\u0105 ofert\u0119. <strong>Tw\u00f3j wszech\u015bwiat One Piece<\/strong>.<\/p>\n<h2>Informacje o pozycji prawnej wymiennej figury\u00a0<\/h2>\n<ul>\n<li><span><b><u>Figurka One Piece<\/u><\/b>\u00a0Figurka Premium One Piece dla prawdziwych pirat\u00f3w<\/span><\/li>\n<\/ul>\n<ul>\n<li>\n<b>Materia\u0142<\/b><span>\u00a0<\/span>PCV<\/li>\n<\/ul>\n<ul>\n<li><span><strong>Wymiar<\/strong>\u00a0: 23 cm<\/span><\/li>\n<\/ul>\n<ul>\n<li><span><strong>DARMOWA DOSTAWA<\/strong><\/span><\/li>\n<\/ul>","protected":false},"excerpt":{"rendered":"<p>Jeune pirate, le moment est venu pour toi de te procurer cette Figurine One Piece Law Position Interchangeable. Tu n&rsquo;es pas sans savoir que Trafalgar Law, de son vrai nom Trafalgar D. Water Law, est le Capitaine et Docteur de L&rsquo;\u00c9quipage du Heart ; un \u00e9quipage pirate constitu\u00e9 surtout de docteurs. Petite pr\u00e9cision concernant son [&hellip;]<\/p>","protected":false},"featured_media":8796,"comment_status":"open","ping_status":"open","template":"","meta":[],"product_brand":[],"product_cat":[76,214],"product_tag":[202],"class_list":{"0":"post-8794","1":"product","2":"type-product","3":"status-publish","4":"has-post-thumbnail","6":"product_cat-figurines-one-piece","7":"product_cat-figurines-trafalgar-law","8":"product_tag-law","10":"first","11":"instock","12":"purchasable","13":"product-type-simple"},"yoast_head":"<!-- This site is optimized with the Yoast SEO plugin v27.5 - https:\/\/yoast.com\/product\/yoast-seo-wordpress\/ -->\n<title>Figurine One Piece Law Position Interchangeable | Figurine One Piece \u2013 Boutique One Piece<\/title>\n<meta name=\"description\" content=\"Jeune pirate, le moment est venu pour toi de te procurer cette Figurine One Piece Law Position Interchangeable. Tu n&#039;es pas sans savoir que Trafalgar Law, de son vrai nom Trafalgar D. Water Law, est le Capitaine et Docteur de L&#039;\u00c9quipage du Heart ; un \u00e9quipage pirate constitu\u00e9 surtout de docteurs. Petite pr\u00e9cision conce\" \/>\n<meta name=\"robots\" content=\"index, follow, max-snippet:-1, max-image-preview:large, max-video-preview:-1\" \/>\n<link rel=\"canonical\" href=\"https:\/\/boutique-one-piece.com\/pl\/figurki-one-piece\/figurki-trafalgar-law\/jednoczesciowa-figurka-prawnicza-z-mozliwoscia-zmiany-pozycji\/\" \/>\n<meta property=\"og:locale\" content=\"pl_PL\" \/>\n<meta property=\"og:type\" content=\"article\" \/>\n<meta property=\"og:title\" content=\"Figurine One Piece Law Position Interchangeable | Figurine One Piece \u2013 Boutique One Piece\" \/>\n<meta property=\"og:description\" content=\"Jeune pirate, le moment est venu pour toi de te procurer cette Figurine One Piece Law Position Interchangeable. Tu n&#039;es pas sans savoir que Trafalgar Law, de son vrai nom Trafalgar D. Water Law, est le Capitaine et Docteur de L&#039;\u00c9quipage du Heart ; un \u00e9quipage pirate constitu\u00e9 surtout de docteurs. Petite pr\u00e9cision conce\" \/>\n<meta property=\"og:url\" content=\"https:\/\/boutique-one-piece.com\/pl\/figurki-one-piece\/figurki-trafalgar-law\/jednoczesciowa-figurka-prawnicza-z-mozliwoscia-zmiany-pozycji\/\" \/>\n<meta property=\"og:site_name\" content=\"Boutique One Piece\" \/>\n<meta property=\"article:modified_time\" content=\"2024-09-16T11:27:27+00:00\" \/>\n<meta property=\"og:image\" content=\"https:\/\/boutique-one-piece.com\/wp-content\/uploads\/2022\/09\/Figurine-One-Piece-Law-Position-Interchangeable-1.jpg\" \/>\n\t<meta property=\"og:image:width\" content=\"586\" \/>\n\t<meta property=\"og:image:height\" content=\"800\" \/>\n\t<meta property=\"og:image:type\" content=\"image\/jpeg\" \/>\n<meta name=\"twitter:card\" content=\"summary_large_image\" \/>\n<meta name=\"twitter:label1\" content=\"Szacowany czas czytania\" \/>\n\t<meta name=\"twitter:data1\" content=\"1 minuta\" \/>\n<script type=\"application\/ld+json\" class=\"yoast-schema-graph\">{\"@context\":\"https:\\\/\\\/schema.org\",\"@graph\":[{\"@type\":\"WebPage\",\"@id\":\"https:\\\/\\\/boutique-one-piece.com\\\/figurines-one-piece\\\/figurines-trafalgar-law\\\/figurine-one-piece-law-position-interchangeable\\\/\",\"url\":\"https:\\\/\\\/boutique-one-piece.com\\\/figurines-one-piece\\\/figurines-trafalgar-law\\\/figurine-one-piece-law-position-interchangeable\\\/\",\"name\":\"Figurine One Piece Law Position Interchangeable | Figurine One Piece \u2013 Boutique One Piece\",\"isPartOf\":{\"@id\":\"https:\\\/\\\/boutique-one-piece.com\\\/#website\"},\"primaryImageOfPage\":{\"@id\":\"https:\\\/\\\/boutique-one-piece.com\\\/figurines-one-piece\\\/figurines-trafalgar-law\\\/figurine-one-piece-law-position-interchangeable\\\/#primaryimage\"},\"image\":{\"@id\":\"https:\\\/\\\/boutique-one-piece.com\\\/figurines-one-piece\\\/figurines-trafalgar-law\\\/figurine-one-piece-law-position-interchangeable\\\/#primaryimage\"},\"thumbnailUrl\":\"https:\\\/\\\/boutique-one-piece.com\\\/wp-content\\\/uploads\\\/2022\\\/09\\\/Figurine-One-Piece-Law-Position-Interchangeable-1.jpg\",\"datePublished\":\"2022-09-27T20:15:13+00:00\",\"dateModified\":\"2024-09-16T11:27:27+00:00\",\"description\":\"Jeune pirate, le moment est venu pour toi de te procurer cette Figurine One Piece Law Position Interchangeable. Tu n'es pas sans savoir que Trafalgar Law, de son vrai nom Trafalgar D. Water Law, est le Capitaine et Docteur de L'\u00c9quipage du Heart ; un \u00e9quipage pirate constitu\u00e9 surtout de docteurs. Petite pr\u00e9cision conce\",\"breadcrumb\":{\"@id\":\"https:\\\/\\\/boutique-one-piece.com\\\/figurines-one-piece\\\/figurines-trafalgar-law\\\/figurine-one-piece-law-position-interchangeable\\\/#breadcrumb\"},\"inLanguage\":\"pl-PL\",\"potentialAction\":[{\"@type\":\"ReadAction\",\"target\":[\"https:\\\/\\\/boutique-one-piece.com\\\/figurines-one-piece\\\/figurines-trafalgar-law\\\/figurine-one-piece-law-position-interchangeable\\\/\"]}]},{\"@type\":\"ImageObject\",\"inLanguage\":\"pl-PL\",\"@id\":\"https:\\\/\\\/boutique-one-piece.com\\\/figurines-one-piece\\\/figurines-trafalgar-law\\\/figurine-one-piece-law-position-interchangeable\\\/#primaryimage\",\"url\":\"https:\\\/\\\/boutique-one-piece.com\\\/wp-content\\\/uploads\\\/2022\\\/09\\\/Figurine-One-Piece-Law-Position-Interchangeable-1.jpg\",\"contentUrl\":\"https:\\\/\\\/boutique-one-piece.com\\\/wp-content\\\/uploads\\\/2022\\\/09\\\/Figurine-One-Piece-Law-Position-Interchangeable-1.jpg\",\"width\":586,\"height\":800},{\"@type\":\"BreadcrumbList\",\"@id\":\"https:\\\/\\\/boutique-one-piece.com\\\/figurines-one-piece\\\/figurines-trafalgar-law\\\/figurine-one-piece-law-position-interchangeable\\\/#breadcrumb\",\"itemListElement\":[{\"@type\":\"ListItem\",\"position\":1,\"name\":\"Home\",\"item\":\"https:\\\/\\\/boutique-one-piece.com\\\/\"},{\"@type\":\"ListItem\",\"position\":2,\"name\":\"Shop\",\"item\":\"https:\\\/\\\/boutique-one-piece.com\\\/shop\\\/\"},{\"@type\":\"ListItem\",\"position\":3,\"name\":\"Figurine One Piece Law Position Interchangeable\"}]},{\"@type\":\"WebSite\",\"@id\":\"https:\\\/\\\/boutique-one-piece.com\\\/#website\",\"url\":\"https:\\\/\\\/boutique-one-piece.com\\\/\",\"name\":\"Boutique One Piece\",\"description\":\"Magasin Sp\u00e9cialis\u00e9 du Manga et l&#039;Anime One Piece\",\"publisher\":{\"@id\":\"https:\\\/\\\/boutique-one-piece.com\\\/#organization\"},\"potentialAction\":[{\"@type\":\"SearchAction\",\"target\":{\"@type\":\"EntryPoint\",\"urlTemplate\":\"https:\\\/\\\/boutique-one-piece.com\\\/?s={search_term_string}\"},\"query-input\":{\"@type\":\"PropertyValueSpecification\",\"valueRequired\":true,\"valueName\":\"search_term_string\"}}],\"inLanguage\":\"pl-PL\"},{\"@type\":\"Organization\",\"@id\":\"https:\\\/\\\/boutique-one-piece.com\\\/#organization\",\"name\":\"Boutique One Piece\",\"url\":\"https:\\\/\\\/boutique-one-piece.com\\\/\",\"logo\":{\"@type\":\"ImageObject\",\"inLanguage\":\"pl-PL\",\"@id\":\"https:\\\/\\\/boutique-one-piece.com\\\/#\\\/schema\\\/logo\\\/image\\\/\",\"url\":\"https:\\\/\\\/boutique-one-piece.com\\\/wp-content\\\/uploads\\\/2022\\\/09\\\/Logo-01.png\",\"contentUrl\":\"https:\\\/\\\/boutique-one-piece.com\\\/wp-content\\\/uploads\\\/2022\\\/09\\\/Logo-01.png\",\"width\":2318,\"height\":957,\"caption\":\"Boutique One Piece\"},\"image\":{\"@id\":\"https:\\\/\\\/boutique-one-piece.com\\\/#\\\/schema\\\/logo\\\/image\\\/\"}}]}<\/script>\n<!-- \/ Yoast SEO plugin. -->","yoast_head_json":{"title":"Wymienna figurka One Piece Law Position | Figurka One Piece \u2013 Sklep One Piece","description":"M\u0142ody piracie, nadszed\u0142 czas, aby\u015b zdoby\u0142 t\u0119 figurk\u0119 One Piece Law Interchangeable Position Figure. Z pewno\u015bci\u0105 wiesz, \u017ce Trafalgar Law, kt\u00f3rego prawdziwe nazwisko to Trafalgar D. Water Law, jest kapitanem i lekarzem Pirat\u00f3w Serca; pirackiej za\u0142ogi z\u0142o\u017conej g\u0142\u00f3wnie z lekarzy. Ma\u0142y szczeg\u00f3\u0142 dotycz\u0105cy\u2026","robots":{"index":"index","follow":"follow","max-snippet":"max-snippet:-1","max-image-preview":"max-image-preview:large","max-video-preview":"max-video-preview:-1"},"canonical":"https:\/\/boutique-one-piece.com\/pl\/figurki-one-piece\/figurki-trafalgar-law\/jednoczesciowa-figurka-prawnicza-z-mozliwoscia-zmiany-pozycji\/","og_locale":"pl_PL","og_type":"article","og_title":"Figurine One Piece Law Position Interchangeable | Figurine One Piece \u2013 Boutique One Piece","og_description":"Jeune pirate, le moment est venu pour toi de te procurer cette Figurine One Piece Law Position Interchangeable. Tu n'es pas sans savoir que Trafalgar Law, de son vrai nom Trafalgar D. Water Law, est le Capitaine et Docteur de L'\u00c9quipage du Heart ; un \u00e9quipage pirate constitu\u00e9 surtout de docteurs. Petite pr\u00e9cision conce","og_url":"https:\/\/boutique-one-piece.com\/pl\/figurki-one-piece\/figurki-trafalgar-law\/jednoczesciowa-figurka-prawnicza-z-mozliwoscia-zmiany-pozycji\/","og_site_name":"Boutique One Piece","article_modified_time":"2024-09-16T11:27:27+00:00","og_image":[{"width":586,"height":800,"url":"https:\/\/boutique-one-piece.com\/wp-content\/uploads\/2022\/09\/Figurine-One-Piece-Law-Position-Interchangeable-1.jpg","type":"image\/jpeg"}],"twitter_card":"summary_large_image","twitter_misc":{"Szacowany czas czytania":"1 minuta"},"schema":{"@context":"https:\/\/schema.org","@graph":[{"@type":"WebPage","@id":"https:\/\/boutique-one-piece.com\/figurines-one-piece\/figurines-trafalgar-law\/figurine-one-piece-law-position-interchangeable\/","url":"https:\/\/boutique-one-piece.com\/figurines-one-piece\/figurines-trafalgar-law\/figurine-one-piece-law-position-interchangeable\/","name":"Wymienna figurka One Piece Law Position | Figurka One Piece \u2013 Sklep One Piece","isPartOf":{"@id":"https:\/\/boutique-one-piece.com\/#website"},"primaryImageOfPage":{"@id":"https:\/\/boutique-one-piece.com\/figurines-one-piece\/figurines-trafalgar-law\/figurine-one-piece-law-position-interchangeable\/#primaryimage"},"image":{"@id":"https:\/\/boutique-one-piece.com\/figurines-one-piece\/figurines-trafalgar-law\/figurine-one-piece-law-position-interchangeable\/#primaryimage"},"thumbnailUrl":"https:\/\/boutique-one-piece.com\/wp-content\/uploads\/2022\/09\/Figurine-One-Piece-Law-Position-Interchangeable-1.jpg","datePublished":"2022-09-27T20:15:13+00:00","dateModified":"2024-09-16T11:27:27+00:00","description":"M\u0142ody piracie, nadszed\u0142 czas, aby\u015b zdoby\u0142 t\u0119 figurk\u0119 One Piece Law Interchangeable Position Figure. Z pewno\u015bci\u0105 wiesz, \u017ce Trafalgar Law, kt\u00f3rego prawdziwe nazwisko to Trafalgar D. Water Law, jest kapitanem i lekarzem Pirat\u00f3w Serca; pirackiej za\u0142ogi z\u0142o\u017conej g\u0142\u00f3wnie z lekarzy. Ma\u0142y szczeg\u00f3\u0142 dotycz\u0105cy\u2026","breadcrumb":{"@id":"https:\/\/boutique-one-piece.com\/figurines-one-piece\/figurines-trafalgar-law\/figurine-one-piece-law-position-interchangeable\/#breadcrumb"},"inLanguage":"pl-PL","potentialAction":[{"@type":"ReadAction","target":["https:\/\/boutique-one-piece.com\/figurines-one-piece\/figurines-trafalgar-law\/figurine-one-piece-law-position-interchangeable\/"]}]},{"@type":"ImageObject","inLanguage":"pl-PL","@id":"https:\/\/boutique-one-piece.com\/figurines-one-piece\/figurines-trafalgar-law\/figurine-one-piece-law-position-interchangeable\/#primaryimage","url":"https:\/\/boutique-one-piece.com\/wp-content\/uploads\/2022\/09\/Figurine-One-Piece-Law-Position-Interchangeable-1.jpg","contentUrl":"https:\/\/boutique-one-piece.com\/wp-content\/uploads\/2022\/09\/Figurine-One-Piece-Law-Position-Interchangeable-1.jpg","width":586,"height":800},{"@type":"BreadcrumbList","@id":"https:\/\/boutique-one-piece.com\/figurines-one-piece\/figurines-trafalgar-law\/figurine-one-piece-law-position-interchangeable\/#breadcrumb","itemListElement":[{"@type":"ListItem","position":1,"name":"Home","item":"https:\/\/boutique-one-piece.com\/"},{"@type":"ListItem","position":2,"name":"Shop","item":"https:\/\/boutique-one-piece.com\/shop\/"},{"@type":"ListItem","position":3,"name":"Figurine One Piece Law Position Interchangeable"}]},{"@type":"WebSite","@id":"https:\/\/boutique-one-piece.com\/#website","url":"https:\/\/boutique-one-piece.com\/","name":"One Piece Shop","description":"Sklep specjalistyczny z mang\u0105 i anime One Piece","publisher":{"@id":"https:\/\/boutique-one-piece.com\/#organization"},"potentialAction":[{"@type":"SearchAction","target":{"@type":"EntryPoint","urlTemplate":"https:\/\/boutique-one-piece.com\/?s={search_term_string}"},"query-input":{"@type":"PropertyValueSpecification","valueRequired":true,"valueName":"search_term_string"}}],"inLanguage":"pl-PL"},{"@type":"Organization","@id":"https:\/\/boutique-one-piece.com\/#organization","name":"One Piece Shop","url":"https:\/\/boutique-one-piece.com\/","logo":{"@type":"ImageObject","inLanguage":"pl-PL","@id":"https:\/\/boutique-one-piece.com\/#\/schema\/logo\/image\/","url":"https:\/\/boutique-one-piece.com\/wp-content\/uploads\/2022\/09\/Logo-01.png","contentUrl":"https:\/\/boutique-one-piece.com\/wp-content\/uploads\/2022\/09\/Logo-01.png","width":2318,"height":957,"caption":"Boutique One Piece"},"image":{"@id":"https:\/\/boutique-one-piece.com\/#\/schema\/logo\/image\/"}}]}},"_links":{"self":[{"href":"https:\/\/boutique-one-piece.com\/pl\/wp-json\/wp\/v2\/product\/8794","targetHints":{"allow":["GET"]}}],"collection":[{"href":"https:\/\/boutique-one-piece.com\/pl\/wp-json\/wp\/v2\/product"}],"about":[{"href":"https:\/\/boutique-one-piece.com\/pl\/wp-json\/wp\/v2\/types\/product"}],"replies":[{"embeddable":true,"href":"https:\/\/boutique-one-piece.com\/pl\/wp-json\/wp\/v2\/comments?post=8794"}],"wp:featuredmedia":[{"embeddable":true,"href":"https:\/\/boutique-one-piece.com\/pl\/wp-json\/wp\/v2\/media\/8796"}],"wp:attachment":[{"href":"https:\/\/boutique-one-piece.com\/pl\/wp-json\/wp\/v2\/media?parent=8794"}],"wp:term":[{"taxonomy":"product_brand","embeddable":true,"href":"https:\/\/boutique-one-piece.com\/pl\/wp-json\/wp\/v2\/product_brand?post=8794"},{"taxonomy":"product_cat","embeddable":true,"href":"https:\/\/boutique-one-piece.com\/pl\/wp-json\/wp\/v2\/product_cat?post=8794"},{"taxonomy":"product_tag","embeddable":true,"href":"https:\/\/boutique-one-piece.com\/pl\/wp-json\/wp\/v2\/product_tag?post=8794"}],"curies":[{"name":"wp","href":"https:\/\/api.w.org\/{rel}","templated":true}]}}