{"id":9182,"date":"2022-09-27T20:18:06","date_gmt":"2022-09-27T20:18:06","guid":{"rendered":"https:\/\/boutique-one-piece.com\/uncategorized\/peluche-chopper\/"},"modified":"2025-10-24T20:23:32","modified_gmt":"2025-10-24T20:23:32","slug":"pluszowy-helikopter","status":"publish","type":"product","link":"https:\/\/boutique-one-piece.com\/pl\/smakolyki-z-one-piece\/tony-goodies-tony-chopper-one-piece\/pluszowy-helikopter\/","title":{"rendered":"Pluszowa zabawka Chopper"},"content":{"rendered":"<h2>Je\u015bli lubisz gad\u017cety z serii One Piece, to pluszowy Chopper powinien wywo\u0142a\u0107 u\u015bmiech na Twojej twarzy.<\/h2>\n<p>Jako fan One Piece prawdopodobnie doceniasz Choppera. Jego <strong>s\u0142odka pluszowa zabawka<\/strong> Jego zdj\u0119cie pozwoli Ci udekorowa\u0107 sw\u00f3j pok\u00f3j, umie\u015bci\u0107 je na p\u00f3\u0142ce lub nawet na \u015bcianie. <strong>\u0142\u00f3\u017cko<\/strong>. Niech b\u0119dzie Ci towarzyszy\u0142 podczas snu i pozwoli prze\u017cy\u0107 pirack\u0105 przygod\u0119!<\/p>\n<p>Tony Tony Chopper jest<strong> renifer niebieskonosy<\/strong>, ale on jest tak\u017ce <strong>lekarz<\/strong> z za\u0142ogi S\u0142omkowego Kapelusza. Zjad\u0142 diabelski owoc Hito Hito no Mi, kt\u00f3ry pozwoli\u0142 mu stan\u0105\u0107 na dw\u00f3ch nogach i rozumie\u0107 ludzi oraz z nimi rozmawia\u0107. Chopper jest tak popularny nie tylko ze wzgl\u0119du na swoj\u0105 urod\u0119, ale tak\u017ce ze wzgl\u0119du na swoj\u0105 do\u015b\u0107 smutn\u0105 przesz\u0142o\u015b\u0107. Zosta\u0142 odrzucony przez stado z powodu niebieskiego nosa, a nast\u0119pnie przez ludzi po zjedzeniu diabelskiego owocu, poniewa\u017c zosta\u0142 pomylony z potworem.<\/p>\n<h3>Spraw sobie pluszow\u0105 maskotk\u0119 przedstawiaj\u0105c\u0105 najs\u0142odsz\u0105 posta\u0107 z One Piece, Choppera.<\/h3>\n<p>Ten <strong>Pluszowa zabawka Chopper<\/strong> To idealna propozycja dla wszystkich fan\u00f3w, kt\u00f3rzy kochaj\u0105 kawaii i urocze rzeczy. B\u0119dzie doskona\u0142\u0105 pluszow\u0105 zabawk\u0105 dla dzieci lub wspania\u0142ym prezentem dla ka\u017cdego entuzjasty One Piece i fana za\u0142ogi Luffy&#039;ego.<\/p>\n<p>Je\u015bli podobaj\u0105 Ci si\u0119 nasze pluszowe zabawki, to mo\u017ce spodoba\u0107 Ci si\u0119 r\u00f3wnie\u017c to <a href=\"https:\/\/boutique-one-piece.com\/pl\/pluszowa-zabawka-one-piece\/produkty\/pluszowy-luffy\/\" target=\"_blank\" title=\"Pluszowa zabawka Luffy One Piece\" rel=\"noopener noreferrer\">Pluszowa zabawka Luffy<\/a>.<\/p>\n<h2>Informacje o pluszowej zabawce One Piece Chopper:<\/h2>\n<ul>\n<li>\u00a0<b>Typ produktu<\/b><span>\u00a0<\/span>Pluszowa zabawka manga One Piece<\/li>\n<\/ul>\n<ul>\n<li>\n<b>Wykorzystanie Peluce<\/b>\u00a0Zabawki, dekoracje, przedmioty kolekcjonerskie, prezenty<\/li>\n<\/ul>\n<ul>\n<li>\n<b>Nazwa postaci<\/b>\u00a0Tony Chopper<\/li>\n<\/ul>\n<ul>\n<li>\n<b>Rozmiar pluszowej zabawki<\/b>\u00a0:25 lub 30 centymetr\u00f3w<\/li>\n<\/ul>\n<ul>\n<li>\n<b>Materia\u0142<\/b>\u00a0: Bawe\u0142na<\/li>\n<\/ul>\n<ul>\n<li>\n<b>Zalecany wiek<\/b>\u00a0:ponad 3 lata<\/li>\n<\/ul>\n<ul>\n<li>\n<b>Darmowa dostawa<\/b> za ka\u017cdy zakup<\/li>\n<\/ul>","protected":false},"excerpt":{"rendered":"<p>Si tu appr\u00e9cies les goodies \u00e0 propos de One Piece, cette peluche Chopper devrait te donner le sourire aux l\u00e8vres. En tant que fan de One Piece, tu appr\u00e9cies sans doute Chopper. Sa mignonne peluche \u00e0 son effigie te permettra de d\u00e9corer ta chambre sur une \u00e9tag\u00e8re ou m\u00eame sur ton lit. Laisse-le t&rsquo;accompagner dans [&hellip;]<\/p>","protected":false},"featured_media":9184,"comment_status":"open","ping_status":"open","template":"","meta":[],"product_brand":[],"product_cat":[163,177],"product_tag":[165],"class_list":{"0":"post-9182","1":"product","2":"type-product","3":"status-publish","4":"has-post-thumbnail","6":"product_cat-goodies-tony-tony-chopper-one-piece","7":"product_cat-peluches-one-piece","8":"product_tag-chopper","10":"first","11":"instock","12":"purchasable","13":"product-type-variable"},"yoast_head":"<!-- This site is optimized with the Yoast SEO plugin v27.5 - https:\/\/yoast.com\/product\/yoast-seo-wordpress\/ -->\n<title>Peluche Chopper | Boutique One Piece<\/title>\n<meta name=\"description\" content=\"D\u00e9couvrez la peluche One Piece Tony Chopper, elle est aussi douce que mignonne ! Commencez votre aventure de pirate \u00e0 la recherche du One Piece dans l&#039;\u00e9quipage du Chapeau de Paille\" \/>\n<meta name=\"robots\" content=\"index, follow, max-snippet:-1, max-image-preview:large, max-video-preview:-1\" \/>\n<link rel=\"canonical\" href=\"https:\/\/boutique-one-piece.com\/pl\/pluszowe-zabawki-one-piece\/pluszowy-helikopter\/\" \/>\n<meta property=\"og:locale\" content=\"pl_PL\" \/>\n<meta property=\"og:type\" content=\"article\" \/>\n<meta property=\"og:title\" content=\"Peluche Chopper | Boutique One Piece\" \/>\n<meta property=\"og:description\" content=\"D\u00e9couvrez la peluche One Piece Tony Chopper, elle est aussi douce que mignonne ! Commencez votre aventure de pirate \u00e0 la recherche du One Piece dans l&#039;\u00e9quipage du Chapeau de Paille\" \/>\n<meta property=\"og:url\" content=\"https:\/\/boutique-one-piece.com\/pl\/pluszowe-zabawki-one-piece\/pluszowy-helikopter\/\" \/>\n<meta property=\"og:site_name\" content=\"Boutique One Piece\" \/>\n<meta property=\"article:modified_time\" content=\"2025-10-24T20:23:32+00:00\" \/>\n<meta property=\"og:image\" content=\"https:\/\/boutique-one-piece.com\/wp-content\/uploads\/2022\/09\/Peluche-Chopper.png\" \/>\n\t<meta property=\"og:image:width\" content=\"500\" \/>\n\t<meta property=\"og:image:height\" content=\"500\" \/>\n\t<meta property=\"og:image:type\" content=\"image\/png\" \/>\n<meta name=\"twitter:card\" content=\"summary_large_image\" \/>\n<meta name=\"twitter:label1\" content=\"Szacowany czas czytania\" \/>\n\t<meta name=\"twitter:data1\" content=\"2 minuty\" \/>\n<script type=\"application\/ld+json\" class=\"yoast-schema-graph\">{\"@context\":\"https:\\\/\\\/schema.org\",\"@graph\":[{\"@type\":\"WebPage\",\"@id\":\"https:\\\/\\\/boutique-one-piece.com\\\/peluches-one-piece\\\/peluche-chopper\\\/\",\"url\":\"https:\\\/\\\/boutique-one-piece.com\\\/peluches-one-piece\\\/peluche-chopper\\\/\",\"name\":\"Peluche Chopper | Boutique One Piece\",\"isPartOf\":{\"@id\":\"https:\\\/\\\/boutique-one-piece.com\\\/#website\"},\"primaryImageOfPage\":{\"@id\":\"https:\\\/\\\/boutique-one-piece.com\\\/peluches-one-piece\\\/peluche-chopper\\\/#primaryimage\"},\"image\":{\"@id\":\"https:\\\/\\\/boutique-one-piece.com\\\/peluches-one-piece\\\/peluche-chopper\\\/#primaryimage\"},\"thumbnailUrl\":\"https:\\\/\\\/boutique-one-piece.com\\\/wp-content\\\/uploads\\\/2022\\\/09\\\/Peluche-Chopper.png\",\"datePublished\":\"2022-09-27T20:18:06+00:00\",\"dateModified\":\"2025-10-24T20:23:32+00:00\",\"description\":\"D\u00e9couvrez la peluche One Piece Tony Chopper, elle est aussi douce que mignonne ! Commencez votre aventure de pirate \u00e0 la recherche du One Piece dans l'\u00e9quipage du Chapeau de Paille\",\"breadcrumb\":{\"@id\":\"https:\\\/\\\/boutique-one-piece.com\\\/peluches-one-piece\\\/peluche-chopper\\\/#breadcrumb\"},\"inLanguage\":\"pl-PL\",\"potentialAction\":[{\"@type\":\"ReadAction\",\"target\":[\"https:\\\/\\\/boutique-one-piece.com\\\/peluches-one-piece\\\/peluche-chopper\\\/\"]}]},{\"@type\":\"ImageObject\",\"inLanguage\":\"pl-PL\",\"@id\":\"https:\\\/\\\/boutique-one-piece.com\\\/peluches-one-piece\\\/peluche-chopper\\\/#primaryimage\",\"url\":\"https:\\\/\\\/boutique-one-piece.com\\\/wp-content\\\/uploads\\\/2022\\\/09\\\/Peluche-Chopper.png\",\"contentUrl\":\"https:\\\/\\\/boutique-one-piece.com\\\/wp-content\\\/uploads\\\/2022\\\/09\\\/Peluche-Chopper.png\",\"width\":500,\"height\":500,\"caption\":\"Peluche Chopper 30cm\"},{\"@type\":\"BreadcrumbList\",\"@id\":\"https:\\\/\\\/boutique-one-piece.com\\\/peluches-one-piece\\\/peluche-chopper\\\/#breadcrumb\",\"itemListElement\":[{\"@type\":\"ListItem\",\"position\":1,\"name\":\"Home\",\"item\":\"https:\\\/\\\/boutique-one-piece.com\\\/\"},{\"@type\":\"ListItem\",\"position\":2,\"name\":\"Shop\",\"item\":\"https:\\\/\\\/boutique-one-piece.com\\\/shop\\\/\"},{\"@type\":\"ListItem\",\"position\":3,\"name\":\"Peluche Chopper\"}]},{\"@type\":\"WebSite\",\"@id\":\"https:\\\/\\\/boutique-one-piece.com\\\/#website\",\"url\":\"https:\\\/\\\/boutique-one-piece.com\\\/\",\"name\":\"Boutique One Piece\",\"description\":\"Magasin Sp\u00e9cialis\u00e9 du Manga et l&#039;Anime One Piece\",\"publisher\":{\"@id\":\"https:\\\/\\\/boutique-one-piece.com\\\/#organization\"},\"potentialAction\":[{\"@type\":\"SearchAction\",\"target\":{\"@type\":\"EntryPoint\",\"urlTemplate\":\"https:\\\/\\\/boutique-one-piece.com\\\/?s={search_term_string}\"},\"query-input\":{\"@type\":\"PropertyValueSpecification\",\"valueRequired\":true,\"valueName\":\"search_term_string\"}}],\"inLanguage\":\"pl-PL\"},{\"@type\":\"Organization\",\"@id\":\"https:\\\/\\\/boutique-one-piece.com\\\/#organization\",\"name\":\"Boutique One Piece\",\"url\":\"https:\\\/\\\/boutique-one-piece.com\\\/\",\"logo\":{\"@type\":\"ImageObject\",\"inLanguage\":\"pl-PL\",\"@id\":\"https:\\\/\\\/boutique-one-piece.com\\\/#\\\/schema\\\/logo\\\/image\\\/\",\"url\":\"https:\\\/\\\/boutique-one-piece.com\\\/wp-content\\\/uploads\\\/2022\\\/09\\\/Logo-01.png\",\"contentUrl\":\"https:\\\/\\\/boutique-one-piece.com\\\/wp-content\\\/uploads\\\/2022\\\/09\\\/Logo-01.png\",\"width\":2318,\"height\":957,\"caption\":\"Boutique One Piece\"},\"image\":{\"@id\":\"https:\\\/\\\/boutique-one-piece.com\\\/#\\\/schema\\\/logo\\\/image\\\/\"}}]}<\/script>\n<!-- \/ Yoast SEO plugin. -->","yoast_head_json":{"title":"Pluszowy Chopper | Sklep One Piece","description":"Odkryj pluszowego Tony&#039;ego Choppera z One Piece \u2013 jest tak mi\u0119kki, jak uroczy! Rozpocznij swoj\u0105 pirack\u0105 przygod\u0119 w poszukiwaniu One Piece z za\u0142og\u0105 S\u0142omkowego Kapelusza.","robots":{"index":"index","follow":"follow","max-snippet":"max-snippet:-1","max-image-preview":"max-image-preview:large","max-video-preview":"max-video-preview:-1"},"canonical":"https:\/\/boutique-one-piece.com\/pl\/pluszowe-zabawki-one-piece\/pluszowy-helikopter\/","og_locale":"pl_PL","og_type":"article","og_title":"Peluche Chopper | Boutique One Piece","og_description":"D\u00e9couvrez la peluche One Piece Tony Chopper, elle est aussi douce que mignonne ! Commencez votre aventure de pirate \u00e0 la recherche du One Piece dans l'\u00e9quipage du Chapeau de Paille","og_url":"https:\/\/boutique-one-piece.com\/pl\/pluszowe-zabawki-one-piece\/pluszowy-helikopter\/","og_site_name":"Boutique One Piece","article_modified_time":"2025-10-24T20:23:32+00:00","og_image":[{"width":500,"height":500,"url":"https:\/\/boutique-one-piece.com\/wp-content\/uploads\/2022\/09\/Peluche-Chopper.png","type":"image\/png"}],"twitter_card":"summary_large_image","twitter_misc":{"Szacowany czas czytania":"2 minuty"},"schema":{"@context":"https:\/\/schema.org","@graph":[{"@type":"WebPage","@id":"https:\/\/boutique-one-piece.com\/peluches-one-piece\/peluche-chopper\/","url":"https:\/\/boutique-one-piece.com\/peluches-one-piece\/peluche-chopper\/","name":"Pluszowy Chopper | Sklep One Piece","isPartOf":{"@id":"https:\/\/boutique-one-piece.com\/#website"},"primaryImageOfPage":{"@id":"https:\/\/boutique-one-piece.com\/peluches-one-piece\/peluche-chopper\/#primaryimage"},"image":{"@id":"https:\/\/boutique-one-piece.com\/peluches-one-piece\/peluche-chopper\/#primaryimage"},"thumbnailUrl":"https:\/\/boutique-one-piece.com\/wp-content\/uploads\/2022\/09\/Peluche-Chopper.png","datePublished":"2022-09-27T20:18:06+00:00","dateModified":"2025-10-24T20:23:32+00:00","description":"Odkryj pluszowego Tony&#039;ego Choppera z One Piece \u2013 jest tak mi\u0119kki, jak uroczy! Rozpocznij swoj\u0105 pirack\u0105 przygod\u0119 w poszukiwaniu One Piece z za\u0142og\u0105 S\u0142omkowego Kapelusza.","breadcrumb":{"@id":"https:\/\/boutique-one-piece.com\/peluches-one-piece\/peluche-chopper\/#breadcrumb"},"inLanguage":"pl-PL","potentialAction":[{"@type":"ReadAction","target":["https:\/\/boutique-one-piece.com\/peluches-one-piece\/peluche-chopper\/"]}]},{"@type":"ImageObject","inLanguage":"pl-PL","@id":"https:\/\/boutique-one-piece.com\/peluches-one-piece\/peluche-chopper\/#primaryimage","url":"https:\/\/boutique-one-piece.com\/wp-content\/uploads\/2022\/09\/Peluche-Chopper.png","contentUrl":"https:\/\/boutique-one-piece.com\/wp-content\/uploads\/2022\/09\/Peluche-Chopper.png","width":500,"height":500,"caption":"Peluche Chopper 30cm"},{"@type":"BreadcrumbList","@id":"https:\/\/boutique-one-piece.com\/peluches-one-piece\/peluche-chopper\/#breadcrumb","itemListElement":[{"@type":"ListItem","position":1,"name":"Home","item":"https:\/\/boutique-one-piece.com\/"},{"@type":"ListItem","position":2,"name":"Shop","item":"https:\/\/boutique-one-piece.com\/shop\/"},{"@type":"ListItem","position":3,"name":"Peluche Chopper"}]},{"@type":"WebSite","@id":"https:\/\/boutique-one-piece.com\/#website","url":"https:\/\/boutique-one-piece.com\/","name":"One Piece Shop","description":"Sklep specjalistyczny z mang\u0105 i anime One Piece","publisher":{"@id":"https:\/\/boutique-one-piece.com\/#organization"},"potentialAction":[{"@type":"SearchAction","target":{"@type":"EntryPoint","urlTemplate":"https:\/\/boutique-one-piece.com\/?s={search_term_string}"},"query-input":{"@type":"PropertyValueSpecification","valueRequired":true,"valueName":"search_term_string"}}],"inLanguage":"pl-PL"},{"@type":"Organization","@id":"https:\/\/boutique-one-piece.com\/#organization","name":"One Piece Shop","url":"https:\/\/boutique-one-piece.com\/","logo":{"@type":"ImageObject","inLanguage":"pl-PL","@id":"https:\/\/boutique-one-piece.com\/#\/schema\/logo\/image\/","url":"https:\/\/boutique-one-piece.com\/wp-content\/uploads\/2022\/09\/Logo-01.png","contentUrl":"https:\/\/boutique-one-piece.com\/wp-content\/uploads\/2022\/09\/Logo-01.png","width":2318,"height":957,"caption":"Boutique One Piece"},"image":{"@id":"https:\/\/boutique-one-piece.com\/#\/schema\/logo\/image\/"}}]}},"_links":{"self":[{"href":"https:\/\/boutique-one-piece.com\/pl\/wp-json\/wp\/v2\/product\/9182","targetHints":{"allow":["GET"]}}],"collection":[{"href":"https:\/\/boutique-one-piece.com\/pl\/wp-json\/wp\/v2\/product"}],"about":[{"href":"https:\/\/boutique-one-piece.com\/pl\/wp-json\/wp\/v2\/types\/product"}],"replies":[{"embeddable":true,"href":"https:\/\/boutique-one-piece.com\/pl\/wp-json\/wp\/v2\/comments?post=9182"}],"wp:featuredmedia":[{"embeddable":true,"href":"https:\/\/boutique-one-piece.com\/pl\/wp-json\/wp\/v2\/media\/9184"}],"wp:attachment":[{"href":"https:\/\/boutique-one-piece.com\/pl\/wp-json\/wp\/v2\/media?parent=9182"}],"wp:term":[{"taxonomy":"product_brand","embeddable":true,"href":"https:\/\/boutique-one-piece.com\/pl\/wp-json\/wp\/v2\/product_brand?post=9182"},{"taxonomy":"product_cat","embeddable":true,"href":"https:\/\/boutique-one-piece.com\/pl\/wp-json\/wp\/v2\/product_cat?post=9182"},{"taxonomy":"product_tag","embeddable":true,"href":"https:\/\/boutique-one-piece.com\/pl\/wp-json\/wp\/v2\/product_tag?post=9182"}],"curies":[{"name":"wp","href":"https:\/\/api.w.org\/{rel}","templated":true}]}}