{"id":9202,"date":"2022-09-27T20:18:06","date_gmt":"2022-09-27T20:18:06","guid":{"rendered":"https:\/\/boutique-one-piece.com\/uncategorized\/figurine-one-piece-crocodile-a-wano-kuni\/"},"modified":"2024-09-16T11:37:23","modified_gmt":"2024-09-16T11:37:23","slug":"jednoczesciowa-figurka-krokodyla-w-wano-kuni","status":"publish","type":"product","link":"https:\/\/boutique-one-piece.com\/pl\/figurki-one-piece\/figurki-one-piece-wano-kuni\/jednoczesciowa-figurka-krokodyla-w-wano-kuni\/","title":{"rendered":"Figurka krokodyla One Piece w Wano Kuni"},"content":{"rendered":"<h2>M\u0142ody piracie, nadszed\u0142 czas, aby\u015b zdoby\u0142 figurk\u0119 krokodyla One Piece od Wano Kuni.<\/h2>\n<p>Z pewno\u015bci\u0105 jeste\u015b tego \u015bwiadomy <strong>Krokodyl<\/strong>, lepiej znany jako Sir Krokodyl lub Pan O, by\u0142 prezesem Baroque Works i g\u0142\u00f3wnym antagonist\u0105 Sagi Baroque Works. Jest pierwszym wrogiem w serii i pierwszym, kt\u00f3ry faktycznie pokona\u0142 Luffy&#039;ego. Pocz\u0105tkowo zosta\u0142 przedstawiony jako jeden z Siedmiu W\u0142adc\u00f3w M\u00f3rz, ale zosta\u0142 pozbawiony tytu\u0142u, gdy pr\u00f3bowa\u0142 przej\u0105\u0107 kontrol\u0119 nad\u2019<strong>Alabasta<\/strong>, kr\u00f3lestwo pustyni.<\/p>\n<p>Pocz\u0105tkowo zaprezentowano go jako <strong>G\u0142\u00f3wny wr\u00f3g Luffy&#039;ego<\/strong>, Jednak podczas ucieczki z Impel Down dw\u00f3jka ta zawi\u0105za\u0142a niespokojny i ma\u0142o prawdopodobny sojusz. Je\u015bli chcesz poszerzy\u0107 swoj\u0105 kolekcj\u0119 figurek, <a title=\"ONE PIECE MONKEY D LUFFY FIGURKA KR\u00d3LA PIRAT\u00d3W\" href=\"https:\/\/boutique-one-piece.com\/pl\/jednoczesciowa-figurka-malpy-d-luffy-krol-piratow\/\" target=\"_blank\" rel=\"noopener\">Figurka Luffy&#039;ego \u00abKr\u00f3l Pirat\u00f3w\u00bb<\/a> jest w zasi\u0119gu r\u0119ki. Na koniec warto wiedzie\u0107, \u017ce Kraina Wano, dawniej znana jako \u00abKraina Z\u0142ota\u00bb, to kraj zamieszkany g\u0142\u00f3wnie przez samuraj\u00f3w i ninja, niezwi\u0105zany z Rz\u0105dem \u015awiatowym.<\/p>\n<h3>Czy figurka Krokodyla od Wano Kuni Ci\u0119 urzek\u0142a? Je\u015bli tak, do\u0142\u0105cz do by\u0142ego prezesa Baroque Works.<\/h3>\n<p>Niezale\u017cnie od tego, czy jeste\u015b zagorza\u0142ym fanem, czy do\u015bwiadczonym kolekcjonerem, nie szukaj dalej, te przedmioty s\u0105 zdecydowanie dla Ciebie. Idealne na prezent, ozdob\u0119 lub po prostu uzupe\u0142nienie kolekcji \u2013 te przedmioty wzbogac\u0105 Twoj\u0105 kolekcj\u0119. <strong>Tw\u00f3j wszech\u015bwiat One Piece<\/strong>. Tw\u00f3j los jest w Twoich r\u0119kach., <strong>m\u0142ody pirat<\/strong>.<\/p>\n<h2>Informacje o figurce krokodyla w Wano Kuni\u00a0<\/h2>\n<ul>\n<li><span><b><u>Figurka One Piece<\/u><\/b>\u00a0Figurka Premium One Piece dla prawdziwych pirat\u00f3w<\/span><\/li>\n<\/ul>\n<ul>\n<li>\n<b>Materia\u0142<\/b><span>\u00a0<\/span>PCV<\/li>\n<\/ul>\n<ul>\n<li><span><strong>Wymiar<\/strong>\u00a0: 18 cm<\/span><\/li>\n<\/ul>\n<ul>\n<li><span><strong>DARMOWA DOSTAWA<\/strong><\/span><\/li>\n<\/ul>","protected":false},"excerpt":{"rendered":"<p>M\u0142ody piracie, nadszed\u0142 czas, aby\u015b zdoby\u0142 figurk\u0119 One Piece Crocodile z Wano Country. Z pewno\u015bci\u0105 wiesz, \u017ce Crocodile, lepiej znany jako Sir Crocodile lub Mr. 0, by\u0142 prezesem Baroque Works i g\u0142\u00f3wnym antagonist\u0105 Sagi Baroque Works. Jest [\u2026]<\/p>","protected":false},"featured_media":9204,"comment_status":"open","ping_status":"open","template":"","meta":[],"product_brand":[],"product_cat":[76,215],"product_tag":[279,217],"class_list":{"0":"post-9202","1":"product","2":"type-product","3":"status-publish","4":"has-post-thumbnail","6":"product_cat-figurines-one-piece","7":"product_cat-figurines-one-piece-wano-kuni","8":"product_tag-crocodile","9":"product_tag-wano-kuni","11":"first","12":"instock","13":"purchasable","14":"product-type-simple"},"yoast_head":"<!-- This site is optimized with the Yoast SEO plugin v27.5 - https:\/\/yoast.com\/product\/yoast-seo-wordpress\/ -->\n<title>Figurine One Piece Crocodile \u00e0 Wano Kuni | Figurine One Piece \u2013 Boutique One Piece<\/title>\n<meta name=\"description\" content=\"Jeune pirate, le moment est venu pour toi de te procurer cette Figurine One Piece Crocodile \u00e0 Wano Kuni. Tu n&#039;es pas sans savoir que Crocodile, plus connu sous le titre de Sir Crocodile ou de Mr. 0, f\u00fbt le pr\u00e9sident de Baroque Works et l&#039;antagoniste principal de la Saga Baroque Works. Il est le premier ennemi de la s\u00e9r\" \/>\n<meta name=\"robots\" content=\"index, follow, max-snippet:-1, max-image-preview:large, max-video-preview:-1\" \/>\n<link rel=\"canonical\" href=\"https:\/\/boutique-one-piece.com\/pl\/figurki-one-piece\/figurki-one-piece-wano-kuni\/jednoczesciowa-figurka-krokodyla-w-wano-kuni\/\" \/>\n<meta property=\"og:locale\" content=\"pl_PL\" \/>\n<meta property=\"og:type\" content=\"article\" \/>\n<meta property=\"og:title\" content=\"Figurine One Piece Crocodile \u00e0 Wano Kuni | Figurine One Piece \u2013 Boutique One Piece\" \/>\n<meta property=\"og:description\" content=\"Jeune pirate, le moment est venu pour toi de te procurer cette Figurine One Piece Crocodile \u00e0 Wano Kuni. Tu n&#039;es pas sans savoir que Crocodile, plus connu sous le titre de Sir Crocodile ou de Mr. 0, f\u00fbt le pr\u00e9sident de Baroque Works et l&#039;antagoniste principal de la Saga Baroque Works. Il est le premier ennemi de la s\u00e9r\" \/>\n<meta property=\"og:url\" content=\"https:\/\/boutique-one-piece.com\/pl\/figurki-one-piece\/figurki-one-piece-wano-kuni\/jednoczesciowa-figurka-krokodyla-w-wano-kuni\/\" \/>\n<meta property=\"og:site_name\" content=\"Boutique One Piece\" \/>\n<meta property=\"article:modified_time\" content=\"2024-09-16T11:37:23+00:00\" \/>\n<meta property=\"og:image\" content=\"https:\/\/boutique-one-piece.com\/wp-content\/uploads\/2022\/09\/Figurine-One-Piece-Crocodile-a-Wano-Kuni-1.jpg\" \/>\n\t<meta property=\"og:image:width\" content=\"600\" \/>\n\t<meta property=\"og:image:height\" content=\"600\" \/>\n\t<meta property=\"og:image:type\" content=\"image\/jpeg\" \/>\n<meta name=\"twitter:card\" content=\"summary_large_image\" \/>\n<meta name=\"twitter:label1\" content=\"Szacowany czas czytania\" \/>\n\t<meta name=\"twitter:data1\" content=\"1 minuta\" \/>\n<script type=\"application\/ld+json\" class=\"yoast-schema-graph\">{\"@context\":\"https:\\\/\\\/schema.org\",\"@graph\":[{\"@type\":\"WebPage\",\"@id\":\"https:\\\/\\\/boutique-one-piece.com\\\/figurines-one-piece\\\/figurines-one-piece-wano-kuni\\\/figurine-one-piece-crocodile-a-wano-kuni\\\/\",\"url\":\"https:\\\/\\\/boutique-one-piece.com\\\/figurines-one-piece\\\/figurines-one-piece-wano-kuni\\\/figurine-one-piece-crocodile-a-wano-kuni\\\/\",\"name\":\"Figurine One Piece Crocodile \u00e0 Wano Kuni | Figurine One Piece \u2013 Boutique One Piece\",\"isPartOf\":{\"@id\":\"https:\\\/\\\/boutique-one-piece.com\\\/#website\"},\"primaryImageOfPage\":{\"@id\":\"https:\\\/\\\/boutique-one-piece.com\\\/figurines-one-piece\\\/figurines-one-piece-wano-kuni\\\/figurine-one-piece-crocodile-a-wano-kuni\\\/#primaryimage\"},\"image\":{\"@id\":\"https:\\\/\\\/boutique-one-piece.com\\\/figurines-one-piece\\\/figurines-one-piece-wano-kuni\\\/figurine-one-piece-crocodile-a-wano-kuni\\\/#primaryimage\"},\"thumbnailUrl\":\"https:\\\/\\\/boutique-one-piece.com\\\/wp-content\\\/uploads\\\/2022\\\/09\\\/Figurine-One-Piece-Crocodile-a-Wano-Kuni-1.jpg\",\"datePublished\":\"2022-09-27T20:18:06+00:00\",\"dateModified\":\"2024-09-16T11:37:23+00:00\",\"description\":\"Jeune pirate, le moment est venu pour toi de te procurer cette Figurine One Piece Crocodile \u00e0 Wano Kuni. Tu n'es pas sans savoir que Crocodile, plus connu sous le titre de Sir Crocodile ou de Mr. 0, f\u00fbt le pr\u00e9sident de Baroque Works et l'antagoniste principal de la Saga Baroque Works. Il est le premier ennemi de la s\u00e9r\",\"breadcrumb\":{\"@id\":\"https:\\\/\\\/boutique-one-piece.com\\\/figurines-one-piece\\\/figurines-one-piece-wano-kuni\\\/figurine-one-piece-crocodile-a-wano-kuni\\\/#breadcrumb\"},\"inLanguage\":\"pl-PL\",\"potentialAction\":[{\"@type\":\"ReadAction\",\"target\":[\"https:\\\/\\\/boutique-one-piece.com\\\/figurines-one-piece\\\/figurines-one-piece-wano-kuni\\\/figurine-one-piece-crocodile-a-wano-kuni\\\/\"]}]},{\"@type\":\"ImageObject\",\"inLanguage\":\"pl-PL\",\"@id\":\"https:\\\/\\\/boutique-one-piece.com\\\/figurines-one-piece\\\/figurines-one-piece-wano-kuni\\\/figurine-one-piece-crocodile-a-wano-kuni\\\/#primaryimage\",\"url\":\"https:\\\/\\\/boutique-one-piece.com\\\/wp-content\\\/uploads\\\/2022\\\/09\\\/Figurine-One-Piece-Crocodile-a-Wano-Kuni-1.jpg\",\"contentUrl\":\"https:\\\/\\\/boutique-one-piece.com\\\/wp-content\\\/uploads\\\/2022\\\/09\\\/Figurine-One-Piece-Crocodile-a-Wano-Kuni-1.jpg\",\"width\":600,\"height\":600},{\"@type\":\"BreadcrumbList\",\"@id\":\"https:\\\/\\\/boutique-one-piece.com\\\/figurines-one-piece\\\/figurines-one-piece-wano-kuni\\\/figurine-one-piece-crocodile-a-wano-kuni\\\/#breadcrumb\",\"itemListElement\":[{\"@type\":\"ListItem\",\"position\":1,\"name\":\"Home\",\"item\":\"https:\\\/\\\/boutique-one-piece.com\\\/\"},{\"@type\":\"ListItem\",\"position\":2,\"name\":\"Shop\",\"item\":\"https:\\\/\\\/boutique-one-piece.com\\\/shop\\\/\"},{\"@type\":\"ListItem\",\"position\":3,\"name\":\"Figurine One Piece Crocodile \u00e0 Wano Kuni\"}]},{\"@type\":\"WebSite\",\"@id\":\"https:\\\/\\\/boutique-one-piece.com\\\/#website\",\"url\":\"https:\\\/\\\/boutique-one-piece.com\\\/\",\"name\":\"Boutique One Piece\",\"description\":\"Magasin Sp\u00e9cialis\u00e9 du Manga et l&#039;Anime One Piece\",\"publisher\":{\"@id\":\"https:\\\/\\\/boutique-one-piece.com\\\/#organization\"},\"potentialAction\":[{\"@type\":\"SearchAction\",\"target\":{\"@type\":\"EntryPoint\",\"urlTemplate\":\"https:\\\/\\\/boutique-one-piece.com\\\/?s={search_term_string}\"},\"query-input\":{\"@type\":\"PropertyValueSpecification\",\"valueRequired\":true,\"valueName\":\"search_term_string\"}}],\"inLanguage\":\"pl-PL\"},{\"@type\":\"Organization\",\"@id\":\"https:\\\/\\\/boutique-one-piece.com\\\/#organization\",\"name\":\"Boutique One Piece\",\"url\":\"https:\\\/\\\/boutique-one-piece.com\\\/\",\"logo\":{\"@type\":\"ImageObject\",\"inLanguage\":\"pl-PL\",\"@id\":\"https:\\\/\\\/boutique-one-piece.com\\\/#\\\/schema\\\/logo\\\/image\\\/\",\"url\":\"https:\\\/\\\/boutique-one-piece.com\\\/wp-content\\\/uploads\\\/2022\\\/09\\\/Logo-01.png\",\"contentUrl\":\"https:\\\/\\\/boutique-one-piece.com\\\/wp-content\\\/uploads\\\/2022\\\/09\\\/Logo-01.png\",\"width\":2318,\"height\":957,\"caption\":\"Boutique One Piece\"},\"image\":{\"@id\":\"https:\\\/\\\/boutique-one-piece.com\\\/#\\\/schema\\\/logo\\\/image\\\/\"}}]}<\/script>\n<!-- \/ Yoast SEO plugin. -->","yoast_head_json":{"title":"Figurka krokodyla One Piece w Wano Kuni | Figurka One Piece \u2013 Sklep One Piece","description":"M\u0142ody piracie, nadszed\u0142 czas, aby\u015b zdoby\u0142 figurk\u0119 One Piece Crocodile z Wano Country. Z pewno\u015bci\u0105 wiesz, \u017ce Crocodile, lepiej znany jako Sir Crocodile lub Mr. 0, by\u0142 prezesem Baroque Works i g\u0142\u00f3wnym antagonist\u0105 w Baroque Works Saga. Jest pierwszym wrogiem w serii.","robots":{"index":"index","follow":"follow","max-snippet":"max-snippet:-1","max-image-preview":"max-image-preview:large","max-video-preview":"max-video-preview:-1"},"canonical":"https:\/\/boutique-one-piece.com\/pl\/figurki-one-piece\/figurki-one-piece-wano-kuni\/jednoczesciowa-figurka-krokodyla-w-wano-kuni\/","og_locale":"pl_PL","og_type":"article","og_title":"Figurine One Piece Crocodile \u00e0 Wano Kuni | Figurine One Piece \u2013 Boutique One Piece","og_description":"Jeune pirate, le moment est venu pour toi de te procurer cette Figurine One Piece Crocodile \u00e0 Wano Kuni. Tu n'es pas sans savoir que Crocodile, plus connu sous le titre de Sir Crocodile ou de Mr. 0, f\u00fbt le pr\u00e9sident de Baroque Works et l'antagoniste principal de la Saga Baroque Works. Il est le premier ennemi de la s\u00e9r","og_url":"https:\/\/boutique-one-piece.com\/pl\/figurki-one-piece\/figurki-one-piece-wano-kuni\/jednoczesciowa-figurka-krokodyla-w-wano-kuni\/","og_site_name":"Boutique One Piece","article_modified_time":"2024-09-16T11:37:23+00:00","og_image":[{"width":600,"height":600,"url":"https:\/\/boutique-one-piece.com\/wp-content\/uploads\/2022\/09\/Figurine-One-Piece-Crocodile-a-Wano-Kuni-1.jpg","type":"image\/jpeg"}],"twitter_card":"summary_large_image","twitter_misc":{"Szacowany czas czytania":"1 minuta"},"schema":{"@context":"https:\/\/schema.org","@graph":[{"@type":"WebPage","@id":"https:\/\/boutique-one-piece.com\/figurines-one-piece\/figurines-one-piece-wano-kuni\/figurine-one-piece-crocodile-a-wano-kuni\/","url":"https:\/\/boutique-one-piece.com\/figurines-one-piece\/figurines-one-piece-wano-kuni\/figurine-one-piece-crocodile-a-wano-kuni\/","name":"Figurka krokodyla One Piece w Wano Kuni | Figurka One Piece \u2013 Sklep One Piece","isPartOf":{"@id":"https:\/\/boutique-one-piece.com\/#website"},"primaryImageOfPage":{"@id":"https:\/\/boutique-one-piece.com\/figurines-one-piece\/figurines-one-piece-wano-kuni\/figurine-one-piece-crocodile-a-wano-kuni\/#primaryimage"},"image":{"@id":"https:\/\/boutique-one-piece.com\/figurines-one-piece\/figurines-one-piece-wano-kuni\/figurine-one-piece-crocodile-a-wano-kuni\/#primaryimage"},"thumbnailUrl":"https:\/\/boutique-one-piece.com\/wp-content\/uploads\/2022\/09\/Figurine-One-Piece-Crocodile-a-Wano-Kuni-1.jpg","datePublished":"2022-09-27T20:18:06+00:00","dateModified":"2024-09-16T11:37:23+00:00","description":"M\u0142ody piracie, nadszed\u0142 czas, aby\u015b zdoby\u0142 figurk\u0119 One Piece Crocodile z Wano Country. Z pewno\u015bci\u0105 wiesz, \u017ce Crocodile, lepiej znany jako Sir Crocodile lub Mr. 0, by\u0142 prezesem Baroque Works i g\u0142\u00f3wnym antagonist\u0105 w Baroque Works Saga. Jest pierwszym wrogiem w serii.","breadcrumb":{"@id":"https:\/\/boutique-one-piece.com\/figurines-one-piece\/figurines-one-piece-wano-kuni\/figurine-one-piece-crocodile-a-wano-kuni\/#breadcrumb"},"inLanguage":"pl-PL","potentialAction":[{"@type":"ReadAction","target":["https:\/\/boutique-one-piece.com\/figurines-one-piece\/figurines-one-piece-wano-kuni\/figurine-one-piece-crocodile-a-wano-kuni\/"]}]},{"@type":"ImageObject","inLanguage":"pl-PL","@id":"https:\/\/boutique-one-piece.com\/figurines-one-piece\/figurines-one-piece-wano-kuni\/figurine-one-piece-crocodile-a-wano-kuni\/#primaryimage","url":"https:\/\/boutique-one-piece.com\/wp-content\/uploads\/2022\/09\/Figurine-One-Piece-Crocodile-a-Wano-Kuni-1.jpg","contentUrl":"https:\/\/boutique-one-piece.com\/wp-content\/uploads\/2022\/09\/Figurine-One-Piece-Crocodile-a-Wano-Kuni-1.jpg","width":600,"height":600},{"@type":"BreadcrumbList","@id":"https:\/\/boutique-one-piece.com\/figurines-one-piece\/figurines-one-piece-wano-kuni\/figurine-one-piece-crocodile-a-wano-kuni\/#breadcrumb","itemListElement":[{"@type":"ListItem","position":1,"name":"Home","item":"https:\/\/boutique-one-piece.com\/"},{"@type":"ListItem","position":2,"name":"Shop","item":"https:\/\/boutique-one-piece.com\/shop\/"},{"@type":"ListItem","position":3,"name":"Figurine One Piece Crocodile \u00e0 Wano Kuni"}]},{"@type":"WebSite","@id":"https:\/\/boutique-one-piece.com\/#website","url":"https:\/\/boutique-one-piece.com\/","name":"One Piece Shop","description":"Sklep specjalistyczny z mang\u0105 i anime One Piece","publisher":{"@id":"https:\/\/boutique-one-piece.com\/#organization"},"potentialAction":[{"@type":"SearchAction","target":{"@type":"EntryPoint","urlTemplate":"https:\/\/boutique-one-piece.com\/?s={search_term_string}"},"query-input":{"@type":"PropertyValueSpecification","valueRequired":true,"valueName":"search_term_string"}}],"inLanguage":"pl-PL"},{"@type":"Organization","@id":"https:\/\/boutique-one-piece.com\/#organization","name":"One Piece Shop","url":"https:\/\/boutique-one-piece.com\/","logo":{"@type":"ImageObject","inLanguage":"pl-PL","@id":"https:\/\/boutique-one-piece.com\/#\/schema\/logo\/image\/","url":"https:\/\/boutique-one-piece.com\/wp-content\/uploads\/2022\/09\/Logo-01.png","contentUrl":"https:\/\/boutique-one-piece.com\/wp-content\/uploads\/2022\/09\/Logo-01.png","width":2318,"height":957,"caption":"Boutique One Piece"},"image":{"@id":"https:\/\/boutique-one-piece.com\/#\/schema\/logo\/image\/"}}]}},"_links":{"self":[{"href":"https:\/\/boutique-one-piece.com\/pl\/wp-json\/wp\/v2\/product\/9202","targetHints":{"allow":["GET"]}}],"collection":[{"href":"https:\/\/boutique-one-piece.com\/pl\/wp-json\/wp\/v2\/product"}],"about":[{"href":"https:\/\/boutique-one-piece.com\/pl\/wp-json\/wp\/v2\/types\/product"}],"replies":[{"embeddable":true,"href":"https:\/\/boutique-one-piece.com\/pl\/wp-json\/wp\/v2\/comments?post=9202"}],"wp:featuredmedia":[{"embeddable":true,"href":"https:\/\/boutique-one-piece.com\/pl\/wp-json\/wp\/v2\/media\/9204"}],"wp:attachment":[{"href":"https:\/\/boutique-one-piece.com\/pl\/wp-json\/wp\/v2\/media?parent=9202"}],"wp:term":[{"taxonomy":"product_brand","embeddable":true,"href":"https:\/\/boutique-one-piece.com\/pl\/wp-json\/wp\/v2\/product_brand?post=9202"},{"taxonomy":"product_cat","embeddable":true,"href":"https:\/\/boutique-one-piece.com\/pl\/wp-json\/wp\/v2\/product_cat?post=9202"},{"taxonomy":"product_tag","embeddable":true,"href":"https:\/\/boutique-one-piece.com\/pl\/wp-json\/wp\/v2\/product_tag?post=9202"}],"curies":[{"name":"wp","href":"https:\/\/api.w.org\/{rel}","templated":true}]}}