{"id":9205,"date":"2022-09-27T20:18:06","date_gmt":"2022-09-27T20:18:06","guid":{"rendered":"https:\/\/boutique-one-piece.com\/uncategorized\/figurine-one-piece-sanji-film-z\/"},"modified":"2024-09-16T11:37:25","modified_gmt":"2024-09-16T11:37:25","slug":"figurka-sanji-z-filmu-z-one-piece","status":"publish","type":"product","link":"https:\/\/boutique-one-piece.com\/pl\/smakolyki-z-one-piece\/slodycze-vinsmoke-sanji-one-piece\/figurka-sanji-z-filmu-z-one-piece\/","title":{"rendered":"One Piece Sanji Movie Z Figure"},"content":{"rendered":"<h2>M\u0142ody piracie, nadszed\u0142 czas, aby\u015b zdoby\u0142 figurk\u0119 One Piece Sanji Movie Z.<\/h2>\n<p>Przypomnijmy, \u017ce One Piece: Z, w Japonii nazywa si\u0119 <strong>Film One Piece: Z<\/strong>, \u00abOne Piece\u201d, wyre\u017cyserowany przez Tatsuy\u0119 Nagamine pod nadzorem Eiichiro Ody, to film z 2012 roku. Jest to dwunasty film oparty na serii \u201eOne Piece\u201d Eiichiro Ody. Oto streszczenie: Kamienie Dyna, kt\u00f3rych moc podobno przypomina moc Staro\u017cytnej Broni, zosta\u0142y nagle skradzione przez cz\u0142owieka, kt\u00f3ry stworzy\u0142 w\u0142asn\u0105 piechot\u0119 morsk\u0105 w Nowym \u015awiecie \u2013 by\u0142ego admira\u0142a piechoty morskiej o imieniu Zephyr, znanego r\u00f3wnie\u017c jako \u201e\u2026\u00ab\u00a0<strong>Z z czarnym ramieniem<\/strong>\u00ab, kapitan Nowych Marines.<\/p>\n<p>Tutaj chodzi o <strong>Sanji<\/strong> O tym w\u0142a\u015bnie m\u00f3wimy. Na pewno wiesz, \u017ce Sanji, nazywany Sanji <strong>Czarna noga<\/strong>, Sanji jest kucharzem za\u0142ogi S\u0142omkowego Kapelusza. Sztuki kulinarnej nauczy\u0142 si\u0119 w Baratie, p\u0142ywaj\u0105cej restauracji nale\u017c\u0105cej do by\u0142ego pirata, Czerwonej Nogi Zeffa. A tak przy okazji, je\u015bli szczeg\u00f3lnie lubisz t\u0119 posta\u0107, <a title=\"ONE PIECE SANJI KAWAII FIGURE\" href=\"https:\/\/boutique-one-piece.com\/pl\/figurki-one-piece\/produkty\/jednoczesciowa-figurka-sanji-kawaii\/\" target=\"_blank\" rel=\"noopener\">s\u0142odka figurka Sanjiego<\/a> jest w Twoim zasi\u0119gu.<\/p>\n<h3>Czy urzek\u0142a Ci\u0119 figurka Sanjiego z filmu \u00abOne Piece: Z\u00bb? Je\u015bli tak, nie czekaj d\u0142u\u017cej i wyrusz na przygod\u0119 razem z nim.<\/h3>\n<p><strong>M\u0142ody pirat<\/strong>, Nie szukaj dalej, te legendarne przedmioty One Piece to prawdziwy skarb. Idealne na prezent, ozdob\u0119 lub do kolekcjonowania, te przedmioty wzbogac\u0105 Twoj\u0105 kolekcj\u0119. <strong>Tw\u00f3j wszech\u015bwiat One Piece<\/strong>. We\u017a sw\u00f3j los we w\u0142asne r\u0119ce i prze\u017cyj wiele przyg\u00f3d z za\u0142og\u0105 S\u0142omkowego Kapelusza.<\/p>\n<h2>Informacje o figurce Sanjiego z filmu Z\u00a0<\/h2>\n<ul>\n<li><span><b><u>Figurka One Piece<\/u><\/b>\u00a0Figurka Premium One Piece dla prawdziwych pirat\u00f3w<\/span><\/li>\n<\/ul>\n<ul>\n<li>\n<b>Materia\u0142<\/b><span>\u00a0<\/span>PCV<\/li>\n<\/ul>\n<ul>\n<li><span><strong>Wymiar<\/strong>\u00a0: 18 cm<\/span><\/li>\n<\/ul>\n<ul>\n<li><span><strong>DARMOWA DOSTAWA<\/strong><\/span><\/li>\n<\/ul>","protected":false},"excerpt":{"rendered":"<p>Jeune pirate, le moment est venu pour toi de te procurer cette Figurine One Piece Sanji Film Z. Pour rappel, One Piece : Z, appel\u00e9 au Japon One Piece Film : Z, est un film r\u00e9alis\u00e9 en 2012 par Tatsuya Nagamine et supervis\u00e9 par Eiichiro Oda. Il est le douzi\u00e8me film bas\u00e9 sur la s\u00e9rie [&hellip;]<\/p>","protected":false},"featured_media":9207,"comment_status":"open","ping_status":"open","template":"","meta":[],"product_brand":[],"product_cat":[76,275,164],"product_tag":[112],"class_list":{"0":"post-9205","1":"product","2":"type-product","3":"status-publish","4":"has-post-thumbnail","6":"product_cat-figurines-one-piece","7":"product_cat-figurines-vinsmoke-sanji","8":"product_cat-goodies-vinsmoke-sanji-one-piece","9":"product_tag-sanji","11":"first","12":"instock","13":"purchasable","14":"product-type-simple"},"yoast_head":"<!-- This site is optimized with the Yoast SEO plugin v27.5 - https:\/\/yoast.com\/product\/yoast-seo-wordpress\/ -->\n<title>Figurine One Piece Sanji Film Z | Figurine One Piece \u2013 Boutique One Piece<\/title>\n<meta name=\"description\" content=\"Jeune pirate, le moment est venu pour toi de te procurer cette Figurine One Piece Sanji Film Z. Pour rappel, One Piece : Z, appel\u00e9 au Japon One Piece Film : Z, est un film r\u00e9alis\u00e9 en 2012 par Tatsuya Nagamine et supervis\u00e9 par Eiichiro Oda. Il est le douzi\u00e8me film bas\u00e9 sur la s\u00e9rie One Piece de Eiichiro Oda. En voici le\" \/>\n<meta name=\"robots\" content=\"index, follow, max-snippet:-1, max-image-preview:large, max-video-preview:-1\" \/>\n<link rel=\"canonical\" href=\"https:\/\/boutique-one-piece.com\/pl\/figurki-one-piece\/figurki-vinsmoke-sanji\/figurka-sanji-z-filmu-z-one-piece\/\" \/>\n<meta property=\"og:locale\" content=\"pl_PL\" \/>\n<meta property=\"og:type\" content=\"article\" \/>\n<meta property=\"og:title\" content=\"Figurine One Piece Sanji Film Z | Figurine One Piece \u2013 Boutique One Piece\" \/>\n<meta property=\"og:description\" content=\"Jeune pirate, le moment est venu pour toi de te procurer cette Figurine One Piece Sanji Film Z. Pour rappel, One Piece : Z, appel\u00e9 au Japon One Piece Film : Z, est un film r\u00e9alis\u00e9 en 2012 par Tatsuya Nagamine et supervis\u00e9 par Eiichiro Oda. Il est le douzi\u00e8me film bas\u00e9 sur la s\u00e9rie One Piece de Eiichiro Oda. En voici le\" \/>\n<meta property=\"og:url\" content=\"https:\/\/boutique-one-piece.com\/pl\/figurki-one-piece\/figurki-vinsmoke-sanji\/figurka-sanji-z-filmu-z-one-piece\/\" \/>\n<meta property=\"og:site_name\" content=\"Boutique One Piece\" \/>\n<meta property=\"article:modified_time\" content=\"2024-09-16T11:37:25+00:00\" \/>\n<meta property=\"og:image\" content=\"https:\/\/boutique-one-piece.com\/wp-content\/uploads\/2022\/09\/Figurine-One-Piece-Sanji-Film-Z-1.jpg\" \/>\n\t<meta property=\"og:image:width\" content=\"600\" \/>\n\t<meta property=\"og:image:height\" content=\"600\" \/>\n\t<meta property=\"og:image:type\" content=\"image\/jpeg\" \/>\n<meta name=\"twitter:card\" content=\"summary_large_image\" \/>\n<meta name=\"twitter:label1\" content=\"Szacowany czas czytania\" \/>\n\t<meta name=\"twitter:data1\" content=\"1 minuta\" \/>\n<script type=\"application\/ld+json\" class=\"yoast-schema-graph\">{\"@context\":\"https:\\\/\\\/schema.org\",\"@graph\":[{\"@type\":\"WebPage\",\"@id\":\"https:\\\/\\\/boutique-one-piece.com\\\/figurines-one-piece\\\/figurines-vinsmoke-sanji\\\/figurine-one-piece-sanji-film-z\\\/\",\"url\":\"https:\\\/\\\/boutique-one-piece.com\\\/figurines-one-piece\\\/figurines-vinsmoke-sanji\\\/figurine-one-piece-sanji-film-z\\\/\",\"name\":\"Figurine One Piece Sanji Film Z | Figurine One Piece \u2013 Boutique One Piece\",\"isPartOf\":{\"@id\":\"https:\\\/\\\/boutique-one-piece.com\\\/#website\"},\"primaryImageOfPage\":{\"@id\":\"https:\\\/\\\/boutique-one-piece.com\\\/figurines-one-piece\\\/figurines-vinsmoke-sanji\\\/figurine-one-piece-sanji-film-z\\\/#primaryimage\"},\"image\":{\"@id\":\"https:\\\/\\\/boutique-one-piece.com\\\/figurines-one-piece\\\/figurines-vinsmoke-sanji\\\/figurine-one-piece-sanji-film-z\\\/#primaryimage\"},\"thumbnailUrl\":\"https:\\\/\\\/boutique-one-piece.com\\\/wp-content\\\/uploads\\\/2022\\\/09\\\/Figurine-One-Piece-Sanji-Film-Z-1.jpg\",\"datePublished\":\"2022-09-27T20:18:06+00:00\",\"dateModified\":\"2024-09-16T11:37:25+00:00\",\"description\":\"Jeune pirate, le moment est venu pour toi de te procurer cette Figurine One Piece Sanji Film Z. Pour rappel, One Piece : Z, appel\u00e9 au Japon One Piece Film : Z, est un film r\u00e9alis\u00e9 en 2012 par Tatsuya Nagamine et supervis\u00e9 par Eiichiro Oda. Il est le douzi\u00e8me film bas\u00e9 sur la s\u00e9rie One Piece de Eiichiro Oda. En voici le\",\"breadcrumb\":{\"@id\":\"https:\\\/\\\/boutique-one-piece.com\\\/figurines-one-piece\\\/figurines-vinsmoke-sanji\\\/figurine-one-piece-sanji-film-z\\\/#breadcrumb\"},\"inLanguage\":\"pl-PL\",\"potentialAction\":[{\"@type\":\"ReadAction\",\"target\":[\"https:\\\/\\\/boutique-one-piece.com\\\/figurines-one-piece\\\/figurines-vinsmoke-sanji\\\/figurine-one-piece-sanji-film-z\\\/\"]}]},{\"@type\":\"ImageObject\",\"inLanguage\":\"pl-PL\",\"@id\":\"https:\\\/\\\/boutique-one-piece.com\\\/figurines-one-piece\\\/figurines-vinsmoke-sanji\\\/figurine-one-piece-sanji-film-z\\\/#primaryimage\",\"url\":\"https:\\\/\\\/boutique-one-piece.com\\\/wp-content\\\/uploads\\\/2022\\\/09\\\/Figurine-One-Piece-Sanji-Film-Z-1.jpg\",\"contentUrl\":\"https:\\\/\\\/boutique-one-piece.com\\\/wp-content\\\/uploads\\\/2022\\\/09\\\/Figurine-One-Piece-Sanji-Film-Z-1.jpg\",\"width\":600,\"height\":600},{\"@type\":\"BreadcrumbList\",\"@id\":\"https:\\\/\\\/boutique-one-piece.com\\\/figurines-one-piece\\\/figurines-vinsmoke-sanji\\\/figurine-one-piece-sanji-film-z\\\/#breadcrumb\",\"itemListElement\":[{\"@type\":\"ListItem\",\"position\":1,\"name\":\"Home\",\"item\":\"https:\\\/\\\/boutique-one-piece.com\\\/\"},{\"@type\":\"ListItem\",\"position\":2,\"name\":\"Shop\",\"item\":\"https:\\\/\\\/boutique-one-piece.com\\\/shop\\\/\"},{\"@type\":\"ListItem\",\"position\":3,\"name\":\"Figurine One Piece Sanji Film Z\"}]},{\"@type\":\"WebSite\",\"@id\":\"https:\\\/\\\/boutique-one-piece.com\\\/#website\",\"url\":\"https:\\\/\\\/boutique-one-piece.com\\\/\",\"name\":\"Boutique One Piece\",\"description\":\"Magasin Sp\u00e9cialis\u00e9 du Manga et l&#039;Anime One Piece\",\"publisher\":{\"@id\":\"https:\\\/\\\/boutique-one-piece.com\\\/#organization\"},\"potentialAction\":[{\"@type\":\"SearchAction\",\"target\":{\"@type\":\"EntryPoint\",\"urlTemplate\":\"https:\\\/\\\/boutique-one-piece.com\\\/?s={search_term_string}\"},\"query-input\":{\"@type\":\"PropertyValueSpecification\",\"valueRequired\":true,\"valueName\":\"search_term_string\"}}],\"inLanguage\":\"pl-PL\"},{\"@type\":\"Organization\",\"@id\":\"https:\\\/\\\/boutique-one-piece.com\\\/#organization\",\"name\":\"Boutique One Piece\",\"url\":\"https:\\\/\\\/boutique-one-piece.com\\\/\",\"logo\":{\"@type\":\"ImageObject\",\"inLanguage\":\"pl-PL\",\"@id\":\"https:\\\/\\\/boutique-one-piece.com\\\/#\\\/schema\\\/logo\\\/image\\\/\",\"url\":\"https:\\\/\\\/boutique-one-piece.com\\\/wp-content\\\/uploads\\\/2022\\\/09\\\/Logo-01.png\",\"contentUrl\":\"https:\\\/\\\/boutique-one-piece.com\\\/wp-content\\\/uploads\\\/2022\\\/09\\\/Logo-01.png\",\"width\":2318,\"height\":957,\"caption\":\"Boutique One Piece\"},\"image\":{\"@id\":\"https:\\\/\\\/boutique-one-piece.com\\\/#\\\/schema\\\/logo\\\/image\\\/\"}}]}<\/script>\n<!-- \/ Yoast SEO plugin. -->","yoast_head_json":{"title":"Figurka Sanjiego z filmu One Piece Z | Figurka One Piece \u2013 Sklep One Piece","description":"M\u0142ody piracie, nadszed\u0142 czas, aby\u015b zdoby\u0142 figurk\u0119 Sanjiego z filmu One Piece: Z. Przypominamy, \u017ce \u201eOne Piece: Z\u201d, w Japonii znany jako \u201eOne Piece Film: Z\u201d, to film z 2012 roku wyre\u017cyserowany przez Tatsuy\u0119 Nagamine i nadzorowany przez Eiichiro Od\u0119. Jest to dwunasty film oparty na serii \u201eOne Piece\u201d Eiichiro Ody. Oto\u2026","robots":{"index":"index","follow":"follow","max-snippet":"max-snippet:-1","max-image-preview":"max-image-preview:large","max-video-preview":"max-video-preview:-1"},"canonical":"https:\/\/boutique-one-piece.com\/pl\/figurki-one-piece\/figurki-vinsmoke-sanji\/figurka-sanji-z-filmu-z-one-piece\/","og_locale":"pl_PL","og_type":"article","og_title":"Figurine One Piece Sanji Film Z | Figurine One Piece \u2013 Boutique One Piece","og_description":"Jeune pirate, le moment est venu pour toi de te procurer cette Figurine One Piece Sanji Film Z. Pour rappel, One Piece : Z, appel\u00e9 au Japon One Piece Film : Z, est un film r\u00e9alis\u00e9 en 2012 par Tatsuya Nagamine et supervis\u00e9 par Eiichiro Oda. Il est le douzi\u00e8me film bas\u00e9 sur la s\u00e9rie One Piece de Eiichiro Oda. En voici le","og_url":"https:\/\/boutique-one-piece.com\/pl\/figurki-one-piece\/figurki-vinsmoke-sanji\/figurka-sanji-z-filmu-z-one-piece\/","og_site_name":"Boutique One Piece","article_modified_time":"2024-09-16T11:37:25+00:00","og_image":[{"width":600,"height":600,"url":"https:\/\/boutique-one-piece.com\/wp-content\/uploads\/2022\/09\/Figurine-One-Piece-Sanji-Film-Z-1.jpg","type":"image\/jpeg"}],"twitter_card":"summary_large_image","twitter_misc":{"Szacowany czas czytania":"1 minuta"},"schema":{"@context":"https:\/\/schema.org","@graph":[{"@type":"WebPage","@id":"https:\/\/boutique-one-piece.com\/figurines-one-piece\/figurines-vinsmoke-sanji\/figurine-one-piece-sanji-film-z\/","url":"https:\/\/boutique-one-piece.com\/figurines-one-piece\/figurines-vinsmoke-sanji\/figurine-one-piece-sanji-film-z\/","name":"Figurka Sanjiego z filmu One Piece Z | Figurka One Piece \u2013 Sklep One Piece","isPartOf":{"@id":"https:\/\/boutique-one-piece.com\/#website"},"primaryImageOfPage":{"@id":"https:\/\/boutique-one-piece.com\/figurines-one-piece\/figurines-vinsmoke-sanji\/figurine-one-piece-sanji-film-z\/#primaryimage"},"image":{"@id":"https:\/\/boutique-one-piece.com\/figurines-one-piece\/figurines-vinsmoke-sanji\/figurine-one-piece-sanji-film-z\/#primaryimage"},"thumbnailUrl":"https:\/\/boutique-one-piece.com\/wp-content\/uploads\/2022\/09\/Figurine-One-Piece-Sanji-Film-Z-1.jpg","datePublished":"2022-09-27T20:18:06+00:00","dateModified":"2024-09-16T11:37:25+00:00","description":"M\u0142ody piracie, nadszed\u0142 czas, aby\u015b zdoby\u0142 figurk\u0119 Sanjiego z filmu One Piece: Z. Przypominamy, \u017ce \u201eOne Piece: Z\u201d, w Japonii znany jako \u201eOne Piece Film: Z\u201d, to film z 2012 roku wyre\u017cyserowany przez Tatsuy\u0119 Nagamine i nadzorowany przez Eiichiro Od\u0119. Jest to dwunasty film oparty na serii \u201eOne Piece\u201d Eiichiro Ody. Oto\u2026","breadcrumb":{"@id":"https:\/\/boutique-one-piece.com\/figurines-one-piece\/figurines-vinsmoke-sanji\/figurine-one-piece-sanji-film-z\/#breadcrumb"},"inLanguage":"pl-PL","potentialAction":[{"@type":"ReadAction","target":["https:\/\/boutique-one-piece.com\/figurines-one-piece\/figurines-vinsmoke-sanji\/figurine-one-piece-sanji-film-z\/"]}]},{"@type":"ImageObject","inLanguage":"pl-PL","@id":"https:\/\/boutique-one-piece.com\/figurines-one-piece\/figurines-vinsmoke-sanji\/figurine-one-piece-sanji-film-z\/#primaryimage","url":"https:\/\/boutique-one-piece.com\/wp-content\/uploads\/2022\/09\/Figurine-One-Piece-Sanji-Film-Z-1.jpg","contentUrl":"https:\/\/boutique-one-piece.com\/wp-content\/uploads\/2022\/09\/Figurine-One-Piece-Sanji-Film-Z-1.jpg","width":600,"height":600},{"@type":"BreadcrumbList","@id":"https:\/\/boutique-one-piece.com\/figurines-one-piece\/figurines-vinsmoke-sanji\/figurine-one-piece-sanji-film-z\/#breadcrumb","itemListElement":[{"@type":"ListItem","position":1,"name":"Home","item":"https:\/\/boutique-one-piece.com\/"},{"@type":"ListItem","position":2,"name":"Shop","item":"https:\/\/boutique-one-piece.com\/shop\/"},{"@type":"ListItem","position":3,"name":"Figurine One Piece Sanji Film Z"}]},{"@type":"WebSite","@id":"https:\/\/boutique-one-piece.com\/#website","url":"https:\/\/boutique-one-piece.com\/","name":"One Piece Shop","description":"Sklep specjalistyczny z mang\u0105 i anime One Piece","publisher":{"@id":"https:\/\/boutique-one-piece.com\/#organization"},"potentialAction":[{"@type":"SearchAction","target":{"@type":"EntryPoint","urlTemplate":"https:\/\/boutique-one-piece.com\/?s={search_term_string}"},"query-input":{"@type":"PropertyValueSpecification","valueRequired":true,"valueName":"search_term_string"}}],"inLanguage":"pl-PL"},{"@type":"Organization","@id":"https:\/\/boutique-one-piece.com\/#organization","name":"One Piece Shop","url":"https:\/\/boutique-one-piece.com\/","logo":{"@type":"ImageObject","inLanguage":"pl-PL","@id":"https:\/\/boutique-one-piece.com\/#\/schema\/logo\/image\/","url":"https:\/\/boutique-one-piece.com\/wp-content\/uploads\/2022\/09\/Logo-01.png","contentUrl":"https:\/\/boutique-one-piece.com\/wp-content\/uploads\/2022\/09\/Logo-01.png","width":2318,"height":957,"caption":"Boutique One Piece"},"image":{"@id":"https:\/\/boutique-one-piece.com\/#\/schema\/logo\/image\/"}}]}},"_links":{"self":[{"href":"https:\/\/boutique-one-piece.com\/pl\/wp-json\/wp\/v2\/product\/9205","targetHints":{"allow":["GET"]}}],"collection":[{"href":"https:\/\/boutique-one-piece.com\/pl\/wp-json\/wp\/v2\/product"}],"about":[{"href":"https:\/\/boutique-one-piece.com\/pl\/wp-json\/wp\/v2\/types\/product"}],"replies":[{"embeddable":true,"href":"https:\/\/boutique-one-piece.com\/pl\/wp-json\/wp\/v2\/comments?post=9205"}],"wp:featuredmedia":[{"embeddable":true,"href":"https:\/\/boutique-one-piece.com\/pl\/wp-json\/wp\/v2\/media\/9207"}],"wp:attachment":[{"href":"https:\/\/boutique-one-piece.com\/pl\/wp-json\/wp\/v2\/media?parent=9205"}],"wp:term":[{"taxonomy":"product_brand","embeddable":true,"href":"https:\/\/boutique-one-piece.com\/pl\/wp-json\/wp\/v2\/product_brand?post=9205"},{"taxonomy":"product_cat","embeddable":true,"href":"https:\/\/boutique-one-piece.com\/pl\/wp-json\/wp\/v2\/product_cat?post=9205"},{"taxonomy":"product_tag","embeddable":true,"href":"https:\/\/boutique-one-piece.com\/pl\/wp-json\/wp\/v2\/product_tag?post=9205"}],"curies":[{"name":"wp","href":"https:\/\/api.w.org\/{rel}","templated":true}]}}