{"id":9230,"date":"2022-09-27T20:18:23","date_gmt":"2022-09-27T20:18:23","guid":{"rendered":"https:\/\/boutique-one-piece.com\/uncategorized\/casquette-one-piece-trafalgar-law\/"},"modified":"2026-02-15T14:21:01","modified_gmt":"2026-02-15T14:21:01","slug":"jednoczesciowa-czapka-trafalgar-law","status":"publish","type":"product","link":"https:\/\/boutique-one-piece.com\/pl\/ubrania-jednoczesciowe\/czapki-i-kapelusze-one-piece\/jednoczesciowa-czapka-trafalgar-law\/","title":{"rendered":"Czapka Trafalgar Law z jednym elementem"},"content":{"rendered":"<h2>Niebiesko-\u017c\u00f3\u0142ta czapka One Piece z motywem Jolly Rogera Trafalgara Lawa, czapka<span>\u00a0<\/span>Jako\u015b\u0107 dla pirata takiego jak Ty!<\/h2>\n<p>Je\u015bli jeste\u015b\u00a0<strong>prawdziwy pirat<\/strong>, Docenisz\u00a0<strong>jako\u015b\u0107<\/strong>\u00a0daszka i\u00a0<strong>Drukowanie na p\u0142\u00f3tnie 3D<span>\u00a0<\/span><\/strong>i<span>\u00a0<\/span><strong>haftowany wz\u00f3r<\/strong>\u00a0tego\u00a0<strong>Czapka One Piece<\/strong>\u00a0Ale co najwa\u017cniejsze, b\u0119dziesz cz\u0119\u015bci\u0105\u00a0<strong>ekipa fan\u00f3w<\/strong>\u00a0z\u00a0<strong>manga piracka<\/strong>\u00a0i otrzymasz:<\/p>\n<ul>\n<li>\u00a0<strong>Podziw<\/strong>\u00a0wszystkich fan\u00f3w\u00a0<strong>wszech\u015bwiat<\/strong>\u00a0z\u00a0<strong>licencja<\/strong>\u00a0z\u00a0<strong>manga<\/strong>\u00a0\u017ce spotkasz<\/li>\n<\/ul>\n<ul>\n<li>Prawdziwy\u00a0<strong>Czapka<\/strong>\u00a0z kt\u00f3rym mo\u017cesz\u00a0<strong>udzia\u0142<\/strong>\u00a0tw\u00f3j\u00a0<strong>pasja<\/strong>\u00a0Dla<span>\u00a0<\/span><strong>wszech\u015bwiat<\/strong>\u00a0<strong>Jeden kawa\u0142ek<\/strong>\n<\/li>\n<\/ul>\n<p>Wi\u0119c jeste\u015b gotowy do noszenia\u00a0<strong>zabarwienie\u00a0<\/strong>z<strong>\u00a0<\/strong>tw\u00f3j<strong>\u00a0ulubiona manga<\/strong>\u00a0?<\/p>\n<h2>Jeste\u015b fanem mangi lub anime One Piece? Poka\u017c to w tej czapce One Piece!<\/h2>\n<p>Je\u015bli ty\u00a0<strong>Czyta\u0107<\/strong>\u00a0lub gdziekolwiek spojrzysz\u00a0\u00a0<strong>Japo\u0144skie anime<\/strong>, Jest du\u017ca szansa, \u017ce si\u0119 sta\u0142e\u015b\u00a0<strong>szalony na punkcie One Piece<\/strong>\u00a0Z tym\u00a0<strong>Czapka Trafalgar Law z jednym elementem<span>\u00a0<\/span><\/strong>, do\u0142\u0105cz do\u2019<strong>ekipa fan\u00f3w serii<\/strong><\/p>\n<p>Ten<span>\u00a0<\/span><strong>czapka haftowana<\/strong><span>\u00a0<\/span>b\u0119dzie odpowiedni dla wszystkich kategorii pirat\u00f3w,\u00a0<strong>Cz\u0142owiek<\/strong>\u00a0Lub\u00a0<strong>kobiety<\/strong>, nawet je\u015bli nie masz\u00a0<strong>miecz<\/strong>\u00a0Lub\u00a0<strong>diabelski owoc<\/strong>\u00a0Nadal mo\u017cesz nosi\u0107 je z dum\u0105.<\/p>\n<h2>Informacje o czapce:\u00a0<\/h2>\n<ul>\n<li>\u00a0<b>Czapka w stylu<span>\u00a0<\/span>Klasyczny\u00a0<\/b>:ustanowiony<span>\u00a0<\/span>z 6\u00a0<strong>panele<\/strong>\u00a0W\u00a0<strong>poliester<\/strong>\n<\/li>\n<\/ul>\n<ul>\n<li>\n<strong>Poliester<\/strong>\u00a0:z jego\u00a0<strong>kompozycja\u00a0<\/strong>W<strong>\u00a0poliester<\/strong>, Ta czapka oferuje idealne\u00a0<strong>ochrona<\/strong>\u00a0przeciwko\u00a0<strong>s\u0142oneczny\u00a0<\/strong>I<strong>\u00a0woda<\/strong>.\u00a0<\/li>\n<\/ul>\n<ul>\n<li>\n<strong>Bardzo wygodne\u00a0<\/strong>ona jest bardzo<span>\u00a0<\/span><strong>przyjemny<\/strong><span>\u00a0<\/span>\u00e0<span>\u00a0<\/span><strong>nie\u015b\u0107<\/strong>\n<\/li>\n<\/ul>\n<ul>\n<li>\n<strong>Druk cyfrowy 3D<\/strong>\u00a0:he\u0142m<strong>\u00a0wydrukowane<\/strong>\u00a0z oryginalnym designem,\u00a0<strong>Wydruk na p\u0142\u00f3tnie<\/strong>\n<\/li>\n<\/ul>\n<ul>\n<li>\n<strong>P\u0142aski daszek\u00a0<\/strong>: Tam\u00a0<strong>przy\u0142bica<\/strong>\u00a0Wsch\u00f3d<b>\u00a0PRAWID\u0141OWY<\/b>\n<\/li>\n<\/ul>\n<ul>\n<li>\n<strong>Darmowa dostawa\u00a0<\/strong>za ka\u017cdy zakup<\/li>\n<\/ul>","protected":false},"excerpt":{"rendered":"<p>Casquette One Piece Bleue et Jaune avec le Jolly Roger de Trafalgar Law ,\u00a0Une\u00a0Casquette\u00a0de Qualit\u00e9 pour un Pirate Comme Toi\u00a0! Si tu es un\u00a0v\u00e9ritable pirate, tu sauras appr\u00e9cier la\u00a0qualit\u00e9\u00a0de la visi\u00e8re et de\u00a0l&rsquo;impression 3D Canvas\u00a0et le\u00a0motif brod\u00e9\u00a0de cette\u00a0casquette\u00a0One Piece\u00a0!\u00a0Mais le plus important,\u00a0c\u0092est que tu\u00a0feras partie de\u00a0l&rsquo;\u00e9quipage\u00a0des fans\u00a0du\u00a0manga de pirates\u00a0et tu obtiendras\u00a0: \u00a0L&rsquo;admiration\u00a0de tous les fans [&hellip;]<\/p>","protected":false},"featured_media":20817,"comment_status":"open","ping_status":"open","template":"","meta":[],"product_brand":[],"product_cat":[190],"product_tag":[202,182],"class_list":{"0":"post-9230","1":"product","2":"type-product","3":"status-publish","4":"has-post-thumbnail","6":"product_cat-casquettes-et-chapeaux-one-piece","7":"product_tag-law","8":"product_tag-logo","10":"first","11":"instock","12":"purchasable","13":"product-type-simple"},"yoast_head":"<!-- This site is optimized with the Yoast SEO plugin v27.5 - https:\/\/yoast.com\/product\/yoast-seo-wordpress\/ -->\n<title>Casquette Jaune Embl\u00e8me Trafalgar Law | Boutique One Piece<\/title>\n<meta name=\"description\" content=\"Casquette Bleue et Jaune One Piece avec le Logo de Law de Haute Qualit\u00e9 avec une visi\u00e8re Plate, Partage ta Passion pour L&#039;univers des Pirates avec Style !\" \/>\n<meta name=\"robots\" content=\"index, follow, max-snippet:-1, max-image-preview:large, max-video-preview:-1\" \/>\n<link rel=\"canonical\" href=\"https:\/\/boutique-one-piece.com\/pl\/ubrania-jednoczesciowe\/czapki-i-kapelusze-one-piece\/jednoczesciowa-czapka-trafalgar-law\/\" \/>\n<meta property=\"og:locale\" content=\"pl_PL\" \/>\n<meta property=\"og:type\" content=\"article\" \/>\n<meta property=\"og:title\" content=\"Casquette Jaune Embl\u00e8me Trafalgar Law | Boutique One Piece\" \/>\n<meta property=\"og:description\" content=\"Casquette Bleue et Jaune One Piece avec le Logo de Law de Haute Qualit\u00e9 avec une visi\u00e8re Plate, Partage ta Passion pour L&#039;univers des Pirates avec Style !\" \/>\n<meta property=\"og:url\" content=\"https:\/\/boutique-one-piece.com\/pl\/ubrania-jednoczesciowe\/czapki-i-kapelusze-one-piece\/jednoczesciowa-czapka-trafalgar-law\/\" \/>\n<meta property=\"og:site_name\" content=\"Boutique One Piece\" \/>\n<meta property=\"article:modified_time\" content=\"2026-02-15T14:21:01+00:00\" \/>\n<meta property=\"og:image\" content=\"https:\/\/boutique-one-piece.com\/wp-content\/uploads\/2022\/09\/imgi_1_S64f087329240405ea062f5fe3fa153cas.jpg\" \/>\n\t<meta property=\"og:image:width\" content=\"800\" \/>\n\t<meta property=\"og:image:height\" content=\"800\" \/>\n\t<meta property=\"og:image:type\" content=\"image\/jpeg\" \/>\n<meta name=\"twitter:card\" content=\"summary_large_image\" \/>\n<meta name=\"twitter:label1\" content=\"Szacowany czas czytania\" \/>\n\t<meta name=\"twitter:data1\" content=\"2 minuty\" \/>\n<script type=\"application\/ld+json\" class=\"yoast-schema-graph\">{\"@context\":\"https:\\\/\\\/schema.org\",\"@graph\":[{\"@type\":\"WebPage\",\"@id\":\"https:\\\/\\\/boutique-one-piece.com\\\/vetements-one-piece\\\/casquettes-et-chapeaux-one-piece\\\/casquette-one-piece-trafalgar-law\\\/\",\"url\":\"https:\\\/\\\/boutique-one-piece.com\\\/vetements-one-piece\\\/casquettes-et-chapeaux-one-piece\\\/casquette-one-piece-trafalgar-law\\\/\",\"name\":\"Casquette Jaune Embl\u00e8me Trafalgar Law | Boutique One Piece\",\"isPartOf\":{\"@id\":\"https:\\\/\\\/boutique-one-piece.com\\\/#website\"},\"primaryImageOfPage\":{\"@id\":\"https:\\\/\\\/boutique-one-piece.com\\\/vetements-one-piece\\\/casquettes-et-chapeaux-one-piece\\\/casquette-one-piece-trafalgar-law\\\/#primaryimage\"},\"image\":{\"@id\":\"https:\\\/\\\/boutique-one-piece.com\\\/vetements-one-piece\\\/casquettes-et-chapeaux-one-piece\\\/casquette-one-piece-trafalgar-law\\\/#primaryimage\"},\"thumbnailUrl\":\"https:\\\/\\\/boutique-one-piece.com\\\/wp-content\\\/uploads\\\/2022\\\/09\\\/imgi_1_S64f087329240405ea062f5fe3fa153cas.jpg\",\"datePublished\":\"2022-09-27T20:18:23+00:00\",\"dateModified\":\"2026-02-15T14:21:01+00:00\",\"description\":\"Casquette Bleue et Jaune One Piece avec le Logo de Law de Haute Qualit\u00e9 avec une visi\u00e8re Plate, Partage ta Passion pour L'univers des Pirates avec Style !\",\"breadcrumb\":{\"@id\":\"https:\\\/\\\/boutique-one-piece.com\\\/vetements-one-piece\\\/casquettes-et-chapeaux-one-piece\\\/casquette-one-piece-trafalgar-law\\\/#breadcrumb\"},\"inLanguage\":\"pl-PL\",\"potentialAction\":[{\"@type\":\"ReadAction\",\"target\":[\"https:\\\/\\\/boutique-one-piece.com\\\/vetements-one-piece\\\/casquettes-et-chapeaux-one-piece\\\/casquette-one-piece-trafalgar-law\\\/\"]}]},{\"@type\":\"ImageObject\",\"inLanguage\":\"pl-PL\",\"@id\":\"https:\\\/\\\/boutique-one-piece.com\\\/vetements-one-piece\\\/casquettes-et-chapeaux-one-piece\\\/casquette-one-piece-trafalgar-law\\\/#primaryimage\",\"url\":\"https:\\\/\\\/boutique-one-piece.com\\\/wp-content\\\/uploads\\\/2022\\\/09\\\/imgi_1_S64f087329240405ea062f5fe3fa153cas.jpg\",\"contentUrl\":\"https:\\\/\\\/boutique-one-piece.com\\\/wp-content\\\/uploads\\\/2022\\\/09\\\/imgi_1_S64f087329240405ea062f5fe3fa153cas.jpg\",\"width\":800,\"height\":800},{\"@type\":\"BreadcrumbList\",\"@id\":\"https:\\\/\\\/boutique-one-piece.com\\\/vetements-one-piece\\\/casquettes-et-chapeaux-one-piece\\\/casquette-one-piece-trafalgar-law\\\/#breadcrumb\",\"itemListElement\":[{\"@type\":\"ListItem\",\"position\":1,\"name\":\"Home\",\"item\":\"https:\\\/\\\/boutique-one-piece.com\\\/\"},{\"@type\":\"ListItem\",\"position\":2,\"name\":\"Shop\",\"item\":\"https:\\\/\\\/boutique-one-piece.com\\\/shop\\\/\"},{\"@type\":\"ListItem\",\"position\":3,\"name\":\"Casquette One Piece Trafalgar Law\"}]},{\"@type\":\"WebSite\",\"@id\":\"https:\\\/\\\/boutique-one-piece.com\\\/#website\",\"url\":\"https:\\\/\\\/boutique-one-piece.com\\\/\",\"name\":\"Boutique One Piece\",\"description\":\"Magasin Sp\u00e9cialis\u00e9 du Manga et l&#039;Anime One Piece\",\"publisher\":{\"@id\":\"https:\\\/\\\/boutique-one-piece.com\\\/#organization\"},\"potentialAction\":[{\"@type\":\"SearchAction\",\"target\":{\"@type\":\"EntryPoint\",\"urlTemplate\":\"https:\\\/\\\/boutique-one-piece.com\\\/?s={search_term_string}\"},\"query-input\":{\"@type\":\"PropertyValueSpecification\",\"valueRequired\":true,\"valueName\":\"search_term_string\"}}],\"inLanguage\":\"pl-PL\"},{\"@type\":\"Organization\",\"@id\":\"https:\\\/\\\/boutique-one-piece.com\\\/#organization\",\"name\":\"Boutique One Piece\",\"url\":\"https:\\\/\\\/boutique-one-piece.com\\\/\",\"logo\":{\"@type\":\"ImageObject\",\"inLanguage\":\"pl-PL\",\"@id\":\"https:\\\/\\\/boutique-one-piece.com\\\/#\\\/schema\\\/logo\\\/image\\\/\",\"url\":\"https:\\\/\\\/boutique-one-piece.com\\\/wp-content\\\/uploads\\\/2022\\\/09\\\/Logo-01.png\",\"contentUrl\":\"https:\\\/\\\/boutique-one-piece.com\\\/wp-content\\\/uploads\\\/2022\\\/09\\\/Logo-01.png\",\"width\":2318,\"height\":957,\"caption\":\"Boutique One Piece\"},\"image\":{\"@id\":\"https:\\\/\\\/boutique-one-piece.com\\\/#\\\/schema\\\/logo\\\/image\\\/\"}}]}<\/script>\n<!-- \/ Yoast SEO plugin. -->","yoast_head_json":{"title":"\u017b\u00f3\u0142ta czapka Trafalgar Law Emblem | Sklep One Piece","description":"Wysokiej jako\u015bci niebiesko-\u017c\u00f3\u0142ta czapka One Piece z logo Law&#039;s i p\u0142askim daszkiem. Podziel si\u0119 swoj\u0105 pasj\u0105 do \u015bwiata pirat\u00f3w w wielkim stylu!","robots":{"index":"index","follow":"follow","max-snippet":"max-snippet:-1","max-image-preview":"max-image-preview:large","max-video-preview":"max-video-preview:-1"},"canonical":"https:\/\/boutique-one-piece.com\/pl\/ubrania-jednoczesciowe\/czapki-i-kapelusze-one-piece\/jednoczesciowa-czapka-trafalgar-law\/","og_locale":"pl_PL","og_type":"article","og_title":"Casquette Jaune Embl\u00e8me Trafalgar Law | Boutique One Piece","og_description":"Casquette Bleue et Jaune One Piece avec le Logo de Law de Haute Qualit\u00e9 avec une visi\u00e8re Plate, Partage ta Passion pour L'univers des Pirates avec Style !","og_url":"https:\/\/boutique-one-piece.com\/pl\/ubrania-jednoczesciowe\/czapki-i-kapelusze-one-piece\/jednoczesciowa-czapka-trafalgar-law\/","og_site_name":"Boutique One Piece","article_modified_time":"2026-02-15T14:21:01+00:00","og_image":[{"width":800,"height":800,"url":"https:\/\/boutique-one-piece.com\/wp-content\/uploads\/2022\/09\/imgi_1_S64f087329240405ea062f5fe3fa153cas.jpg","type":"image\/jpeg"}],"twitter_card":"summary_large_image","twitter_misc":{"Szacowany czas czytania":"2 minuty"},"schema":{"@context":"https:\/\/schema.org","@graph":[{"@type":"WebPage","@id":"https:\/\/boutique-one-piece.com\/vetements-one-piece\/casquettes-et-chapeaux-one-piece\/casquette-one-piece-trafalgar-law\/","url":"https:\/\/boutique-one-piece.com\/vetements-one-piece\/casquettes-et-chapeaux-one-piece\/casquette-one-piece-trafalgar-law\/","name":"\u017b\u00f3\u0142ta czapka Trafalgar Law Emblem | Sklep One Piece","isPartOf":{"@id":"https:\/\/boutique-one-piece.com\/#website"},"primaryImageOfPage":{"@id":"https:\/\/boutique-one-piece.com\/vetements-one-piece\/casquettes-et-chapeaux-one-piece\/casquette-one-piece-trafalgar-law\/#primaryimage"},"image":{"@id":"https:\/\/boutique-one-piece.com\/vetements-one-piece\/casquettes-et-chapeaux-one-piece\/casquette-one-piece-trafalgar-law\/#primaryimage"},"thumbnailUrl":"https:\/\/boutique-one-piece.com\/wp-content\/uploads\/2022\/09\/imgi_1_S64f087329240405ea062f5fe3fa153cas.jpg","datePublished":"2022-09-27T20:18:23+00:00","dateModified":"2026-02-15T14:21:01+00:00","description":"Wysokiej jako\u015bci niebiesko-\u017c\u00f3\u0142ta czapka One Piece z logo Law&#039;s i p\u0142askim daszkiem. Podziel si\u0119 swoj\u0105 pasj\u0105 do \u015bwiata pirat\u00f3w w wielkim stylu!","breadcrumb":{"@id":"https:\/\/boutique-one-piece.com\/vetements-one-piece\/casquettes-et-chapeaux-one-piece\/casquette-one-piece-trafalgar-law\/#breadcrumb"},"inLanguage":"pl-PL","potentialAction":[{"@type":"ReadAction","target":["https:\/\/boutique-one-piece.com\/vetements-one-piece\/casquettes-et-chapeaux-one-piece\/casquette-one-piece-trafalgar-law\/"]}]},{"@type":"ImageObject","inLanguage":"pl-PL","@id":"https:\/\/boutique-one-piece.com\/vetements-one-piece\/casquettes-et-chapeaux-one-piece\/casquette-one-piece-trafalgar-law\/#primaryimage","url":"https:\/\/boutique-one-piece.com\/wp-content\/uploads\/2022\/09\/imgi_1_S64f087329240405ea062f5fe3fa153cas.jpg","contentUrl":"https:\/\/boutique-one-piece.com\/wp-content\/uploads\/2022\/09\/imgi_1_S64f087329240405ea062f5fe3fa153cas.jpg","width":800,"height":800},{"@type":"BreadcrumbList","@id":"https:\/\/boutique-one-piece.com\/vetements-one-piece\/casquettes-et-chapeaux-one-piece\/casquette-one-piece-trafalgar-law\/#breadcrumb","itemListElement":[{"@type":"ListItem","position":1,"name":"Home","item":"https:\/\/boutique-one-piece.com\/"},{"@type":"ListItem","position":2,"name":"Shop","item":"https:\/\/boutique-one-piece.com\/shop\/"},{"@type":"ListItem","position":3,"name":"Casquette One Piece Trafalgar Law"}]},{"@type":"WebSite","@id":"https:\/\/boutique-one-piece.com\/#website","url":"https:\/\/boutique-one-piece.com\/","name":"One Piece Shop","description":"Sklep specjalistyczny z mang\u0105 i anime One Piece","publisher":{"@id":"https:\/\/boutique-one-piece.com\/#organization"},"potentialAction":[{"@type":"SearchAction","target":{"@type":"EntryPoint","urlTemplate":"https:\/\/boutique-one-piece.com\/?s={search_term_string}"},"query-input":{"@type":"PropertyValueSpecification","valueRequired":true,"valueName":"search_term_string"}}],"inLanguage":"pl-PL"},{"@type":"Organization","@id":"https:\/\/boutique-one-piece.com\/#organization","name":"One Piece Shop","url":"https:\/\/boutique-one-piece.com\/","logo":{"@type":"ImageObject","inLanguage":"pl-PL","@id":"https:\/\/boutique-one-piece.com\/#\/schema\/logo\/image\/","url":"https:\/\/boutique-one-piece.com\/wp-content\/uploads\/2022\/09\/Logo-01.png","contentUrl":"https:\/\/boutique-one-piece.com\/wp-content\/uploads\/2022\/09\/Logo-01.png","width":2318,"height":957,"caption":"Boutique One Piece"},"image":{"@id":"https:\/\/boutique-one-piece.com\/#\/schema\/logo\/image\/"}}]}},"_links":{"self":[{"href":"https:\/\/boutique-one-piece.com\/pl\/wp-json\/wp\/v2\/product\/9230","targetHints":{"allow":["GET"]}}],"collection":[{"href":"https:\/\/boutique-one-piece.com\/pl\/wp-json\/wp\/v2\/product"}],"about":[{"href":"https:\/\/boutique-one-piece.com\/pl\/wp-json\/wp\/v2\/types\/product"}],"replies":[{"embeddable":true,"href":"https:\/\/boutique-one-piece.com\/pl\/wp-json\/wp\/v2\/comments?post=9230"}],"wp:featuredmedia":[{"embeddable":true,"href":"https:\/\/boutique-one-piece.com\/pl\/wp-json\/wp\/v2\/media\/20817"}],"wp:attachment":[{"href":"https:\/\/boutique-one-piece.com\/pl\/wp-json\/wp\/v2\/media?parent=9230"}],"wp:term":[{"taxonomy":"product_brand","embeddable":true,"href":"https:\/\/boutique-one-piece.com\/pl\/wp-json\/wp\/v2\/product_brand?post=9230"},{"taxonomy":"product_cat","embeddable":true,"href":"https:\/\/boutique-one-piece.com\/pl\/wp-json\/wp\/v2\/product_cat?post=9230"},{"taxonomy":"product_tag","embeddable":true,"href":"https:\/\/boutique-one-piece.com\/pl\/wp-json\/wp\/v2\/product_tag?post=9230"}],"curies":[{"name":"wp","href":"https:\/\/api.w.org\/{rel}","templated":true}]}}