{"id":9306,"date":"2022-09-27T20:18:53","date_gmt":"2022-09-27T20:18:53","guid":{"rendered":"https:\/\/boutique-one-piece.com\/uncategorized\/avis-de-recherche-one-piece-charlotte-linlin-wanted\/"},"modified":"2024-09-16T11:40:05","modified_gmt":"2024-09-16T11:40:05","slug":"plakat-poszukiwany-za-one-piece-charlotte-linlin","status":"publish","type":"product","link":"https:\/\/boutique-one-piece.com\/pl\/plakat-poszukiwany-one-piece\/plakat-poszukiwany-za-one-piece-charlotte-linlin\/","title":{"rendered":"Charlotte Linlin poszukiwana"},"content":{"rendered":"<h2>Podoba\u0142 Ci si\u0119 w\u0105tek Totto Land w One Piece? Je\u015bli tak, ten plakat z poszukiwan\u0105 Charlotte Linlin b\u0119dzie dla Ciebie idealny.<\/h2>\n<p>Charlotte Linlin, znana r\u00f3wnie\u017c jako Big Mom, jest <strong>Cesarz<\/strong> kt\u00f3ry za\u0142o\u017cy\u0142 w\u0142asne pa\u0144stwo, Totto Land, g\u0142\u00f3wnie dzi\u0119ki swojemu Diabelskiemu Owocowi. Chocia\u017c cz\u0119sto m\u00f3wi si\u0119, \u017ce Diabelskie Owoce zapewniaj\u0105 u\u017cytkownikom ogromn\u0105 si\u0142\u0119 fizyczn\u0105, moc jego owocu, kt\u00f3ry jest <strong>Soru Soru no mi<\/strong>, co pozwala mu ukra\u015b\u0107 dusz\u0119 tego, kto si\u0119 go boi, lub cz\u0119\u015b\u0107 jego przewidywanej d\u0142ugo\u015bci \u017cycia.<\/p>\n<p>Wykorzystuj\u0105c w\u0142asn\u0105 si\u0142\u0119 \u017cyciow\u0105, potrafi tworzy\u0107 \u017cywe istoty i tchn\u0105\u0107 w nie \u017cycie. W ten spos\u00f3b zbudowa\u0142a sw\u00f3j kraj i postanowi\u0142a, \u017ce jej podw\u0142adnymi b\u0119d\u0105 jej synowie i c\u00f3rki, wszyscy nosz\u0105cy imi\u0119 Charlotte.<\/p>\n<h3>Zbierz plakaty z najwi\u0119kszymi nagrodami dzi\u0119ki temu plakatowi z informacj\u0105 o Charlotte Linlin.<\/h3>\n<p>Celem Charlotte Linlin jest zostanie Kr\u00f3lem Pirat\u00f3w, co oznacza, \u017ce jest bezpo\u015brednim wrogiem pod wzgl\u0119dem si\u0142y woli. Luffy uda si\u0119 do Totto Land, aby odzyska\u0107 Sanjiego, poniewa\u017c rodzina Vinsmoke chce zmusi\u0107 go do ma\u0142\u017ce\u0144stwa. <strong>Pudding Charlotte<\/strong> zawrze\u0107 sojusz z Flot\u0105 Big Mom. Nagroda za jego schwytanie lub \u015bmier\u0107 wynosi 4 miliardy 388 milion\u00f3w jag\u00f3d.<\/p>\n<p>Je\u015bli pasjonujesz si\u0119 bonusami, to <a href=\"https:\/\/boutique-one-piece.com\/pl\/ogloszenie-o-poszukiwaniu-poszukiwanego\/\" target=\"_blank\" title=\"Og\u0142oszenie o poszukiwaniu Enel\" rel=\"noopener noreferrer\">Enel poszukiwany<\/a> Powinno Ci si\u0119 spodoba\u0107.<\/p>\n<p>\u00a0<\/p>\n<h2>Informacje o plakacie One Piece Wanted Big Mom<\/h2>\n<ul>\n<li><span><b><u>Plakat poszukiwany One Piece<\/u><\/b>\u00a0Prawdziwy plakat poszukiwany za bycie prawdziwym piratem One Piece<\/span><\/li>\n<\/ul>\n<ul>\n<li>\n<b><u>Bonus Charlotte Linlin<\/u><\/b>\u00a04 388 000 000 jag\u00f3d<\/li>\n<\/ul>\n<ul>\n<li><span><strong>Wysoka jako\u015b\u0107 druku<\/strong>\u00a0dok\u0142adne kolory<\/span><\/li>\n<\/ul>\n<ul>\n<li>\n<strong>Wymiar<\/strong>\u00a0: 30 cm x 21 cm i 42 cm x 30 cm<\/li>\n<\/ul>\n<ul>\n<li><span><strong>DARMOWA DOSTAWA<\/strong><\/span><\/li>\n<\/ul>","protected":false},"excerpt":{"rendered":"<p>As-tu appr\u00e9ci\u00e9 l&rsquo;arc Totto land de One Piece ? Si c&rsquo;est le cas, cet Avis de Recherche Charlotte Linlin Wanted va te convenir. Charlotte Linlin, aussi appel\u00e9e Big Mom, est un Empereur qui a fond\u00e9 son propre pays, Totto Land en grande partie avec l&rsquo;aide son fruit du d\u00e9mon. Si l&rsquo;on parle souvent des fruits [&hellip;]<\/p>","protected":false},"featured_media":9308,"comment_status":"open","ping_status":"open","template":"","meta":[],"product_brand":[],"product_cat":[171],"product_tag":[],"class_list":{"0":"post-9306","1":"product","2":"type-product","3":"status-publish","4":"has-post-thumbnail","6":"product_cat-avis-de-recherche-one-piece","8":"first","9":"instock","10":"purchasable","11":"product-type-variable","12":"has-default-attributes"},"yoast_head":"<!-- This site is optimized with the Yoast SEO plugin v27.5 - https:\/\/yoast.com\/product\/yoast-seo-wordpress\/ -->\n<title>Avis de Recherche One Piece Charlotte Linlin Wanted | D\u00e9coration One Piece \u2013 Boutique One Piece<\/title>\n<meta name=\"description\" content=\"As-tu appr\u00e9ci\u00e9 l&#039;arc Totto land de One Piece ? Si c&#039;est le cas, cet Avis de Recherche Charlotte Linlin Wanted va te convenir. Charlotte Linlin, aussi appel\u00e9e Big Mom, est un Empereur qui a fond\u00e9 son propre pays, Totto Land en grande partie avec l&#039;aide son fruit du d\u00e9mon. Si l&#039;on parle souvent des fruits du d\u00e9mon qui co\" \/>\n<meta name=\"robots\" content=\"index, follow, max-snippet:-1, max-image-preview:large, max-video-preview:-1\" \/>\n<link rel=\"canonical\" href=\"https:\/\/boutique-one-piece.com\/pl\/plakat-poszukiwany-one-piece\/plakat-poszukiwany-za-one-piece-charlotte-linlin\/\" \/>\n<meta property=\"og:locale\" content=\"pl_PL\" \/>\n<meta property=\"og:type\" content=\"article\" \/>\n<meta property=\"og:title\" content=\"Avis de Recherche One Piece Charlotte Linlin Wanted | D\u00e9coration One Piece \u2013 Boutique One Piece\" \/>\n<meta property=\"og:description\" content=\"As-tu appr\u00e9ci\u00e9 l&#039;arc Totto land de One Piece ? Si c&#039;est le cas, cet Avis de Recherche Charlotte Linlin Wanted va te convenir. Charlotte Linlin, aussi appel\u00e9e Big Mom, est un Empereur qui a fond\u00e9 son propre pays, Totto Land en grande partie avec l&#039;aide son fruit du d\u00e9mon. Si l&#039;on parle souvent des fruits du d\u00e9mon qui co\" \/>\n<meta property=\"og:url\" content=\"https:\/\/boutique-one-piece.com\/pl\/plakat-poszukiwany-one-piece\/plakat-poszukiwany-za-one-piece-charlotte-linlin\/\" \/>\n<meta property=\"og:site_name\" content=\"Boutique One Piece\" \/>\n<meta property=\"article:modified_time\" content=\"2024-09-16T11:40:05+00:00\" \/>\n<meta property=\"og:image\" content=\"https:\/\/boutique-one-piece.com\/wp-content\/uploads\/2022\/09\/Avis-de-Recherche-Charlotte-Linlin-Wanted.jpg\" \/>\n\t<meta property=\"og:image:width\" content=\"800\" \/>\n\t<meta property=\"og:image:height\" content=\"800\" \/>\n\t<meta property=\"og:image:type\" content=\"image\/jpeg\" \/>\n<meta name=\"twitter:card\" content=\"summary_large_image\" \/>\n<meta name=\"twitter:label1\" content=\"Szacowany czas czytania\" \/>\n\t<meta name=\"twitter:data1\" content=\"2 minuty\" \/>\n<script type=\"application\/ld+json\" class=\"yoast-schema-graph\">{\"@context\":\"https:\\\/\\\/schema.org\",\"@graph\":[{\"@type\":\"WebPage\",\"@id\":\"https:\\\/\\\/boutique-one-piece.com\\\/avis-de-recherche-one-piece\\\/avis-de-recherche-one-piece-charlotte-linlin-wanted\\\/\",\"url\":\"https:\\\/\\\/boutique-one-piece.com\\\/avis-de-recherche-one-piece\\\/avis-de-recherche-one-piece-charlotte-linlin-wanted\\\/\",\"name\":\"Avis de Recherche One Piece Charlotte Linlin Wanted | D\u00e9coration One Piece \u2013 Boutique One Piece\",\"isPartOf\":{\"@id\":\"https:\\\/\\\/boutique-one-piece.com\\\/#website\"},\"primaryImageOfPage\":{\"@id\":\"https:\\\/\\\/boutique-one-piece.com\\\/avis-de-recherche-one-piece\\\/avis-de-recherche-one-piece-charlotte-linlin-wanted\\\/#primaryimage\"},\"image\":{\"@id\":\"https:\\\/\\\/boutique-one-piece.com\\\/avis-de-recherche-one-piece\\\/avis-de-recherche-one-piece-charlotte-linlin-wanted\\\/#primaryimage\"},\"thumbnailUrl\":\"https:\\\/\\\/boutique-one-piece.com\\\/wp-content\\\/uploads\\\/2022\\\/09\\\/Avis-de-Recherche-Charlotte-Linlin-Wanted.jpg\",\"datePublished\":\"2022-09-27T20:18:53+00:00\",\"dateModified\":\"2024-09-16T11:40:05+00:00\",\"description\":\"As-tu appr\u00e9ci\u00e9 l'arc Totto land de One Piece ? Si c'est le cas, cet Avis de Recherche Charlotte Linlin Wanted va te convenir. Charlotte Linlin, aussi appel\u00e9e Big Mom, est un Empereur qui a fond\u00e9 son propre pays, Totto Land en grande partie avec l'aide son fruit du d\u00e9mon. Si l'on parle souvent des fruits du d\u00e9mon qui co\",\"breadcrumb\":{\"@id\":\"https:\\\/\\\/boutique-one-piece.com\\\/avis-de-recherche-one-piece\\\/avis-de-recherche-one-piece-charlotte-linlin-wanted\\\/#breadcrumb\"},\"inLanguage\":\"pl-PL\",\"potentialAction\":[{\"@type\":\"ReadAction\",\"target\":[\"https:\\\/\\\/boutique-one-piece.com\\\/avis-de-recherche-one-piece\\\/avis-de-recherche-one-piece-charlotte-linlin-wanted\\\/\"]}]},{\"@type\":\"ImageObject\",\"inLanguage\":\"pl-PL\",\"@id\":\"https:\\\/\\\/boutique-one-piece.com\\\/avis-de-recherche-one-piece\\\/avis-de-recherche-one-piece-charlotte-linlin-wanted\\\/#primaryimage\",\"url\":\"https:\\\/\\\/boutique-one-piece.com\\\/wp-content\\\/uploads\\\/2022\\\/09\\\/Avis-de-Recherche-Charlotte-Linlin-Wanted.jpg\",\"contentUrl\":\"https:\\\/\\\/boutique-one-piece.com\\\/wp-content\\\/uploads\\\/2022\\\/09\\\/Avis-de-Recherche-Charlotte-Linlin-Wanted.jpg\",\"width\":800,\"height\":800,\"caption\":\"Avis de Recherche Charlotte Linlin Wanted 42 X 30 cm\"},{\"@type\":\"BreadcrumbList\",\"@id\":\"https:\\\/\\\/boutique-one-piece.com\\\/avis-de-recherche-one-piece\\\/avis-de-recherche-one-piece-charlotte-linlin-wanted\\\/#breadcrumb\",\"itemListElement\":[{\"@type\":\"ListItem\",\"position\":1,\"name\":\"Home\",\"item\":\"https:\\\/\\\/boutique-one-piece.com\\\/\"},{\"@type\":\"ListItem\",\"position\":2,\"name\":\"Shop\",\"item\":\"https:\\\/\\\/boutique-one-piece.com\\\/shop\\\/\"},{\"@type\":\"ListItem\",\"position\":3,\"name\":\"Avis de Recherche Charlotte Linlin Wanted\"}]},{\"@type\":\"WebSite\",\"@id\":\"https:\\\/\\\/boutique-one-piece.com\\\/#website\",\"url\":\"https:\\\/\\\/boutique-one-piece.com\\\/\",\"name\":\"Boutique One Piece\",\"description\":\"Magasin Sp\u00e9cialis\u00e9 du Manga et l&#039;Anime One Piece\",\"publisher\":{\"@id\":\"https:\\\/\\\/boutique-one-piece.com\\\/#organization\"},\"potentialAction\":[{\"@type\":\"SearchAction\",\"target\":{\"@type\":\"EntryPoint\",\"urlTemplate\":\"https:\\\/\\\/boutique-one-piece.com\\\/?s={search_term_string}\"},\"query-input\":{\"@type\":\"PropertyValueSpecification\",\"valueRequired\":true,\"valueName\":\"search_term_string\"}}],\"inLanguage\":\"pl-PL\"},{\"@type\":\"Organization\",\"@id\":\"https:\\\/\\\/boutique-one-piece.com\\\/#organization\",\"name\":\"Boutique One Piece\",\"url\":\"https:\\\/\\\/boutique-one-piece.com\\\/\",\"logo\":{\"@type\":\"ImageObject\",\"inLanguage\":\"pl-PL\",\"@id\":\"https:\\\/\\\/boutique-one-piece.com\\\/#\\\/schema\\\/logo\\\/image\\\/\",\"url\":\"https:\\\/\\\/boutique-one-piece.com\\\/wp-content\\\/uploads\\\/2022\\\/09\\\/Logo-01.png\",\"contentUrl\":\"https:\\\/\\\/boutique-one-piece.com\\\/wp-content\\\/uploads\\\/2022\\\/09\\\/Logo-01.png\",\"width\":2318,\"height\":957,\"caption\":\"Boutique One Piece\"},\"image\":{\"@id\":\"https:\\\/\\\/boutique-one-piece.com\\\/#\\\/schema\\\/logo\\\/image\\\/\"}}]}<\/script>\n<!-- \/ Yoast SEO plugin. -->","yoast_head_json":{"title":"Poszukiwany: Charlotte Linlin | Dekoracje One Piece \u2013 Sklep One Piece","description":"Podoba\u0142 Ci si\u0119 w\u0105tek Totto Land w One Piece? Je\u015bli tak, ten plakat z poszukiwan\u0105 Charlotte Linlin jest dla Ciebie. Charlotte Linlin, znana r\u00f3wnie\u017c jako Big Mom, to cesarzowa, kt\u00f3ra za\u0142o\u017cy\u0142a w\u0142asne pa\u0144stwo, Totto Land, g\u0142\u00f3wnie dzi\u0119ki swojemu Diabelskiemu Owocowi. Chocia\u017c cz\u0119sto m\u00f3wimy o Diabelskich Owocach, kt\u00f3re...","robots":{"index":"index","follow":"follow","max-snippet":"max-snippet:-1","max-image-preview":"max-image-preview:large","max-video-preview":"max-video-preview:-1"},"canonical":"https:\/\/boutique-one-piece.com\/pl\/plakat-poszukiwany-one-piece\/plakat-poszukiwany-za-one-piece-charlotte-linlin\/","og_locale":"pl_PL","og_type":"article","og_title":"Avis de Recherche One Piece Charlotte Linlin Wanted | D\u00e9coration One Piece \u2013 Boutique One Piece","og_description":"As-tu appr\u00e9ci\u00e9 l'arc Totto land de One Piece ? Si c'est le cas, cet Avis de Recherche Charlotte Linlin Wanted va te convenir. Charlotte Linlin, aussi appel\u00e9e Big Mom, est un Empereur qui a fond\u00e9 son propre pays, Totto Land en grande partie avec l'aide son fruit du d\u00e9mon. Si l'on parle souvent des fruits du d\u00e9mon qui co","og_url":"https:\/\/boutique-one-piece.com\/pl\/plakat-poszukiwany-one-piece\/plakat-poszukiwany-za-one-piece-charlotte-linlin\/","og_site_name":"Boutique One Piece","article_modified_time":"2024-09-16T11:40:05+00:00","og_image":[{"width":800,"height":800,"url":"https:\/\/boutique-one-piece.com\/wp-content\/uploads\/2022\/09\/Avis-de-Recherche-Charlotte-Linlin-Wanted.jpg","type":"image\/jpeg"}],"twitter_card":"summary_large_image","twitter_misc":{"Szacowany czas czytania":"2 minuty"},"schema":{"@context":"https:\/\/schema.org","@graph":[{"@type":"WebPage","@id":"https:\/\/boutique-one-piece.com\/avis-de-recherche-one-piece\/avis-de-recherche-one-piece-charlotte-linlin-wanted\/","url":"https:\/\/boutique-one-piece.com\/avis-de-recherche-one-piece\/avis-de-recherche-one-piece-charlotte-linlin-wanted\/","name":"Poszukiwany: Charlotte Linlin | Dekoracje One Piece \u2013 Sklep One Piece","isPartOf":{"@id":"https:\/\/boutique-one-piece.com\/#website"},"primaryImageOfPage":{"@id":"https:\/\/boutique-one-piece.com\/avis-de-recherche-one-piece\/avis-de-recherche-one-piece-charlotte-linlin-wanted\/#primaryimage"},"image":{"@id":"https:\/\/boutique-one-piece.com\/avis-de-recherche-one-piece\/avis-de-recherche-one-piece-charlotte-linlin-wanted\/#primaryimage"},"thumbnailUrl":"https:\/\/boutique-one-piece.com\/wp-content\/uploads\/2022\/09\/Avis-de-Recherche-Charlotte-Linlin-Wanted.jpg","datePublished":"2022-09-27T20:18:53+00:00","dateModified":"2024-09-16T11:40:05+00:00","description":"Podoba\u0142 Ci si\u0119 w\u0105tek Totto Land w One Piece? Je\u015bli tak, ten plakat z poszukiwan\u0105 Charlotte Linlin jest dla Ciebie. Charlotte Linlin, znana r\u00f3wnie\u017c jako Big Mom, to cesarzowa, kt\u00f3ra za\u0142o\u017cy\u0142a w\u0142asne pa\u0144stwo, Totto Land, g\u0142\u00f3wnie dzi\u0119ki swojemu Diabelskiemu Owocowi. Chocia\u017c cz\u0119sto m\u00f3wimy o Diabelskich Owocach, kt\u00f3re...","breadcrumb":{"@id":"https:\/\/boutique-one-piece.com\/avis-de-recherche-one-piece\/avis-de-recherche-one-piece-charlotte-linlin-wanted\/#breadcrumb"},"inLanguage":"pl-PL","potentialAction":[{"@type":"ReadAction","target":["https:\/\/boutique-one-piece.com\/avis-de-recherche-one-piece\/avis-de-recherche-one-piece-charlotte-linlin-wanted\/"]}]},{"@type":"ImageObject","inLanguage":"pl-PL","@id":"https:\/\/boutique-one-piece.com\/avis-de-recherche-one-piece\/avis-de-recherche-one-piece-charlotte-linlin-wanted\/#primaryimage","url":"https:\/\/boutique-one-piece.com\/wp-content\/uploads\/2022\/09\/Avis-de-Recherche-Charlotte-Linlin-Wanted.jpg","contentUrl":"https:\/\/boutique-one-piece.com\/wp-content\/uploads\/2022\/09\/Avis-de-Recherche-Charlotte-Linlin-Wanted.jpg","width":800,"height":800,"caption":"Avis de Recherche Charlotte Linlin Wanted 42 X 30 cm"},{"@type":"BreadcrumbList","@id":"https:\/\/boutique-one-piece.com\/avis-de-recherche-one-piece\/avis-de-recherche-one-piece-charlotte-linlin-wanted\/#breadcrumb","itemListElement":[{"@type":"ListItem","position":1,"name":"Home","item":"https:\/\/boutique-one-piece.com\/"},{"@type":"ListItem","position":2,"name":"Shop","item":"https:\/\/boutique-one-piece.com\/shop\/"},{"@type":"ListItem","position":3,"name":"Avis de Recherche Charlotte Linlin Wanted"}]},{"@type":"WebSite","@id":"https:\/\/boutique-one-piece.com\/#website","url":"https:\/\/boutique-one-piece.com\/","name":"One Piece Shop","description":"Sklep specjalistyczny z mang\u0105 i anime One Piece","publisher":{"@id":"https:\/\/boutique-one-piece.com\/#organization"},"potentialAction":[{"@type":"SearchAction","target":{"@type":"EntryPoint","urlTemplate":"https:\/\/boutique-one-piece.com\/?s={search_term_string}"},"query-input":{"@type":"PropertyValueSpecification","valueRequired":true,"valueName":"search_term_string"}}],"inLanguage":"pl-PL"},{"@type":"Organization","@id":"https:\/\/boutique-one-piece.com\/#organization","name":"One Piece Shop","url":"https:\/\/boutique-one-piece.com\/","logo":{"@type":"ImageObject","inLanguage":"pl-PL","@id":"https:\/\/boutique-one-piece.com\/#\/schema\/logo\/image\/","url":"https:\/\/boutique-one-piece.com\/wp-content\/uploads\/2022\/09\/Logo-01.png","contentUrl":"https:\/\/boutique-one-piece.com\/wp-content\/uploads\/2022\/09\/Logo-01.png","width":2318,"height":957,"caption":"Boutique One Piece"},"image":{"@id":"https:\/\/boutique-one-piece.com\/#\/schema\/logo\/image\/"}}]}},"_links":{"self":[{"href":"https:\/\/boutique-one-piece.com\/pl\/wp-json\/wp\/v2\/product\/9306","targetHints":{"allow":["GET"]}}],"collection":[{"href":"https:\/\/boutique-one-piece.com\/pl\/wp-json\/wp\/v2\/product"}],"about":[{"href":"https:\/\/boutique-one-piece.com\/pl\/wp-json\/wp\/v2\/types\/product"}],"replies":[{"embeddable":true,"href":"https:\/\/boutique-one-piece.com\/pl\/wp-json\/wp\/v2\/comments?post=9306"}],"wp:featuredmedia":[{"embeddable":true,"href":"https:\/\/boutique-one-piece.com\/pl\/wp-json\/wp\/v2\/media\/9308"}],"wp:attachment":[{"href":"https:\/\/boutique-one-piece.com\/pl\/wp-json\/wp\/v2\/media?parent=9306"}],"wp:term":[{"taxonomy":"product_brand","embeddable":true,"href":"https:\/\/boutique-one-piece.com\/pl\/wp-json\/wp\/v2\/product_brand?post=9306"},{"taxonomy":"product_cat","embeddable":true,"href":"https:\/\/boutique-one-piece.com\/pl\/wp-json\/wp\/v2\/product_cat?post=9306"},{"taxonomy":"product_tag","embeddable":true,"href":"https:\/\/boutique-one-piece.com\/pl\/wp-json\/wp\/v2\/product_tag?post=9306"}],"curies":[{"name":"wp","href":"https:\/\/api.w.org\/{rel}","templated":true}]}}