{"id":9328,"date":"2022-09-27T20:19:09","date_gmt":"2022-09-27T20:19:09","guid":{"rendered":"https:\/\/boutique-one-piece.com\/uncategorized\/avis-de-recherche-crocodile-wanted\/"},"modified":"2024-09-16T11:40:33","modified_gmt":"2024-09-16T11:40:33","slug":"plakat-z-napisem-poszukiwany-krokodyl","status":"publish","type":"product","link":"https:\/\/boutique-one-piece.com\/pl\/plakat-poszukiwany-one-piece\/plakat-z-napisem-poszukiwany-krokodyl\/","title":{"rendered":"Og\u0142oszenie o poszukiwaniu krokodyla"},"content":{"rendered":"<h2>Czy szczeg\u00f3lnie podoba Ci si\u0119 w\u0105tek Alabasty? Je\u015bli tak, ten plakat \u201eCrocodile Wanted\u201d z pewno\u015bci\u0105 Ci\u0119 zachwyci.<\/h2>\n<p>Krokodyl jest jednym z <strong>antagoni\u015bci<\/strong> Najbardziej charyzmatyczny i uwielbiany w One Piece. Zjad\u0142 diabelski owoc <strong>Suna Suna no mi<\/strong> co pozwala mu przekszta\u0142ci\u0107 si\u0119 w piaskowego ludzika i kontrolowa\u0107 piasek wed\u0142ug w\u0142asnego uznania. Jest <strong>Shichibukai<\/strong> kt\u00f3ry wykorzystuje swoj\u0105 pozycj\u0119, aby unikn\u0105\u0107 zaczepek ze strony marines i handlowa\u0107 \u00abproszkiem do ta\u0144ca\u00bb, aby zarobi\u0107 jak najwi\u0119cej pieni\u0119dzy. Proch ten, wystrzelony w chmur\u0119, wywo\u0142uje deszcz.<\/p>\n<p>Doprowadzi\u0142o to do wyschni\u0119cia kraju, poniewa\u017c chmury nie dociera\u0142y ju\u017c do wszystkich cz\u0119\u015bci l\u0105du, co pozwoli\u0142o Krokodylowi kontrolowa\u0107 populacj\u0119 poprzez kontrol\u0119 wody. W ten spos\u00f3b przej\u0105\u0142 w\u0142adz\u0119 nad krajem, wywo\u0142uj\u0105c wojn\u0119 domow\u0105 z by\u0142ym kr\u00f3lem Alabasty.<\/p>\n<h3>Udekoruj sw\u00f3j pok\u00f3j t\u0105 nagrod\u0105 za g\u0142ow\u0119 jednego z najlepszych z\u0142oczy\u0144c\u00f3w, Krokodyla, zanim nast\u0105pi przeskok w czasie.<\/h3>\n<p>On jest odpowiedzialny za <strong>Dzie\u0142a barokowe<\/strong>, Organizacja przest\u0119pcza, do kt\u00f3rej nale\u017c\u0105 r\u00f3wnie\u017c Nico Robin (pod pseudonimem Miss Allsunday) i Nefertari Vivi, ksi\u0119\u017cniczka Alabasty, kt\u00f3ra zinfiltrowa\u0142a Baroque Works, aby pokona\u0107 Crocodile&#039;a. Crocodile spotka Luffy&#039;ego, kt\u00f3ry wraz z ksi\u0119\u017cniczk\u0105 Nefertari Vivi pokona go. Za g\u0142ow\u0119 Crocodile&#039;a wyznaczono nagrod\u0119 w wysoko\u015bci 81 milion\u00f3w jag\u00f3d.<\/p>\n<p>Je\u015bli jeste\u015b wielkim fanem nagr\u00f3d, sprawd\u017a to. <a href=\"https:\/\/boutique-one-piece.com\/pl\/luzny-plakat-poszukiwany\/\" target=\"_blank\" title=\"Og\u0142oszenie o poszukiwaniu Baggy\" rel=\"noopener noreferrer\">Lu\u017any plakat poszukiwany<\/a>.<\/p>\n<h2>Informacje o plakacie One Piece Wanted Crocodile<\/h2>\n<ul>\n<li><span><b><u>Plakat poszukiwany One Piece<\/u><\/b>\u00a0Prawdziwy plakat poszukiwany za bycie prawdziwym piratem One Piece<\/span><\/li>\n<\/ul>\n<ul>\n<li>\n<b><u>Krokodyl Premium<\/u><\/b>\u00a081 000 000 jag\u00f3d<\/li>\n<\/ul>\n<ul>\n<li><span><strong>Wysoka jako\u015b\u0107 druku<\/strong>\u00a0dok\u0142adne kolory<\/span><\/li>\n<\/ul>\n<ul>\n<li>\n<strong>Wymiar<\/strong>\u00a0: 30 cm x 21 cm i 42 cm x 30 cm<\/li>\n<\/ul>\n<ul>\n<li><span><strong>DARMOWA DOSTAWA<\/strong><\/span><\/li>\n<\/ul>\n<div id=\"gtx-trans\" style=\"position: absolute; left: 678px; top: 49px;\">\n<div class=\"gtx-trans-icon\"><\/div>\n<\/div>","protected":false},"excerpt":{"rendered":"<p>Jeste\u015b wielkim fanem w\u0105tku Alabasta? Je\u015bli tak, ten plakat \u201eCrocodile Wanted\u201d b\u0119dzie dla Ciebie idealny. Crocodile to jeden z najbardziej charyzmatycznych i uwielbianych antagonist\u00f3w w One Piece. Zjad\u0142 diabelski owoc Suna Suna no Mi, kt\u00f3ry pozwala mu przemieni\u0107 si\u0119 w piaskowego cz\u0142owieka i kontrolowa\u0107 [\u2026]<\/p>","protected":false},"featured_media":9330,"comment_status":"open","ping_status":"open","template":"","meta":[],"product_brand":[],"product_cat":[171],"product_tag":[],"class_list":{"0":"post-9328","1":"product","2":"type-product","3":"status-publish","4":"has-post-thumbnail","6":"product_cat-avis-de-recherche-one-piece","8":"first","9":"instock","10":"purchasable","11":"product-type-variable","12":"has-default-attributes"},"yoast_head":"<!-- This site is optimized with the Yoast SEO plugin v27.5 - https:\/\/yoast.com\/product\/yoast-seo-wordpress\/ -->\n<title>Avis De Recherche Crocodile Wanted | D\u00e9coration One Piece \u2013 Boutique One Piece<\/title>\n<meta name=\"description\" content=\"As-tu particuli\u00e8rement l&#039;arc d&#039;Alabasta ? Dans ce cas, cet Avis de Recherche Crocodile Wanted va te faire plaisir. Crocodile est un des antagonistes les plus charismatiques et appr\u00e9ci\u00e9s de One Piece. Il a mang\u00e9 le fruit du d\u00e9mon du Suna Suna no mi qui lui permet de se transformer en homme-sable et de contr\u00f4ler le sable\" \/>\n<meta name=\"robots\" content=\"index, follow, max-snippet:-1, max-image-preview:large, max-video-preview:-1\" \/>\n<link rel=\"canonical\" href=\"https:\/\/boutique-one-piece.com\/pl\/plakat-poszukiwany-one-piece\/plakat-z-napisem-poszukiwany-krokodyl\/\" \/>\n<meta property=\"og:locale\" content=\"pl_PL\" \/>\n<meta property=\"og:type\" content=\"article\" \/>\n<meta property=\"og:title\" content=\"Avis De Recherche Crocodile Wanted | D\u00e9coration One Piece \u2013 Boutique One Piece\" \/>\n<meta property=\"og:description\" content=\"As-tu particuli\u00e8rement l&#039;arc d&#039;Alabasta ? Dans ce cas, cet Avis de Recherche Crocodile Wanted va te faire plaisir. Crocodile est un des antagonistes les plus charismatiques et appr\u00e9ci\u00e9s de One Piece. Il a mang\u00e9 le fruit du d\u00e9mon du Suna Suna no mi qui lui permet de se transformer en homme-sable et de contr\u00f4ler le sable\" \/>\n<meta property=\"og:url\" content=\"https:\/\/boutique-one-piece.com\/pl\/plakat-poszukiwany-one-piece\/plakat-z-napisem-poszukiwany-krokodyl\/\" \/>\n<meta property=\"og:site_name\" content=\"Boutique One Piece\" \/>\n<meta property=\"article:modified_time\" content=\"2024-09-16T11:40:33+00:00\" \/>\n<meta property=\"og:image\" content=\"https:\/\/boutique-one-piece.com\/wp-content\/uploads\/2022\/09\/Avis-De-Recherche-Crocodile-Wanted.jpg\" \/>\n\t<meta property=\"og:image:width\" content=\"800\" \/>\n\t<meta property=\"og:image:height\" content=\"800\" \/>\n\t<meta property=\"og:image:type\" content=\"image\/jpeg\" \/>\n<meta name=\"twitter:card\" content=\"summary_large_image\" \/>\n<meta name=\"twitter:label1\" content=\"Szacowany czas czytania\" \/>\n\t<meta name=\"twitter:data1\" content=\"2 minuty\" \/>\n<script type=\"application\/ld+json\" class=\"yoast-schema-graph\">{\"@context\":\"https:\\\/\\\/schema.org\",\"@graph\":[{\"@type\":\"WebPage\",\"@id\":\"https:\\\/\\\/boutique-one-piece.com\\\/avis-de-recherche-one-piece\\\/avis-de-recherche-crocodile-wanted\\\/\",\"url\":\"https:\\\/\\\/boutique-one-piece.com\\\/avis-de-recherche-one-piece\\\/avis-de-recherche-crocodile-wanted\\\/\",\"name\":\"Avis De Recherche Crocodile Wanted | D\u00e9coration One Piece \u2013 Boutique One Piece\",\"isPartOf\":{\"@id\":\"https:\\\/\\\/boutique-one-piece.com\\\/#website\"},\"primaryImageOfPage\":{\"@id\":\"https:\\\/\\\/boutique-one-piece.com\\\/avis-de-recherche-one-piece\\\/avis-de-recherche-crocodile-wanted\\\/#primaryimage\"},\"image\":{\"@id\":\"https:\\\/\\\/boutique-one-piece.com\\\/avis-de-recherche-one-piece\\\/avis-de-recherche-crocodile-wanted\\\/#primaryimage\"},\"thumbnailUrl\":\"https:\\\/\\\/boutique-one-piece.com\\\/wp-content\\\/uploads\\\/2022\\\/09\\\/Avis-De-Recherche-Crocodile-Wanted.jpg\",\"datePublished\":\"2022-09-27T20:19:09+00:00\",\"dateModified\":\"2024-09-16T11:40:33+00:00\",\"description\":\"As-tu particuli\u00e8rement l'arc d'Alabasta ? Dans ce cas, cet Avis de Recherche Crocodile Wanted va te faire plaisir. Crocodile est un des antagonistes les plus charismatiques et appr\u00e9ci\u00e9s de One Piece. Il a mang\u00e9 le fruit du d\u00e9mon du Suna Suna no mi qui lui permet de se transformer en homme-sable et de contr\u00f4ler le sable\",\"breadcrumb\":{\"@id\":\"https:\\\/\\\/boutique-one-piece.com\\\/avis-de-recherche-one-piece\\\/avis-de-recherche-crocodile-wanted\\\/#breadcrumb\"},\"inLanguage\":\"pl-PL\",\"potentialAction\":[{\"@type\":\"ReadAction\",\"target\":[\"https:\\\/\\\/boutique-one-piece.com\\\/avis-de-recherche-one-piece\\\/avis-de-recherche-crocodile-wanted\\\/\"]}]},{\"@type\":\"ImageObject\",\"inLanguage\":\"pl-PL\",\"@id\":\"https:\\\/\\\/boutique-one-piece.com\\\/avis-de-recherche-one-piece\\\/avis-de-recherche-crocodile-wanted\\\/#primaryimage\",\"url\":\"https:\\\/\\\/boutique-one-piece.com\\\/wp-content\\\/uploads\\\/2022\\\/09\\\/Avis-De-Recherche-Crocodile-Wanted.jpg\",\"contentUrl\":\"https:\\\/\\\/boutique-one-piece.com\\\/wp-content\\\/uploads\\\/2022\\\/09\\\/Avis-De-Recherche-Crocodile-Wanted.jpg\",\"width\":800,\"height\":800,\"caption\":\"Avis De Recherche Crocodile Wanted 42X30cm\"},{\"@type\":\"BreadcrumbList\",\"@id\":\"https:\\\/\\\/boutique-one-piece.com\\\/avis-de-recherche-one-piece\\\/avis-de-recherche-crocodile-wanted\\\/#breadcrumb\",\"itemListElement\":[{\"@type\":\"ListItem\",\"position\":1,\"name\":\"Home\",\"item\":\"https:\\\/\\\/boutique-one-piece.com\\\/\"},{\"@type\":\"ListItem\",\"position\":2,\"name\":\"Shop\",\"item\":\"https:\\\/\\\/boutique-one-piece.com\\\/shop\\\/\"},{\"@type\":\"ListItem\",\"position\":3,\"name\":\"Avis De Recherche Crocodile Wanted\"}]},{\"@type\":\"WebSite\",\"@id\":\"https:\\\/\\\/boutique-one-piece.com\\\/#website\",\"url\":\"https:\\\/\\\/boutique-one-piece.com\\\/\",\"name\":\"Boutique One Piece\",\"description\":\"Magasin Sp\u00e9cialis\u00e9 du Manga et l&#039;Anime One Piece\",\"publisher\":{\"@id\":\"https:\\\/\\\/boutique-one-piece.com\\\/#organization\"},\"potentialAction\":[{\"@type\":\"SearchAction\",\"target\":{\"@type\":\"EntryPoint\",\"urlTemplate\":\"https:\\\/\\\/boutique-one-piece.com\\\/?s={search_term_string}\"},\"query-input\":{\"@type\":\"PropertyValueSpecification\",\"valueRequired\":true,\"valueName\":\"search_term_string\"}}],\"inLanguage\":\"pl-PL\"},{\"@type\":\"Organization\",\"@id\":\"https:\\\/\\\/boutique-one-piece.com\\\/#organization\",\"name\":\"Boutique One Piece\",\"url\":\"https:\\\/\\\/boutique-one-piece.com\\\/\",\"logo\":{\"@type\":\"ImageObject\",\"inLanguage\":\"pl-PL\",\"@id\":\"https:\\\/\\\/boutique-one-piece.com\\\/#\\\/schema\\\/logo\\\/image\\\/\",\"url\":\"https:\\\/\\\/boutique-one-piece.com\\\/wp-content\\\/uploads\\\/2022\\\/09\\\/Logo-01.png\",\"contentUrl\":\"https:\\\/\\\/boutique-one-piece.com\\\/wp-content\\\/uploads\\\/2022\\\/09\\\/Logo-01.png\",\"width\":2318,\"height\":957,\"caption\":\"Boutique One Piece\"},\"image\":{\"@id\":\"https:\\\/\\\/boutique-one-piece.com\\\/#\\\/schema\\\/logo\\\/image\\\/\"}}]}<\/script>\n<!-- \/ Yoast SEO plugin. -->","yoast_head_json":{"title":"Og\u0142oszenie o poszukiwaniu krokodyla | Dekoracja One Piece \u2013 Sklep One Piece","description":"Jeste\u015b wielkim fanem w\u0105tku Alabasta? Je\u015bli tak, ten plakat \u201eCrocodile Wanted\u201d b\u0119dzie dla Ciebie idealny. Crocodile to jeden z najbardziej charyzmatycznych i uwielbianych antagonist\u00f3w w One Piece. Zjad\u0142 diabelski owoc Suna Suna no Mi, kt\u00f3ry pozwala mu przemieni\u0107 si\u0119 w piaskowego cz\u0142owieka i kontrolowa\u0107 piasek.","robots":{"index":"index","follow":"follow","max-snippet":"max-snippet:-1","max-image-preview":"max-image-preview:large","max-video-preview":"max-video-preview:-1"},"canonical":"https:\/\/boutique-one-piece.com\/pl\/plakat-poszukiwany-one-piece\/plakat-z-napisem-poszukiwany-krokodyl\/","og_locale":"pl_PL","og_type":"article","og_title":"Avis De Recherche Crocodile Wanted | D\u00e9coration One Piece \u2013 Boutique One Piece","og_description":"As-tu particuli\u00e8rement l'arc d'Alabasta ? Dans ce cas, cet Avis de Recherche Crocodile Wanted va te faire plaisir. Crocodile est un des antagonistes les plus charismatiques et appr\u00e9ci\u00e9s de One Piece. Il a mang\u00e9 le fruit du d\u00e9mon du Suna Suna no mi qui lui permet de se transformer en homme-sable et de contr\u00f4ler le sable","og_url":"https:\/\/boutique-one-piece.com\/pl\/plakat-poszukiwany-one-piece\/plakat-z-napisem-poszukiwany-krokodyl\/","og_site_name":"Boutique One Piece","article_modified_time":"2024-09-16T11:40:33+00:00","og_image":[{"width":800,"height":800,"url":"https:\/\/boutique-one-piece.com\/wp-content\/uploads\/2022\/09\/Avis-De-Recherche-Crocodile-Wanted.jpg","type":"image\/jpeg"}],"twitter_card":"summary_large_image","twitter_misc":{"Szacowany czas czytania":"2 minuty"},"schema":{"@context":"https:\/\/schema.org","@graph":[{"@type":"WebPage","@id":"https:\/\/boutique-one-piece.com\/avis-de-recherche-one-piece\/avis-de-recherche-crocodile-wanted\/","url":"https:\/\/boutique-one-piece.com\/avis-de-recherche-one-piece\/avis-de-recherche-crocodile-wanted\/","name":"Og\u0142oszenie o poszukiwaniu krokodyla | Dekoracja One Piece \u2013 Sklep One Piece","isPartOf":{"@id":"https:\/\/boutique-one-piece.com\/#website"},"primaryImageOfPage":{"@id":"https:\/\/boutique-one-piece.com\/avis-de-recherche-one-piece\/avis-de-recherche-crocodile-wanted\/#primaryimage"},"image":{"@id":"https:\/\/boutique-one-piece.com\/avis-de-recherche-one-piece\/avis-de-recherche-crocodile-wanted\/#primaryimage"},"thumbnailUrl":"https:\/\/boutique-one-piece.com\/wp-content\/uploads\/2022\/09\/Avis-De-Recherche-Crocodile-Wanted.jpg","datePublished":"2022-09-27T20:19:09+00:00","dateModified":"2024-09-16T11:40:33+00:00","description":"Jeste\u015b wielkim fanem w\u0105tku Alabasta? Je\u015bli tak, ten plakat \u201eCrocodile Wanted\u201d b\u0119dzie dla Ciebie idealny. Crocodile to jeden z najbardziej charyzmatycznych i uwielbianych antagonist\u00f3w w One Piece. Zjad\u0142 diabelski owoc Suna Suna no Mi, kt\u00f3ry pozwala mu przemieni\u0107 si\u0119 w piaskowego cz\u0142owieka i kontrolowa\u0107 piasek.","breadcrumb":{"@id":"https:\/\/boutique-one-piece.com\/avis-de-recherche-one-piece\/avis-de-recherche-crocodile-wanted\/#breadcrumb"},"inLanguage":"pl-PL","potentialAction":[{"@type":"ReadAction","target":["https:\/\/boutique-one-piece.com\/avis-de-recherche-one-piece\/avis-de-recherche-crocodile-wanted\/"]}]},{"@type":"ImageObject","inLanguage":"pl-PL","@id":"https:\/\/boutique-one-piece.com\/avis-de-recherche-one-piece\/avis-de-recherche-crocodile-wanted\/#primaryimage","url":"https:\/\/boutique-one-piece.com\/wp-content\/uploads\/2022\/09\/Avis-De-Recherche-Crocodile-Wanted.jpg","contentUrl":"https:\/\/boutique-one-piece.com\/wp-content\/uploads\/2022\/09\/Avis-De-Recherche-Crocodile-Wanted.jpg","width":800,"height":800,"caption":"Avis De Recherche Crocodile Wanted 42X30cm"},{"@type":"BreadcrumbList","@id":"https:\/\/boutique-one-piece.com\/avis-de-recherche-one-piece\/avis-de-recherche-crocodile-wanted\/#breadcrumb","itemListElement":[{"@type":"ListItem","position":1,"name":"Home","item":"https:\/\/boutique-one-piece.com\/"},{"@type":"ListItem","position":2,"name":"Shop","item":"https:\/\/boutique-one-piece.com\/shop\/"},{"@type":"ListItem","position":3,"name":"Avis De Recherche Crocodile Wanted"}]},{"@type":"WebSite","@id":"https:\/\/boutique-one-piece.com\/#website","url":"https:\/\/boutique-one-piece.com\/","name":"One Piece Shop","description":"Sklep specjalistyczny z mang\u0105 i anime One Piece","publisher":{"@id":"https:\/\/boutique-one-piece.com\/#organization"},"potentialAction":[{"@type":"SearchAction","target":{"@type":"EntryPoint","urlTemplate":"https:\/\/boutique-one-piece.com\/?s={search_term_string}"},"query-input":{"@type":"PropertyValueSpecification","valueRequired":true,"valueName":"search_term_string"}}],"inLanguage":"pl-PL"},{"@type":"Organization","@id":"https:\/\/boutique-one-piece.com\/#organization","name":"One Piece Shop","url":"https:\/\/boutique-one-piece.com\/","logo":{"@type":"ImageObject","inLanguage":"pl-PL","@id":"https:\/\/boutique-one-piece.com\/#\/schema\/logo\/image\/","url":"https:\/\/boutique-one-piece.com\/wp-content\/uploads\/2022\/09\/Logo-01.png","contentUrl":"https:\/\/boutique-one-piece.com\/wp-content\/uploads\/2022\/09\/Logo-01.png","width":2318,"height":957,"caption":"Boutique One Piece"},"image":{"@id":"https:\/\/boutique-one-piece.com\/#\/schema\/logo\/image\/"}}]}},"_links":{"self":[{"href":"https:\/\/boutique-one-piece.com\/pl\/wp-json\/wp\/v2\/product\/9328","targetHints":{"allow":["GET"]}}],"collection":[{"href":"https:\/\/boutique-one-piece.com\/pl\/wp-json\/wp\/v2\/product"}],"about":[{"href":"https:\/\/boutique-one-piece.com\/pl\/wp-json\/wp\/v2\/types\/product"}],"replies":[{"embeddable":true,"href":"https:\/\/boutique-one-piece.com\/pl\/wp-json\/wp\/v2\/comments?post=9328"}],"wp:featuredmedia":[{"embeddable":true,"href":"https:\/\/boutique-one-piece.com\/pl\/wp-json\/wp\/v2\/media\/9330"}],"wp:attachment":[{"href":"https:\/\/boutique-one-piece.com\/pl\/wp-json\/wp\/v2\/media?parent=9328"}],"wp:term":[{"taxonomy":"product_brand","embeddable":true,"href":"https:\/\/boutique-one-piece.com\/pl\/wp-json\/wp\/v2\/product_brand?post=9328"},{"taxonomy":"product_cat","embeddable":true,"href":"https:\/\/boutique-one-piece.com\/pl\/wp-json\/wp\/v2\/product_cat?post=9328"},{"taxonomy":"product_tag","embeddable":true,"href":"https:\/\/boutique-one-piece.com\/pl\/wp-json\/wp\/v2\/product_tag?post=9328"}],"curies":[{"name":"wp","href":"https:\/\/api.w.org\/{rel}","templated":true}]}}