{"id":9424,"date":"2022-09-27T20:19:49","date_gmt":"2022-09-27T20:19:49","guid":{"rendered":"https:\/\/boutique-one-piece.com\/uncategorized\/tableau-one-piece-gomu-gonu-no-mi\/"},"modified":"2024-09-18T01:44:33","modified_gmt":"2024-09-18T01:44:33","slug":"one-piece-painting-gomu-gonu-no-mi","status":"publish","type":"product","link":"https:\/\/boutique-one-piece.com\/pl\/dekoracje-one-piece\/obrazy-one-piece\/one-piece-painting-gomu-gonu-no-mi\/","title":{"rendered":"One Piece Painting Gomu Gonu No Mi"},"content":{"rendered":"<h2>Jednocz\u0119\u015bciowy, 5-cz\u0119\u015bciowy wydruk na p\u0142\u00f3tnie przedstawiaj\u0105cy Mugiwar\u0119 No Luffy&#039;ego w pozycji do walki \u2013 wysokiej jako\u015bci wydruk na p\u0142\u00f3tnie dla pirata takiego jak Ty!<\/h2>\n<p>Je\u015bli jeste\u015b&nbsp;<strong>prawdziwy pirat<\/strong>, Docenisz&nbsp;<strong>jako\u015b\u0107<\/strong>&nbsp;p\u0142\u00f3tno, farby i rama do nich&nbsp;<strong>projekty&nbsp;<\/strong>I&nbsp;<strong>Drukowanie na p\u0142\u00f3tnie 3D<\/strong>&nbsp;tego&nbsp;<strong>Obraz One Piece 5-panelowy<\/strong>&nbsp;Ale co najwa\u017cniejsze, dzi\u0119ki temu wykresowi b\u0119dziesz cz\u0119\u015bci\u0105&nbsp;<strong>ekipa fan\u00f3w<\/strong>&nbsp;z&nbsp;<strong>manga piracka<\/strong>&nbsp;i otrzymasz:<\/p>\n<ul>\n<li>&nbsp;<strong>Podziw<\/strong>&nbsp;wszystkich fan\u00f3w&nbsp;<strong>mugiwara<\/strong>&nbsp;kt\u00f3re zaprosisz do swojego domu<\/li>\n<\/ul>\n<ul>\n<li>Prawdziwy&nbsp;<strong>5-cz\u0119\u015bciowa wydrukowana tabela<\/strong>&nbsp;z kt\u00f3rym mo\u017cesz<strong>&nbsp;wyobra\u017ca\u0107 sobie&nbsp;<\/strong>walczy\u0107 z<b>&nbsp;Monkey D. Luffy<\/b><\/li>\n<\/ul>\n<p>Wi\u0119c jeste\u015b gotowy, aby pokaza\u0107&nbsp;<strong>zabarwienie <\/strong>z <strong>za\u0142oga S\u0142omkowego Kapelusza<\/strong>&nbsp;?<\/p>\n<h2>Jeste\u015b fanem mangi lub anime One Piece? Poka\u017c to z tym 5-cz\u0119\u015bciowym wydrukiem na p\u0142\u00f3tnie One Piece!<\/h2>\n<p>Je\u015bli ty&nbsp;<strong>Czyta\u0107<\/strong>&nbsp;lub gdziekolwiek spojrzysz&nbsp;<strong>anime&nbsp;<\/strong><strong>japo\u0144ski<\/strong>, Jest du\u017ca szansa, \u017ce si\u0119 sta\u0142e\u015b&nbsp;<strong>szalony na punkcie One Piece<\/strong>&nbsp;Dzi\u0119ki temu!&nbsp;<strong>5-panelowy obraz Gomu Gomu No Mi<\/strong>, do\u0142\u0105cz do\u2019<strong>ekipa fan\u00f3w serii<\/strong><\/p>\n<p>Ten&nbsp;<strong>malowanie<\/strong>&nbsp;jest dost\u0119pny z&nbsp;<strong>rama drewniana<\/strong>&nbsp;wariant &quot;\u00ab\u00a0<strong>Z ram\u0105<\/strong>\u00abMo\u017cliwe jest r\u00f3wnie\u017c posiadanie tylko&nbsp;<strong>p\u0142\u00f3tno<\/strong>&nbsp;z wariantem &quot;\u00ab\u00a0<strong>Bezszkieletowy<\/strong>\u00ab&quot;Tabel\u0119 rozmiar\u00f3w znajdziesz&nbsp;<strong>Ma\u0142y<\/strong>,<strong>&nbsp;PRZECI\u0118TNY<\/strong>,<strong>&nbsp;Du\u017cy<\/strong>,<strong>&nbsp;XL<\/strong>, B\u0119dzie pasowa\u0107 ka\u017cdemu typowi pirata, nawet je\u015bli nie masz&nbsp;<strong>miecz<\/strong>&nbsp;Lub&nbsp;<strong>diabelski owoc<\/strong>&nbsp;nadal mo\u017cesz z dum\u0105 powiesi\u0107 go w domu<\/p>\n<p><strong>S\u0142omkowy Kapelusz Luffy<\/strong> zjad\u0142 <strong>Gomu Gomu No Mi<\/strong> co da\u0142o mu moc bycia <strong>elastyczny cz\u0142owiek<\/strong>, jej <strong>cia\u0142o<\/strong> sta\u0142o si\u0119 <strong>guma<\/strong>.<\/p>\n<h2>Informacje o obrazie:<\/h2>\n<ul>\n<li>\n<strong>Wysokiej jako\u015bci p\u0142\u00f3tno drukowane&nbsp;<\/strong>: p\u0142\u00f3tno \u015bcienne wykonane z <strong>bawe\u0142na<\/strong> I <strong>bielizna<\/strong>, aby uzyska\u0107 <strong>p\u0142\u00f3tno<\/strong> godny tego imienia<\/li>\n<\/ul>\n<ul>\n<li>\n<strong>Malowanie Ultra Design<\/strong>&nbsp;Pi\u0119ciocz\u0119\u015bciowy st\u00f3\u0142 zapewnia wiele mo\u017cliwo\u015bci <strong>styl<\/strong> do <strong>sztuka<\/strong>, Fani nie mog\u0105 si\u0119 powstrzyma\u0107 od pokochania tego<\/li>\n<\/ul>\n<ul style=\"font-weight: 400\">\n<li>\n<strong>Kolor i drukowanie&nbsp;<\/strong>Obraz jednocz\u0119\u015bciowy z nadrukiem <strong>Canva<\/strong> punkt odniesienia w druku na p\u0142\u00f3tnie<\/li>\n<\/ul>\n<ul style=\"font-weight: 400\">\n<li>\n<strong>Lekka sztuka \u015bcienna<\/strong>&nbsp;:\u015bwietne otoczenie <strong>\u015bwiat\u0142o,<\/strong> wystarczy jeden <strong>gw\u00f3\u017ad\u017a<\/strong> lub z <strong>sta\u0142a noga<\/strong> dla <strong>utrzymywa\u0107<\/strong> Na <strong>\u015bciana<\/strong><\/li>\n<\/ul>\n<ul style=\"font-weight: 400\">\n<li>\n<strong>Drewniana rama<\/strong>&nbsp;:wariant &quot;\u00ab\u00a0<strong>Z ram\u0105<\/strong>\u00a0\u00bb towarzyszy <strong>rama drewniana<\/strong> i wersja &quot;\u00ab\u00a0<strong>Bezszkieletowy<\/strong>\u00a0\u00bb jest dostarczany <strong>bez drewnianej ramy<\/strong><\/li>\n<\/ul>\n<ul style=\"font-weight: 400\">\n<li>\n<strong>Darmowa dostawa&nbsp;<\/strong>za ka\u017cdy zakup<strong>&nbsp;<\/strong><\/li>\n<\/ul>\n<h3>Nie zapomnij zapozna\u0107 si\u0119 z poni\u017csz\u0105 tabel\u0105 rozmiar\u00f3w.<\/h3>\n<h2>\n<strong style=\"font-size: 15px\">Obraz jednocz\u0119\u015bciowy sk\u0142adaj\u0105cy si\u0119 z 5 element\u00f3w<\/strong><span style=\"font-size: 15px\">,<\/span><strong style=\"font-size: 15px\"> <\/strong><span style=\"font-size: 15px\">Rozmiar<\/span><strong style=\"font-size: 15px\"> <\/strong><span style=\"font-size: 15px\">: <\/span><strong style=\"font-size: 15px\">Ma\u0142y<\/strong><\/h2>\n<p>&nbsp;<img decoding=\"async\" src=\"https:\/\/cdn.shopify.com\/s\/files\/1\/0087\/7556\/5348\/files\/guide_taille_tableau_one_piece_petit_boutique_one_piece_large.jpg?v=1560247451\" alt=\"Przewodnik po rozmiarach stroju One Piece 5-cz\u0119\u015bciowego (rozmiar ma\u0142y)\"><\/p>\n<p><strong>Obraz jednocz\u0119\u015bciowy sk\u0142adaj\u0105cy si\u0119 z 5 element\u00f3w<\/strong>, Rozmiar<strong> <\/strong>:<strong> PRZECI\u0118TNY<\/strong><\/p>\n<p>&nbsp;<img decoding=\"async\" src=\"https:\/\/cdn.shopify.com\/s\/files\/1\/0087\/7556\/5348\/files\/guide_taille_tableau_one_piece_moyen_boutique_one_piece_large.jpg?v=1560247519\" alt=\"tabela rozmiar\u00f3w jedna sztuka 5 sztuk \u015brednia\"><\/p>\n<p><strong>Obraz jednocz\u0119\u015bciowy sk\u0142adaj\u0105cy si\u0119 z 5 element\u00f3w<\/strong>, Rozmiar<strong> <\/strong>: <strong>Du\u017cy<\/strong><\/p>\n<p>&nbsp;<img decoding=\"async\" src=\"https:\/\/cdn.shopify.com\/s\/files\/1\/0087\/7556\/5348\/files\/guide_taille_tableau_one_piece_grand_boutique_one_piece_large.jpg?v=1560247582\" alt=\"Tabela rozmiar\u00f3w One Piece 5-cz\u0119\u015bciowego (du\u017cego)\"><\/p>\n<p><strong>Obraz jednocz\u0119\u015bciowy sk\u0142adaj\u0105cy si\u0119 z 5 element\u00f3w<\/strong>, Rozmiar: <strong>XL<\/strong><\/p>\n<p><img decoding=\"async\" src=\"https:\/\/cdn.shopify.com\/s\/files\/1\/0087\/7556\/5348\/files\/guide_taille_tableau_one_piece_xl_boutique_one_piece_large.jpg?v=1560247610\" alt=\"Tabela rozmiar\u00f3w One Piece 5-cz\u0119\u015bciowy XL\"><\/p>","protected":false},"excerpt":{"rendered":"<p>Tableau One Piece 5 Panneaux avec Mugiwara No Luffy en Position de Combat&nbsp;,Un Tableau de qualit\u00e9 pour un pirate comme&nbsp;toi&nbsp;! Si tu es un&nbsp;v\u00e9ritable pirate, tu sauras appr\u00e9cier la&nbsp;qualit\u00e9&nbsp;de la toile, de la peinture et du cadre&nbsp;pour leurs&nbsp;conceptions&nbsp;et&nbsp;l&rsquo;impression 3D Canvas&nbsp;de ce&nbsp;tableau 5 panneaux&nbsp;One Piece&nbsp;!&nbsp;Mais le plus important, avec ce&nbsp;tableau&nbsp;c\u0092est que tu&nbsp;feras partie de&nbsp;l&rsquo;\u00e9quipage&nbsp;des fans&nbsp;du&nbsp;manga de [&hellip;]<\/p>","protected":false},"featured_media":9426,"comment_status":"open","ping_status":"open","template":"","meta":[],"product_brand":[],"product_cat":[141],"product_tag":[92,142,143],"class_list":{"0":"post-9424","1":"product","2":"type-product","3":"status-publish","4":"has-post-thumbnail","6":"product_cat-tableaux-one-piece","7":"product_tag-luffy","8":"product_tag-tableau-5-pieces","9":"product_tag-toile","11":"first","12":"instock","13":"purchasable","14":"product-type-variable"},"yoast_head":"<!-- This site is optimized with the Yoast SEO plugin v27.5 - https:\/\/yoast.com\/product\/yoast-seo-wordpress\/ -->\n<title>Tableau One Piece Gomu Gonu No Mi | Boutique One Piece<\/title>\n<meta name=\"description\" content=\"Tableau 5 Pi\u00e8ces One Piece avec Roronoa Luffy qui Utilise le Gear \u00e0 Enies Lobby Haute Qualit\u00e9 Fan du Manga de Pirates ce Tableau 5 Panneaux est Fait Pour Vous!\" \/>\n<meta name=\"robots\" content=\"index, follow, max-snippet:-1, max-image-preview:large, max-video-preview:-1\" \/>\n<link rel=\"canonical\" href=\"https:\/\/boutique-one-piece.com\/pl\/dekoracje-one-piece\/obrazy-one-piece\/one-piece-painting-gomu-gonu-no-mi\/\" \/>\n<meta property=\"og:locale\" content=\"pl_PL\" \/>\n<meta property=\"og:type\" content=\"article\" \/>\n<meta property=\"og:title\" content=\"Tableau One Piece Gomu Gonu No Mi | Boutique One Piece\" \/>\n<meta property=\"og:description\" content=\"Tableau 5 Pi\u00e8ces One Piece avec Roronoa Luffy qui Utilise le Gear \u00e0 Enies Lobby Haute Qualit\u00e9 Fan du Manga de Pirates ce Tableau 5 Panneaux est Fait Pour Vous!\" \/>\n<meta property=\"og:url\" content=\"https:\/\/boutique-one-piece.com\/pl\/dekoracje-one-piece\/obrazy-one-piece\/one-piece-painting-gomu-gonu-no-mi\/\" \/>\n<meta property=\"og:site_name\" content=\"Boutique One Piece\" \/>\n<meta property=\"article:modified_time\" content=\"2024-09-18T01:44:33+00:00\" \/>\n<meta property=\"og:image\" content=\"https:\/\/boutique-one-piece.com\/wp-content\/uploads\/2022\/09\/Tableau-One-Piece-Gomu-Gonu-No-Mi.jpg\" \/>\n\t<meta property=\"og:image:width\" content=\"600\" \/>\n\t<meta property=\"og:image:height\" content=\"600\" \/>\n\t<meta property=\"og:image:type\" content=\"image\/jpeg\" \/>\n<meta name=\"twitter:card\" content=\"summary_large_image\" \/>\n<meta name=\"twitter:label1\" content=\"Szacowany czas czytania\" \/>\n\t<meta name=\"twitter:data1\" content=\"3 minuty\" \/>\n<script type=\"application\/ld+json\" class=\"yoast-schema-graph\">{\"@context\":\"https:\\\/\\\/schema.org\",\"@graph\":[{\"@type\":\"WebPage\",\"@id\":\"https:\\\/\\\/boutique-one-piece.com\\\/decorations-one-piece\\\/tableaux-one-piece\\\/tableau-one-piece-gomu-gonu-no-mi\\\/\",\"url\":\"https:\\\/\\\/boutique-one-piece.com\\\/decorations-one-piece\\\/tableaux-one-piece\\\/tableau-one-piece-gomu-gonu-no-mi\\\/\",\"name\":\"Tableau One Piece Gomu Gonu No Mi | Boutique One Piece\",\"isPartOf\":{\"@id\":\"https:\\\/\\\/boutique-one-piece.com\\\/#website\"},\"primaryImageOfPage\":{\"@id\":\"https:\\\/\\\/boutique-one-piece.com\\\/decorations-one-piece\\\/tableaux-one-piece\\\/tableau-one-piece-gomu-gonu-no-mi\\\/#primaryimage\"},\"image\":{\"@id\":\"https:\\\/\\\/boutique-one-piece.com\\\/decorations-one-piece\\\/tableaux-one-piece\\\/tableau-one-piece-gomu-gonu-no-mi\\\/#primaryimage\"},\"thumbnailUrl\":\"https:\\\/\\\/boutique-one-piece.com\\\/wp-content\\\/uploads\\\/2022\\\/09\\\/Tableau-One-Piece-Gomu-Gonu-No-Mi.jpg\",\"datePublished\":\"2022-09-27T20:19:49+00:00\",\"dateModified\":\"2024-09-18T01:44:33+00:00\",\"description\":\"Tableau 5 Pi\u00e8ces One Piece avec Roronoa Luffy qui Utilise le Gear \u00e0 Enies Lobby Haute Qualit\u00e9 Fan du Manga de Pirates ce Tableau 5 Panneaux est Fait Pour Vous!\",\"breadcrumb\":{\"@id\":\"https:\\\/\\\/boutique-one-piece.com\\\/decorations-one-piece\\\/tableaux-one-piece\\\/tableau-one-piece-gomu-gonu-no-mi\\\/#breadcrumb\"},\"inLanguage\":\"pl-PL\",\"potentialAction\":[{\"@type\":\"ReadAction\",\"target\":[\"https:\\\/\\\/boutique-one-piece.com\\\/decorations-one-piece\\\/tableaux-one-piece\\\/tableau-one-piece-gomu-gonu-no-mi\\\/\"]}]},{\"@type\":\"ImageObject\",\"inLanguage\":\"pl-PL\",\"@id\":\"https:\\\/\\\/boutique-one-piece.com\\\/decorations-one-piece\\\/tableaux-one-piece\\\/tableau-one-piece-gomu-gonu-no-mi\\\/#primaryimage\",\"url\":\"https:\\\/\\\/boutique-one-piece.com\\\/wp-content\\\/uploads\\\/2022\\\/09\\\/Tableau-One-Piece-Gomu-Gonu-No-Mi.jpg\",\"contentUrl\":\"https:\\\/\\\/boutique-one-piece.com\\\/wp-content\\\/uploads\\\/2022\\\/09\\\/Tableau-One-Piece-Gomu-Gonu-No-Mi.jpg\",\"width\":600,\"height\":600,\"caption\":\"Tableau One Piece Gomu Gonu No Mi XL Avec Cadre\"},{\"@type\":\"BreadcrumbList\",\"@id\":\"https:\\\/\\\/boutique-one-piece.com\\\/decorations-one-piece\\\/tableaux-one-piece\\\/tableau-one-piece-gomu-gonu-no-mi\\\/#breadcrumb\",\"itemListElement\":[{\"@type\":\"ListItem\",\"position\":1,\"name\":\"Home\",\"item\":\"https:\\\/\\\/boutique-one-piece.com\\\/\"},{\"@type\":\"ListItem\",\"position\":2,\"name\":\"Shop\",\"item\":\"https:\\\/\\\/boutique-one-piece.com\\\/shop\\\/\"},{\"@type\":\"ListItem\",\"position\":3,\"name\":\"Tableau One Piece Gomu Gonu No Mi\"}]},{\"@type\":\"WebSite\",\"@id\":\"https:\\\/\\\/boutique-one-piece.com\\\/#website\",\"url\":\"https:\\\/\\\/boutique-one-piece.com\\\/\",\"name\":\"Boutique One Piece\",\"description\":\"Magasin Sp\u00e9cialis\u00e9 du Manga et l&#039;Anime One Piece\",\"publisher\":{\"@id\":\"https:\\\/\\\/boutique-one-piece.com\\\/#organization\"},\"potentialAction\":[{\"@type\":\"SearchAction\",\"target\":{\"@type\":\"EntryPoint\",\"urlTemplate\":\"https:\\\/\\\/boutique-one-piece.com\\\/?s={search_term_string}\"},\"query-input\":{\"@type\":\"PropertyValueSpecification\",\"valueRequired\":true,\"valueName\":\"search_term_string\"}}],\"inLanguage\":\"pl-PL\"},{\"@type\":\"Organization\",\"@id\":\"https:\\\/\\\/boutique-one-piece.com\\\/#organization\",\"name\":\"Boutique One Piece\",\"url\":\"https:\\\/\\\/boutique-one-piece.com\\\/\",\"logo\":{\"@type\":\"ImageObject\",\"inLanguage\":\"pl-PL\",\"@id\":\"https:\\\/\\\/boutique-one-piece.com\\\/#\\\/schema\\\/logo\\\/image\\\/\",\"url\":\"https:\\\/\\\/boutique-one-piece.com\\\/wp-content\\\/uploads\\\/2022\\\/09\\\/Logo-01.png\",\"contentUrl\":\"https:\\\/\\\/boutique-one-piece.com\\\/wp-content\\\/uploads\\\/2022\\\/09\\\/Logo-01.png\",\"width\":2318,\"height\":957,\"caption\":\"Boutique One Piece\"},\"image\":{\"@id\":\"https:\\\/\\\/boutique-one-piece.com\\\/#\\\/schema\\\/logo\\\/image\\\/\"}}]}<\/script>\n<!-- \/ Yoast SEO plugin. -->","yoast_head_json":{"title":"One Piece Painting Gomu Gonu No Mi | Sklep One Piece","description":"5-cz\u0119\u015bciowy, jednocz\u0119\u015bciowy wydruk na p\u0142\u00f3tnie przedstawiaj\u0105cy Rorono\u0119 Luffy&#039;ego u\u017cywaj\u0105cego Geara w Enies Lobby. Wysoka jako\u015b\u0107. Fani pirackiej mangi, ten 5-cz\u0119\u015bciowy wydruk na p\u0142\u00f3tnie jest stworzony dla Was!","robots":{"index":"index","follow":"follow","max-snippet":"max-snippet:-1","max-image-preview":"max-image-preview:large","max-video-preview":"max-video-preview:-1"},"canonical":"https:\/\/boutique-one-piece.com\/pl\/dekoracje-one-piece\/obrazy-one-piece\/one-piece-painting-gomu-gonu-no-mi\/","og_locale":"pl_PL","og_type":"article","og_title":"Tableau One Piece Gomu Gonu No Mi | Boutique One Piece","og_description":"Tableau 5 Pi\u00e8ces One Piece avec Roronoa Luffy qui Utilise le Gear \u00e0 Enies Lobby Haute Qualit\u00e9 Fan du Manga de Pirates ce Tableau 5 Panneaux est Fait Pour Vous!","og_url":"https:\/\/boutique-one-piece.com\/pl\/dekoracje-one-piece\/obrazy-one-piece\/one-piece-painting-gomu-gonu-no-mi\/","og_site_name":"Boutique One Piece","article_modified_time":"2024-09-18T01:44:33+00:00","og_image":[{"width":600,"height":600,"url":"https:\/\/boutique-one-piece.com\/wp-content\/uploads\/2022\/09\/Tableau-One-Piece-Gomu-Gonu-No-Mi.jpg","type":"image\/jpeg"}],"twitter_card":"summary_large_image","twitter_misc":{"Szacowany czas czytania":"3 minuty"},"schema":{"@context":"https:\/\/schema.org","@graph":[{"@type":"WebPage","@id":"https:\/\/boutique-one-piece.com\/decorations-one-piece\/tableaux-one-piece\/tableau-one-piece-gomu-gonu-no-mi\/","url":"https:\/\/boutique-one-piece.com\/decorations-one-piece\/tableaux-one-piece\/tableau-one-piece-gomu-gonu-no-mi\/","name":"One Piece Painting Gomu Gonu No Mi | Sklep One Piece","isPartOf":{"@id":"https:\/\/boutique-one-piece.com\/#website"},"primaryImageOfPage":{"@id":"https:\/\/boutique-one-piece.com\/decorations-one-piece\/tableaux-one-piece\/tableau-one-piece-gomu-gonu-no-mi\/#primaryimage"},"image":{"@id":"https:\/\/boutique-one-piece.com\/decorations-one-piece\/tableaux-one-piece\/tableau-one-piece-gomu-gonu-no-mi\/#primaryimage"},"thumbnailUrl":"https:\/\/boutique-one-piece.com\/wp-content\/uploads\/2022\/09\/Tableau-One-Piece-Gomu-Gonu-No-Mi.jpg","datePublished":"2022-09-27T20:19:49+00:00","dateModified":"2024-09-18T01:44:33+00:00","description":"5-cz\u0119\u015bciowy, jednocz\u0119\u015bciowy wydruk na p\u0142\u00f3tnie przedstawiaj\u0105cy Rorono\u0119 Luffy&#039;ego u\u017cywaj\u0105cego Geara w Enies Lobby. Wysoka jako\u015b\u0107. Fani pirackiej mangi, ten 5-cz\u0119\u015bciowy wydruk na p\u0142\u00f3tnie jest stworzony dla Was!","breadcrumb":{"@id":"https:\/\/boutique-one-piece.com\/decorations-one-piece\/tableaux-one-piece\/tableau-one-piece-gomu-gonu-no-mi\/#breadcrumb"},"inLanguage":"pl-PL","potentialAction":[{"@type":"ReadAction","target":["https:\/\/boutique-one-piece.com\/decorations-one-piece\/tableaux-one-piece\/tableau-one-piece-gomu-gonu-no-mi\/"]}]},{"@type":"ImageObject","inLanguage":"pl-PL","@id":"https:\/\/boutique-one-piece.com\/decorations-one-piece\/tableaux-one-piece\/tableau-one-piece-gomu-gonu-no-mi\/#primaryimage","url":"https:\/\/boutique-one-piece.com\/wp-content\/uploads\/2022\/09\/Tableau-One-Piece-Gomu-Gonu-No-Mi.jpg","contentUrl":"https:\/\/boutique-one-piece.com\/wp-content\/uploads\/2022\/09\/Tableau-One-Piece-Gomu-Gonu-No-Mi.jpg","width":600,"height":600,"caption":"Tableau One Piece Gomu Gonu No Mi XL Avec Cadre"},{"@type":"BreadcrumbList","@id":"https:\/\/boutique-one-piece.com\/decorations-one-piece\/tableaux-one-piece\/tableau-one-piece-gomu-gonu-no-mi\/#breadcrumb","itemListElement":[{"@type":"ListItem","position":1,"name":"Home","item":"https:\/\/boutique-one-piece.com\/"},{"@type":"ListItem","position":2,"name":"Shop","item":"https:\/\/boutique-one-piece.com\/shop\/"},{"@type":"ListItem","position":3,"name":"Tableau One Piece Gomu Gonu No Mi"}]},{"@type":"WebSite","@id":"https:\/\/boutique-one-piece.com\/#website","url":"https:\/\/boutique-one-piece.com\/","name":"One Piece Shop","description":"Sklep specjalistyczny z mang\u0105 i anime One Piece","publisher":{"@id":"https:\/\/boutique-one-piece.com\/#organization"},"potentialAction":[{"@type":"SearchAction","target":{"@type":"EntryPoint","urlTemplate":"https:\/\/boutique-one-piece.com\/?s={search_term_string}"},"query-input":{"@type":"PropertyValueSpecification","valueRequired":true,"valueName":"search_term_string"}}],"inLanguage":"pl-PL"},{"@type":"Organization","@id":"https:\/\/boutique-one-piece.com\/#organization","name":"One Piece Shop","url":"https:\/\/boutique-one-piece.com\/","logo":{"@type":"ImageObject","inLanguage":"pl-PL","@id":"https:\/\/boutique-one-piece.com\/#\/schema\/logo\/image\/","url":"https:\/\/boutique-one-piece.com\/wp-content\/uploads\/2022\/09\/Logo-01.png","contentUrl":"https:\/\/boutique-one-piece.com\/wp-content\/uploads\/2022\/09\/Logo-01.png","width":2318,"height":957,"caption":"Boutique One Piece"},"image":{"@id":"https:\/\/boutique-one-piece.com\/#\/schema\/logo\/image\/"}}]}},"_links":{"self":[{"href":"https:\/\/boutique-one-piece.com\/pl\/wp-json\/wp\/v2\/product\/9424","targetHints":{"allow":["GET"]}}],"collection":[{"href":"https:\/\/boutique-one-piece.com\/pl\/wp-json\/wp\/v2\/product"}],"about":[{"href":"https:\/\/boutique-one-piece.com\/pl\/wp-json\/wp\/v2\/types\/product"}],"replies":[{"embeddable":true,"href":"https:\/\/boutique-one-piece.com\/pl\/wp-json\/wp\/v2\/comments?post=9424"}],"wp:featuredmedia":[{"embeddable":true,"href":"https:\/\/boutique-one-piece.com\/pl\/wp-json\/wp\/v2\/media\/9426"}],"wp:attachment":[{"href":"https:\/\/boutique-one-piece.com\/pl\/wp-json\/wp\/v2\/media?parent=9424"}],"wp:term":[{"taxonomy":"product_brand","embeddable":true,"href":"https:\/\/boutique-one-piece.com\/pl\/wp-json\/wp\/v2\/product_brand?post=9424"},{"taxonomy":"product_cat","embeddable":true,"href":"https:\/\/boutique-one-piece.com\/pl\/wp-json\/wp\/v2\/product_cat?post=9424"},{"taxonomy":"product_tag","embeddable":true,"href":"https:\/\/boutique-one-piece.com\/pl\/wp-json\/wp\/v2\/product_tag?post=9424"}],"curies":[{"name":"wp","href":"https:\/\/api.w.org\/{rel}","templated":true}]}}