{"id":9621,"date":"2022-09-27T20:21:20","date_gmt":"2022-09-27T20:21:20","guid":{"rendered":"https:\/\/boutique-one-piece.com\/uncategorized\/sweat-one-piece-bi-color\/"},"modified":"2025-12-24T12:04:49","modified_gmt":"2025-12-24T12:04:49","slug":"dwukolorowa-bluza-jednoczesciowa","status":"publish","type":"product","link":"https:\/\/boutique-one-piece.com\/pl\/smakolyki-z-one-piece\/slodycze-monkey-d-luffy-one-piece\/dwukolorowa-bluza-jednoczesciowa\/","title":{"rendered":"Jednocz\u0119\u015bciowa bluza w kolorze niebiesko-bia\u0142ym"},"content":{"rendered":"<p><meta charset=\"utf-8\"><meta charset=\"utf-8\"><\/p>\n<h2>\n<b>Jednocz\u0119\u015bciowa bluza z kapturem, d\u0142ugim r\u0119kawem, w kolorze niebiesko-bia\u0142ym, z logo S\u0142omkowego Kapelusza Luffy&#039;ego.,\u00a0<\/b>Wysokiej jako\u015bci bluza dla pirata takiego jak Ty!<\/h2>\n<p>Je\u015bli jeste\u015b\u00a0<strong>prawdziwy pirat<\/strong>, Docenisz\u00a0<strong>jako\u015b\u0107<\/strong>\u00a0tkanina i\u00a0<strong>Drukowanie na p\u0142\u00f3tnie 3D<\/strong>\u00a0tego<span>\u00a0<\/span><strong>Bluza One Piece<\/strong>\u00a0Ale co najwa\u017cniejsze, dzi\u0119ki temu\u00a0<strong>bluza z nadrukiem<\/strong>\u00a0dlatego, \u017ce b\u0119dziesz cz\u0119\u015bci\u0105\u00a0<strong>ekipa fan\u00f3w<\/strong>\u00a0z\u00a0<strong>manga piracka<\/strong>\u00a0i otrzymasz:<\/p>\n<ul>\n<li>\u00a0<strong>Podziw<\/strong>\u00a0wszystkich fan\u00f3w\u00a0<strong>wszech\u015bwiat<\/strong>\u00a0z\u00a0<strong>licencja<\/strong>\u00a0z\u00a0<strong>manga<\/strong>\u00a0\u017ce spotkasz<\/li>\n<\/ul>\n<ul>\n<li>Prawdziwy\u00a0<strong>bluza z kapturem<\/strong>\u00a0z kt\u00f3rym mo\u017cesz\u00a0<strong>udzia\u0142<\/strong>\u00a0tw\u00f3j\u00a0<strong>pasja<\/strong>\u00a0Dla\u00a0<strong>Jeden kawa\u0142ek<\/strong>\n<\/li>\n<\/ul>\n<p>Wi\u0119c jeste\u015b gotowy do noszenia\u00a0<strong>zabarwienie\u00a0<\/strong>z<strong>\u00a0<\/strong>tw\u00f3j<strong>\u00a0ulubiona manga<\/strong>\u00a0?<\/p>\n<h2>Jeste\u015b fanem mangi lub anime One Piece? Poka\u017c to w tej bluzie One Piece!<\/h2>\n<p>Je\u015bli ty\u00a0<strong>Czyta\u0107<\/strong>\u00a0lub gdziekolwiek spojrzysz\u00a0\u00a0<strong>Japo\u0144skie anime<\/strong>, Jest du\u017ca szansa, \u017ce si\u0119 sta\u0142e\u015b\u00a0<strong>szalony na punkcie One Piece<\/strong>\u00a0Dzi\u0119ki temu!\u00a0<strong>Jednocz\u0119\u015bciowa bluza w kolorze niebiesko-bia\u0142ym<\/strong>, do\u0142\u0105cz do\u2019<strong>ekipa fan\u00f3w serii<\/strong><\/p>\n<p>Ten\u00a0<strong>Bluza w stylu cosplay\u00a0<\/strong>\u00a0jest dost\u0119pny w rozmiarach\u00a0<strong>XXS<\/strong>,\u00a0<strong>XS<\/strong>,\u00a0<strong>S<\/strong>,<strong>\u00a0M<\/strong>,<strong>\u00a0L<\/strong>,\u00a0<strong>XL<\/strong>,\u00a0<strong>XXL<\/strong>,\u00a0<strong>3XL<\/strong>,\u00a0<strong>4XL<\/strong>\u00a0B\u0119dzie pasowa\u0107 ka\u017cdej kategorii pirat\u00f3w.,\u00a0<strong>Cz\u0142owiek<\/strong>\u00a0Lub\u00a0<strong>kobiety<\/strong>, nawet je\u015bli nie masz\u00a0<strong>miecz<\/strong>\u00a0Lub\u00a0<strong>diabelski owoc<\/strong>\u00a0Nadal mo\u017cesz nosi\u0107 je z dum\u0105.<\/p>\n<h2>Informacje o bluzie:\u00a0<\/h2>\n<ul>\n<li>\n<strong>Bluza jednocz\u0119\u015bciowa najwy\u017cszej jako\u015bci\u00a0<\/strong>:ma<span>\u00a0<\/span><strong>wysoka gramatura<\/strong><span>\u00a0<\/span>z wysokiej jako\u015bci materia\u0142\u00f3w<\/li>\n<\/ul>\n<ul>\n<li>\n<strong>Du\u017ca elastyczno\u015b\u0107\u00a0<\/strong>:dzi\u0119ki swojemu sk\u0142adowi nie<span>\u00a0<\/span><strong>zmi\u0119ty<\/strong><span>\u00a0<\/span>nie<\/li>\n<\/ul>\n<ul>\n<li>\n<strong>Bardzo wygodne\u00a0<\/strong>: z<span>\u00a0<\/span>jego<span>\u00a0<\/span><strong>w\u0142\u00f3kna<\/strong><span>\u00a0<\/span>z<span>\u00a0<\/span><strong>bawe\u0142na<\/strong><span>\u00a0<\/span>\u015awietnie<span>\u00a0<\/span><strong>mi\u0119kki<\/strong>, nie ma<span>\u00a0<\/span><strong>tarcie<\/strong>\n<\/li>\n<\/ul>\n<ul>\n<li>Druk cyfrowy 3D, oryginalny design<\/li>\n<\/ul>\n<ul>\n<li>\n<strong>Bawe\u0142na organiczna\u00a0<\/strong>bawe\u0142na<span>\u00a0<\/span><strong>wysoka jako\u015b\u0107<\/strong>\u00a0z<span>\u00a0<\/span><strong>w\u0142\u00f3kna<\/strong><span>\u00a0<\/span>dodatkowy<span>\u00a0<\/span><strong>d\u0142ugi<\/strong>\n<\/li>\n<\/ul>\n<ul>\n<li>\n<strong>Darmowa dostawa\u00a0<\/strong>za ka\u017cdy zakup<strong>\u00a0<\/strong>\n<\/li>\n<\/ul>\n<p><strong>Nie zapomnij zapozna\u0107 si\u0119 z poni\u017csz\u0105 tabel\u0105 rozmiar\u00f3w.<\/strong><\/p>\n<p><img decoding=\"async\" src=\"https:\/\/cdn.shopify.com\/s\/files\/1\/0087\/7556\/5348\/files\/boutque_one_piece_tableau__taille_sweat_large.jpg?v=1559846386\" alt=\"Tabela rozmiar\u00f3w bluz jednocz\u0119\u015bciowych\"><\/p>\n<h3>Instrukcja prania:<\/h3>\n<ul>\n<li>Pra\u0107 w pralce w temperaturze 30\u00b0C, cykl delikatny<\/li>\n<\/ul>\n<ul>\n<li>Prasowa\u0107 na odwrotnej stronie<\/li>\n<\/ul>\n<p>Dla<span>\u00a0<\/span><strong>zachowa\u0107 jako\u015b\u0107<\/strong><span>\u00a0<\/span>tego<span>\u00a0<strong>podkoszulek<\/strong><\/span><strong>\u00a0Jeden kawa\u0142ek<\/strong>, zalecamy, aby\u015b<span>\u00a0<\/span><strong>szacunek<\/strong><span>\u00a0<\/span>THE<span>\u00a0<\/span><strong>instrukcje prania<\/strong>.<\/p>","protected":false},"excerpt":{"rendered":"<p>Sweat\u00a0\u00e0 Capuche Bleu et Blanc \u00e0 Manches Longues One Piece avec le Logo de Luffy au Chapeau de Paille,\u00a0Un\u00a0Sweat\u00a0de Qualit\u00e9 pour un Pirate Comme Toi\u00a0! Si tu es un\u00a0v\u00e9ritable pirate, tu sauras appr\u00e9cier la\u00a0qualit\u00e9\u00a0du tissu et de\u00a0l&rsquo;impression 3D Canvas\u00a0de ce\u00a0sweat\u00a0One Piece\u00a0!\u00a0Mais le plus important, avec ce\u00a0sweat\u00a0imprim\u00e9\u00a0c\u0092est que tu\u00a0feras partie de\u00a0l&rsquo;\u00e9quipage\u00a0des fans\u00a0du\u00a0manga de pirates\u00a0et tu obtiendras\u00a0: [&hellip;]<\/p>","protected":false},"featured_media":9623,"comment_status":"open","ping_status":"open","template":"","meta":[],"product_brand":[],"product_cat":[80,149,54],"product_tag":[182,92],"class_list":{"0":"post-9621","1":"product","2":"type-product","3":"status-publish","4":"has-post-thumbnail","6":"product_cat-goodies-monkey-d-luffy-one-piece","7":"product_cat-sweats-one-piece","8":"product_cat-vetements-one-piece","9":"product_tag-logo","10":"product_tag-luffy","12":"first","13":"instock","14":"purchasable","15":"product-type-variable","16":"has-default-attributes"},"yoast_head":"<!-- This site is optimized with the Yoast SEO plugin v27.5 - https:\/\/yoast.com\/product\/yoast-seo-wordpress\/ -->\n<title>Sweat Bleu \u00e0 Manches Longue Blanche | Boutique One Piece<\/title>\n<meta name=\"description\" content=\"Sweat \u00e0 Capuche Bleu et Blanc \u00e0 Manches Longues One Piece avec le Logo de Luffy au Chapeau de Paille de Tr\u00e8s Haute Qualit\u00e9 Partage ta Passion pour les Mugiwara!\" \/>\n<meta name=\"robots\" content=\"index, follow, max-snippet:-1, max-image-preview:large, max-video-preview:-1\" \/>\n<link rel=\"canonical\" href=\"https:\/\/boutique-one-piece.com\/pl\/ubrania-jednoczesciowe\/bluzy-jednoczesciowe\/dwukolorowa-bluza-jednoczesciowa\/\" \/>\n<meta property=\"og:locale\" content=\"pl_PL\" \/>\n<meta property=\"og:type\" content=\"article\" \/>\n<meta property=\"og:title\" content=\"Sweat Bleu \u00e0 Manches Longue Blanche | Boutique One Piece\" \/>\n<meta property=\"og:description\" content=\"Sweat \u00e0 Capuche Bleu et Blanc \u00e0 Manches Longues One Piece avec le Logo de Luffy au Chapeau de Paille de Tr\u00e8s Haute Qualit\u00e9 Partage ta Passion pour les Mugiwara!\" \/>\n<meta property=\"og:url\" content=\"https:\/\/boutique-one-piece.com\/pl\/ubrania-jednoczesciowe\/bluzy-jednoczesciowe\/dwukolorowa-bluza-jednoczesciowa\/\" \/>\n<meta property=\"og:site_name\" content=\"Boutique One Piece\" \/>\n<meta property=\"article:modified_time\" content=\"2025-12-24T12:04:49+00:00\" \/>\n<meta property=\"og:image\" content=\"https:\/\/boutique-one-piece.com\/wp-content\/uploads\/2022\/09\/Sweat-One-Piece-Bleu-et-Blanc.jpg\" \/>\n\t<meta property=\"og:image:width\" content=\"600\" \/>\n\t<meta property=\"og:image:height\" content=\"600\" \/>\n\t<meta property=\"og:image:type\" content=\"image\/jpeg\" \/>\n<meta name=\"twitter:card\" content=\"summary_large_image\" \/>\n<meta name=\"twitter:label1\" content=\"Szacowany czas czytania\" \/>\n\t<meta name=\"twitter:data1\" content=\"2 minuty\" \/>\n<script type=\"application\/ld+json\" class=\"yoast-schema-graph\">{\"@context\":\"https:\\\/\\\/schema.org\",\"@graph\":[{\"@type\":\"WebPage\",\"@id\":\"https:\\\/\\\/boutique-one-piece.com\\\/vetements-one-piece\\\/sweats-one-piece\\\/sweat-one-piece-bi-color\\\/\",\"url\":\"https:\\\/\\\/boutique-one-piece.com\\\/vetements-one-piece\\\/sweats-one-piece\\\/sweat-one-piece-bi-color\\\/\",\"name\":\"Sweat Bleu \u00e0 Manches Longue Blanche | Boutique One Piece\",\"isPartOf\":{\"@id\":\"https:\\\/\\\/boutique-one-piece.com\\\/#website\"},\"primaryImageOfPage\":{\"@id\":\"https:\\\/\\\/boutique-one-piece.com\\\/vetements-one-piece\\\/sweats-one-piece\\\/sweat-one-piece-bi-color\\\/#primaryimage\"},\"image\":{\"@id\":\"https:\\\/\\\/boutique-one-piece.com\\\/vetements-one-piece\\\/sweats-one-piece\\\/sweat-one-piece-bi-color\\\/#primaryimage\"},\"thumbnailUrl\":\"https:\\\/\\\/boutique-one-piece.com\\\/wp-content\\\/uploads\\\/2022\\\/09\\\/Sweat-One-Piece-Bleu-et-Blanc.jpg\",\"datePublished\":\"2022-09-27T20:21:20+00:00\",\"dateModified\":\"2025-12-24T12:04:49+00:00\",\"description\":\"Sweat \u00e0 Capuche Bleu et Blanc \u00e0 Manches Longues One Piece avec le Logo de Luffy au Chapeau de Paille de Tr\u00e8s Haute Qualit\u00e9 Partage ta Passion pour les Mugiwara!\",\"breadcrumb\":{\"@id\":\"https:\\\/\\\/boutique-one-piece.com\\\/vetements-one-piece\\\/sweats-one-piece\\\/sweat-one-piece-bi-color\\\/#breadcrumb\"},\"inLanguage\":\"pl-PL\",\"potentialAction\":[{\"@type\":\"ReadAction\",\"target\":[\"https:\\\/\\\/boutique-one-piece.com\\\/vetements-one-piece\\\/sweats-one-piece\\\/sweat-one-piece-bi-color\\\/\"]}]},{\"@type\":\"ImageObject\",\"inLanguage\":\"pl-PL\",\"@id\":\"https:\\\/\\\/boutique-one-piece.com\\\/vetements-one-piece\\\/sweats-one-piece\\\/sweat-one-piece-bi-color\\\/#primaryimage\",\"url\":\"https:\\\/\\\/boutique-one-piece.com\\\/wp-content\\\/uploads\\\/2022\\\/09\\\/Sweat-One-Piece-Bleu-et-Blanc.jpg\",\"contentUrl\":\"https:\\\/\\\/boutique-one-piece.com\\\/wp-content\\\/uploads\\\/2022\\\/09\\\/Sweat-One-Piece-Bleu-et-Blanc.jpg\",\"width\":600,\"height\":600,\"caption\":\"Sweat One Piece Bleu et Blanc 4XL\"},{\"@type\":\"BreadcrumbList\",\"@id\":\"https:\\\/\\\/boutique-one-piece.com\\\/vetements-one-piece\\\/sweats-one-piece\\\/sweat-one-piece-bi-color\\\/#breadcrumb\",\"itemListElement\":[{\"@type\":\"ListItem\",\"position\":1,\"name\":\"Home\",\"item\":\"https:\\\/\\\/boutique-one-piece.com\\\/\"},{\"@type\":\"ListItem\",\"position\":2,\"name\":\"Shop\",\"item\":\"https:\\\/\\\/boutique-one-piece.com\\\/shop\\\/\"},{\"@type\":\"ListItem\",\"position\":3,\"name\":\"Sweat One Piece Bleu et Blanc\"}]},{\"@type\":\"WebSite\",\"@id\":\"https:\\\/\\\/boutique-one-piece.com\\\/#website\",\"url\":\"https:\\\/\\\/boutique-one-piece.com\\\/\",\"name\":\"Boutique One Piece\",\"description\":\"Magasin Sp\u00e9cialis\u00e9 du Manga et l&#039;Anime One Piece\",\"publisher\":{\"@id\":\"https:\\\/\\\/boutique-one-piece.com\\\/#organization\"},\"potentialAction\":[{\"@type\":\"SearchAction\",\"target\":{\"@type\":\"EntryPoint\",\"urlTemplate\":\"https:\\\/\\\/boutique-one-piece.com\\\/?s={search_term_string}\"},\"query-input\":{\"@type\":\"PropertyValueSpecification\",\"valueRequired\":true,\"valueName\":\"search_term_string\"}}],\"inLanguage\":\"pl-PL\"},{\"@type\":\"Organization\",\"@id\":\"https:\\\/\\\/boutique-one-piece.com\\\/#organization\",\"name\":\"Boutique One Piece\",\"url\":\"https:\\\/\\\/boutique-one-piece.com\\\/\",\"logo\":{\"@type\":\"ImageObject\",\"inLanguage\":\"pl-PL\",\"@id\":\"https:\\\/\\\/boutique-one-piece.com\\\/#\\\/schema\\\/logo\\\/image\\\/\",\"url\":\"https:\\\/\\\/boutique-one-piece.com\\\/wp-content\\\/uploads\\\/2022\\\/09\\\/Logo-01.png\",\"contentUrl\":\"https:\\\/\\\/boutique-one-piece.com\\\/wp-content\\\/uploads\\\/2022\\\/09\\\/Logo-01.png\",\"width\":2318,\"height\":957,\"caption\":\"Boutique One Piece\"},\"image\":{\"@id\":\"https:\\\/\\\/boutique-one-piece.com\\\/#\\\/schema\\\/logo\\\/image\\\/\"}}]}<\/script>\n<!-- \/ Yoast SEO plugin. -->","yoast_head_json":{"title":"Niebieska bluza z bia\u0142ymi d\u0142ugimi r\u0119kawami | Sklep z odzie\u017c\u0105 jednocz\u0119\u015bciow\u0105","description":"Jednocz\u0119\u015bciowa, niebiesko-bia\u0142a bluza z kapturem i d\u0142ugim r\u0119kawem, z logo S\u0142omkowego Kapelusza Luffy&#039;ego. Wysoka jako\u015b\u0107. Podziel si\u0119 swoj\u0105 pasj\u0105 do S\u0142omkowych Kapeluszy!","robots":{"index":"index","follow":"follow","max-snippet":"max-snippet:-1","max-image-preview":"max-image-preview:large","max-video-preview":"max-video-preview:-1"},"canonical":"https:\/\/boutique-one-piece.com\/pl\/ubrania-jednoczesciowe\/bluzy-jednoczesciowe\/dwukolorowa-bluza-jednoczesciowa\/","og_locale":"pl_PL","og_type":"article","og_title":"Sweat Bleu \u00e0 Manches Longue Blanche | Boutique One Piece","og_description":"Sweat \u00e0 Capuche Bleu et Blanc \u00e0 Manches Longues One Piece avec le Logo de Luffy au Chapeau de Paille de Tr\u00e8s Haute Qualit\u00e9 Partage ta Passion pour les Mugiwara!","og_url":"https:\/\/boutique-one-piece.com\/pl\/ubrania-jednoczesciowe\/bluzy-jednoczesciowe\/dwukolorowa-bluza-jednoczesciowa\/","og_site_name":"Boutique One Piece","article_modified_time":"2025-12-24T12:04:49+00:00","og_image":[{"width":600,"height":600,"url":"https:\/\/boutique-one-piece.com\/wp-content\/uploads\/2022\/09\/Sweat-One-Piece-Bleu-et-Blanc.jpg","type":"image\/jpeg"}],"twitter_card":"summary_large_image","twitter_misc":{"Szacowany czas czytania":"2 minuty"},"schema":{"@context":"https:\/\/schema.org","@graph":[{"@type":"WebPage","@id":"https:\/\/boutique-one-piece.com\/vetements-one-piece\/sweats-one-piece\/sweat-one-piece-bi-color\/","url":"https:\/\/boutique-one-piece.com\/vetements-one-piece\/sweats-one-piece\/sweat-one-piece-bi-color\/","name":"Niebieska bluza z bia\u0142ymi d\u0142ugimi r\u0119kawami | Sklep z odzie\u017c\u0105 jednocz\u0119\u015bciow\u0105","isPartOf":{"@id":"https:\/\/boutique-one-piece.com\/#website"},"primaryImageOfPage":{"@id":"https:\/\/boutique-one-piece.com\/vetements-one-piece\/sweats-one-piece\/sweat-one-piece-bi-color\/#primaryimage"},"image":{"@id":"https:\/\/boutique-one-piece.com\/vetements-one-piece\/sweats-one-piece\/sweat-one-piece-bi-color\/#primaryimage"},"thumbnailUrl":"https:\/\/boutique-one-piece.com\/wp-content\/uploads\/2022\/09\/Sweat-One-Piece-Bleu-et-Blanc.jpg","datePublished":"2022-09-27T20:21:20+00:00","dateModified":"2025-12-24T12:04:49+00:00","description":"Jednocz\u0119\u015bciowa, niebiesko-bia\u0142a bluza z kapturem i d\u0142ugim r\u0119kawem, z logo S\u0142omkowego Kapelusza Luffy&#039;ego. Wysoka jako\u015b\u0107. Podziel si\u0119 swoj\u0105 pasj\u0105 do S\u0142omkowych Kapeluszy!","breadcrumb":{"@id":"https:\/\/boutique-one-piece.com\/vetements-one-piece\/sweats-one-piece\/sweat-one-piece-bi-color\/#breadcrumb"},"inLanguage":"pl-PL","potentialAction":[{"@type":"ReadAction","target":["https:\/\/boutique-one-piece.com\/vetements-one-piece\/sweats-one-piece\/sweat-one-piece-bi-color\/"]}]},{"@type":"ImageObject","inLanguage":"pl-PL","@id":"https:\/\/boutique-one-piece.com\/vetements-one-piece\/sweats-one-piece\/sweat-one-piece-bi-color\/#primaryimage","url":"https:\/\/boutique-one-piece.com\/wp-content\/uploads\/2022\/09\/Sweat-One-Piece-Bleu-et-Blanc.jpg","contentUrl":"https:\/\/boutique-one-piece.com\/wp-content\/uploads\/2022\/09\/Sweat-One-Piece-Bleu-et-Blanc.jpg","width":600,"height":600,"caption":"Sweat One Piece Bleu et Blanc 4XL"},{"@type":"BreadcrumbList","@id":"https:\/\/boutique-one-piece.com\/vetements-one-piece\/sweats-one-piece\/sweat-one-piece-bi-color\/#breadcrumb","itemListElement":[{"@type":"ListItem","position":1,"name":"Home","item":"https:\/\/boutique-one-piece.com\/"},{"@type":"ListItem","position":2,"name":"Shop","item":"https:\/\/boutique-one-piece.com\/shop\/"},{"@type":"ListItem","position":3,"name":"Sweat One Piece Bleu et Blanc"}]},{"@type":"WebSite","@id":"https:\/\/boutique-one-piece.com\/#website","url":"https:\/\/boutique-one-piece.com\/","name":"One Piece Shop","description":"Sklep specjalistyczny z mang\u0105 i anime One Piece","publisher":{"@id":"https:\/\/boutique-one-piece.com\/#organization"},"potentialAction":[{"@type":"SearchAction","target":{"@type":"EntryPoint","urlTemplate":"https:\/\/boutique-one-piece.com\/?s={search_term_string}"},"query-input":{"@type":"PropertyValueSpecification","valueRequired":true,"valueName":"search_term_string"}}],"inLanguage":"pl-PL"},{"@type":"Organization","@id":"https:\/\/boutique-one-piece.com\/#organization","name":"One Piece Shop","url":"https:\/\/boutique-one-piece.com\/","logo":{"@type":"ImageObject","inLanguage":"pl-PL","@id":"https:\/\/boutique-one-piece.com\/#\/schema\/logo\/image\/","url":"https:\/\/boutique-one-piece.com\/wp-content\/uploads\/2022\/09\/Logo-01.png","contentUrl":"https:\/\/boutique-one-piece.com\/wp-content\/uploads\/2022\/09\/Logo-01.png","width":2318,"height":957,"caption":"Boutique One Piece"},"image":{"@id":"https:\/\/boutique-one-piece.com\/#\/schema\/logo\/image\/"}}]}},"_links":{"self":[{"href":"https:\/\/boutique-one-piece.com\/pl\/wp-json\/wp\/v2\/product\/9621","targetHints":{"allow":["GET"]}}],"collection":[{"href":"https:\/\/boutique-one-piece.com\/pl\/wp-json\/wp\/v2\/product"}],"about":[{"href":"https:\/\/boutique-one-piece.com\/pl\/wp-json\/wp\/v2\/types\/product"}],"replies":[{"embeddable":true,"href":"https:\/\/boutique-one-piece.com\/pl\/wp-json\/wp\/v2\/comments?post=9621"}],"wp:featuredmedia":[{"embeddable":true,"href":"https:\/\/boutique-one-piece.com\/pl\/wp-json\/wp\/v2\/media\/9623"}],"wp:attachment":[{"href":"https:\/\/boutique-one-piece.com\/pl\/wp-json\/wp\/v2\/media?parent=9621"}],"wp:term":[{"taxonomy":"product_brand","embeddable":true,"href":"https:\/\/boutique-one-piece.com\/pl\/wp-json\/wp\/v2\/product_brand?post=9621"},{"taxonomy":"product_cat","embeddable":true,"href":"https:\/\/boutique-one-piece.com\/pl\/wp-json\/wp\/v2\/product_cat?post=9621"},{"taxonomy":"product_tag","embeddable":true,"href":"https:\/\/boutique-one-piece.com\/pl\/wp-json\/wp\/v2\/product_tag?post=9621"}],"curies":[{"name":"wp","href":"https:\/\/api.w.org\/{rel}","templated":true}]}}