{"id":9653,"date":"2022-09-27T20:21:30","date_gmt":"2022-09-27T20:21:30","guid":{"rendered":"https:\/\/boutique-one-piece.com\/uncategorized\/avis-de-recherche-one-piece-shanks-wanted\/"},"modified":"2026-02-08T10:17:14","modified_gmt":"2026-02-08T10:17:14","slug":"plakat-poszukiwany-one-piece-shanks-poszukiwany","status":"publish","type":"product","link":"https:\/\/boutique-one-piece.com\/pl\/dekoracje-one-piece\/plakat-poszukiwany-one-piece-shanks-poszukiwany\/","title":{"rendered":"Og\u0142oszenie o poszukiwaniu Shanksa"},"content":{"rendered":"<h2>M\u0142ody piracie, zdob\u0105d\u017a ju\u017c teraz ten plakat z napisem \u201ePoszukiwany Shanks\u201d.<\/h2>\n<p>Oto, co musisz o nim wiedzie\u0107: ; <strong>Shanks<\/strong> Rudow\u0142osy jest kapitanem Rudow\u0142osych Pirat\u00f3w i jednym z Czterech Imperator\u00f3w. Jest tak\u017ce by\u0142ym cz\u0142onkiem legendarnej za\u0142ogi Rogera, jedynej grupy, kt\u00f3ra z powodzeniem podbi\u0142a Grand Line. Wreszcie, to on zainspirowa\u0142 Luffy&#039;ego do jego pirackiej podr\u00f3\u017cy.<\/p>\n<p>Odzyska\u0142 <strong>Gomu Gomu no Mi<\/strong> kt\u00f3ry zosta\u0142 skradziony ze statku Rz\u0105du Globalnego i nast\u0119pnie przypadkowo zjedzony przez Luffy&#039;ego. Co wi\u0119cej,\u2019<a title=\"POSZUKIWANY: MONKEY D. LUFFY\" href=\"https:\/\/boutique-one-piece.com\/pl\/ogloszenie-o-poszukiwaniu-one-piece-monkey-d-luffyego\/\" target=\"_blank\" rel=\"noopener\">Plakat poszukiwany Luffy&#039;ego<\/a> jest w twoim zasi\u0119gu. Wracaj\u0105c do Shanksa, powiniene\u015b wiedzie\u0107, \u017ce jego aktualna nagroda wynosi 4 098 400 000 Jag\u00f3d.<\/p>\n<h3>Zaintrygowa\u0142 Ci\u0119 list go\u0144czy Shanksa? Je\u015bli tak, to wiesz, co robi\u0107. Zdob\u0105d\u017a go i powie\u015b na \u015bcianie w swojej sypialni.<\/h3>\n<p><strong>Jeden kawa\u0142ek<\/strong> to manga osadzona w fikcyjnym \u015bwiecie zdominowanym przez oceany, w kt\u00f3rym niekt\u00f3rzy piraci pragn\u0105 ery wolno\u015bci i przyg\u00f3d, znanej jako \u00abZ\u0142oty Wiek Piractwa\u00bb. Je\u015bli Ty r\u00f3wnie\u017c chcesz sta\u0107 si\u0119 integraln\u0105 cz\u0119\u015bci\u0105 tego \u015bwiata, musisz zrobi\u0107 tylko jedno: zdoby\u0107 te <strong>mityczne przedmioty<\/strong> kt\u00f3ra raz po raz wci\u0105gnie Ci\u0119 w \u015bwiat przyg\u00f3d jeszcze bardziej ekscytuj\u0105cych ni\u017c poprzednia.<\/p>\n<h2>Informacje o plakacie One Piece Wanted Shanks the Red<\/h2>\n<ul>\n<li><b><u>Plakat poszukiwany One Piece<\/u><\/b>\u00a0Prawdziwy plakat poszukiwany za bycie prawdziwym piratem One Piece<\/li>\n<\/ul>\n<ul>\n<li><b><u>Nagroda Shanksa<\/u><\/b>\u00a04 098 400 000 jag\u00f3d<\/li>\n<\/ul>\n<ul>\n<li><strong>Wysoka jako\u015b\u0107 druku<\/strong>\u00a0dok\u0142adne kolory<\/li>\n<\/ul>\n<ul>\n<li><strong>Wymiar<\/strong> : 42 cm x 28,5 cm<\/li>\n<\/ul>\n<ul>\n<li><strong>DARMOWA DOSTAWA<\/strong><\/li>\n<\/ul>\n<div id=\"gtx-trans\" style=\"position: absolute;left: 669px;top: 49px\">\n<div class=\"gtx-trans-icon\">\u00a0<\/div>\n<\/div>\n\n\n<p><\/p>","protected":false},"excerpt":{"rendered":"<p>Jeune pirate, procure-toi d\u00e8s \u00e0 pr\u00e9sent cet Avis de Recherche Shanks Wanted. Voici ce que tu dois savoir \u00e0 son sujet ; Shanks dit Le Roux est le capitaine de l&rsquo;\u00c9quipage du Roux et l&rsquo;un des Quatre Empereurs. Il est \u00e9galement un ancien membre du l\u00e9gendaire \u00e9quipage des Pirates Roger, le seul groupe \u00e0 avoir [&hellip;]<\/p>","protected":false},"featured_media":20809,"comment_status":"open","ping_status":"open","template":"","meta":[],"product_brand":[],"product_cat":[171,150],"product_tag":[],"class_list":{"0":"post-9653","1":"product","2":"type-product","3":"status-publish","4":"has-post-thumbnail","6":"product_cat-avis-de-recherche-one-piece","7":"product_cat-decorations-one-piece","9":"first","10":"instock","11":"purchasable","12":"product-type-variable"},"yoast_head":"<!-- This site is optimized with the Yoast SEO plugin v27.5 - https:\/\/yoast.com\/product\/yoast-seo-wordpress\/ -->\n<title>Avis de Recherche One Piece Shanks Wanted | D\u00e9coration One Piece \u2013 Boutique One Piece<\/title>\n<meta name=\"description\" content=\"Jeune pirate, procure-toi d\u00e8s \u00e0 pr\u00e9sent cet Avis de Recherche Shanks Wanted. Voici ce que tu dois savoir \u00e0 son sujet ; Shanks dit Le Roux est le capitaine de l&#039;\u00c9quipage du Roux et l&#039;un des Quatre Empereurs. Il est \u00e9galement un ancien membre du l\u00e9gendaire \u00e9quipage des Pirates Roger, le seul groupe \u00e0 avoir conquis avec s\" \/>\n<meta name=\"robots\" content=\"index, follow, max-snippet:-1, max-image-preview:large, max-video-preview:-1\" \/>\n<link rel=\"canonical\" href=\"https:\/\/boutique-one-piece.com\/pl\/dekoracje-one-piece\/plakat-poszukiwany-one-piece-shanks-poszukiwany\/\" \/>\n<meta property=\"og:locale\" content=\"pl_PL\" \/>\n<meta property=\"og:type\" content=\"article\" \/>\n<meta property=\"og:title\" content=\"Avis de Recherche One Piece Shanks Wanted | D\u00e9coration One Piece \u2013 Boutique One Piece\" \/>\n<meta property=\"og:description\" content=\"Jeune pirate, procure-toi d\u00e8s \u00e0 pr\u00e9sent cet Avis de Recherche Shanks Wanted. Voici ce que tu dois savoir \u00e0 son sujet ; Shanks dit Le Roux est le capitaine de l&#039;\u00c9quipage du Roux et l&#039;un des Quatre Empereurs. Il est \u00e9galement un ancien membre du l\u00e9gendaire \u00e9quipage des Pirates Roger, le seul groupe \u00e0 avoir conquis avec s\" \/>\n<meta property=\"og:url\" content=\"https:\/\/boutique-one-piece.com\/pl\/dekoracje-one-piece\/plakat-poszukiwany-one-piece-shanks-poszukiwany\/\" \/>\n<meta property=\"og:site_name\" content=\"Boutique One Piece\" \/>\n<meta property=\"article:modified_time\" content=\"2026-02-08T10:17:14+00:00\" \/>\n<meta property=\"og:image\" content=\"https:\/\/boutique-one-piece.com\/wp-content\/uploads\/2022\/09\/imgi_1_Sa3b7a81b53c442689eb36d79c1bb8d07a.jpg\" \/>\n\t<meta property=\"og:image:width\" content=\"640\" \/>\n\t<meta property=\"og:image:height\" content=\"640\" \/>\n\t<meta property=\"og:image:type\" content=\"image\/jpeg\" \/>\n<meta name=\"twitter:card\" content=\"summary_large_image\" \/>\n<meta name=\"twitter:label1\" content=\"Szacowany czas czytania\" \/>\n\t<meta name=\"twitter:data1\" content=\"2 minuty\" \/>\n<script type=\"application\/ld+json\" class=\"yoast-schema-graph\">{\"@context\":\"https:\\\/\\\/schema.org\",\"@graph\":[{\"@type\":\"WebPage\",\"@id\":\"https:\\\/\\\/boutique-one-piece.com\\\/decorations-one-piece\\\/avis-de-recherche-one-piece-shanks-wanted\\\/\",\"url\":\"https:\\\/\\\/boutique-one-piece.com\\\/decorations-one-piece\\\/avis-de-recherche-one-piece-shanks-wanted\\\/\",\"name\":\"Avis de Recherche One Piece Shanks Wanted | D\u00e9coration One Piece \u2013 Boutique One Piece\",\"isPartOf\":{\"@id\":\"https:\\\/\\\/boutique-one-piece.com\\\/#website\"},\"primaryImageOfPage\":{\"@id\":\"https:\\\/\\\/boutique-one-piece.com\\\/decorations-one-piece\\\/avis-de-recherche-one-piece-shanks-wanted\\\/#primaryimage\"},\"image\":{\"@id\":\"https:\\\/\\\/boutique-one-piece.com\\\/decorations-one-piece\\\/avis-de-recherche-one-piece-shanks-wanted\\\/#primaryimage\"},\"thumbnailUrl\":\"https:\\\/\\\/boutique-one-piece.com\\\/wp-content\\\/uploads\\\/2022\\\/09\\\/imgi_1_Sa3b7a81b53c442689eb36d79c1bb8d07a.jpg\",\"datePublished\":\"2022-09-27T20:21:30+00:00\",\"dateModified\":\"2026-02-08T10:17:14+00:00\",\"description\":\"Jeune pirate, procure-toi d\u00e8s \u00e0 pr\u00e9sent cet Avis de Recherche Shanks Wanted. Voici ce que tu dois savoir \u00e0 son sujet ; Shanks dit Le Roux est le capitaine de l'\u00c9quipage du Roux et l'un des Quatre Empereurs. Il est \u00e9galement un ancien membre du l\u00e9gendaire \u00e9quipage des Pirates Roger, le seul groupe \u00e0 avoir conquis avec s\",\"breadcrumb\":{\"@id\":\"https:\\\/\\\/boutique-one-piece.com\\\/decorations-one-piece\\\/avis-de-recherche-one-piece-shanks-wanted\\\/#breadcrumb\"},\"inLanguage\":\"pl-PL\",\"potentialAction\":[{\"@type\":\"ReadAction\",\"target\":[\"https:\\\/\\\/boutique-one-piece.com\\\/decorations-one-piece\\\/avis-de-recherche-one-piece-shanks-wanted\\\/\"]}]},{\"@type\":\"ImageObject\",\"inLanguage\":\"pl-PL\",\"@id\":\"https:\\\/\\\/boutique-one-piece.com\\\/decorations-one-piece\\\/avis-de-recherche-one-piece-shanks-wanted\\\/#primaryimage\",\"url\":\"https:\\\/\\\/boutique-one-piece.com\\\/wp-content\\\/uploads\\\/2022\\\/09\\\/imgi_1_Sa3b7a81b53c442689eb36d79c1bb8d07a.jpg\",\"contentUrl\":\"https:\\\/\\\/boutique-one-piece.com\\\/wp-content\\\/uploads\\\/2022\\\/09\\\/imgi_1_Sa3b7a81b53c442689eb36d79c1bb8d07a.jpg\",\"width\":640,\"height\":640},{\"@type\":\"BreadcrumbList\",\"@id\":\"https:\\\/\\\/boutique-one-piece.com\\\/decorations-one-piece\\\/avis-de-recherche-one-piece-shanks-wanted\\\/#breadcrumb\",\"itemListElement\":[{\"@type\":\"ListItem\",\"position\":1,\"name\":\"Home\",\"item\":\"https:\\\/\\\/boutique-one-piece.com\\\/\"},{\"@type\":\"ListItem\",\"position\":2,\"name\":\"Shop\",\"item\":\"https:\\\/\\\/boutique-one-piece.com\\\/shop\\\/\"},{\"@type\":\"ListItem\",\"position\":3,\"name\":\"Avis de Recherche Shanks Wanted\"}]},{\"@type\":\"WebSite\",\"@id\":\"https:\\\/\\\/boutique-one-piece.com\\\/#website\",\"url\":\"https:\\\/\\\/boutique-one-piece.com\\\/\",\"name\":\"Boutique One Piece\",\"description\":\"Magasin Sp\u00e9cialis\u00e9 du Manga et l&#039;Anime One Piece\",\"publisher\":{\"@id\":\"https:\\\/\\\/boutique-one-piece.com\\\/#organization\"},\"potentialAction\":[{\"@type\":\"SearchAction\",\"target\":{\"@type\":\"EntryPoint\",\"urlTemplate\":\"https:\\\/\\\/boutique-one-piece.com\\\/?s={search_term_string}\"},\"query-input\":{\"@type\":\"PropertyValueSpecification\",\"valueRequired\":true,\"valueName\":\"search_term_string\"}}],\"inLanguage\":\"pl-PL\"},{\"@type\":\"Organization\",\"@id\":\"https:\\\/\\\/boutique-one-piece.com\\\/#organization\",\"name\":\"Boutique One Piece\",\"url\":\"https:\\\/\\\/boutique-one-piece.com\\\/\",\"logo\":{\"@type\":\"ImageObject\",\"inLanguage\":\"pl-PL\",\"@id\":\"https:\\\/\\\/boutique-one-piece.com\\\/#\\\/schema\\\/logo\\\/image\\\/\",\"url\":\"https:\\\/\\\/boutique-one-piece.com\\\/wp-content\\\/uploads\\\/2022\\\/09\\\/Logo-01.png\",\"contentUrl\":\"https:\\\/\\\/boutique-one-piece.com\\\/wp-content\\\/uploads\\\/2022\\\/09\\\/Logo-01.png\",\"width\":2318,\"height\":957,\"caption\":\"Boutique One Piece\"},\"image\":{\"@id\":\"https:\\\/\\\/boutique-one-piece.com\\\/#\\\/schema\\\/logo\\\/image\\\/\"}}]}<\/script>\n<!-- \/ Yoast SEO plugin. -->","yoast_head_json":{"title":"Plakat poszukiwany One Piece: Shanks poszukiwany | Dekoracje One Piece \u2013 Sklep One Piece","description":"M\u0142ody piracie, zdob\u0105d\u017a ten plakat z poszukiwanym Shanksem ju\u017c teraz. Oto, co musisz o nim wiedzie\u0107: Shanks Rudow\u0142osy jest kapitanem Pirat\u00f3w Rudow\u0142osych i jednym z Czterech Imperator\u00f3w. Jest r\u00f3wnie\u017c by\u0142ym cz\u0142onkiem legendarnych Pirat\u00f3w Rogera, jedynej grupy, kt\u00f3ra podbi\u0142a Stany Zjednoczone swoim...","robots":{"index":"index","follow":"follow","max-snippet":"max-snippet:-1","max-image-preview":"max-image-preview:large","max-video-preview":"max-video-preview:-1"},"canonical":"https:\/\/boutique-one-piece.com\/pl\/dekoracje-one-piece\/plakat-poszukiwany-one-piece-shanks-poszukiwany\/","og_locale":"pl_PL","og_type":"article","og_title":"Avis de Recherche One Piece Shanks Wanted | D\u00e9coration One Piece \u2013 Boutique One Piece","og_description":"Jeune pirate, procure-toi d\u00e8s \u00e0 pr\u00e9sent cet Avis de Recherche Shanks Wanted. Voici ce que tu dois savoir \u00e0 son sujet ; Shanks dit Le Roux est le capitaine de l'\u00c9quipage du Roux et l'un des Quatre Empereurs. Il est \u00e9galement un ancien membre du l\u00e9gendaire \u00e9quipage des Pirates Roger, le seul groupe \u00e0 avoir conquis avec s","og_url":"https:\/\/boutique-one-piece.com\/pl\/dekoracje-one-piece\/plakat-poszukiwany-one-piece-shanks-poszukiwany\/","og_site_name":"Boutique One Piece","article_modified_time":"2026-02-08T10:17:14+00:00","og_image":[{"width":640,"height":640,"url":"https:\/\/boutique-one-piece.com\/wp-content\/uploads\/2022\/09\/imgi_1_Sa3b7a81b53c442689eb36d79c1bb8d07a.jpg","type":"image\/jpeg"}],"twitter_card":"summary_large_image","twitter_misc":{"Szacowany czas czytania":"2 minuty"},"schema":{"@context":"https:\/\/schema.org","@graph":[{"@type":"WebPage","@id":"https:\/\/boutique-one-piece.com\/decorations-one-piece\/avis-de-recherche-one-piece-shanks-wanted\/","url":"https:\/\/boutique-one-piece.com\/decorations-one-piece\/avis-de-recherche-one-piece-shanks-wanted\/","name":"Plakat poszukiwany One Piece: Shanks poszukiwany | Dekoracje One Piece \u2013 Sklep One Piece","isPartOf":{"@id":"https:\/\/boutique-one-piece.com\/#website"},"primaryImageOfPage":{"@id":"https:\/\/boutique-one-piece.com\/decorations-one-piece\/avis-de-recherche-one-piece-shanks-wanted\/#primaryimage"},"image":{"@id":"https:\/\/boutique-one-piece.com\/decorations-one-piece\/avis-de-recherche-one-piece-shanks-wanted\/#primaryimage"},"thumbnailUrl":"https:\/\/boutique-one-piece.com\/wp-content\/uploads\/2022\/09\/imgi_1_Sa3b7a81b53c442689eb36d79c1bb8d07a.jpg","datePublished":"2022-09-27T20:21:30+00:00","dateModified":"2026-02-08T10:17:14+00:00","description":"M\u0142ody piracie, zdob\u0105d\u017a ten plakat z poszukiwanym Shanksem ju\u017c teraz. Oto, co musisz o nim wiedzie\u0107: Shanks Rudow\u0142osy jest kapitanem Pirat\u00f3w Rudow\u0142osych i jednym z Czterech Imperator\u00f3w. Jest r\u00f3wnie\u017c by\u0142ym cz\u0142onkiem legendarnych Pirat\u00f3w Rogera, jedynej grupy, kt\u00f3ra podbi\u0142a Stany Zjednoczone swoim...","breadcrumb":{"@id":"https:\/\/boutique-one-piece.com\/decorations-one-piece\/avis-de-recherche-one-piece-shanks-wanted\/#breadcrumb"},"inLanguage":"pl-PL","potentialAction":[{"@type":"ReadAction","target":["https:\/\/boutique-one-piece.com\/decorations-one-piece\/avis-de-recherche-one-piece-shanks-wanted\/"]}]},{"@type":"ImageObject","inLanguage":"pl-PL","@id":"https:\/\/boutique-one-piece.com\/decorations-one-piece\/avis-de-recherche-one-piece-shanks-wanted\/#primaryimage","url":"https:\/\/boutique-one-piece.com\/wp-content\/uploads\/2022\/09\/imgi_1_Sa3b7a81b53c442689eb36d79c1bb8d07a.jpg","contentUrl":"https:\/\/boutique-one-piece.com\/wp-content\/uploads\/2022\/09\/imgi_1_Sa3b7a81b53c442689eb36d79c1bb8d07a.jpg","width":640,"height":640},{"@type":"BreadcrumbList","@id":"https:\/\/boutique-one-piece.com\/decorations-one-piece\/avis-de-recherche-one-piece-shanks-wanted\/#breadcrumb","itemListElement":[{"@type":"ListItem","position":1,"name":"Home","item":"https:\/\/boutique-one-piece.com\/"},{"@type":"ListItem","position":2,"name":"Shop","item":"https:\/\/boutique-one-piece.com\/shop\/"},{"@type":"ListItem","position":3,"name":"Avis de Recherche Shanks Wanted"}]},{"@type":"WebSite","@id":"https:\/\/boutique-one-piece.com\/#website","url":"https:\/\/boutique-one-piece.com\/","name":"One Piece Shop","description":"Sklep specjalistyczny z mang\u0105 i anime One Piece","publisher":{"@id":"https:\/\/boutique-one-piece.com\/#organization"},"potentialAction":[{"@type":"SearchAction","target":{"@type":"EntryPoint","urlTemplate":"https:\/\/boutique-one-piece.com\/?s={search_term_string}"},"query-input":{"@type":"PropertyValueSpecification","valueRequired":true,"valueName":"search_term_string"}}],"inLanguage":"pl-PL"},{"@type":"Organization","@id":"https:\/\/boutique-one-piece.com\/#organization","name":"One Piece Shop","url":"https:\/\/boutique-one-piece.com\/","logo":{"@type":"ImageObject","inLanguage":"pl-PL","@id":"https:\/\/boutique-one-piece.com\/#\/schema\/logo\/image\/","url":"https:\/\/boutique-one-piece.com\/wp-content\/uploads\/2022\/09\/Logo-01.png","contentUrl":"https:\/\/boutique-one-piece.com\/wp-content\/uploads\/2022\/09\/Logo-01.png","width":2318,"height":957,"caption":"Boutique One Piece"},"image":{"@id":"https:\/\/boutique-one-piece.com\/#\/schema\/logo\/image\/"}}]}},"_links":{"self":[{"href":"https:\/\/boutique-one-piece.com\/pl\/wp-json\/wp\/v2\/product\/9653","targetHints":{"allow":["GET"]}}],"collection":[{"href":"https:\/\/boutique-one-piece.com\/pl\/wp-json\/wp\/v2\/product"}],"about":[{"href":"https:\/\/boutique-one-piece.com\/pl\/wp-json\/wp\/v2\/types\/product"}],"replies":[{"embeddable":true,"href":"https:\/\/boutique-one-piece.com\/pl\/wp-json\/wp\/v2\/comments?post=9653"}],"wp:featuredmedia":[{"embeddable":true,"href":"https:\/\/boutique-one-piece.com\/pl\/wp-json\/wp\/v2\/media\/20809"}],"wp:attachment":[{"href":"https:\/\/boutique-one-piece.com\/pl\/wp-json\/wp\/v2\/media?parent=9653"}],"wp:term":[{"taxonomy":"product_brand","embeddable":true,"href":"https:\/\/boutique-one-piece.com\/pl\/wp-json\/wp\/v2\/product_brand?post=9653"},{"taxonomy":"product_cat","embeddable":true,"href":"https:\/\/boutique-one-piece.com\/pl\/wp-json\/wp\/v2\/product_cat?post=9653"},{"taxonomy":"product_tag","embeddable":true,"href":"https:\/\/boutique-one-piece.com\/pl\/wp-json\/wp\/v2\/product_tag?post=9653"}],"curies":[{"name":"wp","href":"https:\/\/api.w.org\/{rel}","templated":true}]}}