{"id":9685,"date":"2022-09-27T20:21:42","date_gmt":"2022-09-27T20:21:42","guid":{"rendered":"https:\/\/boutique-one-piece.com\/uncategorized\/avis-de-recherche-one-piece-nami-wanted\/"},"modified":"2024-09-16T11:48:47","modified_gmt":"2024-09-16T11:48:47","slug":"plakat-poszukiwany-one-piece-nami-poszukiwana","status":"publish","type":"product","link":"https:\/\/boutique-one-piece.com\/pl\/plakat-poszukiwany-one-piece\/plakat-poszukiwany-one-piece-nami-poszukiwana\/","title":{"rendered":"Nami Poszukiwany"},"content":{"rendered":"<h2>Je\u015bli uwielbiasz kobiety-piratki, nie mo\u017cesz przegapi\u0107 plakatu z Nami Wanted.<\/h2>\n<p>Nami, nazywana r\u00f3wnie\u017c \u00ab\u00a0<strong>z\u0142odziejski kot<\/strong>\u00a0\u00bbjest piratem i cz\u0142onkiem za\u0142ogi S\u0142omkowego Kapelusza. Zajmuje stanowisko <strong>nawigator<\/strong> w za\u0142odze. Zanim do\u0142\u0105czy\u0142a do za\u0142ogi Luffy&#039;ego, Nami sp\u0119dza\u0142a czas na oszukiwaniu i okradaniu pirat\u00f3w, a podczas ich pierwszego spotkania okrad\u0142a Luffy&#039;ego. Ma niskie mniemanie o piratach, poniewa\u017c jej wioska wpad\u0142a pod kontrol\u0119 brutalnego pirata, Arlonga, kt\u00f3ry zmusi\u0142 j\u0105 do do\u0142\u0105czenia do swojej za\u0142ogi i obieca\u0142 wyzwoli\u0107 wiosk\u0119, je\u015bli zbierze 100 milion\u00f3w jag\u00f3d, a tak\u017ce zabi\u0142 jej matk\u0119.<\/p>\n<p>P\u00f3\u017aniej Luffy postanawia walczy\u0107 z Arlongiem i uwolni\u0107 Nami od ci\u0119\u017caru, kt\u00f3ry nosi\u0142a od dzieci\u0144stwa. Nami marzy o narysowaniu mapy ca\u0142ego \u015bwiata.\u00a0<\/p>\n<h3>Poddaj si\u0119 urokowi wspania\u0142ej, rudow\u0142osej piratki Nami dzi\u0119ki temu plakatowi z informacj\u0105 o poszukiwaniu zaginionego.<\/h3>\n<p>Nami ma wyj\u0105tkow\u0105 zdolno\u015b\u0107 wyczuwania zmian pogody i zbli\u017caj\u0105cych si\u0119 burz przed wszystkimi innymi. Jej styl walki jest z tym powi\u0105zany, poniewa\u017c walczy\u2026 <strong>takt klimatyczny<\/strong> To przedmiot pozwalaj\u0105cy jej kontrolowa\u0107 pogod\u0119 i wywo\u0142ywa\u0107 burze lub b\u0142yskawice. Nagroda za g\u0142ow\u0119 Nami wynosi 66 milion\u00f3w jag\u00f3d.<\/p>\n<p>Je\u015bli zbierasz bonusy, to <a href=\"https:\/\/boutique-one-piece.com\/pl\/ogloszenie-o-poszukiwaniu-jednego-kawalka-marshalla-d-teacha\/\" target=\"_blank\" title=\"Marshall D. poszukiwany\" rel=\"noopener noreferrer\">Og\u0142oszenie o poszukiwaniu Marshalla D. Teacha<\/a> powinno ci\u0119 zachwyci\u0107.<\/p>\n<h2>Informacje o plakacie One Piece Wanted Nami<\/h2>\n<ul>\n<li><span><b><u>Plakat poszukiwany One Piece<\/u><\/b>\u00a0Prawdziwy plakat poszukiwany za bycie prawdziwym piratem One Piece<\/span><\/li>\n<\/ul>\n<ul>\n<li>\n<b><u>Nagroda Nami<\/u><\/b>\u00a066 000 000 jag\u00f3d<\/li>\n<\/ul>\n<ul>\n<li><span><strong>Wysoka jako\u015b\u0107 druku<\/strong>\u00a0dok\u0142adne kolory<\/span><\/li>\n<\/ul>\n<ul>\n<li>\n<strong>Wymiar<\/strong>\u00a0: 51 cm x 36 cm<\/li>\n<\/ul>\n<ul>\n<li><span><strong>DARMOWA DOSTAWA<\/strong><\/span><\/li>\n<\/ul>","protected":false},"excerpt":{"rendered":"<p>Si tu adores les femmes pirates, Tu ne peux pas passer \u00e0 c\u00f4t\u00e9 de cet Avis de Recherche Nami Wanted. Nami, aussi surnomm\u00e9e \u00ab\u00a0la chatte voleuse\u00a0\u00bb est une pirate faisant partie de l&rsquo;\u00e9quipe des Mugiwaras. Elle occupe le poste de navigatrice au sein de l&rsquo;\u00e9quipage. Avant d&rsquo;int\u00e9grer l&rsquo;\u00e9quipage de Luffy, Nami passe son temps \u00e0 [&hellip;]<\/p>","protected":false},"featured_media":9687,"comment_status":"open","ping_status":"open","template":"","meta":[],"product_brand":[],"product_cat":[171],"product_tag":[],"class_list":{"0":"post-9685","1":"product","2":"type-product","3":"status-publish","4":"has-post-thumbnail","6":"product_cat-avis-de-recherche-one-piece","8":"first","9":"instock","10":"purchasable","11":"product-type-simple"},"yoast_head":"<!-- This site is optimized with the Yoast SEO plugin v27.5 - https:\/\/yoast.com\/product\/yoast-seo-wordpress\/ -->\n<title>Avis de Recherche One Piece Nami Wanted | D\u00e9coration One Piece \u2013 Boutique One Piece<\/title>\n<meta name=\"description\" content=\"Si tu adores les femmes pirates, Tu ne peux pas passer \u00e0 c\u00f4t\u00e9 de cet Avis de Recherche Nami Wanted. Nami, aussi surnomm\u00e9e &quot;la chatte voleuse&quot; est une pirate faisant partie de l&#039;\u00e9quipe des Mugiwaras. Elle occupe le poste de navigatrice au sein de l&#039;\u00e9quipage. Avant d&#039;int\u00e9grer l&#039;\u00e9quipage de Luffy, Nami passe son temps \u00e0 l\" \/>\n<meta name=\"robots\" content=\"index, follow, max-snippet:-1, max-image-preview:large, max-video-preview:-1\" \/>\n<link rel=\"canonical\" href=\"https:\/\/boutique-one-piece.com\/pl\/plakat-poszukiwany-one-piece\/plakat-poszukiwany-one-piece-nami-poszukiwana\/\" \/>\n<meta property=\"og:locale\" content=\"pl_PL\" \/>\n<meta property=\"og:type\" content=\"article\" \/>\n<meta property=\"og:title\" content=\"Avis de Recherche One Piece Nami Wanted | D\u00e9coration One Piece \u2013 Boutique One Piece\" \/>\n<meta property=\"og:description\" content=\"Si tu adores les femmes pirates, Tu ne peux pas passer \u00e0 c\u00f4t\u00e9 de cet Avis de Recherche Nami Wanted. Nami, aussi surnomm\u00e9e &quot;la chatte voleuse&quot; est une pirate faisant partie de l&#039;\u00e9quipe des Mugiwaras. Elle occupe le poste de navigatrice au sein de l&#039;\u00e9quipage. Avant d&#039;int\u00e9grer l&#039;\u00e9quipage de Luffy, Nami passe son temps \u00e0 l\" \/>\n<meta property=\"og:url\" content=\"https:\/\/boutique-one-piece.com\/pl\/plakat-poszukiwany-one-piece\/plakat-poszukiwany-one-piece-nami-poszukiwana\/\" \/>\n<meta property=\"og:site_name\" content=\"Boutique One Piece\" \/>\n<meta property=\"article:modified_time\" content=\"2024-09-16T11:48:47+00:00\" \/>\n<meta property=\"og:image\" content=\"https:\/\/boutique-one-piece.com\/wp-content\/uploads\/2022\/09\/Avis-de-Recherche-Nami-Wanted-1.jpg\" \/>\n\t<meta property=\"og:image:width\" content=\"798\" \/>\n\t<meta property=\"og:image:height\" content=\"797\" \/>\n\t<meta property=\"og:image:type\" content=\"image\/jpeg\" \/>\n<meta name=\"twitter:card\" content=\"summary_large_image\" \/>\n<meta name=\"twitter:label1\" content=\"Szacowany czas czytania\" \/>\n\t<meta name=\"twitter:data1\" content=\"2 minuty\" \/>\n<script type=\"application\/ld+json\" class=\"yoast-schema-graph\">{\"@context\":\"https:\\\/\\\/schema.org\",\"@graph\":[{\"@type\":\"WebPage\",\"@id\":\"https:\\\/\\\/boutique-one-piece.com\\\/avis-de-recherche-one-piece\\\/avis-de-recherche-one-piece-nami-wanted\\\/\",\"url\":\"https:\\\/\\\/boutique-one-piece.com\\\/avis-de-recherche-one-piece\\\/avis-de-recherche-one-piece-nami-wanted\\\/\",\"name\":\"Avis de Recherche One Piece Nami Wanted | D\u00e9coration One Piece \u2013 Boutique One Piece\",\"isPartOf\":{\"@id\":\"https:\\\/\\\/boutique-one-piece.com\\\/#website\"},\"primaryImageOfPage\":{\"@id\":\"https:\\\/\\\/boutique-one-piece.com\\\/avis-de-recherche-one-piece\\\/avis-de-recherche-one-piece-nami-wanted\\\/#primaryimage\"},\"image\":{\"@id\":\"https:\\\/\\\/boutique-one-piece.com\\\/avis-de-recherche-one-piece\\\/avis-de-recherche-one-piece-nami-wanted\\\/#primaryimage\"},\"thumbnailUrl\":\"https:\\\/\\\/boutique-one-piece.com\\\/wp-content\\\/uploads\\\/2022\\\/09\\\/Avis-de-Recherche-Nami-Wanted-1.jpg\",\"datePublished\":\"2022-09-27T20:21:42+00:00\",\"dateModified\":\"2024-09-16T11:48:47+00:00\",\"description\":\"Si tu adores les femmes pirates, Tu ne peux pas passer \u00e0 c\u00f4t\u00e9 de cet Avis de Recherche Nami Wanted. Nami, aussi surnomm\u00e9e \\\"la chatte voleuse\\\" est une pirate faisant partie de l'\u00e9quipe des Mugiwaras. Elle occupe le poste de navigatrice au sein de l'\u00e9quipage. Avant d'int\u00e9grer l'\u00e9quipage de Luffy, Nami passe son temps \u00e0 l\",\"breadcrumb\":{\"@id\":\"https:\\\/\\\/boutique-one-piece.com\\\/avis-de-recherche-one-piece\\\/avis-de-recherche-one-piece-nami-wanted\\\/#breadcrumb\"},\"inLanguage\":\"pl-PL\",\"potentialAction\":[{\"@type\":\"ReadAction\",\"target\":[\"https:\\\/\\\/boutique-one-piece.com\\\/avis-de-recherche-one-piece\\\/avis-de-recherche-one-piece-nami-wanted\\\/\"]}]},{\"@type\":\"ImageObject\",\"inLanguage\":\"pl-PL\",\"@id\":\"https:\\\/\\\/boutique-one-piece.com\\\/avis-de-recherche-one-piece\\\/avis-de-recherche-one-piece-nami-wanted\\\/#primaryimage\",\"url\":\"https:\\\/\\\/boutique-one-piece.com\\\/wp-content\\\/uploads\\\/2022\\\/09\\\/Avis-de-Recherche-Nami-Wanted-1.jpg\",\"contentUrl\":\"https:\\\/\\\/boutique-one-piece.com\\\/wp-content\\\/uploads\\\/2022\\\/09\\\/Avis-de-Recherche-Nami-Wanted-1.jpg\",\"width\":798,\"height\":797},{\"@type\":\"BreadcrumbList\",\"@id\":\"https:\\\/\\\/boutique-one-piece.com\\\/avis-de-recherche-one-piece\\\/avis-de-recherche-one-piece-nami-wanted\\\/#breadcrumb\",\"itemListElement\":[{\"@type\":\"ListItem\",\"position\":1,\"name\":\"Home\",\"item\":\"https:\\\/\\\/boutique-one-piece.com\\\/\"},{\"@type\":\"ListItem\",\"position\":2,\"name\":\"Shop\",\"item\":\"https:\\\/\\\/boutique-one-piece.com\\\/shop\\\/\"},{\"@type\":\"ListItem\",\"position\":3,\"name\":\"Avis de Recherche Nami Wanted\"}]},{\"@type\":\"WebSite\",\"@id\":\"https:\\\/\\\/boutique-one-piece.com\\\/#website\",\"url\":\"https:\\\/\\\/boutique-one-piece.com\\\/\",\"name\":\"Boutique One Piece\",\"description\":\"Magasin Sp\u00e9cialis\u00e9 du Manga et l&#039;Anime One Piece\",\"publisher\":{\"@id\":\"https:\\\/\\\/boutique-one-piece.com\\\/#organization\"},\"potentialAction\":[{\"@type\":\"SearchAction\",\"target\":{\"@type\":\"EntryPoint\",\"urlTemplate\":\"https:\\\/\\\/boutique-one-piece.com\\\/?s={search_term_string}\"},\"query-input\":{\"@type\":\"PropertyValueSpecification\",\"valueRequired\":true,\"valueName\":\"search_term_string\"}}],\"inLanguage\":\"pl-PL\"},{\"@type\":\"Organization\",\"@id\":\"https:\\\/\\\/boutique-one-piece.com\\\/#organization\",\"name\":\"Boutique One Piece\",\"url\":\"https:\\\/\\\/boutique-one-piece.com\\\/\",\"logo\":{\"@type\":\"ImageObject\",\"inLanguage\":\"pl-PL\",\"@id\":\"https:\\\/\\\/boutique-one-piece.com\\\/#\\\/schema\\\/logo\\\/image\\\/\",\"url\":\"https:\\\/\\\/boutique-one-piece.com\\\/wp-content\\\/uploads\\\/2022\\\/09\\\/Logo-01.png\",\"contentUrl\":\"https:\\\/\\\/boutique-one-piece.com\\\/wp-content\\\/uploads\\\/2022\\\/09\\\/Logo-01.png\",\"width\":2318,\"height\":957,\"caption\":\"Boutique One Piece\"},\"image\":{\"@id\":\"https:\\\/\\\/boutique-one-piece.com\\\/#\\\/schema\\\/logo\\\/image\\\/\"}}]}<\/script>\n<!-- \/ Yoast SEO plugin. -->","yoast_head_json":{"title":"Plakat poszukiwany One Piece: Nami poszukiwana | Dekoracje One Piece \u2013 Sklep One Piece","description":"Je\u015bli uwielbiasz kobiety-piratki, nie mo\u017cesz przegapi\u0107 tego plakatu z Nami Wanted. Nami, znana r\u00f3wnie\u017c jako \"z\u0142odziejka kot\u00f3w\", jest piratk\u0105 i cz\u0142onkini\u0105 za\u0142ogi S\u0142omkowego Kapelusza. S\u0142u\u017cy jako nawigatorka za\u0142ogi. Zanim do\u0142\u0105czy\u0142a do za\u0142ogi Luffy&#039;ego, Nami sp\u0119dza\u0142a czas...","robots":{"index":"index","follow":"follow","max-snippet":"max-snippet:-1","max-image-preview":"max-image-preview:large","max-video-preview":"max-video-preview:-1"},"canonical":"https:\/\/boutique-one-piece.com\/pl\/plakat-poszukiwany-one-piece\/plakat-poszukiwany-one-piece-nami-poszukiwana\/","og_locale":"pl_PL","og_type":"article","og_title":"Avis de Recherche One Piece Nami Wanted | D\u00e9coration One Piece \u2013 Boutique One Piece","og_description":"Si tu adores les femmes pirates, Tu ne peux pas passer \u00e0 c\u00f4t\u00e9 de cet Avis de Recherche Nami Wanted. Nami, aussi surnomm\u00e9e \"la chatte voleuse\" est une pirate faisant partie de l'\u00e9quipe des Mugiwaras. Elle occupe le poste de navigatrice au sein de l'\u00e9quipage. Avant d'int\u00e9grer l'\u00e9quipage de Luffy, Nami passe son temps \u00e0 l","og_url":"https:\/\/boutique-one-piece.com\/pl\/plakat-poszukiwany-one-piece\/plakat-poszukiwany-one-piece-nami-poszukiwana\/","og_site_name":"Boutique One Piece","article_modified_time":"2024-09-16T11:48:47+00:00","og_image":[{"width":798,"height":797,"url":"https:\/\/boutique-one-piece.com\/wp-content\/uploads\/2022\/09\/Avis-de-Recherche-Nami-Wanted-1.jpg","type":"image\/jpeg"}],"twitter_card":"summary_large_image","twitter_misc":{"Szacowany czas czytania":"2 minuty"},"schema":{"@context":"https:\/\/schema.org","@graph":[{"@type":"WebPage","@id":"https:\/\/boutique-one-piece.com\/avis-de-recherche-one-piece\/avis-de-recherche-one-piece-nami-wanted\/","url":"https:\/\/boutique-one-piece.com\/avis-de-recherche-one-piece\/avis-de-recherche-one-piece-nami-wanted\/","name":"Plakat poszukiwany One Piece: Nami poszukiwana | Dekoracje One Piece \u2013 Sklep One Piece","isPartOf":{"@id":"https:\/\/boutique-one-piece.com\/#website"},"primaryImageOfPage":{"@id":"https:\/\/boutique-one-piece.com\/avis-de-recherche-one-piece\/avis-de-recherche-one-piece-nami-wanted\/#primaryimage"},"image":{"@id":"https:\/\/boutique-one-piece.com\/avis-de-recherche-one-piece\/avis-de-recherche-one-piece-nami-wanted\/#primaryimage"},"thumbnailUrl":"https:\/\/boutique-one-piece.com\/wp-content\/uploads\/2022\/09\/Avis-de-Recherche-Nami-Wanted-1.jpg","datePublished":"2022-09-27T20:21:42+00:00","dateModified":"2024-09-16T11:48:47+00:00","description":"Je\u015bli uwielbiasz kobiety-piratki, nie mo\u017cesz przegapi\u0107 tego plakatu z Nami Wanted. Nami, znana r\u00f3wnie\u017c jako \"z\u0142odziejka kot\u00f3w\", jest piratk\u0105 i cz\u0142onkini\u0105 za\u0142ogi S\u0142omkowego Kapelusza. S\u0142u\u017cy jako nawigatorka za\u0142ogi. Zanim do\u0142\u0105czy\u0142a do za\u0142ogi Luffy&#039;ego, Nami sp\u0119dza\u0142a czas...","breadcrumb":{"@id":"https:\/\/boutique-one-piece.com\/avis-de-recherche-one-piece\/avis-de-recherche-one-piece-nami-wanted\/#breadcrumb"},"inLanguage":"pl-PL","potentialAction":[{"@type":"ReadAction","target":["https:\/\/boutique-one-piece.com\/avis-de-recherche-one-piece\/avis-de-recherche-one-piece-nami-wanted\/"]}]},{"@type":"ImageObject","inLanguage":"pl-PL","@id":"https:\/\/boutique-one-piece.com\/avis-de-recherche-one-piece\/avis-de-recherche-one-piece-nami-wanted\/#primaryimage","url":"https:\/\/boutique-one-piece.com\/wp-content\/uploads\/2022\/09\/Avis-de-Recherche-Nami-Wanted-1.jpg","contentUrl":"https:\/\/boutique-one-piece.com\/wp-content\/uploads\/2022\/09\/Avis-de-Recherche-Nami-Wanted-1.jpg","width":798,"height":797},{"@type":"BreadcrumbList","@id":"https:\/\/boutique-one-piece.com\/avis-de-recherche-one-piece\/avis-de-recherche-one-piece-nami-wanted\/#breadcrumb","itemListElement":[{"@type":"ListItem","position":1,"name":"Home","item":"https:\/\/boutique-one-piece.com\/"},{"@type":"ListItem","position":2,"name":"Shop","item":"https:\/\/boutique-one-piece.com\/shop\/"},{"@type":"ListItem","position":3,"name":"Avis de Recherche Nami Wanted"}]},{"@type":"WebSite","@id":"https:\/\/boutique-one-piece.com\/#website","url":"https:\/\/boutique-one-piece.com\/","name":"One Piece Shop","description":"Sklep specjalistyczny z mang\u0105 i anime One Piece","publisher":{"@id":"https:\/\/boutique-one-piece.com\/#organization"},"potentialAction":[{"@type":"SearchAction","target":{"@type":"EntryPoint","urlTemplate":"https:\/\/boutique-one-piece.com\/?s={search_term_string}"},"query-input":{"@type":"PropertyValueSpecification","valueRequired":true,"valueName":"search_term_string"}}],"inLanguage":"pl-PL"},{"@type":"Organization","@id":"https:\/\/boutique-one-piece.com\/#organization","name":"One Piece Shop","url":"https:\/\/boutique-one-piece.com\/","logo":{"@type":"ImageObject","inLanguage":"pl-PL","@id":"https:\/\/boutique-one-piece.com\/#\/schema\/logo\/image\/","url":"https:\/\/boutique-one-piece.com\/wp-content\/uploads\/2022\/09\/Logo-01.png","contentUrl":"https:\/\/boutique-one-piece.com\/wp-content\/uploads\/2022\/09\/Logo-01.png","width":2318,"height":957,"caption":"Boutique One Piece"},"image":{"@id":"https:\/\/boutique-one-piece.com\/#\/schema\/logo\/image\/"}}]}},"_links":{"self":[{"href":"https:\/\/boutique-one-piece.com\/pl\/wp-json\/wp\/v2\/product\/9685","targetHints":{"allow":["GET"]}}],"collection":[{"href":"https:\/\/boutique-one-piece.com\/pl\/wp-json\/wp\/v2\/product"}],"about":[{"href":"https:\/\/boutique-one-piece.com\/pl\/wp-json\/wp\/v2\/types\/product"}],"replies":[{"embeddable":true,"href":"https:\/\/boutique-one-piece.com\/pl\/wp-json\/wp\/v2\/comments?post=9685"}],"wp:featuredmedia":[{"embeddable":true,"href":"https:\/\/boutique-one-piece.com\/pl\/wp-json\/wp\/v2\/media\/9687"}],"wp:attachment":[{"href":"https:\/\/boutique-one-piece.com\/pl\/wp-json\/wp\/v2\/media?parent=9685"}],"wp:term":[{"taxonomy":"product_brand","embeddable":true,"href":"https:\/\/boutique-one-piece.com\/pl\/wp-json\/wp\/v2\/product_brand?post=9685"},{"taxonomy":"product_cat","embeddable":true,"href":"https:\/\/boutique-one-piece.com\/pl\/wp-json\/wp\/v2\/product_cat?post=9685"},{"taxonomy":"product_tag","embeddable":true,"href":"https:\/\/boutique-one-piece.com\/pl\/wp-json\/wp\/v2\/product_tag?post=9685"}],"curies":[{"name":"wp","href":"https:\/\/api.w.org\/{rel}","templated":true}]}}