{"id":9693,"date":"2022-09-27T20:21:42","date_gmt":"2022-09-27T20:21:42","guid":{"rendered":"https:\/\/boutique-one-piece.com\/uncategorized\/figurine-one-piece-nami-manie-la-foudre\/"},"modified":"2024-09-16T11:48:55","modified_gmt":"2024-09-16T11:48:55","slug":"jednoczesciowa-figurka-nami-wlada-piorunami","status":"publish","type":"product","link":"https:\/\/boutique-one-piece.com\/pl\/smakolyki-z-one-piece\/smakolyki-nami-one-piece\/jednoczesciowa-figurka-nami-wlada-piorunami\/","title":{"rendered":"Figurka One Piece Nami w\u0142ada piorunami"},"content":{"rendered":"<h2>M\u0142ody piracie, nadesz\u0142a pora, aby\u015b zdoby\u0142 figurk\u0119 One Piece Nami Wields the Lightning.<\/h2>\n<p>Powiniene\u015b wiedzie\u0107, \u017ce <strong>Nami<\/strong> Jest doskona\u0142\u0105 nawigatork\u0105. Potrafi z \u0142atwo\u015bci\u0105 przewidzie\u0107 zmiany klimatu, nawet bez u\u017cycia instrument\u00f3w; polega na swoim instynkcie. Umiej\u0119tno\u015bci te wynikaj\u0105 z wiedzy zdobytej w dzieci\u0144stwie i podr\u00f3\u017cy, kt\u00f3rej celem by\u0142o odkupienie wioski. Umie r\u00f3wnie\u017c nawigowa\u0107 po wodach\u2026 <strong>Grand Line<\/strong>, pomimo nieprzewidywalnych zmian klimatycznych, kt\u00f3re sprawiaj\u0105, \u017ce nawigacja jest niezwykle trudna nawet dla do\u015bwiadczonych nawigator\u00f3w, szczeg\u00f3lnie w drugiej po\u0142owie Grand Line: <strong>Nowy \u015awiat<\/strong>.<\/p>\n<p>Na pocz\u0105tku mangi Nami pos\u0142uguje si\u0119 jedynie prostym drewnianym kijem i nie wydaje si\u0119 by\u0107 prawdziw\u0105 wojowniczk\u0105, cho\u0107 dzi\u0119ki tej broni potrafi jednym ciosem pokona\u0107 pi\u0119ciu napastnik\u00f3w. Od odcinka 117 walczy, u\u017cywaj\u0105c\u2026 <strong>Klimat-Takt<\/strong>, kt\u00f3r\u0105 Usopp dla niego stworzy\u0142. Ta bro\u0144 mo\u017ce manipulowa\u0107 pogod\u0105 i w ten spos\u00f3b tworzy\u0107 mira\u017ce, sprowadza\u0107 deszcz, wywo\u0142ywa\u0107 b\u0142yskawice itp.<\/p>\n<p>Pozwala jej to w pe\u0142ni wykorzysta\u0107 sw\u00f3j potencja\u0142 w walce, inteligencj\u0119 i talent do meteorologii. Poza tym, je\u015bli jeste\u015b fanem Nami, <a title=\"ONE PIECE FIGURKA NAMI W Z\u0141OTEJ SUKIENCE\" href=\"https:\/\/boutique-one-piece.com\/pl\/jednoczesciowa-figurka-nami-zlota-sukienka\/\" target=\"_blank\" rel=\"noopener\">Figurka Nami w z\u0142otej sukni<\/a> jest w Twoim zasi\u0119gu.<\/p>\n<h3>Czy urzek\u0142a Ci\u0119 posta\u0107 Nami w\u0142adaj\u0105cej piorunami? Je\u015bli tak, do\u0142\u0105cz do Nami na pok\u0142adzie Thousand Sunny, powita Ci\u0119 swoim Clima-Tact.<\/h3>\n<p><strong>M\u0142ody pirat<\/strong>, We\u017a sw\u00f3j los w swoje r\u0119ce i wyrusz na Thousand Sunny. Niezale\u017cnie od tego, czy jeste\u015b zagorza\u0142ym fanem, czy do\u015bwiadczonym kolekcjonerem, te przedmioty s\u0105 zdecydowanie dla Ciebie. Idealne na prezent, ozdob\u0119 lub do kolekcjonowania, te przedmioty wzbogac\u0105 Twoj\u0105 kolekcj\u0119. <strong>Tw\u00f3j wszech\u015bwiat One Piece<\/strong>.<\/p>\n<h2>Informacje o figurce Nami Manie \u2013 b\u0142yskawicy\u00a0<\/h2>\n<ul>\n<li><span><b><u>Figurka One Piece<\/u><\/b>\u00a0Figurka Premium One Piece dla prawdziwych pirat\u00f3w<\/span><\/li>\n<\/ul>\n<ul>\n<li>\n<b>Materia\u0142<\/b><span>\u00a0<\/span>PCV<\/li>\n<\/ul>\n<ul>\n<li><span><strong>Wymiar<\/strong>\u00a0: 16 cm<\/span><\/li>\n<\/ul>\n<ul>\n<li><span><strong>DARMOWA DOSTAWA<\/strong><\/span><\/li>\n<\/ul>","protected":false},"excerpt":{"rendered":"<p>Jeune pirate, le moment est venu pour toi de te procurer cette Figurine One Piece Nami Manie La Foudre. Tu dois savoir que Nami est une excellente navigatrice. En effet, elle peut pr\u00e9voir facilement les changements climatiques sans m\u00eame utiliser d&rsquo;instruments, elle se sert de son instinct. Ces comp\u00e9tences sont dues \u00e0 sa connaissance apprise [&hellip;]<\/p>","protected":false},"featured_media":9695,"comment_status":"open","ping_status":"open","template":"","meta":[],"product_brand":[],"product_cat":[152,76,153],"product_tag":[154],"class_list":{"0":"post-9693","1":"product","2":"type-product","3":"status-publish","4":"has-post-thumbnail","6":"product_cat-figurines-nami","7":"product_cat-figurines-one-piece","8":"product_cat-goodies-nami-one-piece","9":"product_tag-nami","11":"first","12":"instock","13":"purchasable","14":"product-type-simple"},"yoast_head":"<!-- This site is optimized with the Yoast SEO plugin v27.5 - https:\/\/yoast.com\/product\/yoast-seo-wordpress\/ -->\n<title>Figurine One Piece Nami Manie La Foudre | Figurine One Piece \u2013 Boutique One Piece<\/title>\n<meta name=\"description\" content=\"Jeune pirate, le moment est venu pour toi de te procurer cette Figurine One Piece Nami Manie La Foudre. Tu dois savoir que Nami est une excellente navigatrice. En effet, elle peut pr\u00e9voir facilement les changements climatiques sans m\u00eame utiliser d&#039;instruments, elle se sert de son instinct. Ces comp\u00e9tences sont dues \u00e0 s\" \/>\n<meta name=\"robots\" content=\"index, follow, max-snippet:-1, max-image-preview:large, max-video-preview:-1\" \/>\n<link rel=\"canonical\" href=\"https:\/\/boutique-one-piece.com\/pl\/smakolyki-z-one-piece\/smakolyki-nami-one-piece\/jednoczesciowa-figurka-nami-wlada-piorunami\/\" \/>\n<meta property=\"og:locale\" content=\"pl_PL\" \/>\n<meta property=\"og:type\" content=\"article\" \/>\n<meta property=\"og:title\" content=\"Figurine One Piece Nami Manie La Foudre | Figurine One Piece \u2013 Boutique One Piece\" \/>\n<meta property=\"og:description\" content=\"Jeune pirate, le moment est venu pour toi de te procurer cette Figurine One Piece Nami Manie La Foudre. Tu dois savoir que Nami est une excellente navigatrice. En effet, elle peut pr\u00e9voir facilement les changements climatiques sans m\u00eame utiliser d&#039;instruments, elle se sert de son instinct. Ces comp\u00e9tences sont dues \u00e0 s\" \/>\n<meta property=\"og:url\" content=\"https:\/\/boutique-one-piece.com\/pl\/smakolyki-z-one-piece\/smakolyki-nami-one-piece\/jednoczesciowa-figurka-nami-wlada-piorunami\/\" \/>\n<meta property=\"og:site_name\" content=\"Boutique One Piece\" \/>\n<meta property=\"article:modified_time\" content=\"2024-09-16T11:48:55+00:00\" \/>\n<meta property=\"og:image\" content=\"https:\/\/boutique-one-piece.com\/wp-content\/uploads\/2022\/09\/Figurine-One-Piece-Nami-Manie-La-Foudre-1.jpg\" \/>\n\t<meta property=\"og:image:width\" content=\"1080\" \/>\n\t<meta property=\"og:image:height\" content=\"1080\" \/>\n\t<meta property=\"og:image:type\" content=\"image\/jpeg\" \/>\n<meta name=\"twitter:card\" content=\"summary_large_image\" \/>\n<meta name=\"twitter:label1\" content=\"Szacowany czas czytania\" \/>\n\t<meta name=\"twitter:data1\" content=\"2 minuty\" \/>\n<script type=\"application\/ld+json\" class=\"yoast-schema-graph\">{\"@context\":\"https:\\\/\\\/schema.org\",\"@graph\":[{\"@type\":\"WebPage\",\"@id\":\"https:\\\/\\\/boutique-one-piece.com\\\/goodies-one-piece\\\/goodies-nami-one-piece\\\/figurine-one-piece-nami-manie-la-foudre\\\/\",\"url\":\"https:\\\/\\\/boutique-one-piece.com\\\/goodies-one-piece\\\/goodies-nami-one-piece\\\/figurine-one-piece-nami-manie-la-foudre\\\/\",\"name\":\"Figurine One Piece Nami Manie La Foudre | Figurine One Piece \u2013 Boutique One Piece\",\"isPartOf\":{\"@id\":\"https:\\\/\\\/boutique-one-piece.com\\\/#website\"},\"primaryImageOfPage\":{\"@id\":\"https:\\\/\\\/boutique-one-piece.com\\\/goodies-one-piece\\\/goodies-nami-one-piece\\\/figurine-one-piece-nami-manie-la-foudre\\\/#primaryimage\"},\"image\":{\"@id\":\"https:\\\/\\\/boutique-one-piece.com\\\/goodies-one-piece\\\/goodies-nami-one-piece\\\/figurine-one-piece-nami-manie-la-foudre\\\/#primaryimage\"},\"thumbnailUrl\":\"https:\\\/\\\/boutique-one-piece.com\\\/wp-content\\\/uploads\\\/2022\\\/09\\\/Figurine-One-Piece-Nami-Manie-La-Foudre-1.jpg\",\"datePublished\":\"2022-09-27T20:21:42+00:00\",\"dateModified\":\"2024-09-16T11:48:55+00:00\",\"description\":\"Jeune pirate, le moment est venu pour toi de te procurer cette Figurine One Piece Nami Manie La Foudre. Tu dois savoir que Nami est une excellente navigatrice. En effet, elle peut pr\u00e9voir facilement les changements climatiques sans m\u00eame utiliser d'instruments, elle se sert de son instinct. Ces comp\u00e9tences sont dues \u00e0 s\",\"breadcrumb\":{\"@id\":\"https:\\\/\\\/boutique-one-piece.com\\\/goodies-one-piece\\\/goodies-nami-one-piece\\\/figurine-one-piece-nami-manie-la-foudre\\\/#breadcrumb\"},\"inLanguage\":\"pl-PL\",\"potentialAction\":[{\"@type\":\"ReadAction\",\"target\":[\"https:\\\/\\\/boutique-one-piece.com\\\/goodies-one-piece\\\/goodies-nami-one-piece\\\/figurine-one-piece-nami-manie-la-foudre\\\/\"]}]},{\"@type\":\"ImageObject\",\"inLanguage\":\"pl-PL\",\"@id\":\"https:\\\/\\\/boutique-one-piece.com\\\/goodies-one-piece\\\/goodies-nami-one-piece\\\/figurine-one-piece-nami-manie-la-foudre\\\/#primaryimage\",\"url\":\"https:\\\/\\\/boutique-one-piece.com\\\/wp-content\\\/uploads\\\/2022\\\/09\\\/Figurine-One-Piece-Nami-Manie-La-Foudre-1.jpg\",\"contentUrl\":\"https:\\\/\\\/boutique-one-piece.com\\\/wp-content\\\/uploads\\\/2022\\\/09\\\/Figurine-One-Piece-Nami-Manie-La-Foudre-1.jpg\",\"width\":1080,\"height\":1080},{\"@type\":\"BreadcrumbList\",\"@id\":\"https:\\\/\\\/boutique-one-piece.com\\\/goodies-one-piece\\\/goodies-nami-one-piece\\\/figurine-one-piece-nami-manie-la-foudre\\\/#breadcrumb\",\"itemListElement\":[{\"@type\":\"ListItem\",\"position\":1,\"name\":\"Home\",\"item\":\"https:\\\/\\\/boutique-one-piece.com\\\/\"},{\"@type\":\"ListItem\",\"position\":2,\"name\":\"Shop\",\"item\":\"https:\\\/\\\/boutique-one-piece.com\\\/shop\\\/\"},{\"@type\":\"ListItem\",\"position\":3,\"name\":\"Figurine One Piece Nami Manie La Foudre\"}]},{\"@type\":\"WebSite\",\"@id\":\"https:\\\/\\\/boutique-one-piece.com\\\/#website\",\"url\":\"https:\\\/\\\/boutique-one-piece.com\\\/\",\"name\":\"Boutique One Piece\",\"description\":\"Magasin Sp\u00e9cialis\u00e9 du Manga et l&#039;Anime One Piece\",\"publisher\":{\"@id\":\"https:\\\/\\\/boutique-one-piece.com\\\/#organization\"},\"potentialAction\":[{\"@type\":\"SearchAction\",\"target\":{\"@type\":\"EntryPoint\",\"urlTemplate\":\"https:\\\/\\\/boutique-one-piece.com\\\/?s={search_term_string}\"},\"query-input\":{\"@type\":\"PropertyValueSpecification\",\"valueRequired\":true,\"valueName\":\"search_term_string\"}}],\"inLanguage\":\"pl-PL\"},{\"@type\":\"Organization\",\"@id\":\"https:\\\/\\\/boutique-one-piece.com\\\/#organization\",\"name\":\"Boutique One Piece\",\"url\":\"https:\\\/\\\/boutique-one-piece.com\\\/\",\"logo\":{\"@type\":\"ImageObject\",\"inLanguage\":\"pl-PL\",\"@id\":\"https:\\\/\\\/boutique-one-piece.com\\\/#\\\/schema\\\/logo\\\/image\\\/\",\"url\":\"https:\\\/\\\/boutique-one-piece.com\\\/wp-content\\\/uploads\\\/2022\\\/09\\\/Logo-01.png\",\"contentUrl\":\"https:\\\/\\\/boutique-one-piece.com\\\/wp-content\\\/uploads\\\/2022\\\/09\\\/Logo-01.png\",\"width\":2318,\"height\":957,\"caption\":\"Boutique One Piece\"},\"image\":{\"@id\":\"https:\\\/\\\/boutique-one-piece.com\\\/#\\\/schema\\\/logo\\\/image\\\/\"}}]}<\/script>\n<!-- \/ Yoast SEO plugin. -->","yoast_head_json":{"title":"Figurka One Piece: Nami w\u0142ada piorunami | Figurka One Piece \u2013 Sklep One Piece","description":"M\u0142ody piracie, nadszed\u0142 czas, aby\u015b zdoby\u0142 t\u0119 figurk\u0119 One Piece Nami Wielding Lightning. Powiniene\u015b wiedzie\u0107, \u017ce Nami jest doskona\u0142\u0105 nawigatork\u0105. Potrafi z \u0142atwo\u015bci\u0105 przewidzie\u0107 zmiany pogody bez u\u017cycia instrument\u00f3w; polega na swoim instynkcie. Te umiej\u0119tno\u015bci zawdzi\u0119cza...","robots":{"index":"index","follow":"follow","max-snippet":"max-snippet:-1","max-image-preview":"max-image-preview:large","max-video-preview":"max-video-preview:-1"},"canonical":"https:\/\/boutique-one-piece.com\/pl\/smakolyki-z-one-piece\/smakolyki-nami-one-piece\/jednoczesciowa-figurka-nami-wlada-piorunami\/","og_locale":"pl_PL","og_type":"article","og_title":"Figurine One Piece Nami Manie La Foudre | Figurine One Piece \u2013 Boutique One Piece","og_description":"Jeune pirate, le moment est venu pour toi de te procurer cette Figurine One Piece Nami Manie La Foudre. Tu dois savoir que Nami est une excellente navigatrice. En effet, elle peut pr\u00e9voir facilement les changements climatiques sans m\u00eame utiliser d'instruments, elle se sert de son instinct. Ces comp\u00e9tences sont dues \u00e0 s","og_url":"https:\/\/boutique-one-piece.com\/pl\/smakolyki-z-one-piece\/smakolyki-nami-one-piece\/jednoczesciowa-figurka-nami-wlada-piorunami\/","og_site_name":"Boutique One Piece","article_modified_time":"2024-09-16T11:48:55+00:00","og_image":[{"width":1080,"height":1080,"url":"https:\/\/boutique-one-piece.com\/wp-content\/uploads\/2022\/09\/Figurine-One-Piece-Nami-Manie-La-Foudre-1.jpg","type":"image\/jpeg"}],"twitter_card":"summary_large_image","twitter_misc":{"Szacowany czas czytania":"2 minuty"},"schema":{"@context":"https:\/\/schema.org","@graph":[{"@type":"WebPage","@id":"https:\/\/boutique-one-piece.com\/goodies-one-piece\/goodies-nami-one-piece\/figurine-one-piece-nami-manie-la-foudre\/","url":"https:\/\/boutique-one-piece.com\/goodies-one-piece\/goodies-nami-one-piece\/figurine-one-piece-nami-manie-la-foudre\/","name":"Figurka One Piece: Nami w\u0142ada piorunami | Figurka One Piece \u2013 Sklep One Piece","isPartOf":{"@id":"https:\/\/boutique-one-piece.com\/#website"},"primaryImageOfPage":{"@id":"https:\/\/boutique-one-piece.com\/goodies-one-piece\/goodies-nami-one-piece\/figurine-one-piece-nami-manie-la-foudre\/#primaryimage"},"image":{"@id":"https:\/\/boutique-one-piece.com\/goodies-one-piece\/goodies-nami-one-piece\/figurine-one-piece-nami-manie-la-foudre\/#primaryimage"},"thumbnailUrl":"https:\/\/boutique-one-piece.com\/wp-content\/uploads\/2022\/09\/Figurine-One-Piece-Nami-Manie-La-Foudre-1.jpg","datePublished":"2022-09-27T20:21:42+00:00","dateModified":"2024-09-16T11:48:55+00:00","description":"M\u0142ody piracie, nadszed\u0142 czas, aby\u015b zdoby\u0142 t\u0119 figurk\u0119 One Piece Nami Wielding Lightning. Powiniene\u015b wiedzie\u0107, \u017ce Nami jest doskona\u0142\u0105 nawigatork\u0105. Potrafi z \u0142atwo\u015bci\u0105 przewidzie\u0107 zmiany pogody bez u\u017cycia instrument\u00f3w; polega na swoim instynkcie. Te umiej\u0119tno\u015bci zawdzi\u0119cza...","breadcrumb":{"@id":"https:\/\/boutique-one-piece.com\/goodies-one-piece\/goodies-nami-one-piece\/figurine-one-piece-nami-manie-la-foudre\/#breadcrumb"},"inLanguage":"pl-PL","potentialAction":[{"@type":"ReadAction","target":["https:\/\/boutique-one-piece.com\/goodies-one-piece\/goodies-nami-one-piece\/figurine-one-piece-nami-manie-la-foudre\/"]}]},{"@type":"ImageObject","inLanguage":"pl-PL","@id":"https:\/\/boutique-one-piece.com\/goodies-one-piece\/goodies-nami-one-piece\/figurine-one-piece-nami-manie-la-foudre\/#primaryimage","url":"https:\/\/boutique-one-piece.com\/wp-content\/uploads\/2022\/09\/Figurine-One-Piece-Nami-Manie-La-Foudre-1.jpg","contentUrl":"https:\/\/boutique-one-piece.com\/wp-content\/uploads\/2022\/09\/Figurine-One-Piece-Nami-Manie-La-Foudre-1.jpg","width":1080,"height":1080},{"@type":"BreadcrumbList","@id":"https:\/\/boutique-one-piece.com\/goodies-one-piece\/goodies-nami-one-piece\/figurine-one-piece-nami-manie-la-foudre\/#breadcrumb","itemListElement":[{"@type":"ListItem","position":1,"name":"Home","item":"https:\/\/boutique-one-piece.com\/"},{"@type":"ListItem","position":2,"name":"Shop","item":"https:\/\/boutique-one-piece.com\/shop\/"},{"@type":"ListItem","position":3,"name":"Figurine One Piece Nami Manie La Foudre"}]},{"@type":"WebSite","@id":"https:\/\/boutique-one-piece.com\/#website","url":"https:\/\/boutique-one-piece.com\/","name":"One Piece Shop","description":"Sklep specjalistyczny z mang\u0105 i anime One Piece","publisher":{"@id":"https:\/\/boutique-one-piece.com\/#organization"},"potentialAction":[{"@type":"SearchAction","target":{"@type":"EntryPoint","urlTemplate":"https:\/\/boutique-one-piece.com\/?s={search_term_string}"},"query-input":{"@type":"PropertyValueSpecification","valueRequired":true,"valueName":"search_term_string"}}],"inLanguage":"pl-PL"},{"@type":"Organization","@id":"https:\/\/boutique-one-piece.com\/#organization","name":"One Piece Shop","url":"https:\/\/boutique-one-piece.com\/","logo":{"@type":"ImageObject","inLanguage":"pl-PL","@id":"https:\/\/boutique-one-piece.com\/#\/schema\/logo\/image\/","url":"https:\/\/boutique-one-piece.com\/wp-content\/uploads\/2022\/09\/Logo-01.png","contentUrl":"https:\/\/boutique-one-piece.com\/wp-content\/uploads\/2022\/09\/Logo-01.png","width":2318,"height":957,"caption":"Boutique One Piece"},"image":{"@id":"https:\/\/boutique-one-piece.com\/#\/schema\/logo\/image\/"}}]}},"_links":{"self":[{"href":"https:\/\/boutique-one-piece.com\/pl\/wp-json\/wp\/v2\/product\/9693","targetHints":{"allow":["GET"]}}],"collection":[{"href":"https:\/\/boutique-one-piece.com\/pl\/wp-json\/wp\/v2\/product"}],"about":[{"href":"https:\/\/boutique-one-piece.com\/pl\/wp-json\/wp\/v2\/types\/product"}],"replies":[{"embeddable":true,"href":"https:\/\/boutique-one-piece.com\/pl\/wp-json\/wp\/v2\/comments?post=9693"}],"wp:featuredmedia":[{"embeddable":true,"href":"https:\/\/boutique-one-piece.com\/pl\/wp-json\/wp\/v2\/media\/9695"}],"wp:attachment":[{"href":"https:\/\/boutique-one-piece.com\/pl\/wp-json\/wp\/v2\/media?parent=9693"}],"wp:term":[{"taxonomy":"product_brand","embeddable":true,"href":"https:\/\/boutique-one-piece.com\/pl\/wp-json\/wp\/v2\/product_brand?post=9693"},{"taxonomy":"product_cat","embeddable":true,"href":"https:\/\/boutique-one-piece.com\/pl\/wp-json\/wp\/v2\/product_cat?post=9693"},{"taxonomy":"product_tag","embeddable":true,"href":"https:\/\/boutique-one-piece.com\/pl\/wp-json\/wp\/v2\/product_tag?post=9693"}],"curies":[{"name":"wp","href":"https:\/\/api.w.org\/{rel}","templated":true}]}}