{"id":9747,"date":"2022-09-27T20:22:08","date_gmt":"2022-09-27T20:22:08","guid":{"rendered":"https:\/\/boutique-one-piece.com\/uncategorized\/peluche-chopper-ancien-chapeau\/"},"modified":"2025-07-26T20:31:53","modified_gmt":"2025-07-26T20:31:53","slug":"zabytkowy-pluszowy-kapelusz-chopper","status":"publish","type":"product","link":"https:\/\/boutique-one-piece.com\/pl\/smakolyki-z-one-piece\/tony-goodies-tony-chopper-one-piece\/zabytkowy-pluszowy-kapelusz-chopper\/","title":{"rendered":"Chopper Pluszowy Stary Kapelusz"},"content":{"rendered":"<h2>M\u0142ody piracie, chod\u017a i poszerz swoj\u0105 kolekcj\u0119 pluszak\u00f3w One Piece. Aby to zrobi\u0107, zdob\u0105d\u017a ju\u017c teraz t\u0119 pluszow\u0105 maskotk\u0119 Old Hat Chopper.<\/h2>\n<p>Z pewno\u015bci\u0105 jeste\u015b tego \u015bwiadomy <strong>Tony Tony Chopper<\/strong> Jest lekarzem za\u0142ogi S\u0142omkowego Kapelusza. Je\u015bli chodzi o wygl\u0105d, Chopper to renifer, kt\u00f3ry nosi du\u017cy r\u00f3\u017cowy kapelusz zwie\u0144czony ma\u0142ym bia\u0142ym krzy\u017cem. Dosta\u0142 go od\u2026 <strong>Doktor Hiluluk<\/strong> Kiedy znalaz\u0142 ma\u0142ego renifera i go \u00abzaadoptowa\u0142\u00bb, jego poro\u017ce wystawa\u0142o z bok\u00f3w kapelusza. Mia\u0142 te\u017c na sobie czerwone spodenki. To w\u0142a\u015bnie te ubrania Chopper nosi\u0142 najcz\u0119\u015bciej przed przeskokiem czasowym. Jedn\u0105 z jego najbardziej charakterystycznych cech jest niebieski nos.<\/p>\n<p>Po elipsie, <strong>Chopper ma na sobie jasnoniebieski kapelusz, a pod nim sw\u00f3j stary r\u00f3\u017cowy kapelusz.<\/strong>, Ten pokazuje swoje poro\u017ce. Ma na sobie r\u00f3wnie\u017c \u017c\u00f3\u0142to-bia\u0142y podkoszulek w paski i czerwone szorty. To w\u0142a\u015bnie te ubrania Chopper b\u0119dzie nosi\u0142 najcz\u0119\u015bciej po przeskoku w czasie. A tak przy okazji, ju\u017c teraz mo\u017cesz zdoby\u0107\u2026 <a title=\"PLUSZOWA ZABAWKA CHOPPER\" href=\"https:\/\/boutique-one-piece.com\/pl\/pluszowy-helikopter\/\" target=\"_blank\" rel=\"noopener\">Pluszowa zabawka Chopper z niebieskim kapeluszem<\/a>.<\/p>\n<h3>M\u0142ody piracie, zosta\u0144 pe\u0142noprawnym cz\u0142onkiem za\u0142ogi S\u0142omkowego Kapelusza. Nie wahaj si\u0119 d\u0142u\u017cej i zdob\u0105d\u017a pluszowego Choppera w jego starym kapeluszu. Lekarz za\u0142ogi czeka na ciebie na pok\u0142adzie Thousand Sunny.<\/h3>\n<p><strong>Jeden kawa\u0142ek<\/strong> to najch\u0119tniej czytana manga na \u015bwiecie. B\u0105d\u017a dumny, \u017ce jeste\u015b cz\u0119\u015bci\u0105 fantastycznego \u015bwiata Luffy&#039;ego. \u015awiata, w kt\u00f3rym piractwo nigdy si\u0119 nie ko\u0144czy! We\u017a sw\u00f3j los w swoje r\u0119ce i wyrusz na podb\u00f3j skarbu One Piece. W ka\u017cdym razie wiedz, \u017ce jeste\u015b we w\u0142a\u015bciwym miejscu, aby rozpocz\u0105\u0107 lub kontynuowa\u0107 swoj\u0105 przygod\u0119. Te <strong>mityczne przedmioty<\/strong> s\u0105 zdecydowanie stworzone dla Ciebie.<\/p>\n<h2>Informacje o pluszowej zabawce One Piece Chopper:<\/h2>\n<ul>\n<li>\u00a0<b>Typ produktu<\/b><span>\u00a0<\/span>Pluszowa zabawka manga One Piece<\/li>\n<\/ul>\n<ul>\n<li>\n<b>Wykorzystanie Peluce<\/b>\u00a0Zabawki, dekoracje, przedmioty kolekcjonerskie, prezenty<\/li>\n<\/ul>\n<ul>\n<li>\n<b>Nazwa postaci<\/b>\u00a0Tony Chopper<\/li>\n<\/ul>\n<ul>\n<li>\n<b>Rozmiar pluszowej zabawki<\/b>\u00a0:30 centymetr\u00f3w<\/li>\n<\/ul>\n<ul>\n<li>\n<b>Materia\u0142<\/b>\u00a0: Bawe\u0142na<\/li>\n<\/ul>\n<ul>\n<li>\n<b>Zalecany wiek<\/b>\u00a0:ponad 3 lata<\/li>\n<\/ul>\n<ul>\n<li>\n<b>Darmowa dostawa<\/b> za ka\u017cdy zakup<\/li>\n<\/ul>","protected":false},"excerpt":{"rendered":"<p>M\u0142ody piracie, powi\u0119ksz swoj\u0105 kolekcj\u0119 pluszak\u00f3w One Piece! Aby to zrobi\u0107, zdob\u0105d\u017a ju\u017c teraz t\u0119 pluszow\u0105 maskotk\u0119 Old Hat Chopper. Na pewno wiesz, \u017ce Tony Tony Chopper jest lekarzem za\u0142ogi S\u0142omkowego Kapelusza. Je\u015bli chodzi o wygl\u0105d, Chopper to renifer, kt\u00f3ry nosi du\u017cy r\u00f3\u017cowy kapelusz zwie\u0144czony [\u2026]<\/p>","protected":false},"featured_media":9749,"comment_status":"open","ping_status":"open","template":"","meta":[],"product_brand":[],"product_cat":[163,177],"product_tag":[165],"class_list":{"0":"post-9747","1":"product","2":"type-product","3":"status-publish","4":"has-post-thumbnail","6":"product_cat-goodies-tony-tony-chopper-one-piece","7":"product_cat-peluches-one-piece","8":"product_tag-chopper","10":"first","11":"instock","12":"purchasable","13":"product-type-simple"},"yoast_head":"<!-- This site is optimized with the Yoast SEO plugin v27.5 - https:\/\/yoast.com\/product\/yoast-seo-wordpress\/ -->\n<title>Peluche Chopper Ancien Chapeau | Boutique One Piece<\/title>\n<meta name=\"description\" content=\"D\u00e9couvrez la peluche One Piece Tony Chopper avec son ancien design de chapeau, elle est aussi douce que mignonne ! Commencez votre aventure de pirate \u00e0 la recherche du One Piece dans l&#039;\u00e9quipage du Chapeau de Paille\" \/>\n<meta name=\"robots\" content=\"index, follow, max-snippet:-1, max-image-preview:large, max-video-preview:-1\" \/>\n<link rel=\"canonical\" href=\"https:\/\/boutique-one-piece.com\/pl\/pluszowe-zabawki-one-piece\/zabytkowy-pluszowy-kapelusz-chopper\/\" \/>\n<meta property=\"og:locale\" content=\"pl_PL\" \/>\n<meta property=\"og:type\" content=\"article\" \/>\n<meta property=\"og:title\" content=\"Peluche Chopper Ancien Chapeau | Boutique One Piece\" \/>\n<meta property=\"og:description\" content=\"D\u00e9couvrez la peluche One Piece Tony Chopper avec son ancien design de chapeau, elle est aussi douce que mignonne ! Commencez votre aventure de pirate \u00e0 la recherche du One Piece dans l&#039;\u00e9quipage du Chapeau de Paille\" \/>\n<meta property=\"og:url\" content=\"https:\/\/boutique-one-piece.com\/pl\/pluszowe-zabawki-one-piece\/zabytkowy-pluszowy-kapelusz-chopper\/\" \/>\n<meta property=\"og:site_name\" content=\"Boutique One Piece\" \/>\n<meta property=\"article:modified_time\" content=\"2025-07-26T20:31:53+00:00\" \/>\n<meta property=\"og:image\" content=\"https:\/\/boutique-one-piece.com\/wp-content\/uploads\/2022\/09\/Peluche-Chopper-Ancien-Chapeau-1.png\" \/>\n\t<meta property=\"og:image:width\" content=\"500\" \/>\n\t<meta property=\"og:image:height\" content=\"500\" \/>\n\t<meta property=\"og:image:type\" content=\"image\/png\" \/>\n<meta name=\"twitter:card\" content=\"summary_large_image\" \/>\n<meta name=\"twitter:label1\" content=\"Szacowany czas czytania\" \/>\n\t<meta name=\"twitter:data1\" content=\"2 minuty\" \/>\n<script type=\"application\/ld+json\" class=\"yoast-schema-graph\">{\"@context\":\"https:\\\/\\\/schema.org\",\"@graph\":[{\"@type\":\"WebPage\",\"@id\":\"https:\\\/\\\/boutique-one-piece.com\\\/peluches-one-piece\\\/peluche-chopper-ancien-chapeau\\\/\",\"url\":\"https:\\\/\\\/boutique-one-piece.com\\\/peluches-one-piece\\\/peluche-chopper-ancien-chapeau\\\/\",\"name\":\"Peluche Chopper Ancien Chapeau | Boutique One Piece\",\"isPartOf\":{\"@id\":\"https:\\\/\\\/boutique-one-piece.com\\\/#website\"},\"primaryImageOfPage\":{\"@id\":\"https:\\\/\\\/boutique-one-piece.com\\\/peluches-one-piece\\\/peluche-chopper-ancien-chapeau\\\/#primaryimage\"},\"image\":{\"@id\":\"https:\\\/\\\/boutique-one-piece.com\\\/peluches-one-piece\\\/peluche-chopper-ancien-chapeau\\\/#primaryimage\"},\"thumbnailUrl\":\"https:\\\/\\\/boutique-one-piece.com\\\/wp-content\\\/uploads\\\/2022\\\/09\\\/Peluche-Chopper-Ancien-Chapeau-1.png\",\"datePublished\":\"2022-09-27T20:22:08+00:00\",\"dateModified\":\"2025-07-26T20:31:53+00:00\",\"description\":\"D\u00e9couvrez la peluche One Piece Tony Chopper avec son ancien design de chapeau, elle est aussi douce que mignonne ! Commencez votre aventure de pirate \u00e0 la recherche du One Piece dans l'\u00e9quipage du Chapeau de Paille\",\"breadcrumb\":{\"@id\":\"https:\\\/\\\/boutique-one-piece.com\\\/peluches-one-piece\\\/peluche-chopper-ancien-chapeau\\\/#breadcrumb\"},\"inLanguage\":\"pl-PL\",\"potentialAction\":[{\"@type\":\"ReadAction\",\"target\":[\"https:\\\/\\\/boutique-one-piece.com\\\/peluches-one-piece\\\/peluche-chopper-ancien-chapeau\\\/\"]}]},{\"@type\":\"ImageObject\",\"inLanguage\":\"pl-PL\",\"@id\":\"https:\\\/\\\/boutique-one-piece.com\\\/peluches-one-piece\\\/peluche-chopper-ancien-chapeau\\\/#primaryimage\",\"url\":\"https:\\\/\\\/boutique-one-piece.com\\\/wp-content\\\/uploads\\\/2022\\\/09\\\/Peluche-Chopper-Ancien-Chapeau-1.png\",\"contentUrl\":\"https:\\\/\\\/boutique-one-piece.com\\\/wp-content\\\/uploads\\\/2022\\\/09\\\/Peluche-Chopper-Ancien-Chapeau-1.png\",\"width\":500,\"height\":500},{\"@type\":\"BreadcrumbList\",\"@id\":\"https:\\\/\\\/boutique-one-piece.com\\\/peluches-one-piece\\\/peluche-chopper-ancien-chapeau\\\/#breadcrumb\",\"itemListElement\":[{\"@type\":\"ListItem\",\"position\":1,\"name\":\"Home\",\"item\":\"https:\\\/\\\/boutique-one-piece.com\\\/\"},{\"@type\":\"ListItem\",\"position\":2,\"name\":\"Shop\",\"item\":\"https:\\\/\\\/boutique-one-piece.com\\\/shop\\\/\"},{\"@type\":\"ListItem\",\"position\":3,\"name\":\"Peluche Chopper Ancien Chapeau\"}]},{\"@type\":\"WebSite\",\"@id\":\"https:\\\/\\\/boutique-one-piece.com\\\/#website\",\"url\":\"https:\\\/\\\/boutique-one-piece.com\\\/\",\"name\":\"Boutique One Piece\",\"description\":\"Magasin Sp\u00e9cialis\u00e9 du Manga et l&#039;Anime One Piece\",\"publisher\":{\"@id\":\"https:\\\/\\\/boutique-one-piece.com\\\/#organization\"},\"potentialAction\":[{\"@type\":\"SearchAction\",\"target\":{\"@type\":\"EntryPoint\",\"urlTemplate\":\"https:\\\/\\\/boutique-one-piece.com\\\/?s={search_term_string}\"},\"query-input\":{\"@type\":\"PropertyValueSpecification\",\"valueRequired\":true,\"valueName\":\"search_term_string\"}}],\"inLanguage\":\"pl-PL\"},{\"@type\":\"Organization\",\"@id\":\"https:\\\/\\\/boutique-one-piece.com\\\/#organization\",\"name\":\"Boutique One Piece\",\"url\":\"https:\\\/\\\/boutique-one-piece.com\\\/\",\"logo\":{\"@type\":\"ImageObject\",\"inLanguage\":\"pl-PL\",\"@id\":\"https:\\\/\\\/boutique-one-piece.com\\\/#\\\/schema\\\/logo\\\/image\\\/\",\"url\":\"https:\\\/\\\/boutique-one-piece.com\\\/wp-content\\\/uploads\\\/2022\\\/09\\\/Logo-01.png\",\"contentUrl\":\"https:\\\/\\\/boutique-one-piece.com\\\/wp-content\\\/uploads\\\/2022\\\/09\\\/Logo-01.png\",\"width\":2318,\"height\":957,\"caption\":\"Boutique One Piece\"},\"image\":{\"@id\":\"https:\\\/\\\/boutique-one-piece.com\\\/#\\\/schema\\\/logo\\\/image\\\/\"}}]}<\/script>\n<!-- \/ Yoast SEO plugin. -->","yoast_head_json":{"title":"Pluszowa czapka Old Chopper | Sklep One Piece","description":"Odkryj pluszowego Tony&#039;ego Choppera z One Piece z jego klasycznym wzorem kapelusza \u2013 jest tak mi\u0119ciutki, jak s\u0142odki! Rozpocznij swoj\u0105 pirack\u0105 przygod\u0119 w poszukiwaniu One Piece z za\u0142og\u0105 S\u0142omkowego Kapelusza.","robots":{"index":"index","follow":"follow","max-snippet":"max-snippet:-1","max-image-preview":"max-image-preview:large","max-video-preview":"max-video-preview:-1"},"canonical":"https:\/\/boutique-one-piece.com\/pl\/pluszowe-zabawki-one-piece\/zabytkowy-pluszowy-kapelusz-chopper\/","og_locale":"pl_PL","og_type":"article","og_title":"Peluche Chopper Ancien Chapeau | Boutique One Piece","og_description":"D\u00e9couvrez la peluche One Piece Tony Chopper avec son ancien design de chapeau, elle est aussi douce que mignonne ! Commencez votre aventure de pirate \u00e0 la recherche du One Piece dans l'\u00e9quipage du Chapeau de Paille","og_url":"https:\/\/boutique-one-piece.com\/pl\/pluszowe-zabawki-one-piece\/zabytkowy-pluszowy-kapelusz-chopper\/","og_site_name":"Boutique One Piece","article_modified_time":"2025-07-26T20:31:53+00:00","og_image":[{"width":500,"height":500,"url":"https:\/\/boutique-one-piece.com\/wp-content\/uploads\/2022\/09\/Peluche-Chopper-Ancien-Chapeau-1.png","type":"image\/png"}],"twitter_card":"summary_large_image","twitter_misc":{"Szacowany czas czytania":"2 minuty"},"schema":{"@context":"https:\/\/schema.org","@graph":[{"@type":"WebPage","@id":"https:\/\/boutique-one-piece.com\/peluches-one-piece\/peluche-chopper-ancien-chapeau\/","url":"https:\/\/boutique-one-piece.com\/peluches-one-piece\/peluche-chopper-ancien-chapeau\/","name":"Pluszowa czapka Old Chopper | Sklep One Piece","isPartOf":{"@id":"https:\/\/boutique-one-piece.com\/#website"},"primaryImageOfPage":{"@id":"https:\/\/boutique-one-piece.com\/peluches-one-piece\/peluche-chopper-ancien-chapeau\/#primaryimage"},"image":{"@id":"https:\/\/boutique-one-piece.com\/peluches-one-piece\/peluche-chopper-ancien-chapeau\/#primaryimage"},"thumbnailUrl":"https:\/\/boutique-one-piece.com\/wp-content\/uploads\/2022\/09\/Peluche-Chopper-Ancien-Chapeau-1.png","datePublished":"2022-09-27T20:22:08+00:00","dateModified":"2025-07-26T20:31:53+00:00","description":"Odkryj pluszowego Tony&#039;ego Choppera z One Piece z jego klasycznym wzorem kapelusza \u2013 jest tak mi\u0119ciutki, jak s\u0142odki! Rozpocznij swoj\u0105 pirack\u0105 przygod\u0119 w poszukiwaniu One Piece z za\u0142og\u0105 S\u0142omkowego Kapelusza.","breadcrumb":{"@id":"https:\/\/boutique-one-piece.com\/peluches-one-piece\/peluche-chopper-ancien-chapeau\/#breadcrumb"},"inLanguage":"pl-PL","potentialAction":[{"@type":"ReadAction","target":["https:\/\/boutique-one-piece.com\/peluches-one-piece\/peluche-chopper-ancien-chapeau\/"]}]},{"@type":"ImageObject","inLanguage":"pl-PL","@id":"https:\/\/boutique-one-piece.com\/peluches-one-piece\/peluche-chopper-ancien-chapeau\/#primaryimage","url":"https:\/\/boutique-one-piece.com\/wp-content\/uploads\/2022\/09\/Peluche-Chopper-Ancien-Chapeau-1.png","contentUrl":"https:\/\/boutique-one-piece.com\/wp-content\/uploads\/2022\/09\/Peluche-Chopper-Ancien-Chapeau-1.png","width":500,"height":500},{"@type":"BreadcrumbList","@id":"https:\/\/boutique-one-piece.com\/peluches-one-piece\/peluche-chopper-ancien-chapeau\/#breadcrumb","itemListElement":[{"@type":"ListItem","position":1,"name":"Home","item":"https:\/\/boutique-one-piece.com\/"},{"@type":"ListItem","position":2,"name":"Shop","item":"https:\/\/boutique-one-piece.com\/shop\/"},{"@type":"ListItem","position":3,"name":"Peluche Chopper Ancien Chapeau"}]},{"@type":"WebSite","@id":"https:\/\/boutique-one-piece.com\/#website","url":"https:\/\/boutique-one-piece.com\/","name":"One Piece Shop","description":"Sklep specjalistyczny z mang\u0105 i anime One Piece","publisher":{"@id":"https:\/\/boutique-one-piece.com\/#organization"},"potentialAction":[{"@type":"SearchAction","target":{"@type":"EntryPoint","urlTemplate":"https:\/\/boutique-one-piece.com\/?s={search_term_string}"},"query-input":{"@type":"PropertyValueSpecification","valueRequired":true,"valueName":"search_term_string"}}],"inLanguage":"pl-PL"},{"@type":"Organization","@id":"https:\/\/boutique-one-piece.com\/#organization","name":"One Piece Shop","url":"https:\/\/boutique-one-piece.com\/","logo":{"@type":"ImageObject","inLanguage":"pl-PL","@id":"https:\/\/boutique-one-piece.com\/#\/schema\/logo\/image\/","url":"https:\/\/boutique-one-piece.com\/wp-content\/uploads\/2022\/09\/Logo-01.png","contentUrl":"https:\/\/boutique-one-piece.com\/wp-content\/uploads\/2022\/09\/Logo-01.png","width":2318,"height":957,"caption":"Boutique One Piece"},"image":{"@id":"https:\/\/boutique-one-piece.com\/#\/schema\/logo\/image\/"}}]}},"_links":{"self":[{"href":"https:\/\/boutique-one-piece.com\/pl\/wp-json\/wp\/v2\/product\/9747","targetHints":{"allow":["GET"]}}],"collection":[{"href":"https:\/\/boutique-one-piece.com\/pl\/wp-json\/wp\/v2\/product"}],"about":[{"href":"https:\/\/boutique-one-piece.com\/pl\/wp-json\/wp\/v2\/types\/product"}],"replies":[{"embeddable":true,"href":"https:\/\/boutique-one-piece.com\/pl\/wp-json\/wp\/v2\/comments?post=9747"}],"wp:featuredmedia":[{"embeddable":true,"href":"https:\/\/boutique-one-piece.com\/pl\/wp-json\/wp\/v2\/media\/9749"}],"wp:attachment":[{"href":"https:\/\/boutique-one-piece.com\/pl\/wp-json\/wp\/v2\/media?parent=9747"}],"wp:term":[{"taxonomy":"product_brand","embeddable":true,"href":"https:\/\/boutique-one-piece.com\/pl\/wp-json\/wp\/v2\/product_brand?post=9747"},{"taxonomy":"product_cat","embeddable":true,"href":"https:\/\/boutique-one-piece.com\/pl\/wp-json\/wp\/v2\/product_cat?post=9747"},{"taxonomy":"product_tag","embeddable":true,"href":"https:\/\/boutique-one-piece.com\/pl\/wp-json\/wp\/v2\/product_tag?post=9747"}],"curies":[{"name":"wp","href":"https:\/\/api.w.org\/{rel}","templated":true}]}}