{"id":9812,"date":"2022-09-27T20:22:31","date_gmt":"2022-09-27T20:22:31","guid":{"rendered":"https:\/\/boutique-one-piece.com\/uncategorized\/figurine-one-piece-marco-mode-phoenix\/"},"modified":"2024-09-16T11:52:01","modified_gmt":"2024-09-16T11:52:01","slug":"jednoczesciowa-figurka-marco-mode-phoenix","status":"publish","type":"product","link":"https:\/\/boutique-one-piece.com\/pl\/figurki-one-piece\/jednoczesciowa-figurka-marco-mode-phoenix\/","title":{"rendered":"One Piece Marco Mode Figurka Phoenix"},"content":{"rendered":"<h2>M\u0142ody piracie, nadszed\u0142 czas, aby\u015b zdoby\u0142 figurk\u0119 One Piece Marco Phoenix Mode.<\/h2>\n<p>Przypominamy, \u017ce Tori Tori no Mi, model: Phoenix, to mityczny diabelski owoc typu Zoan, kt\u00f3ry zjadaj\u0105 <strong>Marco<\/strong>. Pojawiaj\u0105c si\u0119 po raz pierwszy podczas bitwy o Marineford, pozwala mu przekszta\u0142ci\u0107 si\u0119 w Feniksa lub posta\u0107 hybrydow\u0105. Wracaj\u0105c do Marco, oto co musicie o nim wiedzie\u0107: Marco by\u0142 dow\u00f3dc\u0105 Pierwszej Dywizji Pirat\u00f3w Bia\u0142obrodego.<\/p>\n<p>By\u0142 r\u00f3wnie\u017c praw\u0105 r\u0119k\u0105 Yonko Bia\u0142obrodego i jego najbli\u017cszym powiernikiem. Po Wojnie Odwetowej Marco powr\u00f3ci\u0142 do Sfinksa, miejsca urodzenia swojego zmar\u0142ego kapitana. Obecnie pe\u0142ni funkcj\u0119 <strong>lekarz i obro\u0144ca<\/strong> mieszka\u0144c\u00f3w wyspy i cz\u0142onk\u00f3w za\u0142ogi Bia\u0142obrodego. Je\u015bli chcesz poszerzy\u0107 swoj\u0105 kolekcj\u0119 figurek, <a title=\"ONE PIECE EDWARD NEWGATE CESARZ BIA\u0141OBRODY\" href=\"https:\/\/boutique-one-piece.com\/pl\/one-piece-edward-newgate-cesarz-bialobrody\/\" target=\"_blank\" rel=\"noopener\">Figurka Edwarda Newgate&#039;a, Cesarz Bia\u0142obrody<\/a> jest w Twoim zasi\u0119gu.<\/p>\n<p><strong>Zafascynowany Marco, znanym r\u00f3wnie\u017c jako Marco Feniks? Je\u015bli tak, do\u0142\u0105cz do niego na Sfinksie i pom\u00f3\u017c mu wype\u0142ni\u0107 misj\u0119.<\/strong><\/p>\n<p><strong>Jeden kawa\u0142ek<\/strong> to najlepiej sprzedaj\u0105ca si\u0119 manga na \u015bwiecie. B\u0105d\u017a dumny, \u017ce jeste\u015b cz\u0119\u015bci\u0105 tej przygody i nadal oka\u017c sw\u00f3j entuzjazm dla tej serii. Niezale\u017cnie od tego, czy jeste\u015b wieloletnim fanem, czy zagorza\u0142ym kolekcjonerem, te legendarne przedmioty s\u0105 zdecydowanie dla Ciebie. Nie czekaj wi\u0119c d\u0142u\u017cej i skorzystaj z okazji, aby do\u0142\u0105czy\u0107 do za\u0142ogi! <strong>s\u0142omkowy kapelusz<\/strong>. Tw\u00f3j los jest w twoich r\u0119kach, m\u0142ody piracie!<\/p>\n<h2>Informacje o figurce Marco Mode Phoenix\u00a0<\/h2>\n<ul>\n<li><span><b><u>Figurka One Piece<\/u><\/b>\u00a0Figurka Premium One Piece dla prawdziwych pirat\u00f3w<\/span><\/li>\n<\/ul>\n<ul>\n<li>\n<b>Materia\u0142<\/b><span>\u00a0<\/span>PCV<\/li>\n<\/ul>\n<ul>\n<li><span><strong>Wymiar<\/strong>\u00a0: 39 cm<\/span><\/li>\n<\/ul>\n<ul>\n<li><span><strong>DARMOWA DOSTAWA<\/strong><\/span><\/li>\n<\/ul>","protected":false},"excerpt":{"rendered":"<p>Jeune pirate, le moment est venu pour toi de t&#8217;emparer de cette Figurine One Piece Marco Mode Phoenix. Pour rappel, Le Tori Tori no Mi, mod\u00e8le Phoenix, est un Fruit du D\u00e9mon de type Zoan Mythique mang\u00e9 par Marco. Apparaissant pour la premi\u00e8re fois lors de la bataille de Marineford, il lui permet de se [&hellip;]<\/p>","protected":false},"featured_media":9814,"comment_status":"open","ping_status":"open","template":"","meta":[],"product_brand":[],"product_cat":[76],"product_tag":[210],"class_list":{"0":"post-9812","1":"product","2":"type-product","3":"status-publish","4":"has-post-thumbnail","6":"product_cat-figurines-one-piece","7":"product_tag-marco","9":"first","10":"instock","11":"purchasable","12":"product-type-simple"},"yoast_head":"<!-- This site is optimized with the Yoast SEO plugin v27.5 - https:\/\/yoast.com\/product\/yoast-seo-wordpress\/ -->\n<title>Figurine One Piece Marco Mode Phoenix | Figurine One Piece \u2013 Boutique One Piece<\/title>\n<meta name=\"description\" content=\"Jeune pirate, le moment est venu pour toi de t&#039;emparer de cette Figurine One Piece Marco Mode Phoenix. Pour rappel, Le Tori Tori no Mi, mod\u00e8le Phoenix, est un Fruit du D\u00e9mon de type Zoan Mythique mang\u00e9 par Marco. Apparaissant pour la premi\u00e8re fois lors de la bataille de Marineford, il lui permet de se transformer en Ph\" \/>\n<meta name=\"robots\" content=\"index, follow, max-snippet:-1, max-image-preview:large, max-video-preview:-1\" \/>\n<link rel=\"canonical\" href=\"https:\/\/boutique-one-piece.com\/pl\/figurki-one-piece\/jednoczesciowa-figurka-marco-mode-phoenix\/\" \/>\n<meta property=\"og:locale\" content=\"pl_PL\" \/>\n<meta property=\"og:type\" content=\"article\" \/>\n<meta property=\"og:title\" content=\"Figurine One Piece Marco Mode Phoenix | Figurine One Piece \u2013 Boutique One Piece\" \/>\n<meta property=\"og:description\" content=\"Jeune pirate, le moment est venu pour toi de t&#039;emparer de cette Figurine One Piece Marco Mode Phoenix. Pour rappel, Le Tori Tori no Mi, mod\u00e8le Phoenix, est un Fruit du D\u00e9mon de type Zoan Mythique mang\u00e9 par Marco. Apparaissant pour la premi\u00e8re fois lors de la bataille de Marineford, il lui permet de se transformer en Ph\" \/>\n<meta property=\"og:url\" content=\"https:\/\/boutique-one-piece.com\/pl\/figurki-one-piece\/jednoczesciowa-figurka-marco-mode-phoenix\/\" \/>\n<meta property=\"og:site_name\" content=\"Boutique One Piece\" \/>\n<meta property=\"article:modified_time\" content=\"2024-09-16T11:52:01+00:00\" \/>\n<meta property=\"og:image\" content=\"https:\/\/boutique-one-piece.com\/wp-content\/uploads\/2022\/09\/Figurine-One-Piece-Marco-Mode-Phoenix.jpg\" \/>\n\t<meta property=\"og:image:width\" content=\"640\" \/>\n\t<meta property=\"og:image:height\" content=\"640\" \/>\n\t<meta property=\"og:image:type\" content=\"image\/jpeg\" \/>\n<meta name=\"twitter:card\" content=\"summary_large_image\" \/>\n<meta name=\"twitter:label1\" content=\"Szacowany czas czytania\" \/>\n\t<meta name=\"twitter:data1\" content=\"2 minuty\" \/>\n<script type=\"application\/ld+json\" class=\"yoast-schema-graph\">{\"@context\":\"https:\\\/\\\/schema.org\",\"@graph\":[{\"@type\":\"WebPage\",\"@id\":\"https:\\\/\\\/boutique-one-piece.com\\\/figurines-one-piece\\\/figurine-one-piece-marco-mode-phoenix\\\/\",\"url\":\"https:\\\/\\\/boutique-one-piece.com\\\/figurines-one-piece\\\/figurine-one-piece-marco-mode-phoenix\\\/\",\"name\":\"Figurine One Piece Marco Mode Phoenix | Figurine One Piece \u2013 Boutique One Piece\",\"isPartOf\":{\"@id\":\"https:\\\/\\\/boutique-one-piece.com\\\/#website\"},\"primaryImageOfPage\":{\"@id\":\"https:\\\/\\\/boutique-one-piece.com\\\/figurines-one-piece\\\/figurine-one-piece-marco-mode-phoenix\\\/#primaryimage\"},\"image\":{\"@id\":\"https:\\\/\\\/boutique-one-piece.com\\\/figurines-one-piece\\\/figurine-one-piece-marco-mode-phoenix\\\/#primaryimage\"},\"thumbnailUrl\":\"https:\\\/\\\/boutique-one-piece.com\\\/wp-content\\\/uploads\\\/2022\\\/09\\\/Figurine-One-Piece-Marco-Mode-Phoenix.jpg\",\"datePublished\":\"2022-09-27T20:22:31+00:00\",\"dateModified\":\"2024-09-16T11:52:01+00:00\",\"description\":\"Jeune pirate, le moment est venu pour toi de t'emparer de cette Figurine One Piece Marco Mode Phoenix. Pour rappel, Le Tori Tori no Mi, mod\u00e8le Phoenix, est un Fruit du D\u00e9mon de type Zoan Mythique mang\u00e9 par Marco. Apparaissant pour la premi\u00e8re fois lors de la bataille de Marineford, il lui permet de se transformer en Ph\",\"breadcrumb\":{\"@id\":\"https:\\\/\\\/boutique-one-piece.com\\\/figurines-one-piece\\\/figurine-one-piece-marco-mode-phoenix\\\/#breadcrumb\"},\"inLanguage\":\"pl-PL\",\"potentialAction\":[{\"@type\":\"ReadAction\",\"target\":[\"https:\\\/\\\/boutique-one-piece.com\\\/figurines-one-piece\\\/figurine-one-piece-marco-mode-phoenix\\\/\"]}]},{\"@type\":\"ImageObject\",\"inLanguage\":\"pl-PL\",\"@id\":\"https:\\\/\\\/boutique-one-piece.com\\\/figurines-one-piece\\\/figurine-one-piece-marco-mode-phoenix\\\/#primaryimage\",\"url\":\"https:\\\/\\\/boutique-one-piece.com\\\/wp-content\\\/uploads\\\/2022\\\/09\\\/Figurine-One-Piece-Marco-Mode-Phoenix.jpg\",\"contentUrl\":\"https:\\\/\\\/boutique-one-piece.com\\\/wp-content\\\/uploads\\\/2022\\\/09\\\/Figurine-One-Piece-Marco-Mode-Phoenix.jpg\",\"width\":640,\"height\":640,\"caption\":\"Figurine One Piece Marco Mode Phoenix Default Title\"},{\"@type\":\"BreadcrumbList\",\"@id\":\"https:\\\/\\\/boutique-one-piece.com\\\/figurines-one-piece\\\/figurine-one-piece-marco-mode-phoenix\\\/#breadcrumb\",\"itemListElement\":[{\"@type\":\"ListItem\",\"position\":1,\"name\":\"Home\",\"item\":\"https:\\\/\\\/boutique-one-piece.com\\\/\"},{\"@type\":\"ListItem\",\"position\":2,\"name\":\"Shop\",\"item\":\"https:\\\/\\\/boutique-one-piece.com\\\/shop\\\/\"},{\"@type\":\"ListItem\",\"position\":3,\"name\":\"Figurine One Piece Marco Mode Phoenix\"}]},{\"@type\":\"WebSite\",\"@id\":\"https:\\\/\\\/boutique-one-piece.com\\\/#website\",\"url\":\"https:\\\/\\\/boutique-one-piece.com\\\/\",\"name\":\"Boutique One Piece\",\"description\":\"Magasin Sp\u00e9cialis\u00e9 du Manga et l&#039;Anime One Piece\",\"publisher\":{\"@id\":\"https:\\\/\\\/boutique-one-piece.com\\\/#organization\"},\"potentialAction\":[{\"@type\":\"SearchAction\",\"target\":{\"@type\":\"EntryPoint\",\"urlTemplate\":\"https:\\\/\\\/boutique-one-piece.com\\\/?s={search_term_string}\"},\"query-input\":{\"@type\":\"PropertyValueSpecification\",\"valueRequired\":true,\"valueName\":\"search_term_string\"}}],\"inLanguage\":\"pl-PL\"},{\"@type\":\"Organization\",\"@id\":\"https:\\\/\\\/boutique-one-piece.com\\\/#organization\",\"name\":\"Boutique One Piece\",\"url\":\"https:\\\/\\\/boutique-one-piece.com\\\/\",\"logo\":{\"@type\":\"ImageObject\",\"inLanguage\":\"pl-PL\",\"@id\":\"https:\\\/\\\/boutique-one-piece.com\\\/#\\\/schema\\\/logo\\\/image\\\/\",\"url\":\"https:\\\/\\\/boutique-one-piece.com\\\/wp-content\\\/uploads\\\/2022\\\/09\\\/Logo-01.png\",\"contentUrl\":\"https:\\\/\\\/boutique-one-piece.com\\\/wp-content\\\/uploads\\\/2022\\\/09\\\/Logo-01.png\",\"width\":2318,\"height\":957,\"caption\":\"Boutique One Piece\"},\"image\":{\"@id\":\"https:\\\/\\\/boutique-one-piece.com\\\/#\\\/schema\\\/logo\\\/image\\\/\"}}]}<\/script>\n<!-- \/ Yoast SEO plugin. -->","yoast_head_json":{"title":"Figurka One Piece Marco Mode Phoenix | Figurka One Piece \u2013 Sklep One Piece","description":"M\u0142ody piracie, nadszed\u0142 czas, aby\u015b zdoby\u0142 t\u0119 figurk\u0119 Marco z One Piece w trybie Phoenix. Przypominamy, \u017ce Tori Tori no Mi, model Phoenix, to mityczny diabelski owoc typu Zoan, zjadany przez Marco. Po raz pierwszy pojawi\u0142 si\u0119 podczas bitwy o Marineford i pozwala mu przekszta\u0142ci\u0107 si\u0119 w Feniksa.","robots":{"index":"index","follow":"follow","max-snippet":"max-snippet:-1","max-image-preview":"max-image-preview:large","max-video-preview":"max-video-preview:-1"},"canonical":"https:\/\/boutique-one-piece.com\/pl\/figurki-one-piece\/jednoczesciowa-figurka-marco-mode-phoenix\/","og_locale":"pl_PL","og_type":"article","og_title":"Figurine One Piece Marco Mode Phoenix | Figurine One Piece \u2013 Boutique One Piece","og_description":"Jeune pirate, le moment est venu pour toi de t'emparer de cette Figurine One Piece Marco Mode Phoenix. Pour rappel, Le Tori Tori no Mi, mod\u00e8le Phoenix, est un Fruit du D\u00e9mon de type Zoan Mythique mang\u00e9 par Marco. Apparaissant pour la premi\u00e8re fois lors de la bataille de Marineford, il lui permet de se transformer en Ph","og_url":"https:\/\/boutique-one-piece.com\/pl\/figurki-one-piece\/jednoczesciowa-figurka-marco-mode-phoenix\/","og_site_name":"Boutique One Piece","article_modified_time":"2024-09-16T11:52:01+00:00","og_image":[{"width":640,"height":640,"url":"https:\/\/boutique-one-piece.com\/wp-content\/uploads\/2022\/09\/Figurine-One-Piece-Marco-Mode-Phoenix.jpg","type":"image\/jpeg"}],"twitter_card":"summary_large_image","twitter_misc":{"Szacowany czas czytania":"2 minuty"},"schema":{"@context":"https:\/\/schema.org","@graph":[{"@type":"WebPage","@id":"https:\/\/boutique-one-piece.com\/figurines-one-piece\/figurine-one-piece-marco-mode-phoenix\/","url":"https:\/\/boutique-one-piece.com\/figurines-one-piece\/figurine-one-piece-marco-mode-phoenix\/","name":"Figurka One Piece Marco Mode Phoenix | Figurka One Piece \u2013 Sklep One Piece","isPartOf":{"@id":"https:\/\/boutique-one-piece.com\/#website"},"primaryImageOfPage":{"@id":"https:\/\/boutique-one-piece.com\/figurines-one-piece\/figurine-one-piece-marco-mode-phoenix\/#primaryimage"},"image":{"@id":"https:\/\/boutique-one-piece.com\/figurines-one-piece\/figurine-one-piece-marco-mode-phoenix\/#primaryimage"},"thumbnailUrl":"https:\/\/boutique-one-piece.com\/wp-content\/uploads\/2022\/09\/Figurine-One-Piece-Marco-Mode-Phoenix.jpg","datePublished":"2022-09-27T20:22:31+00:00","dateModified":"2024-09-16T11:52:01+00:00","description":"M\u0142ody piracie, nadszed\u0142 czas, aby\u015b zdoby\u0142 t\u0119 figurk\u0119 Marco z One Piece w trybie Phoenix. Przypominamy, \u017ce Tori Tori no Mi, model Phoenix, to mityczny diabelski owoc typu Zoan, zjadany przez Marco. Po raz pierwszy pojawi\u0142 si\u0119 podczas bitwy o Marineford i pozwala mu przekszta\u0142ci\u0107 si\u0119 w Feniksa.","breadcrumb":{"@id":"https:\/\/boutique-one-piece.com\/figurines-one-piece\/figurine-one-piece-marco-mode-phoenix\/#breadcrumb"},"inLanguage":"pl-PL","potentialAction":[{"@type":"ReadAction","target":["https:\/\/boutique-one-piece.com\/figurines-one-piece\/figurine-one-piece-marco-mode-phoenix\/"]}]},{"@type":"ImageObject","inLanguage":"pl-PL","@id":"https:\/\/boutique-one-piece.com\/figurines-one-piece\/figurine-one-piece-marco-mode-phoenix\/#primaryimage","url":"https:\/\/boutique-one-piece.com\/wp-content\/uploads\/2022\/09\/Figurine-One-Piece-Marco-Mode-Phoenix.jpg","contentUrl":"https:\/\/boutique-one-piece.com\/wp-content\/uploads\/2022\/09\/Figurine-One-Piece-Marco-Mode-Phoenix.jpg","width":640,"height":640,"caption":"Figurine One Piece Marco Mode Phoenix Default Title"},{"@type":"BreadcrumbList","@id":"https:\/\/boutique-one-piece.com\/figurines-one-piece\/figurine-one-piece-marco-mode-phoenix\/#breadcrumb","itemListElement":[{"@type":"ListItem","position":1,"name":"Home","item":"https:\/\/boutique-one-piece.com\/"},{"@type":"ListItem","position":2,"name":"Shop","item":"https:\/\/boutique-one-piece.com\/shop\/"},{"@type":"ListItem","position":3,"name":"Figurine One Piece Marco Mode Phoenix"}]},{"@type":"WebSite","@id":"https:\/\/boutique-one-piece.com\/#website","url":"https:\/\/boutique-one-piece.com\/","name":"One Piece Shop","description":"Sklep specjalistyczny z mang\u0105 i anime One Piece","publisher":{"@id":"https:\/\/boutique-one-piece.com\/#organization"},"potentialAction":[{"@type":"SearchAction","target":{"@type":"EntryPoint","urlTemplate":"https:\/\/boutique-one-piece.com\/?s={search_term_string}"},"query-input":{"@type":"PropertyValueSpecification","valueRequired":true,"valueName":"search_term_string"}}],"inLanguage":"pl-PL"},{"@type":"Organization","@id":"https:\/\/boutique-one-piece.com\/#organization","name":"One Piece Shop","url":"https:\/\/boutique-one-piece.com\/","logo":{"@type":"ImageObject","inLanguage":"pl-PL","@id":"https:\/\/boutique-one-piece.com\/#\/schema\/logo\/image\/","url":"https:\/\/boutique-one-piece.com\/wp-content\/uploads\/2022\/09\/Logo-01.png","contentUrl":"https:\/\/boutique-one-piece.com\/wp-content\/uploads\/2022\/09\/Logo-01.png","width":2318,"height":957,"caption":"Boutique One Piece"},"image":{"@id":"https:\/\/boutique-one-piece.com\/#\/schema\/logo\/image\/"}}]}},"_links":{"self":[{"href":"https:\/\/boutique-one-piece.com\/pl\/wp-json\/wp\/v2\/product\/9812","targetHints":{"allow":["GET"]}}],"collection":[{"href":"https:\/\/boutique-one-piece.com\/pl\/wp-json\/wp\/v2\/product"}],"about":[{"href":"https:\/\/boutique-one-piece.com\/pl\/wp-json\/wp\/v2\/types\/product"}],"replies":[{"embeddable":true,"href":"https:\/\/boutique-one-piece.com\/pl\/wp-json\/wp\/v2\/comments?post=9812"}],"wp:featuredmedia":[{"embeddable":true,"href":"https:\/\/boutique-one-piece.com\/pl\/wp-json\/wp\/v2\/media\/9814"}],"wp:attachment":[{"href":"https:\/\/boutique-one-piece.com\/pl\/wp-json\/wp\/v2\/media?parent=9812"}],"wp:term":[{"taxonomy":"product_brand","embeddable":true,"href":"https:\/\/boutique-one-piece.com\/pl\/wp-json\/wp\/v2\/product_brand?post=9812"},{"taxonomy":"product_cat","embeddable":true,"href":"https:\/\/boutique-one-piece.com\/pl\/wp-json\/wp\/v2\/product_cat?post=9812"},{"taxonomy":"product_tag","embeddable":true,"href":"https:\/\/boutique-one-piece.com\/pl\/wp-json\/wp\/v2\/product_tag?post=9812"}],"curies":[{"name":"wp","href":"https:\/\/api.w.org\/{rel}","templated":true}]}}