{"id":9898,"date":"2022-09-27T20:23:09","date_gmt":"2022-09-27T20:23:09","guid":{"rendered":"https:\/\/boutique-one-piece.com\/uncategorized\/short-de-bain-one-piece-ace-et-marco\/"},"modified":"2025-03-09T12:03:47","modified_gmt":"2025-03-09T12:03:47","slug":"jednoczesciowe-spodenki-kapielowe-ace-i-marco","status":"publish","type":"product","link":"https:\/\/boutique-one-piece.com\/pl\/ubrania-jednoczesciowe\/jednoczesciowe-spodenki-kapielowe\/jednoczesciowe-spodenki-kapielowe-ace-i-marco\/","title":{"rendered":"Jednocz\u0119\u015bciowe spodenki k\u0105pielowe Ace i Marco"},"content":{"rendered":"<h2>Jednocz\u0119\u015bciowe szorty k\u0105pielowe z wizerunkami Marco Feniksa i Asa Ognistych Pi\u0119\u015bci, dw\u00f3ch dow\u00f3dc\u00f3w za\u0142ogi Bia\u0142obrodego. Wysokiej jako\u015bci str\u00f3j k\u0105pielowy dla pirata takiego jak Ty!<\/h2>\n<p>Je\u015bli jeste\u015b <strong>prawdziwy pirat<\/strong>, B\u0119dziesz doceniany <strong>jako\u015b\u0107 materia\u0142\u00f3w,<\/strong>&nbsp;z <strong>projekt <\/strong>I<strong> Drukowanie 3D<\/strong>&nbsp;tego <strong>Jednocz\u0119\u015bciowe spodenki k\u0105pielowe<\/strong> Ale co najwa\u017cniejsze, dzi\u0119ki tym spodenkom staniesz si\u0119 cz\u0119\u015bci\u0105 <strong>ekipa fan\u00f3w<\/strong> z <strong>manga piracka<\/strong> i otrzymasz:<\/p>\n<ul>\n<li>&nbsp;<strong>Podziw<\/strong> wszystkich fan\u00f3w <strong>mugiwara<\/strong> \u017ce spotkasz<\/li>\n<\/ul>\n<ul>\n<li>Prawdziwy <strong>spodenki k\u0105pielowe z nadrukiem<\/strong> z kt\u00f3rym mo\u017cesz p\u0142ywa\u0107 <strong>Grand Line<\/strong>, Ale b\u0105d\u017a ostro\u017cny, nie zaleca si\u0119 wchodzenia do morza, je\u015bli zjad\u0142e\u015b jednego z nich. <strong>diabelski owoc<\/strong><\/li>\n<\/ul>\n<p>Wi\u0119c gotowy do za\u0142o\u017cenia <strong>Kolory Bia\u0142obrodego<\/strong>&nbsp;?<\/p>\n<h2>Jeste\u015b fanem mangi lub anime One Piece? Poka\u017c to w tych spodenkach k\u0105pielowych!<\/h2>\n<p>Je\u015bli ty <strong>Czyta\u0107<\/strong> lub gdziekolwiek spojrzysz&nbsp;<strong>Japo\u0144skie anime<\/strong>, Jest du\u017ca szansa, \u017ce si\u0119 sta\u0142e\u015b <strong>szalony na punkcie One Piece<\/strong> Dzi\u0119ki temu! <strong>spodenki k\u0105pielowe<\/strong> <strong>As i Marco<\/strong>, do\u0142\u0105cz do\u2019<strong>za\u0142oga&nbsp;<\/strong>fani <strong>\u015bwiat mangi One Piece<\/strong><\/p>\n<p>te spodenki <strong>niebieski i pomara\u0144czowy<\/strong> jest dost\u0119pny w rozmiarach<span>&nbsp;<\/span><strong>XXS, XS, S, M, L, XL<\/strong>, B\u0119dzie pasowa\u0107 ka\u017cdemu typowi pirata, nawet je\u015bli nie masz <strong>miecz<\/strong>&nbsp;Lub <strong>diabelski owoc<\/strong> nadal mo\u017cesz to nosi\u0107&nbsp;<\/p>\n<p><b>Marco Feniks <\/b>I<b> As z ognist\u0105 pi\u0119\u015bci\u0105<\/b><b>&nbsp;<\/b>byli dow\u00f3dcami pierwszej i drugiej floty <strong>by\u0142y cesarz<\/strong> <strong>Edward Newgate<\/strong>?.&nbsp;<strong>Porgas D. Ace<\/strong>? ma <strong>pomara\u0144czowe p\u0142omienie<\/strong> a Marco ma <strong>niebieskie p\u0142omienie<\/strong><\/p>\n<h3>Nie zapomnij zapozna\u0107 si\u0119 z poni\u017csz\u0105 tabel\u0105 rozmiar\u00f3w.<\/h3>\n<p style=\"text-align: left\"><span><img decoding=\"async\" alt=\"Tabela rozmiar\u00f3w szort\u00f3w jednocz\u0119\u015bciowych Baim XXS, XS, S, M, L, XL\" src=\"\/\/cdn.shopify.com\/s\/files\/1\/0087\/7556\/5348\/files\/boutque_one__piece_tableau_taille_short_de_bain_large.jpg?v=1560446518\" style=\"float: none\"><\/span><\/p>\n<h3>Instrukcja prania:<\/h3>\n<ul>\n<li>Pra\u0107 w pralce w temperaturze 30\u00b0C, cykl delikatny<\/li>\n<\/ul>\n<ul>\n<li>Prasowa\u0107 na odwrotnej stronie<\/li>\n<\/ul>\n<p>Dla <strong>zachowa\u0107 jako\u015b\u0107<\/strong> tego&nbsp;<strong>Jednocz\u0119\u015bciowe spodenki k\u0105pielowe<\/strong>, Zalecamy, aby\u015b <strong>szacunek<\/strong> THE <strong>instrukcje prania<\/strong>.<\/p>","protected":false},"excerpt":{"rendered":"<p>Short de Bain One Piece avec Marco le Ph\u00e9nix et Ace aux Poings Ardents, les Deux Commandants de Barbe Blanche, Un&nbsp;Maillot de Bain de qualit\u00e9 pour un pirate comme&nbsp;toi&nbsp;! Si tu es un v\u00e9ritable pirate, tu seras appr\u00e9ci\u00e9 la qualit\u00e9 des mat\u00e9riaux,&nbsp;de la conception et de l&rsquo;impression 3D&nbsp;de ce short de bain One Piece !&nbsp;Mais [&hellip;]<\/p>","protected":false},"featured_media":9900,"comment_status":"open","ping_status":"open","template":"","meta":[],"product_brand":[],"product_cat":[66],"product_tag":[176,210],"class_list":{"0":"post-9898","1":"product","2":"type-product","3":"status-publish","4":"has-post-thumbnail","6":"product_cat-shorts-de-bain-one-piece","7":"product_tag-ace","8":"product_tag-marco","10":"first","11":"outofstock","12":"purchasable","13":"product-type-variable"},"yoast_head":"<!-- This site is optimized with the Yoast SEO plugin v27.5 - https:\/\/yoast.com\/product\/yoast-seo-wordpress\/ -->\n<title>Short de Bain Ace et Marco | Boutique One Piece<\/title>\n<meta name=\"description\" content=\"Maillot de Bain Bleu et Orange du Manga One Piece de Haute Qualit\u00e9 avec Ace et Marco le Short parfait pour Tous les Pirates qui vont \u00e0 la Mer ou \u00e0 la Piscine\" \/>\n<meta name=\"robots\" content=\"index, follow, max-snippet:-1, max-image-preview:large, max-video-preview:-1\" \/>\n<link rel=\"canonical\" href=\"https:\/\/boutique-one-piece.com\/pl\/ubrania-jednoczesciowe\/jednoczesciowe-spodenki-kapielowe\/jednoczesciowe-spodenki-kapielowe-ace-i-marco\/\" \/>\n<meta property=\"og:locale\" content=\"pl_PL\" \/>\n<meta property=\"og:type\" content=\"article\" \/>\n<meta property=\"og:title\" content=\"Short de Bain Ace et Marco | Boutique One Piece\" \/>\n<meta property=\"og:description\" content=\"Maillot de Bain Bleu et Orange du Manga One Piece de Haute Qualit\u00e9 avec Ace et Marco le Short parfait pour Tous les Pirates qui vont \u00e0 la Mer ou \u00e0 la Piscine\" \/>\n<meta property=\"og:url\" content=\"https:\/\/boutique-one-piece.com\/pl\/ubrania-jednoczesciowe\/jednoczesciowe-spodenki-kapielowe\/jednoczesciowe-spodenki-kapielowe-ace-i-marco\/\" \/>\n<meta property=\"og:site_name\" content=\"Boutique One Piece\" \/>\n<meta property=\"article:modified_time\" content=\"2025-03-09T12:03:47+00:00\" \/>\n<meta property=\"og:image\" content=\"https:\/\/boutique-one-piece.com\/wp-content\/uploads\/2022\/09\/Short-de-Bain-One-Piece-Ace-et-Marco.jpg\" \/>\n\t<meta property=\"og:image:width\" content=\"640\" \/>\n\t<meta property=\"og:image:height\" content=\"640\" \/>\n\t<meta property=\"og:image:type\" content=\"image\/jpeg\" \/>\n<meta name=\"twitter:card\" content=\"summary_large_image\" \/>\n<meta name=\"twitter:label1\" content=\"Szacowany czas czytania\" \/>\n\t<meta name=\"twitter:data1\" content=\"2 minuty\" \/>\n<script type=\"application\/ld+json\" class=\"yoast-schema-graph\">{\"@context\":\"https:\\\/\\\/schema.org\",\"@graph\":[{\"@type\":\"WebPage\",\"@id\":\"https:\\\/\\\/boutique-one-piece.com\\\/vetements-one-piece\\\/shorts-de-bain-one-piece\\\/short-de-bain-one-piece-ace-et-marco\\\/\",\"url\":\"https:\\\/\\\/boutique-one-piece.com\\\/vetements-one-piece\\\/shorts-de-bain-one-piece\\\/short-de-bain-one-piece-ace-et-marco\\\/\",\"name\":\"Short de Bain Ace et Marco | Boutique One Piece\",\"isPartOf\":{\"@id\":\"https:\\\/\\\/boutique-one-piece.com\\\/#website\"},\"primaryImageOfPage\":{\"@id\":\"https:\\\/\\\/boutique-one-piece.com\\\/vetements-one-piece\\\/shorts-de-bain-one-piece\\\/short-de-bain-one-piece-ace-et-marco\\\/#primaryimage\"},\"image\":{\"@id\":\"https:\\\/\\\/boutique-one-piece.com\\\/vetements-one-piece\\\/shorts-de-bain-one-piece\\\/short-de-bain-one-piece-ace-et-marco\\\/#primaryimage\"},\"thumbnailUrl\":\"https:\\\/\\\/boutique-one-piece.com\\\/wp-content\\\/uploads\\\/2022\\\/09\\\/Short-de-Bain-One-Piece-Ace-et-Marco.jpg\",\"datePublished\":\"2022-09-27T20:23:09+00:00\",\"dateModified\":\"2025-03-09T12:03:47+00:00\",\"description\":\"Maillot de Bain Bleu et Orange du Manga One Piece de Haute Qualit\u00e9 avec Ace et Marco le Short parfait pour Tous les Pirates qui vont \u00e0 la Mer ou \u00e0 la Piscine\",\"breadcrumb\":{\"@id\":\"https:\\\/\\\/boutique-one-piece.com\\\/vetements-one-piece\\\/shorts-de-bain-one-piece\\\/short-de-bain-one-piece-ace-et-marco\\\/#breadcrumb\"},\"inLanguage\":\"pl-PL\",\"potentialAction\":[{\"@type\":\"ReadAction\",\"target\":[\"https:\\\/\\\/boutique-one-piece.com\\\/vetements-one-piece\\\/shorts-de-bain-one-piece\\\/short-de-bain-one-piece-ace-et-marco\\\/\"]}]},{\"@type\":\"ImageObject\",\"inLanguage\":\"pl-PL\",\"@id\":\"https:\\\/\\\/boutique-one-piece.com\\\/vetements-one-piece\\\/shorts-de-bain-one-piece\\\/short-de-bain-one-piece-ace-et-marco\\\/#primaryimage\",\"url\":\"https:\\\/\\\/boutique-one-piece.com\\\/wp-content\\\/uploads\\\/2022\\\/09\\\/Short-de-Bain-One-Piece-Ace-et-Marco.jpg\",\"contentUrl\":\"https:\\\/\\\/boutique-one-piece.com\\\/wp-content\\\/uploads\\\/2022\\\/09\\\/Short-de-Bain-One-Piece-Ace-et-Marco.jpg\",\"width\":640,\"height\":640,\"caption\":\"Short de Bain One Piece Ace et Marco XXXL\"},{\"@type\":\"BreadcrumbList\",\"@id\":\"https:\\\/\\\/boutique-one-piece.com\\\/vetements-one-piece\\\/shorts-de-bain-one-piece\\\/short-de-bain-one-piece-ace-et-marco\\\/#breadcrumb\",\"itemListElement\":[{\"@type\":\"ListItem\",\"position\":1,\"name\":\"Home\",\"item\":\"https:\\\/\\\/boutique-one-piece.com\\\/\"},{\"@type\":\"ListItem\",\"position\":2,\"name\":\"Shop\",\"item\":\"https:\\\/\\\/boutique-one-piece.com\\\/shop\\\/\"},{\"@type\":\"ListItem\",\"position\":3,\"name\":\"Short de Bain One Piece Ace et Marco\"}]},{\"@type\":\"WebSite\",\"@id\":\"https:\\\/\\\/boutique-one-piece.com\\\/#website\",\"url\":\"https:\\\/\\\/boutique-one-piece.com\\\/\",\"name\":\"Boutique One Piece\",\"description\":\"Magasin Sp\u00e9cialis\u00e9 du Manga et l&#039;Anime One Piece\",\"publisher\":{\"@id\":\"https:\\\/\\\/boutique-one-piece.com\\\/#organization\"},\"potentialAction\":[{\"@type\":\"SearchAction\",\"target\":{\"@type\":\"EntryPoint\",\"urlTemplate\":\"https:\\\/\\\/boutique-one-piece.com\\\/?s={search_term_string}\"},\"query-input\":{\"@type\":\"PropertyValueSpecification\",\"valueRequired\":true,\"valueName\":\"search_term_string\"}}],\"inLanguage\":\"pl-PL\"},{\"@type\":\"Organization\",\"@id\":\"https:\\\/\\\/boutique-one-piece.com\\\/#organization\",\"name\":\"Boutique One Piece\",\"url\":\"https:\\\/\\\/boutique-one-piece.com\\\/\",\"logo\":{\"@type\":\"ImageObject\",\"inLanguage\":\"pl-PL\",\"@id\":\"https:\\\/\\\/boutique-one-piece.com\\\/#\\\/schema\\\/logo\\\/image\\\/\",\"url\":\"https:\\\/\\\/boutique-one-piece.com\\\/wp-content\\\/uploads\\\/2022\\\/09\\\/Logo-01.png\",\"contentUrl\":\"https:\\\/\\\/boutique-one-piece.com\\\/wp-content\\\/uploads\\\/2022\\\/09\\\/Logo-01.png\",\"width\":2318,\"height\":957,\"caption\":\"Boutique One Piece\"},\"image\":{\"@id\":\"https:\\\/\\\/boutique-one-piece.com\\\/#\\\/schema\\\/logo\\\/image\\\/\"}}]}<\/script>\n<!-- \/ Yoast SEO plugin. -->","yoast_head_json":{"title":"Spodenki k\u0105pielowe Ace i Marco | Sklep z jednocz\u0119\u015bciowymi strojami","description":"Wysokiej jako\u015bci niebiesko-pomara\u0144czowy jednocz\u0119\u015bciowy kostium k\u0105pielowy z mangi, przedstawiaj\u0105cy Ace&#039;a i Marco. Idealne szorty dla ka\u017cdego pirata wybieraj\u0105cego si\u0119 na morze lub basen.","robots":{"index":"index","follow":"follow","max-snippet":"max-snippet:-1","max-image-preview":"max-image-preview:large","max-video-preview":"max-video-preview:-1"},"canonical":"https:\/\/boutique-one-piece.com\/pl\/ubrania-jednoczesciowe\/jednoczesciowe-spodenki-kapielowe\/jednoczesciowe-spodenki-kapielowe-ace-i-marco\/","og_locale":"pl_PL","og_type":"article","og_title":"Short de Bain Ace et Marco | Boutique One Piece","og_description":"Maillot de Bain Bleu et Orange du Manga One Piece de Haute Qualit\u00e9 avec Ace et Marco le Short parfait pour Tous les Pirates qui vont \u00e0 la Mer ou \u00e0 la Piscine","og_url":"https:\/\/boutique-one-piece.com\/pl\/ubrania-jednoczesciowe\/jednoczesciowe-spodenki-kapielowe\/jednoczesciowe-spodenki-kapielowe-ace-i-marco\/","og_site_name":"Boutique One Piece","article_modified_time":"2025-03-09T12:03:47+00:00","og_image":[{"width":640,"height":640,"url":"https:\/\/boutique-one-piece.com\/wp-content\/uploads\/2022\/09\/Short-de-Bain-One-Piece-Ace-et-Marco.jpg","type":"image\/jpeg"}],"twitter_card":"summary_large_image","twitter_misc":{"Szacowany czas czytania":"2 minuty"},"schema":{"@context":"https:\/\/schema.org","@graph":[{"@type":"WebPage","@id":"https:\/\/boutique-one-piece.com\/vetements-one-piece\/shorts-de-bain-one-piece\/short-de-bain-one-piece-ace-et-marco\/","url":"https:\/\/boutique-one-piece.com\/vetements-one-piece\/shorts-de-bain-one-piece\/short-de-bain-one-piece-ace-et-marco\/","name":"Spodenki k\u0105pielowe Ace i Marco | Sklep z jednocz\u0119\u015bciowymi strojami","isPartOf":{"@id":"https:\/\/boutique-one-piece.com\/#website"},"primaryImageOfPage":{"@id":"https:\/\/boutique-one-piece.com\/vetements-one-piece\/shorts-de-bain-one-piece\/short-de-bain-one-piece-ace-et-marco\/#primaryimage"},"image":{"@id":"https:\/\/boutique-one-piece.com\/vetements-one-piece\/shorts-de-bain-one-piece\/short-de-bain-one-piece-ace-et-marco\/#primaryimage"},"thumbnailUrl":"https:\/\/boutique-one-piece.com\/wp-content\/uploads\/2022\/09\/Short-de-Bain-One-Piece-Ace-et-Marco.jpg","datePublished":"2022-09-27T20:23:09+00:00","dateModified":"2025-03-09T12:03:47+00:00","description":"Wysokiej jako\u015bci niebiesko-pomara\u0144czowy jednocz\u0119\u015bciowy kostium k\u0105pielowy z mangi, przedstawiaj\u0105cy Ace&#039;a i Marco. Idealne szorty dla ka\u017cdego pirata wybieraj\u0105cego si\u0119 na morze lub basen.","breadcrumb":{"@id":"https:\/\/boutique-one-piece.com\/vetements-one-piece\/shorts-de-bain-one-piece\/short-de-bain-one-piece-ace-et-marco\/#breadcrumb"},"inLanguage":"pl-PL","potentialAction":[{"@type":"ReadAction","target":["https:\/\/boutique-one-piece.com\/vetements-one-piece\/shorts-de-bain-one-piece\/short-de-bain-one-piece-ace-et-marco\/"]}]},{"@type":"ImageObject","inLanguage":"pl-PL","@id":"https:\/\/boutique-one-piece.com\/vetements-one-piece\/shorts-de-bain-one-piece\/short-de-bain-one-piece-ace-et-marco\/#primaryimage","url":"https:\/\/boutique-one-piece.com\/wp-content\/uploads\/2022\/09\/Short-de-Bain-One-Piece-Ace-et-Marco.jpg","contentUrl":"https:\/\/boutique-one-piece.com\/wp-content\/uploads\/2022\/09\/Short-de-Bain-One-Piece-Ace-et-Marco.jpg","width":640,"height":640,"caption":"Short de Bain One Piece Ace et Marco XXXL"},{"@type":"BreadcrumbList","@id":"https:\/\/boutique-one-piece.com\/vetements-one-piece\/shorts-de-bain-one-piece\/short-de-bain-one-piece-ace-et-marco\/#breadcrumb","itemListElement":[{"@type":"ListItem","position":1,"name":"Home","item":"https:\/\/boutique-one-piece.com\/"},{"@type":"ListItem","position":2,"name":"Shop","item":"https:\/\/boutique-one-piece.com\/shop\/"},{"@type":"ListItem","position":3,"name":"Short de Bain One Piece Ace et Marco"}]},{"@type":"WebSite","@id":"https:\/\/boutique-one-piece.com\/#website","url":"https:\/\/boutique-one-piece.com\/","name":"One Piece Shop","description":"Sklep specjalistyczny z mang\u0105 i anime One Piece","publisher":{"@id":"https:\/\/boutique-one-piece.com\/#organization"},"potentialAction":[{"@type":"SearchAction","target":{"@type":"EntryPoint","urlTemplate":"https:\/\/boutique-one-piece.com\/?s={search_term_string}"},"query-input":{"@type":"PropertyValueSpecification","valueRequired":true,"valueName":"search_term_string"}}],"inLanguage":"pl-PL"},{"@type":"Organization","@id":"https:\/\/boutique-one-piece.com\/#organization","name":"One Piece Shop","url":"https:\/\/boutique-one-piece.com\/","logo":{"@type":"ImageObject","inLanguage":"pl-PL","@id":"https:\/\/boutique-one-piece.com\/#\/schema\/logo\/image\/","url":"https:\/\/boutique-one-piece.com\/wp-content\/uploads\/2022\/09\/Logo-01.png","contentUrl":"https:\/\/boutique-one-piece.com\/wp-content\/uploads\/2022\/09\/Logo-01.png","width":2318,"height":957,"caption":"Boutique One Piece"},"image":{"@id":"https:\/\/boutique-one-piece.com\/#\/schema\/logo\/image\/"}}]}},"_links":{"self":[{"href":"https:\/\/boutique-one-piece.com\/pl\/wp-json\/wp\/v2\/product\/9898","targetHints":{"allow":["GET"]}}],"collection":[{"href":"https:\/\/boutique-one-piece.com\/pl\/wp-json\/wp\/v2\/product"}],"about":[{"href":"https:\/\/boutique-one-piece.com\/pl\/wp-json\/wp\/v2\/types\/product"}],"replies":[{"embeddable":true,"href":"https:\/\/boutique-one-piece.com\/pl\/wp-json\/wp\/v2\/comments?post=9898"}],"wp:featuredmedia":[{"embeddable":true,"href":"https:\/\/boutique-one-piece.com\/pl\/wp-json\/wp\/v2\/media\/9900"}],"wp:attachment":[{"href":"https:\/\/boutique-one-piece.com\/pl\/wp-json\/wp\/v2\/media?parent=9898"}],"wp:term":[{"taxonomy":"product_brand","embeddable":true,"href":"https:\/\/boutique-one-piece.com\/pl\/wp-json\/wp\/v2\/product_brand?post=9898"},{"taxonomy":"product_cat","embeddable":true,"href":"https:\/\/boutique-one-piece.com\/pl\/wp-json\/wp\/v2\/product_cat?post=9898"},{"taxonomy":"product_tag","embeddable":true,"href":"https:\/\/boutique-one-piece.com\/pl\/wp-json\/wp\/v2\/product_tag?post=9898"}],"curies":[{"name":"wp","href":"https:\/\/api.w.org\/{rel}","templated":true}]}}