{"id":9953,"date":"2022-09-27T20:23:42","date_gmt":"2022-09-27T20:23:42","guid":{"rendered":"https:\/\/boutique-one-piece.com\/uncategorized\/chaussette-one-piece-portgas-d-ace\/"},"modified":"2024-09-16T11:54:21","modified_gmt":"2024-09-16T11:54:21","slug":"jednoczesciowa-skarpeta-portgas-d-ace","status":"publish","type":"product","link":"https:\/\/boutique-one-piece.com\/pl\/buty-jednoczesciowe\/skarpetki-jednoczesciowe\/jednoczesciowa-skarpeta-portgas-d-ace\/","title":{"rendered":"Jednocz\u0119\u015bciowa skarpetka Portgas D Ace"},"content":{"rendered":"<p><span><strong>Grubo\u015b\u0107:<\/strong> STANDARD<\/span><br \/>\n<span><strong>Obsceniczne zdj\u0119cie:<\/strong> NIE<\/span><br \/>\n<span><strong>Sugestywne seksualnie:<\/strong> NIE<\/span><br \/>\n<span><strong>Rodzaj skarpetki:<\/strong> Zwyk\u0142y<\/span><br \/>\n<span><strong>Tworzywo:<\/strong> Bawe\u0142na<\/span><br \/>\n<span><strong>Numer modelu:<\/strong> 11<\/span><br \/>\n<span><strong>Wysoki:<\/strong> Nieobecno\u015b\u0107<\/span><br \/>\n<span><strong>Tworzywo:<\/strong> bawe\u0142na<\/span><br \/>\n<span><strong>Grubo\u015bci:<\/strong> STANDARD<\/span><br \/>\n<span><strong>Materia\u0142 1:<\/strong> Poliester<\/span><br \/>\n<span><strong>Typ przedmiotu:<\/strong> Skarpetka<\/span><br \/>\n<span><strong>Rodzaj skarpetki:<\/strong> Zwyk\u0142y<\/span><br \/>\n<span><strong>Grubo\u015b\u0107:<\/strong> \u015arodek<\/span><br \/>\n<span><strong>P\u0142e\u0107:<\/strong> KOBIETY M\u0119\u017cczyzna<\/span><br \/>\n<span><strong>Odpowiednia pora roku:<\/strong> Wiosna, Lato, Jesie\u0144, Zima<\/span><br \/>\n<span><strong>D\u0142ugo\u015b\u0107 elementu:<\/strong> Kostka<\/span><br \/>\n<span><strong>Styl:<\/strong> Ubi\u00f3r, praca, biznes<\/span><br \/>\n<span><strong>Cechy<\/strong> Oddychaj\u0105cy, poch\u0142aniaj\u0105cy pot, antystatyczny<\/span><br \/>\n<span><strong>kolor:<\/strong> czarny, bia\u0142y, ciemnoszary, szary, niebieski<\/span><br \/>\n<span><strong>wz\u00f3r:<\/strong> Kolor jednolity<\/span><br \/>\n<span><strong>Wsparcie:<\/strong> Hurtowy<\/span><br \/>\n<span><strong>Wsparcie::<\/strong> Dropshipping<\/span><\/p>","protected":false},"excerpt":{"rendered":"<p>Thickness: STANDARD Obscene Picture: No Sexually Suggestive: No Sock Type: Casual Material: Cotton Model Number: 11 High: No Show Material: cotton Thicknes1s: STANDARD Material1: Polyester Item Type: Sock Sock Type: Casual Thickness: Middle Gender: WOMEN Man Appropriate season: Spring, Summer, Autumn, Winter Item Length: Ankle Style: Dress, work, business Features: Breathable, sweat-absorbent, anti-static color: black, [&hellip;]<\/p>","protected":false},"featured_media":9955,"comment_status":"open","ping_status":"open","template":"","meta":[],"product_brand":[],"product_cat":[64],"product_tag":[],"class_list":{"0":"post-9953","1":"product","2":"type-product","3":"status-publish","4":"has-post-thumbnail","6":"product_cat-chaussettes-one-piece","8":"first","9":"outofstock","10":"purchasable","11":"product-type-simple"},"yoast_head":"<!-- This site is optimized with the Yoast SEO plugin v27.5 - https:\/\/yoast.com\/product\/yoast-seo-wordpress\/ -->\n<title>Chaussette One Piece Portgas D Ace \u2013 Boutique One Piece<\/title>\n<meta name=\"description\" content=\"Thickness: STANDARDObscene Picture: NoSexually Suggestive: NoSock Type: CasualMaterial: CottonModel Number: 11High: No ShowMaterial: cottonThicknes1s: STANDARDMaterial1: PolyesterItem Type: SockSock Type: CasualThickness: MiddleGender: WOMEN ManAppropriate season: Spring, Summer, Autumn, WinterItem Length: AnkleStyle:\" \/>\n<meta name=\"robots\" content=\"index, follow, max-snippet:-1, max-image-preview:large, max-video-preview:-1\" \/>\n<link rel=\"canonical\" href=\"https:\/\/boutique-one-piece.com\/pl\/buty-jednoczesciowe\/skarpetki-jednoczesciowe\/jednoczesciowa-skarpeta-portgas-d-ace\/\" \/>\n<meta property=\"og:locale\" content=\"pl_PL\" \/>\n<meta property=\"og:type\" content=\"article\" \/>\n<meta property=\"og:title\" content=\"Chaussette One Piece Portgas D Ace \u2013 Boutique One Piece\" \/>\n<meta property=\"og:description\" content=\"Thickness: STANDARDObscene Picture: NoSexually Suggestive: NoSock Type: CasualMaterial: CottonModel Number: 11High: No ShowMaterial: cottonThicknes1s: STANDARDMaterial1: PolyesterItem Type: SockSock Type: CasualThickness: MiddleGender: WOMEN ManAppropriate season: Spring, Summer, Autumn, WinterItem Length: AnkleStyle:\" \/>\n<meta property=\"og:url\" content=\"https:\/\/boutique-one-piece.com\/pl\/buty-jednoczesciowe\/skarpetki-jednoczesciowe\/jednoczesciowa-skarpeta-portgas-d-ace\/\" \/>\n<meta property=\"og:site_name\" content=\"Boutique One Piece\" \/>\n<meta property=\"article:modified_time\" content=\"2024-09-16T11:54:21+00:00\" \/>\n<meta property=\"og:image\" content=\"https:\/\/boutique-one-piece.com\/wp-content\/uploads\/2022\/09\/Chaussette-One-Piece-Portgas-D-Ace.jpg\" \/>\n\t<meta property=\"og:image:width\" content=\"640\" \/>\n\t<meta property=\"og:image:height\" content=\"640\" \/>\n\t<meta property=\"og:image:type\" content=\"image\/jpeg\" \/>\n<meta name=\"twitter:card\" content=\"summary_large_image\" \/>\n<meta name=\"twitter:label1\" content=\"Szacowany czas czytania\" \/>\n\t<meta name=\"twitter:data1\" content=\"1 minuta\" \/>\n<script type=\"application\/ld+json\" class=\"yoast-schema-graph\">{\"@context\":\"https:\\\/\\\/schema.org\",\"@graph\":[{\"@type\":\"WebPage\",\"@id\":\"https:\\\/\\\/boutique-one-piece.com\\\/chaussures-one-piece\\\/chaussettes-one-piece\\\/chaussette-one-piece-portgas-d-ace\\\/\",\"url\":\"https:\\\/\\\/boutique-one-piece.com\\\/chaussures-one-piece\\\/chaussettes-one-piece\\\/chaussette-one-piece-portgas-d-ace\\\/\",\"name\":\"Chaussette One Piece Portgas D Ace \u2013 Boutique One Piece\",\"isPartOf\":{\"@id\":\"https:\\\/\\\/boutique-one-piece.com\\\/#website\"},\"primaryImageOfPage\":{\"@id\":\"https:\\\/\\\/boutique-one-piece.com\\\/chaussures-one-piece\\\/chaussettes-one-piece\\\/chaussette-one-piece-portgas-d-ace\\\/#primaryimage\"},\"image\":{\"@id\":\"https:\\\/\\\/boutique-one-piece.com\\\/chaussures-one-piece\\\/chaussettes-one-piece\\\/chaussette-one-piece-portgas-d-ace\\\/#primaryimage\"},\"thumbnailUrl\":\"https:\\\/\\\/boutique-one-piece.com\\\/wp-content\\\/uploads\\\/2022\\\/09\\\/Chaussette-One-Piece-Portgas-D-Ace.jpg\",\"datePublished\":\"2022-09-27T20:23:42+00:00\",\"dateModified\":\"2024-09-16T11:54:21+00:00\",\"description\":\"Thickness: STANDARDObscene Picture: NoSexually Suggestive: NoSock Type: CasualMaterial: CottonModel Number: 11High: No ShowMaterial: cottonThicknes1s: STANDARDMaterial1: PolyesterItem Type: SockSock Type: CasualThickness: MiddleGender: WOMEN ManAppropriate season: Spring, Summer, Autumn, WinterItem Length: AnkleStyle:\",\"breadcrumb\":{\"@id\":\"https:\\\/\\\/boutique-one-piece.com\\\/chaussures-one-piece\\\/chaussettes-one-piece\\\/chaussette-one-piece-portgas-d-ace\\\/#breadcrumb\"},\"inLanguage\":\"pl-PL\",\"potentialAction\":[{\"@type\":\"ReadAction\",\"target\":[\"https:\\\/\\\/boutique-one-piece.com\\\/chaussures-one-piece\\\/chaussettes-one-piece\\\/chaussette-one-piece-portgas-d-ace\\\/\"]}]},{\"@type\":\"ImageObject\",\"inLanguage\":\"pl-PL\",\"@id\":\"https:\\\/\\\/boutique-one-piece.com\\\/chaussures-one-piece\\\/chaussettes-one-piece\\\/chaussette-one-piece-portgas-d-ace\\\/#primaryimage\",\"url\":\"https:\\\/\\\/boutique-one-piece.com\\\/wp-content\\\/uploads\\\/2022\\\/09\\\/Chaussette-One-Piece-Portgas-D-Ace.jpg\",\"contentUrl\":\"https:\\\/\\\/boutique-one-piece.com\\\/wp-content\\\/uploads\\\/2022\\\/09\\\/Chaussette-One-Piece-Portgas-D-Ace.jpg\",\"width\":640,\"height\":640,\"caption\":\"Chaussette One Piece Portgas D Ace Default Title\"},{\"@type\":\"BreadcrumbList\",\"@id\":\"https:\\\/\\\/boutique-one-piece.com\\\/chaussures-one-piece\\\/chaussettes-one-piece\\\/chaussette-one-piece-portgas-d-ace\\\/#breadcrumb\",\"itemListElement\":[{\"@type\":\"ListItem\",\"position\":1,\"name\":\"Home\",\"item\":\"https:\\\/\\\/boutique-one-piece.com\\\/\"},{\"@type\":\"ListItem\",\"position\":2,\"name\":\"Shop\",\"item\":\"https:\\\/\\\/boutique-one-piece.com\\\/shop\\\/\"},{\"@type\":\"ListItem\",\"position\":3,\"name\":\"Chaussette One Piece Portgas D Ace\"}]},{\"@type\":\"WebSite\",\"@id\":\"https:\\\/\\\/boutique-one-piece.com\\\/#website\",\"url\":\"https:\\\/\\\/boutique-one-piece.com\\\/\",\"name\":\"Boutique One Piece\",\"description\":\"Magasin Sp\u00e9cialis\u00e9 du Manga et l&#039;Anime One Piece\",\"publisher\":{\"@id\":\"https:\\\/\\\/boutique-one-piece.com\\\/#organization\"},\"potentialAction\":[{\"@type\":\"SearchAction\",\"target\":{\"@type\":\"EntryPoint\",\"urlTemplate\":\"https:\\\/\\\/boutique-one-piece.com\\\/?s={search_term_string}\"},\"query-input\":{\"@type\":\"PropertyValueSpecification\",\"valueRequired\":true,\"valueName\":\"search_term_string\"}}],\"inLanguage\":\"pl-PL\"},{\"@type\":\"Organization\",\"@id\":\"https:\\\/\\\/boutique-one-piece.com\\\/#organization\",\"name\":\"Boutique One Piece\",\"url\":\"https:\\\/\\\/boutique-one-piece.com\\\/\",\"logo\":{\"@type\":\"ImageObject\",\"inLanguage\":\"pl-PL\",\"@id\":\"https:\\\/\\\/boutique-one-piece.com\\\/#\\\/schema\\\/logo\\\/image\\\/\",\"url\":\"https:\\\/\\\/boutique-one-piece.com\\\/wp-content\\\/uploads\\\/2022\\\/09\\\/Logo-01.png\",\"contentUrl\":\"https:\\\/\\\/boutique-one-piece.com\\\/wp-content\\\/uploads\\\/2022\\\/09\\\/Logo-01.png\",\"width\":2318,\"height\":957,\"caption\":\"Boutique One Piece\"},\"image\":{\"@id\":\"https:\\\/\\\/boutique-one-piece.com\\\/#\\\/schema\\\/logo\\\/image\\\/\"}}]}<\/script>\n<!-- \/ Yoast SEO plugin. -->","yoast_head_json":{"title":"Skarpetki Portgas D Ace One Piece \u2013 Sklep One Piece","description":"Grubo\u015b\u0107: STANDARDOWAObsceniczne zdj\u0119cie: NieSeksualne: NieRodzaj skarpetki: CodzienneMateria\u0142: Bawe\u0142naNumer modelu: 11Wysoko\u015b\u0107: NiePoka\u017cMateria\u0142: bawe\u0142naGrubo\u015b\u0107: STANDARDOWAMateria\u01421: PoliesterTyp artyku\u0142u: SkarpetaTyp skarpetki: CodzienneGrubo\u015b\u0107: \u015aredniaP\u0142e\u0107: KOBIETY M\u0119\u017cczyznaOdpowiedni sezon: Wiosna, Lato, Jesie\u0144, ZimaD\u0142ugo\u015b\u0107 artyku\u0142u: Do kostkiStyl:","robots":{"index":"index","follow":"follow","max-snippet":"max-snippet:-1","max-image-preview":"max-image-preview:large","max-video-preview":"max-video-preview:-1"},"canonical":"https:\/\/boutique-one-piece.com\/pl\/buty-jednoczesciowe\/skarpetki-jednoczesciowe\/jednoczesciowa-skarpeta-portgas-d-ace\/","og_locale":"pl_PL","og_type":"article","og_title":"Chaussette One Piece Portgas D Ace \u2013 Boutique One Piece","og_description":"Thickness: STANDARDObscene Picture: NoSexually Suggestive: NoSock Type: CasualMaterial: CottonModel Number: 11High: No ShowMaterial: cottonThicknes1s: STANDARDMaterial1: PolyesterItem Type: SockSock Type: CasualThickness: MiddleGender: WOMEN ManAppropriate season: Spring, Summer, Autumn, WinterItem Length: AnkleStyle:","og_url":"https:\/\/boutique-one-piece.com\/pl\/buty-jednoczesciowe\/skarpetki-jednoczesciowe\/jednoczesciowa-skarpeta-portgas-d-ace\/","og_site_name":"Boutique One Piece","article_modified_time":"2024-09-16T11:54:21+00:00","og_image":[{"width":640,"height":640,"url":"https:\/\/boutique-one-piece.com\/wp-content\/uploads\/2022\/09\/Chaussette-One-Piece-Portgas-D-Ace.jpg","type":"image\/jpeg"}],"twitter_card":"summary_large_image","twitter_misc":{"Szacowany czas czytania":"1 minuta"},"schema":{"@context":"https:\/\/schema.org","@graph":[{"@type":"WebPage","@id":"https:\/\/boutique-one-piece.com\/chaussures-one-piece\/chaussettes-one-piece\/chaussette-one-piece-portgas-d-ace\/","url":"https:\/\/boutique-one-piece.com\/chaussures-one-piece\/chaussettes-one-piece\/chaussette-one-piece-portgas-d-ace\/","name":"Skarpetki Portgas D Ace One Piece \u2013 Sklep One Piece","isPartOf":{"@id":"https:\/\/boutique-one-piece.com\/#website"},"primaryImageOfPage":{"@id":"https:\/\/boutique-one-piece.com\/chaussures-one-piece\/chaussettes-one-piece\/chaussette-one-piece-portgas-d-ace\/#primaryimage"},"image":{"@id":"https:\/\/boutique-one-piece.com\/chaussures-one-piece\/chaussettes-one-piece\/chaussette-one-piece-portgas-d-ace\/#primaryimage"},"thumbnailUrl":"https:\/\/boutique-one-piece.com\/wp-content\/uploads\/2022\/09\/Chaussette-One-Piece-Portgas-D-Ace.jpg","datePublished":"2022-09-27T20:23:42+00:00","dateModified":"2024-09-16T11:54:21+00:00","description":"Grubo\u015b\u0107: STANDARDOWAObsceniczne zdj\u0119cie: NieSeksualne: NieRodzaj skarpetki: CodzienneMateria\u0142: Bawe\u0142naNumer modelu: 11Wysoko\u015b\u0107: NiePoka\u017cMateria\u0142: bawe\u0142naGrubo\u015b\u0107: STANDARDOWAMateria\u01421: PoliesterTyp artyku\u0142u: SkarpetaTyp skarpetki: CodzienneGrubo\u015b\u0107: \u015aredniaP\u0142e\u0107: KOBIETY M\u0119\u017cczyznaOdpowiedni sezon: Wiosna, Lato, Jesie\u0144, ZimaD\u0142ugo\u015b\u0107 artyku\u0142u: Do kostkiStyl:","breadcrumb":{"@id":"https:\/\/boutique-one-piece.com\/chaussures-one-piece\/chaussettes-one-piece\/chaussette-one-piece-portgas-d-ace\/#breadcrumb"},"inLanguage":"pl-PL","potentialAction":[{"@type":"ReadAction","target":["https:\/\/boutique-one-piece.com\/chaussures-one-piece\/chaussettes-one-piece\/chaussette-one-piece-portgas-d-ace\/"]}]},{"@type":"ImageObject","inLanguage":"pl-PL","@id":"https:\/\/boutique-one-piece.com\/chaussures-one-piece\/chaussettes-one-piece\/chaussette-one-piece-portgas-d-ace\/#primaryimage","url":"https:\/\/boutique-one-piece.com\/wp-content\/uploads\/2022\/09\/Chaussette-One-Piece-Portgas-D-Ace.jpg","contentUrl":"https:\/\/boutique-one-piece.com\/wp-content\/uploads\/2022\/09\/Chaussette-One-Piece-Portgas-D-Ace.jpg","width":640,"height":640,"caption":"Chaussette One Piece Portgas D Ace Default Title"},{"@type":"BreadcrumbList","@id":"https:\/\/boutique-one-piece.com\/chaussures-one-piece\/chaussettes-one-piece\/chaussette-one-piece-portgas-d-ace\/#breadcrumb","itemListElement":[{"@type":"ListItem","position":1,"name":"Home","item":"https:\/\/boutique-one-piece.com\/"},{"@type":"ListItem","position":2,"name":"Shop","item":"https:\/\/boutique-one-piece.com\/shop\/"},{"@type":"ListItem","position":3,"name":"Chaussette One Piece Portgas D Ace"}]},{"@type":"WebSite","@id":"https:\/\/boutique-one-piece.com\/#website","url":"https:\/\/boutique-one-piece.com\/","name":"One Piece Shop","description":"Sklep specjalistyczny z mang\u0105 i anime One Piece","publisher":{"@id":"https:\/\/boutique-one-piece.com\/#organization"},"potentialAction":[{"@type":"SearchAction","target":{"@type":"EntryPoint","urlTemplate":"https:\/\/boutique-one-piece.com\/?s={search_term_string}"},"query-input":{"@type":"PropertyValueSpecification","valueRequired":true,"valueName":"search_term_string"}}],"inLanguage":"pl-PL"},{"@type":"Organization","@id":"https:\/\/boutique-one-piece.com\/#organization","name":"One Piece Shop","url":"https:\/\/boutique-one-piece.com\/","logo":{"@type":"ImageObject","inLanguage":"pl-PL","@id":"https:\/\/boutique-one-piece.com\/#\/schema\/logo\/image\/","url":"https:\/\/boutique-one-piece.com\/wp-content\/uploads\/2022\/09\/Logo-01.png","contentUrl":"https:\/\/boutique-one-piece.com\/wp-content\/uploads\/2022\/09\/Logo-01.png","width":2318,"height":957,"caption":"Boutique One Piece"},"image":{"@id":"https:\/\/boutique-one-piece.com\/#\/schema\/logo\/image\/"}}]}},"_links":{"self":[{"href":"https:\/\/boutique-one-piece.com\/pl\/wp-json\/wp\/v2\/product\/9953","targetHints":{"allow":["GET"]}}],"collection":[{"href":"https:\/\/boutique-one-piece.com\/pl\/wp-json\/wp\/v2\/product"}],"about":[{"href":"https:\/\/boutique-one-piece.com\/pl\/wp-json\/wp\/v2\/types\/product"}],"replies":[{"embeddable":true,"href":"https:\/\/boutique-one-piece.com\/pl\/wp-json\/wp\/v2\/comments?post=9953"}],"wp:featuredmedia":[{"embeddable":true,"href":"https:\/\/boutique-one-piece.com\/pl\/wp-json\/wp\/v2\/media\/9955"}],"wp:attachment":[{"href":"https:\/\/boutique-one-piece.com\/pl\/wp-json\/wp\/v2\/media?parent=9953"}],"wp:term":[{"taxonomy":"product_brand","embeddable":true,"href":"https:\/\/boutique-one-piece.com\/pl\/wp-json\/wp\/v2\/product_brand?post=9953"},{"taxonomy":"product_cat","embeddable":true,"href":"https:\/\/boutique-one-piece.com\/pl\/wp-json\/wp\/v2\/product_cat?post=9953"},{"taxonomy":"product_tag","embeddable":true,"href":"https:\/\/boutique-one-piece.com\/pl\/wp-json\/wp\/v2\/product_tag?post=9953"}],"curies":[{"name":"wp","href":"https:\/\/api.w.org\/{rel}","templated":true}]}}