{"id":10130,"date":"2022-09-27T20:32:36","date_gmt":"2022-09-27T20:32:36","guid":{"rendered":"https:\/\/boutique-one-piece.com\/uncategorized\/replique-one-piece-vogue-merry\/"},"modified":"2024-09-16T11:58:32","modified_gmt":"2024-09-16T11:58:32","slug":"replica-de-one-piece-vogue-merry","status":"publish","type":"product","link":"https:\/\/boutique-one-piece.com\/pt\/figuras-de-acao-de-one-piece\/replica-de-one-piece-vogue-merry\/","title":{"rendered":"Vogue Merry Boat"},"content":{"rendered":"<h2>Jovem pirata, chegou a hora de voc\u00ea adquirir esta estatueta da Vogue Merry de One Piece.<\/h2>\n<p>S\u00f3 para lembrar, O <strong>Vogue Merry<\/strong>, O navio, muitas vezes carinhosamente chamado de Merry, foi o primeiro navio do Bando do Chap\u00e9u de Palha. Com o tempo, o navio se tornou t\u00e3o querido pela tripula\u00e7\u00e3o como um lar que literalmente desenvolveu uma personalidade pr\u00f3pria e era considerado parte da tripula\u00e7\u00e3o como qualquer outro membro.<\/p>\n<p>Infelizmente, o Going Merry sofreu danos consider\u00e1veis durante sua vida \u00fatil. Obviamente, o navio n\u00e3o podia mais continuar navegando. Portanto, ap\u00f3s chegar em Water 7, recebeu um funeral viking. Este navio foi posteriormente substitu\u00eddo pelo <strong>Mil Sol<\/strong>. Al\u00e9m disso, o <a title=\"R\u00e9plica de One Piece Thousand Sunny\" href=\"https:\/\/boutique-one-piece.com\/pt\/replica-de-one-piece-thousand-sunny\/\" target=\"_blank\" rel=\"noopener\">r\u00e9plica do Thousand Sunny<\/a> Est\u00e1 ao seu alcance.<\/p>\n<h3>Ent\u00e3o, ficou fascinado pelo ic\u00f4nico Going Merry? Se sim, o que est\u00e1 esperando? Embarque e junte-se \u00e0 tripula\u00e7\u00e3o de Monkey D. Luffy.<\/h3>\n<p>One Piece \u00e9 uma s\u00e9rie de <strong>mang\u00e1 sh\u014dnen<\/strong>. Fa\u00e7a parte da aventura e torne-se um dos membros da tripula\u00e7\u00e3o do <strong>Chap\u00e9u de palha<\/strong>. Esses itens v\u00e3o te transportar para o seu universo animado favorito. Ent\u00e3o n\u00e3o espere mais e aproveite esta oportunidade para viver aventuras emocionantes.<\/p>\n<h2>Informa\u00e7\u00f5es sobre a estatueta Vogue Merry\u00a0<\/h2>\n<ul>\n<li><span><b><u>Figura de a\u00e7\u00e3o de One Piece<\/u><\/b>\u00a0Figura premium de One Piece para verdadeiros piratas.<\/span><\/li>\n<\/ul>\n<ul>\n<li>\n<b>Mat\u00e9ria<\/b><span>\u00a0<\/span>PVC<\/li>\n<\/ul>\n<ul>\n<li><span><strong>Dimens\u00e3o<\/strong>\u00a0: 28 cm<\/span><\/li>\n<\/ul>\n<ul>\n<li><span><strong>ENTREGA GR\u00c1TIS<\/strong><\/span><\/li>\n<\/ul>","protected":false},"excerpt":{"rendered":"<p>Jovem pirata, chegou a hora de voc\u00ea colocar as m\u00e3os nesta figura do Going Merry de One Piece. Para relembrar, o Going Merry, carinhosamente chamado de Merry, foi o primeiro navio do Bando do Chap\u00e9u de Palha. Com o tempo, o navio se tornou t\u00e3o amado pela tripula\u00e7\u00e3o como seu lar que literalmente se tornou deles [\u2026]<\/p>","protected":false},"featured_media":10132,"comment_status":"open","ping_status":"open","template":"","meta":[],"product_brand":[],"product_cat":[76],"product_tag":[138,324],"class_list":{"0":"post-10130","1":"product","2":"type-product","3":"status-publish","4":"has-post-thumbnail","6":"product_cat-figurines-one-piece","7":"product_tag-bateau","8":"product_tag-vogue-merry","10":"first","11":"instock","12":"purchasable","13":"product-type-simple"},"yoast_head":"<!-- This site is optimized with the Yoast SEO plugin v27.5 - https:\/\/yoast.com\/product\/yoast-seo-wordpress\/ -->\n<title>Figurine Vogue Merry One Piece | Boutique One Piece<\/title>\n<meta name=\"description\" content=\"Jeune pirate, le moment est venu pour toi de te procurer cette\u00a0Figurine One piece Vogue Merry. Pour rappel, Le Vogue Merry, souvent tendrement appel\u00e9 Merry, \u00e9tait le premier navire de L&#039;\u00c9quipage du Chapeau de Paille. Au fil du temps, le navire se fait si aimer par l&#039;\u00e9quipage en tant que maison qu&#039;il s&#039;est litt\u00e9ralement\" \/>\n<meta name=\"robots\" content=\"index, follow, max-snippet:-1, max-image-preview:large, max-video-preview:-1\" \/>\n<link rel=\"canonical\" href=\"https:\/\/boutique-one-piece.com\/pt\/figuras-de-acao-de-one-piece\/replica-de-one-piece-vogue-merry\/\" \/>\n<meta property=\"og:locale\" content=\"pt_PT\" \/>\n<meta property=\"og:type\" content=\"article\" \/>\n<meta property=\"og:title\" content=\"Figurine Vogue Merry One Piece | Boutique One Piece\" \/>\n<meta property=\"og:description\" content=\"Jeune pirate, le moment est venu pour toi de te procurer cette\u00a0Figurine One piece Vogue Merry. Pour rappel, Le Vogue Merry, souvent tendrement appel\u00e9 Merry, \u00e9tait le premier navire de L&#039;\u00c9quipage du Chapeau de Paille. Au fil du temps, le navire se fait si aimer par l&#039;\u00e9quipage en tant que maison qu&#039;il s&#039;est litt\u00e9ralement\" \/>\n<meta property=\"og:url\" content=\"https:\/\/boutique-one-piece.com\/pt\/figuras-de-acao-de-one-piece\/replica-de-one-piece-vogue-merry\/\" \/>\n<meta property=\"og:site_name\" content=\"Boutique One Piece\" \/>\n<meta property=\"article:modified_time\" content=\"2024-09-16T11:58:32+00:00\" \/>\n<meta property=\"og:image\" content=\"https:\/\/boutique-one-piece.com\/wp-content\/uploads\/2022\/09\/Bateau-Vogue-Merry-1.jpg\" \/>\n\t<meta property=\"og:image:width\" content=\"800\" \/>\n\t<meta property=\"og:image:height\" content=\"800\" \/>\n\t<meta property=\"og:image:type\" content=\"image\/jpeg\" \/>\n<meta name=\"twitter:card\" content=\"summary_large_image\" \/>\n<meta name=\"twitter:label1\" content=\"Tempo estimado de leitura\" \/>\n\t<meta name=\"twitter:data1\" content=\"1 minuto\" \/>\n<script type=\"application\/ld+json\" class=\"yoast-schema-graph\">{\"@context\":\"https:\\\/\\\/schema.org\",\"@graph\":[{\"@type\":\"WebPage\",\"@id\":\"https:\\\/\\\/boutique-one-piece.com\\\/figurines-one-piece\\\/replique-one-piece-vogue-merry\\\/\",\"url\":\"https:\\\/\\\/boutique-one-piece.com\\\/figurines-one-piece\\\/replique-one-piece-vogue-merry\\\/\",\"name\":\"Figurine Vogue Merry One Piece | Boutique One Piece\",\"isPartOf\":{\"@id\":\"https:\\\/\\\/boutique-one-piece.com\\\/#website\"},\"primaryImageOfPage\":{\"@id\":\"https:\\\/\\\/boutique-one-piece.com\\\/figurines-one-piece\\\/replique-one-piece-vogue-merry\\\/#primaryimage\"},\"image\":{\"@id\":\"https:\\\/\\\/boutique-one-piece.com\\\/figurines-one-piece\\\/replique-one-piece-vogue-merry\\\/#primaryimage\"},\"thumbnailUrl\":\"https:\\\/\\\/boutique-one-piece.com\\\/wp-content\\\/uploads\\\/2022\\\/09\\\/Bateau-Vogue-Merry-1.jpg\",\"datePublished\":\"2022-09-27T20:32:36+00:00\",\"dateModified\":\"2024-09-16T11:58:32+00:00\",\"description\":\"Jeune pirate, le moment est venu pour toi de te procurer cette\u00a0Figurine One piece Vogue Merry. Pour rappel, Le Vogue Merry, souvent tendrement appel\u00e9 Merry, \u00e9tait le premier navire de L'\u00c9quipage du Chapeau de Paille. Au fil du temps, le navire se fait si aimer par l'\u00e9quipage en tant que maison qu'il s'est litt\u00e9ralement\",\"breadcrumb\":{\"@id\":\"https:\\\/\\\/boutique-one-piece.com\\\/figurines-one-piece\\\/replique-one-piece-vogue-merry\\\/#breadcrumb\"},\"inLanguage\":\"pt-PT\",\"potentialAction\":[{\"@type\":\"ReadAction\",\"target\":[\"https:\\\/\\\/boutique-one-piece.com\\\/figurines-one-piece\\\/replique-one-piece-vogue-merry\\\/\"]}]},{\"@type\":\"ImageObject\",\"inLanguage\":\"pt-PT\",\"@id\":\"https:\\\/\\\/boutique-one-piece.com\\\/figurines-one-piece\\\/replique-one-piece-vogue-merry\\\/#primaryimage\",\"url\":\"https:\\\/\\\/boutique-one-piece.com\\\/wp-content\\\/uploads\\\/2022\\\/09\\\/Bateau-Vogue-Merry-1.jpg\",\"contentUrl\":\"https:\\\/\\\/boutique-one-piece.com\\\/wp-content\\\/uploads\\\/2022\\\/09\\\/Bateau-Vogue-Merry-1.jpg\",\"width\":800,\"height\":800},{\"@type\":\"BreadcrumbList\",\"@id\":\"https:\\\/\\\/boutique-one-piece.com\\\/figurines-one-piece\\\/replique-one-piece-vogue-merry\\\/#breadcrumb\",\"itemListElement\":[{\"@type\":\"ListItem\",\"position\":1,\"name\":\"Home\",\"item\":\"https:\\\/\\\/boutique-one-piece.com\\\/\"},{\"@type\":\"ListItem\",\"position\":2,\"name\":\"Shop\",\"item\":\"https:\\\/\\\/boutique-one-piece.com\\\/shop\\\/\"},{\"@type\":\"ListItem\",\"position\":3,\"name\":\"Bateau Vogue Merry\"}]},{\"@type\":\"WebSite\",\"@id\":\"https:\\\/\\\/boutique-one-piece.com\\\/#website\",\"url\":\"https:\\\/\\\/boutique-one-piece.com\\\/\",\"name\":\"Boutique One Piece\",\"description\":\"Magasin Sp\u00e9cialis\u00e9 du Manga et l&#039;Anime One Piece\",\"publisher\":{\"@id\":\"https:\\\/\\\/boutique-one-piece.com\\\/#organization\"},\"potentialAction\":[{\"@type\":\"SearchAction\",\"target\":{\"@type\":\"EntryPoint\",\"urlTemplate\":\"https:\\\/\\\/boutique-one-piece.com\\\/?s={search_term_string}\"},\"query-input\":{\"@type\":\"PropertyValueSpecification\",\"valueRequired\":true,\"valueName\":\"search_term_string\"}}],\"inLanguage\":\"pt-PT\"},{\"@type\":\"Organization\",\"@id\":\"https:\\\/\\\/boutique-one-piece.com\\\/#organization\",\"name\":\"Boutique One Piece\",\"url\":\"https:\\\/\\\/boutique-one-piece.com\\\/\",\"logo\":{\"@type\":\"ImageObject\",\"inLanguage\":\"pt-PT\",\"@id\":\"https:\\\/\\\/boutique-one-piece.com\\\/#\\\/schema\\\/logo\\\/image\\\/\",\"url\":\"https:\\\/\\\/boutique-one-piece.com\\\/wp-content\\\/uploads\\\/2022\\\/09\\\/Logo-01.png\",\"contentUrl\":\"https:\\\/\\\/boutique-one-piece.com\\\/wp-content\\\/uploads\\\/2022\\\/09\\\/Logo-01.png\",\"width\":2318,\"height\":957,\"caption\":\"Boutique One Piece\"},\"image\":{\"@id\":\"https:\\\/\\\/boutique-one-piece.com\\\/#\\\/schema\\\/logo\\\/image\\\/\"}}]}<\/script>\n<!-- \/ Yoast SEO plugin. -->","yoast_head_json":{"title":"Figura Vogue Merry de One Piece | Loja One Piece","description":"Jovem pirata, chegou a hora de voc\u00ea colocar as m\u00e3os nesta figura do Going Merry de One Piece. Para relembrar, o Going Merry, carinhosamente chamado de Merry, foi o primeiro navio do Bando do Chap\u00e9u de Palha. Com o tempo, o navio se tornou t\u00e3o amado pela tripula\u00e7\u00e3o como seu lar que literalmente se transformou em um navio.","robots":{"index":"index","follow":"follow","max-snippet":"max-snippet:-1","max-image-preview":"max-image-preview:large","max-video-preview":"max-video-preview:-1"},"canonical":"https:\/\/boutique-one-piece.com\/pt\/figuras-de-acao-de-one-piece\/replica-de-one-piece-vogue-merry\/","og_locale":"pt_PT","og_type":"article","og_title":"Figurine Vogue Merry One Piece | Boutique One Piece","og_description":"Jeune pirate, le moment est venu pour toi de te procurer cette\u00a0Figurine One piece Vogue Merry. Pour rappel, Le Vogue Merry, souvent tendrement appel\u00e9 Merry, \u00e9tait le premier navire de L'\u00c9quipage du Chapeau de Paille. Au fil du temps, le navire se fait si aimer par l'\u00e9quipage en tant que maison qu'il s'est litt\u00e9ralement","og_url":"https:\/\/boutique-one-piece.com\/pt\/figuras-de-acao-de-one-piece\/replica-de-one-piece-vogue-merry\/","og_site_name":"Boutique One Piece","article_modified_time":"2024-09-16T11:58:32+00:00","og_image":[{"width":800,"height":800,"url":"https:\/\/boutique-one-piece.com\/wp-content\/uploads\/2022\/09\/Bateau-Vogue-Merry-1.jpg","type":"image\/jpeg"}],"twitter_card":"summary_large_image","twitter_misc":{"Tempo estimado de leitura":"1 minuto"},"schema":{"@context":"https:\/\/schema.org","@graph":[{"@type":"WebPage","@id":"https:\/\/boutique-one-piece.com\/figurines-one-piece\/replique-one-piece-vogue-merry\/","url":"https:\/\/boutique-one-piece.com\/figurines-one-piece\/replique-one-piece-vogue-merry\/","name":"Figura Vogue Merry de One Piece | Loja One Piece","isPartOf":{"@id":"https:\/\/boutique-one-piece.com\/#website"},"primaryImageOfPage":{"@id":"https:\/\/boutique-one-piece.com\/figurines-one-piece\/replique-one-piece-vogue-merry\/#primaryimage"},"image":{"@id":"https:\/\/boutique-one-piece.com\/figurines-one-piece\/replique-one-piece-vogue-merry\/#primaryimage"},"thumbnailUrl":"https:\/\/boutique-one-piece.com\/wp-content\/uploads\/2022\/09\/Bateau-Vogue-Merry-1.jpg","datePublished":"2022-09-27T20:32:36+00:00","dateModified":"2024-09-16T11:58:32+00:00","description":"Jovem pirata, chegou a hora de voc\u00ea colocar as m\u00e3os nesta figura do Going Merry de One Piece. Para relembrar, o Going Merry, carinhosamente chamado de Merry, foi o primeiro navio do Bando do Chap\u00e9u de Palha. Com o tempo, o navio se tornou t\u00e3o amado pela tripula\u00e7\u00e3o como seu lar que literalmente se transformou em um navio.","breadcrumb":{"@id":"https:\/\/boutique-one-piece.com\/figurines-one-piece\/replique-one-piece-vogue-merry\/#breadcrumb"},"inLanguage":"pt-PT","potentialAction":[{"@type":"ReadAction","target":["https:\/\/boutique-one-piece.com\/figurines-one-piece\/replique-one-piece-vogue-merry\/"]}]},{"@type":"ImageObject","inLanguage":"pt-PT","@id":"https:\/\/boutique-one-piece.com\/figurines-one-piece\/replique-one-piece-vogue-merry\/#primaryimage","url":"https:\/\/boutique-one-piece.com\/wp-content\/uploads\/2022\/09\/Bateau-Vogue-Merry-1.jpg","contentUrl":"https:\/\/boutique-one-piece.com\/wp-content\/uploads\/2022\/09\/Bateau-Vogue-Merry-1.jpg","width":800,"height":800},{"@type":"BreadcrumbList","@id":"https:\/\/boutique-one-piece.com\/figurines-one-piece\/replique-one-piece-vogue-merry\/#breadcrumb","itemListElement":[{"@type":"ListItem","position":1,"name":"Home","item":"https:\/\/boutique-one-piece.com\/"},{"@type":"ListItem","position":2,"name":"Shop","item":"https:\/\/boutique-one-piece.com\/shop\/"},{"@type":"ListItem","position":3,"name":"Bateau Vogue Merry"}]},{"@type":"WebSite","@id":"https:\/\/boutique-one-piece.com\/#website","url":"https:\/\/boutique-one-piece.com\/","name":"Loja One Piece","description":"Loja especializada em mang\u00e1 e anime de One Piece.","publisher":{"@id":"https:\/\/boutique-one-piece.com\/#organization"},"potentialAction":[{"@type":"SearchAction","target":{"@type":"EntryPoint","urlTemplate":"https:\/\/boutique-one-piece.com\/?s={search_term_string}"},"query-input":{"@type":"PropertyValueSpecification","valueRequired":true,"valueName":"search_term_string"}}],"inLanguage":"pt-PT"},{"@type":"Organization","@id":"https:\/\/boutique-one-piece.com\/#organization","name":"Loja One Piece","url":"https:\/\/boutique-one-piece.com\/","logo":{"@type":"ImageObject","inLanguage":"pt-PT","@id":"https:\/\/boutique-one-piece.com\/#\/schema\/logo\/image\/","url":"https:\/\/boutique-one-piece.com\/wp-content\/uploads\/2022\/09\/Logo-01.png","contentUrl":"https:\/\/boutique-one-piece.com\/wp-content\/uploads\/2022\/09\/Logo-01.png","width":2318,"height":957,"caption":"Boutique One Piece"},"image":{"@id":"https:\/\/boutique-one-piece.com\/#\/schema\/logo\/image\/"}}]}},"_links":{"self":[{"href":"https:\/\/boutique-one-piece.com\/pt\/wp-json\/wp\/v2\/product\/10130","targetHints":{"allow":["GET"]}}],"collection":[{"href":"https:\/\/boutique-one-piece.com\/pt\/wp-json\/wp\/v2\/product"}],"about":[{"href":"https:\/\/boutique-one-piece.com\/pt\/wp-json\/wp\/v2\/types\/product"}],"replies":[{"embeddable":true,"href":"https:\/\/boutique-one-piece.com\/pt\/wp-json\/wp\/v2\/comments?post=10130"}],"wp:featuredmedia":[{"embeddable":true,"href":"https:\/\/boutique-one-piece.com\/pt\/wp-json\/wp\/v2\/media\/10132"}],"wp:attachment":[{"href":"https:\/\/boutique-one-piece.com\/pt\/wp-json\/wp\/v2\/media?parent=10130"}],"wp:term":[{"taxonomy":"product_brand","embeddable":true,"href":"https:\/\/boutique-one-piece.com\/pt\/wp-json\/wp\/v2\/product_brand?post=10130"},{"taxonomy":"product_cat","embeddable":true,"href":"https:\/\/boutique-one-piece.com\/pt\/wp-json\/wp\/v2\/product_cat?post=10130"},{"taxonomy":"product_tag","embeddable":true,"href":"https:\/\/boutique-one-piece.com\/pt\/wp-json\/wp\/v2\/product_tag?post=10130"}],"curies":[{"name":"wp","href":"https:\/\/api.w.org\/{rel}","templated":true}]}}