{"id":10381,"date":"2022-09-27T20:34:03","date_gmt":"2022-09-27T20:34:03","guid":{"rendered":"https:\/\/boutique-one-piece.com\/uncategorized\/short-de-bain-one-piece-katakuri\/"},"modified":"2024-09-16T12:04:43","modified_gmt":"2024-09-16T12:04:43","slug":"shorts-de-banho-do-katakuri-de-one-piece","status":"publish","type":"product","link":"https:\/\/boutique-one-piece.com\/pt\/roupas-de-uma-peca\/calcoes-de-banho-de-uma-peca\/shorts-de-banho-do-katakuri-de-one-piece\/","title":{"rendered":"Cal\u00e7\u00f5es de banho do Katakuri de One Piece"},"content":{"rendered":"<p><meta charset=\"utf-8\"><meta charset=\"utf-8\"><\/p>\n<h2>Short de Bain One Piece avec Charlotte Katakuri Second de l\u2019Empereur Big Mom, Un\u00a0Maillot de Bain de qualit\u00e9 pour un pirate comme\u00a0toi\u00a0!<\/h2>\n<p>Se voc\u00ea \u00e9 um <strong>pirata de verdade<\/strong>, Voc\u00ea ser\u00e1 muito apreciado(a). <strong>qualidade dos materiais,<\/strong>\u00a0do <strong>projeto <\/strong>e<strong> l\u2019impression 3D<\/strong>\u00a0disso <strong>Cal\u00e7\u00e3o de banho de uma pe\u00e7a<\/strong> Mas o mais importante \u00e9 que, com esses shorts, voc\u00ea far\u00e1 parte de <strong>l\u2019\u00e9quipage\u00a0des fans<\/strong> de <strong>mang\u00e1 de piratas<\/strong> e voc\u00ea obter\u00e1:<\/p>\n<ul>\n<li>\u00a0<strong>L\u2019admiration<\/strong> de todos os f\u00e3s de <strong>Mugiwara<\/strong> que voc\u00ea encontrar\u00e1<\/li>\n<\/ul>\n<ul>\n<li>Um verdadeiro <strong>cal\u00e7\u00f5es de banho estampados<\/strong> com as quais voc\u00ea pode nadar em <strong>Grand Line<\/strong>, mais attention il est d\u00e9conseill\u00e9 d\u2019aller\u00a0dans la mer si\u00a0tu as mang\u00e9 un <strong>fruta do diabo<\/strong>\n<\/li>\n<\/ul>\n<p>Ent\u00e3o, pronto para colocar o <strong>Cores Katakuri<\/strong> ?<\/p>\n<h2>Es-tu un fan du manga ou de l\u2019anim\u00e9 One Piece ? Montre le avec ce Short de Bain !<\/h2>\n<p>Se voc\u00ea <strong>ler<\/strong> ou onde quer que voc\u00ea olhe\u00a0<strong>l\u2019anim\u00e9 japonais<\/strong>, \u00c9 bem prov\u00e1vel que voc\u00ea tenha se tornado <strong>Sou louco por One Piece.<\/strong> Com isto! <strong>cal\u00e7\u00f5es de banho<\/strong> <strong>Katakuri<\/strong>, rejoins\u00a0l\u2019<strong>equipe de f\u00e3s da franquia<\/strong><\/p>\n<p>Estes cal\u00e7\u00f5es est\u00e3o dispon\u00edveis nos tamanhos<span>\u00a0<\/span><strong>XXS, XS, S, M, L, XL<\/strong>, il conviendra \u00e0 toutes les\u00a0cat\u00e9gories\u00a0de pirates, m\u00eame si tu n\u2019as pas <strong>d\u2019\u00e9p\u00e9e<\/strong>\u00a0ou <strong>fruta do diabo<\/strong> Voc\u00ea ainda pode us\u00e1-lo\u00a0<\/p>\n<p><strong>Charlotte<\/strong> <strong>Katakuri<\/strong> faz parte de <strong>3 Doce Comandante<\/strong> de l\u2019\u00e9quipage de <strong>Big Mom<\/strong>. Nous avons pu le voir pour la toute premi\u00e8re fois durant l\u2019arc de <strong>Bolo inteiro<\/strong>, durante este arco <strong>Katakuri enfrenta Luffy<\/strong> dans un combat incroyable, o\u00f9 l\u2019on d\u00e9couvre <strong>l\u2019\u00e9veille du Haki<\/strong>.<\/p>\n<p><meta charset=\"utf-8\"><\/p>\n<h3>N\u2019oublie pas de jeter\u00a0un oeil au guide des tailles ci-dessous.<\/h3>\n<p style=\"text-align: left;\"><span><img decoding=\"async\" alt=\"Tabela de tamanhos de shorts de uma pe\u00e7a Baim: XXS, XS, S, M, L, XL\" src=\"\/\/cdn.shopify.com\/s\/files\/1\/0087\/7556\/5348\/files\/boutque_one__piece_tableau_taille_short_de_bain_large.jpg?v=1560446518\" style=\"float: none;\"><\/span><\/p>\n<h3>Instru\u00e7\u00f5es de lavagem:<\/h3>\n<ul>\n<li>Lavar \u00e0 m\u00e1quina a 30 \u00b0C, ciclo delicado.<\/li>\n<\/ul>\n<ul>\n<li>Passar a ferro pelo avesso<\/li>\n<\/ul>\n<p>Para <strong>preservar a qualidade<\/strong> disso\u00a0<strong>Cal\u00e7\u00e3o de banho de uma pe\u00e7a<\/strong>, Recomendamos que voc\u00ea <strong>respeito<\/strong> O <strong>instru\u00e7\u00f5es de lavagem<\/strong>.<\/p>","protected":false},"excerpt":{"rendered":"<p>Short de Bain One Piece avec Charlotte Katakuri Second de l\u2019Empereur Big Mom, Un\u00a0Maillot de Bain de qualit\u00e9 pour un pirate comme\u00a0toi\u00a0! Si tu es un v\u00e9ritable pirate, tu seras appr\u00e9ci\u00e9 la qualit\u00e9 des mat\u00e9riaux,\u00a0de la conception et de l\u2019impression 3D\u00a0de ce short de bain One Piece !\u00a0Mais le plus important, avec ce short tu\u00a0feras [&hellip;]<\/p>","protected":false},"featured_media":10383,"comment_status":"open","ping_status":"open","template":"","meta":[],"product_brand":[],"product_cat":[66],"product_tag":[330],"class_list":{"0":"post-10381","1":"product","2":"type-product","3":"status-publish","4":"has-post-thumbnail","6":"product_cat-shorts-de-bain-one-piece","7":"product_tag-katakuri","9":"first","10":"instock","11":"purchasable","12":"product-type-variable","13":"has-default-attributes"},"yoast_head":"<!-- This site is optimized with the Yoast SEO plugin v27.5 - https:\/\/yoast.com\/product\/yoast-seo-wordpress\/ -->\n<title>Short de Bain Katakuri | Boutique One Piece<\/title>\n<meta name=\"description\" content=\"Maillot de Bain \u00e0 l&#039;\u00e9ffigie du Manga One Piece de Haute Qualit\u00e9 avec Charlotte Katakuri le Short parfait pour Tous les Pirates qui vont \u00e0 la Mer ou \u00e0 la Piscine\" \/>\n<meta name=\"robots\" content=\"index, follow, max-snippet:-1, max-image-preview:large, max-video-preview:-1\" \/>\n<link rel=\"canonical\" href=\"https:\/\/boutique-one-piece.com\/pt\/roupas-de-uma-peca\/calcoes-de-banho-de-uma-peca\/shorts-de-banho-do-katakuri-de-one-piece\/\" \/>\n<meta property=\"og:locale\" content=\"pt_PT\" \/>\n<meta property=\"og:type\" content=\"article\" \/>\n<meta property=\"og:title\" content=\"Short de Bain Katakuri | Boutique One Piece\" \/>\n<meta property=\"og:description\" content=\"Maillot de Bain \u00e0 l&#039;\u00e9ffigie du Manga One Piece de Haute Qualit\u00e9 avec Charlotte Katakuri le Short parfait pour Tous les Pirates qui vont \u00e0 la Mer ou \u00e0 la Piscine\" \/>\n<meta property=\"og:url\" content=\"https:\/\/boutique-one-piece.com\/pt\/roupas-de-uma-peca\/calcoes-de-banho-de-uma-peca\/shorts-de-banho-do-katakuri-de-one-piece\/\" \/>\n<meta property=\"og:site_name\" content=\"Boutique One Piece\" \/>\n<meta property=\"article:modified_time\" content=\"2024-09-16T12:04:43+00:00\" \/>\n<meta property=\"og:image\" content=\"https:\/\/boutique-one-piece.com\/wp-content\/uploads\/2022\/09\/Short-de-Bain-One-Piece-Katakuri.jpg\" \/>\n\t<meta property=\"og:image:width\" content=\"640\" \/>\n\t<meta property=\"og:image:height\" content=\"611\" \/>\n\t<meta property=\"og:image:type\" content=\"image\/jpeg\" \/>\n<meta name=\"twitter:card\" content=\"summary_large_image\" \/>\n<meta name=\"twitter:label1\" content=\"Tempo estimado de leitura\" \/>\n\t<meta name=\"twitter:data1\" content=\"2 minutos\" \/>\n<script type=\"application\/ld+json\" class=\"yoast-schema-graph\">{\"@context\":\"https:\\\/\\\/schema.org\",\"@graph\":[{\"@type\":\"WebPage\",\"@id\":\"https:\\\/\\\/boutique-one-piece.com\\\/vetements-one-piece\\\/shorts-de-bain-one-piece\\\/short-de-bain-one-piece-katakuri\\\/\",\"url\":\"https:\\\/\\\/boutique-one-piece.com\\\/vetements-one-piece\\\/shorts-de-bain-one-piece\\\/short-de-bain-one-piece-katakuri\\\/\",\"name\":\"Short de Bain Katakuri | Boutique One Piece\",\"isPartOf\":{\"@id\":\"https:\\\/\\\/boutique-one-piece.com\\\/#website\"},\"primaryImageOfPage\":{\"@id\":\"https:\\\/\\\/boutique-one-piece.com\\\/vetements-one-piece\\\/shorts-de-bain-one-piece\\\/short-de-bain-one-piece-katakuri\\\/#primaryimage\"},\"image\":{\"@id\":\"https:\\\/\\\/boutique-one-piece.com\\\/vetements-one-piece\\\/shorts-de-bain-one-piece\\\/short-de-bain-one-piece-katakuri\\\/#primaryimage\"},\"thumbnailUrl\":\"https:\\\/\\\/boutique-one-piece.com\\\/wp-content\\\/uploads\\\/2022\\\/09\\\/Short-de-Bain-One-Piece-Katakuri.jpg\",\"datePublished\":\"2022-09-27T20:34:03+00:00\",\"dateModified\":\"2024-09-16T12:04:43+00:00\",\"description\":\"Maillot de Bain \u00e0 l'\u00e9ffigie du Manga One Piece de Haute Qualit\u00e9 avec Charlotte Katakuri le Short parfait pour Tous les Pirates qui vont \u00e0 la Mer ou \u00e0 la Piscine\",\"breadcrumb\":{\"@id\":\"https:\\\/\\\/boutique-one-piece.com\\\/vetements-one-piece\\\/shorts-de-bain-one-piece\\\/short-de-bain-one-piece-katakuri\\\/#breadcrumb\"},\"inLanguage\":\"pt-PT\",\"potentialAction\":[{\"@type\":\"ReadAction\",\"target\":[\"https:\\\/\\\/boutique-one-piece.com\\\/vetements-one-piece\\\/shorts-de-bain-one-piece\\\/short-de-bain-one-piece-katakuri\\\/\"]}]},{\"@type\":\"ImageObject\",\"inLanguage\":\"pt-PT\",\"@id\":\"https:\\\/\\\/boutique-one-piece.com\\\/vetements-one-piece\\\/shorts-de-bain-one-piece\\\/short-de-bain-one-piece-katakuri\\\/#primaryimage\",\"url\":\"https:\\\/\\\/boutique-one-piece.com\\\/wp-content\\\/uploads\\\/2022\\\/09\\\/Short-de-Bain-One-Piece-Katakuri.jpg\",\"contentUrl\":\"https:\\\/\\\/boutique-one-piece.com\\\/wp-content\\\/uploads\\\/2022\\\/09\\\/Short-de-Bain-One-Piece-Katakuri.jpg\",\"width\":640,\"height\":611,\"caption\":\"Short de Bain One Piece Katakuri xl\"},{\"@type\":\"BreadcrumbList\",\"@id\":\"https:\\\/\\\/boutique-one-piece.com\\\/vetements-one-piece\\\/shorts-de-bain-one-piece\\\/short-de-bain-one-piece-katakuri\\\/#breadcrumb\",\"itemListElement\":[{\"@type\":\"ListItem\",\"position\":1,\"name\":\"Home\",\"item\":\"https:\\\/\\\/boutique-one-piece.com\\\/\"},{\"@type\":\"ListItem\",\"position\":2,\"name\":\"Shop\",\"item\":\"https:\\\/\\\/boutique-one-piece.com\\\/shop\\\/\"},{\"@type\":\"ListItem\",\"position\":3,\"name\":\"Short de Bain One Piece Katakuri\"}]},{\"@type\":\"WebSite\",\"@id\":\"https:\\\/\\\/boutique-one-piece.com\\\/#website\",\"url\":\"https:\\\/\\\/boutique-one-piece.com\\\/\",\"name\":\"Boutique One Piece\",\"description\":\"Magasin Sp\u00e9cialis\u00e9 du Manga et l&#039;Anime One Piece\",\"publisher\":{\"@id\":\"https:\\\/\\\/boutique-one-piece.com\\\/#organization\"},\"potentialAction\":[{\"@type\":\"SearchAction\",\"target\":{\"@type\":\"EntryPoint\",\"urlTemplate\":\"https:\\\/\\\/boutique-one-piece.com\\\/?s={search_term_string}\"},\"query-input\":{\"@type\":\"PropertyValueSpecification\",\"valueRequired\":true,\"valueName\":\"search_term_string\"}}],\"inLanguage\":\"pt-PT\"},{\"@type\":\"Organization\",\"@id\":\"https:\\\/\\\/boutique-one-piece.com\\\/#organization\",\"name\":\"Boutique One Piece\",\"url\":\"https:\\\/\\\/boutique-one-piece.com\\\/\",\"logo\":{\"@type\":\"ImageObject\",\"inLanguage\":\"pt-PT\",\"@id\":\"https:\\\/\\\/boutique-one-piece.com\\\/#\\\/schema\\\/logo\\\/image\\\/\",\"url\":\"https:\\\/\\\/boutique-one-piece.com\\\/wp-content\\\/uploads\\\/2022\\\/09\\\/Logo-01.png\",\"contentUrl\":\"https:\\\/\\\/boutique-one-piece.com\\\/wp-content\\\/uploads\\\/2022\\\/09\\\/Logo-01.png\",\"width\":2318,\"height\":957,\"caption\":\"Boutique One Piece\"},\"image\":{\"@id\":\"https:\\\/\\\/boutique-one-piece.com\\\/#\\\/schema\\\/logo\\\/image\\\/\"}}]}<\/script>\n<!-- \/ Yoast SEO plugin. -->","yoast_head_json":{"title":"Cal\u00e7\u00f5es de banho Katakuri | Loja One Piece","description":"Mai\u00f4 de alta qualidade com estampa da Charlotte Katakuri, inspirada no mang\u00e1 One Piece; o short perfeito para todos os piratas que v\u00e3o para o mar ou para a piscina.","robots":{"index":"index","follow":"follow","max-snippet":"max-snippet:-1","max-image-preview":"max-image-preview:large","max-video-preview":"max-video-preview:-1"},"canonical":"https:\/\/boutique-one-piece.com\/pt\/roupas-de-uma-peca\/calcoes-de-banho-de-uma-peca\/shorts-de-banho-do-katakuri-de-one-piece\/","og_locale":"pt_PT","og_type":"article","og_title":"Short de Bain Katakuri | Boutique One Piece","og_description":"Maillot de Bain \u00e0 l'\u00e9ffigie du Manga One Piece de Haute Qualit\u00e9 avec Charlotte Katakuri le Short parfait pour Tous les Pirates qui vont \u00e0 la Mer ou \u00e0 la Piscine","og_url":"https:\/\/boutique-one-piece.com\/pt\/roupas-de-uma-peca\/calcoes-de-banho-de-uma-peca\/shorts-de-banho-do-katakuri-de-one-piece\/","og_site_name":"Boutique One Piece","article_modified_time":"2024-09-16T12:04:43+00:00","og_image":[{"width":640,"height":611,"url":"https:\/\/boutique-one-piece.com\/wp-content\/uploads\/2022\/09\/Short-de-Bain-One-Piece-Katakuri.jpg","type":"image\/jpeg"}],"twitter_card":"summary_large_image","twitter_misc":{"Tempo estimado de leitura":"2 minutos"},"schema":{"@context":"https:\/\/schema.org","@graph":[{"@type":"WebPage","@id":"https:\/\/boutique-one-piece.com\/vetements-one-piece\/shorts-de-bain-one-piece\/short-de-bain-one-piece-katakuri\/","url":"https:\/\/boutique-one-piece.com\/vetements-one-piece\/shorts-de-bain-one-piece\/short-de-bain-one-piece-katakuri\/","name":"Cal\u00e7\u00f5es de banho Katakuri | Loja One Piece","isPartOf":{"@id":"https:\/\/boutique-one-piece.com\/#website"},"primaryImageOfPage":{"@id":"https:\/\/boutique-one-piece.com\/vetements-one-piece\/shorts-de-bain-one-piece\/short-de-bain-one-piece-katakuri\/#primaryimage"},"image":{"@id":"https:\/\/boutique-one-piece.com\/vetements-one-piece\/shorts-de-bain-one-piece\/short-de-bain-one-piece-katakuri\/#primaryimage"},"thumbnailUrl":"https:\/\/boutique-one-piece.com\/wp-content\/uploads\/2022\/09\/Short-de-Bain-One-Piece-Katakuri.jpg","datePublished":"2022-09-27T20:34:03+00:00","dateModified":"2024-09-16T12:04:43+00:00","description":"Mai\u00f4 de alta qualidade com estampa da Charlotte Katakuri, inspirada no mang\u00e1 One Piece; o short perfeito para todos os piratas que v\u00e3o para o mar ou para a piscina.","breadcrumb":{"@id":"https:\/\/boutique-one-piece.com\/vetements-one-piece\/shorts-de-bain-one-piece\/short-de-bain-one-piece-katakuri\/#breadcrumb"},"inLanguage":"pt-PT","potentialAction":[{"@type":"ReadAction","target":["https:\/\/boutique-one-piece.com\/vetements-one-piece\/shorts-de-bain-one-piece\/short-de-bain-one-piece-katakuri\/"]}]},{"@type":"ImageObject","inLanguage":"pt-PT","@id":"https:\/\/boutique-one-piece.com\/vetements-one-piece\/shorts-de-bain-one-piece\/short-de-bain-one-piece-katakuri\/#primaryimage","url":"https:\/\/boutique-one-piece.com\/wp-content\/uploads\/2022\/09\/Short-de-Bain-One-Piece-Katakuri.jpg","contentUrl":"https:\/\/boutique-one-piece.com\/wp-content\/uploads\/2022\/09\/Short-de-Bain-One-Piece-Katakuri.jpg","width":640,"height":611,"caption":"Short de Bain One Piece Katakuri xl"},{"@type":"BreadcrumbList","@id":"https:\/\/boutique-one-piece.com\/vetements-one-piece\/shorts-de-bain-one-piece\/short-de-bain-one-piece-katakuri\/#breadcrumb","itemListElement":[{"@type":"ListItem","position":1,"name":"Home","item":"https:\/\/boutique-one-piece.com\/"},{"@type":"ListItem","position":2,"name":"Shop","item":"https:\/\/boutique-one-piece.com\/shop\/"},{"@type":"ListItem","position":3,"name":"Short de Bain One Piece Katakuri"}]},{"@type":"WebSite","@id":"https:\/\/boutique-one-piece.com\/#website","url":"https:\/\/boutique-one-piece.com\/","name":"Loja One Piece","description":"Loja especializada em mang\u00e1 e anime de One Piece.","publisher":{"@id":"https:\/\/boutique-one-piece.com\/#organization"},"potentialAction":[{"@type":"SearchAction","target":{"@type":"EntryPoint","urlTemplate":"https:\/\/boutique-one-piece.com\/?s={search_term_string}"},"query-input":{"@type":"PropertyValueSpecification","valueRequired":true,"valueName":"search_term_string"}}],"inLanguage":"pt-PT"},{"@type":"Organization","@id":"https:\/\/boutique-one-piece.com\/#organization","name":"Loja One Piece","url":"https:\/\/boutique-one-piece.com\/","logo":{"@type":"ImageObject","inLanguage":"pt-PT","@id":"https:\/\/boutique-one-piece.com\/#\/schema\/logo\/image\/","url":"https:\/\/boutique-one-piece.com\/wp-content\/uploads\/2022\/09\/Logo-01.png","contentUrl":"https:\/\/boutique-one-piece.com\/wp-content\/uploads\/2022\/09\/Logo-01.png","width":2318,"height":957,"caption":"Boutique One Piece"},"image":{"@id":"https:\/\/boutique-one-piece.com\/#\/schema\/logo\/image\/"}}]}},"_links":{"self":[{"href":"https:\/\/boutique-one-piece.com\/pt\/wp-json\/wp\/v2\/product\/10381","targetHints":{"allow":["GET"]}}],"collection":[{"href":"https:\/\/boutique-one-piece.com\/pt\/wp-json\/wp\/v2\/product"}],"about":[{"href":"https:\/\/boutique-one-piece.com\/pt\/wp-json\/wp\/v2\/types\/product"}],"replies":[{"embeddable":true,"href":"https:\/\/boutique-one-piece.com\/pt\/wp-json\/wp\/v2\/comments?post=10381"}],"wp:featuredmedia":[{"embeddable":true,"href":"https:\/\/boutique-one-piece.com\/pt\/wp-json\/wp\/v2\/media\/10383"}],"wp:attachment":[{"href":"https:\/\/boutique-one-piece.com\/pt\/wp-json\/wp\/v2\/media?parent=10381"}],"wp:term":[{"taxonomy":"product_brand","embeddable":true,"href":"https:\/\/boutique-one-piece.com\/pt\/wp-json\/wp\/v2\/product_brand?post=10381"},{"taxonomy":"product_cat","embeddable":true,"href":"https:\/\/boutique-one-piece.com\/pt\/wp-json\/wp\/v2\/product_cat?post=10381"},{"taxonomy":"product_tag","embeddable":true,"href":"https:\/\/boutique-one-piece.com\/pt\/wp-json\/wp\/v2\/product_tag?post=10381"}],"curies":[{"name":"wp","href":"https:\/\/api.w.org\/{rel}","templated":true}]}}