{"id":10487,"date":"2022-09-27T20:34:48","date_gmt":"2022-09-27T20:34:48","guid":{"rendered":"https:\/\/boutique-one-piece.com\/uncategorized\/sweat-one-piece-mini-monkey-d-luffy\/"},"modified":"2024-09-16T12:07:40","modified_gmt":"2024-09-16T12:07:40","slug":"moletom-mini-do-monkey-d-luffy-de-one-piece","status":"publish","type":"product","link":"https:\/\/boutique-one-piece.com\/pt\/roupas-de-uma-peca\/moletons-de-uma-peca\/moletom-mini-do-monkey-d-luffy-de-one-piece\/","title":{"rendered":"Moletom Mini Monkey D. Luffy de One Piece"},"content":{"rendered":"<p><meta charset=\"utf-8\"><\/p>\n<h2>Moletom de manga comprida One Piece com mini Luffy<span>\u00a0<\/span>Chap\u00e9u de Palha! Um moletom de qualidade para um pirata como voc\u00ea!<\/h2>\n<p>Se voc\u00ea \u00e9 um\u00a0<strong>pirata de verdade<\/strong>, Voc\u00ea vai apreciar o\u00a0<strong>qualidade<\/strong>\u00a0tecido e\u00a0<strong>Impress\u00e3o em tela 3D<\/strong>\u00a0disso<span>\u00a0<\/span><strong>Moletom One Piece<\/strong>\u00a0Mas, o mais importante, com isto\u00a0<strong>moletom estampado<\/strong>\u00a0Isso porque voc\u00ea far\u00e1 parte de\u00a0<strong>a equipe de f\u00e3s<\/strong>\u00a0de\u00a0<strong>mang\u00e1 de piratas<\/strong>\u00a0e voc\u00ea obter\u00e1:<\/p>\n<ul>\n<li>\u00a0<strong>Admira\u00e7\u00e3o<\/strong>\u00a0de todos os f\u00e3s de\u00a0<strong>o universo<\/strong>\u00a0do\u00a0<strong>licen\u00e7a<\/strong>\u00a0de\u00a0<strong>mang\u00e1<\/strong>\u00a0que voc\u00ea encontrar\u00e1<\/li>\n<\/ul>\n<ul>\n<li>Um verdadeiro\u00a0<strong>capuz<\/strong>\u00a0com o qual voc\u00ea pode\u00a0<strong>compartilhar<\/strong>\u00a0seu\u00a0<strong>paix\u00e3o<\/strong>\u00a0Para\u00a0<strong>Uma peda\u00e7o<\/strong>\n<\/li>\n<\/ul>\n<p>Ent\u00e3o, pronta para usar o\u00a0<strong>cores\u00a0<\/strong>de<strong>\u00a0<\/strong>seu<strong>\u00a0mang\u00e1 favorito<\/strong>\u00a0?<\/p>\n<h2>Voc\u00ea \u00e9 f\u00e3 do mang\u00e1 ou anime One Piece? Mostre isso com este moletom de One Piece!<\/h2>\n<p>Se voc\u00ea\u00a0<strong>ler<\/strong>\u00a0ou onde quer que voc\u00ea olhe\u00a0\u00a0<strong>anime japon\u00eas<\/strong>, \u00c9 bem prov\u00e1vel que voc\u00ea tenha se tornado\u00a0<strong>Sou louco por One Piece.<\/strong>\u00a0Com isto!\u00a0<strong>Moletom One Piece<span>\u00a0Mini Macaco D. Luffy<\/span><\/strong>, junte-se ao\u2019<strong>equipe de f\u00e3s da franquia<\/strong><\/p>\n<p>Esse\u00a0<strong>Moletom\u00a0<\/strong>\u00a0est\u00e1 dispon\u00edvel em\u00a0<strong>Preto<\/strong>,\u00a0<strong>Branco<\/strong>\u00a0E\u00a0<b>Militares<\/b>\u00a0e em tamanhos\u00a0<strong>XXS<\/strong>,\u00a0<strong>XS<\/strong>,\u00a0<strong>S<\/strong>,<strong>\u00a0M<\/strong>,<strong>\u00a0L<\/strong>,\u00a0<strong>XL<\/strong>,\u00a0<strong>XXL<\/strong>,\u00a0<strong>3XL<\/strong>,\u00a0<strong>4XL<\/strong>\u00a0Vai agradar a todos os tipos de piratas.,\u00a0<strong>homem<\/strong>\u00a0Ou\u00a0<strong>mulheres<\/strong>, mesmo que voc\u00ea n\u00e3o tenha\u00a0<strong>espada<\/strong>\u00a0ou\u00a0<strong>fruta do diabo<\/strong>\u00a0Voc\u00ea ainda pode us\u00e1-lo com orgulho.<\/p>\n<h2>Informa\u00e7\u00f5es sobre o moletom:\u00a0<\/h2>\n<ul>\n<li>\n<strong>Moletom de uma pe\u00e7a de qualidade premium\u00a0<\/strong>: tem um<span>\u00a0<\/span><strong>gramagem alta<\/strong><span>\u00a0<\/span>com materiais de qualidade<\/li>\n<\/ul>\n<ul>\n<li>\n<strong>Grande flexibilidade\u00a0<\/strong>Gra\u00e7as \u00e0 sua composi\u00e7\u00e3o, n\u00e3o<span>\u00a0<\/span><strong>amassado<\/strong><span>\u00a0<\/span>n\u00e3o<\/li>\n<\/ul>\n<ul>\n<li>\n<strong>Muito confort\u00e1vel\u00a0<\/strong>: com<span>\u00a0<\/span>dele<span>\u00a0<\/span><strong>fibras<\/strong><span>\u00a0<\/span>de<span>\u00a0<\/span><strong>algod\u00e3o<\/strong><span>\u00a0<\/span>\u00f3timo<span>\u00a0<\/span><strong>macio<\/strong>, n\u00e3o h\u00e1<span>\u00a0<\/span><strong>atrito<\/strong>\n<\/li>\n<\/ul>\n<ul>\n<li>Impress\u00e3o digital 3D, design original<\/li>\n<\/ul>\n<ul>\n<li>\n<strong>Algod\u00e3o org\u00e2nico\u00a0<\/strong>algod\u00e3o<span>\u00a0<\/span><strong>alta qualidade<\/strong>\u00a0com<span>\u00a0<\/span><strong>fibras<\/strong><span>\u00a0<\/span>extra<span>\u00a0<\/span><strong>longo<\/strong>\n<\/li>\n<\/ul>\n<ul>\n<li>\n<strong>Entrega gr\u00e1tis\u00a0<\/strong>para qualquer compra<strong>\u00a0<\/strong>\n<\/li>\n<\/ul>\n<p><strong>N\u00e3o se esque\u00e7a de consultar o guia de tamanhos abaixo.<\/strong><\/p>\n<h2><img decoding=\"async\" src=\"https:\/\/cdn.shopify.com\/s\/files\/1\/0087\/7556\/5348\/files\/boutque_one_piece_tableau__taille_sweat_large.jpg?v=1559846386\" alt=\"Guia de tamanhos de moletons de One Piece\"><\/h2>\n<h3>Instru\u00e7\u00f5es de lavagem:<\/h3>\n<ul>\n<li>Lavar \u00e0 m\u00e1quina a 30 \u00b0C, ciclo delicado.<\/li>\n<\/ul>\n<ul>\n<li>Passar a ferro pelo avesso<\/li>\n<\/ul>\n<p>Para<span>\u00a0<\/span><strong>preservar a qualidade<\/strong><span>\u00a0<\/span>disso<span>\u00a0<strong>moletom<\/strong><\/span><strong>\u00a0Uma peda\u00e7o<\/strong>, recomendamos que voc\u00ea<span>\u00a0<\/span><strong>respeito<\/strong><span>\u00a0<\/span>O<span>\u00a0<\/span><strong>instru\u00e7\u00f5es de lavagem<\/strong>.<\/p>","protected":false},"excerpt":{"rendered":"<p>Moletom de manga comprida One Piece com mini Luffy de chap\u00e9u de palha! Um moletom de qualidade para um pirata como voc\u00ea! Se voc\u00ea \u00e9 um verdadeiro pirata, vai apreciar a qualidade do tecido e a estampa 3D deste moletom One Piece! Mas o mais importante \u00e9 que, com este moletom estampado, voc\u00ea far\u00e1 parte da tripula\u00e7\u00e3o de f\u00e3s do mang\u00e1 de piratas e ganhar\u00e1: A admira\u00e7\u00e3o de todos os f\u00e3s do universo da franquia de mang\u00e1 que [\u2026]<\/p>","protected":false},"featured_media":10489,"comment_status":"open","ping_status":"open","template":"","meta":[],"product_brand":[],"product_cat":[149,54],"product_tag":[92],"class_list":{"0":"post-10487","1":"product","2":"type-product","3":"status-publish","4":"has-post-thumbnail","6":"product_cat-sweats-one-piece","7":"product_cat-vetements-one-piece","8":"product_tag-luffy","10":"first","11":"instock","12":"purchasable","13":"product-type-variable","14":"has-default-attributes"},"yoast_head":"<!-- This site is optimized with the Yoast SEO plugin v27.5 - https:\/\/yoast.com\/product\/yoast-seo-wordpress\/ -->\n<title>Sweat One Piece Mini Monkey D. Luffy | Boutique One Piece<\/title>\n<meta name=\"description\" content=\"Sweat \u00e0 Capuche One Piece King of Pirate avec le Chapeau de Paille en Noir, Blanc et Militaire de Haute Qualit\u00e9 Porte les couleurs de la Licence de ton Mange pr\u00e9f\u00e9r\u00e9\" \/>\n<meta name=\"robots\" content=\"index, follow, max-snippet:-1, max-image-preview:large, max-video-preview:-1\" \/>\n<link rel=\"canonical\" href=\"https:\/\/boutique-one-piece.com\/pt\/roupas-de-uma-peca\/moletons-de-uma-peca\/moletom-mini-do-monkey-d-luffy-de-one-piece\/\" \/>\n<meta property=\"og:locale\" content=\"pt_PT\" \/>\n<meta property=\"og:type\" content=\"article\" \/>\n<meta property=\"og:title\" content=\"Sweat One Piece Mini Monkey D. Luffy | Boutique One Piece\" \/>\n<meta property=\"og:description\" content=\"Sweat \u00e0 Capuche One Piece King of Pirate avec le Chapeau de Paille en Noir, Blanc et Militaire de Haute Qualit\u00e9 Porte les couleurs de la Licence de ton Mange pr\u00e9f\u00e9r\u00e9\" \/>\n<meta property=\"og:url\" content=\"https:\/\/boutique-one-piece.com\/pt\/roupas-de-uma-peca\/moletons-de-uma-peca\/moletom-mini-do-monkey-d-luffy-de-one-piece\/\" \/>\n<meta property=\"og:site_name\" content=\"Boutique One Piece\" \/>\n<meta property=\"article:modified_time\" content=\"2024-09-16T12:07:40+00:00\" \/>\n<meta property=\"og:image\" content=\"https:\/\/boutique-one-piece.com\/wp-content\/uploads\/2022\/09\/Sweat-One-Piece-Mini-Monkey-D.-Luffy.jpg\" \/>\n\t<meta property=\"og:image:width\" content=\"640\" \/>\n\t<meta property=\"og:image:height\" content=\"640\" \/>\n\t<meta property=\"og:image:type\" content=\"image\/jpeg\" \/>\n<meta name=\"twitter:card\" content=\"summary_large_image\" \/>\n<meta name=\"twitter:label1\" content=\"Tempo estimado de leitura\" \/>\n\t<meta name=\"twitter:data1\" content=\"2 minutos\" \/>\n<script type=\"application\/ld+json\" class=\"yoast-schema-graph\">{\"@context\":\"https:\\\/\\\/schema.org\",\"@graph\":[{\"@type\":\"WebPage\",\"@id\":\"https:\\\/\\\/boutique-one-piece.com\\\/vetements-one-piece\\\/sweats-one-piece\\\/sweat-one-piece-mini-monkey-d-luffy\\\/\",\"url\":\"https:\\\/\\\/boutique-one-piece.com\\\/vetements-one-piece\\\/sweats-one-piece\\\/sweat-one-piece-mini-monkey-d-luffy\\\/\",\"name\":\"Sweat One Piece Mini Monkey D. Luffy | Boutique One Piece\",\"isPartOf\":{\"@id\":\"https:\\\/\\\/boutique-one-piece.com\\\/#website\"},\"primaryImageOfPage\":{\"@id\":\"https:\\\/\\\/boutique-one-piece.com\\\/vetements-one-piece\\\/sweats-one-piece\\\/sweat-one-piece-mini-monkey-d-luffy\\\/#primaryimage\"},\"image\":{\"@id\":\"https:\\\/\\\/boutique-one-piece.com\\\/vetements-one-piece\\\/sweats-one-piece\\\/sweat-one-piece-mini-monkey-d-luffy\\\/#primaryimage\"},\"thumbnailUrl\":\"https:\\\/\\\/boutique-one-piece.com\\\/wp-content\\\/uploads\\\/2022\\\/09\\\/Sweat-One-Piece-Mini-Monkey-D.-Luffy.jpg\",\"datePublished\":\"2022-09-27T20:34:48+00:00\",\"dateModified\":\"2024-09-16T12:07:40+00:00\",\"description\":\"Sweat \u00e0 Capuche One Piece King of Pirate avec le Chapeau de Paille en Noir, Blanc et Militaire de Haute Qualit\u00e9 Porte les couleurs de la Licence de ton Mange pr\u00e9f\u00e9r\u00e9\",\"breadcrumb\":{\"@id\":\"https:\\\/\\\/boutique-one-piece.com\\\/vetements-one-piece\\\/sweats-one-piece\\\/sweat-one-piece-mini-monkey-d-luffy\\\/#breadcrumb\"},\"inLanguage\":\"pt-PT\",\"potentialAction\":[{\"@type\":\"ReadAction\",\"target\":[\"https:\\\/\\\/boutique-one-piece.com\\\/vetements-one-piece\\\/sweats-one-piece\\\/sweat-one-piece-mini-monkey-d-luffy\\\/\"]}]},{\"@type\":\"ImageObject\",\"inLanguage\":\"pt-PT\",\"@id\":\"https:\\\/\\\/boutique-one-piece.com\\\/vetements-one-piece\\\/sweats-one-piece\\\/sweat-one-piece-mini-monkey-d-luffy\\\/#primaryimage\",\"url\":\"https:\\\/\\\/boutique-one-piece.com\\\/wp-content\\\/uploads\\\/2022\\\/09\\\/Sweat-One-Piece-Mini-Monkey-D.-Luffy.jpg\",\"contentUrl\":\"https:\\\/\\\/boutique-one-piece.com\\\/wp-content\\\/uploads\\\/2022\\\/09\\\/Sweat-One-Piece-Mini-Monkey-D.-Luffy.jpg\",\"width\":640,\"height\":640,\"caption\":\"Sweat One Piece Mini Monkey D. Luffy Noir 4XL\"},{\"@type\":\"BreadcrumbList\",\"@id\":\"https:\\\/\\\/boutique-one-piece.com\\\/vetements-one-piece\\\/sweats-one-piece\\\/sweat-one-piece-mini-monkey-d-luffy\\\/#breadcrumb\",\"itemListElement\":[{\"@type\":\"ListItem\",\"position\":1,\"name\":\"Home\",\"item\":\"https:\\\/\\\/boutique-one-piece.com\\\/\"},{\"@type\":\"ListItem\",\"position\":2,\"name\":\"Shop\",\"item\":\"https:\\\/\\\/boutique-one-piece.com\\\/shop\\\/\"},{\"@type\":\"ListItem\",\"position\":3,\"name\":\"Sweat One Piece Mini Monkey D. Luffy\"}]},{\"@type\":\"WebSite\",\"@id\":\"https:\\\/\\\/boutique-one-piece.com\\\/#website\",\"url\":\"https:\\\/\\\/boutique-one-piece.com\\\/\",\"name\":\"Boutique One Piece\",\"description\":\"Magasin Sp\u00e9cialis\u00e9 du Manga et l&#039;Anime One Piece\",\"publisher\":{\"@id\":\"https:\\\/\\\/boutique-one-piece.com\\\/#organization\"},\"potentialAction\":[{\"@type\":\"SearchAction\",\"target\":{\"@type\":\"EntryPoint\",\"urlTemplate\":\"https:\\\/\\\/boutique-one-piece.com\\\/?s={search_term_string}\"},\"query-input\":{\"@type\":\"PropertyValueSpecification\",\"valueRequired\":true,\"valueName\":\"search_term_string\"}}],\"inLanguage\":\"pt-PT\"},{\"@type\":\"Organization\",\"@id\":\"https:\\\/\\\/boutique-one-piece.com\\\/#organization\",\"name\":\"Boutique One Piece\",\"url\":\"https:\\\/\\\/boutique-one-piece.com\\\/\",\"logo\":{\"@type\":\"ImageObject\",\"inLanguage\":\"pt-PT\",\"@id\":\"https:\\\/\\\/boutique-one-piece.com\\\/#\\\/schema\\\/logo\\\/image\\\/\",\"url\":\"https:\\\/\\\/boutique-one-piece.com\\\/wp-content\\\/uploads\\\/2022\\\/09\\\/Logo-01.png\",\"contentUrl\":\"https:\\\/\\\/boutique-one-piece.com\\\/wp-content\\\/uploads\\\/2022\\\/09\\\/Logo-01.png\",\"width\":2318,\"height\":957,\"caption\":\"Boutique One Piece\"},\"image\":{\"@id\":\"https:\\\/\\\/boutique-one-piece.com\\\/#\\\/schema\\\/logo\\\/image\\\/\"}}]}<\/script>\n<!-- \/ Yoast SEO plugin. -->","yoast_head_json":{"title":"Moletom Mini Monkey D. Luffy de One Piece | Loja One Piece","description":"Moletom com capuz One Piece King of Pirate com chap\u00e9u de palha em preto, branco e estilo militar. Alta qualidade. Mostre seu apoio ao seu mang\u00e1 favorito!","robots":{"index":"index","follow":"follow","max-snippet":"max-snippet:-1","max-image-preview":"max-image-preview:large","max-video-preview":"max-video-preview:-1"},"canonical":"https:\/\/boutique-one-piece.com\/pt\/roupas-de-uma-peca\/moletons-de-uma-peca\/moletom-mini-do-monkey-d-luffy-de-one-piece\/","og_locale":"pt_PT","og_type":"article","og_title":"Sweat One Piece Mini Monkey D. Luffy | Boutique One Piece","og_description":"Sweat \u00e0 Capuche One Piece King of Pirate avec le Chapeau de Paille en Noir, Blanc et Militaire de Haute Qualit\u00e9 Porte les couleurs de la Licence de ton Mange pr\u00e9f\u00e9r\u00e9","og_url":"https:\/\/boutique-one-piece.com\/pt\/roupas-de-uma-peca\/moletons-de-uma-peca\/moletom-mini-do-monkey-d-luffy-de-one-piece\/","og_site_name":"Boutique One Piece","article_modified_time":"2024-09-16T12:07:40+00:00","og_image":[{"width":640,"height":640,"url":"https:\/\/boutique-one-piece.com\/wp-content\/uploads\/2022\/09\/Sweat-One-Piece-Mini-Monkey-D.-Luffy.jpg","type":"image\/jpeg"}],"twitter_card":"summary_large_image","twitter_misc":{"Tempo estimado de leitura":"2 minutos"},"schema":{"@context":"https:\/\/schema.org","@graph":[{"@type":"WebPage","@id":"https:\/\/boutique-one-piece.com\/vetements-one-piece\/sweats-one-piece\/sweat-one-piece-mini-monkey-d-luffy\/","url":"https:\/\/boutique-one-piece.com\/vetements-one-piece\/sweats-one-piece\/sweat-one-piece-mini-monkey-d-luffy\/","name":"Moletom Mini Monkey D. Luffy de One Piece | Loja One Piece","isPartOf":{"@id":"https:\/\/boutique-one-piece.com\/#website"},"primaryImageOfPage":{"@id":"https:\/\/boutique-one-piece.com\/vetements-one-piece\/sweats-one-piece\/sweat-one-piece-mini-monkey-d-luffy\/#primaryimage"},"image":{"@id":"https:\/\/boutique-one-piece.com\/vetements-one-piece\/sweats-one-piece\/sweat-one-piece-mini-monkey-d-luffy\/#primaryimage"},"thumbnailUrl":"https:\/\/boutique-one-piece.com\/wp-content\/uploads\/2022\/09\/Sweat-One-Piece-Mini-Monkey-D.-Luffy.jpg","datePublished":"2022-09-27T20:34:48+00:00","dateModified":"2024-09-16T12:07:40+00:00","description":"Moletom com capuz One Piece King of Pirate com chap\u00e9u de palha em preto, branco e estilo militar. Alta qualidade. Mostre seu apoio ao seu mang\u00e1 favorito!","breadcrumb":{"@id":"https:\/\/boutique-one-piece.com\/vetements-one-piece\/sweats-one-piece\/sweat-one-piece-mini-monkey-d-luffy\/#breadcrumb"},"inLanguage":"pt-PT","potentialAction":[{"@type":"ReadAction","target":["https:\/\/boutique-one-piece.com\/vetements-one-piece\/sweats-one-piece\/sweat-one-piece-mini-monkey-d-luffy\/"]}]},{"@type":"ImageObject","inLanguage":"pt-PT","@id":"https:\/\/boutique-one-piece.com\/vetements-one-piece\/sweats-one-piece\/sweat-one-piece-mini-monkey-d-luffy\/#primaryimage","url":"https:\/\/boutique-one-piece.com\/wp-content\/uploads\/2022\/09\/Sweat-One-Piece-Mini-Monkey-D.-Luffy.jpg","contentUrl":"https:\/\/boutique-one-piece.com\/wp-content\/uploads\/2022\/09\/Sweat-One-Piece-Mini-Monkey-D.-Luffy.jpg","width":640,"height":640,"caption":"Sweat One Piece Mini Monkey D. Luffy Noir 4XL"},{"@type":"BreadcrumbList","@id":"https:\/\/boutique-one-piece.com\/vetements-one-piece\/sweats-one-piece\/sweat-one-piece-mini-monkey-d-luffy\/#breadcrumb","itemListElement":[{"@type":"ListItem","position":1,"name":"Home","item":"https:\/\/boutique-one-piece.com\/"},{"@type":"ListItem","position":2,"name":"Shop","item":"https:\/\/boutique-one-piece.com\/shop\/"},{"@type":"ListItem","position":3,"name":"Sweat One Piece Mini Monkey D. Luffy"}]},{"@type":"WebSite","@id":"https:\/\/boutique-one-piece.com\/#website","url":"https:\/\/boutique-one-piece.com\/","name":"Loja One Piece","description":"Loja especializada em mang\u00e1 e anime de One Piece.","publisher":{"@id":"https:\/\/boutique-one-piece.com\/#organization"},"potentialAction":[{"@type":"SearchAction","target":{"@type":"EntryPoint","urlTemplate":"https:\/\/boutique-one-piece.com\/?s={search_term_string}"},"query-input":{"@type":"PropertyValueSpecification","valueRequired":true,"valueName":"search_term_string"}}],"inLanguage":"pt-PT"},{"@type":"Organization","@id":"https:\/\/boutique-one-piece.com\/#organization","name":"Loja One Piece","url":"https:\/\/boutique-one-piece.com\/","logo":{"@type":"ImageObject","inLanguage":"pt-PT","@id":"https:\/\/boutique-one-piece.com\/#\/schema\/logo\/image\/","url":"https:\/\/boutique-one-piece.com\/wp-content\/uploads\/2022\/09\/Logo-01.png","contentUrl":"https:\/\/boutique-one-piece.com\/wp-content\/uploads\/2022\/09\/Logo-01.png","width":2318,"height":957,"caption":"Boutique One Piece"},"image":{"@id":"https:\/\/boutique-one-piece.com\/#\/schema\/logo\/image\/"}}]}},"_links":{"self":[{"href":"https:\/\/boutique-one-piece.com\/pt\/wp-json\/wp\/v2\/product\/10487","targetHints":{"allow":["GET"]}}],"collection":[{"href":"https:\/\/boutique-one-piece.com\/pt\/wp-json\/wp\/v2\/product"}],"about":[{"href":"https:\/\/boutique-one-piece.com\/pt\/wp-json\/wp\/v2\/types\/product"}],"replies":[{"embeddable":true,"href":"https:\/\/boutique-one-piece.com\/pt\/wp-json\/wp\/v2\/comments?post=10487"}],"wp:featuredmedia":[{"embeddable":true,"href":"https:\/\/boutique-one-piece.com\/pt\/wp-json\/wp\/v2\/media\/10489"}],"wp:attachment":[{"href":"https:\/\/boutique-one-piece.com\/pt\/wp-json\/wp\/v2\/media?parent=10487"}],"wp:term":[{"taxonomy":"product_brand","embeddable":true,"href":"https:\/\/boutique-one-piece.com\/pt\/wp-json\/wp\/v2\/product_brand?post=10487"},{"taxonomy":"product_cat","embeddable":true,"href":"https:\/\/boutique-one-piece.com\/pt\/wp-json\/wp\/v2\/product_cat?post=10487"},{"taxonomy":"product_tag","embeddable":true,"href":"https:\/\/boutique-one-piece.com\/pt\/wp-json\/wp\/v2\/product_tag?post=10487"}],"curies":[{"name":"wp","href":"https:\/\/api.w.org\/{rel}","templated":true}]}}