{"id":10940,"date":"2022-09-27T20:37:33","date_gmt":"2022-09-27T20:37:33","guid":{"rendered":"https:\/\/boutique-one-piece.com\/uncategorized\/figurine-one-piece-luffy-arc-wano-kuni\/"},"modified":"2026-03-16T03:36:28","modified_gmt":"2026-03-16T03:36:28","slug":"estatueta-de-uma-peca-arco-luffy-wano-kuni","status":"publish","type":"product","link":"https:\/\/boutique-one-piece.com\/pt\/produtos-de-one-piece\/guloseimas-monkey-d-luffy-one-piece\/estatueta-de-uma-peca-arco-luffy-wano-kuni\/","title":{"rendered":"Figura de Luffy do Arco de Wano de One Piece"},"content":{"rendered":"<h2>Jovem pirata, chegou a hora de voc\u00ea adquirir esta figura do Luffy do arco de Wano de One Piece.<\/h2>\n<p>Ainda que <strong>Luffy<\/strong> Ele dispensa apresenta\u00e7\u00f5es, aqui est\u00e1 o que voc\u00ea precisa saber sobre ele: \u00e9 filho do l\u00edder do Ex\u00e9rcito Revolucion\u00e1rio, Monkey D. Dragon, e neto do famoso vice-almirante da Marinha, Monkey D. Garp. Ele tamb\u00e9m \u00e9 irm\u00e3o adotivo do falecido <strong>Portgas D. Ace e Sabo<\/strong>. Seu maior sonho \u00e9 se tornar o Rei dos Piratas ao encontrar o tesouro lend\u00e1rio.<strong> Uma peda\u00e7o<\/strong>, escondido em algum lugar do mundo por Gol D. Roger.<\/p>\n<p>Quanto ao arco do Pa\u00eds de Wano, saiba que os Piratas do Chap\u00e9u de Palha e os Piratas do Cora\u00e7\u00e3o, junto com Kin&#039;emon, Raizo, Kanjuro Momonosuke e alguns Minks, est\u00e3o todos reunidos em Wano e prontos para derrotar Kaido! Quando Kaido chega em sua forma de drag\u00e3o, descobrimos mais sobre o que aconteceu 20 anos atr\u00e1s no castelo de Oden Kozuki\u2026 Al\u00e9m disso, <a title=\"FIGURA DE UMA PE\u00c7A RORONOA ZORO WANO KUNI\" href=\"https:\/\/boutique-one-piece.com\/pt\/estatueta-de-uma-peca-roronoa-zoro-wano-kuni\/\" target=\"_blank\" rel=\"noopener\">estatueta de Zoro no Arco Wano Kuni<\/a> Est\u00e1 ao seu alcance.<\/p>\n<h3>Ent\u00e3o, voc\u00ea ficou fascinado pela figura do Luffy do Arco do Pa\u00eds de Wano? Se sim, n\u00e3o espere mais e junte-se a ele. Muitas aventuras o aguardam ao seu lado.<\/h3>\n<p>Seja voc\u00ea um f\u00e3 de longa data ou um colecionador s\u00e9rio, estes <strong>objetos m\u00edticos<\/strong> Estas pe\u00e7as foram feitas para voc\u00ea. Aproveite a oportunidade para expandir seu universo de One Piece. Seu destino est\u00e1 agora em suas m\u00e3os, jovem pirata!<strong> A Tripula\u00e7\u00e3o do Chap\u00e9u de Palha<\/strong> Est\u00e1 s\u00f3 \u00e0 sua espera.<\/p>\n<h2>Informa\u00e7\u00f5es sobre o Arco de Luffy em Wano Kuni\u00a0<\/h2>\n<ul>\n<li><span><b><u>Figura de a\u00e7\u00e3o de One Piece<\/u><\/b>\u00a0Figura premium de One Piece para verdadeiros piratas.<\/span><\/li>\n<\/ul>\n<ul>\n<li>\n<b>Mat\u00e9ria<\/b><span>\u00a0<\/span>PVC<\/li>\n<\/ul>\n<ul>\n<li><span><strong>Dimens\u00e3o<\/strong>\u00a0: 18 cm<\/span><\/li>\n<\/ul>\n<ul>\n<li><span><strong>ENTREGA GR\u00c1TIS<\/strong><\/span><\/li>\n<\/ul>","protected":false},"excerpt":{"rendered":"<p>Jovem pirata, chegou a hora de voc\u00ea colocar as m\u00e3os nesta figura do Luffy do Arco do Pa\u00eds de Wano de One Piece. Embora Luffy n\u00e3o precise de apresenta\u00e7\u00f5es, aqui est\u00e1 o que voc\u00ea deve saber sobre ele: ele \u00e9 filho do l\u00edder do Ex\u00e9rcito Revolucion\u00e1rio, Monkey D. Dragon, e neto do famoso Vice-Almirante da Marinha Real Brit\u00e2nica.<\/p>","protected":false},"featured_media":10942,"comment_status":"open","ping_status":"open","template":"","meta":[],"product_brand":[],"product_cat":[181,76,215,80],"product_tag":[92,217],"class_list":{"0":"post-10940","1":"product","2":"type-product","3":"status-publish","4":"has-post-thumbnail","6":"product_cat-figurines-monkey-d-luffy","7":"product_cat-figurines-one-piece","8":"product_cat-figurines-one-piece-wano-kuni","9":"product_cat-goodies-monkey-d-luffy-one-piece","10":"product_tag-luffy","11":"product_tag-wano-kuni","13":"first","14":"instock","15":"purchasable","16":"product-type-simple"},"yoast_head":"<!-- This site is optimized with the Yoast SEO plugin v27.5 - https:\/\/yoast.com\/product\/yoast-seo-wordpress\/ -->\n<title>Figurine One Piece Luffy Arc Wano Kuni | Figurine One Piece \u2013 Boutique One Piece<\/title>\n<meta name=\"description\" content=\"Jeune pirate, le moment est venu pour toi de te procurer cette Figurine One Piece Luffy Arc Wano Kuni. M\u00eame si Luffy n&#039;est plus \u00e0 pr\u00e9senter, voici ce que tu dois savoir \u00e0 son sujet ; c&#039;est le fils du chef de l&#039;Arm\u00e9e R\u00e9volutionnaire, Monkey D. Dragon et le petit-fils du c\u00e9l\u00e8bre Vice-Amiral de la Marine, Monkey D. Garp.\" \/>\n<meta name=\"robots\" content=\"index, follow, max-snippet:-1, max-image-preview:large, max-video-preview:-1\" \/>\n<link rel=\"canonical\" href=\"https:\/\/boutique-one-piece.com\/pt\/figuras-de-acao-de-one-piece\/figuras-de-acao-de-one-piece-wano-kuni\/estatueta-de-uma-peca-arco-luffy-wano-kuni\/\" \/>\n<meta property=\"og:locale\" content=\"pt_PT\" \/>\n<meta property=\"og:type\" content=\"article\" \/>\n<meta property=\"og:title\" content=\"Figurine One Piece Luffy Arc Wano Kuni | Figurine One Piece \u2013 Boutique One Piece\" \/>\n<meta property=\"og:description\" content=\"Jeune pirate, le moment est venu pour toi de te procurer cette Figurine One Piece Luffy Arc Wano Kuni. M\u00eame si Luffy n&#039;est plus \u00e0 pr\u00e9senter, voici ce que tu dois savoir \u00e0 son sujet ; c&#039;est le fils du chef de l&#039;Arm\u00e9e R\u00e9volutionnaire, Monkey D. Dragon et le petit-fils du c\u00e9l\u00e8bre Vice-Amiral de la Marine, Monkey D. Garp.\" \/>\n<meta property=\"og:url\" content=\"https:\/\/boutique-one-piece.com\/pt\/figuras-de-acao-de-one-piece\/figuras-de-acao-de-one-piece-wano-kuni\/estatueta-de-uma-peca-arco-luffy-wano-kuni\/\" \/>\n<meta property=\"og:site_name\" content=\"Boutique One Piece\" \/>\n<meta property=\"article:modified_time\" content=\"2026-03-16T03:36:28+00:00\" \/>\n<meta property=\"og:image\" content=\"https:\/\/boutique-one-piece.com\/wp-content\/uploads\/2022\/09\/Figurine-One-Piece-Luffy-Arc-Wano-Kuni-1.jpg\" \/>\n\t<meta property=\"og:image:width\" content=\"805\" \/>\n\t<meta property=\"og:image:height\" content=\"805\" \/>\n\t<meta property=\"og:image:type\" content=\"image\/jpeg\" \/>\n<meta name=\"twitter:card\" content=\"summary_large_image\" \/>\n<meta name=\"twitter:label1\" content=\"Tempo estimado de leitura\" \/>\n\t<meta name=\"twitter:data1\" content=\"2 minutos\" \/>\n<script type=\"application\/ld+json\" class=\"yoast-schema-graph\">{\"@context\":\"https:\\\/\\\/schema.org\",\"@graph\":[{\"@type\":\"WebPage\",\"@id\":\"https:\\\/\\\/boutique-one-piece.com\\\/figurines-one-piece\\\/figurines-one-piece-wano-kuni\\\/figurine-one-piece-luffy-arc-wano-kuni\\\/\",\"url\":\"https:\\\/\\\/boutique-one-piece.com\\\/figurines-one-piece\\\/figurines-one-piece-wano-kuni\\\/figurine-one-piece-luffy-arc-wano-kuni\\\/\",\"name\":\"Figurine One Piece Luffy Arc Wano Kuni | Figurine One Piece \u2013 Boutique One Piece\",\"isPartOf\":{\"@id\":\"https:\\\/\\\/boutique-one-piece.com\\\/#website\"},\"primaryImageOfPage\":{\"@id\":\"https:\\\/\\\/boutique-one-piece.com\\\/figurines-one-piece\\\/figurines-one-piece-wano-kuni\\\/figurine-one-piece-luffy-arc-wano-kuni\\\/#primaryimage\"},\"image\":{\"@id\":\"https:\\\/\\\/boutique-one-piece.com\\\/figurines-one-piece\\\/figurines-one-piece-wano-kuni\\\/figurine-one-piece-luffy-arc-wano-kuni\\\/#primaryimage\"},\"thumbnailUrl\":\"https:\\\/\\\/boutique-one-piece.com\\\/wp-content\\\/uploads\\\/2022\\\/09\\\/Figurine-One-Piece-Luffy-Arc-Wano-Kuni-1.jpg\",\"datePublished\":\"2022-09-27T20:37:33+00:00\",\"dateModified\":\"2026-03-16T03:36:28+00:00\",\"description\":\"Jeune pirate, le moment est venu pour toi de te procurer cette Figurine One Piece Luffy Arc Wano Kuni. M\u00eame si Luffy n'est plus \u00e0 pr\u00e9senter, voici ce que tu dois savoir \u00e0 son sujet ; c'est le fils du chef de l'Arm\u00e9e R\u00e9volutionnaire, Monkey D. Dragon et le petit-fils du c\u00e9l\u00e8bre Vice-Amiral de la Marine, Monkey D. Garp.\",\"breadcrumb\":{\"@id\":\"https:\\\/\\\/boutique-one-piece.com\\\/figurines-one-piece\\\/figurines-one-piece-wano-kuni\\\/figurine-one-piece-luffy-arc-wano-kuni\\\/#breadcrumb\"},\"inLanguage\":\"pt-PT\",\"potentialAction\":[{\"@type\":\"ReadAction\",\"target\":[\"https:\\\/\\\/boutique-one-piece.com\\\/figurines-one-piece\\\/figurines-one-piece-wano-kuni\\\/figurine-one-piece-luffy-arc-wano-kuni\\\/\"]}]},{\"@type\":\"ImageObject\",\"inLanguage\":\"pt-PT\",\"@id\":\"https:\\\/\\\/boutique-one-piece.com\\\/figurines-one-piece\\\/figurines-one-piece-wano-kuni\\\/figurine-one-piece-luffy-arc-wano-kuni\\\/#primaryimage\",\"url\":\"https:\\\/\\\/boutique-one-piece.com\\\/wp-content\\\/uploads\\\/2022\\\/09\\\/Figurine-One-Piece-Luffy-Arc-Wano-Kuni-1.jpg\",\"contentUrl\":\"https:\\\/\\\/boutique-one-piece.com\\\/wp-content\\\/uploads\\\/2022\\\/09\\\/Figurine-One-Piece-Luffy-Arc-Wano-Kuni-1.jpg\",\"width\":805,\"height\":805},{\"@type\":\"BreadcrumbList\",\"@id\":\"https:\\\/\\\/boutique-one-piece.com\\\/figurines-one-piece\\\/figurines-one-piece-wano-kuni\\\/figurine-one-piece-luffy-arc-wano-kuni\\\/#breadcrumb\",\"itemListElement\":[{\"@type\":\"ListItem\",\"position\":1,\"name\":\"Home\",\"item\":\"https:\\\/\\\/boutique-one-piece.com\\\/\"},{\"@type\":\"ListItem\",\"position\":2,\"name\":\"Shop\",\"item\":\"https:\\\/\\\/boutique-one-piece.com\\\/shop\\\/\"},{\"@type\":\"ListItem\",\"position\":3,\"name\":\"Figurine One Piece Luffy Arc Wano Kuni\"}]},{\"@type\":\"WebSite\",\"@id\":\"https:\\\/\\\/boutique-one-piece.com\\\/#website\",\"url\":\"https:\\\/\\\/boutique-one-piece.com\\\/\",\"name\":\"Boutique One Piece\",\"description\":\"Magasin Sp\u00e9cialis\u00e9 du Manga et l&#039;Anime One Piece\",\"publisher\":{\"@id\":\"https:\\\/\\\/boutique-one-piece.com\\\/#organization\"},\"potentialAction\":[{\"@type\":\"SearchAction\",\"target\":{\"@type\":\"EntryPoint\",\"urlTemplate\":\"https:\\\/\\\/boutique-one-piece.com\\\/?s={search_term_string}\"},\"query-input\":{\"@type\":\"PropertyValueSpecification\",\"valueRequired\":true,\"valueName\":\"search_term_string\"}}],\"inLanguage\":\"pt-PT\"},{\"@type\":\"Organization\",\"@id\":\"https:\\\/\\\/boutique-one-piece.com\\\/#organization\",\"name\":\"Boutique One Piece\",\"url\":\"https:\\\/\\\/boutique-one-piece.com\\\/\",\"logo\":{\"@type\":\"ImageObject\",\"inLanguage\":\"pt-PT\",\"@id\":\"https:\\\/\\\/boutique-one-piece.com\\\/#\\\/schema\\\/logo\\\/image\\\/\",\"url\":\"https:\\\/\\\/boutique-one-piece.com\\\/wp-content\\\/uploads\\\/2022\\\/09\\\/Logo-01.png\",\"contentUrl\":\"https:\\\/\\\/boutique-one-piece.com\\\/wp-content\\\/uploads\\\/2022\\\/09\\\/Logo-01.png\",\"width\":2318,\"height\":957,\"caption\":\"Boutique One Piece\"},\"image\":{\"@id\":\"https:\\\/\\\/boutique-one-piece.com\\\/#\\\/schema\\\/logo\\\/image\\\/\"}}]}<\/script>\n<!-- \/ Yoast SEO plugin. -->","yoast_head_json":{"title":"Figura de a\u00e7\u00e3o de Luffy do Arco de Wano de One Piece | Figura de a\u00e7\u00e3o de One Piece \u2013 Loja de One Piece","description":"Jovem pirata, chegou a hora de voc\u00ea colocar as m\u00e3os nesta figura do Luffy do Arco do Pa\u00eds de Wano de One Piece. Embora Luffy n\u00e3o precise de apresenta\u00e7\u00f5es, aqui est\u00e1 o que voc\u00ea deve saber sobre ele: ele \u00e9 filho do l\u00edder do Ex\u00e9rcito Revolucion\u00e1rio, Monkey D. Dragon, e neto do famoso Vice-Almirante da Marinha, Monkey D. Garp.","robots":{"index":"index","follow":"follow","max-snippet":"max-snippet:-1","max-image-preview":"max-image-preview:large","max-video-preview":"max-video-preview:-1"},"canonical":"https:\/\/boutique-one-piece.com\/pt\/figuras-de-acao-de-one-piece\/figuras-de-acao-de-one-piece-wano-kuni\/estatueta-de-uma-peca-arco-luffy-wano-kuni\/","og_locale":"pt_PT","og_type":"article","og_title":"Figurine One Piece Luffy Arc Wano Kuni | Figurine One Piece \u2013 Boutique One Piece","og_description":"Jeune pirate, le moment est venu pour toi de te procurer cette Figurine One Piece Luffy Arc Wano Kuni. M\u00eame si Luffy n'est plus \u00e0 pr\u00e9senter, voici ce que tu dois savoir \u00e0 son sujet ; c'est le fils du chef de l'Arm\u00e9e R\u00e9volutionnaire, Monkey D. Dragon et le petit-fils du c\u00e9l\u00e8bre Vice-Amiral de la Marine, Monkey D. Garp.","og_url":"https:\/\/boutique-one-piece.com\/pt\/figuras-de-acao-de-one-piece\/figuras-de-acao-de-one-piece-wano-kuni\/estatueta-de-uma-peca-arco-luffy-wano-kuni\/","og_site_name":"Boutique One Piece","article_modified_time":"2026-03-16T03:36:28+00:00","og_image":[{"width":805,"height":805,"url":"https:\/\/boutique-one-piece.com\/wp-content\/uploads\/2022\/09\/Figurine-One-Piece-Luffy-Arc-Wano-Kuni-1.jpg","type":"image\/jpeg"}],"twitter_card":"summary_large_image","twitter_misc":{"Tempo estimado de leitura":"2 minutos"},"schema":{"@context":"https:\/\/schema.org","@graph":[{"@type":"WebPage","@id":"https:\/\/boutique-one-piece.com\/figurines-one-piece\/figurines-one-piece-wano-kuni\/figurine-one-piece-luffy-arc-wano-kuni\/","url":"https:\/\/boutique-one-piece.com\/figurines-one-piece\/figurines-one-piece-wano-kuni\/figurine-one-piece-luffy-arc-wano-kuni\/","name":"Figura de a\u00e7\u00e3o de Luffy do Arco de Wano de One Piece | Figura de a\u00e7\u00e3o de One Piece \u2013 Loja de One Piece","isPartOf":{"@id":"https:\/\/boutique-one-piece.com\/#website"},"primaryImageOfPage":{"@id":"https:\/\/boutique-one-piece.com\/figurines-one-piece\/figurines-one-piece-wano-kuni\/figurine-one-piece-luffy-arc-wano-kuni\/#primaryimage"},"image":{"@id":"https:\/\/boutique-one-piece.com\/figurines-one-piece\/figurines-one-piece-wano-kuni\/figurine-one-piece-luffy-arc-wano-kuni\/#primaryimage"},"thumbnailUrl":"https:\/\/boutique-one-piece.com\/wp-content\/uploads\/2022\/09\/Figurine-One-Piece-Luffy-Arc-Wano-Kuni-1.jpg","datePublished":"2022-09-27T20:37:33+00:00","dateModified":"2026-03-16T03:36:28+00:00","description":"Jovem pirata, chegou a hora de voc\u00ea colocar as m\u00e3os nesta figura do Luffy do Arco do Pa\u00eds de Wano de One Piece. Embora Luffy n\u00e3o precise de apresenta\u00e7\u00f5es, aqui est\u00e1 o que voc\u00ea deve saber sobre ele: ele \u00e9 filho do l\u00edder do Ex\u00e9rcito Revolucion\u00e1rio, Monkey D. Dragon, e neto do famoso Vice-Almirante da Marinha, Monkey D. Garp.","breadcrumb":{"@id":"https:\/\/boutique-one-piece.com\/figurines-one-piece\/figurines-one-piece-wano-kuni\/figurine-one-piece-luffy-arc-wano-kuni\/#breadcrumb"},"inLanguage":"pt-PT","potentialAction":[{"@type":"ReadAction","target":["https:\/\/boutique-one-piece.com\/figurines-one-piece\/figurines-one-piece-wano-kuni\/figurine-one-piece-luffy-arc-wano-kuni\/"]}]},{"@type":"ImageObject","inLanguage":"pt-PT","@id":"https:\/\/boutique-one-piece.com\/figurines-one-piece\/figurines-one-piece-wano-kuni\/figurine-one-piece-luffy-arc-wano-kuni\/#primaryimage","url":"https:\/\/boutique-one-piece.com\/wp-content\/uploads\/2022\/09\/Figurine-One-Piece-Luffy-Arc-Wano-Kuni-1.jpg","contentUrl":"https:\/\/boutique-one-piece.com\/wp-content\/uploads\/2022\/09\/Figurine-One-Piece-Luffy-Arc-Wano-Kuni-1.jpg","width":805,"height":805},{"@type":"BreadcrumbList","@id":"https:\/\/boutique-one-piece.com\/figurines-one-piece\/figurines-one-piece-wano-kuni\/figurine-one-piece-luffy-arc-wano-kuni\/#breadcrumb","itemListElement":[{"@type":"ListItem","position":1,"name":"Home","item":"https:\/\/boutique-one-piece.com\/"},{"@type":"ListItem","position":2,"name":"Shop","item":"https:\/\/boutique-one-piece.com\/shop\/"},{"@type":"ListItem","position":3,"name":"Figurine One Piece Luffy Arc Wano Kuni"}]},{"@type":"WebSite","@id":"https:\/\/boutique-one-piece.com\/#website","url":"https:\/\/boutique-one-piece.com\/","name":"Loja One Piece","description":"Loja especializada em mang\u00e1 e anime de One Piece.","publisher":{"@id":"https:\/\/boutique-one-piece.com\/#organization"},"potentialAction":[{"@type":"SearchAction","target":{"@type":"EntryPoint","urlTemplate":"https:\/\/boutique-one-piece.com\/?s={search_term_string}"},"query-input":{"@type":"PropertyValueSpecification","valueRequired":true,"valueName":"search_term_string"}}],"inLanguage":"pt-PT"},{"@type":"Organization","@id":"https:\/\/boutique-one-piece.com\/#organization","name":"Loja One Piece","url":"https:\/\/boutique-one-piece.com\/","logo":{"@type":"ImageObject","inLanguage":"pt-PT","@id":"https:\/\/boutique-one-piece.com\/#\/schema\/logo\/image\/","url":"https:\/\/boutique-one-piece.com\/wp-content\/uploads\/2022\/09\/Logo-01.png","contentUrl":"https:\/\/boutique-one-piece.com\/wp-content\/uploads\/2022\/09\/Logo-01.png","width":2318,"height":957,"caption":"Boutique One Piece"},"image":{"@id":"https:\/\/boutique-one-piece.com\/#\/schema\/logo\/image\/"}}]}},"_links":{"self":[{"href":"https:\/\/boutique-one-piece.com\/pt\/wp-json\/wp\/v2\/product\/10940","targetHints":{"allow":["GET"]}}],"collection":[{"href":"https:\/\/boutique-one-piece.com\/pt\/wp-json\/wp\/v2\/product"}],"about":[{"href":"https:\/\/boutique-one-piece.com\/pt\/wp-json\/wp\/v2\/types\/product"}],"replies":[{"embeddable":true,"href":"https:\/\/boutique-one-piece.com\/pt\/wp-json\/wp\/v2\/comments?post=10940"}],"wp:featuredmedia":[{"embeddable":true,"href":"https:\/\/boutique-one-piece.com\/pt\/wp-json\/wp\/v2\/media\/10942"}],"wp:attachment":[{"href":"https:\/\/boutique-one-piece.com\/pt\/wp-json\/wp\/v2\/media?parent=10940"}],"wp:term":[{"taxonomy":"product_brand","embeddable":true,"href":"https:\/\/boutique-one-piece.com\/pt\/wp-json\/wp\/v2\/product_brand?post=10940"},{"taxonomy":"product_cat","embeddable":true,"href":"https:\/\/boutique-one-piece.com\/pt\/wp-json\/wp\/v2\/product_cat?post=10940"},{"taxonomy":"product_tag","embeddable":true,"href":"https:\/\/boutique-one-piece.com\/pt\/wp-json\/wp\/v2\/product_tag?post=10940"}],"curies":[{"name":"wp","href":"https:\/\/api.w.org\/{rel}","templated":true}]}}