{"id":11032,"date":"2022-09-27T20:38:16","date_gmt":"2022-09-27T20:38:16","guid":{"rendered":"https:\/\/boutique-one-piece.com\/uncategorized\/bomber-one-piece-ace\/"},"modified":"2024-12-13T07:51:52","modified_gmt":"2024-12-13T07:51:52","slug":"bombardeiro-one-piece-as","status":"publish","type":"product","link":"https:\/\/boutique-one-piece.com\/pt\/roupas-de-uma-peca\/jaquetas-de-uma-peca\/bombardeiro-one-piece-as\/","title":{"rendered":"Bomber One Piece Ace"},"content":{"rendered":"<h2>\n<b>Jaqueta bomber verde de One Piece com Porgas D. Ace, comandante da Segunda Frota dos Piratas do Barba Branca.<\/b><b>,\u00a0<\/b>Uma jaqueta bomber de alt\u00edssima qualidade para um pirata como voc\u00ea!<\/h2>\n<p>Se voc\u00ea \u00e9 um\u00a0<strong>pirata de verdade<\/strong>, Voc\u00ea vai apreciar o\u00a0<strong>qualidade<\/strong>\u00a0tecido e\u00a0<strong>Impress\u00e3o em tela 3D<\/strong>\u00a0disso<span>\u00a0<\/span><strong>Jaqueta One Piece<\/strong>\u00a0Mas, o mais importante, com isto <strong>jaqueta bomber estampada<\/strong>\u00a0Isso porque voc\u00ea far\u00e1 parte de\u00a0<strong>a equipe de f\u00e3s<\/strong>\u00a0de\u00a0<strong>mang\u00e1 de piratas<\/strong>\u00a0e voc\u00ea obter\u00e1:<\/p>\n<ul>\n<li>\u00a0<strong>Admira\u00e7\u00e3o<\/strong>\u00a0de todos os f\u00e3s de<span>\u00a0<\/span><strong>o universo<\/strong><span>\u00a0<\/span>do<span>\u00a0<\/span><strong>licen\u00e7a<\/strong><span>\u00a0<\/span>de<span>\u00a0<\/span><strong>mang\u00e1<\/strong>\u00a0que voc\u00ea encontrar\u00e1<\/li>\n<\/ul>\n<ul>\n<li>Um verdadeiro <b>jaqueta<\/b>\u00a0com o qual voc\u00ea pode\u00a0<strong>compartilhar<\/strong><span>\u00a0<\/span>seu<span>\u00a0<\/span><strong>paix\u00e3o<\/strong><span>\u00a0<\/span>Para<span>\u00a0<\/span><strong>Uma peda\u00e7o<\/strong>\n<\/li>\n<\/ul>\n<p>Ent\u00e3o, pronta para usar o\u00a0<strong>cores\u00a0<\/strong>de<b>\u00a0<\/b>seu<b><span>\u00a0<\/span>mang\u00e1 favorito<\/b>\u00a0?<\/p>\n<h2>Voc\u00ea \u00e9 f\u00e3 do mang\u00e1 ou anime One Piece? Mostre isso com esta jaqueta bomber de One Piece!<\/h2>\n<p>Se voc\u00ea\u00a0<strong>ler<\/strong>\u00a0ou onde quer que voc\u00ea olhe\u00a0<span>\u00a0<\/span><strong>anime japon\u00eas<\/strong>, \u00c9 bem prov\u00e1vel que voc\u00ea tenha se tornado\u00a0<strong>Sou louco por One Piece.<\/strong>\u00a0Com isso\u00a0<strong>Jaqueta Ace de One Piece<\/strong>, junte-se ao\u2019<strong>equipe de f\u00e3s da franquia<\/strong><\/p>\n<p>Esse<strong><\/strong>todos<span>\u00a0<\/span><strong>jaqueta bomber verde<\/strong>\u00a0est\u00e1 dispon\u00edvel nos tamanhos\u00a0<strong>XS<\/strong>,\u00a0<strong>S<\/strong>,<strong>\u00a0M<\/strong>,<strong>\u00a0L<\/strong>,\u00a0<strong>XL<\/strong>,\u00a0<strong>XXL<\/strong>, <strong>3XL<\/strong>, <strong>4XL<\/strong>, Vai agradar a todos os tipos de piratas.,<span>\u00a0<\/span><strong>homem<\/strong>\u00a0Ou<span>\u00a0<\/span><strong>mulheres<\/strong>, mesmo que voc\u00ea n\u00e3o tenha\u00a0<strong>espada<\/strong>\u00a0ou\u00a0<strong>fruta do diabo<\/strong>\u00a0Voc\u00ea ainda pode us\u00e1-lo com orgulho.<\/p>\n<h2>Informa\u00e7\u00f5es sobre o bombardeiro:\u00a0<\/h2>\n<p><span><\/span><span><\/span><span><\/span><span><\/span><\/p>\n<ul><\/ul>\n<ul><\/ul>\n<ul>\n<li>\n<strong>Jaqueta bomber One Piece de alta qualidade\u00a0<\/strong><span>:\u00a0<\/span>Possui gramatura elevada e \u00e9 feito com materiais de qualidade.<\/li>\n<\/ul>\n<ul>\n<li><span><strong>Forro de algod\u00e3o<\/strong>\u00a0Jaqueta bomber com forro de algod\u00e3o, boa prote\u00e7\u00e3o contra o frio.<\/span><\/li>\n<\/ul>\n<ul>\n<li><span><strong>Estilo streetwear\u00a0<\/strong>Gra\u00e7as ao seu corte &quot;aviador&quot;, a jaqueta bomber confere um visual casual.<\/span><\/li>\n<\/ul>\n<ul>\n<li>\n<strong>Muito confort\u00e1vel<span>\u00a0<\/span><\/strong>Gra\u00e7as a essas fibras supermacias de algod\u00e3o e poli\u00e9ster, n\u00e3o h\u00e1 atrito.<\/li>\n<\/ul>\n<ul>\n<li><span>Impress\u00e3o digital 3D, design original<\/span><\/li>\n<\/ul>\n<ul>\n<li><span><b>Algod\u00e3o<\/b><strong>\u00a0org\u00e2nico\u00a0<\/strong>Algod\u00e3o de alta qualidade com fibras extralongas.<\/span><\/li>\n<\/ul>\n<ul>\n<li><span><strong>Entrega gr\u00e1tis\u00a0<\/strong>para qualquer compra<strong>\u00a0<\/strong><\/span><\/li>\n<\/ul>\n<p><strong>N\u00e3o se esque\u00e7a de consultar o guia de tamanhos abaixo.<\/strong><\/p>\n<p><img decoding=\"async\" src=\"https:\/\/cdn.shopify.com\/s\/files\/1\/0087\/7556\/5348\/files\/boutque_one__piece_tableau_taille_veste_bombers_large.jpg?v=1559998400\" alt=\"Guia de tamanhos da jaqueta bomber de One Piece\"><\/p>\n<h3>Instru\u00e7\u00f5es de lavagem da jaqueta bomber One Piece:<\/h3>\n<ul>\n<li>Lavar \u00e0 m\u00e1quina a 30 \u00b0C, ciclo delicado.<\/li>\n<\/ul>\n<ul>\n<li>Passar a ferro pelo avesso<\/li>\n<\/ul>\n<p>Para<span>\u00a0<\/span><strong>preservar a qualidade<\/strong><span>\u00a0<\/span>disso<span>\u00a0<\/span><strong>Jaqueta Bomber de Uma Pe\u00e7a<\/strong>, recomendamos que voc\u00ea<span>\u00a0<\/span><strong>respeito<\/strong><span>\u00a0<\/span>O<span>\u00a0<\/span><strong>instru\u00e7\u00f5es de lavagem<\/strong>.<\/p>","protected":false},"excerpt":{"rendered":"<p>Jaqueta Bomber Verde de One Piece com Porgas D. Ace, Comandante da Segunda Frota dos Piratas do Barba Branca. Uma jaqueta bomber de alt\u00edssima qualidade para um pirata como voc\u00ea! Se voc\u00ea \u00e9 um verdadeiro pirata, vai apreciar a qualidade do tecido e a estampa 3D desta jaqueta de One Piece! Mas o mais importante \u00e9 que, com esta jaqueta bomber estampada, voc\u00ea far\u00e1 parte da tripula\u00e7\u00e3o de f\u00e3s do mang\u00e1 de piratas e ganhar\u00e1: A admira\u00e7\u00e3o de [\u2026]<\/p>","protected":false},"featured_media":11034,"comment_status":"open","ping_status":"open","template":"","meta":[],"product_brand":[],"product_cat":[183],"product_tag":[176,348],"class_list":{"0":"post-11032","1":"product","2":"type-product","3":"status-publish","4":"has-post-thumbnail","6":"product_cat-vestes-one-piece","7":"product_tag-ace","8":"product_tag-bomber","10":"first","11":"outofstock","12":"purchasable","13":"product-type-variable","14":"has-default-attributes"},"yoast_head":"<!-- This site is optimized with the Yoast SEO plugin v27.5 - https:\/\/yoast.com\/product\/yoast-seo-wordpress\/ -->\n<title>Bomber One Piece Ace | Boutique One Piece<\/title>\n<meta name=\"description\" content=\"Veste Bomber Vert One Piece avec Porgas D. Ace de Tr\u00e8s Haute Qualit\u00e9 : Rejoins la Seconde Flotte de Barbe Blance et Deviens un Pirates de Edward Newgate !\" \/>\n<meta name=\"robots\" content=\"index, follow, max-snippet:-1, max-image-preview:large, max-video-preview:-1\" \/>\n<link rel=\"canonical\" href=\"https:\/\/boutique-one-piece.com\/pt\/roupas-de-uma-peca\/jaquetas-de-uma-peca\/bombardeiro-one-piece-as\/\" \/>\n<meta property=\"og:locale\" content=\"pt_PT\" \/>\n<meta property=\"og:type\" content=\"article\" \/>\n<meta property=\"og:title\" content=\"Bomber One Piece Ace | Boutique One Piece\" \/>\n<meta property=\"og:description\" content=\"Veste Bomber Vert One Piece avec Porgas D. Ace de Tr\u00e8s Haute Qualit\u00e9 : Rejoins la Seconde Flotte de Barbe Blance et Deviens un Pirates de Edward Newgate !\" \/>\n<meta property=\"og:url\" content=\"https:\/\/boutique-one-piece.com\/pt\/roupas-de-uma-peca\/jaquetas-de-uma-peca\/bombardeiro-one-piece-as\/\" \/>\n<meta property=\"og:site_name\" content=\"Boutique One Piece\" \/>\n<meta property=\"article:modified_time\" content=\"2024-12-13T07:51:52+00:00\" \/>\n<meta property=\"og:image\" content=\"https:\/\/boutique-one-piece.com\/wp-content\/uploads\/2022\/09\/Bomber-One-Piece-Ace.jpg\" \/>\n\t<meta property=\"og:image:width\" content=\"600\" \/>\n\t<meta property=\"og:image:height\" content=\"600\" \/>\n\t<meta property=\"og:image:type\" content=\"image\/jpeg\" \/>\n<meta name=\"twitter:card\" content=\"summary_large_image\" \/>\n<meta name=\"twitter:label1\" content=\"Tempo estimado de leitura\" \/>\n\t<meta name=\"twitter:data1\" content=\"2 minutos\" \/>\n<script type=\"application\/ld+json\" class=\"yoast-schema-graph\">{\"@context\":\"https:\\\/\\\/schema.org\",\"@graph\":[{\"@type\":\"WebPage\",\"@id\":\"https:\\\/\\\/boutique-one-piece.com\\\/vetements-one-piece\\\/vestes-one-piece\\\/bomber-one-piece-ace\\\/\",\"url\":\"https:\\\/\\\/boutique-one-piece.com\\\/vetements-one-piece\\\/vestes-one-piece\\\/bomber-one-piece-ace\\\/\",\"name\":\"Bomber One Piece Ace | Boutique One Piece\",\"isPartOf\":{\"@id\":\"https:\\\/\\\/boutique-one-piece.com\\\/#website\"},\"primaryImageOfPage\":{\"@id\":\"https:\\\/\\\/boutique-one-piece.com\\\/vetements-one-piece\\\/vestes-one-piece\\\/bomber-one-piece-ace\\\/#primaryimage\"},\"image\":{\"@id\":\"https:\\\/\\\/boutique-one-piece.com\\\/vetements-one-piece\\\/vestes-one-piece\\\/bomber-one-piece-ace\\\/#primaryimage\"},\"thumbnailUrl\":\"https:\\\/\\\/boutique-one-piece.com\\\/wp-content\\\/uploads\\\/2022\\\/09\\\/Bomber-One-Piece-Ace.jpg\",\"datePublished\":\"2022-09-27T20:38:16+00:00\",\"dateModified\":\"2024-12-13T07:51:52+00:00\",\"description\":\"Veste Bomber Vert One Piece avec Porgas D. Ace de Tr\u00e8s Haute Qualit\u00e9 : Rejoins la Seconde Flotte de Barbe Blance et Deviens un Pirates de Edward Newgate !\",\"breadcrumb\":{\"@id\":\"https:\\\/\\\/boutique-one-piece.com\\\/vetements-one-piece\\\/vestes-one-piece\\\/bomber-one-piece-ace\\\/#breadcrumb\"},\"inLanguage\":\"pt-PT\",\"potentialAction\":[{\"@type\":\"ReadAction\",\"target\":[\"https:\\\/\\\/boutique-one-piece.com\\\/vetements-one-piece\\\/vestes-one-piece\\\/bomber-one-piece-ace\\\/\"]}]},{\"@type\":\"ImageObject\",\"inLanguage\":\"pt-PT\",\"@id\":\"https:\\\/\\\/boutique-one-piece.com\\\/vetements-one-piece\\\/vestes-one-piece\\\/bomber-one-piece-ace\\\/#primaryimage\",\"url\":\"https:\\\/\\\/boutique-one-piece.com\\\/wp-content\\\/uploads\\\/2022\\\/09\\\/Bomber-One-Piece-Ace.jpg\",\"contentUrl\":\"https:\\\/\\\/boutique-one-piece.com\\\/wp-content\\\/uploads\\\/2022\\\/09\\\/Bomber-One-Piece-Ace.jpg\",\"width\":600,\"height\":600,\"caption\":\"Bomber One Piece Ace 4xl\"},{\"@type\":\"BreadcrumbList\",\"@id\":\"https:\\\/\\\/boutique-one-piece.com\\\/vetements-one-piece\\\/vestes-one-piece\\\/bomber-one-piece-ace\\\/#breadcrumb\",\"itemListElement\":[{\"@type\":\"ListItem\",\"position\":1,\"name\":\"Home\",\"item\":\"https:\\\/\\\/boutique-one-piece.com\\\/\"},{\"@type\":\"ListItem\",\"position\":2,\"name\":\"Shop\",\"item\":\"https:\\\/\\\/boutique-one-piece.com\\\/shop\\\/\"},{\"@type\":\"ListItem\",\"position\":3,\"name\":\"Bomber One Piece Ace\"}]},{\"@type\":\"WebSite\",\"@id\":\"https:\\\/\\\/boutique-one-piece.com\\\/#website\",\"url\":\"https:\\\/\\\/boutique-one-piece.com\\\/\",\"name\":\"Boutique One Piece\",\"description\":\"Magasin Sp\u00e9cialis\u00e9 du Manga et l&#039;Anime One Piece\",\"publisher\":{\"@id\":\"https:\\\/\\\/boutique-one-piece.com\\\/#organization\"},\"potentialAction\":[{\"@type\":\"SearchAction\",\"target\":{\"@type\":\"EntryPoint\",\"urlTemplate\":\"https:\\\/\\\/boutique-one-piece.com\\\/?s={search_term_string}\"},\"query-input\":{\"@type\":\"PropertyValueSpecification\",\"valueRequired\":true,\"valueName\":\"search_term_string\"}}],\"inLanguage\":\"pt-PT\"},{\"@type\":\"Organization\",\"@id\":\"https:\\\/\\\/boutique-one-piece.com\\\/#organization\",\"name\":\"Boutique One Piece\",\"url\":\"https:\\\/\\\/boutique-one-piece.com\\\/\",\"logo\":{\"@type\":\"ImageObject\",\"inLanguage\":\"pt-PT\",\"@id\":\"https:\\\/\\\/boutique-one-piece.com\\\/#\\\/schema\\\/logo\\\/image\\\/\",\"url\":\"https:\\\/\\\/boutique-one-piece.com\\\/wp-content\\\/uploads\\\/2022\\\/09\\\/Logo-01.png\",\"contentUrl\":\"https:\\\/\\\/boutique-one-piece.com\\\/wp-content\\\/uploads\\\/2022\\\/09\\\/Logo-01.png\",\"width\":2318,\"height\":957,\"caption\":\"Boutique One Piece\"},\"image\":{\"@id\":\"https:\\\/\\\/boutique-one-piece.com\\\/#\\\/schema\\\/logo\\\/image\\\/\"}}]}<\/script>\n<!-- \/ Yoast SEO plugin. -->","yoast_head_json":{"title":"One Piece Ace Bomber | Loja One Piece","description":"Jaqueta bomber verde de alta qualidade de One Piece com Porgas D. Ace: Junte-se \u00e0 Segunda Frota do Barba Branca e torne-se um pirata de Edward Newgate!","robots":{"index":"index","follow":"follow","max-snippet":"max-snippet:-1","max-image-preview":"max-image-preview:large","max-video-preview":"max-video-preview:-1"},"canonical":"https:\/\/boutique-one-piece.com\/pt\/roupas-de-uma-peca\/jaquetas-de-uma-peca\/bombardeiro-one-piece-as\/","og_locale":"pt_PT","og_type":"article","og_title":"Bomber One Piece Ace | Boutique One Piece","og_description":"Veste Bomber Vert One Piece avec Porgas D. Ace de Tr\u00e8s Haute Qualit\u00e9 : Rejoins la Seconde Flotte de Barbe Blance et Deviens un Pirates de Edward Newgate !","og_url":"https:\/\/boutique-one-piece.com\/pt\/roupas-de-uma-peca\/jaquetas-de-uma-peca\/bombardeiro-one-piece-as\/","og_site_name":"Boutique One Piece","article_modified_time":"2024-12-13T07:51:52+00:00","og_image":[{"width":600,"height":600,"url":"https:\/\/boutique-one-piece.com\/wp-content\/uploads\/2022\/09\/Bomber-One-Piece-Ace.jpg","type":"image\/jpeg"}],"twitter_card":"summary_large_image","twitter_misc":{"Tempo estimado de leitura":"2 minutos"},"schema":{"@context":"https:\/\/schema.org","@graph":[{"@type":"WebPage","@id":"https:\/\/boutique-one-piece.com\/vetements-one-piece\/vestes-one-piece\/bomber-one-piece-ace\/","url":"https:\/\/boutique-one-piece.com\/vetements-one-piece\/vestes-one-piece\/bomber-one-piece-ace\/","name":"One Piece Ace Bomber | Loja One Piece","isPartOf":{"@id":"https:\/\/boutique-one-piece.com\/#website"},"primaryImageOfPage":{"@id":"https:\/\/boutique-one-piece.com\/vetements-one-piece\/vestes-one-piece\/bomber-one-piece-ace\/#primaryimage"},"image":{"@id":"https:\/\/boutique-one-piece.com\/vetements-one-piece\/vestes-one-piece\/bomber-one-piece-ace\/#primaryimage"},"thumbnailUrl":"https:\/\/boutique-one-piece.com\/wp-content\/uploads\/2022\/09\/Bomber-One-Piece-Ace.jpg","datePublished":"2022-09-27T20:38:16+00:00","dateModified":"2024-12-13T07:51:52+00:00","description":"Jaqueta bomber verde de alta qualidade de One Piece com Porgas D. Ace: Junte-se \u00e0 Segunda Frota do Barba Branca e torne-se um pirata de Edward Newgate!","breadcrumb":{"@id":"https:\/\/boutique-one-piece.com\/vetements-one-piece\/vestes-one-piece\/bomber-one-piece-ace\/#breadcrumb"},"inLanguage":"pt-PT","potentialAction":[{"@type":"ReadAction","target":["https:\/\/boutique-one-piece.com\/vetements-one-piece\/vestes-one-piece\/bomber-one-piece-ace\/"]}]},{"@type":"ImageObject","inLanguage":"pt-PT","@id":"https:\/\/boutique-one-piece.com\/vetements-one-piece\/vestes-one-piece\/bomber-one-piece-ace\/#primaryimage","url":"https:\/\/boutique-one-piece.com\/wp-content\/uploads\/2022\/09\/Bomber-One-Piece-Ace.jpg","contentUrl":"https:\/\/boutique-one-piece.com\/wp-content\/uploads\/2022\/09\/Bomber-One-Piece-Ace.jpg","width":600,"height":600,"caption":"Bomber One Piece Ace 4xl"},{"@type":"BreadcrumbList","@id":"https:\/\/boutique-one-piece.com\/vetements-one-piece\/vestes-one-piece\/bomber-one-piece-ace\/#breadcrumb","itemListElement":[{"@type":"ListItem","position":1,"name":"Home","item":"https:\/\/boutique-one-piece.com\/"},{"@type":"ListItem","position":2,"name":"Shop","item":"https:\/\/boutique-one-piece.com\/shop\/"},{"@type":"ListItem","position":3,"name":"Bomber One Piece Ace"}]},{"@type":"WebSite","@id":"https:\/\/boutique-one-piece.com\/#website","url":"https:\/\/boutique-one-piece.com\/","name":"Loja One Piece","description":"Loja especializada em mang\u00e1 e anime de One Piece.","publisher":{"@id":"https:\/\/boutique-one-piece.com\/#organization"},"potentialAction":[{"@type":"SearchAction","target":{"@type":"EntryPoint","urlTemplate":"https:\/\/boutique-one-piece.com\/?s={search_term_string}"},"query-input":{"@type":"PropertyValueSpecification","valueRequired":true,"valueName":"search_term_string"}}],"inLanguage":"pt-PT"},{"@type":"Organization","@id":"https:\/\/boutique-one-piece.com\/#organization","name":"Loja One Piece","url":"https:\/\/boutique-one-piece.com\/","logo":{"@type":"ImageObject","inLanguage":"pt-PT","@id":"https:\/\/boutique-one-piece.com\/#\/schema\/logo\/image\/","url":"https:\/\/boutique-one-piece.com\/wp-content\/uploads\/2022\/09\/Logo-01.png","contentUrl":"https:\/\/boutique-one-piece.com\/wp-content\/uploads\/2022\/09\/Logo-01.png","width":2318,"height":957,"caption":"Boutique One Piece"},"image":{"@id":"https:\/\/boutique-one-piece.com\/#\/schema\/logo\/image\/"}}]}},"_links":{"self":[{"href":"https:\/\/boutique-one-piece.com\/pt\/wp-json\/wp\/v2\/product\/11032","targetHints":{"allow":["GET"]}}],"collection":[{"href":"https:\/\/boutique-one-piece.com\/pt\/wp-json\/wp\/v2\/product"}],"about":[{"href":"https:\/\/boutique-one-piece.com\/pt\/wp-json\/wp\/v2\/types\/product"}],"replies":[{"embeddable":true,"href":"https:\/\/boutique-one-piece.com\/pt\/wp-json\/wp\/v2\/comments?post=11032"}],"wp:featuredmedia":[{"embeddable":true,"href":"https:\/\/boutique-one-piece.com\/pt\/wp-json\/wp\/v2\/media\/11034"}],"wp:attachment":[{"href":"https:\/\/boutique-one-piece.com\/pt\/wp-json\/wp\/v2\/media?parent=11032"}],"wp:term":[{"taxonomy":"product_brand","embeddable":true,"href":"https:\/\/boutique-one-piece.com\/pt\/wp-json\/wp\/v2\/product_brand?post=11032"},{"taxonomy":"product_cat","embeddable":true,"href":"https:\/\/boutique-one-piece.com\/pt\/wp-json\/wp\/v2\/product_cat?post=11032"},{"taxonomy":"product_tag","embeddable":true,"href":"https:\/\/boutique-one-piece.com\/pt\/wp-json\/wp\/v2\/product_tag?post=11032"}],"curies":[{"name":"wp","href":"https:\/\/api.w.org\/{rel}","templated":true}]}}