{"id":11228,"date":"2022-09-27T20:39:31","date_gmt":"2022-09-27T20:39:31","guid":{"rendered":"https:\/\/boutique-one-piece.com\/uncategorized\/figurine-one-piece-big-mom-sur-son-trone-26-cm\/"},"modified":"2024-09-16T12:25:21","modified_gmt":"2024-09-16T12:25:21","slug":"estatueta-da-big-mom-de-one-piece-em-seu-trono-26-cm","status":"publish","type":"product","link":"https:\/\/boutique-one-piece.com\/pt\/figuras-de-acao-de-one-piece\/estatueta-da-big-mom-de-one-piece-em-seu-trono-26-cm\/","title":{"rendered":"Figura da Big Mom de One Piece em seu trono"},"content":{"rendered":"<h2>Jovem pirata, chegou a hora de voc\u00ea adquirir esta estatueta da Big Mom em seu trono, de One Piece.<\/h2>\n<p>Tu n\u2019es pas sans savoir que <strong>L\u2019\u00c9quipage de Big Mom<\/strong> est un \u00e9quipage pirate inf\u00e2me et puissant dirig\u00e9 par l\u2019Empereur<strong> Charlotte Linlin<\/strong>, mieux connue sous le nom de \u00ab\u00a0Big Mom\u00a0\u00bb. L\u2019\u00e9quipage dirige la puissante nation de Totto Land, avec leur capitaine qui r\u00e9git comme reine et dont la base des op\u00e9rations se trouve \u00e0 l\u2019\u00eele de Tougato. Il s\u2019agit du principal groupe antagoniste de l\u2019Arc Tougato et l\u2019un des principaux groupes antagonistes de la Saga Quatre Empereurs.<\/p>\n<p>Petite anecdote concernant le recrutement au sein de cet \u00e9quipage ; Afin de naviguer sous le nom de Big Mom, les nouvelles recrues doivent se lier \u00e0 l\u2019\u00e9quipage par le sang ; cela veut dire qu\u2019ils doivent \u00e9pouser un fils ou une fille de<strong> A fam\u00edlia Charlotte<\/strong>, ce qui devient un mariage politique. Jusqu\u2019\u00e0 pr\u00e9sent, il n\u2019a pas \u00e9t\u00e9 indiqu\u00e9 si tous les nouveaux membres devaient \u00e9pouser un membre de la famille, ou si se marier avec un membre de l\u2019\u00e9quipage ne faisant pas partie de la dite famille est suffisant. D\u2019ailleurs, la <a title=\"Figura de ONE PIECE de Charlotte Katakuri, o filho mais velho da Big Mom.\" href=\"https:\/\/boutique-one-piece.com\/pt\/figura-de-acao-de-one-piece-com-charlotte-katakuri-o-filho-mais-velho-da-big-mom\/\" target=\"_blank\" rel=\"noopener\">estatueta de Charlotte Katakuri<\/a> Est\u00e1 ao seu alcance.<\/p>\n<h3>Alors, conquis par la figurine de Big Mom sur son tr\u00f4ne ? Si tel est le cas, tu sais ce qu\u2019il te reste \u00e0 faire pour rejoindre l\u2019\u00e9quipage de Big Mom.<\/h3>\n<p><strong>Jovem pirata<\/strong>, Adquira j\u00e1 estes itens lend\u00e1rios. Perfeitos para presentear, decorar ou colecionar, estes objetos ir\u00e3o enriquecer sua cole\u00e7\u00e3o. <strong>seu universo de One Piece<\/strong>. Alors, qu\u2019attends-tu ? Saisis cette opportunit\u00e9 qui s\u2019offre \u00e0 toi de vivre des aventures plus palpitantes les unes que les autres.<\/p>\n<h2>Informa\u00e7\u00f5es sobre a estatueta da Big Mom em seu trono.\u00a0<\/h2>\n<ul>\n<li><span><b><u>Figura de a\u00e7\u00e3o de One Piece<\/u><\/b>\u00a0: Figurine\u00a0 premium de l\u2019univers One Piece pour les vrais pirates<\/span><\/li>\n<\/ul>\n<ul>\n<li>\n<b>Mat\u00e9ria<\/b><span>\u00a0<\/span>PVC<\/li>\n<\/ul>\n<ul>\n<li><span><strong>Dimens\u00e3o<\/strong>\u00a0: 23 cm<\/span><\/li>\n<\/ul>\n<ul>\n<li><span><strong>ENTREGA GR\u00c1TIS<\/strong><\/span><\/li>\n<\/ul>","protected":false},"excerpt":{"rendered":"<p>Jeune pirate, le moment est venu pour toi de te procurer cette Figurine One Piece Big Mom sur son Tr\u00f4ne. Tu n\u2019es pas sans savoir que L\u2019\u00c9quipage de Big Mom est un \u00e9quipage pirate inf\u00e2me et puissant dirig\u00e9 par l\u2019Empereur Charlotte Linlin, mieux connue sous le nom de \u00ab\u00a0Big Mom\u00a0\u00bb. L\u2019\u00e9quipage dirige la puissante nation [&hellip;]<\/p>","protected":false},"featured_media":11230,"comment_status":"open","ping_status":"open","template":"","meta":[],"product_brand":[],"product_cat":[76],"product_tag":[351],"class_list":{"0":"post-11228","1":"product","2":"type-product","3":"status-publish","4":"has-post-thumbnail","6":"product_cat-figurines-one-piece","7":"product_tag-big-mom","9":"first","10":"instock","11":"purchasable","12":"product-type-simple"},"yoast_head":"<!-- This site is optimized with the Yoast SEO plugin v27.5 - https:\/\/yoast.com\/product\/yoast-seo-wordpress\/ -->\n<title>Figurine One Piece Big Mom sur son Tr\u00f4ne | Figurine One Piece \u2013 Boutique One Piece<\/title>\n<meta name=\"description\" content=\"Jeune pirate, le moment est venu pour toi de te procurer cette Figurine One Piece Big Mom sur son Tr\u00f4ne. Tu n&#039;es pas sans savoir que L&#039;\u00c9quipage de Big Mom est un \u00e9quipage pirate inf\u00e2me et puissant dirig\u00e9 par l&#039;Empereur Charlotte Linlin, mieux connue sous le nom de &quot;Big Mom&quot;. L&#039;\u00e9quipage dirige la puissante nation de Tot\" \/>\n<meta name=\"robots\" content=\"index, follow, max-snippet:-1, max-image-preview:large, max-video-preview:-1\" \/>\n<link rel=\"canonical\" href=\"https:\/\/boutique-one-piece.com\/pt\/figuras-de-acao-de-one-piece\/estatueta-da-big-mom-de-one-piece-em-seu-trono-26-cm\/\" \/>\n<meta property=\"og:locale\" content=\"pt_PT\" \/>\n<meta property=\"og:type\" content=\"article\" \/>\n<meta property=\"og:title\" content=\"Figurine One Piece Big Mom sur son Tr\u00f4ne | Figurine One Piece \u2013 Boutique One Piece\" \/>\n<meta property=\"og:description\" content=\"Jeune pirate, le moment est venu pour toi de te procurer cette Figurine One Piece Big Mom sur son Tr\u00f4ne. Tu n&#039;es pas sans savoir que L&#039;\u00c9quipage de Big Mom est un \u00e9quipage pirate inf\u00e2me et puissant dirig\u00e9 par l&#039;Empereur Charlotte Linlin, mieux connue sous le nom de &quot;Big Mom&quot;. L&#039;\u00e9quipage dirige la puissante nation de Tot\" \/>\n<meta property=\"og:url\" content=\"https:\/\/boutique-one-piece.com\/pt\/figuras-de-acao-de-one-piece\/estatueta-da-big-mom-de-one-piece-em-seu-trono-26-cm\/\" \/>\n<meta property=\"og:site_name\" content=\"Boutique One Piece\" \/>\n<meta property=\"article:modified_time\" content=\"2024-09-16T12:25:21+00:00\" \/>\n<meta property=\"og:image\" content=\"https:\/\/boutique-one-piece.com\/wp-content\/uploads\/2022\/09\/Figurine-One-Piece-Big-Mom-sur-son-Trone-1.jpg\" \/>\n\t<meta property=\"og:image:width\" content=\"960\" \/>\n\t<meta property=\"og:image:height\" content=\"960\" \/>\n\t<meta property=\"og:image:type\" content=\"image\/jpeg\" \/>\n<meta name=\"twitter:card\" content=\"summary_large_image\" \/>\n<meta name=\"twitter:label1\" content=\"Tempo estimado de leitura\" \/>\n\t<meta name=\"twitter:data1\" content=\"2 minutos\" \/>\n<script type=\"application\/ld+json\" class=\"yoast-schema-graph\">{\"@context\":\"https:\\\/\\\/schema.org\",\"@graph\":[{\"@type\":\"WebPage\",\"@id\":\"https:\\\/\\\/boutique-one-piece.com\\\/figurines-one-piece\\\/figurine-one-piece-big-mom-sur-son-trone-26-cm\\\/\",\"url\":\"https:\\\/\\\/boutique-one-piece.com\\\/figurines-one-piece\\\/figurine-one-piece-big-mom-sur-son-trone-26-cm\\\/\",\"name\":\"Figurine One Piece Big Mom sur son Tr\u00f4ne | Figurine One Piece \u2013 Boutique One Piece\",\"isPartOf\":{\"@id\":\"https:\\\/\\\/boutique-one-piece.com\\\/#website\"},\"primaryImageOfPage\":{\"@id\":\"https:\\\/\\\/boutique-one-piece.com\\\/figurines-one-piece\\\/figurine-one-piece-big-mom-sur-son-trone-26-cm\\\/#primaryimage\"},\"image\":{\"@id\":\"https:\\\/\\\/boutique-one-piece.com\\\/figurines-one-piece\\\/figurine-one-piece-big-mom-sur-son-trone-26-cm\\\/#primaryimage\"},\"thumbnailUrl\":\"https:\\\/\\\/boutique-one-piece.com\\\/wp-content\\\/uploads\\\/2022\\\/09\\\/Figurine-One-Piece-Big-Mom-sur-son-Trone-1.jpg\",\"datePublished\":\"2022-09-27T20:39:31+00:00\",\"dateModified\":\"2024-09-16T12:25:21+00:00\",\"description\":\"Jeune pirate, le moment est venu pour toi de te procurer cette Figurine One Piece Big Mom sur son Tr\u00f4ne. Tu n'es pas sans savoir que L'\u00c9quipage de Big Mom est un \u00e9quipage pirate inf\u00e2me et puissant dirig\u00e9 par l'Empereur Charlotte Linlin, mieux connue sous le nom de \\\"Big Mom\\\". L'\u00e9quipage dirige la puissante nation de Tot\",\"breadcrumb\":{\"@id\":\"https:\\\/\\\/boutique-one-piece.com\\\/figurines-one-piece\\\/figurine-one-piece-big-mom-sur-son-trone-26-cm\\\/#breadcrumb\"},\"inLanguage\":\"pt-PT\",\"potentialAction\":[{\"@type\":\"ReadAction\",\"target\":[\"https:\\\/\\\/boutique-one-piece.com\\\/figurines-one-piece\\\/figurine-one-piece-big-mom-sur-son-trone-26-cm\\\/\"]}]},{\"@type\":\"ImageObject\",\"inLanguage\":\"pt-PT\",\"@id\":\"https:\\\/\\\/boutique-one-piece.com\\\/figurines-one-piece\\\/figurine-one-piece-big-mom-sur-son-trone-26-cm\\\/#primaryimage\",\"url\":\"https:\\\/\\\/boutique-one-piece.com\\\/wp-content\\\/uploads\\\/2022\\\/09\\\/Figurine-One-Piece-Big-Mom-sur-son-Trone-1.jpg\",\"contentUrl\":\"https:\\\/\\\/boutique-one-piece.com\\\/wp-content\\\/uploads\\\/2022\\\/09\\\/Figurine-One-Piece-Big-Mom-sur-son-Trone-1.jpg\",\"width\":960,\"height\":960},{\"@type\":\"BreadcrumbList\",\"@id\":\"https:\\\/\\\/boutique-one-piece.com\\\/figurines-one-piece\\\/figurine-one-piece-big-mom-sur-son-trone-26-cm\\\/#breadcrumb\",\"itemListElement\":[{\"@type\":\"ListItem\",\"position\":1,\"name\":\"Home\",\"item\":\"https:\\\/\\\/boutique-one-piece.com\\\/\"},{\"@type\":\"ListItem\",\"position\":2,\"name\":\"Shop\",\"item\":\"https:\\\/\\\/boutique-one-piece.com\\\/shop\\\/\"},{\"@type\":\"ListItem\",\"position\":3,\"name\":\"Figurine One Piece Big Mom sur son Tr\u00f4ne\"}]},{\"@type\":\"WebSite\",\"@id\":\"https:\\\/\\\/boutique-one-piece.com\\\/#website\",\"url\":\"https:\\\/\\\/boutique-one-piece.com\\\/\",\"name\":\"Boutique One Piece\",\"description\":\"Magasin Sp\u00e9cialis\u00e9 du Manga et l&#039;Anime One Piece\",\"publisher\":{\"@id\":\"https:\\\/\\\/boutique-one-piece.com\\\/#organization\"},\"potentialAction\":[{\"@type\":\"SearchAction\",\"target\":{\"@type\":\"EntryPoint\",\"urlTemplate\":\"https:\\\/\\\/boutique-one-piece.com\\\/?s={search_term_string}\"},\"query-input\":{\"@type\":\"PropertyValueSpecification\",\"valueRequired\":true,\"valueName\":\"search_term_string\"}}],\"inLanguage\":\"pt-PT\"},{\"@type\":\"Organization\",\"@id\":\"https:\\\/\\\/boutique-one-piece.com\\\/#organization\",\"name\":\"Boutique One Piece\",\"url\":\"https:\\\/\\\/boutique-one-piece.com\\\/\",\"logo\":{\"@type\":\"ImageObject\",\"inLanguage\":\"pt-PT\",\"@id\":\"https:\\\/\\\/boutique-one-piece.com\\\/#\\\/schema\\\/logo\\\/image\\\/\",\"url\":\"https:\\\/\\\/boutique-one-piece.com\\\/wp-content\\\/uploads\\\/2022\\\/09\\\/Logo-01.png\",\"contentUrl\":\"https:\\\/\\\/boutique-one-piece.com\\\/wp-content\\\/uploads\\\/2022\\\/09\\\/Logo-01.png\",\"width\":2318,\"height\":957,\"caption\":\"Boutique One Piece\"},\"image\":{\"@id\":\"https:\\\/\\\/boutique-one-piece.com\\\/#\\\/schema\\\/logo\\\/image\\\/\"}}]}<\/script>\n<!-- \/ Yoast SEO plugin. -->","yoast_head_json":{"title":"Figura da Big Mom em seu trono de One Piece | Figura de One Piece \u2013 Loja de One Piece","description":"Jovem pirata, chegou a hora de voc\u00ea colocar as m\u00e3os nesta figura da Big Mom em seu trono de One Piece. Voc\u00ea certamente sabe que os Piratas da Big Mom s\u00e3o uma tripula\u00e7\u00e3o pirata infame e poderosa liderada pela Imperatriz Charlotte Linlin, mais conhecida como &quot;Big Mom&quot;. A tripula\u00e7\u00e3o governa a poderosa na\u00e7\u00e3o de Tot","robots":{"index":"index","follow":"follow","max-snippet":"max-snippet:-1","max-image-preview":"max-image-preview:large","max-video-preview":"max-video-preview:-1"},"canonical":"https:\/\/boutique-one-piece.com\/pt\/figuras-de-acao-de-one-piece\/estatueta-da-big-mom-de-one-piece-em-seu-trono-26-cm\/","og_locale":"pt_PT","og_type":"article","og_title":"Figurine One Piece Big Mom sur son Tr\u00f4ne | Figurine One Piece \u2013 Boutique One Piece","og_description":"Jeune pirate, le moment est venu pour toi de te procurer cette Figurine One Piece Big Mom sur son Tr\u00f4ne. Tu n'es pas sans savoir que L'\u00c9quipage de Big Mom est un \u00e9quipage pirate inf\u00e2me et puissant dirig\u00e9 par l'Empereur Charlotte Linlin, mieux connue sous le nom de \"Big Mom\". L'\u00e9quipage dirige la puissante nation de Tot","og_url":"https:\/\/boutique-one-piece.com\/pt\/figuras-de-acao-de-one-piece\/estatueta-da-big-mom-de-one-piece-em-seu-trono-26-cm\/","og_site_name":"Boutique One Piece","article_modified_time":"2024-09-16T12:25:21+00:00","og_image":[{"width":960,"height":960,"url":"https:\/\/boutique-one-piece.com\/wp-content\/uploads\/2022\/09\/Figurine-One-Piece-Big-Mom-sur-son-Trone-1.jpg","type":"image\/jpeg"}],"twitter_card":"summary_large_image","twitter_misc":{"Tempo estimado de leitura":"2 minutos"},"schema":{"@context":"https:\/\/schema.org","@graph":[{"@type":"WebPage","@id":"https:\/\/boutique-one-piece.com\/figurines-one-piece\/figurine-one-piece-big-mom-sur-son-trone-26-cm\/","url":"https:\/\/boutique-one-piece.com\/figurines-one-piece\/figurine-one-piece-big-mom-sur-son-trone-26-cm\/","name":"Figura da Big Mom em seu trono de One Piece | Figura de One Piece \u2013 Loja de One Piece","isPartOf":{"@id":"https:\/\/boutique-one-piece.com\/#website"},"primaryImageOfPage":{"@id":"https:\/\/boutique-one-piece.com\/figurines-one-piece\/figurine-one-piece-big-mom-sur-son-trone-26-cm\/#primaryimage"},"image":{"@id":"https:\/\/boutique-one-piece.com\/figurines-one-piece\/figurine-one-piece-big-mom-sur-son-trone-26-cm\/#primaryimage"},"thumbnailUrl":"https:\/\/boutique-one-piece.com\/wp-content\/uploads\/2022\/09\/Figurine-One-Piece-Big-Mom-sur-son-Trone-1.jpg","datePublished":"2022-09-27T20:39:31+00:00","dateModified":"2024-09-16T12:25:21+00:00","description":"Jovem pirata, chegou a hora de voc\u00ea colocar as m\u00e3os nesta figura da Big Mom em seu trono de One Piece. Voc\u00ea certamente sabe que os Piratas da Big Mom s\u00e3o uma tripula\u00e7\u00e3o pirata infame e poderosa liderada pela Imperatriz Charlotte Linlin, mais conhecida como &quot;Big Mom&quot;. A tripula\u00e7\u00e3o governa a poderosa na\u00e7\u00e3o de Tot","breadcrumb":{"@id":"https:\/\/boutique-one-piece.com\/figurines-one-piece\/figurine-one-piece-big-mom-sur-son-trone-26-cm\/#breadcrumb"},"inLanguage":"pt-PT","potentialAction":[{"@type":"ReadAction","target":["https:\/\/boutique-one-piece.com\/figurines-one-piece\/figurine-one-piece-big-mom-sur-son-trone-26-cm\/"]}]},{"@type":"ImageObject","inLanguage":"pt-PT","@id":"https:\/\/boutique-one-piece.com\/figurines-one-piece\/figurine-one-piece-big-mom-sur-son-trone-26-cm\/#primaryimage","url":"https:\/\/boutique-one-piece.com\/wp-content\/uploads\/2022\/09\/Figurine-One-Piece-Big-Mom-sur-son-Trone-1.jpg","contentUrl":"https:\/\/boutique-one-piece.com\/wp-content\/uploads\/2022\/09\/Figurine-One-Piece-Big-Mom-sur-son-Trone-1.jpg","width":960,"height":960},{"@type":"BreadcrumbList","@id":"https:\/\/boutique-one-piece.com\/figurines-one-piece\/figurine-one-piece-big-mom-sur-son-trone-26-cm\/#breadcrumb","itemListElement":[{"@type":"ListItem","position":1,"name":"Home","item":"https:\/\/boutique-one-piece.com\/"},{"@type":"ListItem","position":2,"name":"Shop","item":"https:\/\/boutique-one-piece.com\/shop\/"},{"@type":"ListItem","position":3,"name":"Figurine One Piece Big Mom sur son Tr\u00f4ne"}]},{"@type":"WebSite","@id":"https:\/\/boutique-one-piece.com\/#website","url":"https:\/\/boutique-one-piece.com\/","name":"Loja One Piece","description":"Loja especializada em mang\u00e1 e anime de One Piece.","publisher":{"@id":"https:\/\/boutique-one-piece.com\/#organization"},"potentialAction":[{"@type":"SearchAction","target":{"@type":"EntryPoint","urlTemplate":"https:\/\/boutique-one-piece.com\/?s={search_term_string}"},"query-input":{"@type":"PropertyValueSpecification","valueRequired":true,"valueName":"search_term_string"}}],"inLanguage":"pt-PT"},{"@type":"Organization","@id":"https:\/\/boutique-one-piece.com\/#organization","name":"Loja One Piece","url":"https:\/\/boutique-one-piece.com\/","logo":{"@type":"ImageObject","inLanguage":"pt-PT","@id":"https:\/\/boutique-one-piece.com\/#\/schema\/logo\/image\/","url":"https:\/\/boutique-one-piece.com\/wp-content\/uploads\/2022\/09\/Logo-01.png","contentUrl":"https:\/\/boutique-one-piece.com\/wp-content\/uploads\/2022\/09\/Logo-01.png","width":2318,"height":957,"caption":"Boutique One Piece"},"image":{"@id":"https:\/\/boutique-one-piece.com\/#\/schema\/logo\/image\/"}}]}},"_links":{"self":[{"href":"https:\/\/boutique-one-piece.com\/pt\/wp-json\/wp\/v2\/product\/11228","targetHints":{"allow":["GET"]}}],"collection":[{"href":"https:\/\/boutique-one-piece.com\/pt\/wp-json\/wp\/v2\/product"}],"about":[{"href":"https:\/\/boutique-one-piece.com\/pt\/wp-json\/wp\/v2\/types\/product"}],"replies":[{"embeddable":true,"href":"https:\/\/boutique-one-piece.com\/pt\/wp-json\/wp\/v2\/comments?post=11228"}],"wp:featuredmedia":[{"embeddable":true,"href":"https:\/\/boutique-one-piece.com\/pt\/wp-json\/wp\/v2\/media\/11230"}],"wp:attachment":[{"href":"https:\/\/boutique-one-piece.com\/pt\/wp-json\/wp\/v2\/media?parent=11228"}],"wp:term":[{"taxonomy":"product_brand","embeddable":true,"href":"https:\/\/boutique-one-piece.com\/pt\/wp-json\/wp\/v2\/product_brand?post=11228"},{"taxonomy":"product_cat","embeddable":true,"href":"https:\/\/boutique-one-piece.com\/pt\/wp-json\/wp\/v2\/product_cat?post=11228"},{"taxonomy":"product_tag","embeddable":true,"href":"https:\/\/boutique-one-piece.com\/pt\/wp-json\/wp\/v2\/product_tag?post=11228"}],"curies":[{"name":"wp","href":"https:\/\/api.w.org\/{rel}","templated":true}]}}