{"id":11310,"date":"2022-09-27T20:40:11","date_gmt":"2022-09-27T20:40:11","guid":{"rendered":"https:\/\/boutique-one-piece.com\/uncategorized\/tableau-one-piece-repas-de-famille\/"},"modified":"2024-09-18T03:50:49","modified_gmt":"2024-09-18T03:50:49","slug":"pintura-de-refeicao-em-familia-de-one-piece","status":"publish","type":"product","link":"https:\/\/boutique-one-piece.com\/pt\/produtos-de-one-piece\/produtos-da-nami-de-one-piece\/pintura-de-refeicao-em-familia-de-one-piece\/","title":{"rendered":"Pintura de refei\u00e7\u00e3o familiar de One Piece"},"content":{"rendered":"<h2>Quadro em tela de 5 pain\u00e9is de One Piece apresentando a tripula\u00e7\u00e3o do Chap\u00e9u de Palha ao redor de uma mesa compartilhando uma boa refei\u00e7\u00e3o, uma tela de qualidade para um pirata como voc\u00ea!<\/h2>\n<p>Se voc\u00ea \u00e9 um\u00a0<strong>pirata de verdade<\/strong>, Voc\u00ea vai apreciar o\u00a0<strong>qualidade<\/strong>\u00a0tela, tinta e uma moldura para eles\u00a0<strong>desenhos\u00a0<\/strong>E\u00a0<strong>Impress\u00e3o em tela 3D<\/strong>\u00a0disso\u00a0<strong>Pintura de 5 pain\u00e9is de One Piece<\/strong>\u00a0Mas, o mais importante, com este gr\u00e1fico, voc\u00ea far\u00e1 parte de\u00a0<strong>a equipe de f\u00e3s<\/strong>\u00a0de\u00a0<strong>mang\u00e1 de piratas<\/strong>\u00a0e voc\u00ea obter\u00e1:<\/p>\n<ul>\n<li>\u00a0<strong>Admira\u00e7\u00e3o<\/strong>\u00a0de todos os f\u00e3s de\u00a0<strong>Mugiwara<\/strong>\u00a0que voc\u00ea convidar\u00e1 para sua casa<\/li>\n<\/ul>\n<ul>\n<li>Um verdadeiro\u00a0<strong>Gr\u00e1fico impresso de 5 pe\u00e7as<\/strong>\u00a0com o qual voc\u00ea pode<strong>\u00a0imaginar\u00a0<\/strong>\u00e0 mesa com<b>\u00a0<\/b>O<b> Mugiwaras<\/b>\n<\/li>\n<\/ul>\n<p>Ent\u00e3o, pronto para exibir o\u00a0<strong>cores <\/strong>da tripula\u00e7\u00e3o de<strong>\u00a0<\/strong><strong>Chap\u00e9u de Palha<\/strong>\u00a0?<\/p>\n<h2>Voc\u00ea \u00e9 f\u00e3 do mang\u00e1 ou anime One Piece? Mostre seu apoio com este conjunto de 5 telas impressas de One Piece!<\/h2>\n<p>Se voc\u00ea\u00a0<strong>ler<\/strong>\u00a0ou onde quer que voc\u00ea olhe\u00a0<strong>o anime\u00a0<\/strong><strong>japon\u00eas<\/strong>, \u00c9 bem prov\u00e1vel que voc\u00ea tenha se tornado\u00a0<strong>Sou louco por One Piece.<\/strong>\u00a0Com isto!\u00a0<strong>Gr\u00e1fico de 5 pain\u00e9is Refei\u00e7\u00e3o em Fam\u00edlia<\/strong>, junte-se ao\u2019<strong>equipe de f\u00e3s da franquia<\/strong><\/p>\n<p>Esse\u00a0<strong>pintura<\/strong>\u00a0est\u00e1 dispon\u00edvel com um\u00a0<strong>moldura de madeira<\/strong>\u00a0a variante &quot;\u00ab\u00a0<strong>Com moldura<\/strong>\u00ab&quot;Tamb\u00e9m \u00e9 poss\u00edvel ter apenas o\u00a0<strong>pano<\/strong>\u00a0com a variante &quot;\u00ab\u00a0<strong>Sem moldura<\/strong>\u00abVoc\u00ea encontrar\u00e1 a tabela de tamanhos.\u00a0<strong>Pequeno<\/strong>,<strong>\u00a0M\u00c9DIA<\/strong>,<strong>\u00a0Grande<\/strong>,<strong>\u00a0XL<\/strong>, Vai servir para todos os tipos de piratas, mesmo que voc\u00ea n\u00e3o tenha\u00a0<strong>espada<\/strong>\u00a0ou\u00a0<strong>fruta do diabo<\/strong>\u00a0Voc\u00ea ainda pode pendur\u00e1-lo com orgulho em casa.<\/p>\n<p>Maravilhoso <strong>pintura em cinco partes<\/strong> com <strong>Luffy<\/strong>, <strong>Zoro<\/strong>, <strong>Sanji<\/strong>, <strong>Nami<\/strong>, <strong>Robin<\/strong>, <strong>Usopp<\/strong> E <strong>Franky <\/strong>est\u00e3o sentados ao redor de uma mesa para comer uma boa refei\u00e7\u00e3o. <strong>refei\u00e7\u00e3o<\/strong>. A tripula\u00e7\u00e3o de <strong>Macaco D. Luffy<\/strong> s\u00e3o muito mais do que amigos, eles se tornaram uma fam\u00edlia. <strong>fam\u00edlia<\/strong><\/p>\n<h2>Informa\u00e7\u00f5es sobre a pintura:<\/h2>\n<ul>\n<li>\n<strong>Tela impressa de alta qualidade\u00a0<\/strong>: tela de parede feita de <strong>algod\u00e3o<\/strong> e <strong>linho<\/strong>, para obter um <strong>pano<\/strong> digno do nome<\/li>\n<\/ul>\n<ul>\n<li>\n<strong>Pintura de design ultra<\/strong>\u00a0A tabela de cinco partes oferece muitas possibilidades. <strong>estilo<\/strong> para um <strong>peda\u00e7o<\/strong>, Os f\u00e3s simplesmente adoram.<\/li>\n<\/ul>\n<ul style=\"font-weight: 400\">\n<li>\n<strong>Cor e Impress\u00e3o\u00a0<\/strong>Pintura de One Piece com uma estampa <strong>Canva<\/strong> a refer\u00eancia em impress\u00e3o em tela<\/li>\n<\/ul>\n<ul style=\"font-weight: 400\">\n<li>\n<strong>Arte de parede leve<\/strong>\u00a0: cen\u00e1rio excelente <strong>luz,<\/strong> Basta um <strong>unha<\/strong> ou do <strong>perna fixa<\/strong> para o <strong>manter<\/strong> No <strong>parede<\/strong>\n<\/li>\n<\/ul>\n<ul style=\"font-weight: 400\">\n<li>\n<strong>Moldura de madeira<\/strong>\u00a0: a variante &quot;\u00ab\u00a0<strong>Com moldura<\/strong>\u00a0\u00bb \u00e9 acompanhado por um <strong>moldura de madeira<\/strong> e a vers\u00e3o &quot;\u00ab\u00a0<strong>Sem moldura<\/strong>\u00a0\u00bb \u00e9 entregue <strong>sem a moldura de madeira<\/strong>\n<\/li>\n<\/ul>\n<ul style=\"font-weight: 400\">\n<li>\n<strong>Entrega gr\u00e1tis\u00a0<\/strong>para qualquer compra<strong>\u00a0<\/strong>\n<\/li>\n<\/ul>\n<h3>N\u00e3o se esque\u00e7a de consultar o guia de tamanhos abaixo.<\/h3>\n<h2>\n<strong style=\"font-size: 15px\">Pintura de 5 pe\u00e7as de One Piece<\/strong><span style=\"font-size: 15px\">,<\/span><strong style=\"font-size: 15px\"> <\/strong><span style=\"font-size: 15px\">Tamanho<\/span><strong style=\"font-size: 15px\"> <\/strong><span style=\"font-size: 15px\">: <\/span><strong style=\"font-size: 15px\">Pequeno<\/strong><br \/>\n<\/h2>\n<p>\u00a0<img decoding=\"async\" src=\"https:\/\/cdn.shopify.com\/s\/files\/1\/0087\/7556\/5348\/files\/guide_taille_tableau_one_piece_petit_boutique_one_piece_large.jpg?v=1560247451\" alt=\"Guia de Tamanhos do Conjunto One Piece de 5 Pe\u00e7as (Pequeno)\"><\/p>\n<p><strong>Pintura de 5 pe\u00e7as de One Piece<\/strong>, Tamanho<strong> <\/strong>:<strong> M\u00c9DIA<\/strong><\/p>\n<p>\u00a0<img decoding=\"async\" src=\"https:\/\/cdn.shopify.com\/s\/files\/1\/0087\/7556\/5348\/files\/guide_taille_tableau_one_piece_moyen_boutique_one_piece_large.jpg?v=1560247519\" alt=\"Guia de tamanhos, pe\u00e7a \u00fanica, 5 pe\u00e7as, M\u00e9dio\"><\/p>\n<p><strong>Pintura de 5 pe\u00e7as de One Piece<\/strong>, Tamanho<strong> <\/strong>: <strong>Grande<\/strong><\/p>\n<p>\u00a0<img decoding=\"async\" src=\"https:\/\/cdn.shopify.com\/s\/files\/1\/0087\/7556\/5348\/files\/guide_taille_tableau_one_piece_grand_boutique_one_piece_large.jpg?v=1560247582\" alt=\"Tabela de tamanhos de One Piece (tamanho grande)\"><\/p>\n<p><strong>Pintura de 5 pe\u00e7as de One Piece<\/strong>, Tamanho: <strong>XL<\/strong><\/p>\n<p><img decoding=\"async\" src=\"https:\/\/cdn.shopify.com\/s\/files\/1\/0087\/7556\/5348\/files\/guide_taille_tableau_one_piece_xl_boutique_one_piece_large.jpg?v=1560247610\" alt=\"Tabela de tamanhos XL do conjunto de 5 pe\u00e7as One Piece\"><\/p>","protected":false},"excerpt":{"rendered":"<p>Quadro em tela de 5 pain\u00e9is de One Piece com a tripula\u00e7\u00e3o do Chap\u00e9u de Palha reunida em volta de uma mesa compartilhando uma deliciosa refei\u00e7\u00e3o \u2013 uma pe\u00e7a de alta qualidade para um pirata como voc\u00ea! Se voc\u00ea \u00e9 um verdadeiro pirata, vai apreciar a qualidade da tela, da tinta e da moldura, bem como a impress\u00e3o 3D deste quadro de 5 pain\u00e9is de One Piece! Mas o mais importante \u00e9 que [\u2026]<\/p>","protected":false},"featured_media":11312,"comment_status":"open","ping_status":"open","template":"","meta":[],"product_brand":[],"product_cat":[153,198,155,141],"product_tag":[165,129,92,154,205,112,142,143,144,113],"class_list":{"0":"post-11310","1":"product","2":"type-product","3":"status-publish","4":"has-post-thumbnail","6":"product_cat-goodies-nami-one-piece","7":"product_cat-goodies-nico-robin-one-piece","8":"product_cat-goodies-usopp-one-piece","9":"product_cat-tableaux-one-piece","10":"product_tag-chopper","11":"product_tag-franky","12":"product_tag-luffy","13":"product_tag-nami","14":"product_tag-robin","15":"product_tag-sanji","16":"product_tag-tableau-5-pieces","17":"product_tag-toile","18":"product_tag-usopp","19":"product_tag-zoro","21":"first","22":"instock","23":"purchasable","24":"product-type-variable"},"yoast_head":"<!-- This site is optimized with the Yoast SEO plugin v27.5 - https:\/\/yoast.com\/product\/yoast-seo-wordpress\/ -->\n<title>Tableau 5 Pi\u00e8ces Repas de Famille | Boutique One Piece<\/title>\n<meta name=\"description\" content=\"Tableau 5 Pi\u00e8ces One Piece avec Luffy au Chapeau de Paille et son \u00c9quipage pendant un Moment de Partage Tableau 5 Panneaux de Tr\u00e8s Haute Qualit\u00e9 Pour les Fans\" \/>\n<meta name=\"robots\" content=\"index, follow, max-snippet:-1, max-image-preview:large, max-video-preview:-1\" \/>\n<link rel=\"canonical\" href=\"https:\/\/boutique-one-piece.com\/pt\/produtos-de-one-piece\/produtos-da-nico-robin-de-one-piece\/pintura-de-refeicao-em-familia-de-one-piece\/\" \/>\n<meta property=\"og:locale\" content=\"pt_PT\" \/>\n<meta property=\"og:type\" content=\"article\" \/>\n<meta property=\"og:title\" content=\"Tableau 5 Pi\u00e8ces Repas de Famille | Boutique One Piece\" \/>\n<meta property=\"og:description\" content=\"Tableau 5 Pi\u00e8ces One Piece avec Luffy au Chapeau de Paille et son \u00c9quipage pendant un Moment de Partage Tableau 5 Panneaux de Tr\u00e8s Haute Qualit\u00e9 Pour les Fans\" \/>\n<meta property=\"og:url\" content=\"https:\/\/boutique-one-piece.com\/pt\/produtos-de-one-piece\/produtos-da-nico-robin-de-one-piece\/pintura-de-refeicao-em-familia-de-one-piece\/\" \/>\n<meta property=\"og:site_name\" content=\"Boutique One Piece\" \/>\n<meta property=\"article:modified_time\" content=\"2024-09-18T03:50:49+00:00\" \/>\n<meta property=\"og:image\" content=\"https:\/\/boutique-one-piece.com\/wp-content\/uploads\/2022\/09\/Tableau-One-Piece-Repas-de-Famille.jpg\" \/>\n\t<meta property=\"og:image:width\" content=\"600\" \/>\n\t<meta property=\"og:image:height\" content=\"600\" \/>\n\t<meta property=\"og:image:type\" content=\"image\/jpeg\" \/>\n<meta name=\"twitter:card\" content=\"summary_large_image\" \/>\n<meta name=\"twitter:label1\" content=\"Tempo estimado de leitura\" \/>\n\t<meta name=\"twitter:data1\" content=\"4 minutos\" \/>\n<script type=\"application\/ld+json\" class=\"yoast-schema-graph\">{\"@context\":\"https:\\\/\\\/schema.org\",\"@graph\":[{\"@type\":\"WebPage\",\"@id\":\"https:\\\/\\\/boutique-one-piece.com\\\/goodies-one-piece\\\/goodies-nico-robin-one-piece\\\/tableau-one-piece-repas-de-famille\\\/\",\"url\":\"https:\\\/\\\/boutique-one-piece.com\\\/goodies-one-piece\\\/goodies-nico-robin-one-piece\\\/tableau-one-piece-repas-de-famille\\\/\",\"name\":\"Tableau 5 Pi\u00e8ces Repas de Famille | Boutique One Piece\",\"isPartOf\":{\"@id\":\"https:\\\/\\\/boutique-one-piece.com\\\/#website\"},\"primaryImageOfPage\":{\"@id\":\"https:\\\/\\\/boutique-one-piece.com\\\/goodies-one-piece\\\/goodies-nico-robin-one-piece\\\/tableau-one-piece-repas-de-famille\\\/#primaryimage\"},\"image\":{\"@id\":\"https:\\\/\\\/boutique-one-piece.com\\\/goodies-one-piece\\\/goodies-nico-robin-one-piece\\\/tableau-one-piece-repas-de-famille\\\/#primaryimage\"},\"thumbnailUrl\":\"https:\\\/\\\/boutique-one-piece.com\\\/wp-content\\\/uploads\\\/2022\\\/09\\\/Tableau-One-Piece-Repas-de-Famille.jpg\",\"datePublished\":\"2022-09-27T20:40:11+00:00\",\"dateModified\":\"2024-09-18T03:50:49+00:00\",\"description\":\"Tableau 5 Pi\u00e8ces One Piece avec Luffy au Chapeau de Paille et son \u00c9quipage pendant un Moment de Partage Tableau 5 Panneaux de Tr\u00e8s Haute Qualit\u00e9 Pour les Fans\",\"breadcrumb\":{\"@id\":\"https:\\\/\\\/boutique-one-piece.com\\\/goodies-one-piece\\\/goodies-nico-robin-one-piece\\\/tableau-one-piece-repas-de-famille\\\/#breadcrumb\"},\"inLanguage\":\"pt-PT\",\"potentialAction\":[{\"@type\":\"ReadAction\",\"target\":[\"https:\\\/\\\/boutique-one-piece.com\\\/goodies-one-piece\\\/goodies-nico-robin-one-piece\\\/tableau-one-piece-repas-de-famille\\\/\"]}]},{\"@type\":\"ImageObject\",\"inLanguage\":\"pt-PT\",\"@id\":\"https:\\\/\\\/boutique-one-piece.com\\\/goodies-one-piece\\\/goodies-nico-robin-one-piece\\\/tableau-one-piece-repas-de-famille\\\/#primaryimage\",\"url\":\"https:\\\/\\\/boutique-one-piece.com\\\/wp-content\\\/uploads\\\/2022\\\/09\\\/Tableau-One-Piece-Repas-de-Famille.jpg\",\"contentUrl\":\"https:\\\/\\\/boutique-one-piece.com\\\/wp-content\\\/uploads\\\/2022\\\/09\\\/Tableau-One-Piece-Repas-de-Famille.jpg\",\"width\":600,\"height\":600,\"caption\":\"Tableau One Piece Repas de Famille XL Avec Cadre\"},{\"@type\":\"BreadcrumbList\",\"@id\":\"https:\\\/\\\/boutique-one-piece.com\\\/goodies-one-piece\\\/goodies-nico-robin-one-piece\\\/tableau-one-piece-repas-de-famille\\\/#breadcrumb\",\"itemListElement\":[{\"@type\":\"ListItem\",\"position\":1,\"name\":\"Home\",\"item\":\"https:\\\/\\\/boutique-one-piece.com\\\/\"},{\"@type\":\"ListItem\",\"position\":2,\"name\":\"Shop\",\"item\":\"https:\\\/\\\/boutique-one-piece.com\\\/shop\\\/\"},{\"@type\":\"ListItem\",\"position\":3,\"name\":\"Tableau One Piece Repas de Famille\"}]},{\"@type\":\"WebSite\",\"@id\":\"https:\\\/\\\/boutique-one-piece.com\\\/#website\",\"url\":\"https:\\\/\\\/boutique-one-piece.com\\\/\",\"name\":\"Boutique One Piece\",\"description\":\"Magasin Sp\u00e9cialis\u00e9 du Manga et l&#039;Anime One Piece\",\"publisher\":{\"@id\":\"https:\\\/\\\/boutique-one-piece.com\\\/#organization\"},\"potentialAction\":[{\"@type\":\"SearchAction\",\"target\":{\"@type\":\"EntryPoint\",\"urlTemplate\":\"https:\\\/\\\/boutique-one-piece.com\\\/?s={search_term_string}\"},\"query-input\":{\"@type\":\"PropertyValueSpecification\",\"valueRequired\":true,\"valueName\":\"search_term_string\"}}],\"inLanguage\":\"pt-PT\"},{\"@type\":\"Organization\",\"@id\":\"https:\\\/\\\/boutique-one-piece.com\\\/#organization\",\"name\":\"Boutique One Piece\",\"url\":\"https:\\\/\\\/boutique-one-piece.com\\\/\",\"logo\":{\"@type\":\"ImageObject\",\"inLanguage\":\"pt-PT\",\"@id\":\"https:\\\/\\\/boutique-one-piece.com\\\/#\\\/schema\\\/logo\\\/image\\\/\",\"url\":\"https:\\\/\\\/boutique-one-piece.com\\\/wp-content\\\/uploads\\\/2022\\\/09\\\/Logo-01.png\",\"contentUrl\":\"https:\\\/\\\/boutique-one-piece.com\\\/wp-content\\\/uploads\\\/2022\\\/09\\\/Logo-01.png\",\"width\":2318,\"height\":957,\"caption\":\"Boutique One Piece\"},\"image\":{\"@id\":\"https:\\\/\\\/boutique-one-piece.com\\\/#\\\/schema\\\/logo\\\/image\\\/\"}}]}<\/script>\n<!-- \/ Yoast SEO plugin. -->","yoast_head_json":{"title":"Conjunto de mesa para refei\u00e7\u00f5es em fam\u00edlia com 5 pe\u00e7as | Loja One Piece","description":"Conjunto de 5 telas impressas de One Piece com Luffy, o Chap\u00e9u de Palha, e sua tripula\u00e7\u00e3o compartilhando um momento - Tela impressa de alta qualidade com 5 pain\u00e9is para f\u00e3s.","robots":{"index":"index","follow":"follow","max-snippet":"max-snippet:-1","max-image-preview":"max-image-preview:large","max-video-preview":"max-video-preview:-1"},"canonical":"https:\/\/boutique-one-piece.com\/pt\/produtos-de-one-piece\/produtos-da-nico-robin-de-one-piece\/pintura-de-refeicao-em-familia-de-one-piece\/","og_locale":"pt_PT","og_type":"article","og_title":"Tableau 5 Pi\u00e8ces Repas de Famille | Boutique One Piece","og_description":"Tableau 5 Pi\u00e8ces One Piece avec Luffy au Chapeau de Paille et son \u00c9quipage pendant un Moment de Partage Tableau 5 Panneaux de Tr\u00e8s Haute Qualit\u00e9 Pour les Fans","og_url":"https:\/\/boutique-one-piece.com\/pt\/produtos-de-one-piece\/produtos-da-nico-robin-de-one-piece\/pintura-de-refeicao-em-familia-de-one-piece\/","og_site_name":"Boutique One Piece","article_modified_time":"2024-09-18T03:50:49+00:00","og_image":[{"width":600,"height":600,"url":"https:\/\/boutique-one-piece.com\/wp-content\/uploads\/2022\/09\/Tableau-One-Piece-Repas-de-Famille.jpg","type":"image\/jpeg"}],"twitter_card":"summary_large_image","twitter_misc":{"Tempo estimado de leitura":"4 minutos"},"schema":{"@context":"https:\/\/schema.org","@graph":[{"@type":"WebPage","@id":"https:\/\/boutique-one-piece.com\/goodies-one-piece\/goodies-nico-robin-one-piece\/tableau-one-piece-repas-de-famille\/","url":"https:\/\/boutique-one-piece.com\/goodies-one-piece\/goodies-nico-robin-one-piece\/tableau-one-piece-repas-de-famille\/","name":"Conjunto de mesa para refei\u00e7\u00f5es em fam\u00edlia com 5 pe\u00e7as | Loja One Piece","isPartOf":{"@id":"https:\/\/boutique-one-piece.com\/#website"},"primaryImageOfPage":{"@id":"https:\/\/boutique-one-piece.com\/goodies-one-piece\/goodies-nico-robin-one-piece\/tableau-one-piece-repas-de-famille\/#primaryimage"},"image":{"@id":"https:\/\/boutique-one-piece.com\/goodies-one-piece\/goodies-nico-robin-one-piece\/tableau-one-piece-repas-de-famille\/#primaryimage"},"thumbnailUrl":"https:\/\/boutique-one-piece.com\/wp-content\/uploads\/2022\/09\/Tableau-One-Piece-Repas-de-Famille.jpg","datePublished":"2022-09-27T20:40:11+00:00","dateModified":"2024-09-18T03:50:49+00:00","description":"Conjunto de 5 telas impressas de One Piece com Luffy, o Chap\u00e9u de Palha, e sua tripula\u00e7\u00e3o compartilhando um momento - Tela impressa de alta qualidade com 5 pain\u00e9is para f\u00e3s.","breadcrumb":{"@id":"https:\/\/boutique-one-piece.com\/goodies-one-piece\/goodies-nico-robin-one-piece\/tableau-one-piece-repas-de-famille\/#breadcrumb"},"inLanguage":"pt-PT","potentialAction":[{"@type":"ReadAction","target":["https:\/\/boutique-one-piece.com\/goodies-one-piece\/goodies-nico-robin-one-piece\/tableau-one-piece-repas-de-famille\/"]}]},{"@type":"ImageObject","inLanguage":"pt-PT","@id":"https:\/\/boutique-one-piece.com\/goodies-one-piece\/goodies-nico-robin-one-piece\/tableau-one-piece-repas-de-famille\/#primaryimage","url":"https:\/\/boutique-one-piece.com\/wp-content\/uploads\/2022\/09\/Tableau-One-Piece-Repas-de-Famille.jpg","contentUrl":"https:\/\/boutique-one-piece.com\/wp-content\/uploads\/2022\/09\/Tableau-One-Piece-Repas-de-Famille.jpg","width":600,"height":600,"caption":"Tableau One Piece Repas de Famille XL Avec Cadre"},{"@type":"BreadcrumbList","@id":"https:\/\/boutique-one-piece.com\/goodies-one-piece\/goodies-nico-robin-one-piece\/tableau-one-piece-repas-de-famille\/#breadcrumb","itemListElement":[{"@type":"ListItem","position":1,"name":"Home","item":"https:\/\/boutique-one-piece.com\/"},{"@type":"ListItem","position":2,"name":"Shop","item":"https:\/\/boutique-one-piece.com\/shop\/"},{"@type":"ListItem","position":3,"name":"Tableau One Piece Repas de Famille"}]},{"@type":"WebSite","@id":"https:\/\/boutique-one-piece.com\/#website","url":"https:\/\/boutique-one-piece.com\/","name":"Loja One Piece","description":"Loja especializada em mang\u00e1 e anime de One Piece.","publisher":{"@id":"https:\/\/boutique-one-piece.com\/#organization"},"potentialAction":[{"@type":"SearchAction","target":{"@type":"EntryPoint","urlTemplate":"https:\/\/boutique-one-piece.com\/?s={search_term_string}"},"query-input":{"@type":"PropertyValueSpecification","valueRequired":true,"valueName":"search_term_string"}}],"inLanguage":"pt-PT"},{"@type":"Organization","@id":"https:\/\/boutique-one-piece.com\/#organization","name":"Loja One Piece","url":"https:\/\/boutique-one-piece.com\/","logo":{"@type":"ImageObject","inLanguage":"pt-PT","@id":"https:\/\/boutique-one-piece.com\/#\/schema\/logo\/image\/","url":"https:\/\/boutique-one-piece.com\/wp-content\/uploads\/2022\/09\/Logo-01.png","contentUrl":"https:\/\/boutique-one-piece.com\/wp-content\/uploads\/2022\/09\/Logo-01.png","width":2318,"height":957,"caption":"Boutique One Piece"},"image":{"@id":"https:\/\/boutique-one-piece.com\/#\/schema\/logo\/image\/"}}]}},"_links":{"self":[{"href":"https:\/\/boutique-one-piece.com\/pt\/wp-json\/wp\/v2\/product\/11310","targetHints":{"allow":["GET"]}}],"collection":[{"href":"https:\/\/boutique-one-piece.com\/pt\/wp-json\/wp\/v2\/product"}],"about":[{"href":"https:\/\/boutique-one-piece.com\/pt\/wp-json\/wp\/v2\/types\/product"}],"replies":[{"embeddable":true,"href":"https:\/\/boutique-one-piece.com\/pt\/wp-json\/wp\/v2\/comments?post=11310"}],"wp:featuredmedia":[{"embeddable":true,"href":"https:\/\/boutique-one-piece.com\/pt\/wp-json\/wp\/v2\/media\/11312"}],"wp:attachment":[{"href":"https:\/\/boutique-one-piece.com\/pt\/wp-json\/wp\/v2\/media?parent=11310"}],"wp:term":[{"taxonomy":"product_brand","embeddable":true,"href":"https:\/\/boutique-one-piece.com\/pt\/wp-json\/wp\/v2\/product_brand?post=11310"},{"taxonomy":"product_cat","embeddable":true,"href":"https:\/\/boutique-one-piece.com\/pt\/wp-json\/wp\/v2\/product_cat?post=11310"},{"taxonomy":"product_tag","embeddable":true,"href":"https:\/\/boutique-one-piece.com\/pt\/wp-json\/wp\/v2\/product_tag?post=11310"}],"curies":[{"name":"wp","href":"https:\/\/api.w.org\/{rel}","templated":true}]}}