{"id":11374,"date":"2022-09-27T20:40:42","date_gmt":"2022-09-27T20:40:42","guid":{"rendered":"https:\/\/boutique-one-piece.com\/uncategorized\/figurine-one-piece-nami-chapeau-de-chopper\/"},"modified":"2024-09-16T12:29:03","modified_gmt":"2024-09-16T12:29:03","slug":"figura-de-acao-de-one-piece-com-chapeu-da-nami-e-do-chopper","status":"publish","type":"product","link":"https:\/\/boutique-one-piece.com\/pt\/figuras-de-acao-de-one-piece\/figura-de-acao-de-one-piece-com-chapeu-da-nami-e-do-chopper\/","title":{"rendered":"Figura de One Piece Nami Chopper com Chap\u00e9u"},"content":{"rendered":"<h2>Jovem pirata, chegou a hora de voc\u00ea adquirir esta estatueta do chap\u00e9u da Nami e do Chopper de One Piece.<\/h2>\n<p>S\u00f3 para lembrar, <strong>Nami<\/strong> est la navigatrice de L\u2019\u00c9quipage du Chapeau de Paille. Elle est la deuxi\u00e8me personne \u00e0 se joindre \u00e0 l\u2019\u00e9quipage apr\u00e8s Zoro. Son r\u00eave est de dessiner une carte compl\u00e8te du monde. Sa prime actuelle s\u2019\u00e9l\u00e8ve \u00e0 66 000 000 Berry. Quant \u00e0 Chopper, alias<strong> Tony Tony Chopper<\/strong> ; c\u2019est le docteur de l\u2019\u00c9quipage du Chapeau de Paille. Chopper est un renne qui a mang\u00e9 le Hito Hito no Mi, lui permettant de se transformer en humain.<\/p>\n<p>Il est originaire de l\u2019\u00cele de Drum, ce qui fait de lui le premier membre de l\u2019\u00e9quipage du Chapeau de Paille \u00e0 \u00eatre n\u00e9 sur La Route de tous les P\u00e9rils. Il est le sixi\u00e8me membre de celui-ci et le cinqui\u00e8me \u00e0 se joindre \u00e0 l\u2019\u00c9quipage. D\u2019ailleurs, si tu souhaites agrandir ta collection de figurine, la <a title=\"Figura da Nami de One Piece com vestido dourado\" href=\"https:\/\/boutique-one-piece.com\/pt\/figura-de-acao-da-nami-de-one-piece-com-vestido-dourado\/\" target=\"_blank\" rel=\"noopener\">Estatueta da Nami vestida de dourado<\/a> Est\u00e1 ao seu alcance.<\/p>\n<h3>Alors, conquis par la figurine de Nami avec le chapeau de Tony Tony Chopper ? Si tel est le cas, n\u2019h\u00e9site plus et embarque \u00e0 bord du Thousand Sunny, l\u2019\u00e9quipage de Luffy n\u2019attend que toi.<\/h3>\n<p>Fan de la premi\u00e8re heure ou fin collectionneur, ces objets mythiques sont forc\u00e9ment faits pour toi. N\u2019h\u00e9site plus et viens agrandir <strong>seu universo de One Piece<\/strong>. Ces objets sont \u00e9galement d\u2019excellentes id\u00e9es cadeaux. Alors fais plaisir ou fais-toi plaisir. Une chose est certaine, l\u2019\u00e8re de <strong>pirataria<\/strong> n\u2019est pas finie !<\/p>\n<h2>Informa\u00e7\u00f5es sobre a estatueta do chap\u00e9u da Nami Chopper\u00a0<\/h2>\n<ul>\n<li><span><b><u>Figura de a\u00e7\u00e3o de One Piece<\/u><\/b>\u00a0: Figurine\u00a0 premium de l\u2019univers One Piece pour les vrais pirates<\/span><\/li>\n<\/ul>\n<ul>\n<li>\n<b>Mat\u00e9ria<\/b><span>\u00a0<\/span>PVC<\/li>\n<\/ul>\n<ul>\n<li><span><strong>Dimens\u00e3o<\/strong>\u00a0: 23 cm<\/span><\/li>\n<\/ul>\n<ul>\n<li><span><strong>ENTREGA GR\u00c1TIS<\/strong><\/span><\/li>\n<\/ul>","protected":false},"excerpt":{"rendered":"<p>Jeune pirate, le moment est venu pour toi de te procurer cette Figurine One Piece Nami Chapeau De Chopper. Pour rappel, Nami est la navigatrice de L\u2019\u00c9quipage du Chapeau de Paille. Elle est la deuxi\u00e8me personne \u00e0 se joindre \u00e0 l\u2019\u00e9quipage apr\u00e8s Zoro. Son r\u00eave est de dessiner une carte compl\u00e8te du monde. Sa prime [&hellip;]<\/p>","protected":false},"featured_media":11376,"comment_status":"open","ping_status":"open","template":"","meta":[],"product_brand":[],"product_cat":[76],"product_tag":[],"class_list":{"0":"post-11374","1":"product","2":"type-product","3":"status-publish","4":"has-post-thumbnail","6":"product_cat-figurines-one-piece","8":"first","9":"instock","10":"purchasable","11":"product-type-simple"},"yoast_head":"<!-- This site is optimized with the Yoast SEO plugin v27.5 - https:\/\/yoast.com\/product\/yoast-seo-wordpress\/ -->\n<title>Figurine One Piece Nami Chapeau De Chopper | Figurine One Piece<\/title>\n<meta name=\"description\" content=\"Figurine One Piece\u00a0: Figurine\u00a0 premium de l&#039;univers One Piece pour les vrais pirates Mati\u00e8re\u00a0: P.V.C Dimension\u00a0: 23 cm LIVRAISON OFFERTE\" \/>\n<meta name=\"robots\" content=\"index, follow, max-snippet:-1, max-image-preview:large, max-video-preview:-1\" \/>\n<link rel=\"canonical\" href=\"https:\/\/boutique-one-piece.com\/pt\/figuras-de-acao-de-one-piece\/figura-de-acao-de-one-piece-com-chapeu-da-nami-e-do-chopper\/\" \/>\n<meta property=\"og:locale\" content=\"pt_PT\" \/>\n<meta property=\"og:type\" content=\"article\" \/>\n<meta property=\"og:title\" content=\"Figurine One Piece Nami Chapeau De Chopper | Figurine One Piece\" \/>\n<meta property=\"og:description\" content=\"Figurine One Piece\u00a0: Figurine\u00a0 premium de l&#039;univers One Piece pour les vrais pirates Mati\u00e8re\u00a0: P.V.C Dimension\u00a0: 23 cm LIVRAISON OFFERTE\" \/>\n<meta property=\"og:url\" content=\"https:\/\/boutique-one-piece.com\/pt\/figuras-de-acao-de-one-piece\/figura-de-acao-de-one-piece-com-chapeu-da-nami-e-do-chopper\/\" \/>\n<meta property=\"og:site_name\" content=\"Boutique One Piece\" \/>\n<meta property=\"article:modified_time\" content=\"2024-09-16T12:29:03+00:00\" \/>\n<meta property=\"og:image\" content=\"https:\/\/boutique-one-piece.com\/wp-content\/uploads\/2022\/09\/Figurine-One-Piece-Nami-Chapeau-De-Chopper-1.jpg\" \/>\n\t<meta property=\"og:image:width\" content=\"800\" \/>\n\t<meta property=\"og:image:height\" content=\"800\" \/>\n\t<meta property=\"og:image:type\" content=\"image\/jpeg\" \/>\n<meta name=\"twitter:card\" content=\"summary_large_image\" \/>\n<meta name=\"twitter:label1\" content=\"Tempo estimado de leitura\" \/>\n\t<meta name=\"twitter:data1\" content=\"1 minuto\" \/>\n<script type=\"application\/ld+json\" class=\"yoast-schema-graph\">{\"@context\":\"https:\\\/\\\/schema.org\",\"@graph\":[{\"@type\":\"WebPage\",\"@id\":\"https:\\\/\\\/boutique-one-piece.com\\\/figurines-one-piece\\\/figurine-one-piece-nami-chapeau-de-chopper\\\/\",\"url\":\"https:\\\/\\\/boutique-one-piece.com\\\/figurines-one-piece\\\/figurine-one-piece-nami-chapeau-de-chopper\\\/\",\"name\":\"Figurine One Piece Nami Chapeau De Chopper | Figurine One Piece\",\"isPartOf\":{\"@id\":\"https:\\\/\\\/boutique-one-piece.com\\\/#website\"},\"primaryImageOfPage\":{\"@id\":\"https:\\\/\\\/boutique-one-piece.com\\\/figurines-one-piece\\\/figurine-one-piece-nami-chapeau-de-chopper\\\/#primaryimage\"},\"image\":{\"@id\":\"https:\\\/\\\/boutique-one-piece.com\\\/figurines-one-piece\\\/figurine-one-piece-nami-chapeau-de-chopper\\\/#primaryimage\"},\"thumbnailUrl\":\"https:\\\/\\\/boutique-one-piece.com\\\/wp-content\\\/uploads\\\/2022\\\/09\\\/Figurine-One-Piece-Nami-Chapeau-De-Chopper-1.jpg\",\"datePublished\":\"2022-09-27T20:40:42+00:00\",\"dateModified\":\"2024-09-16T12:29:03+00:00\",\"description\":\"Figurine One Piece\u00a0: Figurine\u00a0 premium de l'univers One Piece pour les vrais pirates Mati\u00e8re\u00a0: P.V.C Dimension\u00a0: 23 cm LIVRAISON OFFERTE\",\"breadcrumb\":{\"@id\":\"https:\\\/\\\/boutique-one-piece.com\\\/figurines-one-piece\\\/figurine-one-piece-nami-chapeau-de-chopper\\\/#breadcrumb\"},\"inLanguage\":\"pt-PT\",\"potentialAction\":[{\"@type\":\"ReadAction\",\"target\":[\"https:\\\/\\\/boutique-one-piece.com\\\/figurines-one-piece\\\/figurine-one-piece-nami-chapeau-de-chopper\\\/\"]}]},{\"@type\":\"ImageObject\",\"inLanguage\":\"pt-PT\",\"@id\":\"https:\\\/\\\/boutique-one-piece.com\\\/figurines-one-piece\\\/figurine-one-piece-nami-chapeau-de-chopper\\\/#primaryimage\",\"url\":\"https:\\\/\\\/boutique-one-piece.com\\\/wp-content\\\/uploads\\\/2022\\\/09\\\/Figurine-One-Piece-Nami-Chapeau-De-Chopper-1.jpg\",\"contentUrl\":\"https:\\\/\\\/boutique-one-piece.com\\\/wp-content\\\/uploads\\\/2022\\\/09\\\/Figurine-One-Piece-Nami-Chapeau-De-Chopper-1.jpg\",\"width\":800,\"height\":800},{\"@type\":\"BreadcrumbList\",\"@id\":\"https:\\\/\\\/boutique-one-piece.com\\\/figurines-one-piece\\\/figurine-one-piece-nami-chapeau-de-chopper\\\/#breadcrumb\",\"itemListElement\":[{\"@type\":\"ListItem\",\"position\":1,\"name\":\"Home\",\"item\":\"https:\\\/\\\/boutique-one-piece.com\\\/\"},{\"@type\":\"ListItem\",\"position\":2,\"name\":\"Shop\",\"item\":\"https:\\\/\\\/boutique-one-piece.com\\\/shop\\\/\"},{\"@type\":\"ListItem\",\"position\":3,\"name\":\"Figurine One Piece Nami Chapeau De Chopper\"}]},{\"@type\":\"WebSite\",\"@id\":\"https:\\\/\\\/boutique-one-piece.com\\\/#website\",\"url\":\"https:\\\/\\\/boutique-one-piece.com\\\/\",\"name\":\"Boutique One Piece\",\"description\":\"Magasin Sp\u00e9cialis\u00e9 du Manga et l&#039;Anime One Piece\",\"publisher\":{\"@id\":\"https:\\\/\\\/boutique-one-piece.com\\\/#organization\"},\"potentialAction\":[{\"@type\":\"SearchAction\",\"target\":{\"@type\":\"EntryPoint\",\"urlTemplate\":\"https:\\\/\\\/boutique-one-piece.com\\\/?s={search_term_string}\"},\"query-input\":{\"@type\":\"PropertyValueSpecification\",\"valueRequired\":true,\"valueName\":\"search_term_string\"}}],\"inLanguage\":\"pt-PT\"},{\"@type\":\"Organization\",\"@id\":\"https:\\\/\\\/boutique-one-piece.com\\\/#organization\",\"name\":\"Boutique One Piece\",\"url\":\"https:\\\/\\\/boutique-one-piece.com\\\/\",\"logo\":{\"@type\":\"ImageObject\",\"inLanguage\":\"pt-PT\",\"@id\":\"https:\\\/\\\/boutique-one-piece.com\\\/#\\\/schema\\\/logo\\\/image\\\/\",\"url\":\"https:\\\/\\\/boutique-one-piece.com\\\/wp-content\\\/uploads\\\/2022\\\/09\\\/Logo-01.png\",\"contentUrl\":\"https:\\\/\\\/boutique-one-piece.com\\\/wp-content\\\/uploads\\\/2022\\\/09\\\/Logo-01.png\",\"width\":2318,\"height\":957,\"caption\":\"Boutique One Piece\"},\"image\":{\"@id\":\"https:\\\/\\\/boutique-one-piece.com\\\/#\\\/schema\\\/logo\\\/image\\\/\"}}]}<\/script>\n<!-- \/ Yoast SEO plugin. -->","yoast_head_json":{"title":"Figura de a\u00e7\u00e3o de One Piece com chap\u00e9u da Nami e do Chopper | Figura de a\u00e7\u00e3o de One Piece","description":"Figura de One Piece: Figura premium do universo de One Piece para verdadeiros piratas. Material: PVC. Tamanho: 23 cm. FRETE GR\u00c1TIS","robots":{"index":"index","follow":"follow","max-snippet":"max-snippet:-1","max-image-preview":"max-image-preview:large","max-video-preview":"max-video-preview:-1"},"canonical":"https:\/\/boutique-one-piece.com\/pt\/figuras-de-acao-de-one-piece\/figura-de-acao-de-one-piece-com-chapeu-da-nami-e-do-chopper\/","og_locale":"pt_PT","og_type":"article","og_title":"Figurine One Piece Nami Chapeau De Chopper | Figurine One Piece","og_description":"Figurine One Piece\u00a0: Figurine\u00a0 premium de l'univers One Piece pour les vrais pirates Mati\u00e8re\u00a0: P.V.C Dimension\u00a0: 23 cm LIVRAISON OFFERTE","og_url":"https:\/\/boutique-one-piece.com\/pt\/figuras-de-acao-de-one-piece\/figura-de-acao-de-one-piece-com-chapeu-da-nami-e-do-chopper\/","og_site_name":"Boutique One Piece","article_modified_time":"2024-09-16T12:29:03+00:00","og_image":[{"width":800,"height":800,"url":"https:\/\/boutique-one-piece.com\/wp-content\/uploads\/2022\/09\/Figurine-One-Piece-Nami-Chapeau-De-Chopper-1.jpg","type":"image\/jpeg"}],"twitter_card":"summary_large_image","twitter_misc":{"Tempo estimado de leitura":"1 minuto"},"schema":{"@context":"https:\/\/schema.org","@graph":[{"@type":"WebPage","@id":"https:\/\/boutique-one-piece.com\/figurines-one-piece\/figurine-one-piece-nami-chapeau-de-chopper\/","url":"https:\/\/boutique-one-piece.com\/figurines-one-piece\/figurine-one-piece-nami-chapeau-de-chopper\/","name":"Figura de a\u00e7\u00e3o de One Piece com chap\u00e9u da Nami e do Chopper | Figura de a\u00e7\u00e3o de One Piece","isPartOf":{"@id":"https:\/\/boutique-one-piece.com\/#website"},"primaryImageOfPage":{"@id":"https:\/\/boutique-one-piece.com\/figurines-one-piece\/figurine-one-piece-nami-chapeau-de-chopper\/#primaryimage"},"image":{"@id":"https:\/\/boutique-one-piece.com\/figurines-one-piece\/figurine-one-piece-nami-chapeau-de-chopper\/#primaryimage"},"thumbnailUrl":"https:\/\/boutique-one-piece.com\/wp-content\/uploads\/2022\/09\/Figurine-One-Piece-Nami-Chapeau-De-Chopper-1.jpg","datePublished":"2022-09-27T20:40:42+00:00","dateModified":"2024-09-16T12:29:03+00:00","description":"Figura de One Piece: Figura premium do universo de One Piece para verdadeiros piratas. Material: PVC. Tamanho: 23 cm. FRETE GR\u00c1TIS","breadcrumb":{"@id":"https:\/\/boutique-one-piece.com\/figurines-one-piece\/figurine-one-piece-nami-chapeau-de-chopper\/#breadcrumb"},"inLanguage":"pt-PT","potentialAction":[{"@type":"ReadAction","target":["https:\/\/boutique-one-piece.com\/figurines-one-piece\/figurine-one-piece-nami-chapeau-de-chopper\/"]}]},{"@type":"ImageObject","inLanguage":"pt-PT","@id":"https:\/\/boutique-one-piece.com\/figurines-one-piece\/figurine-one-piece-nami-chapeau-de-chopper\/#primaryimage","url":"https:\/\/boutique-one-piece.com\/wp-content\/uploads\/2022\/09\/Figurine-One-Piece-Nami-Chapeau-De-Chopper-1.jpg","contentUrl":"https:\/\/boutique-one-piece.com\/wp-content\/uploads\/2022\/09\/Figurine-One-Piece-Nami-Chapeau-De-Chopper-1.jpg","width":800,"height":800},{"@type":"BreadcrumbList","@id":"https:\/\/boutique-one-piece.com\/figurines-one-piece\/figurine-one-piece-nami-chapeau-de-chopper\/#breadcrumb","itemListElement":[{"@type":"ListItem","position":1,"name":"Home","item":"https:\/\/boutique-one-piece.com\/"},{"@type":"ListItem","position":2,"name":"Shop","item":"https:\/\/boutique-one-piece.com\/shop\/"},{"@type":"ListItem","position":3,"name":"Figurine One Piece Nami Chapeau De Chopper"}]},{"@type":"WebSite","@id":"https:\/\/boutique-one-piece.com\/#website","url":"https:\/\/boutique-one-piece.com\/","name":"Loja One Piece","description":"Loja especializada em mang\u00e1 e anime de One Piece.","publisher":{"@id":"https:\/\/boutique-one-piece.com\/#organization"},"potentialAction":[{"@type":"SearchAction","target":{"@type":"EntryPoint","urlTemplate":"https:\/\/boutique-one-piece.com\/?s={search_term_string}"},"query-input":{"@type":"PropertyValueSpecification","valueRequired":true,"valueName":"search_term_string"}}],"inLanguage":"pt-PT"},{"@type":"Organization","@id":"https:\/\/boutique-one-piece.com\/#organization","name":"Loja One Piece","url":"https:\/\/boutique-one-piece.com\/","logo":{"@type":"ImageObject","inLanguage":"pt-PT","@id":"https:\/\/boutique-one-piece.com\/#\/schema\/logo\/image\/","url":"https:\/\/boutique-one-piece.com\/wp-content\/uploads\/2022\/09\/Logo-01.png","contentUrl":"https:\/\/boutique-one-piece.com\/wp-content\/uploads\/2022\/09\/Logo-01.png","width":2318,"height":957,"caption":"Boutique One Piece"},"image":{"@id":"https:\/\/boutique-one-piece.com\/#\/schema\/logo\/image\/"}}]}},"_links":{"self":[{"href":"https:\/\/boutique-one-piece.com\/pt\/wp-json\/wp\/v2\/product\/11374","targetHints":{"allow":["GET"]}}],"collection":[{"href":"https:\/\/boutique-one-piece.com\/pt\/wp-json\/wp\/v2\/product"}],"about":[{"href":"https:\/\/boutique-one-piece.com\/pt\/wp-json\/wp\/v2\/types\/product"}],"replies":[{"embeddable":true,"href":"https:\/\/boutique-one-piece.com\/pt\/wp-json\/wp\/v2\/comments?post=11374"}],"wp:featuredmedia":[{"embeddable":true,"href":"https:\/\/boutique-one-piece.com\/pt\/wp-json\/wp\/v2\/media\/11376"}],"wp:attachment":[{"href":"https:\/\/boutique-one-piece.com\/pt\/wp-json\/wp\/v2\/media?parent=11374"}],"wp:term":[{"taxonomy":"product_brand","embeddable":true,"href":"https:\/\/boutique-one-piece.com\/pt\/wp-json\/wp\/v2\/product_brand?post=11374"},{"taxonomy":"product_cat","embeddable":true,"href":"https:\/\/boutique-one-piece.com\/pt\/wp-json\/wp\/v2\/product_cat?post=11374"},{"taxonomy":"product_tag","embeddable":true,"href":"https:\/\/boutique-one-piece.com\/pt\/wp-json\/wp\/v2\/product_tag?post=11374"}],"curies":[{"name":"wp","href":"https:\/\/api.w.org\/{rel}","templated":true}]}}