{"id":11650,"date":"2022-09-27T20:42:27","date_gmt":"2022-09-27T20:42:27","guid":{"rendered":"https:\/\/boutique-one-piece.com\/uncategorized\/drapeau-equipage-de-barbe-noire\/"},"modified":"2024-09-16T12:35:41","modified_gmt":"2024-09-16T12:35:41","slug":"bandeira-da-tripulacao-do-barba-negra","status":"publish","type":"product","link":"https:\/\/boutique-one-piece.com\/pt\/decoracoes-de-one-piece\/bandeiras-de-one-piece\/bandeira-da-tripulacao-do-barba-negra\/","title":{"rendered":"Bandeira da tripula\u00e7\u00e3o do Barba Negra"},"content":{"rendered":"<h2>Jovem Nakama, adquira j\u00e1 esta bandeira dos Piratas do Barba Negra.<\/h2>\n<p>A tripula\u00e7\u00e3o de Barba Negra \u00e9 liderada pelo Imperador.\u00a0<strong>Marshall D. Teach<\/strong>, mais conhecido como<strong> Barba Negra<\/strong>. Ele \u00e9 atualmente um dos Quatro Imperadores. Quanto \u00e0 bandeira desta tripula\u00e7\u00e3o, como voc\u00ea pode ver, ela cont\u00e9m tr\u00eas caveiras: uma no centro, uma \u00e0 direita e uma \u00e0 esquerda. Atr\u00e1s delas, h\u00e1 quatro ossos cruzados em vez dos dois habituais.<\/p>\n<p>Voc\u00ea tamb\u00e9m deve saber que<strong> Os Piratas do Barba Negra<\/strong> s\u00e3o muito mais fortes do que qualquer outra tripula\u00e7\u00e3o. De certa forma, eles s\u00e3o a vers\u00e3o maligna dos Piratas do Chap\u00e9u de Palha: ambas as tripula\u00e7\u00f5es s\u00e3o anormalmente fortes, apesar de seus respectivos tamanhos, e recrutam apenas membros altamente especializados. Al\u00e9m disso, <a href=\"https:\/\/boutique-one-piece.com\/pt\/bom-macaco-d-luffy\/produtos\/drapeau-equipage-du-chapeau-de-paille\/\" title=\"BANDEIRA DA TRIPULA\u00c7\u00c3O DO CHAP\u00c9U DE PALHA\" target=\"_blank\" rel=\"noopener\">Bandeira da Tripula\u00e7\u00e3o do Chap\u00e9u de Palha<\/a> Est\u00e1 ao seu alcance.<\/p>\n<h3>Jovem pirata, sua escolha est\u00e1 feita. Agora voc\u00ea faz parte dos Piratas do Barba Negra. Exiba com orgulho sua lealdade com esta bandeira.<\/h3>\n<p>Seja voc\u00ea um f\u00e3 incondicional ou um colecionador s\u00e9rio, boas not\u00edcias: voc\u00ea est\u00e1 no lugar certo. Aqui, voc\u00ea encontrar\u00e1 tudo.<strong> objetos m\u00edticos<\/strong> o que lhe permitir\u00e1 expandir seu universo de One Piece. Tome seu destino pirata em suas pr\u00f3prias m\u00e3os e continue vivendo. <strong>aventuras<\/strong> Cada uma mais emocionante que a anterior.<\/p>\n<h2>Informa\u00e7\u00f5es sobre a bandeira dos Piratas do Barba Negra:<\/h2>\n<ul>\n<li>\n<strong><u>Bandeira de One Piece<\/u><\/strong>\u00a0Uma aut\u00eantica bandeira pirata de One Piece para verdadeiros f\u00e3s.<\/li>\n<\/ul>\n<ul>\n<li>\n<strong>Impress\u00e3o de alta qualidade<\/strong>\u00a0cores precisas<\/li>\n<\/ul>\n<ul>\n<li>\n<strong>Mat\u00e9ria<\/strong> Poli\u00e9ster<\/li>\n<\/ul>\n<ul>\n<li>\n<strong>Dimens\u00e3o<\/strong>\u00a0: 65 cm x 90<\/li>\n<\/ul>\n<ul>\n<li><strong>ENTREGA GR\u00c1TIS<\/strong><\/li>\n<\/ul>","protected":false},"excerpt":{"rendered":"<p>Jovem Nakama, adquira j\u00e1 esta bandeira dos Piratas do Barba Negra! Os Piratas do Barba Negra s\u00e3o liderados pelo Imperador Marshall D. Teach, mais conhecido como Barba Negra. Ele \u00e9 atualmente um dos Quatro Imperadores. Como voc\u00ea pode ver, a bandeira desta tripula\u00e7\u00e3o apresenta tr\u00eas caveiras: uma no centro, [\u2026]<\/p>","protected":false},"featured_media":11652,"comment_status":"open","ping_status":"open","template":"","meta":[],"product_brand":[],"product_cat":[212],"product_tag":[286],"class_list":{"0":"post-11650","1":"product","2":"type-product","3":"status-publish","4":"has-post-thumbnail","6":"product_cat-drapeaux-one-piece","7":"product_tag-barbe-noire","9":"first","10":"instock","11":"purchasable","12":"product-type-simple"},"yoast_head":"<!-- This site is optimized with the Yoast SEO plugin v27.5 - https:\/\/yoast.com\/product\/yoast-seo-wordpress\/ -->\n<title>Drapeau \u00c9quipage de Barbe Noire | Boutique One Piece<\/title>\n<meta name=\"description\" content=\"D\u00e9couvrez le Drapeau One Piece Barbe Noire, d\u00e9corez votre pi\u00e8ce en portant les couleurs de l&#039;empereur Marshall D. Teach ! Commencez votre aventure recherche du One Piece dans l&#039;\u00e9quipage de Barbe Noire\" \/>\n<meta name=\"robots\" content=\"index, follow, max-snippet:-1, max-image-preview:large, max-video-preview:-1\" \/>\n<link rel=\"canonical\" href=\"https:\/\/boutique-one-piece.com\/pt\/decoracoes-de-one-piece\/bandeiras-de-one-piece\/bandeira-da-tripulacao-do-barba-negra\/\" \/>\n<meta property=\"og:locale\" content=\"pt_PT\" \/>\n<meta property=\"og:type\" content=\"article\" \/>\n<meta property=\"og:title\" content=\"Drapeau \u00c9quipage de Barbe Noire | Boutique One Piece\" \/>\n<meta property=\"og:description\" content=\"D\u00e9couvrez le Drapeau One Piece Barbe Noire, d\u00e9corez votre pi\u00e8ce en portant les couleurs de l&#039;empereur Marshall D. Teach ! Commencez votre aventure recherche du One Piece dans l&#039;\u00e9quipage de Barbe Noire\" \/>\n<meta property=\"og:url\" content=\"https:\/\/boutique-one-piece.com\/pt\/decoracoes-de-one-piece\/bandeiras-de-one-piece\/bandeira-da-tripulacao-do-barba-negra\/\" \/>\n<meta property=\"og:site_name\" content=\"Boutique One Piece\" \/>\n<meta property=\"article:modified_time\" content=\"2024-09-16T12:35:41+00:00\" \/>\n<meta property=\"og:image\" content=\"https:\/\/boutique-one-piece.com\/wp-content\/uploads\/2022\/09\/Drapeau-Equipage-de-Barbe-Noire-1.jpg\" \/>\n\t<meta property=\"og:image:width\" content=\"800\" \/>\n\t<meta property=\"og:image:height\" content=\"800\" \/>\n\t<meta property=\"og:image:type\" content=\"image\/jpeg\" \/>\n<meta name=\"twitter:card\" content=\"summary_large_image\" \/>\n<meta name=\"twitter:label1\" content=\"Tempo estimado de leitura\" \/>\n\t<meta name=\"twitter:data1\" content=\"1 minuto\" \/>\n<script type=\"application\/ld+json\" class=\"yoast-schema-graph\">{\"@context\":\"https:\\\/\\\/schema.org\",\"@graph\":[{\"@type\":\"WebPage\",\"@id\":\"https:\\\/\\\/boutique-one-piece.com\\\/decorations-one-piece\\\/drapeaux-one-piece\\\/drapeau-equipage-de-barbe-noire\\\/\",\"url\":\"https:\\\/\\\/boutique-one-piece.com\\\/decorations-one-piece\\\/drapeaux-one-piece\\\/drapeau-equipage-de-barbe-noire\\\/\",\"name\":\"Drapeau \u00c9quipage de Barbe Noire | Boutique One Piece\",\"isPartOf\":{\"@id\":\"https:\\\/\\\/boutique-one-piece.com\\\/#website\"},\"primaryImageOfPage\":{\"@id\":\"https:\\\/\\\/boutique-one-piece.com\\\/decorations-one-piece\\\/drapeaux-one-piece\\\/drapeau-equipage-de-barbe-noire\\\/#primaryimage\"},\"image\":{\"@id\":\"https:\\\/\\\/boutique-one-piece.com\\\/decorations-one-piece\\\/drapeaux-one-piece\\\/drapeau-equipage-de-barbe-noire\\\/#primaryimage\"},\"thumbnailUrl\":\"https:\\\/\\\/boutique-one-piece.com\\\/wp-content\\\/uploads\\\/2022\\\/09\\\/Drapeau-Equipage-de-Barbe-Noire-1.jpg\",\"datePublished\":\"2022-09-27T20:42:27+00:00\",\"dateModified\":\"2024-09-16T12:35:41+00:00\",\"description\":\"D\u00e9couvrez le Drapeau One Piece Barbe Noire, d\u00e9corez votre pi\u00e8ce en portant les couleurs de l'empereur Marshall D. Teach ! Commencez votre aventure recherche du One Piece dans l'\u00e9quipage de Barbe Noire\",\"breadcrumb\":{\"@id\":\"https:\\\/\\\/boutique-one-piece.com\\\/decorations-one-piece\\\/drapeaux-one-piece\\\/drapeau-equipage-de-barbe-noire\\\/#breadcrumb\"},\"inLanguage\":\"pt-PT\",\"potentialAction\":[{\"@type\":\"ReadAction\",\"target\":[\"https:\\\/\\\/boutique-one-piece.com\\\/decorations-one-piece\\\/drapeaux-one-piece\\\/drapeau-equipage-de-barbe-noire\\\/\"]}]},{\"@type\":\"ImageObject\",\"inLanguage\":\"pt-PT\",\"@id\":\"https:\\\/\\\/boutique-one-piece.com\\\/decorations-one-piece\\\/drapeaux-one-piece\\\/drapeau-equipage-de-barbe-noire\\\/#primaryimage\",\"url\":\"https:\\\/\\\/boutique-one-piece.com\\\/wp-content\\\/uploads\\\/2022\\\/09\\\/Drapeau-Equipage-de-Barbe-Noire-1.jpg\",\"contentUrl\":\"https:\\\/\\\/boutique-one-piece.com\\\/wp-content\\\/uploads\\\/2022\\\/09\\\/Drapeau-Equipage-de-Barbe-Noire-1.jpg\",\"width\":800,\"height\":800},{\"@type\":\"BreadcrumbList\",\"@id\":\"https:\\\/\\\/boutique-one-piece.com\\\/decorations-one-piece\\\/drapeaux-one-piece\\\/drapeau-equipage-de-barbe-noire\\\/#breadcrumb\",\"itemListElement\":[{\"@type\":\"ListItem\",\"position\":1,\"name\":\"Home\",\"item\":\"https:\\\/\\\/boutique-one-piece.com\\\/\"},{\"@type\":\"ListItem\",\"position\":2,\"name\":\"Shop\",\"item\":\"https:\\\/\\\/boutique-one-piece.com\\\/shop\\\/\"},{\"@type\":\"ListItem\",\"position\":3,\"name\":\"Drapeau \u00c9quipage de Barbe Noire\"}]},{\"@type\":\"WebSite\",\"@id\":\"https:\\\/\\\/boutique-one-piece.com\\\/#website\",\"url\":\"https:\\\/\\\/boutique-one-piece.com\\\/\",\"name\":\"Boutique One Piece\",\"description\":\"Magasin Sp\u00e9cialis\u00e9 du Manga et l&#039;Anime One Piece\",\"publisher\":{\"@id\":\"https:\\\/\\\/boutique-one-piece.com\\\/#organization\"},\"potentialAction\":[{\"@type\":\"SearchAction\",\"target\":{\"@type\":\"EntryPoint\",\"urlTemplate\":\"https:\\\/\\\/boutique-one-piece.com\\\/?s={search_term_string}\"},\"query-input\":{\"@type\":\"PropertyValueSpecification\",\"valueRequired\":true,\"valueName\":\"search_term_string\"}}],\"inLanguage\":\"pt-PT\"},{\"@type\":\"Organization\",\"@id\":\"https:\\\/\\\/boutique-one-piece.com\\\/#organization\",\"name\":\"Boutique One Piece\",\"url\":\"https:\\\/\\\/boutique-one-piece.com\\\/\",\"logo\":{\"@type\":\"ImageObject\",\"inLanguage\":\"pt-PT\",\"@id\":\"https:\\\/\\\/boutique-one-piece.com\\\/#\\\/schema\\\/logo\\\/image\\\/\",\"url\":\"https:\\\/\\\/boutique-one-piece.com\\\/wp-content\\\/uploads\\\/2022\\\/09\\\/Logo-01.png\",\"contentUrl\":\"https:\\\/\\\/boutique-one-piece.com\\\/wp-content\\\/uploads\\\/2022\\\/09\\\/Logo-01.png\",\"width\":2318,\"height\":957,\"caption\":\"Boutique One Piece\"},\"image\":{\"@id\":\"https:\\\/\\\/boutique-one-piece.com\\\/#\\\/schema\\\/logo\\\/image\\\/\"}}]}<\/script>\n<!-- \/ Yoast SEO plugin. -->","yoast_head_json":{"title":"Bandeira dos Piratas do Barba Negra | Loja One Piece","description":"Descubra a bandeira do Barba Negra de One Piece e decore seu quarto com as cores do Imperador Marshall D. Teach! Comece sua aventura em One Piece com a tripula\u00e7\u00e3o do Barba Negra!","robots":{"index":"index","follow":"follow","max-snippet":"max-snippet:-1","max-image-preview":"max-image-preview:large","max-video-preview":"max-video-preview:-1"},"canonical":"https:\/\/boutique-one-piece.com\/pt\/decoracoes-de-one-piece\/bandeiras-de-one-piece\/bandeira-da-tripulacao-do-barba-negra\/","og_locale":"pt_PT","og_type":"article","og_title":"Drapeau \u00c9quipage de Barbe Noire | Boutique One Piece","og_description":"D\u00e9couvrez le Drapeau One Piece Barbe Noire, d\u00e9corez votre pi\u00e8ce en portant les couleurs de l'empereur Marshall D. Teach ! Commencez votre aventure recherche du One Piece dans l'\u00e9quipage de Barbe Noire","og_url":"https:\/\/boutique-one-piece.com\/pt\/decoracoes-de-one-piece\/bandeiras-de-one-piece\/bandeira-da-tripulacao-do-barba-negra\/","og_site_name":"Boutique One Piece","article_modified_time":"2024-09-16T12:35:41+00:00","og_image":[{"width":800,"height":800,"url":"https:\/\/boutique-one-piece.com\/wp-content\/uploads\/2022\/09\/Drapeau-Equipage-de-Barbe-Noire-1.jpg","type":"image\/jpeg"}],"twitter_card":"summary_large_image","twitter_misc":{"Tempo estimado de leitura":"1 minuto"},"schema":{"@context":"https:\/\/schema.org","@graph":[{"@type":"WebPage","@id":"https:\/\/boutique-one-piece.com\/decorations-one-piece\/drapeaux-one-piece\/drapeau-equipage-de-barbe-noire\/","url":"https:\/\/boutique-one-piece.com\/decorations-one-piece\/drapeaux-one-piece\/drapeau-equipage-de-barbe-noire\/","name":"Bandeira dos Piratas do Barba Negra | Loja One Piece","isPartOf":{"@id":"https:\/\/boutique-one-piece.com\/#website"},"primaryImageOfPage":{"@id":"https:\/\/boutique-one-piece.com\/decorations-one-piece\/drapeaux-one-piece\/drapeau-equipage-de-barbe-noire\/#primaryimage"},"image":{"@id":"https:\/\/boutique-one-piece.com\/decorations-one-piece\/drapeaux-one-piece\/drapeau-equipage-de-barbe-noire\/#primaryimage"},"thumbnailUrl":"https:\/\/boutique-one-piece.com\/wp-content\/uploads\/2022\/09\/Drapeau-Equipage-de-Barbe-Noire-1.jpg","datePublished":"2022-09-27T20:42:27+00:00","dateModified":"2024-09-16T12:35:41+00:00","description":"Descubra a bandeira do Barba Negra de One Piece e decore seu quarto com as cores do Imperador Marshall D. Teach! Comece sua aventura em One Piece com a tripula\u00e7\u00e3o do Barba Negra!","breadcrumb":{"@id":"https:\/\/boutique-one-piece.com\/decorations-one-piece\/drapeaux-one-piece\/drapeau-equipage-de-barbe-noire\/#breadcrumb"},"inLanguage":"pt-PT","potentialAction":[{"@type":"ReadAction","target":["https:\/\/boutique-one-piece.com\/decorations-one-piece\/drapeaux-one-piece\/drapeau-equipage-de-barbe-noire\/"]}]},{"@type":"ImageObject","inLanguage":"pt-PT","@id":"https:\/\/boutique-one-piece.com\/decorations-one-piece\/drapeaux-one-piece\/drapeau-equipage-de-barbe-noire\/#primaryimage","url":"https:\/\/boutique-one-piece.com\/wp-content\/uploads\/2022\/09\/Drapeau-Equipage-de-Barbe-Noire-1.jpg","contentUrl":"https:\/\/boutique-one-piece.com\/wp-content\/uploads\/2022\/09\/Drapeau-Equipage-de-Barbe-Noire-1.jpg","width":800,"height":800},{"@type":"BreadcrumbList","@id":"https:\/\/boutique-one-piece.com\/decorations-one-piece\/drapeaux-one-piece\/drapeau-equipage-de-barbe-noire\/#breadcrumb","itemListElement":[{"@type":"ListItem","position":1,"name":"Home","item":"https:\/\/boutique-one-piece.com\/"},{"@type":"ListItem","position":2,"name":"Shop","item":"https:\/\/boutique-one-piece.com\/shop\/"},{"@type":"ListItem","position":3,"name":"Drapeau \u00c9quipage de Barbe Noire"}]},{"@type":"WebSite","@id":"https:\/\/boutique-one-piece.com\/#website","url":"https:\/\/boutique-one-piece.com\/","name":"Loja One Piece","description":"Loja especializada em mang\u00e1 e anime de One Piece.","publisher":{"@id":"https:\/\/boutique-one-piece.com\/#organization"},"potentialAction":[{"@type":"SearchAction","target":{"@type":"EntryPoint","urlTemplate":"https:\/\/boutique-one-piece.com\/?s={search_term_string}"},"query-input":{"@type":"PropertyValueSpecification","valueRequired":true,"valueName":"search_term_string"}}],"inLanguage":"pt-PT"},{"@type":"Organization","@id":"https:\/\/boutique-one-piece.com\/#organization","name":"Loja One Piece","url":"https:\/\/boutique-one-piece.com\/","logo":{"@type":"ImageObject","inLanguage":"pt-PT","@id":"https:\/\/boutique-one-piece.com\/#\/schema\/logo\/image\/","url":"https:\/\/boutique-one-piece.com\/wp-content\/uploads\/2022\/09\/Logo-01.png","contentUrl":"https:\/\/boutique-one-piece.com\/wp-content\/uploads\/2022\/09\/Logo-01.png","width":2318,"height":957,"caption":"Boutique One Piece"},"image":{"@id":"https:\/\/boutique-one-piece.com\/#\/schema\/logo\/image\/"}}]}},"_links":{"self":[{"href":"https:\/\/boutique-one-piece.com\/pt\/wp-json\/wp\/v2\/product\/11650","targetHints":{"allow":["GET"]}}],"collection":[{"href":"https:\/\/boutique-one-piece.com\/pt\/wp-json\/wp\/v2\/product"}],"about":[{"href":"https:\/\/boutique-one-piece.com\/pt\/wp-json\/wp\/v2\/types\/product"}],"replies":[{"embeddable":true,"href":"https:\/\/boutique-one-piece.com\/pt\/wp-json\/wp\/v2\/comments?post=11650"}],"wp:featuredmedia":[{"embeddable":true,"href":"https:\/\/boutique-one-piece.com\/pt\/wp-json\/wp\/v2\/media\/11652"}],"wp:attachment":[{"href":"https:\/\/boutique-one-piece.com\/pt\/wp-json\/wp\/v2\/media?parent=11650"}],"wp:term":[{"taxonomy":"product_brand","embeddable":true,"href":"https:\/\/boutique-one-piece.com\/pt\/wp-json\/wp\/v2\/product_brand?post=11650"},{"taxonomy":"product_cat","embeddable":true,"href":"https:\/\/boutique-one-piece.com\/pt\/wp-json\/wp\/v2\/product_cat?post=11650"},{"taxonomy":"product_tag","embeddable":true,"href":"https:\/\/boutique-one-piece.com\/pt\/wp-json\/wp\/v2\/product_tag?post=11650"}],"curies":[{"name":"wp","href":"https:\/\/api.w.org\/{rel}","templated":true}]}}