{"id":11803,"date":"2022-09-27T20:43:27","date_gmt":"2022-09-27T20:43:27","guid":{"rendered":"https:\/\/boutique-one-piece.com\/uncategorized\/avis-de-recherche-charlotte-katakuri-wanted\/"},"modified":"2025-02-11T22:20:23","modified_gmt":"2025-02-11T22:20:23","slug":"charlotte-katakuri-queria","status":"publish","type":"product","link":"https:\/\/boutique-one-piece.com\/pt\/poster-de-procurado-de-one-piece\/charlotte-katakuri-queria\/","title":{"rendered":"Charlotte Katakuri Procurada"},"content":{"rendered":"<h2>Tu as aim\u00e9 l\u2019arc de Totto Land ? Dans ce cas, cet avis de recherche Charlotte Katakuri wanted va te rappeler des bons souvenirs.<\/h2>\n<p>Charlotte Katakuri \u00e9 uma das principais antagonistas de <strong>Terra de Totto<\/strong>. Il fait partie de l\u2019\u00e9quipage de Big Mom puisqu\u2019il est l\u2019un de ses fils, comme l\u2019indique son nom \u00ab\u00a0Charlotte\u00a0\u00bb. Il en est d\u2019ailleurs l\u2019un de ses \u00ab\u00a0<strong>Comandantes Doces<\/strong>\u00ab\u00a0, ce qui indique une grande puissance. C\u2019est un personnage qui est marquant, ne serait-ce que par son charisme et la force qu\u2019il d\u00e9gage juste en le voyant.<\/p>\n<p>Charlotte Katakuri comeu a fruta de <strong>Mochi Mochi no mi<\/strong>, ce qui fait qu\u2019il peut transformer son corps en mochi et qu\u2019il peut l\u2019allonger ou tirer des billes. Cette particularit\u00e9 fait que quand il attrape un ennemi, celui-ci est englu\u00e9 et ne peut plus fuir.<\/p>\n<h3>Lembre-se da luta magn\u00edfica de Katakuri com aquele cartaz de procurado com o nome dele.<\/h3>\n<p>Charlotte Katakuri s\u2019opposera \u00e0 Luffy pour un <strong>batalha memor\u00e1vel<\/strong> puisqu\u2019il a des caract\u00e9ristiques similaires \u00e0 celles de Luffy, mais Katakuri sait faire les m\u00eames choses que Luffy, en mieux. Katakuri se blessera d\u2019ailleurs lui-m\u00eame avec son <strong>tridente<\/strong> car Luffy subit une blessure qui n\u2019est pas de lui, r\u00e9\u00e9quilibrant ainsi le combat. Il sera battu par la nouvelle forme de Luffy, Snakeman, et Charlotte Katakuri a gagn\u00e9 le respect de Luffy. La prime de Katakuri est de 1 milliard et 57 millions de Berry.<\/p>\n<p>Si les primes te passionnent, va voir l\u2019<a title=\"Sic\u00edlia queria aviso\" href=\"https:\/\/boutique-one-piece.com\/pt\/avis-de-recherche-sicilion-wanted\/\" target=\"_blank\" rel=\"noopener\" class=\"broken_link\">Aviso solicitado da Sic\u00edlia<\/a>.<\/p>\n<h2>Informations sur l\u2019Affiche One Piece Wanted Charlotte Katakuri<\/h2>\n<ul>\n<li><b><u>P\u00f4ster de Procurado de One Piece<\/u><\/b>\u00a0: v\u00e9ritable Avis De Recherche de l\u2019univers One Piece pour les vrais pirates<\/li>\n<\/ul>\n<ul>\n<li><b><u>Recompensa de Charlotte Katakuri<\/u><\/b>\u00a01.057.000.000 de bagas<\/li>\n<\/ul>\n<ul>\n<li><strong>Impress\u00e3o de alta qualidade<\/strong>\u00a0cores precisas<\/li>\n<\/ul>\n<ul>\n<li><strong>Dimens\u00e3o<\/strong> : 52 cm x 36 cm<\/li>\n<\/ul>\n<ul>\n<li><strong>ENTREGA GR\u00c1TIS<\/strong><\/li>\n<\/ul>","protected":false},"excerpt":{"rendered":"<p>Tu as aim\u00e9 l\u2019arc de Totto Land ? Dans ce cas, cet avis de recherche Charlotte Katakuri wanted va te rappeler des bons souvenirs. Charlotte Katakuri est un des principaux antagonistes de Totto Land. Il fait partie de l\u2019\u00e9quipage de Big Mom puisqu\u2019il est l\u2019un de ses fils, comme l\u2019indique son nom \u00ab\u00a0Charlotte\u00a0\u00bb. Il en [&hellip;]<\/p>","protected":false},"featured_media":11805,"comment_status":"open","ping_status":"open","template":"","meta":[],"product_brand":[],"product_cat":[171],"product_tag":[325],"class_list":{"0":"post-11803","1":"product","2":"type-product","3":"status-publish","4":"has-post-thumbnail","6":"product_cat-avis-de-recherche-one-piece","7":"product_tag-avalo-pizarro","9":"first","10":"instock","11":"purchasable","12":"product-type-simple"},"yoast_head":"<!-- This site is optimized with the Yoast SEO plugin v27.5 - https:\/\/yoast.com\/product\/yoast-seo-wordpress\/ -->\n<title>Avis De Recherche Charlotte Katakuri Wanted | D\u00e9coration One Piece \u2013 Boutique One Piece<\/title>\n<meta name=\"description\" content=\"Tu as aim\u00e9 l&#039;arc de Totto Land ? Dans ce cas, cet avis de recherche Charlotte Katakuri wanted va te rappeler des bons souvenirs. Charlotte Katakuri est un des principaux antagonistes de Totto Land. Il fait partie de l&#039;\u00e9quipage de Big Mom puisqu&#039;il est l&#039;un de ses fils, comme l&#039;indique son nom &quot;Charlotte&quot;. Il en est d&#039;a\" \/>\n<meta name=\"robots\" content=\"index, follow, max-snippet:-1, max-image-preview:large, max-video-preview:-1\" \/>\n<link rel=\"canonical\" href=\"https:\/\/boutique-one-piece.com\/pt\/poster-de-procurado-de-one-piece\/charlotte-katakuri-queria\/\" \/>\n<meta property=\"og:locale\" content=\"pt_PT\" \/>\n<meta property=\"og:type\" content=\"article\" \/>\n<meta property=\"og:title\" content=\"Avis De Recherche Charlotte Katakuri Wanted | D\u00e9coration One Piece \u2013 Boutique One Piece\" \/>\n<meta property=\"og:description\" content=\"Tu as aim\u00e9 l&#039;arc de Totto Land ? Dans ce cas, cet avis de recherche Charlotte Katakuri wanted va te rappeler des bons souvenirs. Charlotte Katakuri est un des principaux antagonistes de Totto Land. Il fait partie de l&#039;\u00e9quipage de Big Mom puisqu&#039;il est l&#039;un de ses fils, comme l&#039;indique son nom &quot;Charlotte&quot;. Il en est d&#039;a\" \/>\n<meta property=\"og:url\" content=\"https:\/\/boutique-one-piece.com\/pt\/poster-de-procurado-de-one-piece\/charlotte-katakuri-queria\/\" \/>\n<meta property=\"og:site_name\" content=\"Boutique One Piece\" \/>\n<meta property=\"article:modified_time\" content=\"2025-02-11T22:20:23+00:00\" \/>\n<meta property=\"og:image\" content=\"https:\/\/boutique-one-piece.com\/wp-content\/uploads\/2022\/09\/Avis-De-Recherche-Charlotte-Katakuri-Wanted-1.jpg\" \/>\n\t<meta property=\"og:image:width\" content=\"799\" \/>\n\t<meta property=\"og:image:height\" content=\"797\" \/>\n\t<meta property=\"og:image:type\" content=\"image\/jpeg\" \/>\n<meta name=\"twitter:card\" content=\"summary_large_image\" \/>\n<meta name=\"twitter:label1\" content=\"Tempo estimado de leitura\" \/>\n\t<meta name=\"twitter:data1\" content=\"2 minutos\" \/>\n<script type=\"application\/ld+json\" class=\"yoast-schema-graph\">{\"@context\":\"https:\\\/\\\/schema.org\",\"@graph\":[{\"@type\":\"WebPage\",\"@id\":\"https:\\\/\\\/boutique-one-piece.com\\\/avis-de-recherche-one-piece\\\/avis-de-recherche-charlotte-katakuri-wanted\\\/\",\"url\":\"https:\\\/\\\/boutique-one-piece.com\\\/avis-de-recherche-one-piece\\\/avis-de-recherche-charlotte-katakuri-wanted\\\/\",\"name\":\"Avis De Recherche Charlotte Katakuri Wanted | D\u00e9coration One Piece \u2013 Boutique One Piece\",\"isPartOf\":{\"@id\":\"https:\\\/\\\/boutique-one-piece.com\\\/#website\"},\"primaryImageOfPage\":{\"@id\":\"https:\\\/\\\/boutique-one-piece.com\\\/avis-de-recherche-one-piece\\\/avis-de-recherche-charlotte-katakuri-wanted\\\/#primaryimage\"},\"image\":{\"@id\":\"https:\\\/\\\/boutique-one-piece.com\\\/avis-de-recherche-one-piece\\\/avis-de-recherche-charlotte-katakuri-wanted\\\/#primaryimage\"},\"thumbnailUrl\":\"https:\\\/\\\/boutique-one-piece.com\\\/wp-content\\\/uploads\\\/2022\\\/09\\\/Avis-De-Recherche-Charlotte-Katakuri-Wanted-1.jpg\",\"datePublished\":\"2022-09-27T20:43:27+00:00\",\"dateModified\":\"2025-02-11T22:20:23+00:00\",\"description\":\"Tu as aim\u00e9 l'arc de Totto Land ? Dans ce cas, cet avis de recherche Charlotte Katakuri wanted va te rappeler des bons souvenirs. Charlotte Katakuri est un des principaux antagonistes de Totto Land. Il fait partie de l'\u00e9quipage de Big Mom puisqu'il est l'un de ses fils, comme l'indique son nom \\\"Charlotte\\\". Il en est d'a\",\"breadcrumb\":{\"@id\":\"https:\\\/\\\/boutique-one-piece.com\\\/avis-de-recherche-one-piece\\\/avis-de-recherche-charlotte-katakuri-wanted\\\/#breadcrumb\"},\"inLanguage\":\"pt-PT\",\"potentialAction\":[{\"@type\":\"ReadAction\",\"target\":[\"https:\\\/\\\/boutique-one-piece.com\\\/avis-de-recherche-one-piece\\\/avis-de-recherche-charlotte-katakuri-wanted\\\/\"]}]},{\"@type\":\"ImageObject\",\"inLanguage\":\"pt-PT\",\"@id\":\"https:\\\/\\\/boutique-one-piece.com\\\/avis-de-recherche-one-piece\\\/avis-de-recherche-charlotte-katakuri-wanted\\\/#primaryimage\",\"url\":\"https:\\\/\\\/boutique-one-piece.com\\\/wp-content\\\/uploads\\\/2022\\\/09\\\/Avis-De-Recherche-Charlotte-Katakuri-Wanted-1.jpg\",\"contentUrl\":\"https:\\\/\\\/boutique-one-piece.com\\\/wp-content\\\/uploads\\\/2022\\\/09\\\/Avis-De-Recherche-Charlotte-Katakuri-Wanted-1.jpg\",\"width\":799,\"height\":797},{\"@type\":\"BreadcrumbList\",\"@id\":\"https:\\\/\\\/boutique-one-piece.com\\\/avis-de-recherche-one-piece\\\/avis-de-recherche-charlotte-katakuri-wanted\\\/#breadcrumb\",\"itemListElement\":[{\"@type\":\"ListItem\",\"position\":1,\"name\":\"Home\",\"item\":\"https:\\\/\\\/boutique-one-piece.com\\\/\"},{\"@type\":\"ListItem\",\"position\":2,\"name\":\"Shop\",\"item\":\"https:\\\/\\\/boutique-one-piece.com\\\/shop\\\/\"},{\"@type\":\"ListItem\",\"position\":3,\"name\":\"Avis De Recherche Charlotte Katakuri Wanted\"}]},{\"@type\":\"WebSite\",\"@id\":\"https:\\\/\\\/boutique-one-piece.com\\\/#website\",\"url\":\"https:\\\/\\\/boutique-one-piece.com\\\/\",\"name\":\"Boutique One Piece\",\"description\":\"Magasin Sp\u00e9cialis\u00e9 du Manga et l&#039;Anime One Piece\",\"publisher\":{\"@id\":\"https:\\\/\\\/boutique-one-piece.com\\\/#organization\"},\"potentialAction\":[{\"@type\":\"SearchAction\",\"target\":{\"@type\":\"EntryPoint\",\"urlTemplate\":\"https:\\\/\\\/boutique-one-piece.com\\\/?s={search_term_string}\"},\"query-input\":{\"@type\":\"PropertyValueSpecification\",\"valueRequired\":true,\"valueName\":\"search_term_string\"}}],\"inLanguage\":\"pt-PT\"},{\"@type\":\"Organization\",\"@id\":\"https:\\\/\\\/boutique-one-piece.com\\\/#organization\",\"name\":\"Boutique One Piece\",\"url\":\"https:\\\/\\\/boutique-one-piece.com\\\/\",\"logo\":{\"@type\":\"ImageObject\",\"inLanguage\":\"pt-PT\",\"@id\":\"https:\\\/\\\/boutique-one-piece.com\\\/#\\\/schema\\\/logo\\\/image\\\/\",\"url\":\"https:\\\/\\\/boutique-one-piece.com\\\/wp-content\\\/uploads\\\/2022\\\/09\\\/Logo-01.png\",\"contentUrl\":\"https:\\\/\\\/boutique-one-piece.com\\\/wp-content\\\/uploads\\\/2022\\\/09\\\/Logo-01.png\",\"width\":2318,\"height\":957,\"caption\":\"Boutique One Piece\"},\"image\":{\"@id\":\"https:\\\/\\\/boutique-one-piece.com\\\/#\\\/schema\\\/logo\\\/image\\\/\"}}]}<\/script>\n<!-- \/ Yoast SEO plugin. -->","yoast_head_json":{"title":"Aviso de Procuradoria para Charlotte Katakuri | Decora\u00e7\u00e3o de One Piece \u2013 Loja de One Piece","description":"Voc\u00ea gostou do arco de Totto Land? Se sim, este cartaz de procurado do Charlotte Katakuri vai trazer boas lembran\u00e7as. Charlotte Katakuri \u00e9 um dos principais antagonistas de Totto Land. Ele faz parte do grupo da Big Mom, sendo um de seus filhos, como indica seu nome &quot;Charlotte&quot;. Ele \u00e9...","robots":{"index":"index","follow":"follow","max-snippet":"max-snippet:-1","max-image-preview":"max-image-preview:large","max-video-preview":"max-video-preview:-1"},"canonical":"https:\/\/boutique-one-piece.com\/pt\/poster-de-procurado-de-one-piece\/charlotte-katakuri-queria\/","og_locale":"pt_PT","og_type":"article","og_title":"Avis De Recherche Charlotte Katakuri Wanted | D\u00e9coration One Piece \u2013 Boutique One Piece","og_description":"Tu as aim\u00e9 l'arc de Totto Land ? Dans ce cas, cet avis de recherche Charlotte Katakuri wanted va te rappeler des bons souvenirs. Charlotte Katakuri est un des principaux antagonistes de Totto Land. Il fait partie de l'\u00e9quipage de Big Mom puisqu'il est l'un de ses fils, comme l'indique son nom \"Charlotte\". Il en est d'a","og_url":"https:\/\/boutique-one-piece.com\/pt\/poster-de-procurado-de-one-piece\/charlotte-katakuri-queria\/","og_site_name":"Boutique One Piece","article_modified_time":"2025-02-11T22:20:23+00:00","og_image":[{"width":799,"height":797,"url":"https:\/\/boutique-one-piece.com\/wp-content\/uploads\/2022\/09\/Avis-De-Recherche-Charlotte-Katakuri-Wanted-1.jpg","type":"image\/jpeg"}],"twitter_card":"summary_large_image","twitter_misc":{"Tempo estimado de leitura":"2 minutos"},"schema":{"@context":"https:\/\/schema.org","@graph":[{"@type":"WebPage","@id":"https:\/\/boutique-one-piece.com\/avis-de-recherche-one-piece\/avis-de-recherche-charlotte-katakuri-wanted\/","url":"https:\/\/boutique-one-piece.com\/avis-de-recherche-one-piece\/avis-de-recherche-charlotte-katakuri-wanted\/","name":"Aviso de Procuradoria para Charlotte Katakuri | Decora\u00e7\u00e3o de One Piece \u2013 Loja de One Piece","isPartOf":{"@id":"https:\/\/boutique-one-piece.com\/#website"},"primaryImageOfPage":{"@id":"https:\/\/boutique-one-piece.com\/avis-de-recherche-one-piece\/avis-de-recherche-charlotte-katakuri-wanted\/#primaryimage"},"image":{"@id":"https:\/\/boutique-one-piece.com\/avis-de-recherche-one-piece\/avis-de-recherche-charlotte-katakuri-wanted\/#primaryimage"},"thumbnailUrl":"https:\/\/boutique-one-piece.com\/wp-content\/uploads\/2022\/09\/Avis-De-Recherche-Charlotte-Katakuri-Wanted-1.jpg","datePublished":"2022-09-27T20:43:27+00:00","dateModified":"2025-02-11T22:20:23+00:00","description":"Voc\u00ea gostou do arco de Totto Land? Se sim, este cartaz de procurado do Charlotte Katakuri vai trazer boas lembran\u00e7as. Charlotte Katakuri \u00e9 um dos principais antagonistas de Totto Land. Ele faz parte do grupo da Big Mom, sendo um de seus filhos, como indica seu nome &quot;Charlotte&quot;. Ele \u00e9...","breadcrumb":{"@id":"https:\/\/boutique-one-piece.com\/avis-de-recherche-one-piece\/avis-de-recherche-charlotte-katakuri-wanted\/#breadcrumb"},"inLanguage":"pt-PT","potentialAction":[{"@type":"ReadAction","target":["https:\/\/boutique-one-piece.com\/avis-de-recherche-one-piece\/avis-de-recherche-charlotte-katakuri-wanted\/"]}]},{"@type":"ImageObject","inLanguage":"pt-PT","@id":"https:\/\/boutique-one-piece.com\/avis-de-recherche-one-piece\/avis-de-recherche-charlotte-katakuri-wanted\/#primaryimage","url":"https:\/\/boutique-one-piece.com\/wp-content\/uploads\/2022\/09\/Avis-De-Recherche-Charlotte-Katakuri-Wanted-1.jpg","contentUrl":"https:\/\/boutique-one-piece.com\/wp-content\/uploads\/2022\/09\/Avis-De-Recherche-Charlotte-Katakuri-Wanted-1.jpg","width":799,"height":797},{"@type":"BreadcrumbList","@id":"https:\/\/boutique-one-piece.com\/avis-de-recherche-one-piece\/avis-de-recherche-charlotte-katakuri-wanted\/#breadcrumb","itemListElement":[{"@type":"ListItem","position":1,"name":"Home","item":"https:\/\/boutique-one-piece.com\/"},{"@type":"ListItem","position":2,"name":"Shop","item":"https:\/\/boutique-one-piece.com\/shop\/"},{"@type":"ListItem","position":3,"name":"Avis De Recherche Charlotte Katakuri Wanted"}]},{"@type":"WebSite","@id":"https:\/\/boutique-one-piece.com\/#website","url":"https:\/\/boutique-one-piece.com\/","name":"Loja One Piece","description":"Loja especializada em mang\u00e1 e anime de One Piece.","publisher":{"@id":"https:\/\/boutique-one-piece.com\/#organization"},"potentialAction":[{"@type":"SearchAction","target":{"@type":"EntryPoint","urlTemplate":"https:\/\/boutique-one-piece.com\/?s={search_term_string}"},"query-input":{"@type":"PropertyValueSpecification","valueRequired":true,"valueName":"search_term_string"}}],"inLanguage":"pt-PT"},{"@type":"Organization","@id":"https:\/\/boutique-one-piece.com\/#organization","name":"Loja One Piece","url":"https:\/\/boutique-one-piece.com\/","logo":{"@type":"ImageObject","inLanguage":"pt-PT","@id":"https:\/\/boutique-one-piece.com\/#\/schema\/logo\/image\/","url":"https:\/\/boutique-one-piece.com\/wp-content\/uploads\/2022\/09\/Logo-01.png","contentUrl":"https:\/\/boutique-one-piece.com\/wp-content\/uploads\/2022\/09\/Logo-01.png","width":2318,"height":957,"caption":"Boutique One Piece"},"image":{"@id":"https:\/\/boutique-one-piece.com\/#\/schema\/logo\/image\/"}}]}},"_links":{"self":[{"href":"https:\/\/boutique-one-piece.com\/pt\/wp-json\/wp\/v2\/product\/11803","targetHints":{"allow":["GET"]}}],"collection":[{"href":"https:\/\/boutique-one-piece.com\/pt\/wp-json\/wp\/v2\/product"}],"about":[{"href":"https:\/\/boutique-one-piece.com\/pt\/wp-json\/wp\/v2\/types\/product"}],"replies":[{"embeddable":true,"href":"https:\/\/boutique-one-piece.com\/pt\/wp-json\/wp\/v2\/comments?post=11803"}],"wp:featuredmedia":[{"embeddable":true,"href":"https:\/\/boutique-one-piece.com\/pt\/wp-json\/wp\/v2\/media\/11805"}],"wp:attachment":[{"href":"https:\/\/boutique-one-piece.com\/pt\/wp-json\/wp\/v2\/media?parent=11803"}],"wp:term":[{"taxonomy":"product_brand","embeddable":true,"href":"https:\/\/boutique-one-piece.com\/pt\/wp-json\/wp\/v2\/product_brand?post=11803"},{"taxonomy":"product_cat","embeddable":true,"href":"https:\/\/boutique-one-piece.com\/pt\/wp-json\/wp\/v2\/product_cat?post=11803"},{"taxonomy":"product_tag","embeddable":true,"href":"https:\/\/boutique-one-piece.com\/pt\/wp-json\/wp\/v2\/product_tag?post=11803"}],"curies":[{"name":"wp","href":"https:\/\/api.w.org\/{rel}","templated":true}]}}