{"id":11848,"date":"2022-09-27T20:43:44","date_gmt":"2022-09-27T20:43:44","guid":{"rendered":"https:\/\/boutique-one-piece.com\/uncategorized\/figurine-one-piece-luffy-samourai-combat-a-l-pee-wano-kuni\/"},"modified":"2024-10-23T21:36:03","modified_gmt":"2024-10-23T21:36:03","slug":"estatueta-de-uma-peca-luffy-samurai-luta-al-pee-wano-kuni","status":"publish","type":"product","link":"https:\/\/boutique-one-piece.com\/pt\/produtos-de-one-piece\/guloseimas-monkey-d-luffy-one-piece\/estatueta-de-uma-peca-luffy-samurai-luta-al-pee-wano-kuni\/","title":{"rendered":"One Piece Luffy Samurai Espada Lutando Figura Wano Kuni"},"content":{"rendered":"<h2>Jeune pirate, le moment est venu pour toi de te procurer cette Figurine One Piece Luffy Samoura\u00ef Combat \u00e0 l\u2019\u00e9p\u00e9e Wano Kuni.<\/h2>\n<p>M\u00eame si Luffy n\u2019est plus \u00e0 pr\u00e9senter, voici ce que tu dois savoir \u00e0 son sujet ; c\u2019est un pirate et le principal protagoniste du manga et anim\u00e9 One Piece. Son r\u00eave le plus cher est de devenir<strong> o Lorde Pirata<\/strong> Ao encontrar o lend\u00e1rio tesouro One Piece, escondido em algum lugar do mundo por Gol D. Roger. Aqui, ele est\u00e1 vestido como um samurai do Pa\u00eds de Wano; vale ressaltar que o nome &quot;samurai&quot; \u00e9 o t\u00edtulo dado aos habitantes do Pa\u00eds de Wano (tamb\u00e9m conhecido como Wano Kuni).<\/p>\n<p>Bien que le titre soit g\u00e9n\u00e9ralement appliqu\u00e9 directement aux \u00e9p\u00e9istes, il peut \u00e9galement \u00eatre utilis\u00e9 comme terme g\u00e9n\u00e9rique pour d\u00e9signer tous les guerriers du Pays des Wa, tels que les Ninja et Sumo. D\u2019ailleurs, si tu souhaites agrandir ta collection de figurines, la <a title=\"WANO KUNI ZORO SAMURAI FIGURA DE UMA PE\u00c7A\" href=\"https:\/\/boutique-one-piece.com\/pt\/estatueta-de-samurai-zoro-de-uma-peca-de-wano-kuni\/\" target=\"_blank\" rel=\"noopener\">Estatueta Zoro Samurai<\/a> Est\u00e1 ao seu alcance.<\/p>\n<h3>Ent\u00e3o, voc\u00ea ficou fascinado pela figura do Monkey D. Luffy em seu traje de samurai? Se sim, pegue sua espada e v\u00e1 lutar ao lado dele.<\/h3>\n<p>Seja voc\u00ea um f\u00e3 incondicional ou um colecionador s\u00e9rio, estes<strong> objetos m\u00edticos<\/strong> sont forc\u00e9ment faits pour toi. Ces objets sont d\u2019excellentes id\u00e9es cadeaux, alors n\u2019attends plus et saute sur l\u2019occasion de pouvoir faire plaisir. Dans tous les cas, ton destin de pirate est entre tes mains, libre \u00e0 toi d\u2019embarquer ou non \u00e0 bord du <strong>Mil Sol<\/strong> !<\/p>\n<h2>Information sur Figurine Luffy Samoura\u00ef Combat \u00e0 l\u2019\u00c9p\u00e9e Wano Kuni\u00a0<\/h2>\n<ul>\n<li><span><b><u>Figura de a\u00e7\u00e3o de One Piece<\/u><\/b>\u00a0: Figurine\u00a0 premium de l\u2019univers One Piece pour les vrais pirates<\/span><\/li>\n<\/ul>\n<ul>\n<li>\n<b>Mat\u00e9ria<\/b><span>\u00a0<\/span>PVC<\/li>\n<\/ul>\n<ul>\n<li><span><strong>Dimens\u00e3o<\/strong>\u00a0: 25 cm<\/span><\/li>\n<\/ul>\n<ul>\n<li><span><strong>ENTREGA GR\u00c1TIS<\/strong><\/span><\/li>\n<\/ul>","protected":false},"excerpt":{"rendered":"<p>Jeune pirate, le moment est venu pour toi de te procurer cette Figurine One Piece Luffy Samoura\u00ef Combat \u00e0 l\u2019\u00e9p\u00e9e Wano Kuni. M\u00eame si Luffy n\u2019est plus \u00e0 pr\u00e9senter, voici ce que tu dois savoir \u00e0 son sujet ; c\u2019est un pirate et le principal protagoniste du manga et anim\u00e9 One Piece. Son r\u00eave le [&hellip;]<\/p>","protected":false},"featured_media":19221,"comment_status":"open","ping_status":"open","template":"","meta":[],"product_brand":[],"product_cat":[181,76,215,80],"product_tag":[92,217],"class_list":{"0":"post-11848","1":"product","2":"type-product","3":"status-publish","4":"has-post-thumbnail","6":"product_cat-figurines-monkey-d-luffy","7":"product_cat-figurines-one-piece","8":"product_cat-figurines-one-piece-wano-kuni","9":"product_cat-goodies-monkey-d-luffy-one-piece","10":"product_tag-luffy","11":"product_tag-wano-kuni","13":"first","14":"instock","15":"purchasable","16":"product-type-variable"},"yoast_head":"<!-- This site is optimized with the Yoast SEO plugin v27.5 - https:\/\/yoast.com\/product\/yoast-seo-wordpress\/ -->\n<title>Figurine One Piece Luffy Samoura\u00ef Combat \u00e0 l&#039;&amp;p\u00e9e Wano Kuni | Figurine One Piece \u2013 Boutique One Piece<\/title>\n<meta name=\"description\" content=\"Jeune pirate, le moment est venu pour toi de te procurer cette Figurine One Piece Luffy Samoura\u00ef Combat \u00e0 l&#039;\u00e9p\u00e9e Wano Kuni. M\u00eame si Luffy n&#039;est plus \u00e0 pr\u00e9senter, voici ce que tu dois savoir \u00e0 son sujet ; c&#039;est un pirate et le principal protagoniste du manga et anim\u00e9 One Piece. Son r\u00eave le plus cher est de devenir le Se\" \/>\n<meta name=\"robots\" content=\"index, follow, max-snippet:-1, max-image-preview:large, max-video-preview:-1\" \/>\n<link rel=\"canonical\" href=\"https:\/\/boutique-one-piece.com\/pt\/figuras-de-acao-de-one-piece\/figuras-de-acao-de-one-piece-wano-kuni\/estatueta-de-uma-peca-luffy-samurai-luta-al-pee-wano-kuni\/\" \/>\n<meta property=\"og:locale\" content=\"pt_PT\" \/>\n<meta property=\"og:type\" content=\"article\" \/>\n<meta property=\"og:title\" content=\"Figurine One Piece Luffy Samoura\u00ef Combat \u00e0 l&#039;&amp;p\u00e9e Wano Kuni | Figurine One Piece \u2013 Boutique One Piece\" \/>\n<meta property=\"og:description\" content=\"Jeune pirate, le moment est venu pour toi de te procurer cette Figurine One Piece Luffy Samoura\u00ef Combat \u00e0 l&#039;\u00e9p\u00e9e Wano Kuni. M\u00eame si Luffy n&#039;est plus \u00e0 pr\u00e9senter, voici ce que tu dois savoir \u00e0 son sujet ; c&#039;est un pirate et le principal protagoniste du manga et anim\u00e9 One Piece. Son r\u00eave le plus cher est de devenir le Se\" \/>\n<meta property=\"og:url\" content=\"https:\/\/boutique-one-piece.com\/pt\/figuras-de-acao-de-one-piece\/figuras-de-acao-de-one-piece-wano-kuni\/estatueta-de-uma-peca-luffy-samurai-luta-al-pee-wano-kuni\/\" \/>\n<meta property=\"og:site_name\" content=\"Boutique One Piece\" \/>\n<meta property=\"article:modified_time\" content=\"2024-10-23T21:36:03+00:00\" \/>\n<meta property=\"og:image\" content=\"https:\/\/boutique-one-piece.com\/wp-content\/uploads\/2022\/09\/Banpresto-dessin-anim-japonais-ONE-PIECE-personnage-de-Collection-THE-Monkey-D-Luffy-Wano-kuni.jpg_Q90.jpg_.jpg\" \/>\n\t<meta property=\"og:image:width\" content=\"800\" \/>\n\t<meta property=\"og:image:height\" content=\"800\" \/>\n\t<meta property=\"og:image:type\" content=\"image\/jpeg\" \/>\n<meta name=\"twitter:card\" content=\"summary_large_image\" \/>\n<meta name=\"twitter:label1\" content=\"Tempo estimado de leitura\" \/>\n\t<meta name=\"twitter:data1\" content=\"2 minutos\" \/>\n<script type=\"application\/ld+json\" class=\"yoast-schema-graph\">{\"@context\":\"https:\\\/\\\/schema.org\",\"@graph\":[{\"@type\":\"WebPage\",\"@id\":\"https:\\\/\\\/boutique-one-piece.com\\\/figurines-one-piece\\\/figurines-one-piece-wano-kuni\\\/figurine-one-piece-luffy-samourai-combat-a-l-pee-wano-kuni\\\/\",\"url\":\"https:\\\/\\\/boutique-one-piece.com\\\/figurines-one-piece\\\/figurines-one-piece-wano-kuni\\\/figurine-one-piece-luffy-samourai-combat-a-l-pee-wano-kuni\\\/\",\"name\":\"Figurine One Piece Luffy Samoura\u00ef Combat \u00e0 l'&p\u00e9e Wano Kuni | Figurine One Piece \u2013 Boutique One Piece\",\"isPartOf\":{\"@id\":\"https:\\\/\\\/boutique-one-piece.com\\\/#website\"},\"primaryImageOfPage\":{\"@id\":\"https:\\\/\\\/boutique-one-piece.com\\\/figurines-one-piece\\\/figurines-one-piece-wano-kuni\\\/figurine-one-piece-luffy-samourai-combat-a-l-pee-wano-kuni\\\/#primaryimage\"},\"image\":{\"@id\":\"https:\\\/\\\/boutique-one-piece.com\\\/figurines-one-piece\\\/figurines-one-piece-wano-kuni\\\/figurine-one-piece-luffy-samourai-combat-a-l-pee-wano-kuni\\\/#primaryimage\"},\"thumbnailUrl\":\"https:\\\/\\\/boutique-one-piece.com\\\/wp-content\\\/uploads\\\/2022\\\/09\\\/Banpresto-dessin-anim-japonais-ONE-PIECE-personnage-de-Collection-THE-Monkey-D-Luffy-Wano-kuni.jpg_Q90.jpg_.jpg\",\"datePublished\":\"2022-09-27T20:43:44+00:00\",\"dateModified\":\"2024-10-23T21:36:03+00:00\",\"description\":\"Jeune pirate, le moment est venu pour toi de te procurer cette Figurine One Piece Luffy Samoura\u00ef Combat \u00e0 l'\u00e9p\u00e9e Wano Kuni. M\u00eame si Luffy n'est plus \u00e0 pr\u00e9senter, voici ce que tu dois savoir \u00e0 son sujet ; c'est un pirate et le principal protagoniste du manga et anim\u00e9 One Piece. Son r\u00eave le plus cher est de devenir le Se\",\"breadcrumb\":{\"@id\":\"https:\\\/\\\/boutique-one-piece.com\\\/figurines-one-piece\\\/figurines-one-piece-wano-kuni\\\/figurine-one-piece-luffy-samourai-combat-a-l-pee-wano-kuni\\\/#breadcrumb\"},\"inLanguage\":\"pt-PT\",\"potentialAction\":[{\"@type\":\"ReadAction\",\"target\":[\"https:\\\/\\\/boutique-one-piece.com\\\/figurines-one-piece\\\/figurines-one-piece-wano-kuni\\\/figurine-one-piece-luffy-samourai-combat-a-l-pee-wano-kuni\\\/\"]}]},{\"@type\":\"ImageObject\",\"inLanguage\":\"pt-PT\",\"@id\":\"https:\\\/\\\/boutique-one-piece.com\\\/figurines-one-piece\\\/figurines-one-piece-wano-kuni\\\/figurine-one-piece-luffy-samourai-combat-a-l-pee-wano-kuni\\\/#primaryimage\",\"url\":\"https:\\\/\\\/boutique-one-piece.com\\\/wp-content\\\/uploads\\\/2022\\\/09\\\/Banpresto-dessin-anim-japonais-ONE-PIECE-personnage-de-Collection-THE-Monkey-D-Luffy-Wano-kuni.jpg_Q90.jpg_.jpg\",\"contentUrl\":\"https:\\\/\\\/boutique-one-piece.com\\\/wp-content\\\/uploads\\\/2022\\\/09\\\/Banpresto-dessin-anim-japonais-ONE-PIECE-personnage-de-Collection-THE-Monkey-D-Luffy-Wano-kuni.jpg_Q90.jpg_.jpg\",\"width\":800,\"height\":800},{\"@type\":\"BreadcrumbList\",\"@id\":\"https:\\\/\\\/boutique-one-piece.com\\\/figurines-one-piece\\\/figurines-one-piece-wano-kuni\\\/figurine-one-piece-luffy-samourai-combat-a-l-pee-wano-kuni\\\/#breadcrumb\",\"itemListElement\":[{\"@type\":\"ListItem\",\"position\":1,\"name\":\"Home\",\"item\":\"https:\\\/\\\/boutique-one-piece.com\\\/\"},{\"@type\":\"ListItem\",\"position\":2,\"name\":\"Shop\",\"item\":\"https:\\\/\\\/boutique-one-piece.com\\\/shop\\\/\"},{\"@type\":\"ListItem\",\"position\":3,\"name\":\"Figurine One Piece Luffy Samoura\u00ef Combat \u00e0 l&#8217;\u00c9p\u00e9e Wano Kuni\"}]},{\"@type\":\"WebSite\",\"@id\":\"https:\\\/\\\/boutique-one-piece.com\\\/#website\",\"url\":\"https:\\\/\\\/boutique-one-piece.com\\\/\",\"name\":\"Boutique One Piece\",\"description\":\"Magasin Sp\u00e9cialis\u00e9 du Manga et l&#039;Anime One Piece\",\"publisher\":{\"@id\":\"https:\\\/\\\/boutique-one-piece.com\\\/#organization\"},\"potentialAction\":[{\"@type\":\"SearchAction\",\"target\":{\"@type\":\"EntryPoint\",\"urlTemplate\":\"https:\\\/\\\/boutique-one-piece.com\\\/?s={search_term_string}\"},\"query-input\":{\"@type\":\"PropertyValueSpecification\",\"valueRequired\":true,\"valueName\":\"search_term_string\"}}],\"inLanguage\":\"pt-PT\"},{\"@type\":\"Organization\",\"@id\":\"https:\\\/\\\/boutique-one-piece.com\\\/#organization\",\"name\":\"Boutique One Piece\",\"url\":\"https:\\\/\\\/boutique-one-piece.com\\\/\",\"logo\":{\"@type\":\"ImageObject\",\"inLanguage\":\"pt-PT\",\"@id\":\"https:\\\/\\\/boutique-one-piece.com\\\/#\\\/schema\\\/logo\\\/image\\\/\",\"url\":\"https:\\\/\\\/boutique-one-piece.com\\\/wp-content\\\/uploads\\\/2022\\\/09\\\/Logo-01.png\",\"contentUrl\":\"https:\\\/\\\/boutique-one-piece.com\\\/wp-content\\\/uploads\\\/2022\\\/09\\\/Logo-01.png\",\"width\":2318,\"height\":957,\"caption\":\"Boutique One Piece\"},\"image\":{\"@id\":\"https:\\\/\\\/boutique-one-piece.com\\\/#\\\/schema\\\/logo\\\/image\\\/\"}}]}<\/script>\n<!-- \/ Yoast SEO plugin. -->","yoast_head_json":{"title":"Figura do Luffy de One Piece lutando com a espada samurai em Wano Kuni | Figura de One Piece \u2013 Loja de One Piece","description":"Jovem pirata, chegou a hora de voc\u00ea colocar as m\u00e3os nesta figura do Luffy lutando com sua espada samurai no Pa\u00eds de Wano, de One Piece. Embora Luffy n\u00e3o precise de apresenta\u00e7\u00f5es, aqui est\u00e1 o que voc\u00ea precisa saber sobre ele: ele \u00e9 um pirata e o protagonista principal do mang\u00e1 e anime One Piece. Seu maior sonho \u00e9 se tornar o Selador.","robots":{"index":"index","follow":"follow","max-snippet":"max-snippet:-1","max-image-preview":"max-image-preview:large","max-video-preview":"max-video-preview:-1"},"canonical":"https:\/\/boutique-one-piece.com\/pt\/figuras-de-acao-de-one-piece\/figuras-de-acao-de-one-piece-wano-kuni\/estatueta-de-uma-peca-luffy-samurai-luta-al-pee-wano-kuni\/","og_locale":"pt_PT","og_type":"article","og_title":"Figurine One Piece Luffy Samoura\u00ef Combat \u00e0 l'&p\u00e9e Wano Kuni | Figurine One Piece \u2013 Boutique One Piece","og_description":"Jeune pirate, le moment est venu pour toi de te procurer cette Figurine One Piece Luffy Samoura\u00ef Combat \u00e0 l'\u00e9p\u00e9e Wano Kuni. M\u00eame si Luffy n'est plus \u00e0 pr\u00e9senter, voici ce que tu dois savoir \u00e0 son sujet ; c'est un pirate et le principal protagoniste du manga et anim\u00e9 One Piece. Son r\u00eave le plus cher est de devenir le Se","og_url":"https:\/\/boutique-one-piece.com\/pt\/figuras-de-acao-de-one-piece\/figuras-de-acao-de-one-piece-wano-kuni\/estatueta-de-uma-peca-luffy-samurai-luta-al-pee-wano-kuni\/","og_site_name":"Boutique One Piece","article_modified_time":"2024-10-23T21:36:03+00:00","og_image":[{"width":800,"height":800,"url":"https:\/\/boutique-one-piece.com\/wp-content\/uploads\/2022\/09\/Banpresto-dessin-anim-japonais-ONE-PIECE-personnage-de-Collection-THE-Monkey-D-Luffy-Wano-kuni.jpg_Q90.jpg_.jpg","type":"image\/jpeg"}],"twitter_card":"summary_large_image","twitter_misc":{"Tempo estimado de leitura":"2 minutos"},"schema":{"@context":"https:\/\/schema.org","@graph":[{"@type":"WebPage","@id":"https:\/\/boutique-one-piece.com\/figurines-one-piece\/figurines-one-piece-wano-kuni\/figurine-one-piece-luffy-samourai-combat-a-l-pee-wano-kuni\/","url":"https:\/\/boutique-one-piece.com\/figurines-one-piece\/figurines-one-piece-wano-kuni\/figurine-one-piece-luffy-samourai-combat-a-l-pee-wano-kuni\/","name":"Figura do Luffy de One Piece lutando com a espada samurai em Wano Kuni | Figura de One Piece \u2013 Loja de One Piece","isPartOf":{"@id":"https:\/\/boutique-one-piece.com\/#website"},"primaryImageOfPage":{"@id":"https:\/\/boutique-one-piece.com\/figurines-one-piece\/figurines-one-piece-wano-kuni\/figurine-one-piece-luffy-samourai-combat-a-l-pee-wano-kuni\/#primaryimage"},"image":{"@id":"https:\/\/boutique-one-piece.com\/figurines-one-piece\/figurines-one-piece-wano-kuni\/figurine-one-piece-luffy-samourai-combat-a-l-pee-wano-kuni\/#primaryimage"},"thumbnailUrl":"https:\/\/boutique-one-piece.com\/wp-content\/uploads\/2022\/09\/Banpresto-dessin-anim-japonais-ONE-PIECE-personnage-de-Collection-THE-Monkey-D-Luffy-Wano-kuni.jpg_Q90.jpg_.jpg","datePublished":"2022-09-27T20:43:44+00:00","dateModified":"2024-10-23T21:36:03+00:00","description":"Jovem pirata, chegou a hora de voc\u00ea colocar as m\u00e3os nesta figura do Luffy lutando com sua espada samurai no Pa\u00eds de Wano, de One Piece. Embora Luffy n\u00e3o precise de apresenta\u00e7\u00f5es, aqui est\u00e1 o que voc\u00ea precisa saber sobre ele: ele \u00e9 um pirata e o protagonista principal do mang\u00e1 e anime One Piece. Seu maior sonho \u00e9 se tornar o Selador.","breadcrumb":{"@id":"https:\/\/boutique-one-piece.com\/figurines-one-piece\/figurines-one-piece-wano-kuni\/figurine-one-piece-luffy-samourai-combat-a-l-pee-wano-kuni\/#breadcrumb"},"inLanguage":"pt-PT","potentialAction":[{"@type":"ReadAction","target":["https:\/\/boutique-one-piece.com\/figurines-one-piece\/figurines-one-piece-wano-kuni\/figurine-one-piece-luffy-samourai-combat-a-l-pee-wano-kuni\/"]}]},{"@type":"ImageObject","inLanguage":"pt-PT","@id":"https:\/\/boutique-one-piece.com\/figurines-one-piece\/figurines-one-piece-wano-kuni\/figurine-one-piece-luffy-samourai-combat-a-l-pee-wano-kuni\/#primaryimage","url":"https:\/\/boutique-one-piece.com\/wp-content\/uploads\/2022\/09\/Banpresto-dessin-anim-japonais-ONE-PIECE-personnage-de-Collection-THE-Monkey-D-Luffy-Wano-kuni.jpg_Q90.jpg_.jpg","contentUrl":"https:\/\/boutique-one-piece.com\/wp-content\/uploads\/2022\/09\/Banpresto-dessin-anim-japonais-ONE-PIECE-personnage-de-Collection-THE-Monkey-D-Luffy-Wano-kuni.jpg_Q90.jpg_.jpg","width":800,"height":800},{"@type":"BreadcrumbList","@id":"https:\/\/boutique-one-piece.com\/figurines-one-piece\/figurines-one-piece-wano-kuni\/figurine-one-piece-luffy-samourai-combat-a-l-pee-wano-kuni\/#breadcrumb","itemListElement":[{"@type":"ListItem","position":1,"name":"Home","item":"https:\/\/boutique-one-piece.com\/"},{"@type":"ListItem","position":2,"name":"Shop","item":"https:\/\/boutique-one-piece.com\/shop\/"},{"@type":"ListItem","position":3,"name":"Figurine One Piece Luffy Samoura\u00ef Combat \u00e0 l&#8217;\u00c9p\u00e9e Wano Kuni"}]},{"@type":"WebSite","@id":"https:\/\/boutique-one-piece.com\/#website","url":"https:\/\/boutique-one-piece.com\/","name":"Loja One Piece","description":"Loja especializada em mang\u00e1 e anime de One Piece.","publisher":{"@id":"https:\/\/boutique-one-piece.com\/#organization"},"potentialAction":[{"@type":"SearchAction","target":{"@type":"EntryPoint","urlTemplate":"https:\/\/boutique-one-piece.com\/?s={search_term_string}"},"query-input":{"@type":"PropertyValueSpecification","valueRequired":true,"valueName":"search_term_string"}}],"inLanguage":"pt-PT"},{"@type":"Organization","@id":"https:\/\/boutique-one-piece.com\/#organization","name":"Loja One Piece","url":"https:\/\/boutique-one-piece.com\/","logo":{"@type":"ImageObject","inLanguage":"pt-PT","@id":"https:\/\/boutique-one-piece.com\/#\/schema\/logo\/image\/","url":"https:\/\/boutique-one-piece.com\/wp-content\/uploads\/2022\/09\/Logo-01.png","contentUrl":"https:\/\/boutique-one-piece.com\/wp-content\/uploads\/2022\/09\/Logo-01.png","width":2318,"height":957,"caption":"Boutique One Piece"},"image":{"@id":"https:\/\/boutique-one-piece.com\/#\/schema\/logo\/image\/"}}]}},"_links":{"self":[{"href":"https:\/\/boutique-one-piece.com\/pt\/wp-json\/wp\/v2\/product\/11848","targetHints":{"allow":["GET"]}}],"collection":[{"href":"https:\/\/boutique-one-piece.com\/pt\/wp-json\/wp\/v2\/product"}],"about":[{"href":"https:\/\/boutique-one-piece.com\/pt\/wp-json\/wp\/v2\/types\/product"}],"replies":[{"embeddable":true,"href":"https:\/\/boutique-one-piece.com\/pt\/wp-json\/wp\/v2\/comments?post=11848"}],"wp:featuredmedia":[{"embeddable":true,"href":"https:\/\/boutique-one-piece.com\/pt\/wp-json\/wp\/v2\/media\/19221"}],"wp:attachment":[{"href":"https:\/\/boutique-one-piece.com\/pt\/wp-json\/wp\/v2\/media?parent=11848"}],"wp:term":[{"taxonomy":"product_brand","embeddable":true,"href":"https:\/\/boutique-one-piece.com\/pt\/wp-json\/wp\/v2\/product_brand?post=11848"},{"taxonomy":"product_cat","embeddable":true,"href":"https:\/\/boutique-one-piece.com\/pt\/wp-json\/wp\/v2\/product_cat?post=11848"},{"taxonomy":"product_tag","embeddable":true,"href":"https:\/\/boutique-one-piece.com\/pt\/wp-json\/wp\/v2\/product_tag?post=11848"}],"curies":[{"name":"wp","href":"https:\/\/api.w.org\/{rel}","templated":true}]}}