{"id":11927,"date":"2022-09-27T20:52:17","date_gmt":"2022-09-27T20:52:17","guid":{"rendered":"https:\/\/boutique-one-piece.com\/uncategorized\/figurine-one-piece-luffy-prochain-roi-des-pirates\/"},"modified":"2024-09-16T12:43:22","modified_gmt":"2024-09-16T12:43:22","slug":"figura-de-acao-do-luffy-de-one-piece-o-proximo-rei-dos-piratas","status":"publish","type":"product","link":"https:\/\/boutique-one-piece.com\/pt\/produtos-de-one-piece\/guloseimas-monkey-d-luffy-one-piece\/figura-de-acao-do-luffy-de-one-piece-o-proximo-rei-dos-piratas\/","title":{"rendered":"Figura de a\u00e7\u00e3o do Luffy de One Piece - O Pr\u00f3ximo Rei dos Piratas"},"content":{"rendered":"<h2>Jovem pirata, chegou a hora de voc\u00ea adquirir esta figura do Luffy, o pr\u00f3ximo Rei dos Piratas de One Piece.<\/h2>\n<p>Tu n\u2019es pas sans savoir que <strong>Luffy<\/strong> \u00e9 um pirata e o principal protagonista do mang\u00e1 e anime One Piece. Seu maior sonho \u00e9 se tornar o Rei dos Piratas encontrando <strong>o lend\u00e1rio tesouro One Piece,<\/strong> Escondido em algum lugar do mundo por Gol D. Roger. O Rei dos Piratas \u00e9 o t\u00edtulo dado a Gol D. Roger por ter conseguido chegar ao fim do mundo, ap\u00f3s conquistar a Grand Line.<\/p>\n<p>Maintenant qu\u2019il est mort, il semble que le titre doit revenir \u00e0 celui qui trouvera son fameux tr\u00e9sor qu\u2019il aurait cach\u00e9, le \u00abOne Piece\u00bb. D\u2019ailleurs, si tu affectionnes particuli\u00e8rement Monkey D Luffy,<a title=\"ONE PIECE DEAD OR ALIVE MUGIWARA NO LUFFY E SUA FIGURA COM CICATRIZ\" href=\"https:\/\/boutique-one-piece.com\/pt\/figura-de-acao-de-one-piece-dead-or-alive-mugiwara-no-luffy-e-sua-cicatriz\/\" target=\"_blank\" rel=\"noopener\">p\u00f4ster de procurado da estatueta do Luffy<\/a> Est\u00e1 ao seu alcance.<\/p>\n<h3>Alors, conquis par la figurine de celui qui veut devenir le prochain Roi des Pirates ? Si tel est le cas, n\u2019h\u00e9site plus et deviens un membre \u00e0 part enti\u00e8re de son \u00e9quipage.<\/h3>\n<p>Seja voc\u00ea um f\u00e3 incondicional ou um colecionador experiente, n\u00e3o precisa procurar mais. Estes itens lend\u00e1rios s\u00e3o definitivamente para voc\u00ea. Perfeitos para presentear, colecionar ou decorar, estes objetos ir\u00e3o enriquecer sua cole\u00e7\u00e3o. <strong>seu universo de One Piece<\/strong>. Alors, n\u2019attends plus et saute sur l\u2019occasion de faire partie de l\u2019\u00e9quipage du chapeau de paille. L\u2019aventure ne fait que commencer,<strong> jovem pirata<\/strong> !<\/p>\n<h2>Informa\u00e7\u00f5es sobre a figura do Luffy: O Pr\u00f3ximo Rei dos Piratas\u00a0<\/h2>\n<ul>\n<li><span><b><u>Figura de a\u00e7\u00e3o de One Piece<\/u><\/b>\u00a0: Figurine\u00a0 premium de l\u2019univers One Piece pour les vrais pirates<\/span><\/li>\n<\/ul>\n<ul>\n<li>\n<b>Mat\u00e9ria<\/b><span>\u00a0<\/span>PVC<\/li>\n<\/ul>\n<ul>\n<li><span><strong>Dimens\u00e3o<\/strong>\u00a0: 20 cm<\/span><\/li>\n<\/ul>\n<ul>\n<li><span><strong>ENTREGA GR\u00c1TIS<\/strong><\/span><\/li>\n<\/ul>","protected":false},"excerpt":{"rendered":"<p>Jeune pirate, le moment est venu pour toi de te procurer cette Figurine One Piece Luffy Prochain Roi Des Pirates. Tu n\u2019es pas sans savoir que Luffy est un pirate et le principal protagoniste du manga et anim\u00e9 One Piece. Son r\u00eave le plus cher est de devenir le Seigneur des Pirates en trouvant le [&hellip;]<\/p>","protected":false},"featured_media":11929,"comment_status":"open","ping_status":"open","template":"","meta":[],"product_brand":[],"product_cat":[181,76,80],"product_tag":[92],"class_list":{"0":"post-11927","1":"product","2":"type-product","3":"status-publish","4":"has-post-thumbnail","6":"product_cat-figurines-monkey-d-luffy","7":"product_cat-figurines-one-piece","8":"product_cat-goodies-monkey-d-luffy-one-piece","9":"product_tag-luffy","11":"first","12":"instock","13":"purchasable","14":"product-type-simple"},"yoast_head":"<!-- This site is optimized with the Yoast SEO plugin v27.5 - https:\/\/yoast.com\/product\/yoast-seo-wordpress\/ -->\n<title>Figurine One Piece Luffy Prochain Roi Des Pirates | Figurine One Piece \u2013 Boutique One Piece<\/title>\n<meta name=\"description\" content=\"Jeune pirate, le moment est venu pour toi de te procurer cette Figurine One Piece Luffy Prochain Roi Des Pirates. Tu n&#039;es pas sans savoir que Luffy est un pirate et le principal protagoniste du manga et anim\u00e9 One Piece. Son r\u00eave le plus cher est de devenir le Seigneur des Pirates en trouvant le tr\u00e9sor l\u00e9gendaire One Pi\" \/>\n<meta name=\"robots\" content=\"index, follow, max-snippet:-1, max-image-preview:large, max-video-preview:-1\" \/>\n<link rel=\"canonical\" href=\"https:\/\/boutique-one-piece.com\/pt\/figuras-de-acao-de-one-piece\/estatuetas-do-monkey-d-luffy\/figura-de-acao-do-luffy-de-one-piece-o-proximo-rei-dos-piratas\/\" \/>\n<meta property=\"og:locale\" content=\"pt_PT\" \/>\n<meta property=\"og:type\" content=\"article\" \/>\n<meta property=\"og:title\" content=\"Figurine One Piece Luffy Prochain Roi Des Pirates | Figurine One Piece \u2013 Boutique One Piece\" \/>\n<meta property=\"og:description\" content=\"Jeune pirate, le moment est venu pour toi de te procurer cette Figurine One Piece Luffy Prochain Roi Des Pirates. Tu n&#039;es pas sans savoir que Luffy est un pirate et le principal protagoniste du manga et anim\u00e9 One Piece. Son r\u00eave le plus cher est de devenir le Seigneur des Pirates en trouvant le tr\u00e9sor l\u00e9gendaire One Pi\" \/>\n<meta property=\"og:url\" content=\"https:\/\/boutique-one-piece.com\/pt\/figuras-de-acao-de-one-piece\/estatuetas-do-monkey-d-luffy\/figura-de-acao-do-luffy-de-one-piece-o-proximo-rei-dos-piratas\/\" \/>\n<meta property=\"og:site_name\" content=\"Boutique One Piece\" \/>\n<meta property=\"article:modified_time\" content=\"2024-09-16T12:43:22+00:00\" \/>\n<meta property=\"og:image\" content=\"https:\/\/boutique-one-piece.com\/wp-content\/uploads\/2022\/09\/Figurine-One-Piece-Luffy-Prochain-Roi-Des-Pirates-1.jpg\" \/>\n\t<meta property=\"og:image:width\" content=\"750\" \/>\n\t<meta property=\"og:image:height\" content=\"750\" \/>\n\t<meta property=\"og:image:type\" content=\"image\/jpeg\" \/>\n<meta name=\"twitter:card\" content=\"summary_large_image\" \/>\n<meta name=\"twitter:label1\" content=\"Tempo estimado de leitura\" \/>\n\t<meta name=\"twitter:data1\" content=\"1 minuto\" \/>\n<script type=\"application\/ld+json\" class=\"yoast-schema-graph\">{\"@context\":\"https:\\\/\\\/schema.org\",\"@graph\":[{\"@type\":\"WebPage\",\"@id\":\"https:\\\/\\\/boutique-one-piece.com\\\/figurines-one-piece\\\/figurines-monkey-d-luffy\\\/figurine-one-piece-luffy-prochain-roi-des-pirates\\\/\",\"url\":\"https:\\\/\\\/boutique-one-piece.com\\\/figurines-one-piece\\\/figurines-monkey-d-luffy\\\/figurine-one-piece-luffy-prochain-roi-des-pirates\\\/\",\"name\":\"Figurine One Piece Luffy Prochain Roi Des Pirates | Figurine One Piece \u2013 Boutique One Piece\",\"isPartOf\":{\"@id\":\"https:\\\/\\\/boutique-one-piece.com\\\/#website\"},\"primaryImageOfPage\":{\"@id\":\"https:\\\/\\\/boutique-one-piece.com\\\/figurines-one-piece\\\/figurines-monkey-d-luffy\\\/figurine-one-piece-luffy-prochain-roi-des-pirates\\\/#primaryimage\"},\"image\":{\"@id\":\"https:\\\/\\\/boutique-one-piece.com\\\/figurines-one-piece\\\/figurines-monkey-d-luffy\\\/figurine-one-piece-luffy-prochain-roi-des-pirates\\\/#primaryimage\"},\"thumbnailUrl\":\"https:\\\/\\\/boutique-one-piece.com\\\/wp-content\\\/uploads\\\/2022\\\/09\\\/Figurine-One-Piece-Luffy-Prochain-Roi-Des-Pirates-1.jpg\",\"datePublished\":\"2022-09-27T20:52:17+00:00\",\"dateModified\":\"2024-09-16T12:43:22+00:00\",\"description\":\"Jeune pirate, le moment est venu pour toi de te procurer cette Figurine One Piece Luffy Prochain Roi Des Pirates. Tu n'es pas sans savoir que Luffy est un pirate et le principal protagoniste du manga et anim\u00e9 One Piece. Son r\u00eave le plus cher est de devenir le Seigneur des Pirates en trouvant le tr\u00e9sor l\u00e9gendaire One Pi\",\"breadcrumb\":{\"@id\":\"https:\\\/\\\/boutique-one-piece.com\\\/figurines-one-piece\\\/figurines-monkey-d-luffy\\\/figurine-one-piece-luffy-prochain-roi-des-pirates\\\/#breadcrumb\"},\"inLanguage\":\"pt-PT\",\"potentialAction\":[{\"@type\":\"ReadAction\",\"target\":[\"https:\\\/\\\/boutique-one-piece.com\\\/figurines-one-piece\\\/figurines-monkey-d-luffy\\\/figurine-one-piece-luffy-prochain-roi-des-pirates\\\/\"]}]},{\"@type\":\"ImageObject\",\"inLanguage\":\"pt-PT\",\"@id\":\"https:\\\/\\\/boutique-one-piece.com\\\/figurines-one-piece\\\/figurines-monkey-d-luffy\\\/figurine-one-piece-luffy-prochain-roi-des-pirates\\\/#primaryimage\",\"url\":\"https:\\\/\\\/boutique-one-piece.com\\\/wp-content\\\/uploads\\\/2022\\\/09\\\/Figurine-One-Piece-Luffy-Prochain-Roi-Des-Pirates-1.jpg\",\"contentUrl\":\"https:\\\/\\\/boutique-one-piece.com\\\/wp-content\\\/uploads\\\/2022\\\/09\\\/Figurine-One-Piece-Luffy-Prochain-Roi-Des-Pirates-1.jpg\",\"width\":750,\"height\":750},{\"@type\":\"BreadcrumbList\",\"@id\":\"https:\\\/\\\/boutique-one-piece.com\\\/figurines-one-piece\\\/figurines-monkey-d-luffy\\\/figurine-one-piece-luffy-prochain-roi-des-pirates\\\/#breadcrumb\",\"itemListElement\":[{\"@type\":\"ListItem\",\"position\":1,\"name\":\"Home\",\"item\":\"https:\\\/\\\/boutique-one-piece.com\\\/\"},{\"@type\":\"ListItem\",\"position\":2,\"name\":\"Shop\",\"item\":\"https:\\\/\\\/boutique-one-piece.com\\\/shop\\\/\"},{\"@type\":\"ListItem\",\"position\":3,\"name\":\"Figurine One Piece Luffy Prochain Roi Des Pirates\"}]},{\"@type\":\"WebSite\",\"@id\":\"https:\\\/\\\/boutique-one-piece.com\\\/#website\",\"url\":\"https:\\\/\\\/boutique-one-piece.com\\\/\",\"name\":\"Boutique One Piece\",\"description\":\"Magasin Sp\u00e9cialis\u00e9 du Manga et l&#039;Anime One Piece\",\"publisher\":{\"@id\":\"https:\\\/\\\/boutique-one-piece.com\\\/#organization\"},\"potentialAction\":[{\"@type\":\"SearchAction\",\"target\":{\"@type\":\"EntryPoint\",\"urlTemplate\":\"https:\\\/\\\/boutique-one-piece.com\\\/?s={search_term_string}\"},\"query-input\":{\"@type\":\"PropertyValueSpecification\",\"valueRequired\":true,\"valueName\":\"search_term_string\"}}],\"inLanguage\":\"pt-PT\"},{\"@type\":\"Organization\",\"@id\":\"https:\\\/\\\/boutique-one-piece.com\\\/#organization\",\"name\":\"Boutique One Piece\",\"url\":\"https:\\\/\\\/boutique-one-piece.com\\\/\",\"logo\":{\"@type\":\"ImageObject\",\"inLanguage\":\"pt-PT\",\"@id\":\"https:\\\/\\\/boutique-one-piece.com\\\/#\\\/schema\\\/logo\\\/image\\\/\",\"url\":\"https:\\\/\\\/boutique-one-piece.com\\\/wp-content\\\/uploads\\\/2022\\\/09\\\/Logo-01.png\",\"contentUrl\":\"https:\\\/\\\/boutique-one-piece.com\\\/wp-content\\\/uploads\\\/2022\\\/09\\\/Logo-01.png\",\"width\":2318,\"height\":957,\"caption\":\"Boutique One Piece\"},\"image\":{\"@id\":\"https:\\\/\\\/boutique-one-piece.com\\\/#\\\/schema\\\/logo\\\/image\\\/\"}}]}<\/script>\n<!-- \/ Yoast SEO plugin. -->","yoast_head_json":{"title":"Figura do Luffy, o Pr\u00f3ximo Rei dos Piratas, de One Piece | Figura de One Piece \u2013 Loja de One Piece","description":"Jovem pirata, chegou a hora de voc\u00ea colocar as m\u00e3os nesta figura do Luffy, o pr\u00f3ximo Rei dos Piratas de One Piece. Voc\u00ea certamente sabe que Luffy \u00e9 um pirata e o protagonista principal do mang\u00e1 e anime One Piece. Seu maior sonho \u00e9 se tornar o Rei dos Piratas encontrando o lend\u00e1rio tesouro, o One Piece.","robots":{"index":"index","follow":"follow","max-snippet":"max-snippet:-1","max-image-preview":"max-image-preview:large","max-video-preview":"max-video-preview:-1"},"canonical":"https:\/\/boutique-one-piece.com\/pt\/figuras-de-acao-de-one-piece\/estatuetas-do-monkey-d-luffy\/figura-de-acao-do-luffy-de-one-piece-o-proximo-rei-dos-piratas\/","og_locale":"pt_PT","og_type":"article","og_title":"Figurine One Piece Luffy Prochain Roi Des Pirates | Figurine One Piece \u2013 Boutique One Piece","og_description":"Jeune pirate, le moment est venu pour toi de te procurer cette Figurine One Piece Luffy Prochain Roi Des Pirates. Tu n'es pas sans savoir que Luffy est un pirate et le principal protagoniste du manga et anim\u00e9 One Piece. Son r\u00eave le plus cher est de devenir le Seigneur des Pirates en trouvant le tr\u00e9sor l\u00e9gendaire One Pi","og_url":"https:\/\/boutique-one-piece.com\/pt\/figuras-de-acao-de-one-piece\/estatuetas-do-monkey-d-luffy\/figura-de-acao-do-luffy-de-one-piece-o-proximo-rei-dos-piratas\/","og_site_name":"Boutique One Piece","article_modified_time":"2024-09-16T12:43:22+00:00","og_image":[{"width":750,"height":750,"url":"https:\/\/boutique-one-piece.com\/wp-content\/uploads\/2022\/09\/Figurine-One-Piece-Luffy-Prochain-Roi-Des-Pirates-1.jpg","type":"image\/jpeg"}],"twitter_card":"summary_large_image","twitter_misc":{"Tempo estimado de leitura":"1 minuto"},"schema":{"@context":"https:\/\/schema.org","@graph":[{"@type":"WebPage","@id":"https:\/\/boutique-one-piece.com\/figurines-one-piece\/figurines-monkey-d-luffy\/figurine-one-piece-luffy-prochain-roi-des-pirates\/","url":"https:\/\/boutique-one-piece.com\/figurines-one-piece\/figurines-monkey-d-luffy\/figurine-one-piece-luffy-prochain-roi-des-pirates\/","name":"Figura do Luffy, o Pr\u00f3ximo Rei dos Piratas, de One Piece | Figura de One Piece \u2013 Loja de One Piece","isPartOf":{"@id":"https:\/\/boutique-one-piece.com\/#website"},"primaryImageOfPage":{"@id":"https:\/\/boutique-one-piece.com\/figurines-one-piece\/figurines-monkey-d-luffy\/figurine-one-piece-luffy-prochain-roi-des-pirates\/#primaryimage"},"image":{"@id":"https:\/\/boutique-one-piece.com\/figurines-one-piece\/figurines-monkey-d-luffy\/figurine-one-piece-luffy-prochain-roi-des-pirates\/#primaryimage"},"thumbnailUrl":"https:\/\/boutique-one-piece.com\/wp-content\/uploads\/2022\/09\/Figurine-One-Piece-Luffy-Prochain-Roi-Des-Pirates-1.jpg","datePublished":"2022-09-27T20:52:17+00:00","dateModified":"2024-09-16T12:43:22+00:00","description":"Jovem pirata, chegou a hora de voc\u00ea colocar as m\u00e3os nesta figura do Luffy, o pr\u00f3ximo Rei dos Piratas de One Piece. Voc\u00ea certamente sabe que Luffy \u00e9 um pirata e o protagonista principal do mang\u00e1 e anime One Piece. Seu maior sonho \u00e9 se tornar o Rei dos Piratas encontrando o lend\u00e1rio tesouro, o One Piece.","breadcrumb":{"@id":"https:\/\/boutique-one-piece.com\/figurines-one-piece\/figurines-monkey-d-luffy\/figurine-one-piece-luffy-prochain-roi-des-pirates\/#breadcrumb"},"inLanguage":"pt-PT","potentialAction":[{"@type":"ReadAction","target":["https:\/\/boutique-one-piece.com\/figurines-one-piece\/figurines-monkey-d-luffy\/figurine-one-piece-luffy-prochain-roi-des-pirates\/"]}]},{"@type":"ImageObject","inLanguage":"pt-PT","@id":"https:\/\/boutique-one-piece.com\/figurines-one-piece\/figurines-monkey-d-luffy\/figurine-one-piece-luffy-prochain-roi-des-pirates\/#primaryimage","url":"https:\/\/boutique-one-piece.com\/wp-content\/uploads\/2022\/09\/Figurine-One-Piece-Luffy-Prochain-Roi-Des-Pirates-1.jpg","contentUrl":"https:\/\/boutique-one-piece.com\/wp-content\/uploads\/2022\/09\/Figurine-One-Piece-Luffy-Prochain-Roi-Des-Pirates-1.jpg","width":750,"height":750},{"@type":"BreadcrumbList","@id":"https:\/\/boutique-one-piece.com\/figurines-one-piece\/figurines-monkey-d-luffy\/figurine-one-piece-luffy-prochain-roi-des-pirates\/#breadcrumb","itemListElement":[{"@type":"ListItem","position":1,"name":"Home","item":"https:\/\/boutique-one-piece.com\/"},{"@type":"ListItem","position":2,"name":"Shop","item":"https:\/\/boutique-one-piece.com\/shop\/"},{"@type":"ListItem","position":3,"name":"Figurine One Piece Luffy Prochain Roi Des Pirates"}]},{"@type":"WebSite","@id":"https:\/\/boutique-one-piece.com\/#website","url":"https:\/\/boutique-one-piece.com\/","name":"Loja One Piece","description":"Loja especializada em mang\u00e1 e anime de One Piece.","publisher":{"@id":"https:\/\/boutique-one-piece.com\/#organization"},"potentialAction":[{"@type":"SearchAction","target":{"@type":"EntryPoint","urlTemplate":"https:\/\/boutique-one-piece.com\/?s={search_term_string}"},"query-input":{"@type":"PropertyValueSpecification","valueRequired":true,"valueName":"search_term_string"}}],"inLanguage":"pt-PT"},{"@type":"Organization","@id":"https:\/\/boutique-one-piece.com\/#organization","name":"Loja One Piece","url":"https:\/\/boutique-one-piece.com\/","logo":{"@type":"ImageObject","inLanguage":"pt-PT","@id":"https:\/\/boutique-one-piece.com\/#\/schema\/logo\/image\/","url":"https:\/\/boutique-one-piece.com\/wp-content\/uploads\/2022\/09\/Logo-01.png","contentUrl":"https:\/\/boutique-one-piece.com\/wp-content\/uploads\/2022\/09\/Logo-01.png","width":2318,"height":957,"caption":"Boutique One Piece"},"image":{"@id":"https:\/\/boutique-one-piece.com\/#\/schema\/logo\/image\/"}}]}},"_links":{"self":[{"href":"https:\/\/boutique-one-piece.com\/pt\/wp-json\/wp\/v2\/product\/11927","targetHints":{"allow":["GET"]}}],"collection":[{"href":"https:\/\/boutique-one-piece.com\/pt\/wp-json\/wp\/v2\/product"}],"about":[{"href":"https:\/\/boutique-one-piece.com\/pt\/wp-json\/wp\/v2\/types\/product"}],"replies":[{"embeddable":true,"href":"https:\/\/boutique-one-piece.com\/pt\/wp-json\/wp\/v2\/comments?post=11927"}],"wp:featuredmedia":[{"embeddable":true,"href":"https:\/\/boutique-one-piece.com\/pt\/wp-json\/wp\/v2\/media\/11929"}],"wp:attachment":[{"href":"https:\/\/boutique-one-piece.com\/pt\/wp-json\/wp\/v2\/media?parent=11927"}],"wp:term":[{"taxonomy":"product_brand","embeddable":true,"href":"https:\/\/boutique-one-piece.com\/pt\/wp-json\/wp\/v2\/product_brand?post=11927"},{"taxonomy":"product_cat","embeddable":true,"href":"https:\/\/boutique-one-piece.com\/pt\/wp-json\/wp\/v2\/product_cat?post=11927"},{"taxonomy":"product_tag","embeddable":true,"href":"https:\/\/boutique-one-piece.com\/pt\/wp-json\/wp\/v2\/product_tag?post=11927"}],"curies":[{"name":"wp","href":"https:\/\/api.w.org\/{rel}","templated":true}]}}