{"id":12088,"date":"2022-09-27T20:53:33","date_gmt":"2022-09-27T20:53:33","guid":{"rendered":"https:\/\/boutique-one-piece.com\/uncategorized\/one-piece-portgas-d-ace-ailes-de-flammes\/"},"modified":"2024-09-16T12:46:46","modified_gmt":"2024-09-16T12:46:46","slug":"one-piece-portgas-d-ace-asas-de-chamas","status":"publish","type":"product","link":"https:\/\/boutique-one-piece.com\/pt\/figuras-de-acao-de-one-piece\/estatuetas-de-portgas-dace\/one-piece-portgas-d-ace-asas-de-chamas\/","title":{"rendered":"Figura de a\u00e7\u00e3o de One Piece: Portgas D. Ace - Asas de Chamas"},"content":{"rendered":"<h2>Jovem pirata, adquira j\u00e1 esta estatueta do Portgas D. Ace com asas de fogo de One Piece.<\/h2>\n<p>Eis o que voc\u00ea precisa saber sobre Ace; Ace comeu o <strong>Mera Mera no Mi<\/strong>, uma Akuma no Mi do tipo <strong>Logia<\/strong>, lui donnant des pouvoirs pyrog\u00e8nes, d\u2019o\u00f9 son surnom d\u2019Ace aux Poings Ardents\u00a0\u00bb. Ace a \u00e9galement fait preuve de son immense puissance en d\u00e9truisant, avec facilit\u00e9 et en un seul coup, plusieurs navires de Baroque Works. Pour certaines raisons, Ace ne se pr\u00e9occupe pas trop de son incapacit\u00e9 \u00e0 nager comme le montre le risque qu\u2019il a pris de se retrouver \u00e0 l\u2019eau lorsqu\u2019il d\u00e9truisit les navires de Baroque Works.<\/p>\n<p>Il manie tr\u00e8s bien son Fruit du D\u00e9mon ; en t\u00e9moigne son embarcation nomm\u00e9e Striker. Il s\u2019agit d\u2019un m\u00e9lange entre une barque et une planche \u00e0 voile qui est propuls\u00e9 par un moteur \u00e0 l\u2019arri\u00e8re, qu\u2019Ace alimente avec ses<strong> chamas<\/strong>. N\u00e9anmoins, \u00eatre compos\u00e9 de feu ne l\u2019a pas prot\u00e9g\u00e9 contre <strong>le pouvoir d\u2019Akainu<\/strong>. Apr\u00e8s sa mort, il a \u00e9t\u00e9 r\u00e9v\u00e9l\u00e9 que les \u00ab\u00a0Poings Ardents\u00a0\u00bb d\u2019Ace avaient la possibilit\u00e9 de r\u00e9duire en cendres des villes. D\u2019ailleurs, la <a title=\"FIGURA DO ACE DE ONE PIECE - CHAMAS NOS PUNHOS\" href=\"https:\/\/boutique-one-piece.com\/pt\/figura-do-ace-de-one-piece-com-punhos-flamejantes\/\" target=\"_blank\" rel=\"noopener\">figurine d\u2019Ace les poings en flamme<\/a> Est\u00e1 ao seu alcance.<\/p>\n<h3>Ent\u00e3o, voc\u00ea se encantou com a figura do Ace? Se sim, junte-se \u00e0 irmandade de Ace, Sabo e Luffy. Voc\u00ea n\u00e3o vai se arrepender!<\/h3>\n<p>Seja voc\u00ea um f\u00e3 de longa data ou um colecionador s\u00e9rio, <strong>esses objetos<\/strong> sont faits pour toi. Saute sur l\u2019occasion de pouvoir agrandir <strong>seu universo de One Piece<\/strong>. Bien des aventures t\u2019attendent jeune pirate !<\/p>\n<h2>Informa\u00e7\u00f5es sobre a estatueta Portgas D. Ace Flame Wings\u00a0<\/h2>\n<ul>\n<li><span><b><u>Figura de a\u00e7\u00e3o de One Piece<\/u><\/b>\u00a0: Figurine\u00a0 premium de l\u2019univers One Piece pour les vrais pirates<\/span><\/li>\n<\/ul>\n<ul>\n<li>\n<b>Mat\u00e9ria<\/b><span>\u00a0<\/span>PVC<\/li>\n<\/ul>\n<ul>\n<li><span><strong>Dimens\u00e3o<\/strong>\u00a0: 28 cm<\/span><\/li>\n<\/ul>\n<ul>\n<li><span><strong>ENTREGA GR\u00c1TIS<\/strong><\/span><\/li>\n<\/ul>","protected":false},"excerpt":{"rendered":"<p>Jeune pirate, procure-toi d\u00e8s maintenant cette Figurine One Piece Portgas D Ace Ailes De Flammes. Voici ce que tu dois savoir au sujet de Ace ; Ace a mang\u00e9 le Mera Mera no Mi, un Fruit du D\u00e9mon de type Logia, lui donnant des pouvoirs pyrog\u00e8nes, d\u2019o\u00f9 son surnom d\u2019Ace aux Poings Ardents\u00a0\u00bb. Ace a [&hellip;]<\/p>","protected":false},"featured_media":12090,"comment_status":"open","ping_status":"open","template":"","meta":[],"product_brand":[],"product_cat":[76,179],"product_tag":[176],"class_list":{"0":"post-12088","1":"product","2":"type-product","3":"status-publish","4":"has-post-thumbnail","6":"product_cat-figurines-one-piece","7":"product_cat-figurines-portgas-d-ace","8":"product_tag-ace","10":"first","11":"instock","12":"purchasable","13":"product-type-simple"},"yoast_head":"<!-- This site is optimized with the Yoast SEO plugin v27.5 - https:\/\/yoast.com\/product\/yoast-seo-wordpress\/ -->\n<title>Figurine One Piece Portgas D Ace Ailes De Flammes | Figurine One Piece \u2013 Boutique One Piece<\/title>\n<meta name=\"description\" content=\"Jeune pirate, procure-toi d\u00e8s maintenant cette Figurine One Piece Portgas D Ace Ailes De Flammes. Voici ce que tu dois savoir au sujet de Ace ; Ace a mang\u00e9 le Mera Mera no Mi, un Fruit du D\u00e9mon de type Logia, lui donnant des pouvoirs pyrog\u00e8nes, d&#039;o\u00f9 son surnom d&#039;Ace aux Poings Ardents&quot;. Ace a \u00e9galement fait preuve de s\" \/>\n<meta name=\"robots\" content=\"index, follow, max-snippet:-1, max-image-preview:large, max-video-preview:-1\" \/>\n<link rel=\"canonical\" href=\"https:\/\/boutique-one-piece.com\/pt\/figuras-de-acao-de-one-piece\/estatuetas-de-portgas-dace\/one-piece-portgas-d-ace-asas-de-chamas\/\" \/>\n<meta property=\"og:locale\" content=\"pt_PT\" \/>\n<meta property=\"og:type\" content=\"article\" \/>\n<meta property=\"og:title\" content=\"Figurine One Piece Portgas D Ace Ailes De Flammes | Figurine One Piece \u2013 Boutique One Piece\" \/>\n<meta property=\"og:description\" content=\"Jeune pirate, procure-toi d\u00e8s maintenant cette Figurine One Piece Portgas D Ace Ailes De Flammes. Voici ce que tu dois savoir au sujet de Ace ; Ace a mang\u00e9 le Mera Mera no Mi, un Fruit du D\u00e9mon de type Logia, lui donnant des pouvoirs pyrog\u00e8nes, d&#039;o\u00f9 son surnom d&#039;Ace aux Poings Ardents&quot;. Ace a \u00e9galement fait preuve de s\" \/>\n<meta property=\"og:url\" content=\"https:\/\/boutique-one-piece.com\/pt\/figuras-de-acao-de-one-piece\/estatuetas-de-portgas-dace\/one-piece-portgas-d-ace-asas-de-chamas\/\" \/>\n<meta property=\"og:site_name\" content=\"Boutique One Piece\" \/>\n<meta property=\"article:modified_time\" content=\"2024-09-16T12:46:46+00:00\" \/>\n<meta property=\"og:image\" content=\"https:\/\/boutique-one-piece.com\/wp-content\/uploads\/2022\/09\/Figurine-One-Piece-Portgas-D-Ace-Ailes-De-Flammes-1.jpg\" \/>\n\t<meta property=\"og:image:width\" content=\"800\" \/>\n\t<meta property=\"og:image:height\" content=\"800\" \/>\n\t<meta property=\"og:image:type\" content=\"image\/jpeg\" \/>\n<meta name=\"twitter:card\" content=\"summary_large_image\" \/>\n<meta name=\"twitter:label1\" content=\"Tempo estimado de leitura\" \/>\n\t<meta name=\"twitter:data1\" content=\"2 minutos\" \/>\n<script type=\"application\/ld+json\" class=\"yoast-schema-graph\">{\"@context\":\"https:\\\/\\\/schema.org\",\"@graph\":[{\"@type\":\"WebPage\",\"@id\":\"https:\\\/\\\/boutique-one-piece.com\\\/figurines-one-piece\\\/figurines-portgas-d-ace\\\/one-piece-portgas-d-ace-ailes-de-flammes\\\/\",\"url\":\"https:\\\/\\\/boutique-one-piece.com\\\/figurines-one-piece\\\/figurines-portgas-d-ace\\\/one-piece-portgas-d-ace-ailes-de-flammes\\\/\",\"name\":\"Figurine One Piece Portgas D Ace Ailes De Flammes | Figurine One Piece \u2013 Boutique One Piece\",\"isPartOf\":{\"@id\":\"https:\\\/\\\/boutique-one-piece.com\\\/#website\"},\"primaryImageOfPage\":{\"@id\":\"https:\\\/\\\/boutique-one-piece.com\\\/figurines-one-piece\\\/figurines-portgas-d-ace\\\/one-piece-portgas-d-ace-ailes-de-flammes\\\/#primaryimage\"},\"image\":{\"@id\":\"https:\\\/\\\/boutique-one-piece.com\\\/figurines-one-piece\\\/figurines-portgas-d-ace\\\/one-piece-portgas-d-ace-ailes-de-flammes\\\/#primaryimage\"},\"thumbnailUrl\":\"https:\\\/\\\/boutique-one-piece.com\\\/wp-content\\\/uploads\\\/2022\\\/09\\\/Figurine-One-Piece-Portgas-D-Ace-Ailes-De-Flammes-1.jpg\",\"datePublished\":\"2022-09-27T20:53:33+00:00\",\"dateModified\":\"2024-09-16T12:46:46+00:00\",\"description\":\"Jeune pirate, procure-toi d\u00e8s maintenant cette Figurine One Piece Portgas D Ace Ailes De Flammes. Voici ce que tu dois savoir au sujet de Ace ; Ace a mang\u00e9 le Mera Mera no Mi, un Fruit du D\u00e9mon de type Logia, lui donnant des pouvoirs pyrog\u00e8nes, d'o\u00f9 son surnom d'Ace aux Poings Ardents\\\". Ace a \u00e9galement fait preuve de s\",\"breadcrumb\":{\"@id\":\"https:\\\/\\\/boutique-one-piece.com\\\/figurines-one-piece\\\/figurines-portgas-d-ace\\\/one-piece-portgas-d-ace-ailes-de-flammes\\\/#breadcrumb\"},\"inLanguage\":\"pt-PT\",\"potentialAction\":[{\"@type\":\"ReadAction\",\"target\":[\"https:\\\/\\\/boutique-one-piece.com\\\/figurines-one-piece\\\/figurines-portgas-d-ace\\\/one-piece-portgas-d-ace-ailes-de-flammes\\\/\"]}]},{\"@type\":\"ImageObject\",\"inLanguage\":\"pt-PT\",\"@id\":\"https:\\\/\\\/boutique-one-piece.com\\\/figurines-one-piece\\\/figurines-portgas-d-ace\\\/one-piece-portgas-d-ace-ailes-de-flammes\\\/#primaryimage\",\"url\":\"https:\\\/\\\/boutique-one-piece.com\\\/wp-content\\\/uploads\\\/2022\\\/09\\\/Figurine-One-Piece-Portgas-D-Ace-Ailes-De-Flammes-1.jpg\",\"contentUrl\":\"https:\\\/\\\/boutique-one-piece.com\\\/wp-content\\\/uploads\\\/2022\\\/09\\\/Figurine-One-Piece-Portgas-D-Ace-Ailes-De-Flammes-1.jpg\",\"width\":800,\"height\":800},{\"@type\":\"BreadcrumbList\",\"@id\":\"https:\\\/\\\/boutique-one-piece.com\\\/figurines-one-piece\\\/figurines-portgas-d-ace\\\/one-piece-portgas-d-ace-ailes-de-flammes\\\/#breadcrumb\",\"itemListElement\":[{\"@type\":\"ListItem\",\"position\":1,\"name\":\"Home\",\"item\":\"https:\\\/\\\/boutique-one-piece.com\\\/\"},{\"@type\":\"ListItem\",\"position\":2,\"name\":\"Shop\",\"item\":\"https:\\\/\\\/boutique-one-piece.com\\\/shop\\\/\"},{\"@type\":\"ListItem\",\"position\":3,\"name\":\"Figurine One Piece Portgas D Ace Ailes De Flammes\"}]},{\"@type\":\"WebSite\",\"@id\":\"https:\\\/\\\/boutique-one-piece.com\\\/#website\",\"url\":\"https:\\\/\\\/boutique-one-piece.com\\\/\",\"name\":\"Boutique One Piece\",\"description\":\"Magasin Sp\u00e9cialis\u00e9 du Manga et l&#039;Anime One Piece\",\"publisher\":{\"@id\":\"https:\\\/\\\/boutique-one-piece.com\\\/#organization\"},\"potentialAction\":[{\"@type\":\"SearchAction\",\"target\":{\"@type\":\"EntryPoint\",\"urlTemplate\":\"https:\\\/\\\/boutique-one-piece.com\\\/?s={search_term_string}\"},\"query-input\":{\"@type\":\"PropertyValueSpecification\",\"valueRequired\":true,\"valueName\":\"search_term_string\"}}],\"inLanguage\":\"pt-PT\"},{\"@type\":\"Organization\",\"@id\":\"https:\\\/\\\/boutique-one-piece.com\\\/#organization\",\"name\":\"Boutique One Piece\",\"url\":\"https:\\\/\\\/boutique-one-piece.com\\\/\",\"logo\":{\"@type\":\"ImageObject\",\"inLanguage\":\"pt-PT\",\"@id\":\"https:\\\/\\\/boutique-one-piece.com\\\/#\\\/schema\\\/logo\\\/image\\\/\",\"url\":\"https:\\\/\\\/boutique-one-piece.com\\\/wp-content\\\/uploads\\\/2022\\\/09\\\/Logo-01.png\",\"contentUrl\":\"https:\\\/\\\/boutique-one-piece.com\\\/wp-content\\\/uploads\\\/2022\\\/09\\\/Logo-01.png\",\"width\":2318,\"height\":957,\"caption\":\"Boutique One Piece\"},\"image\":{\"@id\":\"https:\\\/\\\/boutique-one-piece.com\\\/#\\\/schema\\\/logo\\\/image\\\/\"}}]}<\/script>\n<!-- \/ Yoast SEO plugin. -->","yoast_head_json":{"title":"Figura de a\u00e7\u00e3o de Portgas D. Ace de One Piece com Asas de Chamas | Figura de a\u00e7\u00e3o de One Piece \u2013 Loja de One Piece","description":"Jovem pirata, adquira j\u00e1 a figura do Portgas D. Ace Flame Wings de One Piece! Aqui est\u00e1 o que voc\u00ea precisa saber sobre Ace: Ace comeu a Mera Mera no Mi, uma Akuma no Mi do tipo Logia, que lhe concede o poder de cuspir fogo, da\u00ed seu apelido &quot;Ace Punho de Fogo&quot;. Ace tamb\u00e9m demonstrou...","robots":{"index":"index","follow":"follow","max-snippet":"max-snippet:-1","max-image-preview":"max-image-preview:large","max-video-preview":"max-video-preview:-1"},"canonical":"https:\/\/boutique-one-piece.com\/pt\/figuras-de-acao-de-one-piece\/estatuetas-de-portgas-dace\/one-piece-portgas-d-ace-asas-de-chamas\/","og_locale":"pt_PT","og_type":"article","og_title":"Figurine One Piece Portgas D Ace Ailes De Flammes | Figurine One Piece \u2013 Boutique One Piece","og_description":"Jeune pirate, procure-toi d\u00e8s maintenant cette Figurine One Piece Portgas D Ace Ailes De Flammes. Voici ce que tu dois savoir au sujet de Ace ; Ace a mang\u00e9 le Mera Mera no Mi, un Fruit du D\u00e9mon de type Logia, lui donnant des pouvoirs pyrog\u00e8nes, d'o\u00f9 son surnom d'Ace aux Poings Ardents\". Ace a \u00e9galement fait preuve de s","og_url":"https:\/\/boutique-one-piece.com\/pt\/figuras-de-acao-de-one-piece\/estatuetas-de-portgas-dace\/one-piece-portgas-d-ace-asas-de-chamas\/","og_site_name":"Boutique One Piece","article_modified_time":"2024-09-16T12:46:46+00:00","og_image":[{"width":800,"height":800,"url":"https:\/\/boutique-one-piece.com\/wp-content\/uploads\/2022\/09\/Figurine-One-Piece-Portgas-D-Ace-Ailes-De-Flammes-1.jpg","type":"image\/jpeg"}],"twitter_card":"summary_large_image","twitter_misc":{"Tempo estimado de leitura":"2 minutos"},"schema":{"@context":"https:\/\/schema.org","@graph":[{"@type":"WebPage","@id":"https:\/\/boutique-one-piece.com\/figurines-one-piece\/figurines-portgas-d-ace\/one-piece-portgas-d-ace-ailes-de-flammes\/","url":"https:\/\/boutique-one-piece.com\/figurines-one-piece\/figurines-portgas-d-ace\/one-piece-portgas-d-ace-ailes-de-flammes\/","name":"Figura de a\u00e7\u00e3o de Portgas D. Ace de One Piece com Asas de Chamas | Figura de a\u00e7\u00e3o de One Piece \u2013 Loja de One Piece","isPartOf":{"@id":"https:\/\/boutique-one-piece.com\/#website"},"primaryImageOfPage":{"@id":"https:\/\/boutique-one-piece.com\/figurines-one-piece\/figurines-portgas-d-ace\/one-piece-portgas-d-ace-ailes-de-flammes\/#primaryimage"},"image":{"@id":"https:\/\/boutique-one-piece.com\/figurines-one-piece\/figurines-portgas-d-ace\/one-piece-portgas-d-ace-ailes-de-flammes\/#primaryimage"},"thumbnailUrl":"https:\/\/boutique-one-piece.com\/wp-content\/uploads\/2022\/09\/Figurine-One-Piece-Portgas-D-Ace-Ailes-De-Flammes-1.jpg","datePublished":"2022-09-27T20:53:33+00:00","dateModified":"2024-09-16T12:46:46+00:00","description":"Jovem pirata, adquira j\u00e1 a figura do Portgas D. Ace Flame Wings de One Piece! Aqui est\u00e1 o que voc\u00ea precisa saber sobre Ace: Ace comeu a Mera Mera no Mi, uma Akuma no Mi do tipo Logia, que lhe concede o poder de cuspir fogo, da\u00ed seu apelido &quot;Ace Punho de Fogo&quot;. Ace tamb\u00e9m demonstrou...","breadcrumb":{"@id":"https:\/\/boutique-one-piece.com\/figurines-one-piece\/figurines-portgas-d-ace\/one-piece-portgas-d-ace-ailes-de-flammes\/#breadcrumb"},"inLanguage":"pt-PT","potentialAction":[{"@type":"ReadAction","target":["https:\/\/boutique-one-piece.com\/figurines-one-piece\/figurines-portgas-d-ace\/one-piece-portgas-d-ace-ailes-de-flammes\/"]}]},{"@type":"ImageObject","inLanguage":"pt-PT","@id":"https:\/\/boutique-one-piece.com\/figurines-one-piece\/figurines-portgas-d-ace\/one-piece-portgas-d-ace-ailes-de-flammes\/#primaryimage","url":"https:\/\/boutique-one-piece.com\/wp-content\/uploads\/2022\/09\/Figurine-One-Piece-Portgas-D-Ace-Ailes-De-Flammes-1.jpg","contentUrl":"https:\/\/boutique-one-piece.com\/wp-content\/uploads\/2022\/09\/Figurine-One-Piece-Portgas-D-Ace-Ailes-De-Flammes-1.jpg","width":800,"height":800},{"@type":"BreadcrumbList","@id":"https:\/\/boutique-one-piece.com\/figurines-one-piece\/figurines-portgas-d-ace\/one-piece-portgas-d-ace-ailes-de-flammes\/#breadcrumb","itemListElement":[{"@type":"ListItem","position":1,"name":"Home","item":"https:\/\/boutique-one-piece.com\/"},{"@type":"ListItem","position":2,"name":"Shop","item":"https:\/\/boutique-one-piece.com\/shop\/"},{"@type":"ListItem","position":3,"name":"Figurine One Piece Portgas D Ace Ailes De Flammes"}]},{"@type":"WebSite","@id":"https:\/\/boutique-one-piece.com\/#website","url":"https:\/\/boutique-one-piece.com\/","name":"Loja One Piece","description":"Loja especializada em mang\u00e1 e anime de One Piece.","publisher":{"@id":"https:\/\/boutique-one-piece.com\/#organization"},"potentialAction":[{"@type":"SearchAction","target":{"@type":"EntryPoint","urlTemplate":"https:\/\/boutique-one-piece.com\/?s={search_term_string}"},"query-input":{"@type":"PropertyValueSpecification","valueRequired":true,"valueName":"search_term_string"}}],"inLanguage":"pt-PT"},{"@type":"Organization","@id":"https:\/\/boutique-one-piece.com\/#organization","name":"Loja One Piece","url":"https:\/\/boutique-one-piece.com\/","logo":{"@type":"ImageObject","inLanguage":"pt-PT","@id":"https:\/\/boutique-one-piece.com\/#\/schema\/logo\/image\/","url":"https:\/\/boutique-one-piece.com\/wp-content\/uploads\/2022\/09\/Logo-01.png","contentUrl":"https:\/\/boutique-one-piece.com\/wp-content\/uploads\/2022\/09\/Logo-01.png","width":2318,"height":957,"caption":"Boutique One Piece"},"image":{"@id":"https:\/\/boutique-one-piece.com\/#\/schema\/logo\/image\/"}}]}},"_links":{"self":[{"href":"https:\/\/boutique-one-piece.com\/pt\/wp-json\/wp\/v2\/product\/12088","targetHints":{"allow":["GET"]}}],"collection":[{"href":"https:\/\/boutique-one-piece.com\/pt\/wp-json\/wp\/v2\/product"}],"about":[{"href":"https:\/\/boutique-one-piece.com\/pt\/wp-json\/wp\/v2\/types\/product"}],"replies":[{"embeddable":true,"href":"https:\/\/boutique-one-piece.com\/pt\/wp-json\/wp\/v2\/comments?post=12088"}],"wp:featuredmedia":[{"embeddable":true,"href":"https:\/\/boutique-one-piece.com\/pt\/wp-json\/wp\/v2\/media\/12090"}],"wp:attachment":[{"href":"https:\/\/boutique-one-piece.com\/pt\/wp-json\/wp\/v2\/media?parent=12088"}],"wp:term":[{"taxonomy":"product_brand","embeddable":true,"href":"https:\/\/boutique-one-piece.com\/pt\/wp-json\/wp\/v2\/product_brand?post=12088"},{"taxonomy":"product_cat","embeddable":true,"href":"https:\/\/boutique-one-piece.com\/pt\/wp-json\/wp\/v2\/product_cat?post=12088"},{"taxonomy":"product_tag","embeddable":true,"href":"https:\/\/boutique-one-piece.com\/pt\/wp-json\/wp\/v2\/product_tag?post=12088"}],"curies":[{"name":"wp","href":"https:\/\/api.w.org\/{rel}","templated":true}]}}